{"id":2485,"date":"2025-04-15T08:50:03","date_gmt":"2025-04-15T06:50:03","guid":{"rendered":"https:\/\/www.siestagarden.com\/?post_type=product&#038;p=2485"},"modified":"2026-02-26T07:21:09","modified_gmt":"2026-02-26T06:21:09","slug":"stol-farmerski-23m-rustic-z-drewna-10-osobowy","status":"publish","type":"product","link":"https:\/\/www.siestagarden.com\/de\/produkt\/stol-farmerski-23m-rustic-z-drewna-10-osobowy\/","title":{"rendered":"Rustic Farmer's Holztisch f\u00fcr 10-Sitzer 2,3m"},"content":{"rendered":"<p><strong>Rustic Farmer's Table 2,3 m - Ein M\u00f6belst\u00fcck, das sich vor nichts f\u00fcrchtet<\/strong><\/p>\n<p>Wenn Sie einen Tisch suchen, der jahrelang h\u00e4lt - und zwar nicht nur f\u00fcr den Gebrauch, sondern f\u00fcr robuste Feste - ist der Rustic Farmer's 2,3m die Antwort. Er ist der am meisten <strong>stabiler und solider Tisch<\/strong> in unserer gesamten Rustic-Kollektion. Es wird erfolgreich unterbringen<strong> 10 Personen<\/strong>und sein Design bittet um<strong> Familienfeiern, Zusammenk\u00fcnfte mit Freunden und unvergessliche Abende bei Kerzenschein<\/strong> (Oder Tischtanz - ernsthaft, er kann es!).<\/p>\n<p>Obere L\u00e4nge <strong>230 cm<\/strong> wird unterst\u00fctzt von <strong>gerade Beine<\/strong> o extrem <strong>dicke Bretter<\/strong>die nicht nur solide aussehen - <strong>sie sind solide<\/strong>. Die M\u00f6bel wackeln nicht, verschieben sich nicht und geben nicht nach - egal, ob Sie sie auf der Terrasse, dem Rasen oder der gepflasterten Veranda aufstellen.<\/p>\n<p>Das gesamte St\u00fcck ist aus FSC\u00ae-Kiefernholz aus verantwortungsvoller Forstwirtschaft gefertigt und so behandelt, dass es Regen, Sonne und dem t\u00e4glichen Gebrauch standh\u00e4lt. Mit der Zeit nimmt das Holz eine elegante silbergraue Patina an, die seinen rustikalen Charme und seine nat\u00fcrliche Sch\u00f6nheit unterstreicht.<\/p>\n<p>\u2714\ufe0f <strong>L\u00e4nge 2,3 m<\/strong> - bequem f\u00fcr 10 Personen<\/p>\n<p>\u2714\ufe0f <strong>Der stabilste Tisch der gesamten Rustic-Kollektion<\/strong><\/p>\n<p>\u2714\ufe0f <strong>Gerade, solide Beine<\/strong> - au\u00dfergew\u00f6hnliche Haltbarkeit<\/p>\n<p>\u2714\ufe0f <strong>Hergestellt aus FSC\u00ae-Holz<\/strong> - verantwortungsvolle Auswahl<\/p>\n<p>\u2714\ufe0f <strong>Impr\u00e4gniert<\/strong> - bereit f\u00fcr jedes Wetter<\/p>\n<p>\u2714\ufe0f <strong>Stilvolles, rustikales Aussehen<\/strong> - wird mit der Zeit edler<\/p>\n<p>\u2714\ufe0f<strong> Passend zu den Rustic-B\u00e4nken und anderen Massivholzplatten der Serie<\/strong><\/p>\n<p>\u2714\ufe0f <strong>Geliefert zur Selbstmontage<\/strong><\/p>\n<p><strong>Farmer's Table 2.3m Rustikal<\/strong> ist nicht nur ein Tisch. Es ist <strong>Veranstaltungszentrum<\/strong>, <strong>eine B\u00fchne f\u00fcr gemeinsame Momente, und der st\u00e4rkste Punkt des Gartens<\/strong> - w\u00f6rtlich und im \u00fcbertragenen Sinne.<\/p>","protected":false},"excerpt":{"rendered":"<p>Rustic St\u00f3\u0142 Farmerski 2,3 m \u2013 Mebel, kt\u00f3ry niczego si\u0119 nie boi Je\u015bli szukasz sto\u0142u, kt\u00f3ry przetrwa lata \u2013 i to nie tylko u\u017cytkowania, ale i solidnych biesiad \u2013 Rustic Farmerski 2,3 m jest odpowiedzi\u0105. To najbardziej stabilny i masywny st\u00f3\u0142 w ca\u0142ej naszej kolekcji Rustic. Z powodzeniem pomie\u015bci 10 os\u00f3b, a jego konstrukcja a\u017c [&hellip;]<\/p>\n","protected":false},"featured_media":2486,"template":"","meta":{"_acf_changed":false},"product_brand":[],"product_cat":[71],"product_tag":[85],"class_list":{"0":"post-2485","1":"product","2":"type-product","3":"status-publish","4":"has-post-thumbnail","6":"product_cat-stoly-i-stoliki","7":"product_tag-kolekcja-rustic","8":"product_shipping_class-podstawowa","10":"first","11":"onbackorder","12":"taxable","13":"shipping-taxable","14":"purchasable","15":"product-type-simple","16":"add-to-wishlist-after_add_to_cart"},"acf":[],"yoast_head":"<!-- This site is optimized with the Yoast SEO plugin v26.6 - https:\/\/yoast.com\/wordpress\/plugins\/seo\/ -->\n<title>St\u00f3\u0142 Farmerski 2,3m Rustic z drewna 10-osobowy - Siesta Garden<\/title>\n<meta name=\"robots\" content=\"index, follow, max-snippet:-1, max-image-preview:large, max-video-preview:-1\" \/>\n<link rel=\"canonical\" href=\"https:\/\/www.siestagarden.com\/de\/produkt\/stol-farmerski-23m-rustic-z-drewna-10-osobowy\/\" \/>\n<meta property=\"og:locale\" content=\"de_DE\" \/>\n<meta property=\"og:type\" content=\"article\" \/>\n<meta property=\"og:title\" content=\"St\u00f3\u0142 Farmerski 2,3m Rustic z drewna 10-osobowy - Siesta Garden\" \/>\n<meta property=\"og:description\" content=\"Rustic St\u00f3\u0142 Farmerski 2,3 m \u2013 Mebel, kt\u00f3ry niczego si\u0119 nie boi Je\u015bli szukasz sto\u0142u, kt\u00f3ry przetrwa lata \u2013 i to nie tylko u\u017cytkowania, ale i solidnych biesiad \u2013 Rustic Farmerski 2,3 m jest odpowiedzi\u0105. To najbardziej stabilny i masywny st\u00f3\u0142 w ca\u0142ej naszej kolekcji Rustic. Z powodzeniem pomie\u015bci 10 os\u00f3b, a jego konstrukcja a\u017c [&hellip;]\" \/>\n<meta property=\"og:url\" content=\"https:\/\/www.siestagarden.com\/de\/produkt\/stol-farmerski-23m-rustic-z-drewna-10-osobowy\/\" \/>\n<meta property=\"og:site_name\" content=\"Siesta Garden\" \/>\n<meta property=\"article:modified_time\" content=\"2026-02-26T06:21:09+00:00\" \/>\n<meta property=\"og:image\" content=\"https:\/\/www.siestagarden.com\/wp-content\/uploads\/2025\/04\/IMG_0269_CMYK_300dpi-1.jpg\" \/>\n\t<meta property=\"og:image:width\" content=\"800\" \/>\n\t<meta property=\"og:image:height\" content=\"524\" \/>\n\t<meta property=\"og:image:type\" content=\"image\/jpeg\" \/>\n<meta name=\"twitter:card\" content=\"summary_large_image\" \/>\n<meta name=\"twitter:label1\" content=\"Gesch\u00e4tzte Lesezeit\" \/>\n\t<meta name=\"twitter:data1\" content=\"2\u00a0Minuten\" \/>\n<script type=\"application\/ld+json\" class=\"yoast-schema-graph\">{\"@context\":\"https:\/\/schema.org\",\"@graph\":[{\"@type\":\"WebPage\",\"@id\":\"https:\/\/www.siestagarden.com\/produkt\/stol-farmerski-23m-rustic-z-drewna-10-osobowy\/\",\"url\":\"https:\/\/www.siestagarden.com\/produkt\/stol-farmerski-23m-rustic-z-drewna-10-osobowy\/\",\"name\":\"St\u00f3\u0142 Farmerski 2,3m Rustic z drewna 10-osobowy - Siesta Garden\",\"isPartOf\":{\"@id\":\"https:\/\/www.siestagarden.com\/#website\"},\"primaryImageOfPage\":{\"@id\":\"https:\/\/www.siestagarden.com\/produkt\/stol-farmerski-23m-rustic-z-drewna-10-osobowy\/#primaryimage\"},\"image\":{\"@id\":\"https:\/\/www.siestagarden.com\/produkt\/stol-farmerski-23m-rustic-z-drewna-10-osobowy\/#primaryimage\"},\"thumbnailUrl\":\"https:\/\/www.siestagarden.com\/wp-content\/uploads\/2025\/04\/IMG_0269_CMYK_300dpi-1.jpg\",\"datePublished\":\"2025-04-15T06:50:03+00:00\",\"dateModified\":\"2026-02-26T06:21:09+00:00\",\"breadcrumb\":{\"@id\":\"https:\/\/www.siestagarden.com\/produkt\/stol-farmerski-23m-rustic-z-drewna-10-osobowy\/#breadcrumb\"},\"inLanguage\":\"de\",\"potentialAction\":[{\"@type\":\"ReadAction\",\"target\":[\"https:\/\/www.siestagarden.com\/produkt\/stol-farmerski-23m-rustic-z-drewna-10-osobowy\/\"]}]},{\"@type\":\"ImageObject\",\"inLanguage\":\"de\",\"@id\":\"https:\/\/www.siestagarden.com\/produkt\/stol-farmerski-23m-rustic-z-drewna-10-osobowy\/#primaryimage\",\"url\":\"https:\/\/www.siestagarden.com\/wp-content\/uploads\/2025\/04\/IMG_0269_CMYK_300dpi-1.jpg\",\"contentUrl\":\"https:\/\/www.siestagarden.com\/wp-content\/uploads\/2025\/04\/IMG_0269_CMYK_300dpi-1.jpg\",\"width\":800,\"height\":524},{\"@type\":\"BreadcrumbList\",\"@id\":\"https:\/\/www.siestagarden.com\/produkt\/stol-farmerski-23m-rustic-z-drewna-10-osobowy\/#breadcrumb\",\"itemListElement\":[{\"@type\":\"ListItem\",\"position\":1,\"name\":\"Strona g\u0142\u00f3wna\",\"item\":\"https:\/\/www.siestagarden.com\/\"},{\"@type\":\"ListItem\",\"position\":2,\"name\":\"Sklep\",\"item\":\"https:\/\/www.siestagarden.com\/sklep\/\"},{\"@type\":\"ListItem\",\"position\":3,\"name\":\"St\u00f3\u0142 Farmerski 2,3m Rustic z drewna 10-osobowy\"}]},{\"@type\":\"WebSite\",\"@id\":\"https:\/\/www.siestagarden.com\/#website\",\"url\":\"https:\/\/www.siestagarden.com\/\",\"name\":\"Siesta Garden\",\"description\":\"Meble do Twojego ogrodu. Polski producent drewnianych mebli najwy\u017cszej jako\u015bci.\",\"potentialAction\":[{\"@type\":\"SearchAction\",\"target\":{\"@type\":\"EntryPoint\",\"urlTemplate\":\"https:\/\/www.siestagarden.com\/?s={search_term_string}\"},\"query-input\":{\"@type\":\"PropertyValueSpecification\",\"valueRequired\":true,\"valueName\":\"search_term_string\"}}],\"inLanguage\":\"de\"}]}<\/script>\n<!-- \/ Yoast SEO plugin. -->","yoast_head_json":{"title":"St\u00f3\u0142 Farmerski 2,3m Rustic z drewna 10-osobowy - Siesta Garden","robots":{"index":"index","follow":"follow","max-snippet":"max-snippet:-1","max-image-preview":"max-image-preview:large","max-video-preview":"max-video-preview:-1"},"canonical":"https:\/\/www.siestagarden.com\/de\/produkt\/stol-farmerski-23m-rustic-z-drewna-10-osobowy\/","og_locale":"de_DE","og_type":"article","og_title":"St\u00f3\u0142 Farmerski 2,3m Rustic z drewna 10-osobowy - Siesta Garden","og_description":"Rustic St\u00f3\u0142 Farmerski 2,3 m \u2013 Mebel, kt\u00f3ry niczego si\u0119 nie boi Je\u015bli szukasz sto\u0142u, kt\u00f3ry przetrwa lata \u2013 i to nie tylko u\u017cytkowania, ale i solidnych biesiad \u2013 Rustic Farmerski 2,3 m jest odpowiedzi\u0105. To najbardziej stabilny i masywny st\u00f3\u0142 w ca\u0142ej naszej kolekcji Rustic. Z powodzeniem pomie\u015bci 10 os\u00f3b, a jego konstrukcja a\u017c [&hellip;]","og_url":"https:\/\/www.siestagarden.com\/de\/produkt\/stol-farmerski-23m-rustic-z-drewna-10-osobowy\/","og_site_name":"Siesta Garden","article_modified_time":"2026-02-26T06:21:09+00:00","og_image":[{"width":800,"height":524,"url":"https:\/\/www.siestagarden.com\/wp-content\/uploads\/2025\/04\/IMG_0269_CMYK_300dpi-1.jpg","type":"image\/jpeg"}],"twitter_card":"summary_large_image","twitter_misc":{"Gesch\u00e4tzte Lesezeit":"2\u00a0Minuten"},"schema":{"@context":"https:\/\/schema.org","@graph":[{"@type":"WebPage","@id":"https:\/\/www.siestagarden.com\/produkt\/stol-farmerski-23m-rustic-z-drewna-10-osobowy\/","url":"https:\/\/www.siestagarden.com\/produkt\/stol-farmerski-23m-rustic-z-drewna-10-osobowy\/","name":"St\u00f3\u0142 Farmerski 2,3m Rustic z drewna 10-osobowy - Siesta Garden","isPartOf":{"@id":"https:\/\/www.siestagarden.com\/#website"},"primaryImageOfPage":{"@id":"https:\/\/www.siestagarden.com\/produkt\/stol-farmerski-23m-rustic-z-drewna-10-osobowy\/#primaryimage"},"image":{"@id":"https:\/\/www.siestagarden.com\/produkt\/stol-farmerski-23m-rustic-z-drewna-10-osobowy\/#primaryimage"},"thumbnailUrl":"https:\/\/www.siestagarden.com\/wp-content\/uploads\/2025\/04\/IMG_0269_CMYK_300dpi-1.jpg","datePublished":"2025-04-15T06:50:03+00:00","dateModified":"2026-02-26T06:21:09+00:00","breadcrumb":{"@id":"https:\/\/www.siestagarden.com\/produkt\/stol-farmerski-23m-rustic-z-drewna-10-osobowy\/#breadcrumb"},"inLanguage":"de","potentialAction":[{"@type":"ReadAction","target":["https:\/\/www.siestagarden.com\/produkt\/stol-farmerski-23m-rustic-z-drewna-10-osobowy\/"]}]},{"@type":"ImageObject","inLanguage":"de","@id":"https:\/\/www.siestagarden.com\/produkt\/stol-farmerski-23m-rustic-z-drewna-10-osobowy\/#primaryimage","url":"https:\/\/www.siestagarden.com\/wp-content\/uploads\/2025\/04\/IMG_0269_CMYK_300dpi-1.jpg","contentUrl":"https:\/\/www.siestagarden.com\/wp-content\/uploads\/2025\/04\/IMG_0269_CMYK_300dpi-1.jpg","width":800,"height":524},{"@type":"BreadcrumbList","@id":"https:\/\/www.siestagarden.com\/produkt\/stol-farmerski-23m-rustic-z-drewna-10-osobowy\/#breadcrumb","itemListElement":[{"@type":"ListItem","position":1,"name":"Strona g\u0142\u00f3wna","item":"https:\/\/www.siestagarden.com\/"},{"@type":"ListItem","position":2,"name":"Sklep","item":"https:\/\/www.siestagarden.com\/sklep\/"},{"@type":"ListItem","position":3,"name":"St\u00f3\u0142 Farmerski 2,3m Rustic z drewna 10-osobowy"}]},{"@type":"WebSite","@id":"https:\/\/www.siestagarden.com\/#website","url":"https:\/\/www.siestagarden.com\/","name":"Siesta Garten","description":"M\u00f6bel f\u00fcr Ihren Garten. Polnischen Hersteller von Holzm\u00f6beln von h\u00f6chster Qualit\u00e4t.","potentialAction":[{"@type":"SearchAction","target":{"@type":"EntryPoint","urlTemplate":"https:\/\/www.siestagarden.com\/?s={search_term_string}"},"query-input":{"@type":"PropertyValueSpecification","valueRequired":true,"valueName":"search_term_string"}}],"inLanguage":"de"}]}},"_links":{"self":[{"href":"https:\/\/www.siestagarden.com\/de\/wp-json\/wp\/v2\/product\/2485","targetHints":{"allow":["GET"]}}],"collection":[{"href":"https:\/\/www.siestagarden.com\/de\/wp-json\/wp\/v2\/product"}],"about":[{"href":"https:\/\/www.siestagarden.com\/de\/wp-json\/wp\/v2\/types\/product"}],"wp:featuredmedia":[{"embeddable":true,"href":"https:\/\/www.siestagarden.com\/de\/wp-json\/wp\/v2\/media\/2486"}],"wp:attachment":[{"href":"https:\/\/www.siestagarden.com\/de\/wp-json\/wp\/v2\/media?parent=2485"}],"wp:term":[{"taxonomy":"product_brand","embeddable":true,"href":"https:\/\/www.siestagarden.com\/de\/wp-json\/wp\/v2\/product_brand?post=2485"},{"taxonomy":"product_cat","embeddable":true,"href":"https:\/\/www.siestagarden.com\/de\/wp-json\/wp\/v2\/product_cat?post=2485"},{"taxonomy":"product_tag","embeddable":true,"href":"https:\/\/www.siestagarden.com\/de\/wp-json\/wp\/v2\/product_tag?post=2485"}],"curies":[{"name":"wp","href":"https:\/\/api.w.org\/{rel}","templated":true}]}}