{"id":2511,"date":"2025-04-15T10:38:40","date_gmt":"2025-04-15T08:38:40","guid":{"rendered":"https:\/\/www.siestagarden.com\/?post_type=product&#038;p=2511"},"modified":"2026-03-03T07:58:16","modified_gmt":"2026-03-03T06:58:16","slug":"okragly-stol-piknikowy-o-11m-picnic-8os-z-drewna","status":"publish","type":"product","link":"https:\/\/www.siestagarden.com\/de\/produkt\/okragly-stol-piknikowy-o-11m-picnic-8os-z-drewna\/","title":{"rendered":"Runder Picknicktisch \u00d8 1,1m Picknick 8 Sitzer aus Holz"},"content":{"rendered":"<p><strong>\u00d8 1,1m Runder Picknick-Tisch<\/strong> - Begegnungen, die Menschen an einen Tisch bringen<\/p>\n<p>Es gibt kein geselligeres M\u00f6belst\u00fcck als<strong> runder Picknicktisch<\/strong> - ist eine Form, die nat\u00fcrlich <strong>f\u00f6rdert das Gespr\u00e4ch, den Austausch und die gemeinsame Zeit<\/strong>. Ein Modell aus der Picnic-Kollektion ist so konzipiert, dass ein einzelner Tisch <strong>bietet bequem Platz f\u00fcr bis zu 8 Personen<\/strong>ohne die Notwendigkeit, zu schalten oder sich um Kurven zu quetschen\".<\/p>\n<p>Eine Tischplatte mit einem Durchmesser von 110 cm bietet ausreichend Platz f\u00fcr alles: <strong>Von Kaffee und Croissants am Morgen \u00fcber ein Picknick mit den Kindern bis hin zu einem Grillabend oder einem Mittagessen im Garten wie in einem Pub.<\/strong><\/p>\n<p>Der Tisch ist aus massivem Kiefernholz gefertigt und mit einem<strong> FSC\u00ae-zertifiziert<\/strong>die aus verantwortungsvoll bewirtschafteten W\u00e4ldern stammen. Die Bretter von <strong>32 mm dick<\/strong> nicht nur garantieren<strong> Robustheit und Stabilit\u00e4t, aber auch die Langlebigkeit der Struktur.<\/strong> Das Holz wurde mit der Schutzklasse 3 impr\u00e4gniert, was den h\u00f6chsten Schutz gegen wechselnde Witterungsbedingungen bedeutet. <strong>Sie k\u00f6nnen es das ganze Jahr \u00fcber drau\u00dfen stehen lassen<\/strong>.<\/p>\n<p>Jedes St\u00fcck ist mit speziellen Schrauben und Metallkupplungen versehen, die es erm\u00f6glichen, die Struktur im Laufe der Zeit zu straffen, wenn das Holz im Garten nat\u00fcrlich \"arbeitet\". Dies ist eine clevere L\u00f6sung, um eine lange Lebensdauer zu gew\u00e4hrleisten, ohne die M\u00f6bel ersetzen zu m\u00fcssen.<\/p>\n<p>Der Tisch wird in einem Flat-Pack geliefert - leicht selbst zusammenzubauen, mit klaren Anweisungen und Markierungen.<\/p>\n<p>\u2714\ufe0f <strong>Platz f\u00fcr 8 Personen<\/strong> - ideal f\u00fcr Familienessen und Treffen mit Freunden<\/p>\n<p>\u2714\ufe0f <strong>Tischplatte mit einem Durchmesser von 110 cm<\/strong> - komfortabler, zentraler Raum f\u00fcr alle<\/p>\n<p>\u2714\ufe0f <strong>FSC\u00ae-zertifiziertes Kiefernholz<\/strong> - mit Respekt vor der Natur<\/p>\n<p>\u2714\ufe0f <strong>Impr\u00e4gnierung bis zur Kategorie 3<\/strong> - ganzj\u00e4hrige Witterungsbest\u00e4ndigkeit<\/p>\n<p>\u2714\ufe0f <strong>32 mm dicke Bretter<\/strong> - au\u00dfergew\u00f6hnliche Robustheit und Langlebigkeit<\/p>\n<p>\u2714\ufe0f <strong>Schrauben und Kupplungen<\/strong> - kann w\u00e4hrend der Nutzung gewartet und gestrafft werden<\/p>\n<p>\u2714\ufe0f <strong>Geliefert als Paket<\/strong> - f\u00fcr die Selbstmontage<\/p>\n<p>Der runde Picknicktisch Picnic ist nicht nur eine praktische L\u00f6sung - er ist eine Einladung, Zeit miteinander zu verbringen, im Geiste der Einfachheit, des Komforts und der Qualit\u00e4t, die \u00fcber Jahre hinweg erhalten bleibt.<\/p>","protected":false},"excerpt":{"rendered":"<p>Okr\u0105g\u0142y st\u00f3\u0142 piknikowy \u00d8 1,1m Picnic \u2013 Spotkania, kt\u00f3re \u0142\u0105cz\u0105 przy jednym stole Nie ma bardziej towarzyskiego mebla ni\u017c okr\u0105g\u0142y st\u00f3\u0142 piknikowy \u2013 to forma, kt\u00f3ra naturalnie sprzyja rozmowie, dzieleniu si\u0119 i sp\u0119dzaniu czasu razem. Model z kolekcji Picnic zosta\u0142 zaprojektowany tak, aby przy jednym stole mog\u0142o wygodnie usi\u0105\u015b\u0107 a\u017c 8 os\u00f3b, bez potrzeby przesiadania [&hellip;]<\/p>\n","protected":false},"featured_media":2512,"template":"","meta":{"_acf_changed":false},"product_brand":[],"product_cat":[66],"product_tag":[88],"class_list":{"0":"post-2511","1":"product","2":"type-product","3":"status-publish","4":"has-post-thumbnail","6":"product_cat-stoly-piknikowe","7":"product_tag-kolekcja-picnic","8":"product_shipping_class-podstawowa","10":"first","11":"onbackorder","12":"taxable","13":"shipping-taxable","14":"purchasable","15":"product-type-simple","16":"add-to-wishlist-after_add_to_cart"},"acf":[],"yoast_head":"<!-- This site is optimized with the Yoast SEO plugin v26.6 - https:\/\/yoast.com\/wordpress\/plugins\/seo\/ -->\n<title>Okr\u0105g\u0142y st\u00f3\u0142 piknikowy \u00d8 1,1m Picnic 8os. z drewna - Siesta Garden<\/title>\n<meta name=\"robots\" content=\"index, follow, max-snippet:-1, max-image-preview:large, max-video-preview:-1\" \/>\n<link rel=\"canonical\" href=\"https:\/\/www.siestagarden.com\/de\/produkt\/okragly-stol-piknikowy-o-11m-picnic-8os-z-drewna\/\" \/>\n<meta property=\"og:locale\" content=\"de_DE\" \/>\n<meta property=\"og:type\" content=\"article\" \/>\n<meta property=\"og:title\" content=\"Okr\u0105g\u0142y st\u00f3\u0142 piknikowy \u00d8 1,1m Picnic 8os. z drewna - Siesta Garden\" \/>\n<meta property=\"og:description\" content=\"Okr\u0105g\u0142y st\u00f3\u0142 piknikowy \u00d8 1,1m Picnic \u2013 Spotkania, kt\u00f3re \u0142\u0105cz\u0105 przy jednym stole Nie ma bardziej towarzyskiego mebla ni\u017c okr\u0105g\u0142y st\u00f3\u0142 piknikowy \u2013 to forma, kt\u00f3ra naturalnie sprzyja rozmowie, dzieleniu si\u0119 i sp\u0119dzaniu czasu razem. Model z kolekcji Picnic zosta\u0142 zaprojektowany tak, aby przy jednym stole mog\u0142o wygodnie usi\u0105\u015b\u0107 a\u017c 8 os\u00f3b, bez potrzeby przesiadania [&hellip;]\" \/>\n<meta property=\"og:url\" content=\"https:\/\/www.siestagarden.com\/de\/produkt\/okragly-stol-piknikowy-o-11m-picnic-8os-z-drewna\/\" \/>\n<meta property=\"og:site_name\" content=\"Siesta Garden\" \/>\n<meta property=\"article:modified_time\" content=\"2026-03-03T06:58:16+00:00\" \/>\n<meta property=\"og:image\" content=\"https:\/\/www.siestagarden.com\/wp-content\/uploads\/2025\/04\/IMG_3532.jpg\" \/>\n\t<meta property=\"og:image:width\" content=\"567\" \/>\n\t<meta property=\"og:image:height\" content=\"850\" \/>\n\t<meta property=\"og:image:type\" content=\"image\/jpeg\" \/>\n<meta name=\"twitter:card\" content=\"summary_large_image\" \/>\n<meta name=\"twitter:label1\" content=\"Gesch\u00e4tzte Lesezeit\" \/>\n\t<meta name=\"twitter:data1\" content=\"2\u00a0Minuten\" \/>\n<script type=\"application\/ld+json\" class=\"yoast-schema-graph\">{\"@context\":\"https:\/\/schema.org\",\"@graph\":[{\"@type\":\"WebPage\",\"@id\":\"https:\/\/www.siestagarden.com\/produkt\/okragly-stol-piknikowy-o-11m-picnic-8os-z-drewna\/\",\"url\":\"https:\/\/www.siestagarden.com\/produkt\/okragly-stol-piknikowy-o-11m-picnic-8os-z-drewna\/\",\"name\":\"Okr\u0105g\u0142y st\u00f3\u0142 piknikowy \u00d8 1,1m Picnic 8os. z drewna - Siesta Garden\",\"isPartOf\":{\"@id\":\"https:\/\/www.siestagarden.com\/#website\"},\"primaryImageOfPage\":{\"@id\":\"https:\/\/www.siestagarden.com\/produkt\/okragly-stol-piknikowy-o-11m-picnic-8os-z-drewna\/#primaryimage\"},\"image\":{\"@id\":\"https:\/\/www.siestagarden.com\/produkt\/okragly-stol-piknikowy-o-11m-picnic-8os-z-drewna\/#primaryimage\"},\"thumbnailUrl\":\"https:\/\/www.siestagarden.com\/wp-content\/uploads\/2025\/04\/IMG_3532.jpg\",\"datePublished\":\"2025-04-15T08:38:40+00:00\",\"dateModified\":\"2026-03-03T06:58:16+00:00\",\"breadcrumb\":{\"@id\":\"https:\/\/www.siestagarden.com\/produkt\/okragly-stol-piknikowy-o-11m-picnic-8os-z-drewna\/#breadcrumb\"},\"inLanguage\":\"de\",\"potentialAction\":[{\"@type\":\"ReadAction\",\"target\":[\"https:\/\/www.siestagarden.com\/produkt\/okragly-stol-piknikowy-o-11m-picnic-8os-z-drewna\/\"]}]},{\"@type\":\"ImageObject\",\"inLanguage\":\"de\",\"@id\":\"https:\/\/www.siestagarden.com\/produkt\/okragly-stol-piknikowy-o-11m-picnic-8os-z-drewna\/#primaryimage\",\"url\":\"https:\/\/www.siestagarden.com\/wp-content\/uploads\/2025\/04\/IMG_3532.jpg\",\"contentUrl\":\"https:\/\/www.siestagarden.com\/wp-content\/uploads\/2025\/04\/IMG_3532.jpg\",\"width\":567,\"height\":850},{\"@type\":\"BreadcrumbList\",\"@id\":\"https:\/\/www.siestagarden.com\/produkt\/okragly-stol-piknikowy-o-11m-picnic-8os-z-drewna\/#breadcrumb\",\"itemListElement\":[{\"@type\":\"ListItem\",\"position\":1,\"name\":\"Strona g\u0142\u00f3wna\",\"item\":\"https:\/\/www.siestagarden.com\/\"},{\"@type\":\"ListItem\",\"position\":2,\"name\":\"Sklep\",\"item\":\"https:\/\/www.siestagarden.com\/sklep\/\"},{\"@type\":\"ListItem\",\"position\":3,\"name\":\"Okr\u0105g\u0142y st\u00f3\u0142 piknikowy \u00d8 1,1m Picnic 8os. z drewna\"}]},{\"@type\":\"WebSite\",\"@id\":\"https:\/\/www.siestagarden.com\/#website\",\"url\":\"https:\/\/www.siestagarden.com\/\",\"name\":\"Siesta Garden\",\"description\":\"Meble do Twojego ogrodu. Polski producent drewnianych mebli najwy\u017cszej jako\u015bci.\",\"potentialAction\":[{\"@type\":\"SearchAction\",\"target\":{\"@type\":\"EntryPoint\",\"urlTemplate\":\"https:\/\/www.siestagarden.com\/?s={search_term_string}\"},\"query-input\":{\"@type\":\"PropertyValueSpecification\",\"valueRequired\":true,\"valueName\":\"search_term_string\"}}],\"inLanguage\":\"de\"}]}<\/script>\n<!-- \/ Yoast SEO plugin. -->","yoast_head_json":{"title":"Okr\u0105g\u0142y st\u00f3\u0142 piknikowy \u00d8 1,1m Picnic 8os. z drewna - Siesta Garden","robots":{"index":"index","follow":"follow","max-snippet":"max-snippet:-1","max-image-preview":"max-image-preview:large","max-video-preview":"max-video-preview:-1"},"canonical":"https:\/\/www.siestagarden.com\/de\/produkt\/okragly-stol-piknikowy-o-11m-picnic-8os-z-drewna\/","og_locale":"de_DE","og_type":"article","og_title":"Okr\u0105g\u0142y st\u00f3\u0142 piknikowy \u00d8 1,1m Picnic 8os. z drewna - Siesta Garden","og_description":"Okr\u0105g\u0142y st\u00f3\u0142 piknikowy \u00d8 1,1m Picnic \u2013 Spotkania, kt\u00f3re \u0142\u0105cz\u0105 przy jednym stole Nie ma bardziej towarzyskiego mebla ni\u017c okr\u0105g\u0142y st\u00f3\u0142 piknikowy \u2013 to forma, kt\u00f3ra naturalnie sprzyja rozmowie, dzieleniu si\u0119 i sp\u0119dzaniu czasu razem. Model z kolekcji Picnic zosta\u0142 zaprojektowany tak, aby przy jednym stole mog\u0142o wygodnie usi\u0105\u015b\u0107 a\u017c 8 os\u00f3b, bez potrzeby przesiadania [&hellip;]","og_url":"https:\/\/www.siestagarden.com\/de\/produkt\/okragly-stol-piknikowy-o-11m-picnic-8os-z-drewna\/","og_site_name":"Siesta Garden","article_modified_time":"2026-03-03T06:58:16+00:00","og_image":[{"width":567,"height":850,"url":"https:\/\/www.siestagarden.com\/wp-content\/uploads\/2025\/04\/IMG_3532.jpg","type":"image\/jpeg"}],"twitter_card":"summary_large_image","twitter_misc":{"Gesch\u00e4tzte Lesezeit":"2\u00a0Minuten"},"schema":{"@context":"https:\/\/schema.org","@graph":[{"@type":"WebPage","@id":"https:\/\/www.siestagarden.com\/produkt\/okragly-stol-piknikowy-o-11m-picnic-8os-z-drewna\/","url":"https:\/\/www.siestagarden.com\/produkt\/okragly-stol-piknikowy-o-11m-picnic-8os-z-drewna\/","name":"Okr\u0105g\u0142y st\u00f3\u0142 piknikowy \u00d8 1,1m Picnic 8os. z drewna - Siesta Garden","isPartOf":{"@id":"https:\/\/www.siestagarden.com\/#website"},"primaryImageOfPage":{"@id":"https:\/\/www.siestagarden.com\/produkt\/okragly-stol-piknikowy-o-11m-picnic-8os-z-drewna\/#primaryimage"},"image":{"@id":"https:\/\/www.siestagarden.com\/produkt\/okragly-stol-piknikowy-o-11m-picnic-8os-z-drewna\/#primaryimage"},"thumbnailUrl":"https:\/\/www.siestagarden.com\/wp-content\/uploads\/2025\/04\/IMG_3532.jpg","datePublished":"2025-04-15T08:38:40+00:00","dateModified":"2026-03-03T06:58:16+00:00","breadcrumb":{"@id":"https:\/\/www.siestagarden.com\/produkt\/okragly-stol-piknikowy-o-11m-picnic-8os-z-drewna\/#breadcrumb"},"inLanguage":"de","potentialAction":[{"@type":"ReadAction","target":["https:\/\/www.siestagarden.com\/produkt\/okragly-stol-piknikowy-o-11m-picnic-8os-z-drewna\/"]}]},{"@type":"ImageObject","inLanguage":"de","@id":"https:\/\/www.siestagarden.com\/produkt\/okragly-stol-piknikowy-o-11m-picnic-8os-z-drewna\/#primaryimage","url":"https:\/\/www.siestagarden.com\/wp-content\/uploads\/2025\/04\/IMG_3532.jpg","contentUrl":"https:\/\/www.siestagarden.com\/wp-content\/uploads\/2025\/04\/IMG_3532.jpg","width":567,"height":850},{"@type":"BreadcrumbList","@id":"https:\/\/www.siestagarden.com\/produkt\/okragly-stol-piknikowy-o-11m-picnic-8os-z-drewna\/#breadcrumb","itemListElement":[{"@type":"ListItem","position":1,"name":"Strona g\u0142\u00f3wna","item":"https:\/\/www.siestagarden.com\/"},{"@type":"ListItem","position":2,"name":"Sklep","item":"https:\/\/www.siestagarden.com\/sklep\/"},{"@type":"ListItem","position":3,"name":"Okr\u0105g\u0142y st\u00f3\u0142 piknikowy \u00d8 1,1m Picnic 8os. z drewna"}]},{"@type":"WebSite","@id":"https:\/\/www.siestagarden.com\/#website","url":"https:\/\/www.siestagarden.com\/","name":"Siesta Garten","description":"M\u00f6bel f\u00fcr Ihren Garten. Polnischen Hersteller von Holzm\u00f6beln von h\u00f6chster Qualit\u00e4t.","potentialAction":[{"@type":"SearchAction","target":{"@type":"EntryPoint","urlTemplate":"https:\/\/www.siestagarden.com\/?s={search_term_string}"},"query-input":{"@type":"PropertyValueSpecification","valueRequired":true,"valueName":"search_term_string"}}],"inLanguage":"de"}]}},"_links":{"self":[{"href":"https:\/\/www.siestagarden.com\/de\/wp-json\/wp\/v2\/product\/2511","targetHints":{"allow":["GET"]}}],"collection":[{"href":"https:\/\/www.siestagarden.com\/de\/wp-json\/wp\/v2\/product"}],"about":[{"href":"https:\/\/www.siestagarden.com\/de\/wp-json\/wp\/v2\/types\/product"}],"wp:featuredmedia":[{"embeddable":true,"href":"https:\/\/www.siestagarden.com\/de\/wp-json\/wp\/v2\/media\/2512"}],"wp:attachment":[{"href":"https:\/\/www.siestagarden.com\/de\/wp-json\/wp\/v2\/media?parent=2511"}],"wp:term":[{"taxonomy":"product_brand","embeddable":true,"href":"https:\/\/www.siestagarden.com\/de\/wp-json\/wp\/v2\/product_brand?post=2511"},{"taxonomy":"product_cat","embeddable":true,"href":"https:\/\/www.siestagarden.com\/de\/wp-json\/wp\/v2\/product_cat?post=2511"},{"taxonomy":"product_tag","embeddable":true,"href":"https:\/\/www.siestagarden.com\/de\/wp-json\/wp\/v2\/product_tag?post=2511"}],"curies":[{"name":"wp","href":"https:\/\/api.w.org\/{rel}","templated":true}]}}