{"id":2556,"date":"2025-04-15T12:03:51","date_gmt":"2025-04-15T10:03:51","guid":{"rendered":"https:\/\/www.siestagarden.com\/?post_type=product&#038;p=2556"},"modified":"2026-03-03T07:57:27","modified_gmt":"2026-03-03T06:57:27","slug":"okragly-stol-piknikowy-o-1-m-picnic-4os-z-drewna","status":"publish","type":"product","link":"https:\/\/www.siestagarden.com\/de\/produkt\/okragly-stol-piknikowy-o-1-m-picnic-4os-z-drewna\/","title":{"rendered":"Runder Picknicktisch \u00d8 1 m Picknick 4-Personen Holztisch"},"content":{"rendered":"<p><strong>Runder Picknicktisch \u00d8 1 m - Ein Klassiker in einer kompakten 4-Sitzer-Version<\/strong><\/p>\n<p><strong>Runder Picknicktisch \u00d8 1 m<\/strong> ist das kompakteste Modell der<strong> Picknick-Kollektion<\/strong>konzipiert f\u00fcr kleinere R\u00e4ume, in denen jeder Zentimeter z\u00e4hlt. <strong>keine Kompromisse bei Robustheit und Komfort<\/strong>. Dank seiner Ergonomie und Langlebigkeit ist er perfekt f\u00fcr die<strong> Kneipen, Caf\u00e9s, Balkone, kleine Terrassen, Spielpl\u00e4tze oder G\u00e4rten von Schulen und Kinderg\u00e4rten.<\/strong><\/p>\n<p><strong>Gesamtabmessungen:<\/strong> 1640 \u00d7 1120 \u00d7 745 mm (L \u00d7 B \u00d7 H)<\/p>\n<p><strong>Oberer Durchmesser:<\/strong> 1010 mm<\/p>\n<p>Wie die gr\u00f6\u00dferen Modelle der gleichen Serie ist der Tisch aus massivem <strong>FSC\u00ae-zertifiziertes Kiefernholz<\/strong>die aus verantwortungsvoll bewirtschafteten W\u00e4ldern stammen. Die Dicke der verwendeten Bretter betr\u00e4gt bis zu <strong>41 mm<\/strong>Dies gew\u00e4hrleistet maximale Stabilit\u00e4t und Widerstandsf\u00e4higkeit bei intensiver Nutzung.<\/p>\n<p>Das Holz wurde <strong>impr\u00e4gniert nach Schutzklasse 3.<\/strong>was h\u00f6chste Witterungsbest\u00e4ndigkeit bedeutet - d<strong>Regen, Sonne, Temperaturschwankungen<\/strong>. Der Tisch kann das ganze Jahr \u00fcber sicher verwendet werden, <strong>ohne sie nach der Saison verstecken zu m\u00fcssen.<\/strong><\/p>\n<p>Bei der Konstruktion werden Stahlschrauben und Metallkupplungen verwendet, die es erm\u00f6glichen, das M\u00f6belst\u00fcck festzuziehen, w\u00e4hrend das Holz auf nat\u00fcrliche Weise im Freien \"arbeitet\" - eine L\u00f6sung, die seine Lebensdauer erheblich verl\u00e4ngert.<\/p>\n<p>Der Tisch wird zerlegt geliefert (zur Selbstmontage) - komplett mit Beschl\u00e4gen und Anleitung.<\/p>\n<p>\u2714\ufe0f <strong>4 Sitze<\/strong> - ideal f\u00fcr kleine R\u00e4ume<\/p>\n<p>\u2714\ufe0f <strong>Oberer Durchmesser:<\/strong> 1010 mm<\/p>\n<p>\u2714\ufe0f <strong>Gesamtabmessungen:<\/strong> 1640 \u00d7 1120 \u00d7 745 mm<\/p>\n<p>\u2714\ufe0f <strong>41 mm dicke Platten<\/strong> - au\u00dfergew\u00f6hnliche Haltbarkeit<\/p>\n<p>\u2714\ufe0f <strong>FSC\u00ae-Kiefernholz<\/strong> - verantwortungsvolle Herkunft<\/p>\n<p>\u2714\ufe0f <strong>Impr\u00e4gnierung bis zur Kategorie 3<\/strong> - Allwettertauglichkeit<\/p>\n<p>\u2714\ufe0f <strong>Kupplungen und Bolzen aus Stahl<\/strong> - kann gewartet und gestrafft werden<\/p>\n<p>\u2714\ufe0f<strong> Lieferung per Paket<\/strong> - schnelle und einfache Installation<\/p>\n<p>Der runde Picknicktisch \u00d8 1 m ist ein kleines M\u00f6belst\u00fcck mit gro\u00dfen M\u00f6glichkeiten - kompakt, robust und bereit f\u00fcr eine intensive Nutzung unter allen Bedingungen.<\/p>","protected":false},"excerpt":{"rendered":"<p>Okr\u0105g\u0142y st\u00f3\u0142 piknikowy \u00d8 1 m \u2013 Klasyka w kompaktowej wersji 4-osobowej Okr\u0105g\u0142y st\u00f3\u0142 piknikowy \u00d8 1 m to najbardziej kompaktowy model w kolekcji Picnic, stworzony z my\u015bl\u0105 o mniejszych przestrzeniach, w kt\u00f3rych liczy si\u0119 ka\u017cdy centymetr \u2013 bez kompromis\u00f3w na solidno\u015bci i komforcie. Dzi\u0119ki swojej ergonomii i trwa\u0142o\u015bci, doskonale sprawdzi si\u0119 w pubach, kawiarniach, [&hellip;]<\/p>\n","protected":false},"featured_media":2560,"template":"","meta":{"_acf_changed":false},"product_brand":[],"product_cat":[66],"product_tag":[88],"class_list":{"0":"post-2556","1":"product","2":"type-product","3":"status-publish","4":"has-post-thumbnail","6":"product_cat-stoly-piknikowe","7":"product_tag-kolekcja-picnic","8":"product_shipping_class-podstawowa","10":"first","11":"onbackorder","12":"taxable","13":"shipping-taxable","14":"purchasable","15":"product-type-simple","16":"add-to-wishlist-after_add_to_cart"},"acf":[],"yoast_head":"<!-- This site is optimized with the Yoast SEO plugin v26.6 - https:\/\/yoast.com\/wordpress\/plugins\/seo\/ -->\n<title>Okr\u0105g\u0142y st\u00f3\u0142 piknikowy \u00d8 1 m Picnic 4os. z drewna - Siesta Garden<\/title>\n<meta name=\"robots\" content=\"index, follow, max-snippet:-1, max-image-preview:large, max-video-preview:-1\" \/>\n<link rel=\"canonical\" href=\"https:\/\/www.siestagarden.com\/de\/produkt\/okragly-stol-piknikowy-o-1-m-picnic-4os-z-drewna\/\" \/>\n<meta property=\"og:locale\" content=\"de_DE\" \/>\n<meta property=\"og:type\" content=\"article\" \/>\n<meta property=\"og:title\" content=\"Okr\u0105g\u0142y st\u00f3\u0142 piknikowy \u00d8 1 m Picnic 4os. z drewna - Siesta Garden\" \/>\n<meta property=\"og:description\" content=\"Okr\u0105g\u0142y st\u00f3\u0142 piknikowy \u00d8 1 m \u2013 Klasyka w kompaktowej wersji 4-osobowej Okr\u0105g\u0142y st\u00f3\u0142 piknikowy \u00d8 1 m to najbardziej kompaktowy model w kolekcji Picnic, stworzony z my\u015bl\u0105 o mniejszych przestrzeniach, w kt\u00f3rych liczy si\u0119 ka\u017cdy centymetr \u2013 bez kompromis\u00f3w na solidno\u015bci i komforcie. Dzi\u0119ki swojej ergonomii i trwa\u0142o\u015bci, doskonale sprawdzi si\u0119 w pubach, kawiarniach, [&hellip;]\" \/>\n<meta property=\"og:url\" content=\"https:\/\/www.siestagarden.com\/de\/produkt\/okragly-stol-piknikowy-o-1-m-picnic-4os-z-drewna\/\" \/>\n<meta property=\"og:site_name\" content=\"Siesta Garden\" \/>\n<meta property=\"article:modified_time\" content=\"2026-03-03T06:57:27+00:00\" \/>\n<meta property=\"og:image\" content=\"https:\/\/www.siestagarden.com\/wp-content\/uploads\/2025\/04\/IMG_3237.jpg\" \/>\n\t<meta property=\"og:image:width\" content=\"1275\" \/>\n\t<meta property=\"og:image:height\" content=\"850\" \/>\n\t<meta property=\"og:image:type\" content=\"image\/jpeg\" \/>\n<meta name=\"twitter:card\" content=\"summary_large_image\" \/>\n<meta name=\"twitter:label1\" content=\"Gesch\u00e4tzte Lesezeit\" \/>\n\t<meta name=\"twitter:data1\" content=\"2\u00a0Minuten\" \/>\n<script type=\"application\/ld+json\" class=\"yoast-schema-graph\">{\"@context\":\"https:\/\/schema.org\",\"@graph\":[{\"@type\":\"WebPage\",\"@id\":\"https:\/\/www.siestagarden.com\/produkt\/okragly-stol-piknikowy-o-1-m-picnic-4os-z-drewna\/\",\"url\":\"https:\/\/www.siestagarden.com\/produkt\/okragly-stol-piknikowy-o-1-m-picnic-4os-z-drewna\/\",\"name\":\"Okr\u0105g\u0142y st\u00f3\u0142 piknikowy \u00d8 1 m Picnic 4os. z drewna - Siesta Garden\",\"isPartOf\":{\"@id\":\"https:\/\/www.siestagarden.com\/#website\"},\"primaryImageOfPage\":{\"@id\":\"https:\/\/www.siestagarden.com\/produkt\/okragly-stol-piknikowy-o-1-m-picnic-4os-z-drewna\/#primaryimage\"},\"image\":{\"@id\":\"https:\/\/www.siestagarden.com\/produkt\/okragly-stol-piknikowy-o-1-m-picnic-4os-z-drewna\/#primaryimage\"},\"thumbnailUrl\":\"https:\/\/www.siestagarden.com\/wp-content\/uploads\/2025\/04\/IMG_3237.jpg\",\"datePublished\":\"2025-04-15T10:03:51+00:00\",\"dateModified\":\"2026-03-03T06:57:27+00:00\",\"breadcrumb\":{\"@id\":\"https:\/\/www.siestagarden.com\/produkt\/okragly-stol-piknikowy-o-1-m-picnic-4os-z-drewna\/#breadcrumb\"},\"inLanguage\":\"de\",\"potentialAction\":[{\"@type\":\"ReadAction\",\"target\":[\"https:\/\/www.siestagarden.com\/produkt\/okragly-stol-piknikowy-o-1-m-picnic-4os-z-drewna\/\"]}]},{\"@type\":\"ImageObject\",\"inLanguage\":\"de\",\"@id\":\"https:\/\/www.siestagarden.com\/produkt\/okragly-stol-piknikowy-o-1-m-picnic-4os-z-drewna\/#primaryimage\",\"url\":\"https:\/\/www.siestagarden.com\/wp-content\/uploads\/2025\/04\/IMG_3237.jpg\",\"contentUrl\":\"https:\/\/www.siestagarden.com\/wp-content\/uploads\/2025\/04\/IMG_3237.jpg\",\"width\":1275,\"height\":850},{\"@type\":\"BreadcrumbList\",\"@id\":\"https:\/\/www.siestagarden.com\/produkt\/okragly-stol-piknikowy-o-1-m-picnic-4os-z-drewna\/#breadcrumb\",\"itemListElement\":[{\"@type\":\"ListItem\",\"position\":1,\"name\":\"Strona g\u0142\u00f3wna\",\"item\":\"https:\/\/www.siestagarden.com\/\"},{\"@type\":\"ListItem\",\"position\":2,\"name\":\"Sklep\",\"item\":\"https:\/\/www.siestagarden.com\/sklep\/\"},{\"@type\":\"ListItem\",\"position\":3,\"name\":\"Okr\u0105g\u0142y st\u00f3\u0142 piknikowy \u00d8 1 m Picnic 4os. z drewna\"}]},{\"@type\":\"WebSite\",\"@id\":\"https:\/\/www.siestagarden.com\/#website\",\"url\":\"https:\/\/www.siestagarden.com\/\",\"name\":\"Siesta Garden\",\"description\":\"Meble do Twojego ogrodu. Polski producent drewnianych mebli najwy\u017cszej jako\u015bci.\",\"potentialAction\":[{\"@type\":\"SearchAction\",\"target\":{\"@type\":\"EntryPoint\",\"urlTemplate\":\"https:\/\/www.siestagarden.com\/?s={search_term_string}\"},\"query-input\":{\"@type\":\"PropertyValueSpecification\",\"valueRequired\":true,\"valueName\":\"search_term_string\"}}],\"inLanguage\":\"de\"}]}<\/script>\n<!-- \/ Yoast SEO plugin. -->","yoast_head_json":{"title":"Okr\u0105g\u0142y st\u00f3\u0142 piknikowy \u00d8 1 m Picnic 4os. z drewna - Siesta Garden","robots":{"index":"index","follow":"follow","max-snippet":"max-snippet:-1","max-image-preview":"max-image-preview:large","max-video-preview":"max-video-preview:-1"},"canonical":"https:\/\/www.siestagarden.com\/de\/produkt\/okragly-stol-piknikowy-o-1-m-picnic-4os-z-drewna\/","og_locale":"de_DE","og_type":"article","og_title":"Okr\u0105g\u0142y st\u00f3\u0142 piknikowy \u00d8 1 m Picnic 4os. z drewna - Siesta Garden","og_description":"Okr\u0105g\u0142y st\u00f3\u0142 piknikowy \u00d8 1 m \u2013 Klasyka w kompaktowej wersji 4-osobowej Okr\u0105g\u0142y st\u00f3\u0142 piknikowy \u00d8 1 m to najbardziej kompaktowy model w kolekcji Picnic, stworzony z my\u015bl\u0105 o mniejszych przestrzeniach, w kt\u00f3rych liczy si\u0119 ka\u017cdy centymetr \u2013 bez kompromis\u00f3w na solidno\u015bci i komforcie. Dzi\u0119ki swojej ergonomii i trwa\u0142o\u015bci, doskonale sprawdzi si\u0119 w pubach, kawiarniach, [&hellip;]","og_url":"https:\/\/www.siestagarden.com\/de\/produkt\/okragly-stol-piknikowy-o-1-m-picnic-4os-z-drewna\/","og_site_name":"Siesta Garden","article_modified_time":"2026-03-03T06:57:27+00:00","og_image":[{"width":1275,"height":850,"url":"https:\/\/www.siestagarden.com\/wp-content\/uploads\/2025\/04\/IMG_3237.jpg","type":"image\/jpeg"}],"twitter_card":"summary_large_image","twitter_misc":{"Gesch\u00e4tzte Lesezeit":"2\u00a0Minuten"},"schema":{"@context":"https:\/\/schema.org","@graph":[{"@type":"WebPage","@id":"https:\/\/www.siestagarden.com\/produkt\/okragly-stol-piknikowy-o-1-m-picnic-4os-z-drewna\/","url":"https:\/\/www.siestagarden.com\/produkt\/okragly-stol-piknikowy-o-1-m-picnic-4os-z-drewna\/","name":"Okr\u0105g\u0142y st\u00f3\u0142 piknikowy \u00d8 1 m Picnic 4os. z drewna - Siesta Garden","isPartOf":{"@id":"https:\/\/www.siestagarden.com\/#website"},"primaryImageOfPage":{"@id":"https:\/\/www.siestagarden.com\/produkt\/okragly-stol-piknikowy-o-1-m-picnic-4os-z-drewna\/#primaryimage"},"image":{"@id":"https:\/\/www.siestagarden.com\/produkt\/okragly-stol-piknikowy-o-1-m-picnic-4os-z-drewna\/#primaryimage"},"thumbnailUrl":"https:\/\/www.siestagarden.com\/wp-content\/uploads\/2025\/04\/IMG_3237.jpg","datePublished":"2025-04-15T10:03:51+00:00","dateModified":"2026-03-03T06:57:27+00:00","breadcrumb":{"@id":"https:\/\/www.siestagarden.com\/produkt\/okragly-stol-piknikowy-o-1-m-picnic-4os-z-drewna\/#breadcrumb"},"inLanguage":"de","potentialAction":[{"@type":"ReadAction","target":["https:\/\/www.siestagarden.com\/produkt\/okragly-stol-piknikowy-o-1-m-picnic-4os-z-drewna\/"]}]},{"@type":"ImageObject","inLanguage":"de","@id":"https:\/\/www.siestagarden.com\/produkt\/okragly-stol-piknikowy-o-1-m-picnic-4os-z-drewna\/#primaryimage","url":"https:\/\/www.siestagarden.com\/wp-content\/uploads\/2025\/04\/IMG_3237.jpg","contentUrl":"https:\/\/www.siestagarden.com\/wp-content\/uploads\/2025\/04\/IMG_3237.jpg","width":1275,"height":850},{"@type":"BreadcrumbList","@id":"https:\/\/www.siestagarden.com\/produkt\/okragly-stol-piknikowy-o-1-m-picnic-4os-z-drewna\/#breadcrumb","itemListElement":[{"@type":"ListItem","position":1,"name":"Strona g\u0142\u00f3wna","item":"https:\/\/www.siestagarden.com\/"},{"@type":"ListItem","position":2,"name":"Sklep","item":"https:\/\/www.siestagarden.com\/sklep\/"},{"@type":"ListItem","position":3,"name":"Okr\u0105g\u0142y st\u00f3\u0142 piknikowy \u00d8 1 m Picnic 4os. z drewna"}]},{"@type":"WebSite","@id":"https:\/\/www.siestagarden.com\/#website","url":"https:\/\/www.siestagarden.com\/","name":"Siesta Garten","description":"M\u00f6bel f\u00fcr Ihren Garten. Polnischen Hersteller von Holzm\u00f6beln von h\u00f6chster Qualit\u00e4t.","potentialAction":[{"@type":"SearchAction","target":{"@type":"EntryPoint","urlTemplate":"https:\/\/www.siestagarden.com\/?s={search_term_string}"},"query-input":{"@type":"PropertyValueSpecification","valueRequired":true,"valueName":"search_term_string"}}],"inLanguage":"de"}]}},"_links":{"self":[{"href":"https:\/\/www.siestagarden.com\/de\/wp-json\/wp\/v2\/product\/2556","targetHints":{"allow":["GET"]}}],"collection":[{"href":"https:\/\/www.siestagarden.com\/de\/wp-json\/wp\/v2\/product"}],"about":[{"href":"https:\/\/www.siestagarden.com\/de\/wp-json\/wp\/v2\/types\/product"}],"wp:featuredmedia":[{"embeddable":true,"href":"https:\/\/www.siestagarden.com\/de\/wp-json\/wp\/v2\/media\/2560"}],"wp:attachment":[{"href":"https:\/\/www.siestagarden.com\/de\/wp-json\/wp\/v2\/media?parent=2556"}],"wp:term":[{"taxonomy":"product_brand","embeddable":true,"href":"https:\/\/www.siestagarden.com\/de\/wp-json\/wp\/v2\/product_brand?post=2556"},{"taxonomy":"product_cat","embeddable":true,"href":"https:\/\/www.siestagarden.com\/de\/wp-json\/wp\/v2\/product_cat?post=2556"},{"taxonomy":"product_tag","embeddable":true,"href":"https:\/\/www.siestagarden.com\/de\/wp-json\/wp\/v2\/product_tag?post=2556"}],"curies":[{"name":"wp","href":"https:\/\/api.w.org\/{rel}","templated":true}]}}