{"id":2598,"date":"2025-04-15T14:49:42","date_gmt":"2025-04-15T12:49:42","guid":{"rendered":"https:\/\/www.siestagarden.com\/?post_type=product&#038;p=2598"},"modified":"2026-03-03T07:56:37","modified_gmt":"2026-03-03T06:56:37","slug":"stol-trojkatny-z-oparciami-picnic-6os-z-drewna","status":"publish","type":"product","link":"https:\/\/www.siestagarden.com\/de\/produkt\/stol-trojkatny-z-oparciami-picnic-6os-z-drewna\/","title":{"rendered":"Picknick dreieckigen Tisch mit R\u00fcckenlehnen 6-Personen-Holz"},"content":{"rendered":"<p><strong>Dreieckiger Picknicktisch mit R\u00fcckenlehnen<\/strong> - 6-Personen-Komfort in einer neuen Form<\/p>\n<p>Wenn Sie etwas anderes als einen klassischen Picknicktisch suchen, aber trotzdem <strong>Sie wollen Haltbarkeit, Funktionalit\u00e4t und Komfort<\/strong> - Dreieckiger Picknicktisch mit R\u00fcckenlehnen mit<strong> Picknick-Kollektion<\/strong> eine ideale Wahl sein. Ungew\u00f6hnliche Form, Raum<strong> f\u00fcr 6 Personen und integrierte R\u00fcckenlehnen<\/strong> machen ihn zu einem \u00e4u\u00dferst komfortablen und stilvollen Element in jedem Raum.<\/p>\n<p>Die Tischstruktur ist aus massivem<strong> FSC\u00ae-Kiefernholz<\/strong> mit einer beeindruckenden Plattendicke von 41 mm, die auch bei starker Beanspruchung eine un\u00fcbertroffene Haltbarkeit bietet - sowohl <strong>in privaten G\u00e4rten, aber auch in gewerblichen R\u00e4umen: Kneipen, Restaurants, Parks oder Freizeitzentren.<\/strong><\/p>\n<p>Dank der R\u00fcckenlehnen an allen drei Seiten erhalten die Nutzer zus\u00e4tzlichen Komfort und das M\u00f6belst\u00fcck selbst erh\u00e4lt einen entspannten Charakter.<\/p>\n<p>Das Ganze wurde gesichert <strong>impr\u00e4gniert bis zur Schutzklasse 3<\/strong>das bedeutet maximale Witterungsbest\u00e4ndigkeit - <strong>Sie k\u00f6nnen es das ganze Jahr \u00fcber drau\u00dfen stehen lassen<\/strong>ohne sich Gedanken \u00fcber die Haltbarkeit der Struktur zu machen.<\/p>\n<p>Stahlschrauben und Metallkupplungen sind im Lieferumfang enthalten, um ein regelm\u00e4\u00dfiges Nachziehen zu erm\u00f6glichen - wichtig, wenn das Holz nat\u00fcrlich mit Temperatur- und Feuchtigkeitsschwankungen \"arbeitet\".<\/p>\n<p>Der Tisch wird in einem Flat-Pack geliefert, komplett mit Beschl\u00e4gen und einfacher Montageanleitung.<\/p>\n<p>\u2714\ufe0f <strong>6 Sitze<\/strong> - ergonomisches Layout mit 3 Seiten<\/p>\n<p>\u2714\ufe0f<strong> Integrierte R\u00fcckenlehnen<\/strong> - Komfort und verbesserte R\u00fcckenunterst\u00fctzung<\/p>\n<p>\u2714\ufe0f <strong>41 mm dicke Platten<\/strong> - au\u00dfergew\u00f6hnliche Robustheit und Langlebigkeit<\/p>\n<p>\u2714\ufe0f <strong>FSC\u00ae-Kiefernholz<\/strong> - verantwortungsvolle Auswahl<\/p>\n<p>\u2714\ufe0f <strong>Impr\u00e4gnierung bis zur Schutzklasse 3<\/strong> - Vollst\u00e4ndig wetterfest<\/p>\n<p>\u2714\ufe0f <strong>Kupplungen und Bolzen aus Stahl<\/strong> - baureif f\u00fcr viele Jahre<\/p>\n<p>\u2714\ufe0f<strong> Geliefert als Paket<\/strong> - einfache Montage<\/p>\n<p>Der Picknicktisch mit dreieckiger R\u00fcckenlehne ist nicht nur ein n\u00fctzliches M\u00f6belst\u00fcck - er ist eine M\u00f6glichkeit, einen Raum zu gestalten und den G\u00e4sten maximalen Komfort in einer einzigartigen Form zu bieten.<\/p>","protected":false},"excerpt":{"rendered":"<p>Tr\u00f3jk\u0105tny st\u00f3\u0142 piknikowy z oparciami \u2013 6-osobowy komfort w nowej formie Je\u015bli szukasz czego\u015b innego ni\u017c klasyczny st\u00f3\u0142 piknikowy, ale nadal oczekujesz trwa\u0142o\u015bci, funkcjonalno\u015bci i wygody \u2013 tr\u00f3jk\u0105tny st\u00f3\u0142 piknikowy z oparciami z kolekcji Picnic b\u0119dzie idealnym wyborem. Nietuzinkowy kszta\u0142t, miejsce dla 6 os\u00f3b oraz zintegrowane oparcia czyni\u0105 go wyj\u0105tkowo komfortowym i stylowym elementem ka\u017cdej [&hellip;]<\/p>\n","protected":false},"featured_media":2599,"template":"","meta":{"_acf_changed":false},"product_brand":[],"product_cat":[66],"product_tag":[88],"class_list":{"0":"post-2598","1":"product","2":"type-product","3":"status-publish","4":"has-post-thumbnail","6":"product_cat-stoly-piknikowe","7":"product_tag-kolekcja-picnic","8":"product_shipping_class-podstawowa","10":"first","11":"onbackorder","12":"taxable","13":"shipping-taxable","14":"purchasable","15":"product-type-simple","16":"add-to-wishlist-after_add_to_cart"},"acf":[],"yoast_head":"<!-- This site is optimized with the Yoast SEO plugin v26.6 - https:\/\/yoast.com\/wordpress\/plugins\/seo\/ -->\n<title>St\u00f3\u0142 tr\u00f3jk\u0105tny z oparciami Picnic 6os. z drewna - Siesta Garden<\/title>\n<meta name=\"robots\" content=\"index, follow, max-snippet:-1, max-image-preview:large, max-video-preview:-1\" \/>\n<link rel=\"canonical\" href=\"https:\/\/www.siestagarden.com\/de\/produkt\/stol-trojkatny-z-oparciami-picnic-6os-z-drewna\/\" \/>\n<meta property=\"og:locale\" content=\"de_DE\" \/>\n<meta property=\"og:type\" content=\"article\" \/>\n<meta property=\"og:title\" content=\"St\u00f3\u0142 tr\u00f3jk\u0105tny z oparciami Picnic 6os. z drewna - Siesta Garden\" \/>\n<meta property=\"og:description\" content=\"Tr\u00f3jk\u0105tny st\u00f3\u0142 piknikowy z oparciami \u2013 6-osobowy komfort w nowej formie Je\u015bli szukasz czego\u015b innego ni\u017c klasyczny st\u00f3\u0142 piknikowy, ale nadal oczekujesz trwa\u0142o\u015bci, funkcjonalno\u015bci i wygody \u2013 tr\u00f3jk\u0105tny st\u00f3\u0142 piknikowy z oparciami z kolekcji Picnic b\u0119dzie idealnym wyborem. Nietuzinkowy kszta\u0142t, miejsce dla 6 os\u00f3b oraz zintegrowane oparcia czyni\u0105 go wyj\u0105tkowo komfortowym i stylowym elementem ka\u017cdej [&hellip;]\" \/>\n<meta property=\"og:url\" content=\"https:\/\/www.siestagarden.com\/de\/produkt\/stol-trojkatny-z-oparciami-picnic-6os-z-drewna\/\" \/>\n<meta property=\"og:site_name\" content=\"Siesta Garden\" \/>\n<meta property=\"article:modified_time\" content=\"2026-03-03T06:56:37+00:00\" \/>\n<meta property=\"og:image\" content=\"https:\/\/www.siestagarden.com\/wp-content\/uploads\/2025\/04\/IMG_3130.jpg\" \/>\n\t<meta property=\"og:image:width\" content=\"1275\" \/>\n\t<meta property=\"og:image:height\" content=\"850\" \/>\n\t<meta property=\"og:image:type\" content=\"image\/jpeg\" \/>\n<meta name=\"twitter:card\" content=\"summary_large_image\" \/>\n<meta name=\"twitter:label1\" content=\"Gesch\u00e4tzte Lesezeit\" \/>\n\t<meta name=\"twitter:data1\" content=\"2\u00a0Minuten\" \/>\n<script type=\"application\/ld+json\" class=\"yoast-schema-graph\">{\"@context\":\"https:\/\/schema.org\",\"@graph\":[{\"@type\":\"WebPage\",\"@id\":\"https:\/\/www.siestagarden.com\/produkt\/stol-trojkatny-z-oparciami-picnic-6os-z-drewna\/\",\"url\":\"https:\/\/www.siestagarden.com\/produkt\/stol-trojkatny-z-oparciami-picnic-6os-z-drewna\/\",\"name\":\"St\u00f3\u0142 tr\u00f3jk\u0105tny z oparciami Picnic 6os. z drewna - Siesta Garden\",\"isPartOf\":{\"@id\":\"https:\/\/www.siestagarden.com\/#website\"},\"primaryImageOfPage\":{\"@id\":\"https:\/\/www.siestagarden.com\/produkt\/stol-trojkatny-z-oparciami-picnic-6os-z-drewna\/#primaryimage\"},\"image\":{\"@id\":\"https:\/\/www.siestagarden.com\/produkt\/stol-trojkatny-z-oparciami-picnic-6os-z-drewna\/#primaryimage\"},\"thumbnailUrl\":\"https:\/\/www.siestagarden.com\/wp-content\/uploads\/2025\/04\/IMG_3130.jpg\",\"datePublished\":\"2025-04-15T12:49:42+00:00\",\"dateModified\":\"2026-03-03T06:56:37+00:00\",\"breadcrumb\":{\"@id\":\"https:\/\/www.siestagarden.com\/produkt\/stol-trojkatny-z-oparciami-picnic-6os-z-drewna\/#breadcrumb\"},\"inLanguage\":\"de\",\"potentialAction\":[{\"@type\":\"ReadAction\",\"target\":[\"https:\/\/www.siestagarden.com\/produkt\/stol-trojkatny-z-oparciami-picnic-6os-z-drewna\/\"]}]},{\"@type\":\"ImageObject\",\"inLanguage\":\"de\",\"@id\":\"https:\/\/www.siestagarden.com\/produkt\/stol-trojkatny-z-oparciami-picnic-6os-z-drewna\/#primaryimage\",\"url\":\"https:\/\/www.siestagarden.com\/wp-content\/uploads\/2025\/04\/IMG_3130.jpg\",\"contentUrl\":\"https:\/\/www.siestagarden.com\/wp-content\/uploads\/2025\/04\/IMG_3130.jpg\",\"width\":1275,\"height\":850},{\"@type\":\"BreadcrumbList\",\"@id\":\"https:\/\/www.siestagarden.com\/produkt\/stol-trojkatny-z-oparciami-picnic-6os-z-drewna\/#breadcrumb\",\"itemListElement\":[{\"@type\":\"ListItem\",\"position\":1,\"name\":\"Strona g\u0142\u00f3wna\",\"item\":\"https:\/\/www.siestagarden.com\/\"},{\"@type\":\"ListItem\",\"position\":2,\"name\":\"Sklep\",\"item\":\"https:\/\/www.siestagarden.com\/sklep\/\"},{\"@type\":\"ListItem\",\"position\":3,\"name\":\"St\u00f3\u0142 tr\u00f3jk\u0105tny z oparciami Picnic 6os. z drewna\"}]},{\"@type\":\"WebSite\",\"@id\":\"https:\/\/www.siestagarden.com\/#website\",\"url\":\"https:\/\/www.siestagarden.com\/\",\"name\":\"Siesta Garden\",\"description\":\"Meble do Twojego ogrodu. Polski producent drewnianych mebli najwy\u017cszej jako\u015bci.\",\"potentialAction\":[{\"@type\":\"SearchAction\",\"target\":{\"@type\":\"EntryPoint\",\"urlTemplate\":\"https:\/\/www.siestagarden.com\/?s={search_term_string}\"},\"query-input\":{\"@type\":\"PropertyValueSpecification\",\"valueRequired\":true,\"valueName\":\"search_term_string\"}}],\"inLanguage\":\"de\"}]}<\/script>\n<!-- \/ Yoast SEO plugin. -->","yoast_head_json":{"title":"St\u00f3\u0142 tr\u00f3jk\u0105tny z oparciami Picnic 6os. z drewna - Siesta Garden","robots":{"index":"index","follow":"follow","max-snippet":"max-snippet:-1","max-image-preview":"max-image-preview:large","max-video-preview":"max-video-preview:-1"},"canonical":"https:\/\/www.siestagarden.com\/de\/produkt\/stol-trojkatny-z-oparciami-picnic-6os-z-drewna\/","og_locale":"de_DE","og_type":"article","og_title":"St\u00f3\u0142 tr\u00f3jk\u0105tny z oparciami Picnic 6os. z drewna - Siesta Garden","og_description":"Tr\u00f3jk\u0105tny st\u00f3\u0142 piknikowy z oparciami \u2013 6-osobowy komfort w nowej formie Je\u015bli szukasz czego\u015b innego ni\u017c klasyczny st\u00f3\u0142 piknikowy, ale nadal oczekujesz trwa\u0142o\u015bci, funkcjonalno\u015bci i wygody \u2013 tr\u00f3jk\u0105tny st\u00f3\u0142 piknikowy z oparciami z kolekcji Picnic b\u0119dzie idealnym wyborem. Nietuzinkowy kszta\u0142t, miejsce dla 6 os\u00f3b oraz zintegrowane oparcia czyni\u0105 go wyj\u0105tkowo komfortowym i stylowym elementem ka\u017cdej [&hellip;]","og_url":"https:\/\/www.siestagarden.com\/de\/produkt\/stol-trojkatny-z-oparciami-picnic-6os-z-drewna\/","og_site_name":"Siesta Garden","article_modified_time":"2026-03-03T06:56:37+00:00","og_image":[{"width":1275,"height":850,"url":"https:\/\/www.siestagarden.com\/wp-content\/uploads\/2025\/04\/IMG_3130.jpg","type":"image\/jpeg"}],"twitter_card":"summary_large_image","twitter_misc":{"Gesch\u00e4tzte Lesezeit":"2\u00a0Minuten"},"schema":{"@context":"https:\/\/schema.org","@graph":[{"@type":"WebPage","@id":"https:\/\/www.siestagarden.com\/produkt\/stol-trojkatny-z-oparciami-picnic-6os-z-drewna\/","url":"https:\/\/www.siestagarden.com\/produkt\/stol-trojkatny-z-oparciami-picnic-6os-z-drewna\/","name":"St\u00f3\u0142 tr\u00f3jk\u0105tny z oparciami Picnic 6os. z drewna - Siesta Garden","isPartOf":{"@id":"https:\/\/www.siestagarden.com\/#website"},"primaryImageOfPage":{"@id":"https:\/\/www.siestagarden.com\/produkt\/stol-trojkatny-z-oparciami-picnic-6os-z-drewna\/#primaryimage"},"image":{"@id":"https:\/\/www.siestagarden.com\/produkt\/stol-trojkatny-z-oparciami-picnic-6os-z-drewna\/#primaryimage"},"thumbnailUrl":"https:\/\/www.siestagarden.com\/wp-content\/uploads\/2025\/04\/IMG_3130.jpg","datePublished":"2025-04-15T12:49:42+00:00","dateModified":"2026-03-03T06:56:37+00:00","breadcrumb":{"@id":"https:\/\/www.siestagarden.com\/produkt\/stol-trojkatny-z-oparciami-picnic-6os-z-drewna\/#breadcrumb"},"inLanguage":"de","potentialAction":[{"@type":"ReadAction","target":["https:\/\/www.siestagarden.com\/produkt\/stol-trojkatny-z-oparciami-picnic-6os-z-drewna\/"]}]},{"@type":"ImageObject","inLanguage":"de","@id":"https:\/\/www.siestagarden.com\/produkt\/stol-trojkatny-z-oparciami-picnic-6os-z-drewna\/#primaryimage","url":"https:\/\/www.siestagarden.com\/wp-content\/uploads\/2025\/04\/IMG_3130.jpg","contentUrl":"https:\/\/www.siestagarden.com\/wp-content\/uploads\/2025\/04\/IMG_3130.jpg","width":1275,"height":850},{"@type":"BreadcrumbList","@id":"https:\/\/www.siestagarden.com\/produkt\/stol-trojkatny-z-oparciami-picnic-6os-z-drewna\/#breadcrumb","itemListElement":[{"@type":"ListItem","position":1,"name":"Strona g\u0142\u00f3wna","item":"https:\/\/www.siestagarden.com\/"},{"@type":"ListItem","position":2,"name":"Sklep","item":"https:\/\/www.siestagarden.com\/sklep\/"},{"@type":"ListItem","position":3,"name":"St\u00f3\u0142 tr\u00f3jk\u0105tny z oparciami Picnic 6os. z drewna"}]},{"@type":"WebSite","@id":"https:\/\/www.siestagarden.com\/#website","url":"https:\/\/www.siestagarden.com\/","name":"Siesta Garten","description":"M\u00f6bel f\u00fcr Ihren Garten. Polnischen Hersteller von Holzm\u00f6beln von h\u00f6chster Qualit\u00e4t.","potentialAction":[{"@type":"SearchAction","target":{"@type":"EntryPoint","urlTemplate":"https:\/\/www.siestagarden.com\/?s={search_term_string}"},"query-input":{"@type":"PropertyValueSpecification","valueRequired":true,"valueName":"search_term_string"}}],"inLanguage":"de"}]}},"_links":{"self":[{"href":"https:\/\/www.siestagarden.com\/de\/wp-json\/wp\/v2\/product\/2598","targetHints":{"allow":["GET"]}}],"collection":[{"href":"https:\/\/www.siestagarden.com\/de\/wp-json\/wp\/v2\/product"}],"about":[{"href":"https:\/\/www.siestagarden.com\/de\/wp-json\/wp\/v2\/types\/product"}],"wp:featuredmedia":[{"embeddable":true,"href":"https:\/\/www.siestagarden.com\/de\/wp-json\/wp\/v2\/media\/2599"}],"wp:attachment":[{"href":"https:\/\/www.siestagarden.com\/de\/wp-json\/wp\/v2\/media?parent=2598"}],"wp:term":[{"taxonomy":"product_brand","embeddable":true,"href":"https:\/\/www.siestagarden.com\/de\/wp-json\/wp\/v2\/product_brand?post=2598"},{"taxonomy":"product_cat","embeddable":true,"href":"https:\/\/www.siestagarden.com\/de\/wp-json\/wp\/v2\/product_cat?post=2598"},{"taxonomy":"product_tag","embeddable":true,"href":"https:\/\/www.siestagarden.com\/de\/wp-json\/wp\/v2\/product_tag?post=2598"}],"curies":[{"name":"wp","href":"https:\/\/api.w.org\/{rel}","templated":true}]}}