{"id":2767,"date":"2025-04-16T09:23:13","date_gmt":"2025-04-16T07:23:13","guid":{"rendered":"https:\/\/www.siestagarden.com\/?post_type=product&#038;p=2767"},"modified":"2026-03-03T07:55:10","modified_gmt":"2026-03-03T06:55:10","slug":"stol-trojkatny-picnic-6os-z-drewna","status":"publish","type":"product","link":"https:\/\/www.siestagarden.com\/de\/produkt\/stol-trojkatny-picnic-6os-z-drewna\/","title":{"rendered":"Dreieckiger Picknicktisch 6 Sitzer aus Holz"},"content":{"rendered":"<p><strong>Dreieckiger Picknicktisch \u00d8 2,1 m<\/strong> - Clevere Form f\u00fcr 6 Personen<\/p>\n<p>Dreieckiger Picknicktisch mit <strong>Picknick-Kollektion<\/strong> ist ein Vorschlag, der die <strong>h\u00f6chste Funktionalit\u00e4t<\/strong> mit einer ungew\u00f6hnlichen,<strong> ansprechende Form<\/strong>. Dank der ger\u00e4umigen Oberseite des <strong>bis zu einem Durchmesser von 170 cm<\/strong> und einem Gesamtdurchmesser der Konstruktion von \u00d8 210 cm, dieses Modell <strong>bietet leicht Platz f\u00fcr 6 Personen<\/strong> - Schaffung eines komfortablen und \u00e4sthetisch ansprechenden Treffpunkts im Freien.<\/p>\n<p>Dies ist ideal f\u00fcr:<\/p>\n<p>Kneipen und Gastg\u00e4rten,<\/p>\n<p>Schulen, Parks und Erholungsgebiete,<\/p>\n<p>G\u00e4steh\u00e4user und Resorts,<\/p>\n<p>als auch f\u00fcr Privatpersonen, die Wert auf originelles Design und Langlebigkeit legen.<\/p>\n<p>Hergestellt aus massivem Kiefernholz mit<strong> FSC\u00ae-zertifiziert<\/strong>wurde der Tisch aus dickem Material gefertigt,<strong> 41-Millimeter-Platten<\/strong>die Folgendes vorsieht <strong>Stabilit\u00e4t<\/strong> auch bei intensivem t\u00e4glichem Gebrauch. Das Holz wurde behandelt mit<strong> impr\u00e4gniert bis zur Schutzklasse 3<\/strong>damit die Struktur f\u00fcr jedes Wetter ger\u00fcstet ist - <strong>Sonne, Regen, schwankende Temperaturen<\/strong>.<\/p>\n<p>Dreieckige Sitzanordnung <strong>f\u00f6rdert die Integration und Kommunikation<\/strong> - alle Sitzungsteilnehmer bei sich haben <strong>Blickkontakt und freier Zugang<\/strong> zu einer gemeinsamen Tischplatte.<\/p>\n<p>Dank der Verwendung von verzinkten Schrauben und Metallkupplungen kann die Struktur regelm\u00e4\u00dfig nachgezogen werden, was zu ihrer Langlebigkeit und Stabilit\u00e4t \u00fcber Jahre hinweg beitr\u00e4gt.<\/p>\n<p>Wird zerlegt geliefert (zur Selbstmontage) - komplett mit Beschl\u00e4gen und Anleitung.<\/p>\n<p>\u2714\ufe0f <strong>6 Sitze<\/strong> - Platz und Komfort<\/p>\n<p>\u2714\ufe0f<strong> Gesamtdurchmesser: \u00d8 2100 mm | Oberseite: \u00d8 1700 mm | H\u00f6he: 800 mm<\/strong><\/p>\n<p>\u2714\ufe0f <strong>41 mm dicke Platten<\/strong> - robuste Konstruktion f\u00fcr Jahre<\/p>\n<p>\u2714\ufe0f <strong>FSC\u00ae-Holz<\/strong> - verantwortungsvoll und nachhaltig<\/p>\n<p>\u2714\ufe0f <strong>Impr\u00e4gnierung bis zur Schutzklasse 3<\/strong> - ganzj\u00e4hrige Immunit\u00e4t<\/p>\n<p>\u2714\ufe0f <strong>Verzinkte Schrauben und Metallverschraubungen<\/strong> - Korrosionsbest\u00e4ndigkeit und Stabilit\u00e4t<\/p>\n<p>\u2714\ufe0f <strong>Geliefert als Paket<\/strong> - schnelle Montage, einfache Anweisungen<\/p>\n<p>\u2714\ufe0f <strong>Ideal f\u00fcr:<\/strong> Gastronomie, Schulen, \u00f6ffentliche und private G\u00e4rten<\/p>","protected":false},"excerpt":{"rendered":"<p>St\u00f3\u0142 piknikowy tr\u00f3jk\u0105tny \u00d8 2,1 m \u2013 Przemy\u015blana forma dla 6 os\u00f3b St\u00f3\u0142 piknikowy tr\u00f3jk\u0105tny z kolekcji Picnic to propozycja, kt\u00f3ra \u0142\u0105czy maksymaln\u0105 funkcjonalno\u015b\u0107 z nietypow\u0105, atrakcyjn\u0105 form\u0105. Dzi\u0119ki przestronnemu blatowi o \u015brednicy a\u017c 170 cm oraz ca\u0142kowitej \u015brednicy konstrukcji \u00d8 210 cm, ten model bez trudu pomie\u015bci 6 os\u00f3b \u2013 tworz\u0105c wygodn\u0105 i estetyczn\u0105 [&hellip;]<\/p>\n","protected":false},"featured_media":2768,"template":"","meta":{"_acf_changed":false},"product_brand":[],"product_cat":[66],"product_tag":[88],"class_list":{"0":"post-2767","1":"product","2":"type-product","3":"status-publish","4":"has-post-thumbnail","6":"product_cat-stoly-piknikowe","7":"product_tag-kolekcja-picnic","8":"product_shipping_class-podstawowa","10":"first","11":"onbackorder","12":"taxable","13":"shipping-taxable","14":"purchasable","15":"product-type-simple","16":"add-to-wishlist-after_add_to_cart"},"acf":[],"yoast_head":"<!-- This site is optimized with the Yoast SEO plugin v26.6 - https:\/\/yoast.com\/wordpress\/plugins\/seo\/ -->\n<title>St\u00f3\u0142 tr\u00f3jk\u0105tny Picnic 6os. z drewna - Siesta Garden<\/title>\n<meta name=\"robots\" content=\"index, follow, max-snippet:-1, max-image-preview:large, max-video-preview:-1\" \/>\n<link rel=\"canonical\" href=\"https:\/\/www.siestagarden.com\/de\/produkt\/stol-trojkatny-picnic-6os-z-drewna\/\" \/>\n<meta property=\"og:locale\" content=\"de_DE\" \/>\n<meta property=\"og:type\" content=\"article\" \/>\n<meta property=\"og:title\" content=\"St\u00f3\u0142 tr\u00f3jk\u0105tny Picnic 6os. z drewna - Siesta Garden\" \/>\n<meta property=\"og:description\" content=\"St\u00f3\u0142 piknikowy tr\u00f3jk\u0105tny \u00d8 2,1 m \u2013 Przemy\u015blana forma dla 6 os\u00f3b St\u00f3\u0142 piknikowy tr\u00f3jk\u0105tny z kolekcji Picnic to propozycja, kt\u00f3ra \u0142\u0105czy maksymaln\u0105 funkcjonalno\u015b\u0107 z nietypow\u0105, atrakcyjn\u0105 form\u0105. Dzi\u0119ki przestronnemu blatowi o \u015brednicy a\u017c 170 cm oraz ca\u0142kowitej \u015brednicy konstrukcji \u00d8 210 cm, ten model bez trudu pomie\u015bci 6 os\u00f3b \u2013 tworz\u0105c wygodn\u0105 i estetyczn\u0105 [&hellip;]\" \/>\n<meta property=\"og:url\" content=\"https:\/\/www.siestagarden.com\/de\/produkt\/stol-trojkatny-picnic-6os-z-drewna\/\" \/>\n<meta property=\"og:site_name\" content=\"Siesta Garden\" \/>\n<meta property=\"article:modified_time\" content=\"2026-03-03T06:55:10+00:00\" \/>\n<meta property=\"og:image\" content=\"https:\/\/www.siestagarden.com\/wp-content\/uploads\/2025\/04\/407-mini-kadr.jpg\" \/>\n\t<meta property=\"og:image:width\" content=\"537\" \/>\n\t<meta property=\"og:image:height\" content=\"442\" \/>\n\t<meta property=\"og:image:type\" content=\"image\/jpeg\" \/>\n<meta name=\"twitter:card\" content=\"summary_large_image\" \/>\n<meta name=\"twitter:label1\" content=\"Gesch\u00e4tzte Lesezeit\" \/>\n\t<meta name=\"twitter:data1\" content=\"2\u00a0Minuten\" \/>\n<script type=\"application\/ld+json\" class=\"yoast-schema-graph\">{\"@context\":\"https:\/\/schema.org\",\"@graph\":[{\"@type\":\"WebPage\",\"@id\":\"https:\/\/www.siestagarden.com\/produkt\/stol-trojkatny-picnic-6os-z-drewna\/\",\"url\":\"https:\/\/www.siestagarden.com\/produkt\/stol-trojkatny-picnic-6os-z-drewna\/\",\"name\":\"St\u00f3\u0142 tr\u00f3jk\u0105tny Picnic 6os. z drewna - Siesta Garden\",\"isPartOf\":{\"@id\":\"https:\/\/www.siestagarden.com\/#website\"},\"primaryImageOfPage\":{\"@id\":\"https:\/\/www.siestagarden.com\/produkt\/stol-trojkatny-picnic-6os-z-drewna\/#primaryimage\"},\"image\":{\"@id\":\"https:\/\/www.siestagarden.com\/produkt\/stol-trojkatny-picnic-6os-z-drewna\/#primaryimage\"},\"thumbnailUrl\":\"https:\/\/www.siestagarden.com\/wp-content\/uploads\/2025\/04\/407-mini-kadr.jpg\",\"datePublished\":\"2025-04-16T07:23:13+00:00\",\"dateModified\":\"2026-03-03T06:55:10+00:00\",\"breadcrumb\":{\"@id\":\"https:\/\/www.siestagarden.com\/produkt\/stol-trojkatny-picnic-6os-z-drewna\/#breadcrumb\"},\"inLanguage\":\"de\",\"potentialAction\":[{\"@type\":\"ReadAction\",\"target\":[\"https:\/\/www.siestagarden.com\/produkt\/stol-trojkatny-picnic-6os-z-drewna\/\"]}]},{\"@type\":\"ImageObject\",\"inLanguage\":\"de\",\"@id\":\"https:\/\/www.siestagarden.com\/produkt\/stol-trojkatny-picnic-6os-z-drewna\/#primaryimage\",\"url\":\"https:\/\/www.siestagarden.com\/wp-content\/uploads\/2025\/04\/407-mini-kadr.jpg\",\"contentUrl\":\"https:\/\/www.siestagarden.com\/wp-content\/uploads\/2025\/04\/407-mini-kadr.jpg\",\"width\":537,\"height\":442},{\"@type\":\"BreadcrumbList\",\"@id\":\"https:\/\/www.siestagarden.com\/produkt\/stol-trojkatny-picnic-6os-z-drewna\/#breadcrumb\",\"itemListElement\":[{\"@type\":\"ListItem\",\"position\":1,\"name\":\"Strona g\u0142\u00f3wna\",\"item\":\"https:\/\/www.siestagarden.com\/\"},{\"@type\":\"ListItem\",\"position\":2,\"name\":\"Sklep\",\"item\":\"https:\/\/www.siestagarden.com\/sklep\/\"},{\"@type\":\"ListItem\",\"position\":3,\"name\":\"St\u00f3\u0142 tr\u00f3jk\u0105tny Picnic 6os. z drewna\"}]},{\"@type\":\"WebSite\",\"@id\":\"https:\/\/www.siestagarden.com\/#website\",\"url\":\"https:\/\/www.siestagarden.com\/\",\"name\":\"Siesta Garden\",\"description\":\"Meble do Twojego ogrodu. Polski producent drewnianych mebli najwy\u017cszej jako\u015bci.\",\"potentialAction\":[{\"@type\":\"SearchAction\",\"target\":{\"@type\":\"EntryPoint\",\"urlTemplate\":\"https:\/\/www.siestagarden.com\/?s={search_term_string}\"},\"query-input\":{\"@type\":\"PropertyValueSpecification\",\"valueRequired\":true,\"valueName\":\"search_term_string\"}}],\"inLanguage\":\"de\"}]}<\/script>\n<!-- \/ Yoast SEO plugin. -->","yoast_head_json":{"title":"St\u00f3\u0142 tr\u00f3jk\u0105tny Picnic 6os. z drewna - Siesta Garden","robots":{"index":"index","follow":"follow","max-snippet":"max-snippet:-1","max-image-preview":"max-image-preview:large","max-video-preview":"max-video-preview:-1"},"canonical":"https:\/\/www.siestagarden.com\/de\/produkt\/stol-trojkatny-picnic-6os-z-drewna\/","og_locale":"de_DE","og_type":"article","og_title":"St\u00f3\u0142 tr\u00f3jk\u0105tny Picnic 6os. z drewna - Siesta Garden","og_description":"St\u00f3\u0142 piknikowy tr\u00f3jk\u0105tny \u00d8 2,1 m \u2013 Przemy\u015blana forma dla 6 os\u00f3b St\u00f3\u0142 piknikowy tr\u00f3jk\u0105tny z kolekcji Picnic to propozycja, kt\u00f3ra \u0142\u0105czy maksymaln\u0105 funkcjonalno\u015b\u0107 z nietypow\u0105, atrakcyjn\u0105 form\u0105. Dzi\u0119ki przestronnemu blatowi o \u015brednicy a\u017c 170 cm oraz ca\u0142kowitej \u015brednicy konstrukcji \u00d8 210 cm, ten model bez trudu pomie\u015bci 6 os\u00f3b \u2013 tworz\u0105c wygodn\u0105 i estetyczn\u0105 [&hellip;]","og_url":"https:\/\/www.siestagarden.com\/de\/produkt\/stol-trojkatny-picnic-6os-z-drewna\/","og_site_name":"Siesta Garden","article_modified_time":"2026-03-03T06:55:10+00:00","og_image":[{"width":537,"height":442,"url":"https:\/\/www.siestagarden.com\/wp-content\/uploads\/2025\/04\/407-mini-kadr.jpg","type":"image\/jpeg"}],"twitter_card":"summary_large_image","twitter_misc":{"Gesch\u00e4tzte Lesezeit":"2\u00a0Minuten"},"schema":{"@context":"https:\/\/schema.org","@graph":[{"@type":"WebPage","@id":"https:\/\/www.siestagarden.com\/produkt\/stol-trojkatny-picnic-6os-z-drewna\/","url":"https:\/\/www.siestagarden.com\/produkt\/stol-trojkatny-picnic-6os-z-drewna\/","name":"St\u00f3\u0142 tr\u00f3jk\u0105tny Picnic 6os. z drewna - Siesta Garden","isPartOf":{"@id":"https:\/\/www.siestagarden.com\/#website"},"primaryImageOfPage":{"@id":"https:\/\/www.siestagarden.com\/produkt\/stol-trojkatny-picnic-6os-z-drewna\/#primaryimage"},"image":{"@id":"https:\/\/www.siestagarden.com\/produkt\/stol-trojkatny-picnic-6os-z-drewna\/#primaryimage"},"thumbnailUrl":"https:\/\/www.siestagarden.com\/wp-content\/uploads\/2025\/04\/407-mini-kadr.jpg","datePublished":"2025-04-16T07:23:13+00:00","dateModified":"2026-03-03T06:55:10+00:00","breadcrumb":{"@id":"https:\/\/www.siestagarden.com\/produkt\/stol-trojkatny-picnic-6os-z-drewna\/#breadcrumb"},"inLanguage":"de","potentialAction":[{"@type":"ReadAction","target":["https:\/\/www.siestagarden.com\/produkt\/stol-trojkatny-picnic-6os-z-drewna\/"]}]},{"@type":"ImageObject","inLanguage":"de","@id":"https:\/\/www.siestagarden.com\/produkt\/stol-trojkatny-picnic-6os-z-drewna\/#primaryimage","url":"https:\/\/www.siestagarden.com\/wp-content\/uploads\/2025\/04\/407-mini-kadr.jpg","contentUrl":"https:\/\/www.siestagarden.com\/wp-content\/uploads\/2025\/04\/407-mini-kadr.jpg","width":537,"height":442},{"@type":"BreadcrumbList","@id":"https:\/\/www.siestagarden.com\/produkt\/stol-trojkatny-picnic-6os-z-drewna\/#breadcrumb","itemListElement":[{"@type":"ListItem","position":1,"name":"Strona g\u0142\u00f3wna","item":"https:\/\/www.siestagarden.com\/"},{"@type":"ListItem","position":2,"name":"Sklep","item":"https:\/\/www.siestagarden.com\/sklep\/"},{"@type":"ListItem","position":3,"name":"St\u00f3\u0142 tr\u00f3jk\u0105tny Picnic 6os. z drewna"}]},{"@type":"WebSite","@id":"https:\/\/www.siestagarden.com\/#website","url":"https:\/\/www.siestagarden.com\/","name":"Siesta Garten","description":"M\u00f6bel f\u00fcr Ihren Garten. Polnischen Hersteller von Holzm\u00f6beln von h\u00f6chster Qualit\u00e4t.","potentialAction":[{"@type":"SearchAction","target":{"@type":"EntryPoint","urlTemplate":"https:\/\/www.siestagarden.com\/?s={search_term_string}"},"query-input":{"@type":"PropertyValueSpecification","valueRequired":true,"valueName":"search_term_string"}}],"inLanguage":"de"}]}},"_links":{"self":[{"href":"https:\/\/www.siestagarden.com\/de\/wp-json\/wp\/v2\/product\/2767","targetHints":{"allow":["GET"]}}],"collection":[{"href":"https:\/\/www.siestagarden.com\/de\/wp-json\/wp\/v2\/product"}],"about":[{"href":"https:\/\/www.siestagarden.com\/de\/wp-json\/wp\/v2\/types\/product"}],"wp:featuredmedia":[{"embeddable":true,"href":"https:\/\/www.siestagarden.com\/de\/wp-json\/wp\/v2\/media\/2768"}],"wp:attachment":[{"href":"https:\/\/www.siestagarden.com\/de\/wp-json\/wp\/v2\/media?parent=2767"}],"wp:term":[{"taxonomy":"product_brand","embeddable":true,"href":"https:\/\/www.siestagarden.com\/de\/wp-json\/wp\/v2\/product_brand?post=2767"},{"taxonomy":"product_cat","embeddable":true,"href":"https:\/\/www.siestagarden.com\/de\/wp-json\/wp\/v2\/product_cat?post=2767"},{"taxonomy":"product_tag","embeddable":true,"href":"https:\/\/www.siestagarden.com\/de\/wp-json\/wp\/v2\/product_tag?post=2767"}],"curies":[{"name":"wp","href":"https:\/\/api.w.org\/{rel}","templated":true}]}}