{"id":2781,"date":"2025-04-16T10:13:03","date_gmt":"2025-04-16T08:13:03","guid":{"rendered":"https:\/\/www.siestagarden.com\/?post_type=product&#038;p=2781"},"modified":"2026-03-03T07:43:29","modified_gmt":"2026-03-03T06:43:29","slug":"stol-kwadratowy-z-oparciami-picnic-8os-z-drewna","status":"publish","type":"product","link":"https:\/\/www.siestagarden.com\/de\/produkt\/stol-kwadratowy-z-oparciami-picnic-8os-z-drewna\/","title":{"rendered":"Picknick 8-sitziger quadratischer Tisch mit R\u00fcckenlehnen aus Holz"},"content":{"rendered":"<p><strong>Quadratischer Picknicktisch mit R\u00fcckenlehnen<\/strong> - Ein 8-sitziger Riese mit Komfort und Haltbarkeit<\/p>\n<p>Es ist <strong>die gr\u00f6\u00dfte und fortschrittlichste<\/strong> Modell unter den integrierten Picknicktischen auf dem Markt. Quadratischer Tisch mit R\u00fcckenlehnen mit <strong>Picknick-Kollektion<\/strong> ist ein lebensgro\u00dfes <strong>Gartencenter<\/strong>die zusammen<strong> Komfort, Funktionalit\u00e4t und extreme Robustheit<\/strong>So entsteht ein M\u00f6belst\u00fcck, das f\u00fcr die anspruchsvollsten Anwendungen geeignet ist - sowohl im privaten als auch im gewerblichen Bereich.<\/p>\n<p>Mit seinen beeindruckenden Gesamtabmessungen: 2610 \u00d7 2610 \u00d7 910 mm, mit einer gro\u00dfen Tischplatte von 1325 \u00d7 1325 mm und vollfl\u00e4chigen R\u00fcckw\u00e4nden an allen Seiten, bietet dieses Modell einen <strong>un\u00fcbertroffener Komfort f\u00fcr 8 Personen<\/strong> - haben jeweils eine eigene, e<strong>rgonomisch geformter Sitz und stabile R\u00fcckenlehne.<\/strong><\/p>\n<p>Es ist die ideale Wahl f\u00fcr:<\/p>\n<p>hochwertige Restaurantg\u00e4rten und Kneipen,<\/p>\n<p>Gastronomie- und Freizeitbereiche in Ferienanlagen,<\/p>\n<p>Hotel- und Veranstaltungseinrichtungen,<\/p>\n<p>\u00f6ffentliche R\u00e4ume mit einer hohen Nutzerfrequenz,<\/p>\n<p>und Privatpersonen, die h\u00f6chste Qualit\u00e4t erwarten.<\/p>\n<p>Der Tisch ist aus massivem <strong>FSC\u00ae-Kiefernholz<\/strong> <strong>41 mm dick<\/strong>der mit einem Gesamtgewicht von 137 kg seine Massivit\u00e4t und Haltbarkeit unter Beweis stellt. Angewandt <strong>Impr\u00e4gnierung bis zur Schutzklasse 3<\/strong> garantiert das ganze Jahr \u00fcber Best\u00e4ndigkeit gegen wechselnde Witterungsbedingungen - <strong>Regen, Schnee, Sonne oder Frost sind kein Problem<\/strong>.<\/p>\n<p>Verzinkte Schrauben und Metallkupplungen erm\u00f6glichen das Festziehen der Struktur, wenn das Holz \"bearbeitet\" wird, so dass auch nach jahrelangem Gebrauch eine perfekte Stabilit\u00e4t erhalten bleibt.<\/p>\n<p>Das Modell wird in Flachpaketen (flat-pack) mit komplettem Zubeh\u00f6r und Anleitung geliefert - die clevere Konstruktion erm\u00f6glicht trotz des gro\u00dfen Formats einen relativ einfachen Aufbau.<\/p>\n<p>\u2714\ufe0f <strong>Der gr\u00f6\u00dfte Tisch der Picknick-Kollektion<\/strong> - 8 Sitze in voller Gr\u00f6\u00dfe<\/p>\n<p>\u2714\ufe0f <strong>Integrierte R\u00fcckenlehnen<\/strong> - au\u00dfergew\u00f6hnlicher Benutzerkomfort<\/p>\n<p>\u2714\ufe0f <strong>Gesamtabmessungen:<\/strong> 2610 \u00d7 2610 \u00d7 910 mm<\/p>\n<p>\u2714\ufe0f <strong>Oben:<\/strong> 1325 \u00d7 1325 mm<\/p>\n<p>\u2714\ufe0f <strong>Dicke des Holzes:<\/strong> 41 mm<\/p>\n<p>\u2714\ufe0f <strong>Gewicht:<\/strong> 137 kg - eine Garantie f\u00fcr Stabilit\u00e4t und Qualit\u00e4t<\/p>\n<p>\u2714\ufe0f <strong>FSC\u00ae-Kiefernholz<\/strong> - aus verantwortungsvollen Quellen<\/p>\n<p>\u2714\ufe0f <strong>Impr\u00e4gnierung bis zur Kategorie 3<\/strong> - h\u00f6chster Au\u00dfenschutz<\/p>\n<p>\u2714\ufe0f<strong> Verzinkte Schrauben und Steckschl\u00fcsseleins\u00e4tze<\/strong> - Nachhaltigkeit, die beibehalten werden kann<\/p>\n<p>\u2714\ufe0f <strong>Pauschalangebot<\/strong> - Lieferung in Paketen, Selbstmontage<\/p>\n<p>\u2714\ufe0f<strong> Ideal f\u00fcr: Gastronomie, Hotels, Veranstaltungen, Schulen, Privatg\u00e4rten<\/strong><\/p>\n<p>Der quadratische Tisch Picnic \u00d8 2,6 m mit R\u00fcckenlehnen ist ein Vorzeigemodell, das nicht nur durch seine Gr\u00f6\u00dfe beeindruckt, sondern vor allem durch Komfort, Langlebigkeit und hochwertige \u00c4sthetik - bereit f\u00fcr die anspruchsvollsten Benutzer und Veranstaltungsorte.<\/p>","protected":false},"excerpt":{"rendered":"<p>St\u00f3\u0142 piknikowy kwadratowy z oparciami \u2013 8-osobowy gigant komfortu i trwa\u0142o\u015bci To najwi\u0119kszy i najbardziej zaawansowany model w\u015br\u00f3d zintegrowanych sto\u0142\u00f3w piknikowych dost\u0119pnych na rynku. St\u00f3\u0142 kwadratowy z oparciami z kolekcji Picnic to pe\u0142nowymiarowe centrum ogrodowe, kt\u00f3re \u0142\u0105czy wygod\u0119, funkcjonalno\u015b\u0107 i niezwyk\u0142\u0105 solidno\u015b\u0107, tworz\u0105c mebel gotowy na najbardziej wymagaj\u0105ce zastosowania \u2013 zar\u00f3wno prywatne, jak i komercyjne. [&hellip;]<\/p>\n","protected":false},"featured_media":2782,"template":"","meta":{"_acf_changed":false},"product_brand":[],"product_cat":[66],"product_tag":[88],"class_list":{"0":"post-2781","1":"product","2":"type-product","3":"status-publish","4":"has-post-thumbnail","6":"product_cat-stoly-piknikowe","7":"product_tag-kolekcja-picnic","8":"product_shipping_class-podstawowa","10":"first","11":"onbackorder","12":"taxable","13":"shipping-taxable","14":"purchasable","15":"product-type-simple","16":"add-to-wishlist-after_add_to_cart"},"acf":[],"yoast_head":"<!-- This site is optimized with the Yoast SEO plugin v26.6 - https:\/\/yoast.com\/wordpress\/plugins\/seo\/ -->\n<title>St\u00f3\u0142 kwadratowy z oparciami Picnic 8os. z drewna - Siesta Garden<\/title>\n<meta name=\"robots\" content=\"index, follow, max-snippet:-1, max-image-preview:large, max-video-preview:-1\" \/>\n<link rel=\"canonical\" href=\"https:\/\/www.siestagarden.com\/de\/produkt\/stol-kwadratowy-z-oparciami-picnic-8os-z-drewna\/\" \/>\n<meta property=\"og:locale\" content=\"de_DE\" \/>\n<meta property=\"og:type\" content=\"article\" \/>\n<meta property=\"og:title\" content=\"St\u00f3\u0142 kwadratowy z oparciami Picnic 8os. z drewna - Siesta Garden\" \/>\n<meta property=\"og:description\" content=\"St\u00f3\u0142 piknikowy kwadratowy z oparciami \u2013 8-osobowy gigant komfortu i trwa\u0142o\u015bci To najwi\u0119kszy i najbardziej zaawansowany model w\u015br\u00f3d zintegrowanych sto\u0142\u00f3w piknikowych dost\u0119pnych na rynku. St\u00f3\u0142 kwadratowy z oparciami z kolekcji Picnic to pe\u0142nowymiarowe centrum ogrodowe, kt\u00f3re \u0142\u0105czy wygod\u0119, funkcjonalno\u015b\u0107 i niezwyk\u0142\u0105 solidno\u015b\u0107, tworz\u0105c mebel gotowy na najbardziej wymagaj\u0105ce zastosowania \u2013 zar\u00f3wno prywatne, jak i komercyjne. [&hellip;]\" \/>\n<meta property=\"og:url\" content=\"https:\/\/www.siestagarden.com\/de\/produkt\/stol-kwadratowy-z-oparciami-picnic-8os-z-drewna\/\" \/>\n<meta property=\"og:site_name\" content=\"Siesta Garden\" \/>\n<meta property=\"article:modified_time\" content=\"2026-03-03T06:43:29+00:00\" \/>\n<meta property=\"og:image\" content=\"https:\/\/www.siestagarden.com\/wp-content\/uploads\/2025\/04\/IMG_3419.jpg\" \/>\n\t<meta property=\"og:image:width\" content=\"1275\" \/>\n\t<meta property=\"og:image:height\" content=\"850\" \/>\n\t<meta property=\"og:image:type\" content=\"image\/jpeg\" \/>\n<meta name=\"twitter:card\" content=\"summary_large_image\" \/>\n<meta name=\"twitter:label1\" content=\"Gesch\u00e4tzte Lesezeit\" \/>\n\t<meta name=\"twitter:data1\" content=\"3\u00a0Minuten\" \/>\n<script type=\"application\/ld+json\" class=\"yoast-schema-graph\">{\"@context\":\"https:\/\/schema.org\",\"@graph\":[{\"@type\":\"WebPage\",\"@id\":\"https:\/\/www.siestagarden.com\/produkt\/stol-kwadratowy-z-oparciami-picnic-8os-z-drewna\/\",\"url\":\"https:\/\/www.siestagarden.com\/produkt\/stol-kwadratowy-z-oparciami-picnic-8os-z-drewna\/\",\"name\":\"St\u00f3\u0142 kwadratowy z oparciami Picnic 8os. z drewna - Siesta Garden\",\"isPartOf\":{\"@id\":\"https:\/\/www.siestagarden.com\/#website\"},\"primaryImageOfPage\":{\"@id\":\"https:\/\/www.siestagarden.com\/produkt\/stol-kwadratowy-z-oparciami-picnic-8os-z-drewna\/#primaryimage\"},\"image\":{\"@id\":\"https:\/\/www.siestagarden.com\/produkt\/stol-kwadratowy-z-oparciami-picnic-8os-z-drewna\/#primaryimage\"},\"thumbnailUrl\":\"https:\/\/www.siestagarden.com\/wp-content\/uploads\/2025\/04\/IMG_3419.jpg\",\"datePublished\":\"2025-04-16T08:13:03+00:00\",\"dateModified\":\"2026-03-03T06:43:29+00:00\",\"breadcrumb\":{\"@id\":\"https:\/\/www.siestagarden.com\/produkt\/stol-kwadratowy-z-oparciami-picnic-8os-z-drewna\/#breadcrumb\"},\"inLanguage\":\"de\",\"potentialAction\":[{\"@type\":\"ReadAction\",\"target\":[\"https:\/\/www.siestagarden.com\/produkt\/stol-kwadratowy-z-oparciami-picnic-8os-z-drewna\/\"]}]},{\"@type\":\"ImageObject\",\"inLanguage\":\"de\",\"@id\":\"https:\/\/www.siestagarden.com\/produkt\/stol-kwadratowy-z-oparciami-picnic-8os-z-drewna\/#primaryimage\",\"url\":\"https:\/\/www.siestagarden.com\/wp-content\/uploads\/2025\/04\/IMG_3419.jpg\",\"contentUrl\":\"https:\/\/www.siestagarden.com\/wp-content\/uploads\/2025\/04\/IMG_3419.jpg\",\"width\":1275,\"height\":850},{\"@type\":\"BreadcrumbList\",\"@id\":\"https:\/\/www.siestagarden.com\/produkt\/stol-kwadratowy-z-oparciami-picnic-8os-z-drewna\/#breadcrumb\",\"itemListElement\":[{\"@type\":\"ListItem\",\"position\":1,\"name\":\"Strona g\u0142\u00f3wna\",\"item\":\"https:\/\/www.siestagarden.com\/\"},{\"@type\":\"ListItem\",\"position\":2,\"name\":\"Sklep\",\"item\":\"https:\/\/www.siestagarden.com\/sklep\/\"},{\"@type\":\"ListItem\",\"position\":3,\"name\":\"St\u00f3\u0142 kwadratowy z oparciami Picnic 8os. z drewna\"}]},{\"@type\":\"WebSite\",\"@id\":\"https:\/\/www.siestagarden.com\/#website\",\"url\":\"https:\/\/www.siestagarden.com\/\",\"name\":\"Siesta Garden\",\"description\":\"Meble do Twojego ogrodu. Polski producent drewnianych mebli najwy\u017cszej jako\u015bci.\",\"potentialAction\":[{\"@type\":\"SearchAction\",\"target\":{\"@type\":\"EntryPoint\",\"urlTemplate\":\"https:\/\/www.siestagarden.com\/?s={search_term_string}\"},\"query-input\":{\"@type\":\"PropertyValueSpecification\",\"valueRequired\":true,\"valueName\":\"search_term_string\"}}],\"inLanguage\":\"de\"}]}<\/script>\n<!-- \/ Yoast SEO plugin. -->","yoast_head_json":{"title":"St\u00f3\u0142 kwadratowy z oparciami Picnic 8os. z drewna - Siesta Garden","robots":{"index":"index","follow":"follow","max-snippet":"max-snippet:-1","max-image-preview":"max-image-preview:large","max-video-preview":"max-video-preview:-1"},"canonical":"https:\/\/www.siestagarden.com\/de\/produkt\/stol-kwadratowy-z-oparciami-picnic-8os-z-drewna\/","og_locale":"de_DE","og_type":"article","og_title":"St\u00f3\u0142 kwadratowy z oparciami Picnic 8os. z drewna - Siesta Garden","og_description":"St\u00f3\u0142 piknikowy kwadratowy z oparciami \u2013 8-osobowy gigant komfortu i trwa\u0142o\u015bci To najwi\u0119kszy i najbardziej zaawansowany model w\u015br\u00f3d zintegrowanych sto\u0142\u00f3w piknikowych dost\u0119pnych na rynku. St\u00f3\u0142 kwadratowy z oparciami z kolekcji Picnic to pe\u0142nowymiarowe centrum ogrodowe, kt\u00f3re \u0142\u0105czy wygod\u0119, funkcjonalno\u015b\u0107 i niezwyk\u0142\u0105 solidno\u015b\u0107, tworz\u0105c mebel gotowy na najbardziej wymagaj\u0105ce zastosowania \u2013 zar\u00f3wno prywatne, jak i komercyjne. [&hellip;]","og_url":"https:\/\/www.siestagarden.com\/de\/produkt\/stol-kwadratowy-z-oparciami-picnic-8os-z-drewna\/","og_site_name":"Siesta Garden","article_modified_time":"2026-03-03T06:43:29+00:00","og_image":[{"width":1275,"height":850,"url":"https:\/\/www.siestagarden.com\/wp-content\/uploads\/2025\/04\/IMG_3419.jpg","type":"image\/jpeg"}],"twitter_card":"summary_large_image","twitter_misc":{"Gesch\u00e4tzte Lesezeit":"3\u00a0Minuten"},"schema":{"@context":"https:\/\/schema.org","@graph":[{"@type":"WebPage","@id":"https:\/\/www.siestagarden.com\/produkt\/stol-kwadratowy-z-oparciami-picnic-8os-z-drewna\/","url":"https:\/\/www.siestagarden.com\/produkt\/stol-kwadratowy-z-oparciami-picnic-8os-z-drewna\/","name":"St\u00f3\u0142 kwadratowy z oparciami Picnic 8os. z drewna - Siesta Garden","isPartOf":{"@id":"https:\/\/www.siestagarden.com\/#website"},"primaryImageOfPage":{"@id":"https:\/\/www.siestagarden.com\/produkt\/stol-kwadratowy-z-oparciami-picnic-8os-z-drewna\/#primaryimage"},"image":{"@id":"https:\/\/www.siestagarden.com\/produkt\/stol-kwadratowy-z-oparciami-picnic-8os-z-drewna\/#primaryimage"},"thumbnailUrl":"https:\/\/www.siestagarden.com\/wp-content\/uploads\/2025\/04\/IMG_3419.jpg","datePublished":"2025-04-16T08:13:03+00:00","dateModified":"2026-03-03T06:43:29+00:00","breadcrumb":{"@id":"https:\/\/www.siestagarden.com\/produkt\/stol-kwadratowy-z-oparciami-picnic-8os-z-drewna\/#breadcrumb"},"inLanguage":"de","potentialAction":[{"@type":"ReadAction","target":["https:\/\/www.siestagarden.com\/produkt\/stol-kwadratowy-z-oparciami-picnic-8os-z-drewna\/"]}]},{"@type":"ImageObject","inLanguage":"de","@id":"https:\/\/www.siestagarden.com\/produkt\/stol-kwadratowy-z-oparciami-picnic-8os-z-drewna\/#primaryimage","url":"https:\/\/www.siestagarden.com\/wp-content\/uploads\/2025\/04\/IMG_3419.jpg","contentUrl":"https:\/\/www.siestagarden.com\/wp-content\/uploads\/2025\/04\/IMG_3419.jpg","width":1275,"height":850},{"@type":"BreadcrumbList","@id":"https:\/\/www.siestagarden.com\/produkt\/stol-kwadratowy-z-oparciami-picnic-8os-z-drewna\/#breadcrumb","itemListElement":[{"@type":"ListItem","position":1,"name":"Strona g\u0142\u00f3wna","item":"https:\/\/www.siestagarden.com\/"},{"@type":"ListItem","position":2,"name":"Sklep","item":"https:\/\/www.siestagarden.com\/sklep\/"},{"@type":"ListItem","position":3,"name":"St\u00f3\u0142 kwadratowy z oparciami Picnic 8os. z drewna"}]},{"@type":"WebSite","@id":"https:\/\/www.siestagarden.com\/#website","url":"https:\/\/www.siestagarden.com\/","name":"Siesta Garten","description":"M\u00f6bel f\u00fcr Ihren Garten. Polnischen Hersteller von Holzm\u00f6beln von h\u00f6chster Qualit\u00e4t.","potentialAction":[{"@type":"SearchAction","target":{"@type":"EntryPoint","urlTemplate":"https:\/\/www.siestagarden.com\/?s={search_term_string}"},"query-input":{"@type":"PropertyValueSpecification","valueRequired":true,"valueName":"search_term_string"}}],"inLanguage":"de"}]}},"_links":{"self":[{"href":"https:\/\/www.siestagarden.com\/de\/wp-json\/wp\/v2\/product\/2781","targetHints":{"allow":["GET"]}}],"collection":[{"href":"https:\/\/www.siestagarden.com\/de\/wp-json\/wp\/v2\/product"}],"about":[{"href":"https:\/\/www.siestagarden.com\/de\/wp-json\/wp\/v2\/types\/product"}],"wp:featuredmedia":[{"embeddable":true,"href":"https:\/\/www.siestagarden.com\/de\/wp-json\/wp\/v2\/media\/2782"}],"wp:attachment":[{"href":"https:\/\/www.siestagarden.com\/de\/wp-json\/wp\/v2\/media?parent=2781"}],"wp:term":[{"taxonomy":"product_brand","embeddable":true,"href":"https:\/\/www.siestagarden.com\/de\/wp-json\/wp\/v2\/product_brand?post=2781"},{"taxonomy":"product_cat","embeddable":true,"href":"https:\/\/www.siestagarden.com\/de\/wp-json\/wp\/v2\/product_cat?post=2781"},{"taxonomy":"product_tag","embeddable":true,"href":"https:\/\/www.siestagarden.com\/de\/wp-json\/wp\/v2\/product_tag?post=2781"}],"curies":[{"name":"wp","href":"https:\/\/api.w.org\/{rel}","templated":true}]}}