{"id":2795,"date":"2025-04-16T11:51:41","date_gmt":"2025-04-16T09:51:41","guid":{"rendered":"https:\/\/www.siestagarden.com\/?post_type=product&#038;p=2795"},"modified":"2026-04-24T10:39:57","modified_gmt":"2026-04-24T08:39:57","slug":"stol-okragly-o-1-5-m-jork-8os-picnic-z-drewna","status":"publish","type":"product","link":"https:\/\/www.siestagarden.com\/de\/produkt\/stol-okragly-o-1-5-m-jork-8os-picnic-z-drewna\/","title":{"rendered":"Runder Tisch \u00d8 1,1 m York 8-Personen. Picknick aus Holz"},"content":{"rendered":"<p><strong>Runder Tisch \u00d8 1,1 m York<\/strong> <strong>- 8-Personen-Picknick-Set aus Holz<\/strong><br \/>\nSind Sie auf der Suche nach einem gro\u00dfen, bequemen und robusten Picknicktisch, der sich sowohl in privaten G\u00e4rten als auch in gewerblichen R\u00e4umen gut macht? Der Tisch York \u00d8 1,1 m aus der Picnic-Kollektion ist ein <strong>eine L\u00f6sung, die maximale Funktionalit\u00e4t, Komfort und au\u00dfergew\u00f6hnliche Langlebigkeit vereint.<\/strong><\/p>\n<p>Dieses Modell bietet integrierte, <strong>volle Bestuhlung f\u00fcr 8 Personen<\/strong>, verteilt \u00fcber <strong>ger\u00e4umige Tischplatte mit einem Durchmesser von 110 cm<\/strong>. So hat jeder Nutzer freien Zugang zum Tisch, und die geschlossene Form der Sitze ist auch ideal f\u00fcr das gemeinsame Schlemmen mit Kindern.<\/p>\n<p>Die Struktur wurde aus massivem <strong>FSC\u00ae-Kiefernholz<\/strong>mit Tafeln von beeindruckender<strong> 31 mm dick<\/strong>. Dies garantiert<strong> Stabilit\u00e4t und Robustheit<\/strong> f\u00fcr intensive<strong> Einsatz unter Alltagsbedingungen<\/strong> - beide in <strong>Restaurantg\u00e4rten, aber auch in Schulen, Parks oder Familieng\u00e4rten.<\/strong><\/p>\n<p>Der Tisch wurde gesichert durch <strong>Impr\u00e4gnierung nach Schutzklasse 3<\/strong>Sie sind das ganze Jahr \u00fcber resistent gegen Regen, Sonne, Feuchtigkeit und wechselnde Witterungsbedingungen. <strong>Keine zus\u00e4tzliche Sicherheit erforderlich<\/strong>Um jedoch ein frisches Aussehen zu erhalten, kann einmal im Jahr ein wasserabweisendes Mittel aufgetragen werden.<\/p>\n<p>Alle Verbindungen werden mit verzinkten Schrauben und Metallkupplungen hergestellt, die ein Festziehen erm\u00f6glichen, w\u00e4hrend das Holz auf nat\u00fcrliche Weise arbeitet - was die Lebensdauer und die Steifigkeit der Struktur erh\u00f6ht.<\/p>\n<p>Wird zerlegt geliefert (zur Selbstmontage) - komplett mit Beschl\u00e4gen und klaren Anweisungen.<\/p>\n<p>\u2714\ufe0f<strong> Integrierte Bestuhlung f\u00fcr 8 Personen<\/strong> - ideal f\u00fcr gemeinschaftliche Mahlzeiten<br \/>\n\u2714\ufe0f <strong>Oberer Durchmesser:<\/strong> \u00d8 1100 mm<br \/>\n\u2714\ufe0f <strong>31 mm dicke Platten<\/strong> - au\u00dfergew\u00f6hnliche Haltbarkeit<br \/>\n\u2714\ufe0f <strong>FSC\u00ae-Kiefernholz<\/strong> - verantwortungsvolle Auswahl<br \/>\n\u2714\ufe0f <strong>Impr\u00e4gnierung bis zur Schutzklasse 3<\/strong> - v\u00f6llig wetterfest<br \/>\n\u2714\ufe0f <strong>Verzinkte Schrauben und Metallverschraubungen<\/strong> - Haltbarkeit und Verschlie\u00dfbarkeit<br \/>\n\u2714\ufe0f <strong>Pauschalangebot<\/strong> - schnelle Montage und einfache Logistik<br \/>\n\u2714\ufe0f <strong>Ideal f\u00fcr: Gastronomie, Schulen, Freizeitzentren, G\u00e4rten, Parks<\/strong><br \/>\nDer York Round Table \u00d8 1,1 m ist eine solide Investition in Komfort, Stil und Qualit\u00e4t, die sich \u00fcberall dort bew\u00e4hrt, wo das gemeinschaftliche Leben im Freien wichtig ist.<\/p>","protected":false},"excerpt":{"rendered":"<p>St\u00f3\u0142 okr\u0105g\u0142y \u00d8 1.1 m Jork \u2013 8-osobowy zestaw piknikowy z drewna Szukasz du\u017cego, wygodnego i solidnego sto\u0142u piknikowego, kt\u00f3ry sprawdzi si\u0119 zar\u00f3wno w ogrodzie prywatnym, jak i w przestrzeni komercyjnej? St\u00f3\u0142 Jork \u00d8 1.1 m z kolekcji Picnic to rozwi\u0105zanie, kt\u00f3re \u0142\u0105czy maksymaln\u0105 funkcjonalno\u015b\u0107, wygod\u0119 i wyj\u0105tkow\u0105 trwa\u0142o\u015b\u0107. Ten model oferuje zintegrowane, pe\u0142ne siedziska [&hellip;]<\/p>\n","protected":false},"featured_media":2796,"template":"","meta":{"_acf_changed":false},"product_brand":[],"product_cat":[66],"product_tag":[88],"class_list":{"0":"post-2795","1":"product","2":"type-product","3":"status-publish","4":"has-post-thumbnail","6":"product_cat-stoly-piknikowe","7":"product_tag-kolekcja-picnic","8":"product_shipping_class-podstawowa","10":"first","11":"instock","12":"taxable","13":"shipping-taxable","14":"purchasable","15":"product-type-simple","16":"add-to-wishlist-after_add_to_cart"},"acf":[],"yoast_head":"<!-- This site is optimized with the Yoast SEO plugin v26.6 - https:\/\/yoast.com\/wordpress\/plugins\/seo\/ -->\n<title>St\u00f3\u0142 okr\u0105g\u0142y \u00d8 1.1 m Jork 8os. Picnic z drewna - Siesta Garden<\/title>\n<meta name=\"robots\" content=\"index, follow, max-snippet:-1, max-image-preview:large, max-video-preview:-1\" \/>\n<link rel=\"canonical\" href=\"https:\/\/www.siestagarden.com\/de\/produkt\/stol-okragly-o-1-5-m-jork-8os-picnic-z-drewna\/\" \/>\n<meta property=\"og:locale\" content=\"de_DE\" \/>\n<meta property=\"og:type\" content=\"article\" \/>\n<meta property=\"og:title\" content=\"St\u00f3\u0142 okr\u0105g\u0142y \u00d8 1.1 m Jork 8os. Picnic z drewna - Siesta Garden\" \/>\n<meta property=\"og:description\" content=\"St\u00f3\u0142 okr\u0105g\u0142y \u00d8 1.1 m Jork \u2013 8-osobowy zestaw piknikowy z drewna Szukasz du\u017cego, wygodnego i solidnego sto\u0142u piknikowego, kt\u00f3ry sprawdzi si\u0119 zar\u00f3wno w ogrodzie prywatnym, jak i w przestrzeni komercyjnej? St\u00f3\u0142 Jork \u00d8 1.1 m z kolekcji Picnic to rozwi\u0105zanie, kt\u00f3re \u0142\u0105czy maksymaln\u0105 funkcjonalno\u015b\u0107, wygod\u0119 i wyj\u0105tkow\u0105 trwa\u0142o\u015b\u0107. Ten model oferuje zintegrowane, pe\u0142ne siedziska [&hellip;]\" \/>\n<meta property=\"og:url\" content=\"https:\/\/www.siestagarden.com\/de\/produkt\/stol-okragly-o-1-5-m-jork-8os-picnic-z-drewna\/\" \/>\n<meta property=\"og:site_name\" content=\"Siesta Garden\" \/>\n<meta property=\"article:modified_time\" content=\"2026-04-24T08:39:57+00:00\" \/>\n<meta property=\"og:image\" content=\"https:\/\/www.siestagarden.com\/wp-content\/uploads\/2025\/04\/IMG_0872.jpg\" \/>\n\t<meta property=\"og:image:width\" content=\"1600\" \/>\n\t<meta property=\"og:image:height\" content=\"1067\" \/>\n\t<meta property=\"og:image:type\" content=\"image\/jpeg\" \/>\n<meta name=\"twitter:card\" content=\"summary_large_image\" \/>\n<meta name=\"twitter:label1\" content=\"Gesch\u00e4tzte Lesezeit\" \/>\n\t<meta name=\"twitter:data1\" content=\"2\u00a0Minuten\" \/>\n<script type=\"application\/ld+json\" class=\"yoast-schema-graph\">{\"@context\":\"https:\/\/schema.org\",\"@graph\":[{\"@type\":\"WebPage\",\"@id\":\"https:\/\/www.siestagarden.com\/produkt\/stol-okragly-o-1-5-m-jork-8os-picnic-z-drewna\/\",\"url\":\"https:\/\/www.siestagarden.com\/produkt\/stol-okragly-o-1-5-m-jork-8os-picnic-z-drewna\/\",\"name\":\"St\u00f3\u0142 okr\u0105g\u0142y \u00d8 1.1 m Jork 8os. Picnic z drewna - Siesta Garden\",\"isPartOf\":{\"@id\":\"https:\/\/www.siestagarden.com\/#website\"},\"primaryImageOfPage\":{\"@id\":\"https:\/\/www.siestagarden.com\/produkt\/stol-okragly-o-1-5-m-jork-8os-picnic-z-drewna\/#primaryimage\"},\"image\":{\"@id\":\"https:\/\/www.siestagarden.com\/produkt\/stol-okragly-o-1-5-m-jork-8os-picnic-z-drewna\/#primaryimage\"},\"thumbnailUrl\":\"https:\/\/www.siestagarden.com\/wp-content\/uploads\/2025\/04\/IMG_0872.jpg\",\"datePublished\":\"2025-04-16T09:51:41+00:00\",\"dateModified\":\"2026-04-24T08:39:57+00:00\",\"breadcrumb\":{\"@id\":\"https:\/\/www.siestagarden.com\/produkt\/stol-okragly-o-1-5-m-jork-8os-picnic-z-drewna\/#breadcrumb\"},\"inLanguage\":\"de\",\"potentialAction\":[{\"@type\":\"ReadAction\",\"target\":[\"https:\/\/www.siestagarden.com\/produkt\/stol-okragly-o-1-5-m-jork-8os-picnic-z-drewna\/\"]}]},{\"@type\":\"ImageObject\",\"inLanguage\":\"de\",\"@id\":\"https:\/\/www.siestagarden.com\/produkt\/stol-okragly-o-1-5-m-jork-8os-picnic-z-drewna\/#primaryimage\",\"url\":\"https:\/\/www.siestagarden.com\/wp-content\/uploads\/2025\/04\/IMG_0872.jpg\",\"contentUrl\":\"https:\/\/www.siestagarden.com\/wp-content\/uploads\/2025\/04\/IMG_0872.jpg\",\"width\":1600,\"height\":1067},{\"@type\":\"BreadcrumbList\",\"@id\":\"https:\/\/www.siestagarden.com\/produkt\/stol-okragly-o-1-5-m-jork-8os-picnic-z-drewna\/#breadcrumb\",\"itemListElement\":[{\"@type\":\"ListItem\",\"position\":1,\"name\":\"Strona g\u0142\u00f3wna\",\"item\":\"https:\/\/www.siestagarden.com\/\"},{\"@type\":\"ListItem\",\"position\":2,\"name\":\"Sklep\",\"item\":\"https:\/\/www.siestagarden.com\/sklep\/\"},{\"@type\":\"ListItem\",\"position\":3,\"name\":\"St\u00f3\u0142 okr\u0105g\u0142y \u00d8 1.1 m Jork 8os. Picnic z drewna\"}]},{\"@type\":\"WebSite\",\"@id\":\"https:\/\/www.siestagarden.com\/#website\",\"url\":\"https:\/\/www.siestagarden.com\/\",\"name\":\"Siesta Garden\",\"description\":\"Meble do Twojego ogrodu. Polski producent drewnianych mebli najwy\u017cszej jako\u015bci.\",\"potentialAction\":[{\"@type\":\"SearchAction\",\"target\":{\"@type\":\"EntryPoint\",\"urlTemplate\":\"https:\/\/www.siestagarden.com\/?s={search_term_string}\"},\"query-input\":{\"@type\":\"PropertyValueSpecification\",\"valueRequired\":true,\"valueName\":\"search_term_string\"}}],\"inLanguage\":\"de\"}]}<\/script>\n<!-- \/ Yoast SEO plugin. -->","yoast_head_json":{"title":"St\u00f3\u0142 okr\u0105g\u0142y \u00d8 1.1 m Jork 8os. Picnic z drewna - Siesta Garden","robots":{"index":"index","follow":"follow","max-snippet":"max-snippet:-1","max-image-preview":"max-image-preview:large","max-video-preview":"max-video-preview:-1"},"canonical":"https:\/\/www.siestagarden.com\/de\/produkt\/stol-okragly-o-1-5-m-jork-8os-picnic-z-drewna\/","og_locale":"de_DE","og_type":"article","og_title":"St\u00f3\u0142 okr\u0105g\u0142y \u00d8 1.1 m Jork 8os. Picnic z drewna - Siesta Garden","og_description":"St\u00f3\u0142 okr\u0105g\u0142y \u00d8 1.1 m Jork \u2013 8-osobowy zestaw piknikowy z drewna Szukasz du\u017cego, wygodnego i solidnego sto\u0142u piknikowego, kt\u00f3ry sprawdzi si\u0119 zar\u00f3wno w ogrodzie prywatnym, jak i w przestrzeni komercyjnej? St\u00f3\u0142 Jork \u00d8 1.1 m z kolekcji Picnic to rozwi\u0105zanie, kt\u00f3re \u0142\u0105czy maksymaln\u0105 funkcjonalno\u015b\u0107, wygod\u0119 i wyj\u0105tkow\u0105 trwa\u0142o\u015b\u0107. Ten model oferuje zintegrowane, pe\u0142ne siedziska [&hellip;]","og_url":"https:\/\/www.siestagarden.com\/de\/produkt\/stol-okragly-o-1-5-m-jork-8os-picnic-z-drewna\/","og_site_name":"Siesta Garden","article_modified_time":"2026-04-24T08:39:57+00:00","og_image":[{"width":1600,"height":1067,"url":"https:\/\/www.siestagarden.com\/wp-content\/uploads\/2025\/04\/IMG_0872.jpg","type":"image\/jpeg"}],"twitter_card":"summary_large_image","twitter_misc":{"Gesch\u00e4tzte Lesezeit":"2\u00a0Minuten"},"schema":{"@context":"https:\/\/schema.org","@graph":[{"@type":"WebPage","@id":"https:\/\/www.siestagarden.com\/produkt\/stol-okragly-o-1-5-m-jork-8os-picnic-z-drewna\/","url":"https:\/\/www.siestagarden.com\/produkt\/stol-okragly-o-1-5-m-jork-8os-picnic-z-drewna\/","name":"St\u00f3\u0142 okr\u0105g\u0142y \u00d8 1.1 m Jork 8os. Picnic z drewna - Siesta Garden","isPartOf":{"@id":"https:\/\/www.siestagarden.com\/#website"},"primaryImageOfPage":{"@id":"https:\/\/www.siestagarden.com\/produkt\/stol-okragly-o-1-5-m-jork-8os-picnic-z-drewna\/#primaryimage"},"image":{"@id":"https:\/\/www.siestagarden.com\/produkt\/stol-okragly-o-1-5-m-jork-8os-picnic-z-drewna\/#primaryimage"},"thumbnailUrl":"https:\/\/www.siestagarden.com\/wp-content\/uploads\/2025\/04\/IMG_0872.jpg","datePublished":"2025-04-16T09:51:41+00:00","dateModified":"2026-04-24T08:39:57+00:00","breadcrumb":{"@id":"https:\/\/www.siestagarden.com\/produkt\/stol-okragly-o-1-5-m-jork-8os-picnic-z-drewna\/#breadcrumb"},"inLanguage":"de","potentialAction":[{"@type":"ReadAction","target":["https:\/\/www.siestagarden.com\/produkt\/stol-okragly-o-1-5-m-jork-8os-picnic-z-drewna\/"]}]},{"@type":"ImageObject","inLanguage":"de","@id":"https:\/\/www.siestagarden.com\/produkt\/stol-okragly-o-1-5-m-jork-8os-picnic-z-drewna\/#primaryimage","url":"https:\/\/www.siestagarden.com\/wp-content\/uploads\/2025\/04\/IMG_0872.jpg","contentUrl":"https:\/\/www.siestagarden.com\/wp-content\/uploads\/2025\/04\/IMG_0872.jpg","width":1600,"height":1067},{"@type":"BreadcrumbList","@id":"https:\/\/www.siestagarden.com\/produkt\/stol-okragly-o-1-5-m-jork-8os-picnic-z-drewna\/#breadcrumb","itemListElement":[{"@type":"ListItem","position":1,"name":"Strona g\u0142\u00f3wna","item":"https:\/\/www.siestagarden.com\/"},{"@type":"ListItem","position":2,"name":"Sklep","item":"https:\/\/www.siestagarden.com\/sklep\/"},{"@type":"ListItem","position":3,"name":"St\u00f3\u0142 okr\u0105g\u0142y \u00d8 1.1 m Jork 8os. Picnic z drewna"}]},{"@type":"WebSite","@id":"https:\/\/www.siestagarden.com\/#website","url":"https:\/\/www.siestagarden.com\/","name":"Siesta Garten","description":"M\u00f6bel f\u00fcr Ihren Garten. Polnischen Hersteller von Holzm\u00f6beln von h\u00f6chster Qualit\u00e4t.","potentialAction":[{"@type":"SearchAction","target":{"@type":"EntryPoint","urlTemplate":"https:\/\/www.siestagarden.com\/?s={search_term_string}"},"query-input":{"@type":"PropertyValueSpecification","valueRequired":true,"valueName":"search_term_string"}}],"inLanguage":"de"}]}},"_links":{"self":[{"href":"https:\/\/www.siestagarden.com\/de\/wp-json\/wp\/v2\/product\/2795","targetHints":{"allow":["GET"]}}],"collection":[{"href":"https:\/\/www.siestagarden.com\/de\/wp-json\/wp\/v2\/product"}],"about":[{"href":"https:\/\/www.siestagarden.com\/de\/wp-json\/wp\/v2\/types\/product"}],"wp:featuredmedia":[{"embeddable":true,"href":"https:\/\/www.siestagarden.com\/de\/wp-json\/wp\/v2\/media\/2796"}],"wp:attachment":[{"href":"https:\/\/www.siestagarden.com\/de\/wp-json\/wp\/v2\/media?parent=2795"}],"wp:term":[{"taxonomy":"product_brand","embeddable":true,"href":"https:\/\/www.siestagarden.com\/de\/wp-json\/wp\/v2\/product_brand?post=2795"},{"taxonomy":"product_cat","embeddable":true,"href":"https:\/\/www.siestagarden.com\/de\/wp-json\/wp\/v2\/product_cat?post=2795"},{"taxonomy":"product_tag","embeddable":true,"href":"https:\/\/www.siestagarden.com\/de\/wp-json\/wp\/v2\/product_tag?post=2795"}],"curies":[{"name":"wp","href":"https:\/\/api.w.org\/{rel}","templated":true}]}}