{"id":2881,"date":"2025-04-23T14:57:40","date_gmt":"2025-04-23T12:57:40","guid":{"rendered":"https:\/\/www.siestagarden.com\/?post_type=product&#038;p=2881"},"modified":"2026-02-12T09:09:51","modified_gmt":"2026-02-12T08:09:51","slug":"2881","status":"publish","type":"product","link":"https:\/\/www.siestagarden.com\/de\/produkt\/2881\/","title":{"rendered":"Arki klappbares Gartensofa"},"content":{"rendered":"<p><strong>ARKI ausklappbares Gartensofa<\/strong> - Ihre Entspannungszone in einem M\u00f6belst\u00fcck<\/p>\n<p>Gartensofa <strong>ARKI<\/strong> ist die perfekte Kombination aus Design und Funktion. Seine gr\u00f6\u00dften Vorz\u00fcge sind <strong>bewegliche Armlehnen<\/strong>die, wenn sie aufgeklappt wird, das Sofa in ein <strong>bequemes Bett<\/strong> - ideal f\u00fcr <strong>ein Nickerchen im Schatten, ein Buch lesen oder ein ruhiger Abend unter einer Wolke<\/strong>. Die Struktur ist aus massivem skandinavischen Holz mit einer<strong> FSC\u00ae-zertifiziert<\/strong>Dies garantiert die Haltbarkeit und die verantwortungsvolle Herkunft des Materials. Das Holz wurde gebeizt in <strong>T\u00fcrkis, Urlaubst\u00f6nung<\/strong> mit einem Impr\u00e4gniermittel, das nicht nur<strong> sch\u00fctzt<\/strong>sondern verleiht der Oberfl\u00e4che auch eine angenehme <strong>Gl\u00e4tte und einen unverwechselbaren Glanz.<\/strong><\/p>\n<p>Es ist eine gro\u00dfartige L\u00f6sung sowohl f\u00fcr kleine Balkone als auch f\u00fcr gr\u00f6\u00dfere G\u00e4rten.<strong> ARKI-Sofa<\/strong> findet seinen Weg in jeden Raum und bietet Entspannung und Funktionalit\u00e4t auf stilvolle Weise.<\/p>\n<p>F\u00fcr maximalen Komfort wird das Sofa mit einer dicken Futon-Matratze aus Outdoor-Stoff, die nicht verrutscht, und mit passenden Kissen geliefert.<\/p>\n<p>\u2714\ufe0f <strong>Klappbare Armlehnen<\/strong> - Bett und Sofafunktion in einem<br \/>\n\u2714\ufe0f <strong>FSC\u00ae-Massivholz<\/strong> - Nachhaltigkeit und \u00d6kologie<br \/>\n\u2714\ufe0f <strong>T\u00fcrkisfarbene Abdichtung<\/strong> - Urlaubsfarbe und glatte Oberfl\u00e4che<br \/>\n\u2714\ufe0f<strong> Kompakte Form ideal f\u00fcr kleine und gro\u00dfe R\u00e4ume<\/strong><br \/>\n\u2714\ufe0f<strong> Matratze und Kopfkissen inklusive<\/strong><br \/>\n\ud83d\udecb\ufe0f <strong>ARKI<\/strong> - Lehnen Sie sich zur\u00fcck, strecken Sie sich und entspannen Sie sich nach Belieben.<\/p>\n<p>&nbsp;<\/p>\n<p>&nbsp;<\/p>","protected":false},"excerpt":{"rendered":"<p>Rozk\u0142adana sofa ogrodowa ARKI \u2013 Twoja strefa relaksu w jednym meblu Sofa ogrodowa ARKI to doskona\u0142e po\u0142\u0105czenie designu i funkcji. Jej najwi\u0119kszym atutem s\u0105 ruchome pod\u0142okietniki, kt\u00f3re po roz\u0142o\u017ceniu przekszta\u0142caj\u0105 sof\u0119 w wygodne \u0142\u00f3\u017cko \u2013 idealne na drzemk\u0119 w cieniu, czytanie ksi\u0105\u017cki lub spokojny wiecz\u00f3r pod chmurk\u0105. Konstrukcja wykonana jest z litego drewna skandynawskiego z [&hellip;]<\/p>\n","protected":false},"featured_media":4183,"template":"","meta":{"_acf_changed":false},"product_brand":[],"product_cat":[69,67],"product_tag":[],"class_list":{"0":"post-2881","1":"product","2":"type-product","3":"status-publish","4":"has-post-thumbnail","6":"product_cat-lezaki-i-lezanki","7":"product_cat-sofy-i-lawki","8":"product_shipping_class-podstawowa","10":"first","11":"instock","12":"taxable","13":"shipping-taxable","14":"purchasable","15":"product-type-simple","16":"add-to-wishlist-after_add_to_cart"},"acf":[],"yoast_head":"<!-- This site is optimized with the Yoast SEO plugin v26.6 - https:\/\/yoast.com\/wordpress\/plugins\/seo\/ -->\n<title>Rozk\u0142adana sofa ogrodowa Arki - Siesta Garden<\/title>\n<meta name=\"robots\" content=\"index, follow, max-snippet:-1, max-image-preview:large, max-video-preview:-1\" \/>\n<link rel=\"canonical\" href=\"https:\/\/www.siestagarden.com\/de\/produkt\/2881\/\" \/>\n<meta property=\"og:locale\" content=\"de_DE\" \/>\n<meta property=\"og:type\" content=\"article\" \/>\n<meta property=\"og:title\" content=\"Rozk\u0142adana sofa ogrodowa Arki - Siesta Garden\" \/>\n<meta property=\"og:description\" content=\"Rozk\u0142adana sofa ogrodowa ARKI \u2013 Twoja strefa relaksu w jednym meblu Sofa ogrodowa ARKI to doskona\u0142e po\u0142\u0105czenie designu i funkcji. Jej najwi\u0119kszym atutem s\u0105 ruchome pod\u0142okietniki, kt\u00f3re po roz\u0142o\u017ceniu przekszta\u0142caj\u0105 sof\u0119 w wygodne \u0142\u00f3\u017cko \u2013 idealne na drzemk\u0119 w cieniu, czytanie ksi\u0105\u017cki lub spokojny wiecz\u00f3r pod chmurk\u0105. Konstrukcja wykonana jest z litego drewna skandynawskiego z [&hellip;]\" \/>\n<meta property=\"og:url\" content=\"https:\/\/www.siestagarden.com\/de\/produkt\/2881\/\" \/>\n<meta property=\"og:site_name\" content=\"Siesta Garden\" \/>\n<meta property=\"article:modified_time\" content=\"2026-02-12T08:09:51+00:00\" \/>\n<meta property=\"og:image\" content=\"https:\/\/www.siestagarden.com\/wp-content\/uploads\/2025\/04\/8776434-e1770883774536-1024x740.png\" \/>\n\t<meta property=\"og:image:width\" content=\"1024\" \/>\n\t<meta property=\"og:image:height\" content=\"740\" \/>\n\t<meta property=\"og:image:type\" content=\"image\/png\" \/>\n<meta name=\"twitter:card\" content=\"summary_large_image\" \/>\n<meta name=\"twitter:label1\" content=\"Gesch\u00e4tzte Lesezeit\" \/>\n\t<meta name=\"twitter:data1\" content=\"2\u00a0Minuten\" \/>\n<script type=\"application\/ld+json\" class=\"yoast-schema-graph\">{\"@context\":\"https:\/\/schema.org\",\"@graph\":[{\"@type\":\"WebPage\",\"@id\":\"https:\/\/www.siestagarden.com\/produkt\/2881\/\",\"url\":\"https:\/\/www.siestagarden.com\/produkt\/2881\/\",\"name\":\"Rozk\u0142adana sofa ogrodowa Arki - Siesta Garden\",\"isPartOf\":{\"@id\":\"https:\/\/www.siestagarden.com\/#website\"},\"primaryImageOfPage\":{\"@id\":\"https:\/\/www.siestagarden.com\/produkt\/2881\/#primaryimage\"},\"image\":{\"@id\":\"https:\/\/www.siestagarden.com\/produkt\/2881\/#primaryimage\"},\"thumbnailUrl\":\"https:\/\/www.siestagarden.com\/wp-content\/uploads\/2025\/04\/8776434-e1770883774536.png\",\"datePublished\":\"2025-04-23T12:57:40+00:00\",\"dateModified\":\"2026-02-12T08:09:51+00:00\",\"breadcrumb\":{\"@id\":\"https:\/\/www.siestagarden.com\/produkt\/2881\/#breadcrumb\"},\"inLanguage\":\"de\",\"potentialAction\":[{\"@type\":\"ReadAction\",\"target\":[\"https:\/\/www.siestagarden.com\/produkt\/2881\/\"]}]},{\"@type\":\"ImageObject\",\"inLanguage\":\"de\",\"@id\":\"https:\/\/www.siestagarden.com\/produkt\/2881\/#primaryimage\",\"url\":\"https:\/\/www.siestagarden.com\/wp-content\/uploads\/2025\/04\/8776434-e1770883774536.png\",\"contentUrl\":\"https:\/\/www.siestagarden.com\/wp-content\/uploads\/2025\/04\/8776434-e1770883774536.png\",\"width\":1523,\"height\":1100},{\"@type\":\"BreadcrumbList\",\"@id\":\"https:\/\/www.siestagarden.com\/produkt\/2881\/#breadcrumb\",\"itemListElement\":[{\"@type\":\"ListItem\",\"position\":1,\"name\":\"Strona g\u0142\u00f3wna\",\"item\":\"https:\/\/www.siestagarden.com\/\"},{\"@type\":\"ListItem\",\"position\":2,\"name\":\"Sklep\",\"item\":\"https:\/\/www.siestagarden.com\/sklep\/\"},{\"@type\":\"ListItem\",\"position\":3,\"name\":\"Rozk\u0142adana sofa ogrodowa Arki\"}]},{\"@type\":\"WebSite\",\"@id\":\"https:\/\/www.siestagarden.com\/#website\",\"url\":\"https:\/\/www.siestagarden.com\/\",\"name\":\"Siesta Garden\",\"description\":\"Meble do Twojego ogrodu. Polski producent drewnianych mebli najwy\u017cszej jako\u015bci.\",\"potentialAction\":[{\"@type\":\"SearchAction\",\"target\":{\"@type\":\"EntryPoint\",\"urlTemplate\":\"https:\/\/www.siestagarden.com\/?s={search_term_string}\"},\"query-input\":{\"@type\":\"PropertyValueSpecification\",\"valueRequired\":true,\"valueName\":\"search_term_string\"}}],\"inLanguage\":\"de\"}]}<\/script>\n<!-- \/ Yoast SEO plugin. -->","yoast_head_json":{"title":"Rozk\u0142adana sofa ogrodowa Arki - Siesta Garden","robots":{"index":"index","follow":"follow","max-snippet":"max-snippet:-1","max-image-preview":"max-image-preview:large","max-video-preview":"max-video-preview:-1"},"canonical":"https:\/\/www.siestagarden.com\/de\/produkt\/2881\/","og_locale":"de_DE","og_type":"article","og_title":"Rozk\u0142adana sofa ogrodowa Arki - Siesta Garden","og_description":"Rozk\u0142adana sofa ogrodowa ARKI \u2013 Twoja strefa relaksu w jednym meblu Sofa ogrodowa ARKI to doskona\u0142e po\u0142\u0105czenie designu i funkcji. Jej najwi\u0119kszym atutem s\u0105 ruchome pod\u0142okietniki, kt\u00f3re po roz\u0142o\u017ceniu przekszta\u0142caj\u0105 sof\u0119 w wygodne \u0142\u00f3\u017cko \u2013 idealne na drzemk\u0119 w cieniu, czytanie ksi\u0105\u017cki lub spokojny wiecz\u00f3r pod chmurk\u0105. Konstrukcja wykonana jest z litego drewna skandynawskiego z [&hellip;]","og_url":"https:\/\/www.siestagarden.com\/de\/produkt\/2881\/","og_site_name":"Siesta Garden","article_modified_time":"2026-02-12T08:09:51+00:00","og_image":[{"width":1024,"height":740,"url":"https:\/\/www.siestagarden.com\/wp-content\/uploads\/2025\/04\/8776434-e1770883774536-1024x740.png","type":"image\/png"}],"twitter_card":"summary_large_image","twitter_misc":{"Gesch\u00e4tzte Lesezeit":"2\u00a0Minuten"},"schema":{"@context":"https:\/\/schema.org","@graph":[{"@type":"WebPage","@id":"https:\/\/www.siestagarden.com\/produkt\/2881\/","url":"https:\/\/www.siestagarden.com\/produkt\/2881\/","name":"Rozk\u0142adana sofa ogrodowa Arki - Siesta Garden","isPartOf":{"@id":"https:\/\/www.siestagarden.com\/#website"},"primaryImageOfPage":{"@id":"https:\/\/www.siestagarden.com\/produkt\/2881\/#primaryimage"},"image":{"@id":"https:\/\/www.siestagarden.com\/produkt\/2881\/#primaryimage"},"thumbnailUrl":"https:\/\/www.siestagarden.com\/wp-content\/uploads\/2025\/04\/8776434-e1770883774536.png","datePublished":"2025-04-23T12:57:40+00:00","dateModified":"2026-02-12T08:09:51+00:00","breadcrumb":{"@id":"https:\/\/www.siestagarden.com\/produkt\/2881\/#breadcrumb"},"inLanguage":"de","potentialAction":[{"@type":"ReadAction","target":["https:\/\/www.siestagarden.com\/produkt\/2881\/"]}]},{"@type":"ImageObject","inLanguage":"de","@id":"https:\/\/www.siestagarden.com\/produkt\/2881\/#primaryimage","url":"https:\/\/www.siestagarden.com\/wp-content\/uploads\/2025\/04\/8776434-e1770883774536.png","contentUrl":"https:\/\/www.siestagarden.com\/wp-content\/uploads\/2025\/04\/8776434-e1770883774536.png","width":1523,"height":1100},{"@type":"BreadcrumbList","@id":"https:\/\/www.siestagarden.com\/produkt\/2881\/#breadcrumb","itemListElement":[{"@type":"ListItem","position":1,"name":"Strona g\u0142\u00f3wna","item":"https:\/\/www.siestagarden.com\/"},{"@type":"ListItem","position":2,"name":"Sklep","item":"https:\/\/www.siestagarden.com\/sklep\/"},{"@type":"ListItem","position":3,"name":"Rozk\u0142adana sofa ogrodowa Arki"}]},{"@type":"WebSite","@id":"https:\/\/www.siestagarden.com\/#website","url":"https:\/\/www.siestagarden.com\/","name":"Siesta Garten","description":"M\u00f6bel f\u00fcr Ihren Garten. Polnischen Hersteller von Holzm\u00f6beln von h\u00f6chster Qualit\u00e4t.","potentialAction":[{"@type":"SearchAction","target":{"@type":"EntryPoint","urlTemplate":"https:\/\/www.siestagarden.com\/?s={search_term_string}"},"query-input":{"@type":"PropertyValueSpecification","valueRequired":true,"valueName":"search_term_string"}}],"inLanguage":"de"}]}},"_links":{"self":[{"href":"https:\/\/www.siestagarden.com\/de\/wp-json\/wp\/v2\/product\/2881","targetHints":{"allow":["GET"]}}],"collection":[{"href":"https:\/\/www.siestagarden.com\/de\/wp-json\/wp\/v2\/product"}],"about":[{"href":"https:\/\/www.siestagarden.com\/de\/wp-json\/wp\/v2\/types\/product"}],"wp:featuredmedia":[{"embeddable":true,"href":"https:\/\/www.siestagarden.com\/de\/wp-json\/wp\/v2\/media\/4183"}],"wp:attachment":[{"href":"https:\/\/www.siestagarden.com\/de\/wp-json\/wp\/v2\/media?parent=2881"}],"wp:term":[{"taxonomy":"product_brand","embeddable":true,"href":"https:\/\/www.siestagarden.com\/de\/wp-json\/wp\/v2\/product_brand?post=2881"},{"taxonomy":"product_cat","embeddable":true,"href":"https:\/\/www.siestagarden.com\/de\/wp-json\/wp\/v2\/product_cat?post=2881"},{"taxonomy":"product_tag","embeddable":true,"href":"https:\/\/www.siestagarden.com\/de\/wp-json\/wp\/v2\/product_tag?post=2881"}],"curies":[{"name":"wp","href":"https:\/\/api.w.org\/{rel}","templated":true}]}}