{"id":2963,"date":"2025-05-20T13:11:54","date_gmt":"2025-05-20T11:11:54","guid":{"rendered":"https:\/\/www.siestagarden.com\/?post_type=product&#038;p=2963"},"modified":"2026-02-04T16:48:10","modified_gmt":"2026-02-04T15:48:10","slug":"ryby-z-lasu-chudini","status":"publish","type":"product","link":"https:\/\/www.siestagarden.com\/de\/produkt\/ryby-z-lasu-chudini\/","title":{"rendered":"Fisch aus dem Wald - Chudini"},"content":{"rendered":"<p>Genie\u00dfe deinen Fisch, verabschiede dich von der Langeweile und hei\u00dfe ein lustiges Abenteuer willkommen, das dir die Zeit zu Hause versch\u00f6nert!<\/p>\n<p>Entdecken Sie unser Kit <strong>drei bezaubernde Fischfiguren<\/strong> hergestellt aus zertifizierten <strong>FSC-Kiefernholz<\/strong>die alle darauf warten, in eine <strong>einzigartiges Kunstwerk<\/strong>. Entworfen, um eine Atmosph\u00e4re in Ihr Zuhause zu bringen <strong>Freude, Kreativit\u00e4t und Frieden<\/strong>Dieses charmante Set l\u00e4dt die G\u00e4ste ein, sich selbst zu verw\u00f6hnen.<strong> die intuitive Erfahrung der Malerei<\/strong>die sie bisher nicht kannten.<\/p>\n<p>Genie\u00dfen Sie Ihren Urlaub <strong>kreativ<\/strong> und beteiligen Sie Ihr Kind an etwas, das Spa\u00df macht <strong>bieten G\u00e4sten aller Altersgruppen eine entspannende und unterhaltsame Aktivit\u00e4t.<\/strong> Unabh\u00e4ngig von Ihrer Erfahrung bietet Ihnen unser Kit alles, was Sie brauchen, um eine <strong>Kunstwerke in einer entspannten Atmosph\u00e4re<\/strong>.<\/p>\n<p>In unserem <strong>ein fantastisches Paket<\/strong> finden Sie alles, was Sie brauchen, um Ihren inneren K\u00fcnstler zu entfesseln: <strong>drei lustige Fische, Farben, Pinsel und Schutzkissen<\/strong> mit einfachen Anweisungen.<\/p>\n<p>Hier erfahren Sie, wie Sie in den Spa\u00df eintauchen k\u00f6nnen:<\/p>\n<p>Sitzen Sie bequem in Ihrem<strong> Hotelzimmer<\/strong> oder einen Restaurantstand, verteilen Sie Ihre <strong>Utensilien<\/strong> und seien Sie darauf vorbereitet <strong>Erstellung von Zauberspr\u00fcchen<\/strong>. W\u00e4hlen Sie Ihren Fisch und<strong> Tauchen Sie ein in die Farbe<\/strong> - Hier gibt es keine Regeln, machen Sie einfach weiter und <strong>malen Sie, wie Sie wollen<\/strong>. Los geht's und mischen <strong>Farben<\/strong>, hinzuf\u00fcgen <strong>Glitzer<\/strong> oder sogar <strong>Aufkleber<\/strong> f\u00fcr einen zus\u00e4tzlichen Effekt. Sobald Sie Ihr Meisterwerk geschaffen haben, machen Sie ein Foto und <strong>es mit der Welt teilen<\/strong>! Ob Sie ein erfahrener K\u00fcnstler sind oder einfach nur Spa\u00df haben wollen, unser Z<strong>Waldfisch-Malset<\/strong> ist eine gute M\u00f6glichkeit, sich zu entspannen und kreativ zu sein. <strong>Also schnapp dir einen Pinsel und lass uns den Fisch bunt anmalen<\/strong><\/p>\n<p><strong><a href=\"https:\/\/www.siestagarden.com\/wp-content\/uploads\/2025\/05\/video-output-DA3FF488-8EA3-4E03-92D2-F6AF6420AD12.mov\">Schauen Sie sich das Video an und sehen Sie, was man mit unseren Fischen machen kann<\/a><\/strong><\/p>\n<p>Warum ist es sch\u00f6n, Fisch aus dem Wald zu haben?<\/p>\n<ul>\n<li><strong>Sie unterst\u00fctzen die europ\u00e4ische Wirtschaft<\/strong><\/li>\n<li><strong>Nehmen Sie aktiv an der Kreislaufwirtschaft teil<\/strong><\/li>\n<li><strong>Sie minimieren Ihren \u00f6kologischen Fu\u00dfabdruck<\/strong><\/li>\n<li><strong>Sie schaffen Ihre einzigartigen Kunstwerke aus hochwertigem, umweltfreundlichem Holz<\/strong><\/li>\n<li><strong>Sie treffen eine informierte Entscheidung und haben Spa\u00df daran!<\/strong><\/li>\n<\/ul>\n<p>&nbsp;<\/p>","protected":false},"excerpt":{"rendered":"<p>Ciesz si\u0119 swoj\u0105 ryb\u0105 po\u017cegnaj si\u0119 z nud\u0105 i powitaj zabawn\u0105 przygod\u0119, kt\u00f3ra rozja\u015bni czas sp\u0119dzony w twoim domu! Odkryj nasz zestaw trzech uroczych figurek ryb wykonanych z certyfikowanego drewna sosnowego FSC, ka\u017cda czekaj\u0105ca, by zosta\u0107 przekszta\u0142con\u0105 w unikatowe dzie\u0142o sztuki. Zaprojektowane, by wnie\u015b\u0107 do twojego domu atmosfer\u0119 rado\u015bci, kreatywno\u015bci i spokoju, ten czaruj\u0105cy zestaw [&hellip;]<\/p>\n","protected":false},"featured_media":2964,"template":"","meta":{"_acf_changed":false},"product_brand":[],"product_cat":[76,114,87],"product_tag":[],"class_list":{"0":"post-2963","1":"product","2":"type-product","3":"status-publish","4":"has-post-thumbnail","6":"product_cat-akcesoria-ogrodowe","7":"product_cat-dla-dzieci","8":"product_cat-promocje","9":"product_shipping_class-podstawowa","11":"first","12":"instock","13":"sale","14":"taxable","15":"shipping-taxable","16":"purchasable","17":"product-type-simple","18":"add-to-wishlist-after_add_to_cart"},"acf":[],"yoast_head":"<!-- This site is optimized with the Yoast SEO plugin v26.6 - https:\/\/yoast.com\/wordpress\/plugins\/seo\/ -->\n<title>Ryby z lasu - Chudini - Siesta Garden<\/title>\n<meta name=\"robots\" content=\"index, follow, max-snippet:-1, max-image-preview:large, max-video-preview:-1\" \/>\n<link rel=\"canonical\" href=\"https:\/\/www.siestagarden.com\/de\/produkt\/ryby-z-lasu-chudini\/\" \/>\n<meta property=\"og:locale\" content=\"de_DE\" \/>\n<meta property=\"og:type\" content=\"article\" \/>\n<meta property=\"og:title\" content=\"Ryby z lasu - Chudini - Siesta Garden\" \/>\n<meta property=\"og:description\" content=\"Ciesz si\u0119 swoj\u0105 ryb\u0105 po\u017cegnaj si\u0119 z nud\u0105 i powitaj zabawn\u0105 przygod\u0119, kt\u00f3ra rozja\u015bni czas sp\u0119dzony w twoim domu! Odkryj nasz zestaw trzech uroczych figurek ryb wykonanych z certyfikowanego drewna sosnowego FSC, ka\u017cda czekaj\u0105ca, by zosta\u0107 przekszta\u0142con\u0105 w unikatowe dzie\u0142o sztuki. Zaprojektowane, by wnie\u015b\u0107 do twojego domu atmosfer\u0119 rado\u015bci, kreatywno\u015bci i spokoju, ten czaruj\u0105cy zestaw [&hellip;]\" \/>\n<meta property=\"og:url\" content=\"https:\/\/www.siestagarden.com\/de\/produkt\/ryby-z-lasu-chudini\/\" \/>\n<meta property=\"og:site_name\" content=\"Siesta Garden\" \/>\n<meta property=\"article:modified_time\" content=\"2026-02-04T15:48:10+00:00\" \/>\n<meta property=\"og:image\" content=\"https:\/\/www.siestagarden.com\/wp-content\/uploads\/2025\/05\/5I3A8000-scaled.jpg\" \/>\n\t<meta property=\"og:image:width\" content=\"1707\" \/>\n\t<meta property=\"og:image:height\" content=\"2560\" \/>\n\t<meta property=\"og:image:type\" content=\"image\/jpeg\" \/>\n<meta name=\"twitter:card\" content=\"summary_large_image\" \/>\n<meta name=\"twitter:label1\" content=\"Gesch\u00e4tzte Lesezeit\" \/>\n\t<meta name=\"twitter:data1\" content=\"2\u00a0Minuten\" \/>\n<script type=\"application\/ld+json\" class=\"yoast-schema-graph\">{\"@context\":\"https:\/\/schema.org\",\"@graph\":[{\"@type\":\"WebPage\",\"@id\":\"https:\/\/www.siestagarden.com\/produkt\/ryby-z-lasu-chudini\/\",\"url\":\"https:\/\/www.siestagarden.com\/produkt\/ryby-z-lasu-chudini\/\",\"name\":\"Ryby z lasu - Chudini - Siesta Garden\",\"isPartOf\":{\"@id\":\"https:\/\/www.siestagarden.com\/#website\"},\"primaryImageOfPage\":{\"@id\":\"https:\/\/www.siestagarden.com\/produkt\/ryby-z-lasu-chudini\/#primaryimage\"},\"image\":{\"@id\":\"https:\/\/www.siestagarden.com\/produkt\/ryby-z-lasu-chudini\/#primaryimage\"},\"thumbnailUrl\":\"https:\/\/www.siestagarden.com\/wp-content\/uploads\/2025\/05\/5I3A8000-scaled.jpg\",\"datePublished\":\"2025-05-20T11:11:54+00:00\",\"dateModified\":\"2026-02-04T15:48:10+00:00\",\"breadcrumb\":{\"@id\":\"https:\/\/www.siestagarden.com\/produkt\/ryby-z-lasu-chudini\/#breadcrumb\"},\"inLanguage\":\"de\",\"potentialAction\":[{\"@type\":\"ReadAction\",\"target\":[\"https:\/\/www.siestagarden.com\/produkt\/ryby-z-lasu-chudini\/\"]}]},{\"@type\":\"ImageObject\",\"inLanguage\":\"de\",\"@id\":\"https:\/\/www.siestagarden.com\/produkt\/ryby-z-lasu-chudini\/#primaryimage\",\"url\":\"https:\/\/www.siestagarden.com\/wp-content\/uploads\/2025\/05\/5I3A8000-scaled.jpg\",\"contentUrl\":\"https:\/\/www.siestagarden.com\/wp-content\/uploads\/2025\/05\/5I3A8000-scaled.jpg\",\"width\":1707,\"height\":2560},{\"@type\":\"BreadcrumbList\",\"@id\":\"https:\/\/www.siestagarden.com\/produkt\/ryby-z-lasu-chudini\/#breadcrumb\",\"itemListElement\":[{\"@type\":\"ListItem\",\"position\":1,\"name\":\"Strona g\u0142\u00f3wna\",\"item\":\"https:\/\/www.siestagarden.com\/\"},{\"@type\":\"ListItem\",\"position\":2,\"name\":\"Sklep\",\"item\":\"https:\/\/www.siestagarden.com\/sklep\/\"},{\"@type\":\"ListItem\",\"position\":3,\"name\":\"Ryby z lasu &#8211; Chudini\"}]},{\"@type\":\"WebSite\",\"@id\":\"https:\/\/www.siestagarden.com\/#website\",\"url\":\"https:\/\/www.siestagarden.com\/\",\"name\":\"Siesta Garden\",\"description\":\"Meble do Twojego ogrodu. Polski producent drewnianych mebli najwy\u017cszej jako\u015bci.\",\"potentialAction\":[{\"@type\":\"SearchAction\",\"target\":{\"@type\":\"EntryPoint\",\"urlTemplate\":\"https:\/\/www.siestagarden.com\/?s={search_term_string}\"},\"query-input\":{\"@type\":\"PropertyValueSpecification\",\"valueRequired\":true,\"valueName\":\"search_term_string\"}}],\"inLanguage\":\"de\"}]}<\/script>\n<!-- \/ Yoast SEO plugin. -->","yoast_head_json":{"title":"Ryby z lasu - Chudini - Siesta Garden","robots":{"index":"index","follow":"follow","max-snippet":"max-snippet:-1","max-image-preview":"max-image-preview:large","max-video-preview":"max-video-preview:-1"},"canonical":"https:\/\/www.siestagarden.com\/de\/produkt\/ryby-z-lasu-chudini\/","og_locale":"de_DE","og_type":"article","og_title":"Ryby z lasu - Chudini - Siesta Garden","og_description":"Ciesz si\u0119 swoj\u0105 ryb\u0105 po\u017cegnaj si\u0119 z nud\u0105 i powitaj zabawn\u0105 przygod\u0119, kt\u00f3ra rozja\u015bni czas sp\u0119dzony w twoim domu! Odkryj nasz zestaw trzech uroczych figurek ryb wykonanych z certyfikowanego drewna sosnowego FSC, ka\u017cda czekaj\u0105ca, by zosta\u0107 przekszta\u0142con\u0105 w unikatowe dzie\u0142o sztuki. Zaprojektowane, by wnie\u015b\u0107 do twojego domu atmosfer\u0119 rado\u015bci, kreatywno\u015bci i spokoju, ten czaruj\u0105cy zestaw [&hellip;]","og_url":"https:\/\/www.siestagarden.com\/de\/produkt\/ryby-z-lasu-chudini\/","og_site_name":"Siesta Garden","article_modified_time":"2026-02-04T15:48:10+00:00","og_image":[{"width":1707,"height":2560,"url":"https:\/\/www.siestagarden.com\/wp-content\/uploads\/2025\/05\/5I3A8000-scaled.jpg","type":"image\/jpeg"}],"twitter_card":"summary_large_image","twitter_misc":{"Gesch\u00e4tzte Lesezeit":"2\u00a0Minuten"},"schema":{"@context":"https:\/\/schema.org","@graph":[{"@type":"WebPage","@id":"https:\/\/www.siestagarden.com\/produkt\/ryby-z-lasu-chudini\/","url":"https:\/\/www.siestagarden.com\/produkt\/ryby-z-lasu-chudini\/","name":"Ryby z lasu - Chudini - Siesta Garden","isPartOf":{"@id":"https:\/\/www.siestagarden.com\/#website"},"primaryImageOfPage":{"@id":"https:\/\/www.siestagarden.com\/produkt\/ryby-z-lasu-chudini\/#primaryimage"},"image":{"@id":"https:\/\/www.siestagarden.com\/produkt\/ryby-z-lasu-chudini\/#primaryimage"},"thumbnailUrl":"https:\/\/www.siestagarden.com\/wp-content\/uploads\/2025\/05\/5I3A8000-scaled.jpg","datePublished":"2025-05-20T11:11:54+00:00","dateModified":"2026-02-04T15:48:10+00:00","breadcrumb":{"@id":"https:\/\/www.siestagarden.com\/produkt\/ryby-z-lasu-chudini\/#breadcrumb"},"inLanguage":"de","potentialAction":[{"@type":"ReadAction","target":["https:\/\/www.siestagarden.com\/produkt\/ryby-z-lasu-chudini\/"]}]},{"@type":"ImageObject","inLanguage":"de","@id":"https:\/\/www.siestagarden.com\/produkt\/ryby-z-lasu-chudini\/#primaryimage","url":"https:\/\/www.siestagarden.com\/wp-content\/uploads\/2025\/05\/5I3A8000-scaled.jpg","contentUrl":"https:\/\/www.siestagarden.com\/wp-content\/uploads\/2025\/05\/5I3A8000-scaled.jpg","width":1707,"height":2560},{"@type":"BreadcrumbList","@id":"https:\/\/www.siestagarden.com\/produkt\/ryby-z-lasu-chudini\/#breadcrumb","itemListElement":[{"@type":"ListItem","position":1,"name":"Strona g\u0142\u00f3wna","item":"https:\/\/www.siestagarden.com\/"},{"@type":"ListItem","position":2,"name":"Sklep","item":"https:\/\/www.siestagarden.com\/sklep\/"},{"@type":"ListItem","position":3,"name":"Ryby z lasu &#8211; Chudini"}]},{"@type":"WebSite","@id":"https:\/\/www.siestagarden.com\/#website","url":"https:\/\/www.siestagarden.com\/","name":"Siesta Garten","description":"M\u00f6bel f\u00fcr Ihren Garten. Polnischen Hersteller von Holzm\u00f6beln von h\u00f6chster Qualit\u00e4t.","potentialAction":[{"@type":"SearchAction","target":{"@type":"EntryPoint","urlTemplate":"https:\/\/www.siestagarden.com\/?s={search_term_string}"},"query-input":{"@type":"PropertyValueSpecification","valueRequired":true,"valueName":"search_term_string"}}],"inLanguage":"de"}]}},"_links":{"self":[{"href":"https:\/\/www.siestagarden.com\/de\/wp-json\/wp\/v2\/product\/2963","targetHints":{"allow":["GET"]}}],"collection":[{"href":"https:\/\/www.siestagarden.com\/de\/wp-json\/wp\/v2\/product"}],"about":[{"href":"https:\/\/www.siestagarden.com\/de\/wp-json\/wp\/v2\/types\/product"}],"wp:featuredmedia":[{"embeddable":true,"href":"https:\/\/www.siestagarden.com\/de\/wp-json\/wp\/v2\/media\/2964"}],"wp:attachment":[{"href":"https:\/\/www.siestagarden.com\/de\/wp-json\/wp\/v2\/media?parent=2963"}],"wp:term":[{"taxonomy":"product_brand","embeddable":true,"href":"https:\/\/www.siestagarden.com\/de\/wp-json\/wp\/v2\/product_brand?post=2963"},{"taxonomy":"product_cat","embeddable":true,"href":"https:\/\/www.siestagarden.com\/de\/wp-json\/wp\/v2\/product_cat?post=2963"},{"taxonomy":"product_tag","embeddable":true,"href":"https:\/\/www.siestagarden.com\/de\/wp-json\/wp\/v2\/product_tag?post=2963"}],"curies":[{"name":"wp","href":"https:\/\/api.w.org\/{rel}","templated":true}]}}