{"id":3420,"date":"2025-10-23T14:17:09","date_gmt":"2025-10-23T12:17:09","guid":{"rendered":"https:\/\/www.siestagarden.com\/?post_type=product&#038;p=3420"},"modified":"2026-02-11T11:18:10","modified_gmt":"2026-02-11T10:18:10","slug":"paczkobox-z-donica-jasnoszary","status":"publish","type":"product","link":"https:\/\/www.siestagarden.com\/de\/produkt\/paczkobox-z-donica-jasnoszary\/","title":{"rendered":"PaketBox Scandi mit Blumenbeet"},"content":{"rendered":"<h3 data-start=\"119\" data-end=\"201\"><strong data-start=\"123\" data-end=\"201\">Scandi-Paketkasten mit Topf - stilvolle Paketaufbewahrung mit Platz f\u00fcr Pflanzen<\/strong><\/h3>\n<p data-start=\"203\" data-end=\"521\">Sind Sie es leid, dass Pakete vor Ihrer T\u00fcr liegen bleiben, im Regen durchn\u00e4sst werden oder verschwinden, bevor Sie nach Hause kommen?<br data-start=\"320\" data-end=\"323\" \/>Unser <strong data-start=\"328\" data-end=\"376\">Scandi-Paketkasten mit Blumentopf <\/strong>ist eine praktische und elegante L\u00f6sung, die beide Probleme l\u00f6st - und in jedem Garten oder auf jeder Terrasse gut aussieht.<\/p>\n<p data-start=\"203\" data-end=\"521\">Sehen Sie, wie einfach es ist<\/p>\n<p data-start=\"523\" data-end=\"826\">Im unteren Teil befindet sich ein ger\u00e4umiger <strong data-start=\"560\" data-end=\"572\">Blumentopf<\/strong>in die Sie Ihre Lieblingspflanzen pflanzen k\u00f6nnen, und dar\u00fcber befindet sich die<strong data-start=\"650\" data-end=\"680\">\u00a0Paketkasten<\/strong>. So kann der Kurier das Paket in Ihrer Abwesenheit sicher abstellen, und das Paket bleibt trocken und vor Blicken gesch\u00fctzt.<\/p>\n<p data-start=\"828\" data-end=\"1031\">Der Paketkasten ist hergestellt aus <strong data-start=\"854\" data-end=\"871\">Massivholz<\/strong>die Langlebigkeit, Stabilit\u00e4t und ein nat\u00fcrliches Aussehen garantieren. Das Ganze ist mit Blick auf Funktionalit\u00e4t, \u00c4sthetik und die Sicherheit Ihrer Pakete konzipiert.<\/p>\n<p data-start=\"1033\" data-end=\"1158\">Ideal f\u00fcr Einfamilienh\u00e4user, G\u00e4steh\u00e4user oder kleine Unternehmen - kombiniert <strong data-start=\"1103\" data-end=\"1157\">praktischer Nutzen mit dekorativem Touch<\/strong>.<\/p>","protected":false},"excerpt":{"rendered":"<p>Paczkobox Scandi z doniczk\u0105 \u2013 stylowe przechowywanie paczek z miejscem na ro\u015bliny Masz do\u015b\u0107 paczek zostawianych przed drzwiami, przemakaj\u0105cych na deszczu lub znikaj\u0105cych przed Twoim powrotem do domu?Nasz Paczkobox Scandi z doniczk\u0105 to praktyczne i eleganckie rozwi\u0105zanie, kt\u00f3re rozwi\u0105zuje oba te problemy \u2013 a do tego \u015bwietnie prezentuje si\u0119 w ka\u017cdym ogrodzie lub na tarasie. [&hellip;]<\/p>\n","protected":false},"featured_media":3380,"template":"","meta":{"_acf_changed":false},"product_brand":[],"product_cat":[98],"product_tag":[],"class_list":{"0":"post-3420","1":"product","2":"type-product","3":"status-publish","4":"has-post-thumbnail","6":"product_cat-paczkobox","8":"first","9":"instock","10":"taxable","11":"shipping-taxable","12":"purchasable","13":"product-type-simple","14":"add-to-wishlist-after_add_to_cart"},"acf":[],"yoast_head":"<!-- This site is optimized with the Yoast SEO plugin v26.6 - https:\/\/yoast.com\/wordpress\/plugins\/seo\/ -->\n<title>PaczkoBox Scandi z donic\u0105 jasnoszary - Siesta Garden<\/title>\n<meta name=\"robots\" content=\"index, follow, max-snippet:-1, max-image-preview:large, max-video-preview:-1\" \/>\n<link rel=\"canonical\" href=\"https:\/\/www.siestagarden.com\/de\/produkt\/paczkobox-z-donica-jasnoszary\/\" \/>\n<meta property=\"og:locale\" content=\"de_DE\" \/>\n<meta property=\"og:type\" content=\"article\" \/>\n<meta property=\"og:title\" content=\"PaczkoBox Scandi z donic\u0105 jasnoszary - Siesta Garden\" \/>\n<meta property=\"og:description\" content=\"Paczkobox Scandi z doniczk\u0105 \u2013 stylowe przechowywanie paczek z miejscem na ro\u015bliny Masz do\u015b\u0107 paczek zostawianych przed drzwiami, przemakaj\u0105cych na deszczu lub znikaj\u0105cych przed Twoim powrotem do domu?Nasz Paczkobox Scandi z doniczk\u0105 to praktyczne i eleganckie rozwi\u0105zanie, kt\u00f3re rozwi\u0105zuje oba te problemy \u2013 a do tego \u015bwietnie prezentuje si\u0119 w ka\u017cdym ogrodzie lub na tarasie. [&hellip;]\" \/>\n<meta property=\"og:url\" content=\"https:\/\/www.siestagarden.com\/de\/produkt\/paczkobox-z-donica-jasnoszary\/\" \/>\n<meta property=\"og:site_name\" content=\"Siesta Garden\" \/>\n<meta property=\"article:modified_time\" content=\"2026-02-11T10:18:10+00:00\" \/>\n<meta property=\"og:image\" content=\"https:\/\/www.siestagarden.com\/wp-content\/uploads\/2025\/09\/IMG_9192-scaled-e1770805079781.jpg\" \/>\n\t<meta property=\"og:image:width\" content=\"1647\" \/>\n\t<meta property=\"og:image:height\" content=\"1707\" \/>\n\t<meta property=\"og:image:type\" content=\"image\/jpeg\" \/>\n<meta name=\"twitter:card\" content=\"summary_large_image\" \/>\n<meta name=\"twitter:label1\" content=\"Gesch\u00e4tzte Lesezeit\" \/>\n\t<meta name=\"twitter:data1\" content=\"2\u00a0Minuten\" \/>\n<script type=\"application\/ld+json\" class=\"yoast-schema-graph\">{\"@context\":\"https:\/\/schema.org\",\"@graph\":[{\"@type\":\"WebPage\",\"@id\":\"https:\/\/www.siestagarden.com\/produkt\/paczkobox-z-donica-jasnoszary\/\",\"url\":\"https:\/\/www.siestagarden.com\/produkt\/paczkobox-z-donica-jasnoszary\/\",\"name\":\"PaczkoBox Scandi z donic\u0105 jasnoszary - Siesta Garden\",\"isPartOf\":{\"@id\":\"https:\/\/www.siestagarden.com\/#website\"},\"primaryImageOfPage\":{\"@id\":\"https:\/\/www.siestagarden.com\/produkt\/paczkobox-z-donica-jasnoszary\/#primaryimage\"},\"image\":{\"@id\":\"https:\/\/www.siestagarden.com\/produkt\/paczkobox-z-donica-jasnoszary\/#primaryimage\"},\"thumbnailUrl\":\"https:\/\/www.siestagarden.com\/wp-content\/uploads\/2025\/09\/IMG_9192-scaled-e1770805079781.jpg\",\"datePublished\":\"2025-10-23T12:17:09+00:00\",\"dateModified\":\"2026-02-11T10:18:10+00:00\",\"breadcrumb\":{\"@id\":\"https:\/\/www.siestagarden.com\/produkt\/paczkobox-z-donica-jasnoszary\/#breadcrumb\"},\"inLanguage\":\"de\",\"potentialAction\":[{\"@type\":\"ReadAction\",\"target\":[\"https:\/\/www.siestagarden.com\/produkt\/paczkobox-z-donica-jasnoszary\/\"]}]},{\"@type\":\"ImageObject\",\"inLanguage\":\"de\",\"@id\":\"https:\/\/www.siestagarden.com\/produkt\/paczkobox-z-donica-jasnoszary\/#primaryimage\",\"url\":\"https:\/\/www.siestagarden.com\/wp-content\/uploads\/2025\/09\/IMG_9192-scaled-e1770805079781.jpg\",\"contentUrl\":\"https:\/\/www.siestagarden.com\/wp-content\/uploads\/2025\/09\/IMG_9192-scaled-e1770805079781.jpg\",\"width\":1647,\"height\":1707},{\"@type\":\"BreadcrumbList\",\"@id\":\"https:\/\/www.siestagarden.com\/produkt\/paczkobox-z-donica-jasnoszary\/#breadcrumb\",\"itemListElement\":[{\"@type\":\"ListItem\",\"position\":1,\"name\":\"Strona g\u0142\u00f3wna\",\"item\":\"https:\/\/www.siestagarden.com\/\"},{\"@type\":\"ListItem\",\"position\":2,\"name\":\"Sklep\",\"item\":\"https:\/\/www.siestagarden.com\/sklep\/\"},{\"@type\":\"ListItem\",\"position\":3,\"name\":\"PaczkoBox Scandi z donic\u0105 jasnoszary\"}]},{\"@type\":\"WebSite\",\"@id\":\"https:\/\/www.siestagarden.com\/#website\",\"url\":\"https:\/\/www.siestagarden.com\/\",\"name\":\"Siesta Garden\",\"description\":\"Meble do Twojego ogrodu. Polski producent drewnianych mebli najwy\u017cszej jako\u015bci.\",\"potentialAction\":[{\"@type\":\"SearchAction\",\"target\":{\"@type\":\"EntryPoint\",\"urlTemplate\":\"https:\/\/www.siestagarden.com\/?s={search_term_string}\"},\"query-input\":{\"@type\":\"PropertyValueSpecification\",\"valueRequired\":true,\"valueName\":\"search_term_string\"}}],\"inLanguage\":\"de\"}]}<\/script>\n<!-- \/ Yoast SEO plugin. -->","yoast_head_json":{"title":"PaczkoBox Scandi z donic\u0105 jasnoszary - Siesta Garden","robots":{"index":"index","follow":"follow","max-snippet":"max-snippet:-1","max-image-preview":"max-image-preview:large","max-video-preview":"max-video-preview:-1"},"canonical":"https:\/\/www.siestagarden.com\/de\/produkt\/paczkobox-z-donica-jasnoszary\/","og_locale":"de_DE","og_type":"article","og_title":"PaczkoBox Scandi z donic\u0105 jasnoszary - Siesta Garden","og_description":"Paczkobox Scandi z doniczk\u0105 \u2013 stylowe przechowywanie paczek z miejscem na ro\u015bliny Masz do\u015b\u0107 paczek zostawianych przed drzwiami, przemakaj\u0105cych na deszczu lub znikaj\u0105cych przed Twoim powrotem do domu?Nasz Paczkobox Scandi z doniczk\u0105 to praktyczne i eleganckie rozwi\u0105zanie, kt\u00f3re rozwi\u0105zuje oba te problemy \u2013 a do tego \u015bwietnie prezentuje si\u0119 w ka\u017cdym ogrodzie lub na tarasie. [&hellip;]","og_url":"https:\/\/www.siestagarden.com\/de\/produkt\/paczkobox-z-donica-jasnoszary\/","og_site_name":"Siesta Garden","article_modified_time":"2026-02-11T10:18:10+00:00","og_image":[{"width":1647,"height":1707,"url":"https:\/\/www.siestagarden.com\/wp-content\/uploads\/2025\/09\/IMG_9192-scaled-e1770805079781.jpg","type":"image\/jpeg"}],"twitter_card":"summary_large_image","twitter_misc":{"Gesch\u00e4tzte Lesezeit":"2\u00a0Minuten"},"schema":{"@context":"https:\/\/schema.org","@graph":[{"@type":"WebPage","@id":"https:\/\/www.siestagarden.com\/produkt\/paczkobox-z-donica-jasnoszary\/","url":"https:\/\/www.siestagarden.com\/produkt\/paczkobox-z-donica-jasnoszary\/","name":"PaczkoBox Scandi z donic\u0105 jasnoszary - Siesta Garden","isPartOf":{"@id":"https:\/\/www.siestagarden.com\/#website"},"primaryImageOfPage":{"@id":"https:\/\/www.siestagarden.com\/produkt\/paczkobox-z-donica-jasnoszary\/#primaryimage"},"image":{"@id":"https:\/\/www.siestagarden.com\/produkt\/paczkobox-z-donica-jasnoszary\/#primaryimage"},"thumbnailUrl":"https:\/\/www.siestagarden.com\/wp-content\/uploads\/2025\/09\/IMG_9192-scaled-e1770805079781.jpg","datePublished":"2025-10-23T12:17:09+00:00","dateModified":"2026-02-11T10:18:10+00:00","breadcrumb":{"@id":"https:\/\/www.siestagarden.com\/produkt\/paczkobox-z-donica-jasnoszary\/#breadcrumb"},"inLanguage":"de","potentialAction":[{"@type":"ReadAction","target":["https:\/\/www.siestagarden.com\/produkt\/paczkobox-z-donica-jasnoszary\/"]}]},{"@type":"ImageObject","inLanguage":"de","@id":"https:\/\/www.siestagarden.com\/produkt\/paczkobox-z-donica-jasnoszary\/#primaryimage","url":"https:\/\/www.siestagarden.com\/wp-content\/uploads\/2025\/09\/IMG_9192-scaled-e1770805079781.jpg","contentUrl":"https:\/\/www.siestagarden.com\/wp-content\/uploads\/2025\/09\/IMG_9192-scaled-e1770805079781.jpg","width":1647,"height":1707},{"@type":"BreadcrumbList","@id":"https:\/\/www.siestagarden.com\/produkt\/paczkobox-z-donica-jasnoszary\/#breadcrumb","itemListElement":[{"@type":"ListItem","position":1,"name":"Strona g\u0142\u00f3wna","item":"https:\/\/www.siestagarden.com\/"},{"@type":"ListItem","position":2,"name":"Sklep","item":"https:\/\/www.siestagarden.com\/sklep\/"},{"@type":"ListItem","position":3,"name":"PaczkoBox Scandi z donic\u0105 jasnoszary"}]},{"@type":"WebSite","@id":"https:\/\/www.siestagarden.com\/#website","url":"https:\/\/www.siestagarden.com\/","name":"Siesta Garten","description":"M\u00f6bel f\u00fcr Ihren Garten. Polnischen Hersteller von Holzm\u00f6beln von h\u00f6chster Qualit\u00e4t.","potentialAction":[{"@type":"SearchAction","target":{"@type":"EntryPoint","urlTemplate":"https:\/\/www.siestagarden.com\/?s={search_term_string}"},"query-input":{"@type":"PropertyValueSpecification","valueRequired":true,"valueName":"search_term_string"}}],"inLanguage":"de"}]}},"_links":{"self":[{"href":"https:\/\/www.siestagarden.com\/de\/wp-json\/wp\/v2\/product\/3420","targetHints":{"allow":["GET"]}}],"collection":[{"href":"https:\/\/www.siestagarden.com\/de\/wp-json\/wp\/v2\/product"}],"about":[{"href":"https:\/\/www.siestagarden.com\/de\/wp-json\/wp\/v2\/types\/product"}],"wp:featuredmedia":[{"embeddable":true,"href":"https:\/\/www.siestagarden.com\/de\/wp-json\/wp\/v2\/media\/3380"}],"wp:attachment":[{"href":"https:\/\/www.siestagarden.com\/de\/wp-json\/wp\/v2\/media?parent=3420"}],"wp:term":[{"taxonomy":"product_brand","embeddable":true,"href":"https:\/\/www.siestagarden.com\/de\/wp-json\/wp\/v2\/product_brand?post=3420"},{"taxonomy":"product_cat","embeddable":true,"href":"https:\/\/www.siestagarden.com\/de\/wp-json\/wp\/v2\/product_cat?post=3420"},{"taxonomy":"product_tag","embeddable":true,"href":"https:\/\/www.siestagarden.com\/de\/wp-json\/wp\/v2\/product_tag?post=3420"}],"curies":[{"name":"wp","href":"https:\/\/api.w.org\/{rel}","templated":true}]}}