{"id":3423,"date":"2025-10-23T14:32:03","date_gmt":"2025-10-23T12:32:03","guid":{"rendered":"https:\/\/www.siestagarden.com\/?post_type=product&#038;p=3423"},"modified":"2026-04-22T08:09:32","modified_gmt":"2026-04-22T06:09:32","slug":"paczkobox-z-donica-brazowy","status":"publish","type":"product","link":"https:\/\/www.siestagarden.com\/de\/produkt\/paczkobox-z-donica-brazowy\/","title":{"rendered":"PaketBox Scandi mit Blumenbeet"},"content":{"rendered":"<div id=\"model-response-message-contentr_090a374e72464d36\" class=\"markdown markdown-main-panel stronger enable-updated-hr-color\" dir=\"ltr\" aria-live=\"polite\" aria-busy=\"false\">\n<p id=\"p-rc_242c0b1acc8a0156-53\" data-path-to-node=\"2\"><span data-path-to-node=\"2,1\"><span class=\"citation-73\"><strong>Scandi-Paketkasten mit Topf - stilvolle Paketaufbewahrung mit Platz f\u00fcr Pflanzen<\/strong> <\/span><\/span><\/p>\n<p>&nbsp;<\/p>\n<p id=\"p-rc_242c0b1acc8a0156-54\" data-path-to-node=\"3\"><span data-path-to-node=\"3,1\"><span class=\"citation-72\">Wyobra\u017a sobie poranek, w kt\u00f3rym nie musisz si\u0119 spieszy\u0107<\/span><\/span><span data-path-to-node=\"3,3\">. <\/span><span data-path-to-node=\"3,5\"><span class=\"citation-71\">Twoja kawa smakuje inaczej, gdy masz pewno\u015b\u0107, \u017ce Twoje zam\u00f3wienia s\u0105 bezpieczne<\/span><\/span><span data-path-to-node=\"3,7\">.<\/span><\/p>\n<p>&nbsp;<\/p>\n<p id=\"p-rc_242c0b1acc8a0156-55\" data-path-to-node=\"4\"><span data-path-to-node=\"4,1\"><span class=\"citation-70\">Problem w tym, \u017ce wi\u0119kszo\u015b\u0107 stref wej\u015bciowych nie daje prawdziwego komfortu \u2013 paczki s\u0105 zostawiane w przypadkowych miejscach, mokn\u0105 lub s\u0105 nara\u017cone na wzrok os\u00f3b trzecich<\/span><\/span><span data-path-to-node=\"4,3\">. <\/span><span data-path-to-node=\"4,5\"><span class=\"citation-69\">Brakuje w nich przestrzeni, kt\u00f3ra w inteligentny spos\u00f3b \u0142\u0105czy funkcjonalno\u015b\u0107 z estetyk\u0105<\/span><\/span><span data-path-to-node=\"4,7\">.<\/span><\/p>\n<p>&nbsp;<\/p>\n<p id=\"p-rc_242c0b1acc8a0156-56\" data-path-to-node=\"6\"><span data-path-to-node=\"6,0\"><b data-path-to-node=\"6,0\" data-index-in-node=\"0\"><span class=\"citation-68\">Rozwi\u0105zanie: Paczkobox Scandi z doniczk\u0105<\/span><\/b> <\/span><\/p>\n<div class=\"source-inline-chip-container ng-star-inserted\"><\/div>\n<p id=\"p-rc_242c0b1acc8a0156-57\" data-path-to-node=\"7\"><span data-path-to-node=\"7,1\"><span class=\"citation-67\">Paczkobox Scandi zosta\u0142 zaprojektowany po to, aby stworzy\u0107 sp\u00f3jn\u0105, bezpieczn\u0105 stref\u0119 odbioru \u2013 miejsce, w kt\u00f3rym Twoje przesy\u0142ki s\u0105 chronione, a Ty naprawd\u0119 odpoczywasz od stresu zwi\u0105zanego z kurierem<\/span><\/span><span data-path-to-node=\"7,3\">. To gotowa przestrze\u0144 do:<\/span><\/p>\n<ul data-path-to-node=\"8\">\n<li>\n<p id=\"p-rc_242c0b1acc8a0156-58\" data-path-to-node=\"8,0,0\"><span data-path-to-node=\"8,0,0,1\"><span class=\"citation-66\">spokojnych porank\u00f3w bez czekania na dostaw\u0119<\/span><\/span><span data-path-to-node=\"8,0,0,3\">,<\/span><\/p>\n<\/li>\n<li>\n<p id=\"p-rc_242c0b1acc8a0156-59\" data-path-to-node=\"8,1,0\"><span data-path-to-node=\"8,1,0,1\"><span class=\"citation-65\">bezpiecznych zakup\u00f3w online<\/span><\/span><span data-path-to-node=\"8,1,0,3\">,<\/span><\/p>\n<\/li>\n<li>\n<p id=\"p-rc_242c0b1acc8a0156-60\" data-path-to-node=\"8,2,0\"><span data-path-to-node=\"8,2,0,1\"><span class=\"citation-64\">estetycznego wyko\u0144czenia wej\u015bcia do domu<\/span><\/span><span data-path-to-node=\"8,2,0,3\">.<\/span><\/p>\n<\/li>\n<\/ul>\n<h3 data-path-to-node=\"10\"><\/h3>\n<p data-path-to-node=\"10\">\n<p data-path-to-node=\"10\">\n<p data-path-to-node=\"10\">\n<p data-path-to-node=\"10\"><strong>Co zyskujesz \u2013 realne korzy\u015bci<\/strong><\/p>\n<ul data-path-to-node=\"11\">\n<li>\n<p id=\"p-rc_242c0b1acc8a0156-61\" data-path-to-node=\"11,0,1\"><span data-path-to-node=\"11,0,1,0\"><b data-path-to-node=\"11,0,1,0\" data-index-in-node=\"0\"><span class=\"citation-63\">\u00a0Prawdziwy komfort i bezpiecze\u0144stwo:<\/span><\/b><span class=\"citation-63\"> Schowek pozwala Ci przesta\u0107 martwi\u0107 si\u0119 o przesy\u0142ki pod Twoj\u0105 nieobecno\u015b\u0107<\/span><\/span><span data-path-to-node=\"11,0,1,2\">.<\/span><\/p>\n<\/li>\n<li>\n<p id=\"p-rc_242c0b1acc8a0156-62\" data-path-to-node=\"11,1,1\"><span data-path-to-node=\"11,1,1,0\"><b data-path-to-node=\"11,1,1,0\" data-index-in-node=\"0\"><span class=\"citation-62\">Trwa\u0142o\u015b\u0107 na lata, nie na sezon:<\/span><\/b><span class=\"citation-62\"> Lite drewno gwarantuje solidno\u015b\u0107 i odporno\u015b\u0107 na codzienne u\u017cytkowanie oraz warunki pogodowe<\/span><\/span><span data-path-to-node=\"11,1,1,2\">.<\/span><\/p>\n<\/li>\n<li>\n<p id=\"p-rc_242c0b1acc8a0156-63\" data-path-to-node=\"11,2,1\"><span data-path-to-node=\"11,2,1,0\"><b data-path-to-node=\"11,2,1,0\" data-index-in-node=\"0\"><span class=\"citation-61\">Gotow\u0105 aran\u017cacj\u0119 przestrzeni:<\/span><\/b><span class=\"citation-61\"> Paczkobox z wbudowan\u0105 donic\u0105 tworzy sp\u00f3jny element dekoracyjny \u2013 bez przypadkowych dodatk\u00f3w<\/span><\/span><span data-path-to-node=\"11,2,1,2\">.<\/span><\/p>\n<\/li>\n<li>\n<p id=\"p-rc_242c0b1acc8a0156-64\" data-path-to-node=\"11,3,1\"><span data-path-to-node=\"11,3,1,0\"><b data-path-to-node=\"11,3,1,0\" data-index-in-node=\"0\"><span class=\"citation-60\">Naturalno\u015b\u0107, kt\u00f3r\u0105 czujesz:<\/span><\/b><span class=\"citation-60\"> Drewno wprowadza ciep\u0142o i harmoni\u0119, kt\u00f3rych nie daje metalowa skrzynka<\/span><\/span><span data-path-to-node=\"11,3,1,2\">.<\/span><\/p>\n<\/li>\n<li>\n<p id=\"p-rc_242c0b1acc8a0156-65\" data-path-to-node=\"11,4,1\"><span data-path-to-node=\"11,4,1,0\"><b data-path-to-node=\"11,4,1,0\" data-index-in-node=\"0\"><span class=\"citation-59\">Uniwersalny design:<\/span><\/b><span class=\"citation-59\"> Pasuje zar\u00f3wno do nowoczesnych elewacji, jak i klasycznych ogrod\u00f3w<\/span><\/span><span data-path-to-node=\"11,4,1,2\">.<\/span><\/p>\n<div class=\"source-inline-chip-container ng-star-inserted\"><\/div>\n<p>&nbsp;<\/li>\n<\/ul>\n<p data-path-to-node=\"12\">To wi\u0119cej ni\u017c mebel \u2013 to spos\u00f3b na zorganizowanie dnia. To miejsce, w kt\u00f3rym:<\/p>\n<ul data-path-to-node=\"13\">\n<li>\n<p id=\"p-rc_242c0b1acc8a0156-66\" data-path-to-node=\"13,0,0\"><span data-path-to-node=\"13,0,0,1\"><span class=\"citation-58\">zaczynasz dzie\u0144 spokojnie, zamiast w biegu do kuriera<\/span><\/span><span data-path-to-node=\"13,0,0,3\">,<\/span><\/p>\n<\/li>\n<li>\n<p id=\"p-rc_242c0b1acc8a0156-67\" data-path-to-node=\"13,1,0\"><span data-path-to-node=\"13,1,0,1\"><span class=\"citation-57\">cieszysz si\u0119 pi\u0119knem ro\u015blin w estetycznej oprawie<\/span><\/span><span data-path-to-node=\"13,1,0,3\">,<\/span><\/p>\n<\/li>\n<li>\n<p id=\"p-rc_242c0b1acc8a0156-68\" data-path-to-node=\"13,2,0\"><span data-path-to-node=\"13,2,0,1\"><span class=\"citation-56\">sp\u0119dzasz czas wiedz\u0105c, \u017ce Twoja paczka jest bezpieczna<\/span><\/span><span data-path-to-node=\"13,2,0,3\">.<\/span><\/p>\n<div class=\"source-inline-chip-container ng-star-inserted\"><\/div>\n<\/li>\n<\/ul>\n<p data-path-to-node=\"15\">\n<p data-path-to-node=\"15\">\n<p data-path-to-node=\"15\">\n<p data-path-to-node=\"15\"><strong>Opis produktu<\/strong><\/p>\n<p id=\"p-rc_242c0b1acc8a0156-69\" data-path-to-node=\"16\"><span data-path-to-node=\"16,1\"><span class=\"citation-55\">Paczkobox Scandi wykonany jest z litego drewna sosnowego, co zapewnia trwa\u0142o\u015b\u0107, stabilno\u015b\u0107 oraz naturalny wygl\u0105d<\/span><\/span><span data-path-to-node=\"16,3\">.<\/span><\/p>\n<div class=\"source-inline-chip-container ng-star-inserted\"><\/div>\n<p>&nbsp;<\/p>\n<p data-path-to-node=\"17\"><b data-path-to-node=\"17\" data-index-in-node=\"0\">Konstrukcja produktu obejmuje:<\/b><\/p>\n<ul data-path-to-node=\"18\">\n<li>\n<p id=\"p-rc_242c0b1acc8a0156-70\" data-path-to-node=\"18,0,0\"><span data-path-to-node=\"18,0,0,1\"><span class=\"citation-54\">pojemn\u0105 doniczk\u0119 w dolnej cz\u0119\u015bci na ulubione ro\u015bliny<\/span><\/span><span data-path-to-node=\"18,0,0,3\">,<\/span><\/p>\n<\/li>\n<li>\n<p id=\"p-rc_242c0b1acc8a0156-71\" data-path-to-node=\"18,1,0\"><span data-path-to-node=\"18,1,0,1\"><span class=\"citation-53\">bezpieczny schowek na paczki chroni\u0105cy przed deszczem<\/span><\/span><span data-path-to-node=\"18,1,0,3\">,<\/span><\/p>\n<\/li>\n<li>\n<p id=\"p-rc_242c0b1acc8a0156-72\" data-path-to-node=\"18,2,0\"><span data-path-to-node=\"18,2,0,1\"><span class=\"citation-52\">solidne wyko\u0144czenie z certyfikowanego drewna<\/span><\/span><span data-path-to-node=\"18,2,0,3\">.<\/span><\/p>\n<div class=\"source-inline-chip-container ng-star-inserted\"><\/div>\n<\/li>\n<\/ul>\n<p id=\"p-rc_242c0b1acc8a0156-73\" data-path-to-node=\"19\"><span data-path-to-node=\"19,1\"><span class=\"citation-51\">Ca\u0142o\u015b\u0107 tworzy funkcjonalny produkt, idealny przed dom, na taras lub patio<\/span><\/span><span data-path-to-node=\"19,3\">. <\/span><span data-path-to-node=\"19,5\"><span class=\"citation-50\">Drewno u\u017cyte do produkcji posiada certyfikaty FSC lub PEFC potwierdzaj\u0105ce pochodzenie surowca<\/span><\/span><span data-path-to-node=\"19,7\">.<\/span><\/p>\n<div class=\"source-inline-chip-container ng-star-inserted\"><\/div>\n<p>&nbsp;<\/p>\n<p data-path-to-node=\"20\"><b data-path-to-node=\"20\" data-index-in-node=\"0\">Co to oznacza w praktyce?<\/b><\/p>\n<ul data-path-to-node=\"21\">\n<li>\n<p id=\"p-rc_242c0b1acc8a0156-74\" data-path-to-node=\"21,0,1\"><span data-path-to-node=\"21,0,1,0\"><b data-path-to-node=\"21,0,1,0\" data-index-in-node=\"0\"><span class=\"citation-49\">Gwarancja pochodzenia:<\/span><\/b><span class=\"citation-49\"> Masz pewno\u015b\u0107, \u017ce surowiec pochodzi z las\u00f3w zarz\u0105dzanych w spos\u00f3b zr\u00f3wnowa\u017cony<\/span><\/span><span data-path-to-node=\"21,0,1,2\">.<\/span><\/p>\n<\/li>\n<li>\n<p id=\"p-rc_242c0b1acc8a0156-75\" data-path-to-node=\"21,1,1\"><span data-path-to-node=\"21,1,1,0\"><b data-path-to-node=\"21,1,1,0\" data-index-in-node=\"0\"><span class=\"citation-48\">Ochrona przyrody:<\/span><\/b><span class=\"citation-48\"> Gospodarka le\u015bna chroni lokaln\u0105 flor\u0119 i faun\u0119 oraz dba o odnawianie zasob\u00f3w<\/span><\/span><span data-path-to-node=\"21,1,1,2\">.<\/span><\/p>\n<\/li>\n<li>\n<p id=\"p-rc_242c0b1acc8a0156-76\" data-path-to-node=\"21,2,1\"><span data-path-to-node=\"21,2,1,0\"><b data-path-to-node=\"21,2,1,0\" data-index-in-node=\"0\"><span class=\"citation-47\">Wsparcie etyki:<\/span><\/b><span class=\"citation-47\"> Drewno pochodzi z legalnych \u017ar\u00f3de\u0142, gdzie prowadzona jest zr\u00f3wnowa\u017cona gospodarka le\u015bna<\/span><\/span><span data-path-to-node=\"21,2,1,2\">.<\/span><\/p>\n<div class=\"source-inline-chip-container ng-star-inserted\"><\/div>\n<p>&nbsp;<\/li>\n<\/ul>\n<p data-path-to-node=\"23\"><strong>Dlaczego warto wybra\u0107 Paczkobox Scandi?<\/strong><\/p>\n<ul data-path-to-node=\"24\">\n<li>\n<p id=\"p-rc_242c0b1acc8a0156-77\" data-path-to-node=\"24,0,0\"><span data-path-to-node=\"24,0,0,1\"><span class=\"citation-46\">Tworzysz realn\u0105 stref\u0119 bezpiecze\u0144stwa, nie tylko \u201emiejsce na wycieraczce\u201d<\/span><\/span><span data-path-to-node=\"24,0,0,3\">.<\/span><\/p>\n<\/li>\n<li>\n<p id=\"p-rc_242c0b1acc8a0156-78\" data-path-to-node=\"24,1,0\"><span data-path-to-node=\"24,1,0,1\"><span class=\"citation-45\">Inwestujesz w trwa\u0142o\u015b\u0107 \u2013 lite drewno zamiast sezonowych rozwi\u0105za\u0144<\/span><\/span><span data-path-to-node=\"24,1,0,3\">.<\/span><\/p>\n<\/li>\n<li>\n<p id=\"p-rc_242c0b1acc8a0156-79\" data-path-to-node=\"24,2,0\"><span data-path-to-node=\"24,2,0,1\"><span class=\"citation-44\">Otrzymujesz produkt 2w1 \u2013 dekoracj\u0119 i schowek w jednym<\/span><\/span><span data-path-to-node=\"24,2,0,3\">.<\/span><\/p>\n<\/li>\n<li>\n<p id=\"p-rc_242c0b1acc8a0156-80\" data-path-to-node=\"24,3,0\"><span data-path-to-node=\"24,3,0,1\"><span class=\"citation-43\">Zyskujesz komfort dla siebie i bezpiecze\u0144stwo dla swoich przesy\u0142ek<\/span><\/span><span data-path-to-node=\"24,3,0,3\">.<\/span><\/p>\n<\/li>\n<li>\n<p id=\"p-rc_242c0b1acc8a0156-81\" data-path-to-node=\"24,4,0\"><span data-path-to-node=\"24,4,0,1\"><span class=\"citation-42\">Wybierasz naturalny materia\u0142, kt\u00f3ry dobrze si\u0119 starzeje<\/span><\/span><span data-path-to-node=\"24,4,0,3\">.<\/span><\/p>\n<div class=\"source-inline-chip-container ng-star-inserted\"><\/div>\n<p>&nbsp;<\/li>\n<\/ul>\n<p data-path-to-node=\"26\"><strong>Dane techniczne<\/strong><\/p>\n<ul data-path-to-node=\"27\">\n<li>\n<p id=\"p-rc_242c0b1acc8a0156-82\" data-path-to-node=\"27,0,1\"><span data-path-to-node=\"27,0,1,0\"><b data-path-to-node=\"27,0,1,0\" data-index-in-node=\"0\"><span class=\"citation-41\">Konstrukcja:<\/span><\/b><span class=\"citation-41\"> wykonana z drewna skandynawskiego (PEFC lub FSC)<\/span><\/span><span data-path-to-node=\"27,0,1,2\">.<\/span><\/p>\n<\/li>\n<li>\n<p id=\"p-rc_242c0b1acc8a0156-83\" data-path-to-node=\"27,1,1\"><span data-path-to-node=\"27,1,1,0\"><b data-path-to-node=\"27,1,1,0\" data-index-in-node=\"0\"><span class=\"citation-40\">Impregnacja:<\/span><\/b><span class=\"citation-40\"> na bazie impregnat\u00f3w wodnych (bez szkodliwych substancji \u2013 chromu i boru)<\/span><\/span><span data-path-to-node=\"27,1,1,2\">.<\/span><\/p>\n<\/li>\n<li>\n<p id=\"p-rc_242c0b1acc8a0156-84\" data-path-to-node=\"27,2,1\"><span data-path-to-node=\"27,2,1,0\"><b data-path-to-node=\"27,2,1,0\" data-index-in-node=\"0\"><span class=\"citation-39\">Monta\u017c:<\/span><\/b><span class=\"citation-39\"> zgodnie z do\u0142\u0105czon\u0105 instrukcj\u0105 monta\u017cu<\/span><\/span><span data-path-to-node=\"27,2,1,2\">.<\/span><\/p>\n<\/li>\n<li>\n<p id=\"p-rc_242c0b1acc8a0156-85\" data-path-to-node=\"27,3,1\"><span data-path-to-node=\"27,3,1,0\"><b data-path-to-node=\"27,3,1,0\" data-index-in-node=\"0\"><span class=\"citation-38\">Gwarancja:<\/span><\/b><span class=\"citation-38\"> gwarancja producenta (24 miesi\u0105ce)<\/span><\/span><span data-path-to-node=\"27,3,1,2\">.<\/span><\/p>\n<\/li>\n<li>\n<p id=\"p-rc_242c0b1acc8a0156-86\" data-path-to-node=\"27,4,1\"><span data-path-to-node=\"27,4,1,0\"><b data-path-to-node=\"27,4,1,0\" data-index-in-node=\"0\"><span class=\"citation-37\">Anwendung:<\/span><\/b><span class=\"citation-37\"> wysokogatunkowy materia\u0142 outdoorowy odporny na warunki zewn\u0119trzne<\/span><\/span><span data-path-to-node=\"27,4,1,2\">.<\/span><\/p>\n<div class=\"source-inline-chip-container ng-star-inserted\"><\/div>\n<p>&nbsp;<\/li>\n<\/ul>\n<\/div>","protected":false},"excerpt":{"rendered":"<p>Paczkobox Scandi z doniczk\u0105 \u2013 stylowe przechowywanie paczek z miejscem na ro\u015bliny &nbsp; Wyobra\u017a sobie poranek, w kt\u00f3rym nie musisz si\u0119 spieszy\u0107. Twoja kawa smakuje inaczej, gdy masz pewno\u015b\u0107, \u017ce Twoje zam\u00f3wienia s\u0105 bezpieczne. &nbsp; Problem w tym, \u017ce wi\u0119kszo\u015b\u0107 stref wej\u015bciowych nie daje prawdziwego komfortu \u2013 paczki s\u0105 zostawiane w przypadkowych miejscach, mokn\u0105 lub [&hellip;]<\/p>\n","protected":false},"featured_media":3441,"template":"","meta":{"_acf_changed":false},"product_brand":[],"product_cat":[98],"product_tag":[],"class_list":{"0":"post-3423","1":"product","2":"type-product","3":"status-publish","4":"has-post-thumbnail","6":"product_cat-paczkobox","8":"first","9":"instock","10":"taxable","11":"shipping-taxable","12":"purchasable","13":"product-type-simple","14":"add-to-wishlist-after_add_to_cart"},"acf":[],"yoast_head":"<!-- This site is optimized with the Yoast SEO plugin v26.6 - https:\/\/yoast.com\/wordpress\/plugins\/seo\/ -->\n<title>PaczkoBox Scandi z donic\u0105 br\u0105zowy - Siesta Garden<\/title>\n<meta name=\"robots\" content=\"index, follow, max-snippet:-1, max-image-preview:large, max-video-preview:-1\" \/>\n<link rel=\"canonical\" href=\"https:\/\/www.siestagarden.com\/de\/produkt\/paczkobox-z-donica-brazowy\/\" \/>\n<meta property=\"og:locale\" content=\"de_DE\" \/>\n<meta property=\"og:type\" content=\"article\" \/>\n<meta property=\"og:title\" content=\"PaczkoBox Scandi z donic\u0105 br\u0105zowy - Siesta Garden\" \/>\n<meta property=\"og:description\" content=\"Paczkobox Scandi z doniczk\u0105 \u2013 stylowe przechowywanie paczek z miejscem na ro\u015bliny &nbsp; Wyobra\u017a sobie poranek, w kt\u00f3rym nie musisz si\u0119 spieszy\u0107. Twoja kawa smakuje inaczej, gdy masz pewno\u015b\u0107, \u017ce Twoje zam\u00f3wienia s\u0105 bezpieczne. &nbsp; Problem w tym, \u017ce wi\u0119kszo\u015b\u0107 stref wej\u015bciowych nie daje prawdziwego komfortu \u2013 paczki s\u0105 zostawiane w przypadkowych miejscach, mokn\u0105 lub [&hellip;]\" \/>\n<meta property=\"og:url\" content=\"https:\/\/www.siestagarden.com\/de\/produkt\/paczkobox-z-donica-brazowy\/\" \/>\n<meta property=\"og:site_name\" content=\"Siesta Garden\" \/>\n<meta property=\"article:modified_time\" content=\"2026-04-22T06:09:32+00:00\" \/>\n<meta property=\"og:image\" content=\"https:\/\/www.siestagarden.com\/wp-content\/uploads\/2025\/10\/14-e1770803154701.jpg\" \/>\n\t<meta property=\"og:image:width\" content=\"1067\" \/>\n\t<meta property=\"og:image:height\" content=\"1233\" \/>\n\t<meta property=\"og:image:type\" content=\"image\/jpeg\" \/>\n<meta name=\"twitter:card\" content=\"summary_large_image\" \/>\n<meta name=\"twitter:label1\" content=\"Gesch\u00e4tzte Lesezeit\" \/>\n\t<meta name=\"twitter:data1\" content=\"3\u00a0Minuten\" \/>\n<script type=\"application\/ld+json\" class=\"yoast-schema-graph\">{\"@context\":\"https:\/\/schema.org\",\"@graph\":[{\"@type\":\"WebPage\",\"@id\":\"https:\/\/www.siestagarden.com\/produkt\/paczkobox-z-donica-brazowy\/\",\"url\":\"https:\/\/www.siestagarden.com\/produkt\/paczkobox-z-donica-brazowy\/\",\"name\":\"PaczkoBox Scandi z donic\u0105 br\u0105zowy - Siesta Garden\",\"isPartOf\":{\"@id\":\"https:\/\/www.siestagarden.com\/#website\"},\"primaryImageOfPage\":{\"@id\":\"https:\/\/www.siestagarden.com\/produkt\/paczkobox-z-donica-brazowy\/#primaryimage\"},\"image\":{\"@id\":\"https:\/\/www.siestagarden.com\/produkt\/paczkobox-z-donica-brazowy\/#primaryimage\"},\"thumbnailUrl\":\"https:\/\/www.siestagarden.com\/wp-content\/uploads\/2025\/10\/14-e1770803154701.jpg\",\"datePublished\":\"2025-10-23T12:32:03+00:00\",\"dateModified\":\"2026-04-22T06:09:32+00:00\",\"breadcrumb\":{\"@id\":\"https:\/\/www.siestagarden.com\/produkt\/paczkobox-z-donica-brazowy\/#breadcrumb\"},\"inLanguage\":\"de\",\"potentialAction\":[{\"@type\":\"ReadAction\",\"target\":[\"https:\/\/www.siestagarden.com\/produkt\/paczkobox-z-donica-brazowy\/\"]}]},{\"@type\":\"ImageObject\",\"inLanguage\":\"de\",\"@id\":\"https:\/\/www.siestagarden.com\/produkt\/paczkobox-z-donica-brazowy\/#primaryimage\",\"url\":\"https:\/\/www.siestagarden.com\/wp-content\/uploads\/2025\/10\/14-e1770803154701.jpg\",\"contentUrl\":\"https:\/\/www.siestagarden.com\/wp-content\/uploads\/2025\/10\/14-e1770803154701.jpg\",\"width\":1067,\"height\":1233},{\"@type\":\"BreadcrumbList\",\"@id\":\"https:\/\/www.siestagarden.com\/produkt\/paczkobox-z-donica-brazowy\/#breadcrumb\",\"itemListElement\":[{\"@type\":\"ListItem\",\"position\":1,\"name\":\"Strona g\u0142\u00f3wna\",\"item\":\"https:\/\/www.siestagarden.com\/\"},{\"@type\":\"ListItem\",\"position\":2,\"name\":\"Sklep\",\"item\":\"https:\/\/www.siestagarden.com\/sklep\/\"},{\"@type\":\"ListItem\",\"position\":3,\"name\":\"PaczkoBox Scandi z donic\u0105 br\u0105zowy\"}]},{\"@type\":\"WebSite\",\"@id\":\"https:\/\/www.siestagarden.com\/#website\",\"url\":\"https:\/\/www.siestagarden.com\/\",\"name\":\"Siesta Garden\",\"description\":\"Meble do Twojego ogrodu. Polski producent drewnianych mebli najwy\u017cszej jako\u015bci.\",\"potentialAction\":[{\"@type\":\"SearchAction\",\"target\":{\"@type\":\"EntryPoint\",\"urlTemplate\":\"https:\/\/www.siestagarden.com\/?s={search_term_string}\"},\"query-input\":{\"@type\":\"PropertyValueSpecification\",\"valueRequired\":true,\"valueName\":\"search_term_string\"}}],\"inLanguage\":\"de\"}]}<\/script>\n<!-- \/ Yoast SEO plugin. -->","yoast_head_json":{"title":"PaczkoBox Scandi z donic\u0105 br\u0105zowy - Siesta Garden","robots":{"index":"index","follow":"follow","max-snippet":"max-snippet:-1","max-image-preview":"max-image-preview:large","max-video-preview":"max-video-preview:-1"},"canonical":"https:\/\/www.siestagarden.com\/de\/produkt\/paczkobox-z-donica-brazowy\/","og_locale":"de_DE","og_type":"article","og_title":"PaczkoBox Scandi z donic\u0105 br\u0105zowy - Siesta Garden","og_description":"Paczkobox Scandi z doniczk\u0105 \u2013 stylowe przechowywanie paczek z miejscem na ro\u015bliny &nbsp; Wyobra\u017a sobie poranek, w kt\u00f3rym nie musisz si\u0119 spieszy\u0107. Twoja kawa smakuje inaczej, gdy masz pewno\u015b\u0107, \u017ce Twoje zam\u00f3wienia s\u0105 bezpieczne. &nbsp; Problem w tym, \u017ce wi\u0119kszo\u015b\u0107 stref wej\u015bciowych nie daje prawdziwego komfortu \u2013 paczki s\u0105 zostawiane w przypadkowych miejscach, mokn\u0105 lub [&hellip;]","og_url":"https:\/\/www.siestagarden.com\/de\/produkt\/paczkobox-z-donica-brazowy\/","og_site_name":"Siesta Garden","article_modified_time":"2026-04-22T06:09:32+00:00","og_image":[{"width":1067,"height":1233,"url":"https:\/\/www.siestagarden.com\/wp-content\/uploads\/2025\/10\/14-e1770803154701.jpg","type":"image\/jpeg"}],"twitter_card":"summary_large_image","twitter_misc":{"Gesch\u00e4tzte Lesezeit":"3\u00a0Minuten"},"schema":{"@context":"https:\/\/schema.org","@graph":[{"@type":"WebPage","@id":"https:\/\/www.siestagarden.com\/produkt\/paczkobox-z-donica-brazowy\/","url":"https:\/\/www.siestagarden.com\/produkt\/paczkobox-z-donica-brazowy\/","name":"PaczkoBox Scandi z donic\u0105 br\u0105zowy - Siesta Garden","isPartOf":{"@id":"https:\/\/www.siestagarden.com\/#website"},"primaryImageOfPage":{"@id":"https:\/\/www.siestagarden.com\/produkt\/paczkobox-z-donica-brazowy\/#primaryimage"},"image":{"@id":"https:\/\/www.siestagarden.com\/produkt\/paczkobox-z-donica-brazowy\/#primaryimage"},"thumbnailUrl":"https:\/\/www.siestagarden.com\/wp-content\/uploads\/2025\/10\/14-e1770803154701.jpg","datePublished":"2025-10-23T12:32:03+00:00","dateModified":"2026-04-22T06:09:32+00:00","breadcrumb":{"@id":"https:\/\/www.siestagarden.com\/produkt\/paczkobox-z-donica-brazowy\/#breadcrumb"},"inLanguage":"de","potentialAction":[{"@type":"ReadAction","target":["https:\/\/www.siestagarden.com\/produkt\/paczkobox-z-donica-brazowy\/"]}]},{"@type":"ImageObject","inLanguage":"de","@id":"https:\/\/www.siestagarden.com\/produkt\/paczkobox-z-donica-brazowy\/#primaryimage","url":"https:\/\/www.siestagarden.com\/wp-content\/uploads\/2025\/10\/14-e1770803154701.jpg","contentUrl":"https:\/\/www.siestagarden.com\/wp-content\/uploads\/2025\/10\/14-e1770803154701.jpg","width":1067,"height":1233},{"@type":"BreadcrumbList","@id":"https:\/\/www.siestagarden.com\/produkt\/paczkobox-z-donica-brazowy\/#breadcrumb","itemListElement":[{"@type":"ListItem","position":1,"name":"Strona g\u0142\u00f3wna","item":"https:\/\/www.siestagarden.com\/"},{"@type":"ListItem","position":2,"name":"Sklep","item":"https:\/\/www.siestagarden.com\/sklep\/"},{"@type":"ListItem","position":3,"name":"PaczkoBox Scandi z donic\u0105 br\u0105zowy"}]},{"@type":"WebSite","@id":"https:\/\/www.siestagarden.com\/#website","url":"https:\/\/www.siestagarden.com\/","name":"Siesta Garten","description":"M\u00f6bel f\u00fcr Ihren Garten. Polnischen Hersteller von Holzm\u00f6beln von h\u00f6chster Qualit\u00e4t.","potentialAction":[{"@type":"SearchAction","target":{"@type":"EntryPoint","urlTemplate":"https:\/\/www.siestagarden.com\/?s={search_term_string}"},"query-input":{"@type":"PropertyValueSpecification","valueRequired":true,"valueName":"search_term_string"}}],"inLanguage":"de"}]}},"_links":{"self":[{"href":"https:\/\/www.siestagarden.com\/de\/wp-json\/wp\/v2\/product\/3423","targetHints":{"allow":["GET"]}}],"collection":[{"href":"https:\/\/www.siestagarden.com\/de\/wp-json\/wp\/v2\/product"}],"about":[{"href":"https:\/\/www.siestagarden.com\/de\/wp-json\/wp\/v2\/types\/product"}],"wp:featuredmedia":[{"embeddable":true,"href":"https:\/\/www.siestagarden.com\/de\/wp-json\/wp\/v2\/media\/3441"}],"wp:attachment":[{"href":"https:\/\/www.siestagarden.com\/de\/wp-json\/wp\/v2\/media?parent=3423"}],"wp:term":[{"taxonomy":"product_brand","embeddable":true,"href":"https:\/\/www.siestagarden.com\/de\/wp-json\/wp\/v2\/product_brand?post=3423"},{"taxonomy":"product_cat","embeddable":true,"href":"https:\/\/www.siestagarden.com\/de\/wp-json\/wp\/v2\/product_cat?post=3423"},{"taxonomy":"product_tag","embeddable":true,"href":"https:\/\/www.siestagarden.com\/de\/wp-json\/wp\/v2\/product_tag?post=3423"}],"curies":[{"name":"wp","href":"https:\/\/api.w.org\/{rel}","templated":true}]}}