{"id":3981,"date":"2026-02-04T12:57:31","date_gmt":"2026-02-04T11:57:31","guid":{"rendered":"https:\/\/www.siestagarden.com\/?post_type=product&#038;p=3981"},"modified":"2026-04-15T14:39:53","modified_gmt":"2026-04-15T12:39:53","slug":"krzeslo-adirondack-podwojne","status":"publish","type":"product","link":"https:\/\/www.siestagarden.com\/de\/produkt\/krzeslo-adirondack-podwojne\/","title":{"rendered":"Adirondack-Doppelstuhl"},"content":{"rendered":"<p data-start=\"0\" data-end=\"297\">Krzes\u0142o Adirondack podw\u00f3jne to idealne rozwi\u0105zanie dla os\u00f3b, kt\u00f3re chc\u0105 po\u0142\u0105czy\u0107 komfort wypoczynku z wyj\u0105tkowym designem ogrodowym. Zaprojektowane z my\u015bl\u0105 o relaksie we dwoje, \u015bwietnie sprawdzi si\u0119 w ogrodzie, na tarasie, przy domku letniskowym czy w strefach wypoczynkowych hoteli i restauracji.<\/p>\n<p data-start=\"299\" data-end=\"620\">Solidna konstrukcja z litego drewna zapewnia trwa\u0142o\u015b\u0107 i stabilno\u015b\u0107, a charakterystycznie profilowane oparcie oraz szerokie pod\u0142okietniki gwarantuj\u0105 maksymalny komfort u\u017cytkowania. Ergonomiczny kszta\u0142t sprzyja naturalnej pozycji cia\u0142a, dzi\u0119ki czemu nawet d\u0142ugie chwile sp\u0119dzone na \u015bwie\u017cym powietrzu s\u0105 w pe\u0142ni relaksuj\u0105ce.<\/p>\n<p data-start=\"622\" data-end=\"761\">Ca\u0142o\u015b\u0107 zosta\u0142a zabezpieczona impregnacj\u0105 w kolorze br\u0105zowym, kt\u00f3ra chroni drewno przed warunkami atmosferycznymi i podkre\u015bla jego estetyk\u0119.<\/p>\n<p data-start=\"763\" data-end=\"783\">Wesentliche Merkmale:<\/p>\n<ul data-start=\"784\" data-end=\"1059\">\n<li data-section-id=\"22akyu\" data-start=\"784\" data-end=\"844\">miejsce dla dw\u00f3ch os\u00f3b \u2013 idealne do wsp\u00f3lnego wypoczynku<\/li>\n<li data-section-id=\"bzhlaa\" data-start=\"845\" data-end=\"897\">wykonanie z litego drewna \u2013 trwa\u0142o\u015b\u0107 i odporno\u015b\u0107<\/li>\n<li data-section-id=\"1ac0ih5\" data-start=\"898\" data-end=\"948\">ergonomiczny design \u2013 wysoki komfort siedzenia<\/li>\n<li data-section-id=\"1k72aau\" data-start=\"949\" data-end=\"994\">szerokie pod\u0142okietniki \u2013 dodatkowa wygoda<\/li>\n<li data-section-id=\"45ou3d\" data-start=\"995\" data-end=\"1059\">impregnacja w kolorze br\u0105zowym \u2013 ochrona i estetyczny wygl\u0105d<\/li>\n<\/ul>\n<p data-start=\"1061\" data-end=\"1151\" data-is-last-node=\"\" data-is-only-node=\"\">To nie tylko mebel, ale element tworz\u0105cy wyj\u0105tkow\u0105 atmosfer\u0119 relaksu na \u015bwie\u017cym powietrzu.<\/p>","protected":false},"excerpt":{"rendered":"<p>Krzes\u0142o Adirondack podw\u00f3jne to idealne rozwi\u0105zanie dla os\u00f3b, kt\u00f3re chc\u0105 po\u0142\u0105czy\u0107 komfort wypoczynku z wyj\u0105tkowym designem ogrodowym. Zaprojektowane z my\u015bl\u0105 o relaksie we dwoje, \u015bwietnie sprawdzi si\u0119 w ogrodzie, na tarasie, przy domku letniskowym czy w strefach wypoczynkowych hoteli i restauracji. Solidna konstrukcja z litego drewna zapewnia trwa\u0142o\u015b\u0107 i stabilno\u015b\u0107, a charakterystycznie profilowane oparcie oraz [&hellip;]<\/p>\n","protected":false},"featured_media":3982,"template":"","meta":{"_acf_changed":false},"product_brand":[],"product_cat":[68],"product_tag":[],"class_list":{"0":"post-3981","1":"product","2":"type-product","3":"status-publish","4":"has-post-thumbnail","6":"product_cat-fotele-i-krzesla","7":"product_shipping_class-podstawowa","9":"first","10":"instock","11":"taxable","12":"shipping-taxable","13":"purchasable","14":"product-type-simple","15":"add-to-wishlist-after_add_to_cart"},"acf":[],"yoast_head":"<!-- This site is optimized with the Yoast SEO plugin v26.6 - https:\/\/yoast.com\/wordpress\/plugins\/seo\/ -->\n<title>Krzes\u0142o Adirondack podw\u00f3jne - Siesta Garden<\/title>\n<meta name=\"robots\" content=\"index, follow, max-snippet:-1, max-image-preview:large, max-video-preview:-1\" \/>\n<link rel=\"canonical\" href=\"https:\/\/www.siestagarden.com\/de\/produkt\/krzeslo-adirondack-podwojne\/\" \/>\n<meta property=\"og:locale\" content=\"de_DE\" \/>\n<meta property=\"og:type\" content=\"article\" \/>\n<meta property=\"og:title\" content=\"Krzes\u0142o Adirondack podw\u00f3jne - Siesta Garden\" \/>\n<meta property=\"og:description\" content=\"Krzes\u0142o Adirondack podw\u00f3jne to idealne rozwi\u0105zanie dla os\u00f3b, kt\u00f3re chc\u0105 po\u0142\u0105czy\u0107 komfort wypoczynku z wyj\u0105tkowym designem ogrodowym. Zaprojektowane z my\u015bl\u0105 o relaksie we dwoje, \u015bwietnie sprawdzi si\u0119 w ogrodzie, na tarasie, przy domku letniskowym czy w strefach wypoczynkowych hoteli i restauracji. Solidna konstrukcja z litego drewna zapewnia trwa\u0142o\u015b\u0107 i stabilno\u015b\u0107, a charakterystycznie profilowane oparcie oraz [&hellip;]\" \/>\n<meta property=\"og:url\" content=\"https:\/\/www.siestagarden.com\/de\/produkt\/krzeslo-adirondack-podwojne\/\" \/>\n<meta property=\"og:site_name\" content=\"Siesta Garden\" \/>\n<meta property=\"article:modified_time\" content=\"2026-04-15T12:39:53+00:00\" \/>\n<meta property=\"og:image\" content=\"https:\/\/www.siestagarden.com\/wp-content\/uploads\/2026\/02\/E4F81F81-40C7-47CF-AFB2-21B806279380-1024x683.png\" \/>\n\t<meta property=\"og:image:width\" content=\"1024\" \/>\n\t<meta property=\"og:image:height\" content=\"683\" \/>\n\t<meta property=\"og:image:type\" content=\"image\/png\" \/>\n<meta name=\"twitter:card\" content=\"summary_large_image\" \/>\n<meta name=\"twitter:label1\" content=\"Gesch\u00e4tzte Lesezeit\" \/>\n\t<meta name=\"twitter:data1\" content=\"2\u00a0Minuten\" \/>\n<script type=\"application\/ld+json\" class=\"yoast-schema-graph\">{\"@context\":\"https:\/\/schema.org\",\"@graph\":[{\"@type\":\"WebPage\",\"@id\":\"https:\/\/www.siestagarden.com\/produkt\/krzeslo-adirondack-podwojne\/\",\"url\":\"https:\/\/www.siestagarden.com\/produkt\/krzeslo-adirondack-podwojne\/\",\"name\":\"Krzes\u0142o Adirondack podw\u00f3jne - Siesta Garden\",\"isPartOf\":{\"@id\":\"https:\/\/www.siestagarden.com\/#website\"},\"primaryImageOfPage\":{\"@id\":\"https:\/\/www.siestagarden.com\/produkt\/krzeslo-adirondack-podwojne\/#primaryimage\"},\"image\":{\"@id\":\"https:\/\/www.siestagarden.com\/produkt\/krzeslo-adirondack-podwojne\/#primaryimage\"},\"thumbnailUrl\":\"https:\/\/www.siestagarden.com\/wp-content\/uploads\/2026\/02\/E4F81F81-40C7-47CF-AFB2-21B806279380.png\",\"datePublished\":\"2026-02-04T11:57:31+00:00\",\"dateModified\":\"2026-04-15T12:39:53+00:00\",\"breadcrumb\":{\"@id\":\"https:\/\/www.siestagarden.com\/produkt\/krzeslo-adirondack-podwojne\/#breadcrumb\"},\"inLanguage\":\"de\",\"potentialAction\":[{\"@type\":\"ReadAction\",\"target\":[\"https:\/\/www.siestagarden.com\/produkt\/krzeslo-adirondack-podwojne\/\"]}]},{\"@type\":\"ImageObject\",\"inLanguage\":\"de\",\"@id\":\"https:\/\/www.siestagarden.com\/produkt\/krzeslo-adirondack-podwojne\/#primaryimage\",\"url\":\"https:\/\/www.siestagarden.com\/wp-content\/uploads\/2026\/02\/E4F81F81-40C7-47CF-AFB2-21B806279380.png\",\"contentUrl\":\"https:\/\/www.siestagarden.com\/wp-content\/uploads\/2026\/02\/E4F81F81-40C7-47CF-AFB2-21B806279380.png\",\"width\":1536,\"height\":1024},{\"@type\":\"BreadcrumbList\",\"@id\":\"https:\/\/www.siestagarden.com\/produkt\/krzeslo-adirondack-podwojne\/#breadcrumb\",\"itemListElement\":[{\"@type\":\"ListItem\",\"position\":1,\"name\":\"Strona g\u0142\u00f3wna\",\"item\":\"https:\/\/www.siestagarden.com\/\"},{\"@type\":\"ListItem\",\"position\":2,\"name\":\"Sklep\",\"item\":\"https:\/\/www.siestagarden.com\/sklep\/\"},{\"@type\":\"ListItem\",\"position\":3,\"name\":\"Krzes\u0142o Adirondack podw\u00f3jne\"}]},{\"@type\":\"WebSite\",\"@id\":\"https:\/\/www.siestagarden.com\/#website\",\"url\":\"https:\/\/www.siestagarden.com\/\",\"name\":\"Siesta Garden\",\"description\":\"Meble do Twojego ogrodu. Polski producent drewnianych mebli najwy\u017cszej jako\u015bci.\",\"potentialAction\":[{\"@type\":\"SearchAction\",\"target\":{\"@type\":\"EntryPoint\",\"urlTemplate\":\"https:\/\/www.siestagarden.com\/?s={search_term_string}\"},\"query-input\":{\"@type\":\"PropertyValueSpecification\",\"valueRequired\":true,\"valueName\":\"search_term_string\"}}],\"inLanguage\":\"de\"}]}<\/script>\n<!-- \/ Yoast SEO plugin. -->","yoast_head_json":{"title":"Krzes\u0142o Adirondack podw\u00f3jne - Siesta Garden","robots":{"index":"index","follow":"follow","max-snippet":"max-snippet:-1","max-image-preview":"max-image-preview:large","max-video-preview":"max-video-preview:-1"},"canonical":"https:\/\/www.siestagarden.com\/de\/produkt\/krzeslo-adirondack-podwojne\/","og_locale":"de_DE","og_type":"article","og_title":"Krzes\u0142o Adirondack podw\u00f3jne - Siesta Garden","og_description":"Krzes\u0142o Adirondack podw\u00f3jne to idealne rozwi\u0105zanie dla os\u00f3b, kt\u00f3re chc\u0105 po\u0142\u0105czy\u0107 komfort wypoczynku z wyj\u0105tkowym designem ogrodowym. Zaprojektowane z my\u015bl\u0105 o relaksie we dwoje, \u015bwietnie sprawdzi si\u0119 w ogrodzie, na tarasie, przy domku letniskowym czy w strefach wypoczynkowych hoteli i restauracji. Solidna konstrukcja z litego drewna zapewnia trwa\u0142o\u015b\u0107 i stabilno\u015b\u0107, a charakterystycznie profilowane oparcie oraz [&hellip;]","og_url":"https:\/\/www.siestagarden.com\/de\/produkt\/krzeslo-adirondack-podwojne\/","og_site_name":"Siesta Garden","article_modified_time":"2026-04-15T12:39:53+00:00","og_image":[{"width":1024,"height":683,"url":"https:\/\/www.siestagarden.com\/wp-content\/uploads\/2026\/02\/E4F81F81-40C7-47CF-AFB2-21B806279380-1024x683.png","type":"image\/png"}],"twitter_card":"summary_large_image","twitter_misc":{"Gesch\u00e4tzte Lesezeit":"2\u00a0Minuten"},"schema":{"@context":"https:\/\/schema.org","@graph":[{"@type":"WebPage","@id":"https:\/\/www.siestagarden.com\/produkt\/krzeslo-adirondack-podwojne\/","url":"https:\/\/www.siestagarden.com\/produkt\/krzeslo-adirondack-podwojne\/","name":"Krzes\u0142o Adirondack podw\u00f3jne - Siesta Garden","isPartOf":{"@id":"https:\/\/www.siestagarden.com\/#website"},"primaryImageOfPage":{"@id":"https:\/\/www.siestagarden.com\/produkt\/krzeslo-adirondack-podwojne\/#primaryimage"},"image":{"@id":"https:\/\/www.siestagarden.com\/produkt\/krzeslo-adirondack-podwojne\/#primaryimage"},"thumbnailUrl":"https:\/\/www.siestagarden.com\/wp-content\/uploads\/2026\/02\/E4F81F81-40C7-47CF-AFB2-21B806279380.png","datePublished":"2026-02-04T11:57:31+00:00","dateModified":"2026-04-15T12:39:53+00:00","breadcrumb":{"@id":"https:\/\/www.siestagarden.com\/produkt\/krzeslo-adirondack-podwojne\/#breadcrumb"},"inLanguage":"de","potentialAction":[{"@type":"ReadAction","target":["https:\/\/www.siestagarden.com\/produkt\/krzeslo-adirondack-podwojne\/"]}]},{"@type":"ImageObject","inLanguage":"de","@id":"https:\/\/www.siestagarden.com\/produkt\/krzeslo-adirondack-podwojne\/#primaryimage","url":"https:\/\/www.siestagarden.com\/wp-content\/uploads\/2026\/02\/E4F81F81-40C7-47CF-AFB2-21B806279380.png","contentUrl":"https:\/\/www.siestagarden.com\/wp-content\/uploads\/2026\/02\/E4F81F81-40C7-47CF-AFB2-21B806279380.png","width":1536,"height":1024},{"@type":"BreadcrumbList","@id":"https:\/\/www.siestagarden.com\/produkt\/krzeslo-adirondack-podwojne\/#breadcrumb","itemListElement":[{"@type":"ListItem","position":1,"name":"Strona g\u0142\u00f3wna","item":"https:\/\/www.siestagarden.com\/"},{"@type":"ListItem","position":2,"name":"Sklep","item":"https:\/\/www.siestagarden.com\/sklep\/"},{"@type":"ListItem","position":3,"name":"Krzes\u0142o Adirondack podw\u00f3jne"}]},{"@type":"WebSite","@id":"https:\/\/www.siestagarden.com\/#website","url":"https:\/\/www.siestagarden.com\/","name":"Siesta Garten","description":"M\u00f6bel f\u00fcr Ihren Garten. Polnischen Hersteller von Holzm\u00f6beln von h\u00f6chster Qualit\u00e4t.","potentialAction":[{"@type":"SearchAction","target":{"@type":"EntryPoint","urlTemplate":"https:\/\/www.siestagarden.com\/?s={search_term_string}"},"query-input":{"@type":"PropertyValueSpecification","valueRequired":true,"valueName":"search_term_string"}}],"inLanguage":"de"}]}},"_links":{"self":[{"href":"https:\/\/www.siestagarden.com\/de\/wp-json\/wp\/v2\/product\/3981","targetHints":{"allow":["GET"]}}],"collection":[{"href":"https:\/\/www.siestagarden.com\/de\/wp-json\/wp\/v2\/product"}],"about":[{"href":"https:\/\/www.siestagarden.com\/de\/wp-json\/wp\/v2\/types\/product"}],"wp:featuredmedia":[{"embeddable":true,"href":"https:\/\/www.siestagarden.com\/de\/wp-json\/wp\/v2\/media\/3982"}],"wp:attachment":[{"href":"https:\/\/www.siestagarden.com\/de\/wp-json\/wp\/v2\/media?parent=3981"}],"wp:term":[{"taxonomy":"product_brand","embeddable":true,"href":"https:\/\/www.siestagarden.com\/de\/wp-json\/wp\/v2\/product_brand?post=3981"},{"taxonomy":"product_cat","embeddable":true,"href":"https:\/\/www.siestagarden.com\/de\/wp-json\/wp\/v2\/product_cat?post=3981"},{"taxonomy":"product_tag","embeddable":true,"href":"https:\/\/www.siestagarden.com\/de\/wp-json\/wp\/v2\/product_tag?post=3981"}],"curies":[{"name":"wp","href":"https:\/\/api.w.org\/{rel}","templated":true}]}}