{"id":4106,"date":"2026-02-09T14:23:58","date_gmt":"2026-02-09T13:23:58","guid":{"rendered":"https:\/\/www.siestagarden.com\/?post_type=product&#038;p=4106"},"modified":"2026-03-25T13:40:25","modified_gmt":"2026-03-25T12:40:25","slug":"skrzynia-na-poduszki","status":"publish","type":"product","link":"https:\/\/www.siestagarden.com\/de\/produkt\/skrzynia-na-poduszki\/","title":{"rendered":"XXL Kissenbox aus Holz mit Metalleinsatz, |136x71x83cm|"},"content":{"rendered":"<p data-start=\"138\" data-end=\"514\">Die Kissenkiste ist eine funktionelle und \u00e4sthetische L\u00f6sung f\u00fcr die Aufbewahrung von Textilien und Gartenaccessoires, um den Loungebereich w\u00e4hrend der ganzen Saison aufger\u00e4umt zu halten. Die schlichte, geometrische Form in Kombination mit dem nat\u00fcrlichen Holzdekor l\u00e4sst die Kiste sowohl mit modernen als auch mit klassischen Gartenm\u00f6beln harmonieren.<\/p>\n<p data-start=\"516\" data-end=\"907\">Der ger\u00e4umige Innenraum erm\u00f6glicht die bequeme Aufbewahrung von Kissen, Decken, Teppichen oder anderen Einrichtungsgegenst\u00e4nden, die im Freien verwendet werden. Die Innenseite der Box ist mit einer Metallf\u00fcllung versehen, die eine zus\u00e4tzliche Schutzbarriere gegen Regen, Feuchtigkeit und Ungeziefer bildet. So bleibt der Inhalt trocken, sauber und einsatzbereit, wenn es wieder Zeit ist, sich im Freien zu entspannen.<\/p>\n<p data-start=\"909\" data-end=\"1231\">Der solide, glatte Deckel sch\u00fctzt die gelagerten Gegenst\u00e4nde wirksam, und die stabile Konstruktion sorgt f\u00fcr Langlebigkeit und Komfort im t\u00e4glichen Gebrauch. Durch die Verwendung von Rollen kann die Truhe leicht an jeden beliebigen Ort gebracht werden - n\u00e4her an den Wohnbereich, unter das Vordach oder in einen gesch\u00fctzteren Teil der Terrasse oder des Gartens.<\/p>\n<p data-start=\"1233\" data-end=\"1527\">Die Kissenbox ist nicht nur ein praktischer Aufbewahrungsgegenstand, sondern auch ein Element, das ein Gef\u00fchl von Ruhe und Ordnung vermittelt - alles hat seinen Platz und die Momente, die man im Freien verbringt, k\u00f6nnen ganz der Entspannung, dem Gespr\u00e4ch und dem Beisammensein mit den Liebsten gewidmet werden, ohne an das Wetter oder die Aufbewahrung von Extras zu denken.<\/p>\n<p data-start=\"1529\" data-end=\"1894\">Wesentliche Merkmale:<br \/>\n\u2714\ufe0f ger\u00e4umige Aufbewahrungsbox f\u00fcr Kissen und Gartenzubeh\u00f6r<br data-start=\"1620\" data-end=\"1623\" \/>\u2714\ufe0f Massivholzkonstruktion<br data-start=\"1654\" data-end=\"1657\" \/>\u2714\ufe0f Metallf\u00fcllung zum Schutz vor Regen und Ungeziefer<br data-start=\"1719\" data-end=\"1722\" \/>\u2714\ufe0f stabiler Deckel zum Schutz des Inhalts<br data-start=\"1767\" data-end=\"1770\" \/>\u2714\ufe0f Mobilit\u00e4t dank der Rollen<br data-start=\"1808\" data-end=\"1811\" \/>\u2714\ufe0f f\u00fcr die \u00e4u\u00dfere Anwendung bestimmt<br data-start=\"1849\" data-end=\"1852\" \/>\u2714\ufe0f passt perfekt zu den anderen M\u00f6beln in Ihrem Garten<\/p>","protected":false},"excerpt":{"rendered":"<p>Skrzynia na poduszki to funkcjonalne i estetyczne rozwi\u0105zanie do przechowywania tekstyli\u00f3w oraz akcesori\u00f3w ogrodowych, kt\u00f3re pozwala zachowa\u0107 porz\u0105dek w strefie wypoczynkowej przez ca\u0142y sezon. Prosta, geometryczna forma w po\u0142\u0105czeniu z naturalnym wyko\u0144czeniem z drewna sprawia, \u017ce skrzynia harmonijnie komponuje si\u0119 zar\u00f3wno z nowoczesnymi, jak i klasycznymi meblami ogrodowymi. Pojemne wn\u0119trze umo\u017cliwia wygodne przechowywanie poduszek, koc\u00f3w, [&hellip;]<\/p>\n","protected":false},"featured_media":4112,"template":"","meta":{"_acf_changed":false},"product_brand":[],"product_cat":[76,74],"product_tag":[],"class_list":{"0":"post-4106","1":"product","2":"type-product","3":"status-publish","4":"has-post-thumbnail","6":"product_cat-akcesoria-ogrodowe","7":"product_cat-przechowywanie","8":"product_shipping_class-podstawowa","10":"first","11":"onbackorder","12":"taxable","13":"shipping-taxable","14":"purchasable","15":"product-type-simple","16":"add-to-wishlist-after_add_to_cart"},"acf":[],"yoast_head":"<!-- This site is optimized with the Yoast SEO plugin v26.6 - https:\/\/yoast.com\/wordpress\/plugins\/seo\/ -->\n<title>XXL Skrzynia na poduszki z drewna, z metalowym wk\u0142adem, |136x71x83cm| - Siesta Garden<\/title>\n<meta name=\"robots\" content=\"index, follow, max-snippet:-1, max-image-preview:large, max-video-preview:-1\" \/>\n<link rel=\"canonical\" href=\"https:\/\/www.siestagarden.com\/de\/produkt\/skrzynia-na-poduszki\/\" \/>\n<meta property=\"og:locale\" content=\"de_DE\" \/>\n<meta property=\"og:type\" content=\"article\" \/>\n<meta property=\"og:title\" content=\"XXL Skrzynia na poduszki z drewna, z metalowym wk\u0142adem, |136x71x83cm| - Siesta Garden\" \/>\n<meta property=\"og:description\" content=\"Skrzynia na poduszki to funkcjonalne i estetyczne rozwi\u0105zanie do przechowywania tekstyli\u00f3w oraz akcesori\u00f3w ogrodowych, kt\u00f3re pozwala zachowa\u0107 porz\u0105dek w strefie wypoczynkowej przez ca\u0142y sezon. Prosta, geometryczna forma w po\u0142\u0105czeniu z naturalnym wyko\u0144czeniem z drewna sprawia, \u017ce skrzynia harmonijnie komponuje si\u0119 zar\u00f3wno z nowoczesnymi, jak i klasycznymi meblami ogrodowymi. Pojemne wn\u0119trze umo\u017cliwia wygodne przechowywanie poduszek, koc\u00f3w, [&hellip;]\" \/>\n<meta property=\"og:url\" content=\"https:\/\/www.siestagarden.com\/de\/produkt\/skrzynia-na-poduszki\/\" \/>\n<meta property=\"og:site_name\" content=\"Siesta Garden\" \/>\n<meta property=\"article:modified_time\" content=\"2026-03-25T12:40:25+00:00\" \/>\n<meta property=\"og:image\" content=\"https:\/\/www.siestagarden.com\/wp-content\/uploads\/2026\/02\/IMG_0202-e1770641566918.jpeg\" \/>\n\t<meta property=\"og:image:width\" content=\"704\" \/>\n\t<meta property=\"og:image:height\" content=\"900\" \/>\n\t<meta property=\"og:image:type\" content=\"image\/jpeg\" \/>\n<meta name=\"twitter:card\" content=\"summary_large_image\" \/>\n<meta name=\"twitter:label1\" content=\"Gesch\u00e4tzte Lesezeit\" \/>\n\t<meta name=\"twitter:data1\" content=\"2\u00a0Minuten\" \/>\n<script type=\"application\/ld+json\" class=\"yoast-schema-graph\">{\"@context\":\"https:\/\/schema.org\",\"@graph\":[{\"@type\":\"WebPage\",\"@id\":\"https:\/\/www.siestagarden.com\/produkt\/skrzynia-na-poduszki\/\",\"url\":\"https:\/\/www.siestagarden.com\/produkt\/skrzynia-na-poduszki\/\",\"name\":\"XXL Skrzynia na poduszki z drewna, z metalowym wk\u0142adem, |136x71x83cm| - Siesta Garden\",\"isPartOf\":{\"@id\":\"https:\/\/www.siestagarden.com\/#website\"},\"primaryImageOfPage\":{\"@id\":\"https:\/\/www.siestagarden.com\/produkt\/skrzynia-na-poduszki\/#primaryimage\"},\"image\":{\"@id\":\"https:\/\/www.siestagarden.com\/produkt\/skrzynia-na-poduszki\/#primaryimage\"},\"thumbnailUrl\":\"https:\/\/www.siestagarden.com\/wp-content\/uploads\/2026\/02\/IMG_0202-e1770641566918.jpeg\",\"datePublished\":\"2026-02-09T13:23:58+00:00\",\"dateModified\":\"2026-03-25T12:40:25+00:00\",\"breadcrumb\":{\"@id\":\"https:\/\/www.siestagarden.com\/produkt\/skrzynia-na-poduszki\/#breadcrumb\"},\"inLanguage\":\"de\",\"potentialAction\":[{\"@type\":\"ReadAction\",\"target\":[\"https:\/\/www.siestagarden.com\/produkt\/skrzynia-na-poduszki\/\"]}]},{\"@type\":\"ImageObject\",\"inLanguage\":\"de\",\"@id\":\"https:\/\/www.siestagarden.com\/produkt\/skrzynia-na-poduszki\/#primaryimage\",\"url\":\"https:\/\/www.siestagarden.com\/wp-content\/uploads\/2026\/02\/IMG_0202-e1770641566918.jpeg\",\"contentUrl\":\"https:\/\/www.siestagarden.com\/wp-content\/uploads\/2026\/02\/IMG_0202-e1770641566918.jpeg\",\"width\":704,\"height\":900},{\"@type\":\"BreadcrumbList\",\"@id\":\"https:\/\/www.siestagarden.com\/produkt\/skrzynia-na-poduszki\/#breadcrumb\",\"itemListElement\":[{\"@type\":\"ListItem\",\"position\":1,\"name\":\"Strona g\u0142\u00f3wna\",\"item\":\"https:\/\/www.siestagarden.com\/\"},{\"@type\":\"ListItem\",\"position\":2,\"name\":\"Sklep\",\"item\":\"https:\/\/www.siestagarden.com\/sklep\/\"},{\"@type\":\"ListItem\",\"position\":3,\"name\":\"XXL Skrzynia na poduszki z drewna, z metalowym wk\u0142adem, |136x71x83cm|\"}]},{\"@type\":\"WebSite\",\"@id\":\"https:\/\/www.siestagarden.com\/#website\",\"url\":\"https:\/\/www.siestagarden.com\/\",\"name\":\"Siesta Garden\",\"description\":\"Meble do Twojego ogrodu. Polski producent drewnianych mebli najwy\u017cszej jako\u015bci.\",\"potentialAction\":[{\"@type\":\"SearchAction\",\"target\":{\"@type\":\"EntryPoint\",\"urlTemplate\":\"https:\/\/www.siestagarden.com\/?s={search_term_string}\"},\"query-input\":{\"@type\":\"PropertyValueSpecification\",\"valueRequired\":true,\"valueName\":\"search_term_string\"}}],\"inLanguage\":\"de\"}]}<\/script>\n<!-- \/ Yoast SEO plugin. -->","yoast_head_json":{"title":"XXL Skrzynia na poduszki z drewna, z metalowym wk\u0142adem, |136x71x83cm| - Siesta Garden","robots":{"index":"index","follow":"follow","max-snippet":"max-snippet:-1","max-image-preview":"max-image-preview:large","max-video-preview":"max-video-preview:-1"},"canonical":"https:\/\/www.siestagarden.com\/de\/produkt\/skrzynia-na-poduszki\/","og_locale":"de_DE","og_type":"article","og_title":"XXL Skrzynia na poduszki z drewna, z metalowym wk\u0142adem, |136x71x83cm| - Siesta Garden","og_description":"Skrzynia na poduszki to funkcjonalne i estetyczne rozwi\u0105zanie do przechowywania tekstyli\u00f3w oraz akcesori\u00f3w ogrodowych, kt\u00f3re pozwala zachowa\u0107 porz\u0105dek w strefie wypoczynkowej przez ca\u0142y sezon. Prosta, geometryczna forma w po\u0142\u0105czeniu z naturalnym wyko\u0144czeniem z drewna sprawia, \u017ce skrzynia harmonijnie komponuje si\u0119 zar\u00f3wno z nowoczesnymi, jak i klasycznymi meblami ogrodowymi. Pojemne wn\u0119trze umo\u017cliwia wygodne przechowywanie poduszek, koc\u00f3w, [&hellip;]","og_url":"https:\/\/www.siestagarden.com\/de\/produkt\/skrzynia-na-poduszki\/","og_site_name":"Siesta Garden","article_modified_time":"2026-03-25T12:40:25+00:00","og_image":[{"width":704,"height":900,"url":"https:\/\/www.siestagarden.com\/wp-content\/uploads\/2026\/02\/IMG_0202-e1770641566918.jpeg","type":"image\/jpeg"}],"twitter_card":"summary_large_image","twitter_misc":{"Gesch\u00e4tzte Lesezeit":"2\u00a0Minuten"},"schema":{"@context":"https:\/\/schema.org","@graph":[{"@type":"WebPage","@id":"https:\/\/www.siestagarden.com\/produkt\/skrzynia-na-poduszki\/","url":"https:\/\/www.siestagarden.com\/produkt\/skrzynia-na-poduszki\/","name":"XXL Skrzynia na poduszki z drewna, z metalowym wk\u0142adem, |136x71x83cm| - Siesta Garden","isPartOf":{"@id":"https:\/\/www.siestagarden.com\/#website"},"primaryImageOfPage":{"@id":"https:\/\/www.siestagarden.com\/produkt\/skrzynia-na-poduszki\/#primaryimage"},"image":{"@id":"https:\/\/www.siestagarden.com\/produkt\/skrzynia-na-poduszki\/#primaryimage"},"thumbnailUrl":"https:\/\/www.siestagarden.com\/wp-content\/uploads\/2026\/02\/IMG_0202-e1770641566918.jpeg","datePublished":"2026-02-09T13:23:58+00:00","dateModified":"2026-03-25T12:40:25+00:00","breadcrumb":{"@id":"https:\/\/www.siestagarden.com\/produkt\/skrzynia-na-poduszki\/#breadcrumb"},"inLanguage":"de","potentialAction":[{"@type":"ReadAction","target":["https:\/\/www.siestagarden.com\/produkt\/skrzynia-na-poduszki\/"]}]},{"@type":"ImageObject","inLanguage":"de","@id":"https:\/\/www.siestagarden.com\/produkt\/skrzynia-na-poduszki\/#primaryimage","url":"https:\/\/www.siestagarden.com\/wp-content\/uploads\/2026\/02\/IMG_0202-e1770641566918.jpeg","contentUrl":"https:\/\/www.siestagarden.com\/wp-content\/uploads\/2026\/02\/IMG_0202-e1770641566918.jpeg","width":704,"height":900},{"@type":"BreadcrumbList","@id":"https:\/\/www.siestagarden.com\/produkt\/skrzynia-na-poduszki\/#breadcrumb","itemListElement":[{"@type":"ListItem","position":1,"name":"Strona g\u0142\u00f3wna","item":"https:\/\/www.siestagarden.com\/"},{"@type":"ListItem","position":2,"name":"Sklep","item":"https:\/\/www.siestagarden.com\/sklep\/"},{"@type":"ListItem","position":3,"name":"XXL Skrzynia na poduszki z drewna, z metalowym wk\u0142adem, |136x71x83cm|"}]},{"@type":"WebSite","@id":"https:\/\/www.siestagarden.com\/#website","url":"https:\/\/www.siestagarden.com\/","name":"Siesta Garten","description":"M\u00f6bel f\u00fcr Ihren Garten. Polnischen Hersteller von Holzm\u00f6beln von h\u00f6chster Qualit\u00e4t.","potentialAction":[{"@type":"SearchAction","target":{"@type":"EntryPoint","urlTemplate":"https:\/\/www.siestagarden.com\/?s={search_term_string}"},"query-input":{"@type":"PropertyValueSpecification","valueRequired":true,"valueName":"search_term_string"}}],"inLanguage":"de"}]}},"_links":{"self":[{"href":"https:\/\/www.siestagarden.com\/de\/wp-json\/wp\/v2\/product\/4106","targetHints":{"allow":["GET"]}}],"collection":[{"href":"https:\/\/www.siestagarden.com\/de\/wp-json\/wp\/v2\/product"}],"about":[{"href":"https:\/\/www.siestagarden.com\/de\/wp-json\/wp\/v2\/types\/product"}],"wp:featuredmedia":[{"embeddable":true,"href":"https:\/\/www.siestagarden.com\/de\/wp-json\/wp\/v2\/media\/4112"}],"wp:attachment":[{"href":"https:\/\/www.siestagarden.com\/de\/wp-json\/wp\/v2\/media?parent=4106"}],"wp:term":[{"taxonomy":"product_brand","embeddable":true,"href":"https:\/\/www.siestagarden.com\/de\/wp-json\/wp\/v2\/product_brand?post=4106"},{"taxonomy":"product_cat","embeddable":true,"href":"https:\/\/www.siestagarden.com\/de\/wp-json\/wp\/v2\/product_cat?post=4106"},{"taxonomy":"product_tag","embeddable":true,"href":"https:\/\/www.siestagarden.com\/de\/wp-json\/wp\/v2\/product_tag?post=4106"}],"curies":[{"name":"wp","href":"https:\/\/api.w.org\/{rel}","templated":true}]}}