{"id":4144,"date":"2026-02-09T14:57:05","date_gmt":"2026-02-09T13:57:05","guid":{"rendered":"https:\/\/www.siestagarden.com\/?post_type=product&#038;p=4144"},"modified":"2026-02-11T09:27:36","modified_gmt":"2026-02-11T08:27:36","slug":"stol-a-frame-15m-ches-picnic-z-drewna-cacao","status":"publish","type":"product","link":"https:\/\/www.siestagarden.com\/de\/produkt\/stol-a-frame-15m-ches-picnic-z-drewna-cacao\/","title":{"rendered":"A-Rahmen 1,5 m Ches Picknick-Tisch in Cacao Holz"},"content":{"rendered":"<p data-start=\"243\" data-end=\"316\"><strong data-start=\"243\" data-end=\"316\">A-Frame Ches Picknicktisch - ein kompaktes Modell f\u00fcr den Au\u00dfeneinsatz<\/strong><\/p>\n<p data-start=\"318\" data-end=\"644\">Der Ches A-Frame Picknicktisch ist ein klassisches A-Frame-Modell, das f\u00fcr den allt\u00e4glichen Gebrauch im Au\u00dfenbereich konzipiert wurde. Das schlichte, bew\u00e4hrte Design und die ergonomischen Proportionen machen den Tisch sowohl f\u00fcr private G\u00e4rten als auch f\u00fcr Freizeit- oder halbgewerbliche R\u00e4ume geeignet.<\/p>\n<p data-start=\"646\" data-end=\"943\">Modell mit Abmessungen <strong data-start=\"664\" data-end=\"685\">150 \u00d7 126 \u00d7 71 cm<\/strong> bietet einen bequemen Platz zum Essen und f\u00fcr Zusammenk\u00fcnfte im Freien. Dank des Gewichts <strong data-start=\"778\" data-end=\"787\">37 kg<\/strong> Der Tisch ist f\u00fcr seine Klasse relativ leicht, so dass er sich leicht aufstellen und eventuell verschieben l\u00e4sst, wobei die strukturelle Stabilit\u00e4t erhalten bleibt.<\/p>\n<p data-start=\"945\" data-end=\"1253\">Der Tisch wurde aus Holz f\u00fcr den Au\u00dfenbereich gefertigt und in der Farbe von <strong data-start=\"1036\" data-end=\"1045\">Kakao<\/strong>die den nat\u00fcrlichen Charakter des Materials unterstreicht und sich gut in die umgebende Gr\u00fcnanlage und Gartenarchitektur einf\u00fcgt. Die A-Rahmen-Konstruktion sorgt f\u00fcr eine gute Steifigkeit und Haltbarkeit im t\u00e4glichen Gebrauch.<\/p>\n<h3 data-start=\"1255\" data-end=\"1274\">Abmessungen und Gewicht:<\/h3>\n<ul data-start=\"1275\" data-end=\"1368\">\n<li data-start=\"1275\" data-end=\"1298\">\n<p data-start=\"1277\" data-end=\"1298\">L\u00e4nge: <strong data-start=\"1286\" data-end=\"1296\">150 cm<\/strong><\/p>\n<\/li>\n<li data-start=\"1299\" data-end=\"1324\">\n<p data-start=\"1301\" data-end=\"1324\">Breite: <strong data-start=\"1312\" data-end=\"1322\">126 cm<\/strong><\/p>\n<\/li>\n<li data-start=\"1325\" data-end=\"1348\">\n<p data-start=\"1327\" data-end=\"1348\">H\u00f6he: <strong data-start=\"1337\" data-end=\"1346\">71 cm<\/strong><\/p>\n<\/li>\n<li data-start=\"1349\" data-end=\"1368\">\n<p data-start=\"1351\" data-end=\"1368\">Gewicht: <strong data-start=\"1357\" data-end=\"1366\">37 kg<\/strong><\/p>\n<\/li>\n<\/ul>\n<h3 data-start=\"1370\" data-end=\"1415\">Warum sollten Sie sich f\u00fcr das Modell A-Frame Ches entscheiden?<\/h3>\n<p data-start=\"1417\" data-end=\"1748\">\u2714\ufe0f Klassisches A-Rahmen-Design f\u00fcr Stabilit\u00e4t<br data-start=\"1473\" data-end=\"1476\" \/>\u2714\ufe0f Kompakte Abmessungen, geeignet f\u00fcr verschiedene R\u00e4ume<br data-start=\"1532\" data-end=\"1535\" \/>\u2714\ufe0f Leichtes Gewicht f\u00fcr einfachen Transport und Aufbau<br data-start=\"1587\" data-end=\"1590\" \/>\u2714\ufe0f Naturfarbene Ausf\u00fchrung <strong data-start=\"1625\" data-end=\"1634\">Kakao<\/strong><br data-start=\"1634\" data-end=\"1637\" \/>\u2714\ufe0f F\u00fcr den Au\u00dfeneinsatz konzipiert<br data-start=\"1675\" data-end=\"1678\" \/>\u2714\ufe0f Universelle Nutzung - Garten, Terrasse, Freizeitbereiche<\/p>\n<p data-start=\"1750\" data-end=\"1948\"><strong data-start=\"1750\" data-end=\"1766\">Ches Picknick-Tisch<\/strong> ist ein praktischer Picknicktisch, der eine klassische Form mit Funktionalit\u00e4t und einer \u00e4sthetisch ansprechenden Oberfl\u00e4che verbindet und eine solide Ausstattung f\u00fcr jeden Sitzplatz im Freien darstellt.<\/p>","protected":false},"excerpt":{"rendered":"<p>St\u00f3\u0142 piknikowy A-Frame Ches \u2013 kompaktowy model do u\u017cytku zewn\u0119trznego St\u00f3\u0142 piknikowy A-Frame Ches to klasyczny model typu A-frame, zaprojektowany z my\u015bl\u0105 o codziennym u\u017cytkowaniu w przestrzeniach zewn\u0119trznych. Prosta, sprawdzona konstrukcja oraz ergonomiczne proporcje sprawiaj\u0105, \u017ce st\u00f3\u0142 dobrze sprawdza si\u0119 zar\u00f3wno w ogrodach prywatnych, jak i w przestrzeniach rekreacyjnych czy p\u00f3\u0142komercyjnych. Model o wymiarach 150 [&hellip;]<\/p>\n","protected":false},"featured_media":4152,"template":"","meta":{"_acf_changed":false},"product_brand":[],"product_cat":[66],"product_tag":[],"class_list":{"0":"post-4144","1":"product","2":"type-product","3":"status-publish","4":"has-post-thumbnail","6":"product_cat-stoly-piknikowe","7":"product_shipping_class-podstawowa","9":"first","10":"instock","11":"taxable","12":"shipping-taxable","13":"purchasable","14":"product-type-simple","15":"add-to-wishlist-after_add_to_cart"},"acf":[],"yoast_head":"<!-- This site is optimized with the Yoast SEO plugin v26.6 - https:\/\/yoast.com\/wordpress\/plugins\/seo\/ -->\n<title>St\u00f3\u0142 A-frame 1,5m Ches Picnic z drewna Cacao - Siesta Garden<\/title>\n<meta name=\"robots\" content=\"index, follow, max-snippet:-1, max-image-preview:large, max-video-preview:-1\" \/>\n<link rel=\"canonical\" href=\"https:\/\/www.siestagarden.com\/de\/produkt\/stol-a-frame-15m-ches-picnic-z-drewna-cacao\/\" \/>\n<meta property=\"og:locale\" content=\"de_DE\" \/>\n<meta property=\"og:type\" content=\"article\" \/>\n<meta property=\"og:title\" content=\"St\u00f3\u0142 A-frame 1,5m Ches Picnic z drewna Cacao - Siesta Garden\" \/>\n<meta property=\"og:description\" content=\"St\u00f3\u0142 piknikowy A-Frame Ches \u2013 kompaktowy model do u\u017cytku zewn\u0119trznego St\u00f3\u0142 piknikowy A-Frame Ches to klasyczny model typu A-frame, zaprojektowany z my\u015bl\u0105 o codziennym u\u017cytkowaniu w przestrzeniach zewn\u0119trznych. Prosta, sprawdzona konstrukcja oraz ergonomiczne proporcje sprawiaj\u0105, \u017ce st\u00f3\u0142 dobrze sprawdza si\u0119 zar\u00f3wno w ogrodach prywatnych, jak i w przestrzeniach rekreacyjnych czy p\u00f3\u0142komercyjnych. Model o wymiarach 150 [&hellip;]\" \/>\n<meta property=\"og:url\" content=\"https:\/\/www.siestagarden.com\/de\/produkt\/stol-a-frame-15m-ches-picnic-z-drewna-cacao\/\" \/>\n<meta property=\"og:site_name\" content=\"Siesta Garden\" \/>\n<meta property=\"article:modified_time\" content=\"2026-02-11T08:27:36+00:00\" \/>\n<meta property=\"og:image\" content=\"https:\/\/www.siestagarden.com\/wp-content\/uploads\/2026\/02\/IMG_9374-scaled.jpg\" \/>\n\t<meta property=\"og:image:width\" content=\"1707\" \/>\n\t<meta property=\"og:image:height\" content=\"2560\" \/>\n\t<meta property=\"og:image:type\" content=\"image\/jpeg\" \/>\n<meta name=\"twitter:card\" content=\"summary_large_image\" \/>\n<meta name=\"twitter:label1\" content=\"Gesch\u00e4tzte Lesezeit\" \/>\n\t<meta name=\"twitter:data1\" content=\"2\u00a0Minuten\" \/>\n<script type=\"application\/ld+json\" class=\"yoast-schema-graph\">{\"@context\":\"https:\/\/schema.org\",\"@graph\":[{\"@type\":\"WebPage\",\"@id\":\"https:\/\/www.siestagarden.com\/produkt\/stol-a-frame-15m-ches-picnic-z-drewna-cacao\/\",\"url\":\"https:\/\/www.siestagarden.com\/produkt\/stol-a-frame-15m-ches-picnic-z-drewna-cacao\/\",\"name\":\"St\u00f3\u0142 A-frame 1,5m Ches Picnic z drewna Cacao - Siesta Garden\",\"isPartOf\":{\"@id\":\"https:\/\/www.siestagarden.com\/#website\"},\"primaryImageOfPage\":{\"@id\":\"https:\/\/www.siestagarden.com\/produkt\/stol-a-frame-15m-ches-picnic-z-drewna-cacao\/#primaryimage\"},\"image\":{\"@id\":\"https:\/\/www.siestagarden.com\/produkt\/stol-a-frame-15m-ches-picnic-z-drewna-cacao\/#primaryimage\"},\"thumbnailUrl\":\"https:\/\/www.siestagarden.com\/wp-content\/uploads\/2026\/02\/IMG_9374-scaled.jpg\",\"datePublished\":\"2026-02-09T13:57:05+00:00\",\"dateModified\":\"2026-02-11T08:27:36+00:00\",\"breadcrumb\":{\"@id\":\"https:\/\/www.siestagarden.com\/produkt\/stol-a-frame-15m-ches-picnic-z-drewna-cacao\/#breadcrumb\"},\"inLanguage\":\"de\",\"potentialAction\":[{\"@type\":\"ReadAction\",\"target\":[\"https:\/\/www.siestagarden.com\/produkt\/stol-a-frame-15m-ches-picnic-z-drewna-cacao\/\"]}]},{\"@type\":\"ImageObject\",\"inLanguage\":\"de\",\"@id\":\"https:\/\/www.siestagarden.com\/produkt\/stol-a-frame-15m-ches-picnic-z-drewna-cacao\/#primaryimage\",\"url\":\"https:\/\/www.siestagarden.com\/wp-content\/uploads\/2026\/02\/IMG_9374-scaled.jpg\",\"contentUrl\":\"https:\/\/www.siestagarden.com\/wp-content\/uploads\/2026\/02\/IMG_9374-scaled.jpg\",\"width\":1707,\"height\":2560},{\"@type\":\"BreadcrumbList\",\"@id\":\"https:\/\/www.siestagarden.com\/produkt\/stol-a-frame-15m-ches-picnic-z-drewna-cacao\/#breadcrumb\",\"itemListElement\":[{\"@type\":\"ListItem\",\"position\":1,\"name\":\"Strona g\u0142\u00f3wna\",\"item\":\"https:\/\/www.siestagarden.com\/\"},{\"@type\":\"ListItem\",\"position\":2,\"name\":\"Sklep\",\"item\":\"https:\/\/www.siestagarden.com\/sklep\/\"},{\"@type\":\"ListItem\",\"position\":3,\"name\":\"St\u00f3\u0142 A-frame 1,5m Ches Picnic z drewna Cacao\"}]},{\"@type\":\"WebSite\",\"@id\":\"https:\/\/www.siestagarden.com\/#website\",\"url\":\"https:\/\/www.siestagarden.com\/\",\"name\":\"Siesta Garden\",\"description\":\"Meble do Twojego ogrodu. Polski producent drewnianych mebli najwy\u017cszej jako\u015bci.\",\"potentialAction\":[{\"@type\":\"SearchAction\",\"target\":{\"@type\":\"EntryPoint\",\"urlTemplate\":\"https:\/\/www.siestagarden.com\/?s={search_term_string}\"},\"query-input\":{\"@type\":\"PropertyValueSpecification\",\"valueRequired\":true,\"valueName\":\"search_term_string\"}}],\"inLanguage\":\"de\"}]}<\/script>\n<!-- \/ Yoast SEO plugin. -->","yoast_head_json":{"title":"St\u00f3\u0142 A-frame 1,5m Ches Picnic z drewna Cacao - Siesta Garden","robots":{"index":"index","follow":"follow","max-snippet":"max-snippet:-1","max-image-preview":"max-image-preview:large","max-video-preview":"max-video-preview:-1"},"canonical":"https:\/\/www.siestagarden.com\/de\/produkt\/stol-a-frame-15m-ches-picnic-z-drewna-cacao\/","og_locale":"de_DE","og_type":"article","og_title":"St\u00f3\u0142 A-frame 1,5m Ches Picnic z drewna Cacao - Siesta Garden","og_description":"St\u00f3\u0142 piknikowy A-Frame Ches \u2013 kompaktowy model do u\u017cytku zewn\u0119trznego St\u00f3\u0142 piknikowy A-Frame Ches to klasyczny model typu A-frame, zaprojektowany z my\u015bl\u0105 o codziennym u\u017cytkowaniu w przestrzeniach zewn\u0119trznych. Prosta, sprawdzona konstrukcja oraz ergonomiczne proporcje sprawiaj\u0105, \u017ce st\u00f3\u0142 dobrze sprawdza si\u0119 zar\u00f3wno w ogrodach prywatnych, jak i w przestrzeniach rekreacyjnych czy p\u00f3\u0142komercyjnych. Model o wymiarach 150 [&hellip;]","og_url":"https:\/\/www.siestagarden.com\/de\/produkt\/stol-a-frame-15m-ches-picnic-z-drewna-cacao\/","og_site_name":"Siesta Garden","article_modified_time":"2026-02-11T08:27:36+00:00","og_image":[{"width":1707,"height":2560,"url":"https:\/\/www.siestagarden.com\/wp-content\/uploads\/2026\/02\/IMG_9374-scaled.jpg","type":"image\/jpeg"}],"twitter_card":"summary_large_image","twitter_misc":{"Gesch\u00e4tzte Lesezeit":"2\u00a0Minuten"},"schema":{"@context":"https:\/\/schema.org","@graph":[{"@type":"WebPage","@id":"https:\/\/www.siestagarden.com\/produkt\/stol-a-frame-15m-ches-picnic-z-drewna-cacao\/","url":"https:\/\/www.siestagarden.com\/produkt\/stol-a-frame-15m-ches-picnic-z-drewna-cacao\/","name":"St\u00f3\u0142 A-frame 1,5m Ches Picnic z drewna Cacao - Siesta Garden","isPartOf":{"@id":"https:\/\/www.siestagarden.com\/#website"},"primaryImageOfPage":{"@id":"https:\/\/www.siestagarden.com\/produkt\/stol-a-frame-15m-ches-picnic-z-drewna-cacao\/#primaryimage"},"image":{"@id":"https:\/\/www.siestagarden.com\/produkt\/stol-a-frame-15m-ches-picnic-z-drewna-cacao\/#primaryimage"},"thumbnailUrl":"https:\/\/www.siestagarden.com\/wp-content\/uploads\/2026\/02\/IMG_9374-scaled.jpg","datePublished":"2026-02-09T13:57:05+00:00","dateModified":"2026-02-11T08:27:36+00:00","breadcrumb":{"@id":"https:\/\/www.siestagarden.com\/produkt\/stol-a-frame-15m-ches-picnic-z-drewna-cacao\/#breadcrumb"},"inLanguage":"de","potentialAction":[{"@type":"ReadAction","target":["https:\/\/www.siestagarden.com\/produkt\/stol-a-frame-15m-ches-picnic-z-drewna-cacao\/"]}]},{"@type":"ImageObject","inLanguage":"de","@id":"https:\/\/www.siestagarden.com\/produkt\/stol-a-frame-15m-ches-picnic-z-drewna-cacao\/#primaryimage","url":"https:\/\/www.siestagarden.com\/wp-content\/uploads\/2026\/02\/IMG_9374-scaled.jpg","contentUrl":"https:\/\/www.siestagarden.com\/wp-content\/uploads\/2026\/02\/IMG_9374-scaled.jpg","width":1707,"height":2560},{"@type":"BreadcrumbList","@id":"https:\/\/www.siestagarden.com\/produkt\/stol-a-frame-15m-ches-picnic-z-drewna-cacao\/#breadcrumb","itemListElement":[{"@type":"ListItem","position":1,"name":"Strona g\u0142\u00f3wna","item":"https:\/\/www.siestagarden.com\/"},{"@type":"ListItem","position":2,"name":"Sklep","item":"https:\/\/www.siestagarden.com\/sklep\/"},{"@type":"ListItem","position":3,"name":"St\u00f3\u0142 A-frame 1,5m Ches Picnic z drewna Cacao"}]},{"@type":"WebSite","@id":"https:\/\/www.siestagarden.com\/#website","url":"https:\/\/www.siestagarden.com\/","name":"Siesta Garten","description":"M\u00f6bel f\u00fcr Ihren Garten. Polnischen Hersteller von Holzm\u00f6beln von h\u00f6chster Qualit\u00e4t.","potentialAction":[{"@type":"SearchAction","target":{"@type":"EntryPoint","urlTemplate":"https:\/\/www.siestagarden.com\/?s={search_term_string}"},"query-input":{"@type":"PropertyValueSpecification","valueRequired":true,"valueName":"search_term_string"}}],"inLanguage":"de"}]}},"_links":{"self":[{"href":"https:\/\/www.siestagarden.com\/de\/wp-json\/wp\/v2\/product\/4144","targetHints":{"allow":["GET"]}}],"collection":[{"href":"https:\/\/www.siestagarden.com\/de\/wp-json\/wp\/v2\/product"}],"about":[{"href":"https:\/\/www.siestagarden.com\/de\/wp-json\/wp\/v2\/types\/product"}],"wp:featuredmedia":[{"embeddable":true,"href":"https:\/\/www.siestagarden.com\/de\/wp-json\/wp\/v2\/media\/4152"}],"wp:attachment":[{"href":"https:\/\/www.siestagarden.com\/de\/wp-json\/wp\/v2\/media?parent=4144"}],"wp:term":[{"taxonomy":"product_brand","embeddable":true,"href":"https:\/\/www.siestagarden.com\/de\/wp-json\/wp\/v2\/product_brand?post=4144"},{"taxonomy":"product_cat","embeddable":true,"href":"https:\/\/www.siestagarden.com\/de\/wp-json\/wp\/v2\/product_cat?post=4144"},{"taxonomy":"product_tag","embeddable":true,"href":"https:\/\/www.siestagarden.com\/de\/wp-json\/wp\/v2\/product_tag?post=4144"}],"curies":[{"name":"wp","href":"https:\/\/api.w.org\/{rel}","templated":true}]}}