{"id":4303,"date":"2026-03-11T15:06:26","date_gmt":"2026-03-11T14:06:26","guid":{"rendered":"https:\/\/www.siestagarden.com\/?post_type=product&#038;p=4303"},"modified":"2026-03-18T13:32:59","modified_gmt":"2026-03-18T12:32:59","slug":"lezak-podwojny-z-baldachimem","status":"publish","type":"product","link":"https:\/\/www.siestagarden.com\/de\/produkt\/lezak-podwojny-z-baldachimem\/","title":{"rendered":"Doppelliege mit Baldachin"},"content":{"rendered":"<h3 data-start=\"188\" data-end=\"268\">Doppel-Liege mit Baldachin \u2013 Komfort und Schutz im Garten<\/h3>\n<p data-start=\"270\" data-end=\"565\">Schaffe deinen perfekten Wohlf\u00fchlort in deinem Garten \u2013 <strong data-start=\"323\" data-end=\"355\">Doppelliege mit Baldachin<\/strong> verbindet zwei separate, ergonomische Liegen zu einer harmonischen Konstruktion, die Komfort und Funktionalit\u00e4t f\u00fcr zwei Personen bietet. Dies ist die L\u00f6sung f\u00fcr diejenigen, die Bequemlichkeit, Privatsph\u00e4re und ein elegantes Aussehen sch\u00e4tzen.<\/p>\n<p data-start=\"567\" data-end=\"588\"><strong data-start=\"567\" data-end=\"586\">Produktmerkmale:<\/strong><\/p>\n<ul data-start=\"589\" data-end=\"1238\">\n<li data-start=\"589\" data-end=\"752\">\n<p data-start=\"591\" data-end=\"752\"><strong data-start=\"591\" data-end=\"625\">Zwei unabh\u00e4ngige Liegen in einer<\/strong> \u2013 jeder mit einer separaten R\u00fcckenlehne und Verstellm\u00f6glichkeit, was sowohl allein als auch zu zweit ein bequemes Ausruhen erm\u00f6glicht.<\/p>\n<\/li>\n<li data-start=\"753\" data-end=\"884\">\n<p data-start=\"755\" data-end=\"884\"><strong data-start=\"755\" data-end=\"779\">Verstellbares Vordach<\/strong> \u2013 bietet Schutz vor Sonne und UV-Strahlung und schafft an jedem sonnigen Tag angenehmen Schatten.<\/p>\n<\/li>\n<li data-start=\"885\" data-end=\"1049\">\n<p data-start=\"887\" data-end=\"1049\"><strong data-start=\"887\" data-end=\"910\">Robuste Konstruktion<\/strong> \u2013 Hochwertige Materialien garantieren Stabilit\u00e4t und Witterungsbest\u00e4ndigkeit, sodass die Liege viele Saisons halten wird.<\/p>\n<\/li>\n<li data-start=\"1050\" data-end=\"1238\">\n<p data-start=\"1052\" data-end=\"1238\"><strong data-start=\"1052\" data-end=\"1072\">Elegantes Design<\/strong> \u2013 Die moderne Form und die dezente Farbgebung machen die Liege ideal f\u00fcr jede Umgebung \u2013 vom Garten \u00fcber die Terrasse bis hin zu Poolbereichen.<\/p>\n<\/li>\n<\/ul>\n<p data-start=\"1240\" data-end=\"1477\">Dies ist nicht nur ein Ort der Ruhe \u2013 es ist ein Raum der Entspannung, in dem jeder Moment zu einer Freude wird. W\u00e4hlen Sie <strong data-start=\"1355\" data-end=\"1387\">Doppelliege mit Baldachin<\/strong> und genie\u00dfen Sie h\u00f6chsten Komfort, ohne auf Privatsph\u00e4re und Bequemlichkeit zu verzichten.<\/p>","protected":false},"excerpt":{"rendered":"<p>Podw\u00f3jny Le\u017cak z Baldachimem\u00a0 \u2013 Komfort i Ochrona w Ogrodzie Stw\u00f3rz w swoim ogrodzie idealne miejsce do relaksu \u2013 podw\u00f3jny le\u017cak z baldachimem \u0142\u0105czy dwa osobne, ergonomiczne le\u017caki w jednej harmonijnej konstrukcji, oferuj\u0105c komfort i funkcjonalno\u015b\u0107 dla dw\u00f3ch os\u00f3b. To rozwi\u0105zanie dla tych, kt\u00f3rzy ceni\u0105 wygod\u0119, prywatn\u0105 przestrze\u0144 i elegancki wygl\u0105d. Cechy produktu: Dwa niezale\u017cne [&hellip;]<\/p>\n","protected":false},"featured_media":4314,"template":"","meta":{"_acf_changed":false},"product_brand":[],"product_cat":[69],"product_tag":[],"class_list":{"0":"post-4303","1":"product","2":"type-product","3":"status-publish","4":"has-post-thumbnail","6":"product_cat-lezaki-i-lezanki","8":"first","9":"onbackorder","10":"taxable","11":"shipping-taxable","12":"purchasable","13":"product-type-simple","14":"add-to-wishlist-after_add_to_cart"},"acf":[],"yoast_head":"<!-- This site is optimized with the Yoast SEO plugin v26.6 - https:\/\/yoast.com\/wordpress\/plugins\/seo\/ -->\n<title>Le\u017cak podw\u00f3jny z baldachimem - Siesta Garden<\/title>\n<meta name=\"robots\" content=\"index, follow, max-snippet:-1, max-image-preview:large, max-video-preview:-1\" \/>\n<link rel=\"canonical\" href=\"https:\/\/www.siestagarden.com\/de\/produkt\/lezak-podwojny-z-baldachimem\/\" \/>\n<meta property=\"og:locale\" content=\"de_DE\" \/>\n<meta property=\"og:type\" content=\"article\" \/>\n<meta property=\"og:title\" content=\"Le\u017cak podw\u00f3jny z baldachimem - Siesta Garden\" \/>\n<meta property=\"og:description\" content=\"Podw\u00f3jny Le\u017cak z Baldachimem\u00a0 \u2013 Komfort i Ochrona w Ogrodzie Stw\u00f3rz w swoim ogrodzie idealne miejsce do relaksu \u2013 podw\u00f3jny le\u017cak z baldachimem \u0142\u0105czy dwa osobne, ergonomiczne le\u017caki w jednej harmonijnej konstrukcji, oferuj\u0105c komfort i funkcjonalno\u015b\u0107 dla dw\u00f3ch os\u00f3b. To rozwi\u0105zanie dla tych, kt\u00f3rzy ceni\u0105 wygod\u0119, prywatn\u0105 przestrze\u0144 i elegancki wygl\u0105d. Cechy produktu: Dwa niezale\u017cne [&hellip;]\" \/>\n<meta property=\"og:url\" content=\"https:\/\/www.siestagarden.com\/de\/produkt\/lezak-podwojny-z-baldachimem\/\" \/>\n<meta property=\"og:site_name\" content=\"Siesta Garden\" \/>\n<meta property=\"article:modified_time\" content=\"2026-03-18T12:32:59+00:00\" \/>\n<meta property=\"og:image\" content=\"https:\/\/www.siestagarden.com\/wp-content\/uploads\/2026\/03\/IMG_0095-scaled-e1773232268867.jpg\" \/>\n\t<meta property=\"og:image:width\" content=\"2048\" \/>\n\t<meta property=\"og:image:height\" content=\"2560\" \/>\n\t<meta property=\"og:image:type\" content=\"image\/jpeg\" \/>\n<meta name=\"twitter:card\" content=\"summary_large_image\" \/>\n<meta name=\"twitter:label1\" content=\"Gesch\u00e4tzte Lesezeit\" \/>\n\t<meta name=\"twitter:data1\" content=\"2\u00a0Minuten\" \/>\n<script type=\"application\/ld+json\" class=\"yoast-schema-graph\">{\"@context\":\"https:\/\/schema.org\",\"@graph\":[{\"@type\":\"WebPage\",\"@id\":\"https:\/\/www.siestagarden.com\/produkt\/lezak-podwojny-z-baldachimem\/\",\"url\":\"https:\/\/www.siestagarden.com\/produkt\/lezak-podwojny-z-baldachimem\/\",\"name\":\"Le\u017cak podw\u00f3jny z baldachimem - Siesta Garden\",\"isPartOf\":{\"@id\":\"https:\/\/www.siestagarden.com\/#website\"},\"primaryImageOfPage\":{\"@id\":\"https:\/\/www.siestagarden.com\/produkt\/lezak-podwojny-z-baldachimem\/#primaryimage\"},\"image\":{\"@id\":\"https:\/\/www.siestagarden.com\/produkt\/lezak-podwojny-z-baldachimem\/#primaryimage\"},\"thumbnailUrl\":\"https:\/\/www.siestagarden.com\/wp-content\/uploads\/2026\/03\/IMG_0095-scaled-e1773232268867.jpg\",\"datePublished\":\"2026-03-11T14:06:26+00:00\",\"dateModified\":\"2026-03-18T12:32:59+00:00\",\"breadcrumb\":{\"@id\":\"https:\/\/www.siestagarden.com\/produkt\/lezak-podwojny-z-baldachimem\/#breadcrumb\"},\"inLanguage\":\"de\",\"potentialAction\":[{\"@type\":\"ReadAction\",\"target\":[\"https:\/\/www.siestagarden.com\/produkt\/lezak-podwojny-z-baldachimem\/\"]}]},{\"@type\":\"ImageObject\",\"inLanguage\":\"de\",\"@id\":\"https:\/\/www.siestagarden.com\/produkt\/lezak-podwojny-z-baldachimem\/#primaryimage\",\"url\":\"https:\/\/www.siestagarden.com\/wp-content\/uploads\/2026\/03\/IMG_0095-scaled-e1773232268867.jpg\",\"contentUrl\":\"https:\/\/www.siestagarden.com\/wp-content\/uploads\/2026\/03\/IMG_0095-scaled-e1773232268867.jpg\",\"width\":2048,\"height\":2560},{\"@type\":\"BreadcrumbList\",\"@id\":\"https:\/\/www.siestagarden.com\/produkt\/lezak-podwojny-z-baldachimem\/#breadcrumb\",\"itemListElement\":[{\"@type\":\"ListItem\",\"position\":1,\"name\":\"Strona g\u0142\u00f3wna\",\"item\":\"https:\/\/www.siestagarden.com\/\"},{\"@type\":\"ListItem\",\"position\":2,\"name\":\"Sklep\",\"item\":\"https:\/\/www.siestagarden.com\/sklep\/\"},{\"@type\":\"ListItem\",\"position\":3,\"name\":\"Le\u017cak podw\u00f3jny z baldachimem\"}]},{\"@type\":\"WebSite\",\"@id\":\"https:\/\/www.siestagarden.com\/#website\",\"url\":\"https:\/\/www.siestagarden.com\/\",\"name\":\"Siesta Garden\",\"description\":\"Meble do Twojego ogrodu. Polski producent drewnianych mebli najwy\u017cszej jako\u015bci.\",\"potentialAction\":[{\"@type\":\"SearchAction\",\"target\":{\"@type\":\"EntryPoint\",\"urlTemplate\":\"https:\/\/www.siestagarden.com\/?s={search_term_string}\"},\"query-input\":{\"@type\":\"PropertyValueSpecification\",\"valueRequired\":true,\"valueName\":\"search_term_string\"}}],\"inLanguage\":\"de\"}]}<\/script>\n<!-- \/ Yoast SEO plugin. -->","yoast_head_json":{"title":"Le\u017cak podw\u00f3jny z baldachimem - Siesta Garden","robots":{"index":"index","follow":"follow","max-snippet":"max-snippet:-1","max-image-preview":"max-image-preview:large","max-video-preview":"max-video-preview:-1"},"canonical":"https:\/\/www.siestagarden.com\/de\/produkt\/lezak-podwojny-z-baldachimem\/","og_locale":"de_DE","og_type":"article","og_title":"Le\u017cak podw\u00f3jny z baldachimem - Siesta Garden","og_description":"Podw\u00f3jny Le\u017cak z Baldachimem\u00a0 \u2013 Komfort i Ochrona w Ogrodzie Stw\u00f3rz w swoim ogrodzie idealne miejsce do relaksu \u2013 podw\u00f3jny le\u017cak z baldachimem \u0142\u0105czy dwa osobne, ergonomiczne le\u017caki w jednej harmonijnej konstrukcji, oferuj\u0105c komfort i funkcjonalno\u015b\u0107 dla dw\u00f3ch os\u00f3b. To rozwi\u0105zanie dla tych, kt\u00f3rzy ceni\u0105 wygod\u0119, prywatn\u0105 przestrze\u0144 i elegancki wygl\u0105d. Cechy produktu: Dwa niezale\u017cne [&hellip;]","og_url":"https:\/\/www.siestagarden.com\/de\/produkt\/lezak-podwojny-z-baldachimem\/","og_site_name":"Siesta Garden","article_modified_time":"2026-03-18T12:32:59+00:00","og_image":[{"width":2048,"height":2560,"url":"https:\/\/www.siestagarden.com\/wp-content\/uploads\/2026\/03\/IMG_0095-scaled-e1773232268867.jpg","type":"image\/jpeg"}],"twitter_card":"summary_large_image","twitter_misc":{"Gesch\u00e4tzte Lesezeit":"2\u00a0Minuten"},"schema":{"@context":"https:\/\/schema.org","@graph":[{"@type":"WebPage","@id":"https:\/\/www.siestagarden.com\/produkt\/lezak-podwojny-z-baldachimem\/","url":"https:\/\/www.siestagarden.com\/produkt\/lezak-podwojny-z-baldachimem\/","name":"Le\u017cak podw\u00f3jny z baldachimem - Siesta Garden","isPartOf":{"@id":"https:\/\/www.siestagarden.com\/#website"},"primaryImageOfPage":{"@id":"https:\/\/www.siestagarden.com\/produkt\/lezak-podwojny-z-baldachimem\/#primaryimage"},"image":{"@id":"https:\/\/www.siestagarden.com\/produkt\/lezak-podwojny-z-baldachimem\/#primaryimage"},"thumbnailUrl":"https:\/\/www.siestagarden.com\/wp-content\/uploads\/2026\/03\/IMG_0095-scaled-e1773232268867.jpg","datePublished":"2026-03-11T14:06:26+00:00","dateModified":"2026-03-18T12:32:59+00:00","breadcrumb":{"@id":"https:\/\/www.siestagarden.com\/produkt\/lezak-podwojny-z-baldachimem\/#breadcrumb"},"inLanguage":"de","potentialAction":[{"@type":"ReadAction","target":["https:\/\/www.siestagarden.com\/produkt\/lezak-podwojny-z-baldachimem\/"]}]},{"@type":"ImageObject","inLanguage":"de","@id":"https:\/\/www.siestagarden.com\/produkt\/lezak-podwojny-z-baldachimem\/#primaryimage","url":"https:\/\/www.siestagarden.com\/wp-content\/uploads\/2026\/03\/IMG_0095-scaled-e1773232268867.jpg","contentUrl":"https:\/\/www.siestagarden.com\/wp-content\/uploads\/2026\/03\/IMG_0095-scaled-e1773232268867.jpg","width":2048,"height":2560},{"@type":"BreadcrumbList","@id":"https:\/\/www.siestagarden.com\/produkt\/lezak-podwojny-z-baldachimem\/#breadcrumb","itemListElement":[{"@type":"ListItem","position":1,"name":"Strona g\u0142\u00f3wna","item":"https:\/\/www.siestagarden.com\/"},{"@type":"ListItem","position":2,"name":"Sklep","item":"https:\/\/www.siestagarden.com\/sklep\/"},{"@type":"ListItem","position":3,"name":"Le\u017cak podw\u00f3jny z baldachimem"}]},{"@type":"WebSite","@id":"https:\/\/www.siestagarden.com\/#website","url":"https:\/\/www.siestagarden.com\/","name":"Siesta Garten","description":"M\u00f6bel f\u00fcr Ihren Garten. Polnischen Hersteller von Holzm\u00f6beln von h\u00f6chster Qualit\u00e4t.","potentialAction":[{"@type":"SearchAction","target":{"@type":"EntryPoint","urlTemplate":"https:\/\/www.siestagarden.com\/?s={search_term_string}"},"query-input":{"@type":"PropertyValueSpecification","valueRequired":true,"valueName":"search_term_string"}}],"inLanguage":"de"}]}},"_links":{"self":[{"href":"https:\/\/www.siestagarden.com\/de\/wp-json\/wp\/v2\/product\/4303","targetHints":{"allow":["GET"]}}],"collection":[{"href":"https:\/\/www.siestagarden.com\/de\/wp-json\/wp\/v2\/product"}],"about":[{"href":"https:\/\/www.siestagarden.com\/de\/wp-json\/wp\/v2\/types\/product"}],"wp:featuredmedia":[{"embeddable":true,"href":"https:\/\/www.siestagarden.com\/de\/wp-json\/wp\/v2\/media\/4314"}],"wp:attachment":[{"href":"https:\/\/www.siestagarden.com\/de\/wp-json\/wp\/v2\/media?parent=4303"}],"wp:term":[{"taxonomy":"product_brand","embeddable":true,"href":"https:\/\/www.siestagarden.com\/de\/wp-json\/wp\/v2\/product_brand?post=4303"},{"taxonomy":"product_cat","embeddable":true,"href":"https:\/\/www.siestagarden.com\/de\/wp-json\/wp\/v2\/product_cat?post=4303"},{"taxonomy":"product_tag","embeddable":true,"href":"https:\/\/www.siestagarden.com\/de\/wp-json\/wp\/v2\/product_tag?post=4303"}],"curies":[{"name":"wp","href":"https:\/\/api.w.org\/{rel}","templated":true}]}}