{"id":4390,"date":"2026-03-20T12:17:07","date_gmt":"2026-03-20T11:17:07","guid":{"rendered":"https:\/\/www.siestagarden.com\/?post_type=product&#038;p=4390"},"modified":"2026-04-01T08:23:00","modified_gmt":"2026-04-01T06:23:00","slug":"drewniana-sofa-ogrodowa-cannes","status":"publish","type":"product","link":"https:\/\/www.siestagarden.com\/de\/produkt\/drewniana-sofa-ogrodowa-cannes\/","title":{"rendered":"Gartensofa Cannes aus Holz"},"content":{"rendered":"<p data-path-to-node=\"0\"><strong>Sofa ogrodowa Cannes \u2013 komfort i solidno\u015b\u0107 litego drewna w kolorze kakao<\/strong><\/p>\n<p data-path-to-node=\"1\"><span data-path-to-node=\"1,1\"><span class=\"citation-811\">Wyobra\u017a sobie poranek, w kt\u00f3rym nie musisz si\u0119 spieszy\u0107<\/span><\/span><span data-path-to-node=\"1,3\">. <\/span><span data-path-to-node=\"1,5\"><span class=\"citation-810\">Kawa smakuje inaczej, gdy masz gdzie wygodnie usi\u0105\u015b\u0107<\/span><\/span><span data-path-to-node=\"1,7\">.<\/span><\/p>\n<div class=\"source-inline-chip-container ng-star-inserted\"><\/div>\n<p data-path-to-node=\"2\"><span data-path-to-node=\"2,1\"><span class=\"citation-809\">Problem w tym, \u017ce wi\u0119kszo\u015b\u0107 ogrod\u00f3w i taras\u00f3w nie daje prawdziwego komfortu \u2013 s\u0105 przypadkowe, niewygodne i nie tworz\u0105 miejsca, do kt\u00f3rego chce si\u0119 wraca\u0107<\/span><\/span><span data-path-to-node=\"2,3\">. <\/span><span data-path-to-node=\"2,5\"><span class=\"citation-808\">Brakuje w nich przestrzeni, kt\u00f3ra zatrzymuje<\/span><\/span><span data-path-to-node=\"2,7\">.<\/span><\/p>\n<div class=\"source-inline-chip-container ng-star-inserted\"><\/div>\n<p data-path-to-node=\"3\">\n<p data-path-to-node=\"4\"><span data-path-to-node=\"4,0\"><b data-path-to-node=\"4,0\" data-index-in-node=\"0\"><span class=\"citation-807\">Rozwi\u0105zanie: modu\u0142owa sofa ogrodowa Cannes<\/span><\/b> <\/span><\/p>\n<div class=\"source-inline-chip-container ng-star-inserted\"><\/div>\n<p data-path-to-node=\"5\"><span data-path-to-node=\"5,1\"><span class=\"citation-806\">Sofa Cannes zosta\u0142a zaprojektowana po to, aby stworzy\u0107 sp\u00f3jn\u0105, komfortow\u0105 stref\u0119 wypoczynku \u2013 miejsce, w kt\u00f3rym naprawd\u0119 odpoczywasz, a nie tylko \u201esiedzisz na chwil\u0119\u201d<\/span><\/span><span data-path-to-node=\"5,3\">. To gotowa przestrze\u0144 do:<\/span><\/p>\n<div class=\"source-inline-chip-container ng-star-inserted\"><\/div>\n<ul data-path-to-node=\"6\">\n<li>\n<p data-path-to-node=\"6,0,0\"><span data-path-to-node=\"6,0,0,1\"><span class=\"citation-805\">spokojnych porank\u00f3w<\/span><\/span><span data-path-to-node=\"6,0,0,3\">,<\/span><\/p>\n<\/li>\n<li>\n<p data-path-to-node=\"6,1,0\"><span data-path-to-node=\"6,1,0,1\"><span class=\"citation-804\">rozm\u00f3w przy kawie<\/span><\/span><span data-path-to-node=\"6,1,0,3\">,<\/span><\/p>\n<\/li>\n<li>\n<p data-path-to-node=\"6,2,0\"><span data-path-to-node=\"6,2,0,1\"><span class=\"citation-803\">letnich wieczor\u00f3w z bliskimi<\/span><\/span><span data-path-to-node=\"6,2,0,3\">.<\/span><\/p>\n<div class=\"source-inline-chip-container ng-star-inserted\"><\/div>\n<\/li>\n<\/ul>\n<p>&nbsp;<\/p>\n<p data-path-to-node=\"8\"><strong>Co zyskujesz \u2013 realne korzy\u015bci<\/strong><\/p>\n<ul data-path-to-node=\"9\">\n<li>\n<p data-path-to-node=\"9,0,1\"><span data-path-to-node=\"9,0,1,0\"><b data-path-to-node=\"9,0,1,0\" data-index-in-node=\"0\"><span class=\"citation-802\">Prawdziwy komfort odpoczynku:<\/span><\/b><span class=\"citation-802\"> G\u0142\u0119bokie, stabilne siedziska pozwalaj\u0105 Ci si\u0119 zatrzyma\u0107 i zrelaksowa\u0107<\/span><\/span><span data-path-to-node=\"9,0,1,2\">.<\/span><\/p>\n<\/li>\n<li>\n<p data-path-to-node=\"9,1,1\"><span data-path-to-node=\"9,1,1,0\"><b data-path-to-node=\"9,1,1,0\" data-index-in-node=\"0\"><span class=\"citation-801\">Trwa\u0142o\u015b\u0107 na lata, nie na sezon:<\/span><\/b><span class=\"citation-801\"> Lite drewno gwarantuje solidno\u015b\u0107 i odporno\u015b\u0107 na codzienne u\u017cytkowanie<\/span><\/span><span data-path-to-node=\"9,1,1,2\">.<\/span><\/p>\n<\/li>\n<li>\n<p data-path-to-node=\"9,2,1\"><span data-path-to-node=\"9,2,1,0\"><b data-path-to-node=\"9,2,1,0\" data-index-in-node=\"0\"><span class=\"citation-800\">Naturalno\u015b\u0107, kt\u00f3r\u0105 czujesz:<\/span><\/b><span class=\"citation-800\"> Drewno sosnowe wprowadza ciep\u0142o i harmoni\u0119, kt\u00f3rych nie daje plastik ani metal<\/span><\/span><span data-path-to-node=\"9,2,1,2\">.<\/span><\/p>\n<\/li>\n<li>\n<p data-path-to-node=\"9,3,0\"><b data-path-to-node=\"9,3,0\" data-index-in-node=\"0\">Nowoczesn\u0105 estetyk\u0119:<\/b> G\u0142\u0119boki kolor kakao nadaje sofie zdecydowany charakter, jednocze\u015bnie w pe\u0142ni eksponuj\u0105c unikalny rysunek s\u0142oj\u00f3w.<\/p>\n<\/li>\n<li>\n<p data-path-to-node=\"9,4,1\"><span data-path-to-node=\"9,4,1,0\"><b data-path-to-node=\"9,4,1,0\" data-index-in-node=\"0\"><span class=\"citation-799\">Uniwersalny design:<\/span><\/b><span class=\"citation-799\"> Pasuje zar\u00f3wno do nowoczesnych taras\u00f3w, jak i klasycznych ogrod\u00f3w<\/span><\/span><span data-path-to-node=\"9,4,1,2\">.<\/span><\/p>\n<div class=\"source-inline-chip-container ng-star-inserted\"><\/div>\n<\/li>\n<\/ul>\n<p>&nbsp;<\/p>\n<p data-path-to-node=\"11\">To wi\u0119cej ni\u017c meble \u2013 to spos\u00f3b sp\u0119dzania czasu. To miejsce, w kt\u00f3rym:<\/p>\n<ul data-path-to-node=\"12\">\n<li>\n<p data-path-to-node=\"12,0,0\"><span data-path-to-node=\"12,0,0,1\"><span class=\"citation-798\">zaczynasz dzie\u0144 spokojnie, zamiast w biegu<\/span><\/span><span data-path-to-node=\"12,0,0,3\">,<\/span><\/p>\n<\/li>\n<li>\n<p data-path-to-node=\"12,1,0\"><span data-path-to-node=\"12,1,0,1\"><span class=\"citation-797\">prowadzisz rozmowy, kt\u00f3re maj\u0105 znaczenie<\/span><\/span><span data-path-to-node=\"12,1,0,3\">,<\/span><\/p>\n<\/li>\n<li>\n<p data-path-to-node=\"12,2,0\"><span data-path-to-node=\"12,2,0,1\"><span class=\"citation-796\">sp\u0119dzasz czas offline \u2013 naprawd\u0119 obecny<\/span><\/span><span data-path-to-node=\"12,2,0,3\">.<\/span><\/p>\n<div class=\"source-inline-chip-container ng-star-inserted\"><\/div>\n<\/li>\n<\/ul>\n<p>&nbsp;<\/p>\n<p data-path-to-node=\"14\"><strong>Opis produktu<\/strong><\/p>\n<p data-path-to-node=\"15\"><span data-path-to-node=\"15,1\"><span class=\"citation-795\">Gartensofa <\/span><b data-path-to-node=\"15,1\" data-index-in-node=\"14\"><span class=\"citation-795\">Cannes<\/span><\/b><span class=\"citation-795\"> wykonana jest z litego drewna sosnowego, co zapewnia trwa\u0142o\u015b\u0107, stabilno\u015b\u0107 oraz naturalny wygl\u0105d<\/span><\/span><span data-path-to-node=\"15,3\">. Jej konstrukcja opiera si\u0119 na masywnych profilach, co gwarantuje sztywno\u015b\u0107 mebla i odporno\u015b\u0107 na intensywne u\u017cytkowanie.<\/span><\/p>\n<div class=\"source-inline-chip-container ng-star-inserted\"><\/div>\n<p data-path-to-node=\"16\"><b data-path-to-node=\"16\" data-index-in-node=\"0\">Wymiary i detale:<\/b><\/p>\n<ul data-path-to-node=\"17\">\n<li>\n<p data-path-to-node=\"17,0,1\"><span data-path-to-node=\"17,0,1,0\"><b data-path-to-node=\"17,0,1,0\" data-index-in-node=\"0\"><span class=\"citation-794\">Wymiary sofy (\u0142awki):<\/span><\/b><span class=\"citation-794\"> 130 x 71 x 77 cm<\/span><\/span><span data-path-to-node=\"17,0,1,2\">.<\/span><\/p>\n<\/li>\n<li>\n<p data-path-to-node=\"17,1,1\"><span data-path-to-node=\"17,1,1,0\"><b data-path-to-node=\"17,1,1,0\" data-index-in-node=\"0\"><span class=\"citation-793\">Material:<\/span><\/b><span class=\"citation-793\"> lite drewno skandynawskie z certyfikatem FSC lub PEFC<\/span><\/span><span data-path-to-node=\"17,1,1,2\">.<\/span><\/p>\n<\/li>\n<li>\n<p data-path-to-node=\"17,2,0\"><b data-path-to-node=\"17,2,0\" data-index-in-node=\"0\">Wyko\u0144czenie:<\/b> g\u0142\u0119boki kolor kakao, podkre\u015blaj\u0105cy autentyczno\u015b\u0107 surowca.<\/p>\n<\/li>\n<\/ul>\n<p>&nbsp;<\/p>\n<p data-path-to-node=\"18\"><span data-path-to-node=\"18,1\"><span class=\"citation-792\">Sofa stanowi centralny element uk\u0142adu wypoczynkowego Cannes, idealny do ogrodu, na taras lub patio<\/span><\/span><span data-path-to-node=\"18,3\">.<\/span><\/p>\n<div class=\"source-inline-chip-container ng-star-inserted\"><\/div>\n<div><\/div>\n<div><\/div>\n<p data-path-to-node=\"19\"><strong>Dlaczego warto wybra\u0107 sof\u0119 Cannes?<\/strong><\/p>\n<ul data-path-to-node=\"20\">\n<li>\n<p data-path-to-node=\"20,0,1\"><span data-path-to-node=\"20,0,1,0\"><b data-path-to-node=\"20,0,1,0\" data-index-in-node=\"0\"><span class=\"citation-791\">Tworzysz realn\u0105 stref\u0119 relaksu<\/span><\/b><span class=\"citation-791\">, nie tylko \u201e\u0142adny ogr\u00f3d\u201d<\/span><\/span><span data-path-to-node=\"20,0,1,2\">.<\/span><\/p>\n<\/li>\n<li>\n<p data-path-to-node=\"20,1,1\"><span data-path-to-node=\"20,1,1,0\"><b data-path-to-node=\"20,1,1,0\" data-index-in-node=\"0\"><span class=\"citation-790\">Inwestujesz w trwa\u0142o\u015b\u0107<\/span><\/b><span class=\"citation-790\"> \u2013 lite drewno zamiast sezonowych rozwi\u0105za\u0144<\/span><\/span><span data-path-to-node=\"20,1,1,2\">.<\/span><\/p>\n<\/li>\n<li>\n<p data-path-to-node=\"20,2,0\"><b data-path-to-node=\"20,2,0\" data-index-in-node=\"0\">Zyskujesz mebel odporny na wiatr<\/b> \u2013 dzi\u0119ki wykorzystaniu litej sosny sofa posiada odpowiedni ci\u0119\u017car i jest stabilna.<\/p>\n<\/li>\n<li>\n<p data-path-to-node=\"20,3,1\"><span data-path-to-node=\"20,3,1,0\"><b data-path-to-node=\"20,3,1,0\" data-index-in-node=\"0\"><span class=\"citation-789\">Wybierasz naturalny materia\u0142<\/span><\/b><span class=\"citation-789\">, kt\u00f3ry dobrze si\u0119 starzeje<\/span><\/span><span data-path-to-node=\"20,3,1,2\">.<\/span><\/p>\n<\/li>\n<li>\n<p data-path-to-node=\"20,4,1\"><span data-path-to-node=\"20,4,1,0\"><b data-path-to-node=\"20,4,1,0\" data-index-in-node=\"0\"><span class=\"citation-788\">Dbasz o ekologi\u0119<\/span><\/b><span class=\"citation-788\"> \u2013 masz pewno\u015b\u0107, \u017ce surowiec pochodzi z las\u00f3w zarz\u0105dzanych w spos\u00f3b zr\u00f3wnowa\u017cony<\/span><\/span><span data-path-to-node=\"20,4,1,2\">.<\/span><\/p>\n<div class=\"source-inline-chip-container ng-star-inserted\"><\/div>\n<\/li>\n<\/ul>\n<p><strong>Dane techniczne<\/strong><\/p>\n<ul>\n<li>konstrukcja mebli wykonana z drewna skandynawskiego (PEFC lub FSC)<\/li>\n<li>impregnacja na bazie impregnat\u00f3w wodnych (bez szkodliwych substancji &#8211; chrom i bor)<\/li>\n<li>monta\u017c: zgodnie z do\u0142\u0105czona instrukcj\u0105 monta\u017cu<\/li>\n<li>gwarancja producenta (24 miesi\u0105ce)<\/li>\n<li>tkaniny obiciowe: wysokogatunkowy materia\u0142 outdoorowy<\/li>\n<li>wype\u0142nienie poduszek: pianka wysokoelastyczna<\/li>\n<\/ul>\n<p>&nbsp;<\/p>\n<p>&nbsp;<\/p>\n<p data-path-to-node=\"2\"><strong>Premium Kissen Cannes: Technologie und Langlebigkeit<\/strong><\/p>\n<p data-path-to-node=\"3\">Erg\u00e4nzend zur Cannes-Kollektion gibt es spezielle Kissen, die eine minimalistische \u00c4sthetik mit fortschrittlichen technischen Eigenschaften verbinden. Sie wurden entwickelt, um intensiver Au\u00dfenbeanspruchung standzuhalten und behalten ihre Form und ihre Eigenschaften \u00fcber viele Saisons hinweg.<\/p>\n<p data-path-to-node=\"5\"><strong>Warum zeichnen sich diese Kissen durch Qualit\u00e4t aus?<\/strong><\/p>\n<p data-path-to-node=\"6\">1<strong>. Wyj\u0105tkowa odporno\u015b\u0107 na \u015bcieranie<\/strong><\/p>\n<p data-path-to-node=\"7\">Der Stoff hat den Test bestanden <b data-path-to-node=\"7\" data-index-in-node=\"22\">60.000 Martindale-Zyklen<\/b>. In Haushaltsstandards gelten bereits 20.000-30.000 Zyklen als sehr haltbares Material. Ein Ergebnis von 60.000 bedeutet, dass das Material f\u00fcr extrem h\u00e4ufige Nutzung ausgelegt ist und unter normalen Terrassenbedingungen praktisch unzerrei\u00dfbar ist.<\/p>\n<p data-path-to-node=\"8\"><strong>2. Lichtechtheit und Best\u00e4ndigkeit gegen\u00fcber Umwelteinfl\u00fcssen<\/strong><\/p>\n<p data-path-to-node=\"9\">Mit lichtechtem Ergebnis <b data-path-to-node=\"9\" data-index-in-node=\"33\">\u22656<\/b>, Die Kissen weisen eine sehr hohe Farbechtheit auf. Das bedeutet, dass das Material der Sonneneinstrahlung wirksam widersteht, was f\u00fcr die Erhaltung der \u00c4sthetik von M\u00f6beln, die auf offenen Terrassen stehen, entscheidend ist.<\/p>\n<p data-path-to-node=\"10\"><strong>3. Stabilit\u00e4t der Struktur und keine Pillingbildung<\/strong><\/p>\n<p data-path-to-node=\"11\">Das Material verf\u00fcgt \u00fcber die h\u00f6chste Widerstandsf\u00e4higkeit gegen Ausfransen und Pilling.<b data-path-to-node=\"11\" data-index-in-node=\"62\">Grad 4<\/b>. Dadurch bleibt die Oberfl\u00e4che von Kissen glatt und \u00e4sthetisch, ohne unsch\u00f6ne \u201eKn\u00f6tchen\u201d, die durch Reibung entstehen. Zus\u00e4tzlich sorgt eine hohe Rei\u00df- und Weiterrei\u00dffestigkeit (bis zu <b data-path-to-node=\"11\" data-index-in-node=\"270\">800 N<\/b> (am Faden) garantiert, dass die N\u00e4hte und die Webart auch unter Belastung intakt bleiben.<\/p>\n<p data-path-to-node=\"17\">Dank ihrer hohen Nass- und Trockenreibungsbest\u00e4ndigkeit sind die Kissen pflegeleicht und erfordern keine komplizierten Wartungsma\u00dfnahmen. Ihre helle Farbgebung in Kombination mit dem dichten Gewebe mit einem Gewicht von <b data-path-to-node=\"17\" data-index-in-node=\"206\">380 g\/m\u00b2<\/b> schafft einen klaren, technischen Look, der die edle Kakaofarbe des Holzes in der Serie Cannes unterstreicht.<\/p>","protected":false},"excerpt":{"rendered":"<p>Sofa ogrodowa Cannes \u2013 komfort i solidno\u015b\u0107 litego drewna w kolorze kakao Wyobra\u017a sobie poranek, w kt\u00f3rym nie musisz si\u0119 spieszy\u0107. Kawa smakuje inaczej, gdy masz gdzie wygodnie usi\u0105\u015b\u0107. Problem w tym, \u017ce wi\u0119kszo\u015b\u0107 ogrod\u00f3w i taras\u00f3w nie daje prawdziwego komfortu \u2013 s\u0105 przypadkowe, niewygodne i nie tworz\u0105 miejsca, do kt\u00f3rego chce si\u0119 wraca\u0107. Brakuje [&hellip;]<\/p>\n","protected":false},"featured_media":4507,"template":"","meta":{"_acf_changed":false},"product_brand":[],"product_cat":[67],"product_tag":[],"class_list":{"0":"post-4390","1":"product","2":"type-product","3":"status-publish","4":"has-post-thumbnail","6":"product_cat-sofy-i-lawki","7":"product_shipping_class-podstawowa","9":"first","10":"onbackorder","11":"taxable","12":"shipping-taxable","13":"purchasable","14":"product-type-simple","15":"add-to-wishlist-after_add_to_cart"},"acf":[],"yoast_head":"<!-- This site is optimized with the Yoast SEO plugin v26.6 - https:\/\/yoast.com\/wordpress\/plugins\/seo\/ -->\n<title>Drewniana sofa ogrodowa Cannes - Siesta Garden<\/title>\n<meta name=\"robots\" content=\"index, follow, max-snippet:-1, max-image-preview:large, max-video-preview:-1\" \/>\n<link rel=\"canonical\" href=\"https:\/\/www.siestagarden.com\/de\/produkt\/drewniana-sofa-ogrodowa-cannes\/\" \/>\n<meta property=\"og:locale\" content=\"de_DE\" \/>\n<meta property=\"og:type\" content=\"article\" \/>\n<meta property=\"og:title\" content=\"Drewniana sofa ogrodowa Cannes - Siesta Garden\" \/>\n<meta property=\"og:description\" content=\"Sofa ogrodowa Cannes \u2013 komfort i solidno\u015b\u0107 litego drewna w kolorze kakao Wyobra\u017a sobie poranek, w kt\u00f3rym nie musisz si\u0119 spieszy\u0107. Kawa smakuje inaczej, gdy masz gdzie wygodnie usi\u0105\u015b\u0107. Problem w tym, \u017ce wi\u0119kszo\u015b\u0107 ogrod\u00f3w i taras\u00f3w nie daje prawdziwego komfortu \u2013 s\u0105 przypadkowe, niewygodne i nie tworz\u0105 miejsca, do kt\u00f3rego chce si\u0119 wraca\u0107. Brakuje [&hellip;]\" \/>\n<meta property=\"og:url\" content=\"https:\/\/www.siestagarden.com\/de\/produkt\/drewniana-sofa-ogrodowa-cannes\/\" \/>\n<meta property=\"og:site_name\" content=\"Siesta Garden\" \/>\n<meta property=\"article:modified_time\" content=\"2026-04-01T06:23:00+00:00\" \/>\n<meta property=\"og:image\" content=\"https:\/\/www.siestagarden.com\/wp-content\/uploads\/2026\/03\/sofa-cannes-1024x768.png\" \/>\n\t<meta property=\"og:image:width\" content=\"1024\" \/>\n\t<meta property=\"og:image:height\" content=\"768\" \/>\n\t<meta property=\"og:image:type\" content=\"image\/png\" \/>\n<meta name=\"twitter:card\" content=\"summary_large_image\" \/>\n<meta name=\"twitter:label1\" content=\"Gesch\u00e4tzte Lesezeit\" \/>\n\t<meta name=\"twitter:data1\" content=\"4\u00a0Minuten\" \/>\n<script type=\"application\/ld+json\" class=\"yoast-schema-graph\">{\"@context\":\"https:\/\/schema.org\",\"@graph\":[{\"@type\":\"WebPage\",\"@id\":\"https:\/\/www.siestagarden.com\/produkt\/drewniana-sofa-ogrodowa-cannes\/\",\"url\":\"https:\/\/www.siestagarden.com\/produkt\/drewniana-sofa-ogrodowa-cannes\/\",\"name\":\"Drewniana sofa ogrodowa Cannes - Siesta Garden\",\"isPartOf\":{\"@id\":\"https:\/\/www.siestagarden.com\/#website\"},\"primaryImageOfPage\":{\"@id\":\"https:\/\/www.siestagarden.com\/produkt\/drewniana-sofa-ogrodowa-cannes\/#primaryimage\"},\"image\":{\"@id\":\"https:\/\/www.siestagarden.com\/produkt\/drewniana-sofa-ogrodowa-cannes\/#primaryimage\"},\"thumbnailUrl\":\"https:\/\/www.siestagarden.com\/wp-content\/uploads\/2026\/03\/sofa-cannes.png\",\"datePublished\":\"2026-03-20T11:17:07+00:00\",\"dateModified\":\"2026-04-01T06:23:00+00:00\",\"breadcrumb\":{\"@id\":\"https:\/\/www.siestagarden.com\/produkt\/drewniana-sofa-ogrodowa-cannes\/#breadcrumb\"},\"inLanguage\":\"de\",\"potentialAction\":[{\"@type\":\"ReadAction\",\"target\":[\"https:\/\/www.siestagarden.com\/produkt\/drewniana-sofa-ogrodowa-cannes\/\"]}]},{\"@type\":\"ImageObject\",\"inLanguage\":\"de\",\"@id\":\"https:\/\/www.siestagarden.com\/produkt\/drewniana-sofa-ogrodowa-cannes\/#primaryimage\",\"url\":\"https:\/\/www.siestagarden.com\/wp-content\/uploads\/2026\/03\/sofa-cannes.png\",\"contentUrl\":\"https:\/\/www.siestagarden.com\/wp-content\/uploads\/2026\/03\/sofa-cannes.png\",\"width\":2390,\"height\":1792},{\"@type\":\"BreadcrumbList\",\"@id\":\"https:\/\/www.siestagarden.com\/produkt\/drewniana-sofa-ogrodowa-cannes\/#breadcrumb\",\"itemListElement\":[{\"@type\":\"ListItem\",\"position\":1,\"name\":\"Strona g\u0142\u00f3wna\",\"item\":\"https:\/\/www.siestagarden.com\/\"},{\"@type\":\"ListItem\",\"position\":2,\"name\":\"Sklep\",\"item\":\"https:\/\/www.siestagarden.com\/sklep\/\"},{\"@type\":\"ListItem\",\"position\":3,\"name\":\"Drewniana sofa ogrodowa Cannes\"}]},{\"@type\":\"WebSite\",\"@id\":\"https:\/\/www.siestagarden.com\/#website\",\"url\":\"https:\/\/www.siestagarden.com\/\",\"name\":\"Siesta Garden\",\"description\":\"Meble do Twojego ogrodu. Polski producent drewnianych mebli najwy\u017cszej jako\u015bci.\",\"potentialAction\":[{\"@type\":\"SearchAction\",\"target\":{\"@type\":\"EntryPoint\",\"urlTemplate\":\"https:\/\/www.siestagarden.com\/?s={search_term_string}\"},\"query-input\":{\"@type\":\"PropertyValueSpecification\",\"valueRequired\":true,\"valueName\":\"search_term_string\"}}],\"inLanguage\":\"de\"}]}<\/script>\n<!-- \/ Yoast SEO plugin. -->","yoast_head_json":{"title":"Drewniana sofa ogrodowa Cannes - Siesta Garden","robots":{"index":"index","follow":"follow","max-snippet":"max-snippet:-1","max-image-preview":"max-image-preview:large","max-video-preview":"max-video-preview:-1"},"canonical":"https:\/\/www.siestagarden.com\/de\/produkt\/drewniana-sofa-ogrodowa-cannes\/","og_locale":"de_DE","og_type":"article","og_title":"Drewniana sofa ogrodowa Cannes - Siesta Garden","og_description":"Sofa ogrodowa Cannes \u2013 komfort i solidno\u015b\u0107 litego drewna w kolorze kakao Wyobra\u017a sobie poranek, w kt\u00f3rym nie musisz si\u0119 spieszy\u0107. Kawa smakuje inaczej, gdy masz gdzie wygodnie usi\u0105\u015b\u0107. Problem w tym, \u017ce wi\u0119kszo\u015b\u0107 ogrod\u00f3w i taras\u00f3w nie daje prawdziwego komfortu \u2013 s\u0105 przypadkowe, niewygodne i nie tworz\u0105 miejsca, do kt\u00f3rego chce si\u0119 wraca\u0107. Brakuje [&hellip;]","og_url":"https:\/\/www.siestagarden.com\/de\/produkt\/drewniana-sofa-ogrodowa-cannes\/","og_site_name":"Siesta Garden","article_modified_time":"2026-04-01T06:23:00+00:00","og_image":[{"width":1024,"height":768,"url":"https:\/\/www.siestagarden.com\/wp-content\/uploads\/2026\/03\/sofa-cannes-1024x768.png","type":"image\/png"}],"twitter_card":"summary_large_image","twitter_misc":{"Gesch\u00e4tzte Lesezeit":"4\u00a0Minuten"},"schema":{"@context":"https:\/\/schema.org","@graph":[{"@type":"WebPage","@id":"https:\/\/www.siestagarden.com\/produkt\/drewniana-sofa-ogrodowa-cannes\/","url":"https:\/\/www.siestagarden.com\/produkt\/drewniana-sofa-ogrodowa-cannes\/","name":"Drewniana sofa ogrodowa Cannes - Siesta Garden","isPartOf":{"@id":"https:\/\/www.siestagarden.com\/#website"},"primaryImageOfPage":{"@id":"https:\/\/www.siestagarden.com\/produkt\/drewniana-sofa-ogrodowa-cannes\/#primaryimage"},"image":{"@id":"https:\/\/www.siestagarden.com\/produkt\/drewniana-sofa-ogrodowa-cannes\/#primaryimage"},"thumbnailUrl":"https:\/\/www.siestagarden.com\/wp-content\/uploads\/2026\/03\/sofa-cannes.png","datePublished":"2026-03-20T11:17:07+00:00","dateModified":"2026-04-01T06:23:00+00:00","breadcrumb":{"@id":"https:\/\/www.siestagarden.com\/produkt\/drewniana-sofa-ogrodowa-cannes\/#breadcrumb"},"inLanguage":"de","potentialAction":[{"@type":"ReadAction","target":["https:\/\/www.siestagarden.com\/produkt\/drewniana-sofa-ogrodowa-cannes\/"]}]},{"@type":"ImageObject","inLanguage":"de","@id":"https:\/\/www.siestagarden.com\/produkt\/drewniana-sofa-ogrodowa-cannes\/#primaryimage","url":"https:\/\/www.siestagarden.com\/wp-content\/uploads\/2026\/03\/sofa-cannes.png","contentUrl":"https:\/\/www.siestagarden.com\/wp-content\/uploads\/2026\/03\/sofa-cannes.png","width":2390,"height":1792},{"@type":"BreadcrumbList","@id":"https:\/\/www.siestagarden.com\/produkt\/drewniana-sofa-ogrodowa-cannes\/#breadcrumb","itemListElement":[{"@type":"ListItem","position":1,"name":"Strona g\u0142\u00f3wna","item":"https:\/\/www.siestagarden.com\/"},{"@type":"ListItem","position":2,"name":"Sklep","item":"https:\/\/www.siestagarden.com\/sklep\/"},{"@type":"ListItem","position":3,"name":"Drewniana sofa ogrodowa Cannes"}]},{"@type":"WebSite","@id":"https:\/\/www.siestagarden.com\/#website","url":"https:\/\/www.siestagarden.com\/","name":"Siesta Garten","description":"M\u00f6bel f\u00fcr Ihren Garten. Polnischen Hersteller von Holzm\u00f6beln von h\u00f6chster Qualit\u00e4t.","potentialAction":[{"@type":"SearchAction","target":{"@type":"EntryPoint","urlTemplate":"https:\/\/www.siestagarden.com\/?s={search_term_string}"},"query-input":{"@type":"PropertyValueSpecification","valueRequired":true,"valueName":"search_term_string"}}],"inLanguage":"de"}]}},"_links":{"self":[{"href":"https:\/\/www.siestagarden.com\/de\/wp-json\/wp\/v2\/product\/4390","targetHints":{"allow":["GET"]}}],"collection":[{"href":"https:\/\/www.siestagarden.com\/de\/wp-json\/wp\/v2\/product"}],"about":[{"href":"https:\/\/www.siestagarden.com\/de\/wp-json\/wp\/v2\/types\/product"}],"wp:featuredmedia":[{"embeddable":true,"href":"https:\/\/www.siestagarden.com\/de\/wp-json\/wp\/v2\/media\/4507"}],"wp:attachment":[{"href":"https:\/\/www.siestagarden.com\/de\/wp-json\/wp\/v2\/media?parent=4390"}],"wp:term":[{"taxonomy":"product_brand","embeddable":true,"href":"https:\/\/www.siestagarden.com\/de\/wp-json\/wp\/v2\/product_brand?post=4390"},{"taxonomy":"product_cat","embeddable":true,"href":"https:\/\/www.siestagarden.com\/de\/wp-json\/wp\/v2\/product_cat?post=4390"},{"taxonomy":"product_tag","embeddable":true,"href":"https:\/\/www.siestagarden.com\/de\/wp-json\/wp\/v2\/product_tag?post=4390"}],"curies":[{"name":"wp","href":"https:\/\/api.w.org\/{rel}","templated":true}]}}