{"id":1304,"date":"2025-02-25T12:22:20","date_gmt":"2025-02-25T11:22:20","guid":{"rendered":"https:\/\/www.siestagarden.com\/?post_type=product&#038;p=1304"},"modified":"2026-02-12T10:13:47","modified_gmt":"2026-02-12T09:13:47","slug":"swing-wisniowy","status":"publish","type":"product","link":"https:\/\/www.siestagarden.com\/en\/product\/swing-wisniowy\/","title":{"rendered":"Simi swing in smoked cherry wood"},"content":{"rendered":"<p><strong>SIMI in smoked cherry wood<\/strong> - noble swing to the rhythm of nature<\/p>\n<p><strong>SIMI swing in smoked cherry wood<\/strong> is for those who appreciate design with soul, natural beauty and timeless elegance. Made from solid cherry wood that has been smoked in a thermal process, the swing is given a deep, warm hue and a unique texture.<\/p>\n<p>In addition, the wood has been treated with a protective varnish, which not only increases resistance to daily use and moisture, but also gives the surface a pleasantly smooth and elegant appearance.<\/p>\n<p>Design based on a well-known and appreciated form <strong>SIMI<\/strong> impresses with its harmonious lines and ergonomic comfort. At the centre of the swing is a soft, upholstered seat that provides exceptional comfort and pleasure when rocking - both in private and commercial spaces.<\/p>\n<p>\u2714\ufe0f Made of solid, smoked cherry wood - noble appearance and durability<\/p>\n<p>\u2714\ufe0f Natural protection and deep colour due to smoking process<\/p>\n<p>\u2714\ufe0f Additional paint protection - improved resistance and velvety smooth surface<\/p>\n<p>\u2714\ufe0f Soft, upholstered seat built into the structure<\/p>\n<p>\u2714\ufe0f Ideal for the garden, elegant terrace, boutique hotel interiors or relaxation areas<\/p>\n<p>\u2714\ufe0f A classic yet modern form - an eye-catcher and a delightful detail.<\/p>\n<p><strong>SIMI made of cherry wood is not just a swing<\/strong> - is a small architectural gem that brings warmth, harmony and a touch of luxury to any space.<\/p>\n<p>\ud83e\udea2 SIMI - when design meets nature at its most beautiful.<\/p>","protected":false},"excerpt":{"rendered":"<p>SIMI z drewna wi\u015bniowego w\u0119dzonego \u2013 szlachetna hu\u015btawka w rytmie natury Hu\u015btawka SIMI z drewna wi\u015bniowego w\u0119dzonego to propozycja dla tych, kt\u00f3rzy ceni\u0105 design z dusz\u0105, naturalne pi\u0119kno i ponadczasow\u0105 elegancj\u0119. Wykonana z litego drewna wi\u015bniowego, kt\u00f3re zosta\u0142o w\u0119dzone w procesie termicznym, hu\u015btawka zyskuje g\u0142\u0119boki, ciep\u0142y odcie\u0144 i niepowtarzaln\u0105 struktur\u0119. Dodatkowo drewno zosta\u0142o zabezpieczone ochronnym [&hellip;]<\/p>\n","protected":false},"featured_media":1406,"template":"","meta":{"_acf_changed":false},"product_brand":[],"product_cat":[72],"product_tag":[],"class_list":{"0":"post-1304","1":"product","2":"type-product","3":"status-publish","4":"has-post-thumbnail","6":"product_cat-hustawki-i-hamaki","7":"product_shipping_class-podstawowa","9":"first","10":"instock","11":"taxable","12":"shipping-taxable","13":"purchasable","14":"product-type-simple","15":"add-to-wishlist-after_add_to_cart"},"acf":[],"yoast_head":"<!-- This site is optimized with the Yoast SEO plugin v26.6 - https:\/\/yoast.com\/wordpress\/plugins\/seo\/ -->\n<title>Hu\u015btawka Simi z drewna wi\u015bniowego w\u0119dzonego - Siesta Garden<\/title>\n<meta name=\"robots\" content=\"index, follow, max-snippet:-1, max-image-preview:large, max-video-preview:-1\" \/>\n<link rel=\"canonical\" href=\"https:\/\/www.siestagarden.com\/en\/product\/swing-wisniowy\/\" \/>\n<meta property=\"og:locale\" content=\"en_GB\" \/>\n<meta property=\"og:type\" content=\"article\" \/>\n<meta property=\"og:title\" content=\"Hu\u015btawka Simi z drewna wi\u015bniowego w\u0119dzonego - Siesta Garden\" \/>\n<meta property=\"og:description\" content=\"SIMI z drewna wi\u015bniowego w\u0119dzonego \u2013 szlachetna hu\u015btawka w rytmie natury Hu\u015btawka SIMI z drewna wi\u015bniowego w\u0119dzonego to propozycja dla tych, kt\u00f3rzy ceni\u0105 design z dusz\u0105, naturalne pi\u0119kno i ponadczasow\u0105 elegancj\u0119. Wykonana z litego drewna wi\u015bniowego, kt\u00f3re zosta\u0142o w\u0119dzone w procesie termicznym, hu\u015btawka zyskuje g\u0142\u0119boki, ciep\u0142y odcie\u0144 i niepowtarzaln\u0105 struktur\u0119. Dodatkowo drewno zosta\u0142o zabezpieczone ochronnym [&hellip;]\" \/>\n<meta property=\"og:url\" content=\"https:\/\/www.siestagarden.com\/en\/product\/swing-wisniowy\/\" \/>\n<meta property=\"og:site_name\" content=\"Siesta Garden\" \/>\n<meta property=\"article:modified_time\" content=\"2026-02-12T09:13:47+00:00\" \/>\n<meta property=\"og:image\" content=\"https:\/\/www.siestagarden.com\/wp-content\/uploads\/2025\/02\/IMG_1013-scaled-e1770887618438.jpg\" \/>\n\t<meta property=\"og:image:width\" content=\"2560\" \/>\n\t<meta property=\"og:image:height\" content=\"1707\" \/>\n\t<meta property=\"og:image:type\" content=\"image\/jpeg\" \/>\n<meta name=\"twitter:card\" content=\"summary_large_image\" \/>\n<meta name=\"twitter:label1\" content=\"Estimated reading time\" \/>\n\t<meta name=\"twitter:data1\" content=\"2 minutes\" \/>\n<script type=\"application\/ld+json\" class=\"yoast-schema-graph\">{\"@context\":\"https:\/\/schema.org\",\"@graph\":[{\"@type\":\"WebPage\",\"@id\":\"https:\/\/www.siestagarden.com\/produkt\/swing-wisniowy\/\",\"url\":\"https:\/\/www.siestagarden.com\/produkt\/swing-wisniowy\/\",\"name\":\"Hu\u015btawka Simi z drewna wi\u015bniowego w\u0119dzonego - Siesta Garden\",\"isPartOf\":{\"@id\":\"https:\/\/www.siestagarden.com\/#website\"},\"primaryImageOfPage\":{\"@id\":\"https:\/\/www.siestagarden.com\/produkt\/swing-wisniowy\/#primaryimage\"},\"image\":{\"@id\":\"https:\/\/www.siestagarden.com\/produkt\/swing-wisniowy\/#primaryimage\"},\"thumbnailUrl\":\"https:\/\/www.siestagarden.com\/wp-content\/uploads\/2025\/02\/IMG_1013-scaled-e1770887618438.jpg\",\"datePublished\":\"2025-02-25T11:22:20+00:00\",\"dateModified\":\"2026-02-12T09:13:47+00:00\",\"breadcrumb\":{\"@id\":\"https:\/\/www.siestagarden.com\/produkt\/swing-wisniowy\/#breadcrumb\"},\"inLanguage\":\"en-GB\",\"potentialAction\":[{\"@type\":\"ReadAction\",\"target\":[\"https:\/\/www.siestagarden.com\/produkt\/swing-wisniowy\/\"]}]},{\"@type\":\"ImageObject\",\"inLanguage\":\"en-GB\",\"@id\":\"https:\/\/www.siestagarden.com\/produkt\/swing-wisniowy\/#primaryimage\",\"url\":\"https:\/\/www.siestagarden.com\/wp-content\/uploads\/2025\/02\/IMG_1013-scaled-e1770887618438.jpg\",\"contentUrl\":\"https:\/\/www.siestagarden.com\/wp-content\/uploads\/2025\/02\/IMG_1013-scaled-e1770887618438.jpg\",\"width\":2560,\"height\":1707},{\"@type\":\"BreadcrumbList\",\"@id\":\"https:\/\/www.siestagarden.com\/produkt\/swing-wisniowy\/#breadcrumb\",\"itemListElement\":[{\"@type\":\"ListItem\",\"position\":1,\"name\":\"Strona g\u0142\u00f3wna\",\"item\":\"https:\/\/www.siestagarden.com\/\"},{\"@type\":\"ListItem\",\"position\":2,\"name\":\"Sklep\",\"item\":\"https:\/\/www.siestagarden.com\/sklep\/\"},{\"@type\":\"ListItem\",\"position\":3,\"name\":\"Hu\u015btawka Simi z drewna wi\u015bniowego w\u0119dzonego\"}]},{\"@type\":\"WebSite\",\"@id\":\"https:\/\/www.siestagarden.com\/#website\",\"url\":\"https:\/\/www.siestagarden.com\/\",\"name\":\"Siesta Garden\",\"description\":\"Meble do Twojego ogrodu. Polski producent drewnianych mebli najwy\u017cszej jako\u015bci.\",\"potentialAction\":[{\"@type\":\"SearchAction\",\"target\":{\"@type\":\"EntryPoint\",\"urlTemplate\":\"https:\/\/www.siestagarden.com\/?s={search_term_string}\"},\"query-input\":{\"@type\":\"PropertyValueSpecification\",\"valueRequired\":true,\"valueName\":\"search_term_string\"}}],\"inLanguage\":\"en-GB\"}]}<\/script>\n<!-- \/ Yoast SEO plugin. -->","yoast_head_json":{"title":"Hu\u015btawka Simi z drewna wi\u015bniowego w\u0119dzonego - Siesta Garden","robots":{"index":"index","follow":"follow","max-snippet":"max-snippet:-1","max-image-preview":"max-image-preview:large","max-video-preview":"max-video-preview:-1"},"canonical":"https:\/\/www.siestagarden.com\/en\/product\/swing-wisniowy\/","og_locale":"en_GB","og_type":"article","og_title":"Hu\u015btawka Simi z drewna wi\u015bniowego w\u0119dzonego - Siesta Garden","og_description":"SIMI z drewna wi\u015bniowego w\u0119dzonego \u2013 szlachetna hu\u015btawka w rytmie natury Hu\u015btawka SIMI z drewna wi\u015bniowego w\u0119dzonego to propozycja dla tych, kt\u00f3rzy ceni\u0105 design z dusz\u0105, naturalne pi\u0119kno i ponadczasow\u0105 elegancj\u0119. Wykonana z litego drewna wi\u015bniowego, kt\u00f3re zosta\u0142o w\u0119dzone w procesie termicznym, hu\u015btawka zyskuje g\u0142\u0119boki, ciep\u0142y odcie\u0144 i niepowtarzaln\u0105 struktur\u0119. Dodatkowo drewno zosta\u0142o zabezpieczone ochronnym [&hellip;]","og_url":"https:\/\/www.siestagarden.com\/en\/product\/swing-wisniowy\/","og_site_name":"Siesta Garden","article_modified_time":"2026-02-12T09:13:47+00:00","og_image":[{"width":2560,"height":1707,"url":"https:\/\/www.siestagarden.com\/wp-content\/uploads\/2025\/02\/IMG_1013-scaled-e1770887618438.jpg","type":"image\/jpeg"}],"twitter_card":"summary_large_image","twitter_misc":{"Estimated reading time":"2 minutes"},"schema":{"@context":"https:\/\/schema.org","@graph":[{"@type":"WebPage","@id":"https:\/\/www.siestagarden.com\/produkt\/swing-wisniowy\/","url":"https:\/\/www.siestagarden.com\/produkt\/swing-wisniowy\/","name":"Hu\u015btawka Simi z drewna wi\u015bniowego w\u0119dzonego - Siesta Garden","isPartOf":{"@id":"https:\/\/www.siestagarden.com\/#website"},"primaryImageOfPage":{"@id":"https:\/\/www.siestagarden.com\/produkt\/swing-wisniowy\/#primaryimage"},"image":{"@id":"https:\/\/www.siestagarden.com\/produkt\/swing-wisniowy\/#primaryimage"},"thumbnailUrl":"https:\/\/www.siestagarden.com\/wp-content\/uploads\/2025\/02\/IMG_1013-scaled-e1770887618438.jpg","datePublished":"2025-02-25T11:22:20+00:00","dateModified":"2026-02-12T09:13:47+00:00","breadcrumb":{"@id":"https:\/\/www.siestagarden.com\/produkt\/swing-wisniowy\/#breadcrumb"},"inLanguage":"en-GB","potentialAction":[{"@type":"ReadAction","target":["https:\/\/www.siestagarden.com\/produkt\/swing-wisniowy\/"]}]},{"@type":"ImageObject","inLanguage":"en-GB","@id":"https:\/\/www.siestagarden.com\/produkt\/swing-wisniowy\/#primaryimage","url":"https:\/\/www.siestagarden.com\/wp-content\/uploads\/2025\/02\/IMG_1013-scaled-e1770887618438.jpg","contentUrl":"https:\/\/www.siestagarden.com\/wp-content\/uploads\/2025\/02\/IMG_1013-scaled-e1770887618438.jpg","width":2560,"height":1707},{"@type":"BreadcrumbList","@id":"https:\/\/www.siestagarden.com\/produkt\/swing-wisniowy\/#breadcrumb","itemListElement":[{"@type":"ListItem","position":1,"name":"Strona g\u0142\u00f3wna","item":"https:\/\/www.siestagarden.com\/"},{"@type":"ListItem","position":2,"name":"Sklep","item":"https:\/\/www.siestagarden.com\/sklep\/"},{"@type":"ListItem","position":3,"name":"Hu\u015btawka Simi z drewna wi\u015bniowego w\u0119dzonego"}]},{"@type":"WebSite","@id":"https:\/\/www.siestagarden.com\/#website","url":"https:\/\/www.siestagarden.com\/","name":"Siesta Garden","description":"Furniture for your garden. Polish manufacturer of wooden furniture of the highest quality.","potentialAction":[{"@type":"SearchAction","target":{"@type":"EntryPoint","urlTemplate":"https:\/\/www.siestagarden.com\/?s={search_term_string}"},"query-input":{"@type":"PropertyValueSpecification","valueRequired":true,"valueName":"search_term_string"}}],"inLanguage":"en-GB"}]}},"_links":{"self":[{"href":"https:\/\/www.siestagarden.com\/en\/wp-json\/wp\/v2\/product\/1304","targetHints":{"allow":["GET"]}}],"collection":[{"href":"https:\/\/www.siestagarden.com\/en\/wp-json\/wp\/v2\/product"}],"about":[{"href":"https:\/\/www.siestagarden.com\/en\/wp-json\/wp\/v2\/types\/product"}],"wp:featuredmedia":[{"embeddable":true,"href":"https:\/\/www.siestagarden.com\/en\/wp-json\/wp\/v2\/media\/1406"}],"wp:attachment":[{"href":"https:\/\/www.siestagarden.com\/en\/wp-json\/wp\/v2\/media?parent=1304"}],"wp:term":[{"taxonomy":"product_brand","embeddable":true,"href":"https:\/\/www.siestagarden.com\/en\/wp-json\/wp\/v2\/product_brand?post=1304"},{"taxonomy":"product_cat","embeddable":true,"href":"https:\/\/www.siestagarden.com\/en\/wp-json\/wp\/v2\/product_cat?post=1304"},{"taxonomy":"product_tag","embeddable":true,"href":"https:\/\/www.siestagarden.com\/en\/wp-json\/wp\/v2\/product_tag?post=1304"}],"curies":[{"name":"wp","href":"https:\/\/api.w.org\/{rel}","templated":true}]}}