{"id":1534,"date":"2025-03-12T11:33:14","date_gmt":"2025-03-12T10:33:14","guid":{"rendered":"https:\/\/www.siestagarden.com\/?post_type=product&#038;p=1534"},"modified":"2026-05-06T09:52:13","modified_gmt":"2026-05-06T07:52:13","slug":"mini-stol-piknikowy-z-piaskownica","status":"publish","type":"product","link":"https:\/\/www.siestagarden.com\/en\/product\/mini-stol-piknikowy-z-piaskownica\/","title":{"rendered":"Wooden Mini Picnic Table for children with sandpit"},"content":{"rendered":"<p><strong>Mini Picnic Table with Sandbox<\/strong> - fun and function in one place<\/p>\n<p><strong>Mini Picnic Table with Sandbox<\/strong> is a creative and practical solution for a child's garden space, terrace or allotment. At first glance, it is a classic table with two side benches. When the top is removed, a hidden sandbox is revealed, turning the piece of furniture into a centre for summer fun and imagination.<\/p>\n<p>Made of solid wood with <strong>FSC\u00ae certified<\/strong>, the piece of furniture has been impregnated to protection category 3, which gives it a high level of weather resistance - even when used intensively outdoors. This means that children can use it almost all season long.<\/p>\n<p>\u2714\ufe0f 2in1: table and sandbox - functionality and fun<\/p>\n<p>\u2714\ufe0f Removable top - quick change of functions<\/p>\n<p>\u2714\ufe0f Two side benches - comfortable seats for children<\/p>\n<p>\u2714\ufe0f FSC\u00ae solid wood - ecological and sustainable<\/p>\n<p>\u2714\ufe0f Impregnation up to protection category 3 - resistance to external conditions<\/p>\n<p>\u2714\ufe0f Ideal for the garden, allotment or playground<\/p>\n<p><strong>Mini Picnic Table with Sandbox<\/strong> is a versatile and durable piece of furniture that combines learning, play and function in one place.<\/p>","protected":false},"excerpt":{"rendered":"<p>Mini St\u00f3\u0142 Piknikowy z Piaskownic\u0105 \u2013 zabawa i funkcja w jednym miejscu Mini St\u00f3\u0142 Piknikowy z Piaskownic\u0105 to kreatywne i praktyczne rozwi\u0105zanie do dzieci\u0119cej przestrzeni w ogrodzie, na tarasie lub dzia\u0142ce. Na pierwszy rzut oka to klasyczny stolik z dwiema bocznymi \u0142aweczkami. Po zdj\u0119ciu blatu odkrywa si\u0119 ukryt\u0105 piaskownic\u0119, kt\u00f3ra zamienia mebel w centrum letniej [&hellip;]<\/p>\n","protected":false},"featured_media":1619,"template":"","meta":{"_acf_changed":false},"product_brand":[],"product_cat":[66],"product_tag":[104,79],"class_list":{"0":"post-1534","1":"product","2":"type-product","3":"status-publish","4":"has-post-thumbnail","6":"product_cat-stoly-piknikowe","7":"product_tag-na-zamowienie","8":"product_tag-public","9":"product_shipping_class-podstawowa","11":"first","12":"onbackorder","13":"taxable","14":"shipping-taxable","15":"purchasable","16":"product-type-simple","17":"add-to-wishlist-after_add_to_cart"},"acf":[],"yoast_head":"<!-- This site is optimized with the Yoast SEO plugin v26.6 - https:\/\/yoast.com\/wordpress\/plugins\/seo\/ -->\n<title>Drewniany Mini St\u00f3\u0142 Piknikowy dla dzieci z piaskownic\u0105 - Siesta Garden<\/title>\n<meta name=\"robots\" content=\"index, follow, max-snippet:-1, max-image-preview:large, max-video-preview:-1\" \/>\n<link rel=\"canonical\" href=\"https:\/\/www.siestagarden.com\/en\/product\/mini-stol-piknikowy-z-piaskownica\/\" \/>\n<meta property=\"og:locale\" content=\"en_GB\" \/>\n<meta property=\"og:type\" content=\"article\" \/>\n<meta property=\"og:title\" content=\"Drewniany Mini St\u00f3\u0142 Piknikowy dla dzieci z piaskownic\u0105 - Siesta Garden\" \/>\n<meta property=\"og:description\" content=\"Mini St\u00f3\u0142 Piknikowy z Piaskownic\u0105 \u2013 zabawa i funkcja w jednym miejscu Mini St\u00f3\u0142 Piknikowy z Piaskownic\u0105 to kreatywne i praktyczne rozwi\u0105zanie do dzieci\u0119cej przestrzeni w ogrodzie, na tarasie lub dzia\u0142ce. Na pierwszy rzut oka to klasyczny stolik z dwiema bocznymi \u0142aweczkami. Po zdj\u0119ciu blatu odkrywa si\u0119 ukryt\u0105 piaskownic\u0119, kt\u00f3ra zamienia mebel w centrum letniej [&hellip;]\" \/>\n<meta property=\"og:url\" content=\"https:\/\/www.siestagarden.com\/en\/product\/mini-stol-piknikowy-z-piaskownica\/\" \/>\n<meta property=\"og:site_name\" content=\"Siesta Garden\" \/>\n<meta property=\"article:modified_time\" content=\"2026-05-06T07:52:13+00:00\" \/>\n<meta property=\"og:image\" content=\"https:\/\/www.siestagarden.com\/wp-content\/uploads\/2025\/03\/IMG_6462-scaled.jpg\" \/>\n\t<meta property=\"og:image:width\" content=\"2560\" \/>\n\t<meta property=\"og:image:height\" content=\"1707\" \/>\n\t<meta property=\"og:image:type\" content=\"image\/jpeg\" \/>\n<meta name=\"twitter:card\" content=\"summary_large_image\" \/>\n<meta name=\"twitter:label1\" content=\"Estimated reading time\" \/>\n\t<meta name=\"twitter:data1\" content=\"2 minutes\" \/>\n<script type=\"application\/ld+json\" class=\"yoast-schema-graph\">{\"@context\":\"https:\/\/schema.org\",\"@graph\":[{\"@type\":\"WebPage\",\"@id\":\"https:\/\/www.siestagarden.com\/produkt\/mini-stol-piknikowy-z-piaskownica\/\",\"url\":\"https:\/\/www.siestagarden.com\/produkt\/mini-stol-piknikowy-z-piaskownica\/\",\"name\":\"Drewniany Mini St\u00f3\u0142 Piknikowy dla dzieci z piaskownic\u0105 - Siesta Garden\",\"isPartOf\":{\"@id\":\"https:\/\/www.siestagarden.com\/#website\"},\"primaryImageOfPage\":{\"@id\":\"https:\/\/www.siestagarden.com\/produkt\/mini-stol-piknikowy-z-piaskownica\/#primaryimage\"},\"image\":{\"@id\":\"https:\/\/www.siestagarden.com\/produkt\/mini-stol-piknikowy-z-piaskownica\/#primaryimage\"},\"thumbnailUrl\":\"https:\/\/www.siestagarden.com\/wp-content\/uploads\/2025\/03\/IMG_6462-scaled.jpg\",\"datePublished\":\"2025-03-12T10:33:14+00:00\",\"dateModified\":\"2026-05-06T07:52:13+00:00\",\"breadcrumb\":{\"@id\":\"https:\/\/www.siestagarden.com\/produkt\/mini-stol-piknikowy-z-piaskownica\/#breadcrumb\"},\"inLanguage\":\"en-GB\",\"potentialAction\":[{\"@type\":\"ReadAction\",\"target\":[\"https:\/\/www.siestagarden.com\/produkt\/mini-stol-piknikowy-z-piaskownica\/\"]}]},{\"@type\":\"ImageObject\",\"inLanguage\":\"en-GB\",\"@id\":\"https:\/\/www.siestagarden.com\/produkt\/mini-stol-piknikowy-z-piaskownica\/#primaryimage\",\"url\":\"https:\/\/www.siestagarden.com\/wp-content\/uploads\/2025\/03\/IMG_6462-scaled.jpg\",\"contentUrl\":\"https:\/\/www.siestagarden.com\/wp-content\/uploads\/2025\/03\/IMG_6462-scaled.jpg\",\"width\":2560,\"height\":1707},{\"@type\":\"BreadcrumbList\",\"@id\":\"https:\/\/www.siestagarden.com\/produkt\/mini-stol-piknikowy-z-piaskownica\/#breadcrumb\",\"itemListElement\":[{\"@type\":\"ListItem\",\"position\":1,\"name\":\"Strona g\u0142\u00f3wna\",\"item\":\"https:\/\/www.siestagarden.com\/\"},{\"@type\":\"ListItem\",\"position\":2,\"name\":\"Sklep\",\"item\":\"https:\/\/www.siestagarden.com\/sklep\/\"},{\"@type\":\"ListItem\",\"position\":3,\"name\":\"Drewniany Mini St\u00f3\u0142 Piknikowy dla dzieci z piaskownic\u0105\"}]},{\"@type\":\"WebSite\",\"@id\":\"https:\/\/www.siestagarden.com\/#website\",\"url\":\"https:\/\/www.siestagarden.com\/\",\"name\":\"Siesta Garden\",\"description\":\"Meble do Twojego ogrodu. Polski producent drewnianych mebli najwy\u017cszej jako\u015bci.\",\"potentialAction\":[{\"@type\":\"SearchAction\",\"target\":{\"@type\":\"EntryPoint\",\"urlTemplate\":\"https:\/\/www.siestagarden.com\/?s={search_term_string}\"},\"query-input\":{\"@type\":\"PropertyValueSpecification\",\"valueRequired\":true,\"valueName\":\"search_term_string\"}}],\"inLanguage\":\"en-GB\"}]}<\/script>\n<!-- \/ Yoast SEO plugin. -->","yoast_head_json":{"title":"Drewniany Mini St\u00f3\u0142 Piknikowy dla dzieci z piaskownic\u0105 - Siesta Garden","robots":{"index":"index","follow":"follow","max-snippet":"max-snippet:-1","max-image-preview":"max-image-preview:large","max-video-preview":"max-video-preview:-1"},"canonical":"https:\/\/www.siestagarden.com\/en\/product\/mini-stol-piknikowy-z-piaskownica\/","og_locale":"en_GB","og_type":"article","og_title":"Drewniany Mini St\u00f3\u0142 Piknikowy dla dzieci z piaskownic\u0105 - Siesta Garden","og_description":"Mini St\u00f3\u0142 Piknikowy z Piaskownic\u0105 \u2013 zabawa i funkcja w jednym miejscu Mini St\u00f3\u0142 Piknikowy z Piaskownic\u0105 to kreatywne i praktyczne rozwi\u0105zanie do dzieci\u0119cej przestrzeni w ogrodzie, na tarasie lub dzia\u0142ce. Na pierwszy rzut oka to klasyczny stolik z dwiema bocznymi \u0142aweczkami. Po zdj\u0119ciu blatu odkrywa si\u0119 ukryt\u0105 piaskownic\u0119, kt\u00f3ra zamienia mebel w centrum letniej [&hellip;]","og_url":"https:\/\/www.siestagarden.com\/en\/product\/mini-stol-piknikowy-z-piaskownica\/","og_site_name":"Siesta Garden","article_modified_time":"2026-05-06T07:52:13+00:00","og_image":[{"width":2560,"height":1707,"url":"https:\/\/www.siestagarden.com\/wp-content\/uploads\/2025\/03\/IMG_6462-scaled.jpg","type":"image\/jpeg"}],"twitter_card":"summary_large_image","twitter_misc":{"Estimated reading time":"2 minutes"},"schema":{"@context":"https:\/\/schema.org","@graph":[{"@type":"WebPage","@id":"https:\/\/www.siestagarden.com\/produkt\/mini-stol-piknikowy-z-piaskownica\/","url":"https:\/\/www.siestagarden.com\/produkt\/mini-stol-piknikowy-z-piaskownica\/","name":"Drewniany Mini St\u00f3\u0142 Piknikowy dla dzieci z piaskownic\u0105 - Siesta Garden","isPartOf":{"@id":"https:\/\/www.siestagarden.com\/#website"},"primaryImageOfPage":{"@id":"https:\/\/www.siestagarden.com\/produkt\/mini-stol-piknikowy-z-piaskownica\/#primaryimage"},"image":{"@id":"https:\/\/www.siestagarden.com\/produkt\/mini-stol-piknikowy-z-piaskownica\/#primaryimage"},"thumbnailUrl":"https:\/\/www.siestagarden.com\/wp-content\/uploads\/2025\/03\/IMG_6462-scaled.jpg","datePublished":"2025-03-12T10:33:14+00:00","dateModified":"2026-05-06T07:52:13+00:00","breadcrumb":{"@id":"https:\/\/www.siestagarden.com\/produkt\/mini-stol-piknikowy-z-piaskownica\/#breadcrumb"},"inLanguage":"en-GB","potentialAction":[{"@type":"ReadAction","target":["https:\/\/www.siestagarden.com\/produkt\/mini-stol-piknikowy-z-piaskownica\/"]}]},{"@type":"ImageObject","inLanguage":"en-GB","@id":"https:\/\/www.siestagarden.com\/produkt\/mini-stol-piknikowy-z-piaskownica\/#primaryimage","url":"https:\/\/www.siestagarden.com\/wp-content\/uploads\/2025\/03\/IMG_6462-scaled.jpg","contentUrl":"https:\/\/www.siestagarden.com\/wp-content\/uploads\/2025\/03\/IMG_6462-scaled.jpg","width":2560,"height":1707},{"@type":"BreadcrumbList","@id":"https:\/\/www.siestagarden.com\/produkt\/mini-stol-piknikowy-z-piaskownica\/#breadcrumb","itemListElement":[{"@type":"ListItem","position":1,"name":"Strona g\u0142\u00f3wna","item":"https:\/\/www.siestagarden.com\/"},{"@type":"ListItem","position":2,"name":"Sklep","item":"https:\/\/www.siestagarden.com\/sklep\/"},{"@type":"ListItem","position":3,"name":"Drewniany Mini St\u00f3\u0142 Piknikowy dla dzieci z piaskownic\u0105"}]},{"@type":"WebSite","@id":"https:\/\/www.siestagarden.com\/#website","url":"https:\/\/www.siestagarden.com\/","name":"Siesta Garden","description":"Furniture for your garden. Polish manufacturer of wooden furniture of the highest quality.","potentialAction":[{"@type":"SearchAction","target":{"@type":"EntryPoint","urlTemplate":"https:\/\/www.siestagarden.com\/?s={search_term_string}"},"query-input":{"@type":"PropertyValueSpecification","valueRequired":true,"valueName":"search_term_string"}}],"inLanguage":"en-GB"}]}},"_links":{"self":[{"href":"https:\/\/www.siestagarden.com\/en\/wp-json\/wp\/v2\/product\/1534","targetHints":{"allow":["GET"]}}],"collection":[{"href":"https:\/\/www.siestagarden.com\/en\/wp-json\/wp\/v2\/product"}],"about":[{"href":"https:\/\/www.siestagarden.com\/en\/wp-json\/wp\/v2\/types\/product"}],"wp:featuredmedia":[{"embeddable":true,"href":"https:\/\/www.siestagarden.com\/en\/wp-json\/wp\/v2\/media\/1619"}],"wp:attachment":[{"href":"https:\/\/www.siestagarden.com\/en\/wp-json\/wp\/v2\/media?parent=1534"}],"wp:term":[{"taxonomy":"product_brand","embeddable":true,"href":"https:\/\/www.siestagarden.com\/en\/wp-json\/wp\/v2\/product_brand?post=1534"},{"taxonomy":"product_cat","embeddable":true,"href":"https:\/\/www.siestagarden.com\/en\/wp-json\/wp\/v2\/product_cat?post=1534"},{"taxonomy":"product_tag","embeddable":true,"href":"https:\/\/www.siestagarden.com\/en\/wp-json\/wp\/v2\/product_tag?post=1534"}],"curies":[{"name":"wp","href":"https:\/\/api.w.org\/{rel}","templated":true}]}}