{"id":1545,"date":"2025-03-12T11:48:26","date_gmt":"2025-03-12T10:48:26","guid":{"rendered":"https:\/\/www.siestagarden.com\/?post_type=product&#038;p=1545"},"modified":"2026-02-12T10:15:13","modified_gmt":"2026-02-12T09:15:13","slug":"lezak-lukka-2","status":"publish","type":"product","link":"https:\/\/www.siestagarden.com\/en\/product\/lezak-lukka-2\/","title":{"rendered":"Lucca wooden sun lounger with wheels"},"content":{"rendered":"<p><strong>Sun lounger LUKKA<\/strong> - comfort and mobility in a natural style<\/p>\n<p><strong>Garden lounger LUKKA<\/strong> is a combination of comfort, durability and functional design. Made from solid wood with <strong>FSC\u00ae certified<\/strong>, was impregnated to <strong>3 protection categories<\/strong> - the highest grade used in garden furniture. This makes it weatherproof and ideal for use on the terrace, in the garden or by the pool.<\/p>\n<p><strong>The lounger has an adjustable backrest<\/strong>which allows the position to be adjusted to individual preferences - from sitting to lying comfortably. Additional features include <strong>wheels<\/strong> placed on the back of the structure, allowing the sunbed to be easily moved to any location - wherever the sun shines best.<\/p>\n<p>For even greater comfort, a mattress made of fade-resistant outdoor fabric can be purchased from us, which perfectly matches the form of the lounger.<\/p>\n<p>\u2714\ufe0f FSC\u00ae solid wood - sustainability and sustainable production<\/p>\n<p>\u2714\ufe0f impregnation up to protection category 3 - the highest for garden furniture<\/p>\n<p>\u2714\ufe0f adjustable backrest - several comfortable positions<\/p>\n<p>\u2714\ufe0f castors for easy handling<\/p>\n<p>\u2714\ufe0f possibility to buy a mattress made of non-fading fabric<\/p>\n<p><strong>LUKKA<\/strong> is the ideal choice for those who appreciate comfort, natural materials and freedom of use in the garden space.<\/p>","protected":false},"excerpt":{"rendered":"<p>Le\u017cak s\u0142oneczny LUKKA \u2013 komfort i mobilno\u015b\u0107 w naturalnym stylu Le\u017cak ogrodowy LUKKA to po\u0142\u0105czenie wygody, trwa\u0142o\u015bci i funkcjonalnego designu. Wykonany z litego drewna z certyfikatem FSC\u00ae, zosta\u0142 zaimpregnowany do 3 kategorii ochrony \u2013 najwy\u017cszej stosowanej w meblach ogrodowych. Dzi\u0119ki temu jest odporny na dzia\u0142anie warunk\u00f3w atmosferycznych i idealnie sprawdzi si\u0119 na tarasie, w ogrodzie [&hellip;]<\/p>\n","protected":false},"featured_media":1872,"template":"","meta":{"_acf_changed":false},"product_brand":[],"product_cat":[69],"product_tag":[79],"class_list":{"0":"post-1545","1":"product","2":"type-product","3":"status-publish","4":"has-post-thumbnail","6":"product_cat-lezaki-i-lezanki","7":"product_tag-public","8":"product_shipping_class-podstawowa","10":"first","11":"instock","12":"taxable","13":"shipping-taxable","14":"purchasable","15":"product-type-simple","16":"add-to-wishlist-after_add_to_cart"},"acf":[],"yoast_head":"<!-- This site is optimized with the Yoast SEO plugin v26.6 - https:\/\/yoast.com\/wordpress\/plugins\/seo\/ -->\n<title>Le\u017cak s\u0142oneczny drewniany Lukka z k\u00f3\u0142kami - Siesta Garden<\/title>\n<meta name=\"robots\" content=\"index, follow, max-snippet:-1, max-image-preview:large, max-video-preview:-1\" \/>\n<link rel=\"canonical\" href=\"https:\/\/www.siestagarden.com\/en\/product\/lezak-lukka-2\/\" \/>\n<meta property=\"og:locale\" content=\"en_GB\" \/>\n<meta property=\"og:type\" content=\"article\" \/>\n<meta property=\"og:title\" content=\"Le\u017cak s\u0142oneczny drewniany Lukka z k\u00f3\u0142kami - Siesta Garden\" \/>\n<meta property=\"og:description\" content=\"Le\u017cak s\u0142oneczny LUKKA \u2013 komfort i mobilno\u015b\u0107 w naturalnym stylu Le\u017cak ogrodowy LUKKA to po\u0142\u0105czenie wygody, trwa\u0142o\u015bci i funkcjonalnego designu. Wykonany z litego drewna z certyfikatem FSC\u00ae, zosta\u0142 zaimpregnowany do 3 kategorii ochrony \u2013 najwy\u017cszej stosowanej w meblach ogrodowych. Dzi\u0119ki temu jest odporny na dzia\u0142anie warunk\u00f3w atmosferycznych i idealnie sprawdzi si\u0119 na tarasie, w ogrodzie [&hellip;]\" \/>\n<meta property=\"og:url\" content=\"https:\/\/www.siestagarden.com\/en\/product\/lezak-lukka-2\/\" \/>\n<meta property=\"og:site_name\" content=\"Siesta Garden\" \/>\n<meta property=\"article:modified_time\" content=\"2026-02-12T09:15:13+00:00\" \/>\n<meta property=\"og:image\" content=\"https:\/\/www.siestagarden.com\/wp-content\/uploads\/2025\/03\/IMG_2905-e1770887696581.jpg\" \/>\n\t<meta property=\"og:image:width\" content=\"1600\" \/>\n\t<meta property=\"og:image:height\" content=\"1067\" \/>\n\t<meta property=\"og:image:type\" content=\"image\/jpeg\" \/>\n<meta name=\"twitter:card\" content=\"summary_large_image\" \/>\n<meta name=\"twitter:label1\" content=\"Estimated reading time\" \/>\n\t<meta name=\"twitter:data1\" content=\"2 minutes\" \/>\n<script type=\"application\/ld+json\" class=\"yoast-schema-graph\">{\"@context\":\"https:\/\/schema.org\",\"@graph\":[{\"@type\":\"WebPage\",\"@id\":\"https:\/\/www.siestagarden.com\/produkt\/lezak-lukka-2\/\",\"url\":\"https:\/\/www.siestagarden.com\/produkt\/lezak-lukka-2\/\",\"name\":\"Le\u017cak s\u0142oneczny drewniany Lukka z k\u00f3\u0142kami - Siesta Garden\",\"isPartOf\":{\"@id\":\"https:\/\/www.siestagarden.com\/#website\"},\"primaryImageOfPage\":{\"@id\":\"https:\/\/www.siestagarden.com\/produkt\/lezak-lukka-2\/#primaryimage\"},\"image\":{\"@id\":\"https:\/\/www.siestagarden.com\/produkt\/lezak-lukka-2\/#primaryimage\"},\"thumbnailUrl\":\"https:\/\/www.siestagarden.com\/wp-content\/uploads\/2025\/03\/IMG_2905-e1770887696581.jpg\",\"datePublished\":\"2025-03-12T10:48:26+00:00\",\"dateModified\":\"2026-02-12T09:15:13+00:00\",\"breadcrumb\":{\"@id\":\"https:\/\/www.siestagarden.com\/produkt\/lezak-lukka-2\/#breadcrumb\"},\"inLanguage\":\"en-GB\",\"potentialAction\":[{\"@type\":\"ReadAction\",\"target\":[\"https:\/\/www.siestagarden.com\/produkt\/lezak-lukka-2\/\"]}]},{\"@type\":\"ImageObject\",\"inLanguage\":\"en-GB\",\"@id\":\"https:\/\/www.siestagarden.com\/produkt\/lezak-lukka-2\/#primaryimage\",\"url\":\"https:\/\/www.siestagarden.com\/wp-content\/uploads\/2025\/03\/IMG_2905-e1770887696581.jpg\",\"contentUrl\":\"https:\/\/www.siestagarden.com\/wp-content\/uploads\/2025\/03\/IMG_2905-e1770887696581.jpg\",\"width\":1600,\"height\":1067},{\"@type\":\"BreadcrumbList\",\"@id\":\"https:\/\/www.siestagarden.com\/produkt\/lezak-lukka-2\/#breadcrumb\",\"itemListElement\":[{\"@type\":\"ListItem\",\"position\":1,\"name\":\"Strona g\u0142\u00f3wna\",\"item\":\"https:\/\/www.siestagarden.com\/\"},{\"@type\":\"ListItem\",\"position\":2,\"name\":\"Sklep\",\"item\":\"https:\/\/www.siestagarden.com\/sklep\/\"},{\"@type\":\"ListItem\",\"position\":3,\"name\":\"Le\u017cak s\u0142oneczny drewniany Lukka z k\u00f3\u0142kami\"}]},{\"@type\":\"WebSite\",\"@id\":\"https:\/\/www.siestagarden.com\/#website\",\"url\":\"https:\/\/www.siestagarden.com\/\",\"name\":\"Siesta Garden\",\"description\":\"Meble do Twojego ogrodu. Polski producent drewnianych mebli najwy\u017cszej jako\u015bci.\",\"potentialAction\":[{\"@type\":\"SearchAction\",\"target\":{\"@type\":\"EntryPoint\",\"urlTemplate\":\"https:\/\/www.siestagarden.com\/?s={search_term_string}\"},\"query-input\":{\"@type\":\"PropertyValueSpecification\",\"valueRequired\":true,\"valueName\":\"search_term_string\"}}],\"inLanguage\":\"en-GB\"}]}<\/script>\n<!-- \/ Yoast SEO plugin. -->","yoast_head_json":{"title":"Le\u017cak s\u0142oneczny drewniany Lukka z k\u00f3\u0142kami - Siesta Garden","robots":{"index":"index","follow":"follow","max-snippet":"max-snippet:-1","max-image-preview":"max-image-preview:large","max-video-preview":"max-video-preview:-1"},"canonical":"https:\/\/www.siestagarden.com\/en\/product\/lezak-lukka-2\/","og_locale":"en_GB","og_type":"article","og_title":"Le\u017cak s\u0142oneczny drewniany Lukka z k\u00f3\u0142kami - Siesta Garden","og_description":"Le\u017cak s\u0142oneczny LUKKA \u2013 komfort i mobilno\u015b\u0107 w naturalnym stylu Le\u017cak ogrodowy LUKKA to po\u0142\u0105czenie wygody, trwa\u0142o\u015bci i funkcjonalnego designu. Wykonany z litego drewna z certyfikatem FSC\u00ae, zosta\u0142 zaimpregnowany do 3 kategorii ochrony \u2013 najwy\u017cszej stosowanej w meblach ogrodowych. Dzi\u0119ki temu jest odporny na dzia\u0142anie warunk\u00f3w atmosferycznych i idealnie sprawdzi si\u0119 na tarasie, w ogrodzie [&hellip;]","og_url":"https:\/\/www.siestagarden.com\/en\/product\/lezak-lukka-2\/","og_site_name":"Siesta Garden","article_modified_time":"2026-02-12T09:15:13+00:00","og_image":[{"width":1600,"height":1067,"url":"https:\/\/www.siestagarden.com\/wp-content\/uploads\/2025\/03\/IMG_2905-e1770887696581.jpg","type":"image\/jpeg"}],"twitter_card":"summary_large_image","twitter_misc":{"Estimated reading time":"2 minutes"},"schema":{"@context":"https:\/\/schema.org","@graph":[{"@type":"WebPage","@id":"https:\/\/www.siestagarden.com\/produkt\/lezak-lukka-2\/","url":"https:\/\/www.siestagarden.com\/produkt\/lezak-lukka-2\/","name":"Le\u017cak s\u0142oneczny drewniany Lukka z k\u00f3\u0142kami - Siesta Garden","isPartOf":{"@id":"https:\/\/www.siestagarden.com\/#website"},"primaryImageOfPage":{"@id":"https:\/\/www.siestagarden.com\/produkt\/lezak-lukka-2\/#primaryimage"},"image":{"@id":"https:\/\/www.siestagarden.com\/produkt\/lezak-lukka-2\/#primaryimage"},"thumbnailUrl":"https:\/\/www.siestagarden.com\/wp-content\/uploads\/2025\/03\/IMG_2905-e1770887696581.jpg","datePublished":"2025-03-12T10:48:26+00:00","dateModified":"2026-02-12T09:15:13+00:00","breadcrumb":{"@id":"https:\/\/www.siestagarden.com\/produkt\/lezak-lukka-2\/#breadcrumb"},"inLanguage":"en-GB","potentialAction":[{"@type":"ReadAction","target":["https:\/\/www.siestagarden.com\/produkt\/lezak-lukka-2\/"]}]},{"@type":"ImageObject","inLanguage":"en-GB","@id":"https:\/\/www.siestagarden.com\/produkt\/lezak-lukka-2\/#primaryimage","url":"https:\/\/www.siestagarden.com\/wp-content\/uploads\/2025\/03\/IMG_2905-e1770887696581.jpg","contentUrl":"https:\/\/www.siestagarden.com\/wp-content\/uploads\/2025\/03\/IMG_2905-e1770887696581.jpg","width":1600,"height":1067},{"@type":"BreadcrumbList","@id":"https:\/\/www.siestagarden.com\/produkt\/lezak-lukka-2\/#breadcrumb","itemListElement":[{"@type":"ListItem","position":1,"name":"Strona g\u0142\u00f3wna","item":"https:\/\/www.siestagarden.com\/"},{"@type":"ListItem","position":2,"name":"Sklep","item":"https:\/\/www.siestagarden.com\/sklep\/"},{"@type":"ListItem","position":3,"name":"Le\u017cak s\u0142oneczny drewniany Lukka z k\u00f3\u0142kami"}]},{"@type":"WebSite","@id":"https:\/\/www.siestagarden.com\/#website","url":"https:\/\/www.siestagarden.com\/","name":"Siesta Garden","description":"Furniture for your garden. Polish manufacturer of wooden furniture of the highest quality.","potentialAction":[{"@type":"SearchAction","target":{"@type":"EntryPoint","urlTemplate":"https:\/\/www.siestagarden.com\/?s={search_term_string}"},"query-input":{"@type":"PropertyValueSpecification","valueRequired":true,"valueName":"search_term_string"}}],"inLanguage":"en-GB"}]}},"_links":{"self":[{"href":"https:\/\/www.siestagarden.com\/en\/wp-json\/wp\/v2\/product\/1545","targetHints":{"allow":["GET"]}}],"collection":[{"href":"https:\/\/www.siestagarden.com\/en\/wp-json\/wp\/v2\/product"}],"about":[{"href":"https:\/\/www.siestagarden.com\/en\/wp-json\/wp\/v2\/types\/product"}],"wp:featuredmedia":[{"embeddable":true,"href":"https:\/\/www.siestagarden.com\/en\/wp-json\/wp\/v2\/media\/1872"}],"wp:attachment":[{"href":"https:\/\/www.siestagarden.com\/en\/wp-json\/wp\/v2\/media?parent=1545"}],"wp:term":[{"taxonomy":"product_brand","embeddable":true,"href":"https:\/\/www.siestagarden.com\/en\/wp-json\/wp\/v2\/product_brand?post=1545"},{"taxonomy":"product_cat","embeddable":true,"href":"https:\/\/www.siestagarden.com\/en\/wp-json\/wp\/v2\/product_cat?post=1545"},{"taxonomy":"product_tag","embeddable":true,"href":"https:\/\/www.siestagarden.com\/en\/wp-json\/wp\/v2\/product_tag?post=1545"}],"curies":[{"name":"wp","href":"https:\/\/api.w.org\/{rel}","templated":true}]}}