{"id":1964,"date":"2025-03-27T13:53:19","date_gmt":"2025-03-27T12:53:19","guid":{"rendered":"https:\/\/www.siestagarden.com\/?post_type=product&#038;p=1964"},"modified":"2026-02-09T10:23:18","modified_gmt":"2026-02-09T09:23:18","slug":"krzeslo-plazowe-patmos-turkusowe","status":"publish","type":"product","link":"https:\/\/www.siestagarden.com\/en\/product\/krzeslo-plazowe-patmos-turkusowe\/","title":{"rendered":"Patmos beach chair turquoise"},"content":{"rendered":"<p><strong>PATMOS beach chair<\/strong> - light form, azure atmosphere<\/p>\n<p><strong>Beach Patmos<\/strong> is a chair created for sunny spaces close to the water - whether on a seaside promenade, by a marina or in a hotel garden overlooking the waves. Inspired by the surfboard, it retains a simple, slim line that brings a casual and light feel to the arrangement.<\/p>\n<p>The structure was made of solid Scandinavian wood with a <strong>FSC\u00ae certified<\/strong>and finished with an azure smoothing impregnation, which not only protects against the effects of the weather, but also gives the whole thing a uniquely summer, nautical feel.<\/p>\n<p>It is the perfect choice for those looking for furniture that is subtle in form but distinctive in expression - ideal for harbourside, beach bars, pools and lounge gardens.<\/p>\n<p>\u2714\ufe0f slim form inspired by surfing<\/p>\n<p>\u2714\ufe0f azure finish<\/p>\n<p>\u2714\ufe0f made of FSC\u00ae solid wood<\/p>\n<p>\u2714\ufe0f surface smoothed with protective impregnation<\/p>\n<p>\u2714\ufe0f ideal for beaches, marinas, hotels and chillout areas<\/p>\n<p><strong>Beach Patmos is a minimalist<\/strong>A charming yet holiday-inspired accent that catches the eye and brings a coastal flair to any space.<\/p>","protected":false},"excerpt":{"rendered":"<p>PATMOS krzes\u0142o pla\u017cowe \u2013 lekka forma, lazurowy klimat Patmos pla\u017cowe to krzes\u0142o stworzone z my\u015bl\u0105 o s\u0142onecznych przestrzeniach blisko wody \u2013 czy to na nadmorskim deptaku, przy marinie, czy w ogrodzie hotelowym z widokiem na fale. Inspirowane desk\u0105 surfingow\u0105, zachowuje prost\u0105, smuk\u0142\u0105 lini\u0119, kt\u00f3ra wprowadza do aran\u017cacji luz i lekko\u015b\u0107. Konstrukcja zosta\u0142a wykonana z litego [&hellip;]<\/p>\n","protected":false},"featured_media":2395,"template":"","meta":{"_acf_changed":false},"product_brand":[],"product_cat":[16],"product_tag":[],"class_list":{"0":"post-1964","1":"product","2":"type-product","3":"status-publish","4":"has-post-thumbnail","6":"product_cat-bez-kategorii","7":"product_shipping_class-podstawowa","9":"first","10":"instock","11":"taxable","12":"shipping-taxable","13":"purchasable","14":"product-type-simple","15":"add-to-wishlist-after_add_to_cart"},"acf":[],"yoast_head":"<!-- This site is optimized with the Yoast SEO plugin v26.6 - https:\/\/yoast.com\/wordpress\/plugins\/seo\/ -->\n<title>Krzes\u0142o pla\u017cowe Patmos turkusowe - Siesta Garden<\/title>\n<meta name=\"robots\" content=\"index, follow, max-snippet:-1, max-image-preview:large, max-video-preview:-1\" \/>\n<link rel=\"canonical\" href=\"https:\/\/www.siestagarden.com\/en\/product\/krzeslo-plazowe-patmos-turkusowe\/\" \/>\n<meta property=\"og:locale\" content=\"en_GB\" \/>\n<meta property=\"og:type\" content=\"article\" \/>\n<meta property=\"og:title\" content=\"Krzes\u0142o pla\u017cowe Patmos turkusowe - Siesta Garden\" \/>\n<meta property=\"og:description\" content=\"PATMOS krzes\u0142o pla\u017cowe \u2013 lekka forma, lazurowy klimat Patmos pla\u017cowe to krzes\u0142o stworzone z my\u015bl\u0105 o s\u0142onecznych przestrzeniach blisko wody \u2013 czy to na nadmorskim deptaku, przy marinie, czy w ogrodzie hotelowym z widokiem na fale. Inspirowane desk\u0105 surfingow\u0105, zachowuje prost\u0105, smuk\u0142\u0105 lini\u0119, kt\u00f3ra wprowadza do aran\u017cacji luz i lekko\u015b\u0107. Konstrukcja zosta\u0142a wykonana z litego [&hellip;]\" \/>\n<meta property=\"og:url\" content=\"https:\/\/www.siestagarden.com\/en\/product\/krzeslo-plazowe-patmos-turkusowe\/\" \/>\n<meta property=\"og:site_name\" content=\"Siesta Garden\" \/>\n<meta property=\"article:modified_time\" content=\"2026-02-09T09:23:18+00:00\" \/>\n<meta property=\"og:image\" content=\"https:\/\/www.siestagarden.com\/wp-content\/uploads\/2025\/03\/IMG_9762-scaled-e1770628972575.jpg\" \/>\n\t<meta property=\"og:image:width\" content=\"1707\" \/>\n\t<meta property=\"og:image:height\" content=\"2560\" \/>\n\t<meta property=\"og:image:type\" content=\"image\/jpeg\" \/>\n<meta name=\"twitter:card\" content=\"summary_large_image\" \/>\n<meta name=\"twitter:label1\" content=\"Estimated reading time\" \/>\n\t<meta name=\"twitter:data1\" content=\"2 minutes\" \/>\n<script type=\"application\/ld+json\" class=\"yoast-schema-graph\">{\"@context\":\"https:\/\/schema.org\",\"@graph\":[{\"@type\":\"WebPage\",\"@id\":\"https:\/\/www.siestagarden.com\/produkt\/krzeslo-plazowe-patmos-turkusowe\/\",\"url\":\"https:\/\/www.siestagarden.com\/produkt\/krzeslo-plazowe-patmos-turkusowe\/\",\"name\":\"Krzes\u0142o pla\u017cowe Patmos turkusowe - Siesta Garden\",\"isPartOf\":{\"@id\":\"https:\/\/www.siestagarden.com\/#website\"},\"primaryImageOfPage\":{\"@id\":\"https:\/\/www.siestagarden.com\/produkt\/krzeslo-plazowe-patmos-turkusowe\/#primaryimage\"},\"image\":{\"@id\":\"https:\/\/www.siestagarden.com\/produkt\/krzeslo-plazowe-patmos-turkusowe\/#primaryimage\"},\"thumbnailUrl\":\"https:\/\/www.siestagarden.com\/wp-content\/uploads\/2025\/03\/IMG_9762-scaled-e1770628972575.jpg\",\"datePublished\":\"2025-03-27T12:53:19+00:00\",\"dateModified\":\"2026-02-09T09:23:18+00:00\",\"breadcrumb\":{\"@id\":\"https:\/\/www.siestagarden.com\/produkt\/krzeslo-plazowe-patmos-turkusowe\/#breadcrumb\"},\"inLanguage\":\"en-GB\",\"potentialAction\":[{\"@type\":\"ReadAction\",\"target\":[\"https:\/\/www.siestagarden.com\/produkt\/krzeslo-plazowe-patmos-turkusowe\/\"]}]},{\"@type\":\"ImageObject\",\"inLanguage\":\"en-GB\",\"@id\":\"https:\/\/www.siestagarden.com\/produkt\/krzeslo-plazowe-patmos-turkusowe\/#primaryimage\",\"url\":\"https:\/\/www.siestagarden.com\/wp-content\/uploads\/2025\/03\/IMG_9762-scaled-e1770628972575.jpg\",\"contentUrl\":\"https:\/\/www.siestagarden.com\/wp-content\/uploads\/2025\/03\/IMG_9762-scaled-e1770628972575.jpg\",\"width\":1707,\"height\":2560},{\"@type\":\"BreadcrumbList\",\"@id\":\"https:\/\/www.siestagarden.com\/produkt\/krzeslo-plazowe-patmos-turkusowe\/#breadcrumb\",\"itemListElement\":[{\"@type\":\"ListItem\",\"position\":1,\"name\":\"Strona g\u0142\u00f3wna\",\"item\":\"https:\/\/www.siestagarden.com\/\"},{\"@type\":\"ListItem\",\"position\":2,\"name\":\"Sklep\",\"item\":\"https:\/\/www.siestagarden.com\/sklep\/\"},{\"@type\":\"ListItem\",\"position\":3,\"name\":\"Krzes\u0142o pla\u017cowe Patmos turkusowe\"}]},{\"@type\":\"WebSite\",\"@id\":\"https:\/\/www.siestagarden.com\/#website\",\"url\":\"https:\/\/www.siestagarden.com\/\",\"name\":\"Siesta Garden\",\"description\":\"Meble do Twojego ogrodu. Polski producent drewnianych mebli najwy\u017cszej jako\u015bci.\",\"potentialAction\":[{\"@type\":\"SearchAction\",\"target\":{\"@type\":\"EntryPoint\",\"urlTemplate\":\"https:\/\/www.siestagarden.com\/?s={search_term_string}\"},\"query-input\":{\"@type\":\"PropertyValueSpecification\",\"valueRequired\":true,\"valueName\":\"search_term_string\"}}],\"inLanguage\":\"en-GB\"}]}<\/script>\n<!-- \/ Yoast SEO plugin. -->","yoast_head_json":{"title":"Krzes\u0142o pla\u017cowe Patmos turkusowe - Siesta Garden","robots":{"index":"index","follow":"follow","max-snippet":"max-snippet:-1","max-image-preview":"max-image-preview:large","max-video-preview":"max-video-preview:-1"},"canonical":"https:\/\/www.siestagarden.com\/en\/product\/krzeslo-plazowe-patmos-turkusowe\/","og_locale":"en_GB","og_type":"article","og_title":"Krzes\u0142o pla\u017cowe Patmos turkusowe - Siesta Garden","og_description":"PATMOS krzes\u0142o pla\u017cowe \u2013 lekka forma, lazurowy klimat Patmos pla\u017cowe to krzes\u0142o stworzone z my\u015bl\u0105 o s\u0142onecznych przestrzeniach blisko wody \u2013 czy to na nadmorskim deptaku, przy marinie, czy w ogrodzie hotelowym z widokiem na fale. Inspirowane desk\u0105 surfingow\u0105, zachowuje prost\u0105, smuk\u0142\u0105 lini\u0119, kt\u00f3ra wprowadza do aran\u017cacji luz i lekko\u015b\u0107. Konstrukcja zosta\u0142a wykonana z litego [&hellip;]","og_url":"https:\/\/www.siestagarden.com\/en\/product\/krzeslo-plazowe-patmos-turkusowe\/","og_site_name":"Siesta Garden","article_modified_time":"2026-02-09T09:23:18+00:00","og_image":[{"width":1707,"height":2560,"url":"https:\/\/www.siestagarden.com\/wp-content\/uploads\/2025\/03\/IMG_9762-scaled-e1770628972575.jpg","type":"image\/jpeg"}],"twitter_card":"summary_large_image","twitter_misc":{"Estimated reading time":"2 minutes"},"schema":{"@context":"https:\/\/schema.org","@graph":[{"@type":"WebPage","@id":"https:\/\/www.siestagarden.com\/produkt\/krzeslo-plazowe-patmos-turkusowe\/","url":"https:\/\/www.siestagarden.com\/produkt\/krzeslo-plazowe-patmos-turkusowe\/","name":"Krzes\u0142o pla\u017cowe Patmos turkusowe - Siesta Garden","isPartOf":{"@id":"https:\/\/www.siestagarden.com\/#website"},"primaryImageOfPage":{"@id":"https:\/\/www.siestagarden.com\/produkt\/krzeslo-plazowe-patmos-turkusowe\/#primaryimage"},"image":{"@id":"https:\/\/www.siestagarden.com\/produkt\/krzeslo-plazowe-patmos-turkusowe\/#primaryimage"},"thumbnailUrl":"https:\/\/www.siestagarden.com\/wp-content\/uploads\/2025\/03\/IMG_9762-scaled-e1770628972575.jpg","datePublished":"2025-03-27T12:53:19+00:00","dateModified":"2026-02-09T09:23:18+00:00","breadcrumb":{"@id":"https:\/\/www.siestagarden.com\/produkt\/krzeslo-plazowe-patmos-turkusowe\/#breadcrumb"},"inLanguage":"en-GB","potentialAction":[{"@type":"ReadAction","target":["https:\/\/www.siestagarden.com\/produkt\/krzeslo-plazowe-patmos-turkusowe\/"]}]},{"@type":"ImageObject","inLanguage":"en-GB","@id":"https:\/\/www.siestagarden.com\/produkt\/krzeslo-plazowe-patmos-turkusowe\/#primaryimage","url":"https:\/\/www.siestagarden.com\/wp-content\/uploads\/2025\/03\/IMG_9762-scaled-e1770628972575.jpg","contentUrl":"https:\/\/www.siestagarden.com\/wp-content\/uploads\/2025\/03\/IMG_9762-scaled-e1770628972575.jpg","width":1707,"height":2560},{"@type":"BreadcrumbList","@id":"https:\/\/www.siestagarden.com\/produkt\/krzeslo-plazowe-patmos-turkusowe\/#breadcrumb","itemListElement":[{"@type":"ListItem","position":1,"name":"Strona g\u0142\u00f3wna","item":"https:\/\/www.siestagarden.com\/"},{"@type":"ListItem","position":2,"name":"Sklep","item":"https:\/\/www.siestagarden.com\/sklep\/"},{"@type":"ListItem","position":3,"name":"Krzes\u0142o pla\u017cowe Patmos turkusowe"}]},{"@type":"WebSite","@id":"https:\/\/www.siestagarden.com\/#website","url":"https:\/\/www.siestagarden.com\/","name":"Siesta Garden","description":"Furniture for your garden. Polish manufacturer of wooden furniture of the highest quality.","potentialAction":[{"@type":"SearchAction","target":{"@type":"EntryPoint","urlTemplate":"https:\/\/www.siestagarden.com\/?s={search_term_string}"},"query-input":{"@type":"PropertyValueSpecification","valueRequired":true,"valueName":"search_term_string"}}],"inLanguage":"en-GB"}]}},"_links":{"self":[{"href":"https:\/\/www.siestagarden.com\/en\/wp-json\/wp\/v2\/product\/1964","targetHints":{"allow":["GET"]}}],"collection":[{"href":"https:\/\/www.siestagarden.com\/en\/wp-json\/wp\/v2\/product"}],"about":[{"href":"https:\/\/www.siestagarden.com\/en\/wp-json\/wp\/v2\/types\/product"}],"wp:featuredmedia":[{"embeddable":true,"href":"https:\/\/www.siestagarden.com\/en\/wp-json\/wp\/v2\/media\/2395"}],"wp:attachment":[{"href":"https:\/\/www.siestagarden.com\/en\/wp-json\/wp\/v2\/media?parent=1964"}],"wp:term":[{"taxonomy":"product_brand","embeddable":true,"href":"https:\/\/www.siestagarden.com\/en\/wp-json\/wp\/v2\/product_brand?post=1964"},{"taxonomy":"product_cat","embeddable":true,"href":"https:\/\/www.siestagarden.com\/en\/wp-json\/wp\/v2\/product_cat?post=1964"},{"taxonomy":"product_tag","embeddable":true,"href":"https:\/\/www.siestagarden.com\/en\/wp-json\/wp\/v2\/product_tag?post=1964"}],"curies":[{"name":"wp","href":"https:\/\/api.w.org\/{rel}","templated":true}]}}