{"id":2527,"date":"2025-04-15T11:35:45","date_gmt":"2025-04-15T09:35:45","guid":{"rendered":"https:\/\/www.siestagarden.com\/?post_type=product&#038;p=2527"},"modified":"2026-03-03T07:57:42","modified_gmt":"2026-03-03T06:57:42","slug":"okragly-stol-piknikowy-o-11-m-picnic-6os-z-drewna","status":"publish","type":"product","link":"https:\/\/www.siestagarden.com\/en\/product\/okragly-stol-piknikowy-o-11-m-picnic-6os-z-drewna\/","title":{"rendered":"\u00d8 1.1 m Picnic 6-person round table made of wood"},"content":{"rendered":"<p><strong>Round picnic table \u00d8 1.1 m - Comfort and robustness in a compact version<\/strong><\/p>\n<p>This 6-seater round picnic table with <strong>Picnic collection<\/strong> is the perfect alternative for places where space ergonomics are important without compromising on durability and comfort. Thanks to<strong> compact dimensions<\/strong> - total <strong>diameter 206 cm, height 81.5 cm and top with a diameter of 110 cm<\/strong> - ideally suited for <strong>pub gardens, caf\u00e9s, catering outlets, but also in public spaces and private gardens.<\/strong><\/p>\n<p>Designed for heavy use, the table is made of solid pine wood with a <strong>FSC\u00ae certified<\/strong>and each element of the structure was made of planks of <strong>as thick as 41 mm<\/strong> - which ensures maximum stability and resistance to daily wear and tear.<\/p>\n<p>The whole was secured by<strong> impregnation to category 3<\/strong> protection, guaranteeing year-round weatherproofing. <strong>without the need for additional post-season protection<\/strong>.<\/p>\n<p>The table is equipped with metal couplers and screws that allow for systematic tightening of the components, which is particularly important for natural wood furniture used outdoors.<\/p>\n<p>It is supplied flat-packed, with a complete set of fittings and clear assembly instructions - ready to assemble in no time.<\/p>\n<p>\u2714\ufe0f <strong>6 seats<\/strong> - ideal for small groups<\/p>\n<p>\u2714\ufe0f <strong>Overall dimension:<\/strong> \u00d8 2060 mm | Height: 815 mm | Top \u00d8 1100 mm<\/p>\n<p>\u2714\ufe0f <strong>41 mm thick boards<\/strong> - exceptional durability and strength<\/p>\n<p>\u2714\ufe0f <strong>FSC\u00ae-certified pine wood<\/strong> - responsible origin<\/p>\n<p>\u2714\ufe0f<strong> Category 3 waterproofing<\/strong> - resistant to rain, sun and changes in temperature<\/p>\n<p>\u2714\ufe0f <strong>Steel bolts and couplers<\/strong> - can be maintained and tightened<\/p>\n<p>\u2714\ufe0f<strong> Delivery in a parcel<\/strong> - easy self-assembly<\/p>\n<p>\u2714\ufe0f <strong>Ideal for: pubs, cafes, summer gardens, schools and leisure spaces<\/strong><\/p>\n<p>The \u00d8 2 m round picnic table is a solution created for intensive use, which at the same time offers complete comfort and natural style. Compact, robust and ready for many seasons of hospitality.<\/p>","protected":false},"excerpt":{"rendered":"<p>Okr\u0105g\u0142y st\u00f3\u0142 piknikowy \u00d8 1,1 m \u2013 Komfort i solidno\u015b\u0107 w kompaktowej wersji Ten 6-osobowy okr\u0105g\u0142y st\u00f3\u0142 piknikowy z kolekcji Picnic to doskona\u0142a alternatywa dla miejsc, w kt\u00f3rych liczy si\u0119 ergonomia przestrzeni bez kompromisu na trwa\u0142o\u015b\u0107 i wygod\u0119. Dzi\u0119ki kompaktowym wymiarom \u2013 ca\u0142kowita \u015brednica 206 cm, wysoko\u015b\u0107 81,5 cm i blat o \u015brednicy 110 cm [&hellip;]<\/p>\n","protected":false},"featured_media":2532,"template":"","meta":{"_acf_changed":false},"product_brand":[],"product_cat":[66],"product_tag":[88],"class_list":{"0":"post-2527","1":"product","2":"type-product","3":"status-publish","4":"has-post-thumbnail","6":"product_cat-stoly-piknikowe","7":"product_tag-kolekcja-picnic","8":"product_shipping_class-podstawowa","10":"first","11":"onbackorder","12":"taxable","13":"shipping-taxable","14":"purchasable","15":"product-type-simple","16":"add-to-wishlist-after_add_to_cart"},"acf":[],"yoast_head":"<!-- This site is optimized with the Yoast SEO plugin v26.6 - https:\/\/yoast.com\/wordpress\/plugins\/seo\/ -->\n<title>Okr\u0105g\u0142y st\u00f3\u0142 piknikowy \u00d8 1,1 m Picnic 6os. z drewna - Siesta Garden<\/title>\n<meta name=\"robots\" content=\"index, follow, max-snippet:-1, max-image-preview:large, max-video-preview:-1\" \/>\n<link rel=\"canonical\" href=\"https:\/\/www.siestagarden.com\/en\/product\/okragly-stol-piknikowy-o-11-m-picnic-6os-z-drewna\/\" \/>\n<meta property=\"og:locale\" content=\"en_GB\" \/>\n<meta property=\"og:type\" content=\"article\" \/>\n<meta property=\"og:title\" content=\"Okr\u0105g\u0142y st\u00f3\u0142 piknikowy \u00d8 1,1 m Picnic 6os. z drewna - Siesta Garden\" \/>\n<meta property=\"og:description\" content=\"Okr\u0105g\u0142y st\u00f3\u0142 piknikowy \u00d8 1,1 m \u2013 Komfort i solidno\u015b\u0107 w kompaktowej wersji Ten 6-osobowy okr\u0105g\u0142y st\u00f3\u0142 piknikowy z kolekcji Picnic to doskona\u0142a alternatywa dla miejsc, w kt\u00f3rych liczy si\u0119 ergonomia przestrzeni bez kompromisu na trwa\u0142o\u015b\u0107 i wygod\u0119. Dzi\u0119ki kompaktowym wymiarom \u2013 ca\u0142kowita \u015brednica 206 cm, wysoko\u015b\u0107 81,5 cm i blat o \u015brednicy 110 cm [&hellip;]\" \/>\n<meta property=\"og:url\" content=\"https:\/\/www.siestagarden.com\/en\/product\/okragly-stol-piknikowy-o-11-m-picnic-6os-z-drewna\/\" \/>\n<meta property=\"og:site_name\" content=\"Siesta Garden\" \/>\n<meta property=\"article:modified_time\" content=\"2026-03-03T06:57:42+00:00\" \/>\n<meta property=\"og:image\" content=\"https:\/\/www.siestagarden.com\/wp-content\/uploads\/2025\/04\/IMG_3467.jpg\" \/>\n\t<meta property=\"og:image:width\" content=\"567\" \/>\n\t<meta property=\"og:image:height\" content=\"850\" \/>\n\t<meta property=\"og:image:type\" content=\"image\/jpeg\" \/>\n<meta name=\"twitter:card\" content=\"summary_large_image\" \/>\n<meta name=\"twitter:label1\" content=\"Estimated reading time\" \/>\n\t<meta name=\"twitter:data1\" content=\"2 minutes\" \/>\n<script type=\"application\/ld+json\" class=\"yoast-schema-graph\">{\"@context\":\"https:\/\/schema.org\",\"@graph\":[{\"@type\":\"WebPage\",\"@id\":\"https:\/\/www.siestagarden.com\/produkt\/okragly-stol-piknikowy-o-11-m-picnic-6os-z-drewna\/\",\"url\":\"https:\/\/www.siestagarden.com\/produkt\/okragly-stol-piknikowy-o-11-m-picnic-6os-z-drewna\/\",\"name\":\"Okr\u0105g\u0142y st\u00f3\u0142 piknikowy \u00d8 1,1 m Picnic 6os. z drewna - Siesta Garden\",\"isPartOf\":{\"@id\":\"https:\/\/www.siestagarden.com\/#website\"},\"primaryImageOfPage\":{\"@id\":\"https:\/\/www.siestagarden.com\/produkt\/okragly-stol-piknikowy-o-11-m-picnic-6os-z-drewna\/#primaryimage\"},\"image\":{\"@id\":\"https:\/\/www.siestagarden.com\/produkt\/okragly-stol-piknikowy-o-11-m-picnic-6os-z-drewna\/#primaryimage\"},\"thumbnailUrl\":\"https:\/\/www.siestagarden.com\/wp-content\/uploads\/2025\/04\/IMG_3467.jpg\",\"datePublished\":\"2025-04-15T09:35:45+00:00\",\"dateModified\":\"2026-03-03T06:57:42+00:00\",\"breadcrumb\":{\"@id\":\"https:\/\/www.siestagarden.com\/produkt\/okragly-stol-piknikowy-o-11-m-picnic-6os-z-drewna\/#breadcrumb\"},\"inLanguage\":\"en-GB\",\"potentialAction\":[{\"@type\":\"ReadAction\",\"target\":[\"https:\/\/www.siestagarden.com\/produkt\/okragly-stol-piknikowy-o-11-m-picnic-6os-z-drewna\/\"]}]},{\"@type\":\"ImageObject\",\"inLanguage\":\"en-GB\",\"@id\":\"https:\/\/www.siestagarden.com\/produkt\/okragly-stol-piknikowy-o-11-m-picnic-6os-z-drewna\/#primaryimage\",\"url\":\"https:\/\/www.siestagarden.com\/wp-content\/uploads\/2025\/04\/IMG_3467.jpg\",\"contentUrl\":\"https:\/\/www.siestagarden.com\/wp-content\/uploads\/2025\/04\/IMG_3467.jpg\",\"width\":567,\"height\":850},{\"@type\":\"BreadcrumbList\",\"@id\":\"https:\/\/www.siestagarden.com\/produkt\/okragly-stol-piknikowy-o-11-m-picnic-6os-z-drewna\/#breadcrumb\",\"itemListElement\":[{\"@type\":\"ListItem\",\"position\":1,\"name\":\"Strona g\u0142\u00f3wna\",\"item\":\"https:\/\/www.siestagarden.com\/\"},{\"@type\":\"ListItem\",\"position\":2,\"name\":\"Sklep\",\"item\":\"https:\/\/www.siestagarden.com\/sklep\/\"},{\"@type\":\"ListItem\",\"position\":3,\"name\":\"Okr\u0105g\u0142y st\u00f3\u0142 piknikowy \u00d8 1,1 m Picnic 6os. z drewna\"}]},{\"@type\":\"WebSite\",\"@id\":\"https:\/\/www.siestagarden.com\/#website\",\"url\":\"https:\/\/www.siestagarden.com\/\",\"name\":\"Siesta Garden\",\"description\":\"Meble do Twojego ogrodu. Polski producent drewnianych mebli najwy\u017cszej jako\u015bci.\",\"potentialAction\":[{\"@type\":\"SearchAction\",\"target\":{\"@type\":\"EntryPoint\",\"urlTemplate\":\"https:\/\/www.siestagarden.com\/?s={search_term_string}\"},\"query-input\":{\"@type\":\"PropertyValueSpecification\",\"valueRequired\":true,\"valueName\":\"search_term_string\"}}],\"inLanguage\":\"en-GB\"}]}<\/script>\n<!-- \/ Yoast SEO plugin. -->","yoast_head_json":{"title":"Okr\u0105g\u0142y st\u00f3\u0142 piknikowy \u00d8 1,1 m Picnic 6os. z drewna - Siesta Garden","robots":{"index":"index","follow":"follow","max-snippet":"max-snippet:-1","max-image-preview":"max-image-preview:large","max-video-preview":"max-video-preview:-1"},"canonical":"https:\/\/www.siestagarden.com\/en\/product\/okragly-stol-piknikowy-o-11-m-picnic-6os-z-drewna\/","og_locale":"en_GB","og_type":"article","og_title":"Okr\u0105g\u0142y st\u00f3\u0142 piknikowy \u00d8 1,1 m Picnic 6os. z drewna - Siesta Garden","og_description":"Okr\u0105g\u0142y st\u00f3\u0142 piknikowy \u00d8 1,1 m \u2013 Komfort i solidno\u015b\u0107 w kompaktowej wersji Ten 6-osobowy okr\u0105g\u0142y st\u00f3\u0142 piknikowy z kolekcji Picnic to doskona\u0142a alternatywa dla miejsc, w kt\u00f3rych liczy si\u0119 ergonomia przestrzeni bez kompromisu na trwa\u0142o\u015b\u0107 i wygod\u0119. Dzi\u0119ki kompaktowym wymiarom \u2013 ca\u0142kowita \u015brednica 206 cm, wysoko\u015b\u0107 81,5 cm i blat o \u015brednicy 110 cm [&hellip;]","og_url":"https:\/\/www.siestagarden.com\/en\/product\/okragly-stol-piknikowy-o-11-m-picnic-6os-z-drewna\/","og_site_name":"Siesta Garden","article_modified_time":"2026-03-03T06:57:42+00:00","og_image":[{"width":567,"height":850,"url":"https:\/\/www.siestagarden.com\/wp-content\/uploads\/2025\/04\/IMG_3467.jpg","type":"image\/jpeg"}],"twitter_card":"summary_large_image","twitter_misc":{"Estimated reading time":"2 minutes"},"schema":{"@context":"https:\/\/schema.org","@graph":[{"@type":"WebPage","@id":"https:\/\/www.siestagarden.com\/produkt\/okragly-stol-piknikowy-o-11-m-picnic-6os-z-drewna\/","url":"https:\/\/www.siestagarden.com\/produkt\/okragly-stol-piknikowy-o-11-m-picnic-6os-z-drewna\/","name":"Okr\u0105g\u0142y st\u00f3\u0142 piknikowy \u00d8 1,1 m Picnic 6os. z drewna - Siesta Garden","isPartOf":{"@id":"https:\/\/www.siestagarden.com\/#website"},"primaryImageOfPage":{"@id":"https:\/\/www.siestagarden.com\/produkt\/okragly-stol-piknikowy-o-11-m-picnic-6os-z-drewna\/#primaryimage"},"image":{"@id":"https:\/\/www.siestagarden.com\/produkt\/okragly-stol-piknikowy-o-11-m-picnic-6os-z-drewna\/#primaryimage"},"thumbnailUrl":"https:\/\/www.siestagarden.com\/wp-content\/uploads\/2025\/04\/IMG_3467.jpg","datePublished":"2025-04-15T09:35:45+00:00","dateModified":"2026-03-03T06:57:42+00:00","breadcrumb":{"@id":"https:\/\/www.siestagarden.com\/produkt\/okragly-stol-piknikowy-o-11-m-picnic-6os-z-drewna\/#breadcrumb"},"inLanguage":"en-GB","potentialAction":[{"@type":"ReadAction","target":["https:\/\/www.siestagarden.com\/produkt\/okragly-stol-piknikowy-o-11-m-picnic-6os-z-drewna\/"]}]},{"@type":"ImageObject","inLanguage":"en-GB","@id":"https:\/\/www.siestagarden.com\/produkt\/okragly-stol-piknikowy-o-11-m-picnic-6os-z-drewna\/#primaryimage","url":"https:\/\/www.siestagarden.com\/wp-content\/uploads\/2025\/04\/IMG_3467.jpg","contentUrl":"https:\/\/www.siestagarden.com\/wp-content\/uploads\/2025\/04\/IMG_3467.jpg","width":567,"height":850},{"@type":"BreadcrumbList","@id":"https:\/\/www.siestagarden.com\/produkt\/okragly-stol-piknikowy-o-11-m-picnic-6os-z-drewna\/#breadcrumb","itemListElement":[{"@type":"ListItem","position":1,"name":"Strona g\u0142\u00f3wna","item":"https:\/\/www.siestagarden.com\/"},{"@type":"ListItem","position":2,"name":"Sklep","item":"https:\/\/www.siestagarden.com\/sklep\/"},{"@type":"ListItem","position":3,"name":"Okr\u0105g\u0142y st\u00f3\u0142 piknikowy \u00d8 1,1 m Picnic 6os. z drewna"}]},{"@type":"WebSite","@id":"https:\/\/www.siestagarden.com\/#website","url":"https:\/\/www.siestagarden.com\/","name":"Siesta Garden","description":"Furniture for your garden. Polish manufacturer of wooden furniture of the highest quality.","potentialAction":[{"@type":"SearchAction","target":{"@type":"EntryPoint","urlTemplate":"https:\/\/www.siestagarden.com\/?s={search_term_string}"},"query-input":{"@type":"PropertyValueSpecification","valueRequired":true,"valueName":"search_term_string"}}],"inLanguage":"en-GB"}]}},"_links":{"self":[{"href":"https:\/\/www.siestagarden.com\/en\/wp-json\/wp\/v2\/product\/2527","targetHints":{"allow":["GET"]}}],"collection":[{"href":"https:\/\/www.siestagarden.com\/en\/wp-json\/wp\/v2\/product"}],"about":[{"href":"https:\/\/www.siestagarden.com\/en\/wp-json\/wp\/v2\/types\/product"}],"wp:featuredmedia":[{"embeddable":true,"href":"https:\/\/www.siestagarden.com\/en\/wp-json\/wp\/v2\/media\/2532"}],"wp:attachment":[{"href":"https:\/\/www.siestagarden.com\/en\/wp-json\/wp\/v2\/media?parent=2527"}],"wp:term":[{"taxonomy":"product_brand","embeddable":true,"href":"https:\/\/www.siestagarden.com\/en\/wp-json\/wp\/v2\/product_brand?post=2527"},{"taxonomy":"product_cat","embeddable":true,"href":"https:\/\/www.siestagarden.com\/en\/wp-json\/wp\/v2\/product_cat?post=2527"},{"taxonomy":"product_tag","embeddable":true,"href":"https:\/\/www.siestagarden.com\/en\/wp-json\/wp\/v2\/product_tag?post=2527"}],"curies":[{"name":"wp","href":"https:\/\/api.w.org\/{rel}","templated":true}]}}