{"id":2877,"date":"2025-04-18T11:26:07","date_gmt":"2025-04-18T09:26:07","guid":{"rendered":"https:\/\/www.siestagarden.com\/?post_type=product&#038;p=2877"},"modified":"2026-01-27T12:32:00","modified_gmt":"2026-01-27T11:32:00","slug":"zestaw-ogrodowy-elegancki-taras-z-drewna","status":"publish","type":"product","link":"https:\/\/www.siestagarden.com\/en\/product\/zestaw-ogrodowy-elegancki-taras-z-drewna\/","title":{"rendered":"Elegant Wooden Terrace Garden Set"},"content":{"rendered":"<p class=\"\" data-start=\"148\" data-end=\"225\"><strong data-start=\"148\" data-end=\"225\">Elegant Terrace set - table and two benches in white azure finish<\/strong><\/p>\n<p class=\"\" data-start=\"227\" data-end=\"574\">The Elegant Terrace set is a ready-made solution for those who want to create a coherent, bright and harmonious relaxation space. It consists of a rectangular table and two backless benches - all pieces made of FSC\u00ae solid wood and finished with a white azure impregnation, which emphasises the natural structure of the wood and brightens up the surroundings.<\/p>\n<p class=\"\" data-start=\"576\" data-end=\"802\">The simple form of the furniture fits in with the aesthetics of modern, Mediterranean and Scandinavian settings. With two available lengths - 1.2m and 2.0m - you can choose the size of the set to perfectly fit your space.<\/p>\n<p class=\"\" data-start=\"804\" data-end=\"1062\">\u2714\ufe0f set: table + 2 benches from the Elegant Terrace collection<br data-start=\"856\" data-end=\"859\" \/>\u2714\ufe0f white, azure finish - a bright and elegant effect<br data-start=\"915\" data-end=\"918\" \/>\u2714\ufe0f FSC\u00ae wood - sustainable and natural<br data-start=\"965\" data-end=\"968\" \/>\u2714\ufe0f geometric form - simplicity and lightness of style<br data-start=\"1016\" data-end=\"1019\" \/>\u2714\ufe0f two sizes available: 1.2 m or 2.0 m<\/p>","protected":false},"excerpt":{"rendered":"<p>Zestaw Elegancki Taras \u2013 st\u00f3\u0142 i dwie \u0142awki w bia\u0142ym lazurowym wyko\u0144czeniu Zestaw Elegancki Taras to gotowe rozwi\u0105zanie dla tych, kt\u00f3rzy chc\u0105 stworzy\u0107 sp\u00f3jn\u0105, jasn\u0105 i harmonijn\u0105 przestrze\u0144 do wypoczynku. Sk\u0142ada si\u0119 z prostok\u0105tnego sto\u0142u i dw\u00f3ch \u0142awek bez oparcia \u2013 wszystkie elementy wykonane z FSC\u00ae drewna litego i wyko\u0144czone bia\u0142ym impregnatem lazurowym, kt\u00f3ry podkre\u015bla [&hellip;]<\/p>\n","protected":false},"featured_media":2408,"template":"","meta":{"_acf_changed":false},"product_brand":[],"product_cat":[80],"product_tag":[92],"class_list":{"0":"post-2877","1":"product","2":"type-product","3":"status-publish","4":"has-post-thumbnail","6":"product_cat-zestawy","7":"product_tag-kolekcja-elegancki-taras","8":"product_shipping_class-podstawowa","10":"first","11":"instock","12":"taxable","13":"shipping-taxable","14":"purchasable","15":"product-type-simple","16":"add-to-wishlist-after_add_to_cart"},"acf":[],"yoast_head":"<!-- This site is optimized with the Yoast SEO plugin v26.6 - https:\/\/yoast.com\/wordpress\/plugins\/seo\/ -->\n<title>Zestaw ogrodowy Elegancki Taras z drewna - Siesta Garden<\/title>\n<meta name=\"robots\" content=\"index, follow, max-snippet:-1, max-image-preview:large, max-video-preview:-1\" \/>\n<link rel=\"canonical\" href=\"https:\/\/www.siestagarden.com\/en\/product\/zestaw-ogrodowy-elegancki-taras-z-drewna\/\" \/>\n<meta property=\"og:locale\" content=\"en_GB\" \/>\n<meta property=\"og:type\" content=\"article\" \/>\n<meta property=\"og:title\" content=\"Zestaw ogrodowy Elegancki Taras z drewna - Siesta Garden\" \/>\n<meta property=\"og:description\" content=\"Zestaw Elegancki Taras \u2013 st\u00f3\u0142 i dwie \u0142awki w bia\u0142ym lazurowym wyko\u0144czeniu Zestaw Elegancki Taras to gotowe rozwi\u0105zanie dla tych, kt\u00f3rzy chc\u0105 stworzy\u0107 sp\u00f3jn\u0105, jasn\u0105 i harmonijn\u0105 przestrze\u0144 do wypoczynku. Sk\u0142ada si\u0119 z prostok\u0105tnego sto\u0142u i dw\u00f3ch \u0142awek bez oparcia \u2013 wszystkie elementy wykonane z FSC\u00ae drewna litego i wyko\u0144czone bia\u0142ym impregnatem lazurowym, kt\u00f3ry podkre\u015bla [&hellip;]\" \/>\n<meta property=\"og:url\" content=\"https:\/\/www.siestagarden.com\/en\/product\/zestaw-ogrodowy-elegancki-taras-z-drewna\/\" \/>\n<meta property=\"og:site_name\" content=\"Siesta Garden\" \/>\n<meta property=\"article:modified_time\" content=\"2026-01-27T11:32:00+00:00\" \/>\n<meta property=\"og:image\" content=\"https:\/\/www.siestagarden.com\/wp-content\/uploads\/2025\/03\/IMG_0452-2-scaled.jpg\" \/>\n\t<meta property=\"og:image:width\" content=\"1707\" \/>\n\t<meta property=\"og:image:height\" content=\"2560\" \/>\n\t<meta property=\"og:image:type\" content=\"image\/jpeg\" \/>\n<meta name=\"twitter:card\" content=\"summary_large_image\" \/>\n<meta name=\"twitter:label1\" content=\"Estimated reading time\" \/>\n\t<meta name=\"twitter:data1\" content=\"1 minute\" \/>\n<script type=\"application\/ld+json\" class=\"yoast-schema-graph\">{\"@context\":\"https:\/\/schema.org\",\"@graph\":[{\"@type\":\"WebPage\",\"@id\":\"https:\/\/www.siestagarden.com\/produkt\/zestaw-ogrodowy-elegancki-taras-z-drewna\/\",\"url\":\"https:\/\/www.siestagarden.com\/produkt\/zestaw-ogrodowy-elegancki-taras-z-drewna\/\",\"name\":\"Zestaw ogrodowy Elegancki Taras z drewna - Siesta Garden\",\"isPartOf\":{\"@id\":\"https:\/\/www.siestagarden.com\/#website\"},\"primaryImageOfPage\":{\"@id\":\"https:\/\/www.siestagarden.com\/produkt\/zestaw-ogrodowy-elegancki-taras-z-drewna\/#primaryimage\"},\"image\":{\"@id\":\"https:\/\/www.siestagarden.com\/produkt\/zestaw-ogrodowy-elegancki-taras-z-drewna\/#primaryimage\"},\"thumbnailUrl\":\"https:\/\/www.siestagarden.com\/wp-content\/uploads\/2025\/03\/IMG_0452-2-scaled-e1770881395587.jpg\",\"datePublished\":\"2025-04-18T09:26:07+00:00\",\"dateModified\":\"2026-01-27T11:32:00+00:00\",\"breadcrumb\":{\"@id\":\"https:\/\/www.siestagarden.com\/produkt\/zestaw-ogrodowy-elegancki-taras-z-drewna\/#breadcrumb\"},\"inLanguage\":\"en-GB\",\"potentialAction\":[{\"@type\":\"ReadAction\",\"target\":[\"https:\/\/www.siestagarden.com\/produkt\/zestaw-ogrodowy-elegancki-taras-z-drewna\/\"]}]},{\"@type\":\"ImageObject\",\"inLanguage\":\"en-GB\",\"@id\":\"https:\/\/www.siestagarden.com\/produkt\/zestaw-ogrodowy-elegancki-taras-z-drewna\/#primaryimage\",\"url\":\"https:\/\/www.siestagarden.com\/wp-content\/uploads\/2025\/03\/IMG_0452-2-scaled-e1770881395587.jpg\",\"contentUrl\":\"https:\/\/www.siestagarden.com\/wp-content\/uploads\/2025\/03\/IMG_0452-2-scaled-e1770881395587.jpg\",\"width\":1707,\"height\":1668},{\"@type\":\"BreadcrumbList\",\"@id\":\"https:\/\/www.siestagarden.com\/produkt\/zestaw-ogrodowy-elegancki-taras-z-drewna\/#breadcrumb\",\"itemListElement\":[{\"@type\":\"ListItem\",\"position\":1,\"name\":\"Strona g\u0142\u00f3wna\",\"item\":\"https:\/\/www.siestagarden.com\/\"},{\"@type\":\"ListItem\",\"position\":2,\"name\":\"Sklep\",\"item\":\"https:\/\/www.siestagarden.com\/sklep\/\"},{\"@type\":\"ListItem\",\"position\":3,\"name\":\"Zestaw ogrodowy Elegancki Taras z drewna\"}]},{\"@type\":\"WebSite\",\"@id\":\"https:\/\/www.siestagarden.com\/#website\",\"url\":\"https:\/\/www.siestagarden.com\/\",\"name\":\"Siesta Garden\",\"description\":\"Meble do Twojego ogrodu. Polski producent drewnianych mebli najwy\u017cszej jako\u015bci.\",\"potentialAction\":[{\"@type\":\"SearchAction\",\"target\":{\"@type\":\"EntryPoint\",\"urlTemplate\":\"https:\/\/www.siestagarden.com\/?s={search_term_string}\"},\"query-input\":{\"@type\":\"PropertyValueSpecification\",\"valueRequired\":true,\"valueName\":\"search_term_string\"}}],\"inLanguage\":\"en-GB\"}]}<\/script>\n<!-- \/ Yoast SEO plugin. -->","yoast_head_json":{"title":"Zestaw ogrodowy Elegancki Taras z drewna - Siesta Garden","robots":{"index":"index","follow":"follow","max-snippet":"max-snippet:-1","max-image-preview":"max-image-preview:large","max-video-preview":"max-video-preview:-1"},"canonical":"https:\/\/www.siestagarden.com\/en\/product\/zestaw-ogrodowy-elegancki-taras-z-drewna\/","og_locale":"en_GB","og_type":"article","og_title":"Zestaw ogrodowy Elegancki Taras z drewna - Siesta Garden","og_description":"Zestaw Elegancki Taras \u2013 st\u00f3\u0142 i dwie \u0142awki w bia\u0142ym lazurowym wyko\u0144czeniu Zestaw Elegancki Taras to gotowe rozwi\u0105zanie dla tych, kt\u00f3rzy chc\u0105 stworzy\u0107 sp\u00f3jn\u0105, jasn\u0105 i harmonijn\u0105 przestrze\u0144 do wypoczynku. Sk\u0142ada si\u0119 z prostok\u0105tnego sto\u0142u i dw\u00f3ch \u0142awek bez oparcia \u2013 wszystkie elementy wykonane z FSC\u00ae drewna litego i wyko\u0144czone bia\u0142ym impregnatem lazurowym, kt\u00f3ry podkre\u015bla [&hellip;]","og_url":"https:\/\/www.siestagarden.com\/en\/product\/zestaw-ogrodowy-elegancki-taras-z-drewna\/","og_site_name":"Siesta Garden","article_modified_time":"2026-01-27T11:32:00+00:00","og_image":[{"width":1707,"height":2560,"url":"https:\/\/www.siestagarden.com\/wp-content\/uploads\/2025\/03\/IMG_0452-2-scaled.jpg","type":"image\/jpeg"}],"twitter_card":"summary_large_image","twitter_misc":{"Estimated reading time":"1 minute"},"schema":{"@context":"https:\/\/schema.org","@graph":[{"@type":"WebPage","@id":"https:\/\/www.siestagarden.com\/produkt\/zestaw-ogrodowy-elegancki-taras-z-drewna\/","url":"https:\/\/www.siestagarden.com\/produkt\/zestaw-ogrodowy-elegancki-taras-z-drewna\/","name":"Zestaw ogrodowy Elegancki Taras z drewna - Siesta Garden","isPartOf":{"@id":"https:\/\/www.siestagarden.com\/#website"},"primaryImageOfPage":{"@id":"https:\/\/www.siestagarden.com\/produkt\/zestaw-ogrodowy-elegancki-taras-z-drewna\/#primaryimage"},"image":{"@id":"https:\/\/www.siestagarden.com\/produkt\/zestaw-ogrodowy-elegancki-taras-z-drewna\/#primaryimage"},"thumbnailUrl":"https:\/\/www.siestagarden.com\/wp-content\/uploads\/2025\/03\/IMG_0452-2-scaled-e1770881395587.jpg","datePublished":"2025-04-18T09:26:07+00:00","dateModified":"2026-01-27T11:32:00+00:00","breadcrumb":{"@id":"https:\/\/www.siestagarden.com\/produkt\/zestaw-ogrodowy-elegancki-taras-z-drewna\/#breadcrumb"},"inLanguage":"en-GB","potentialAction":[{"@type":"ReadAction","target":["https:\/\/www.siestagarden.com\/produkt\/zestaw-ogrodowy-elegancki-taras-z-drewna\/"]}]},{"@type":"ImageObject","inLanguage":"en-GB","@id":"https:\/\/www.siestagarden.com\/produkt\/zestaw-ogrodowy-elegancki-taras-z-drewna\/#primaryimage","url":"https:\/\/www.siestagarden.com\/wp-content\/uploads\/2025\/03\/IMG_0452-2-scaled-e1770881395587.jpg","contentUrl":"https:\/\/www.siestagarden.com\/wp-content\/uploads\/2025\/03\/IMG_0452-2-scaled-e1770881395587.jpg","width":1707,"height":1668},{"@type":"BreadcrumbList","@id":"https:\/\/www.siestagarden.com\/produkt\/zestaw-ogrodowy-elegancki-taras-z-drewna\/#breadcrumb","itemListElement":[{"@type":"ListItem","position":1,"name":"Strona g\u0142\u00f3wna","item":"https:\/\/www.siestagarden.com\/"},{"@type":"ListItem","position":2,"name":"Sklep","item":"https:\/\/www.siestagarden.com\/sklep\/"},{"@type":"ListItem","position":3,"name":"Zestaw ogrodowy Elegancki Taras z drewna"}]},{"@type":"WebSite","@id":"https:\/\/www.siestagarden.com\/#website","url":"https:\/\/www.siestagarden.com\/","name":"Siesta Garden","description":"Furniture for your garden. Polish manufacturer of wooden furniture of the highest quality.","potentialAction":[{"@type":"SearchAction","target":{"@type":"EntryPoint","urlTemplate":"https:\/\/www.siestagarden.com\/?s={search_term_string}"},"query-input":{"@type":"PropertyValueSpecification","valueRequired":true,"valueName":"search_term_string"}}],"inLanguage":"en-GB"}]}},"_links":{"self":[{"href":"https:\/\/www.siestagarden.com\/en\/wp-json\/wp\/v2\/product\/2877","targetHints":{"allow":["GET"]}}],"collection":[{"href":"https:\/\/www.siestagarden.com\/en\/wp-json\/wp\/v2\/product"}],"about":[{"href":"https:\/\/www.siestagarden.com\/en\/wp-json\/wp\/v2\/types\/product"}],"wp:featuredmedia":[{"embeddable":true,"href":"https:\/\/www.siestagarden.com\/en\/wp-json\/wp\/v2\/media\/2408"}],"wp:attachment":[{"href":"https:\/\/www.siestagarden.com\/en\/wp-json\/wp\/v2\/media?parent=2877"}],"wp:term":[{"taxonomy":"product_brand","embeddable":true,"href":"https:\/\/www.siestagarden.com\/en\/wp-json\/wp\/v2\/product_brand?post=2877"},{"taxonomy":"product_cat","embeddable":true,"href":"https:\/\/www.siestagarden.com\/en\/wp-json\/wp\/v2\/product_cat?post=2877"},{"taxonomy":"product_tag","embeddable":true,"href":"https:\/\/www.siestagarden.com\/en\/wp-json\/wp\/v2\/product_tag?post=2877"}],"curies":[{"name":"wp","href":"https:\/\/api.w.org\/{rel}","templated":true}]}}