{"id":2881,"date":"2025-04-23T14:57:40","date_gmt":"2025-04-23T12:57:40","guid":{"rendered":"https:\/\/www.siestagarden.com\/?post_type=product&#038;p=2881"},"modified":"2026-02-12T09:09:51","modified_gmt":"2026-02-12T08:09:51","slug":"2881","status":"publish","type":"product","link":"https:\/\/www.siestagarden.com\/en\/product\/2881\/","title":{"rendered":"Arki folding garden sofa"},"content":{"rendered":"<p><strong>ARKI fold-out garden sofa<\/strong> - Your relaxation zone in one piece of furniture<\/p>\n<p>Garden sofa <strong>ARKI<\/strong> is the perfect combination of design and function. Its greatest assets are <strong>movable armrests<\/strong>which, when unfolded, transforms the sofa into a <strong>comfortable bed<\/strong> - ideal for <strong>a nap in the shade, reading a book or a quiet evening under a cloud<\/strong>. The structure is made of solid Scandinavian wood with a<strong> FSC\u00ae certified<\/strong>, which guarantees the durability and responsible origin of the material. The wood has been stained in <strong>turquoise, holiday shade<\/strong> using an impregnating agent that not only<strong> protects<\/strong>but also gives the surface a pleasant <strong>smoothness and a distinctive sheen.<\/strong><\/p>\n<p>It's a great solution for both small balconies and larger gardens.<strong> ARKI sofa<\/strong> finds its way into any space, offering relaxation and functionality in a stylish way.<\/p>\n<p>For maximum comfort, the sofa is sold with a thick futon mattress, made of outdoor fabric that does not displace, along with matching cushions.<\/p>\n<p>\u2714\ufe0f <strong>Folding armrests<\/strong> - bed and sofa function in one<br \/>\n\u2714\ufe0f <strong>FSC\u00ae solid wood<\/strong> - sustainability and ecology<br \/>\n\u2714\ufe0f <strong>Turquoise waterproofing<\/strong> - holiday colour and smooth surface<br \/>\n\u2714\ufe0f<strong> Compact form ideal for small and large spaces<\/strong><br \/>\n\u2714\ufe0f<strong> Mattress and pillows included<\/strong><br \/>\n\ud83d\udecb\ufe0f <strong>ARKI<\/strong> - Sit back, stretch out and relax as you like.<\/p>\n<p>&nbsp;<\/p>\n<p>&nbsp;<\/p>","protected":false},"excerpt":{"rendered":"<p>Rozk\u0142adana sofa ogrodowa ARKI \u2013 Twoja strefa relaksu w jednym meblu Sofa ogrodowa ARKI to doskona\u0142e po\u0142\u0105czenie designu i funkcji. Jej najwi\u0119kszym atutem s\u0105 ruchome pod\u0142okietniki, kt\u00f3re po roz\u0142o\u017ceniu przekszta\u0142caj\u0105 sof\u0119 w wygodne \u0142\u00f3\u017cko \u2013 idealne na drzemk\u0119 w cieniu, czytanie ksi\u0105\u017cki lub spokojny wiecz\u00f3r pod chmurk\u0105. Konstrukcja wykonana jest z litego drewna skandynawskiego z [&hellip;]<\/p>\n","protected":false},"featured_media":4183,"template":"","meta":{"_acf_changed":false},"product_brand":[],"product_cat":[69,67],"product_tag":[],"class_list":{"0":"post-2881","1":"product","2":"type-product","3":"status-publish","4":"has-post-thumbnail","6":"product_cat-lezaki-i-lezanki","7":"product_cat-sofy-i-lawki","8":"product_shipping_class-podstawowa","10":"first","11":"instock","12":"taxable","13":"shipping-taxable","14":"purchasable","15":"product-type-simple","16":"add-to-wishlist-after_add_to_cart"},"acf":[],"yoast_head":"<!-- This site is optimized with the Yoast SEO plugin v26.6 - https:\/\/yoast.com\/wordpress\/plugins\/seo\/ -->\n<title>Rozk\u0142adana sofa ogrodowa Arki - Siesta Garden<\/title>\n<meta name=\"robots\" content=\"index, follow, max-snippet:-1, max-image-preview:large, max-video-preview:-1\" \/>\n<link rel=\"canonical\" href=\"https:\/\/www.siestagarden.com\/en\/product\/2881\/\" \/>\n<meta property=\"og:locale\" content=\"en_GB\" \/>\n<meta property=\"og:type\" content=\"article\" \/>\n<meta property=\"og:title\" content=\"Rozk\u0142adana sofa ogrodowa Arki - Siesta Garden\" \/>\n<meta property=\"og:description\" content=\"Rozk\u0142adana sofa ogrodowa ARKI \u2013 Twoja strefa relaksu w jednym meblu Sofa ogrodowa ARKI to doskona\u0142e po\u0142\u0105czenie designu i funkcji. Jej najwi\u0119kszym atutem s\u0105 ruchome pod\u0142okietniki, kt\u00f3re po roz\u0142o\u017ceniu przekszta\u0142caj\u0105 sof\u0119 w wygodne \u0142\u00f3\u017cko \u2013 idealne na drzemk\u0119 w cieniu, czytanie ksi\u0105\u017cki lub spokojny wiecz\u00f3r pod chmurk\u0105. Konstrukcja wykonana jest z litego drewna skandynawskiego z [&hellip;]\" \/>\n<meta property=\"og:url\" content=\"https:\/\/www.siestagarden.com\/en\/product\/2881\/\" \/>\n<meta property=\"og:site_name\" content=\"Siesta Garden\" \/>\n<meta property=\"article:modified_time\" content=\"2026-02-12T08:09:51+00:00\" \/>\n<meta property=\"og:image\" content=\"https:\/\/www.siestagarden.com\/wp-content\/uploads\/2025\/04\/8776434-e1770883774536-1024x740.png\" \/>\n\t<meta property=\"og:image:width\" content=\"1024\" \/>\n\t<meta property=\"og:image:height\" content=\"740\" \/>\n\t<meta property=\"og:image:type\" content=\"image\/png\" \/>\n<meta name=\"twitter:card\" content=\"summary_large_image\" \/>\n<meta name=\"twitter:label1\" content=\"Estimated reading time\" \/>\n\t<meta name=\"twitter:data1\" content=\"2 minutes\" \/>\n<script type=\"application\/ld+json\" class=\"yoast-schema-graph\">{\"@context\":\"https:\/\/schema.org\",\"@graph\":[{\"@type\":\"WebPage\",\"@id\":\"https:\/\/www.siestagarden.com\/produkt\/2881\/\",\"url\":\"https:\/\/www.siestagarden.com\/produkt\/2881\/\",\"name\":\"Rozk\u0142adana sofa ogrodowa Arki - Siesta Garden\",\"isPartOf\":{\"@id\":\"https:\/\/www.siestagarden.com\/#website\"},\"primaryImageOfPage\":{\"@id\":\"https:\/\/www.siestagarden.com\/produkt\/2881\/#primaryimage\"},\"image\":{\"@id\":\"https:\/\/www.siestagarden.com\/produkt\/2881\/#primaryimage\"},\"thumbnailUrl\":\"https:\/\/www.siestagarden.com\/wp-content\/uploads\/2025\/04\/8776434-e1770883774536.png\",\"datePublished\":\"2025-04-23T12:57:40+00:00\",\"dateModified\":\"2026-02-12T08:09:51+00:00\",\"breadcrumb\":{\"@id\":\"https:\/\/www.siestagarden.com\/produkt\/2881\/#breadcrumb\"},\"inLanguage\":\"en-GB\",\"potentialAction\":[{\"@type\":\"ReadAction\",\"target\":[\"https:\/\/www.siestagarden.com\/produkt\/2881\/\"]}]},{\"@type\":\"ImageObject\",\"inLanguage\":\"en-GB\",\"@id\":\"https:\/\/www.siestagarden.com\/produkt\/2881\/#primaryimage\",\"url\":\"https:\/\/www.siestagarden.com\/wp-content\/uploads\/2025\/04\/8776434-e1770883774536.png\",\"contentUrl\":\"https:\/\/www.siestagarden.com\/wp-content\/uploads\/2025\/04\/8776434-e1770883774536.png\",\"width\":1523,\"height\":1100},{\"@type\":\"BreadcrumbList\",\"@id\":\"https:\/\/www.siestagarden.com\/produkt\/2881\/#breadcrumb\",\"itemListElement\":[{\"@type\":\"ListItem\",\"position\":1,\"name\":\"Strona g\u0142\u00f3wna\",\"item\":\"https:\/\/www.siestagarden.com\/\"},{\"@type\":\"ListItem\",\"position\":2,\"name\":\"Sklep\",\"item\":\"https:\/\/www.siestagarden.com\/sklep\/\"},{\"@type\":\"ListItem\",\"position\":3,\"name\":\"Rozk\u0142adana sofa ogrodowa Arki\"}]},{\"@type\":\"WebSite\",\"@id\":\"https:\/\/www.siestagarden.com\/#website\",\"url\":\"https:\/\/www.siestagarden.com\/\",\"name\":\"Siesta Garden\",\"description\":\"Meble do Twojego ogrodu. Polski producent drewnianych mebli najwy\u017cszej jako\u015bci.\",\"potentialAction\":[{\"@type\":\"SearchAction\",\"target\":{\"@type\":\"EntryPoint\",\"urlTemplate\":\"https:\/\/www.siestagarden.com\/?s={search_term_string}\"},\"query-input\":{\"@type\":\"PropertyValueSpecification\",\"valueRequired\":true,\"valueName\":\"search_term_string\"}}],\"inLanguage\":\"en-GB\"}]}<\/script>\n<!-- \/ Yoast SEO plugin. -->","yoast_head_json":{"title":"Rozk\u0142adana sofa ogrodowa Arki - Siesta Garden","robots":{"index":"index","follow":"follow","max-snippet":"max-snippet:-1","max-image-preview":"max-image-preview:large","max-video-preview":"max-video-preview:-1"},"canonical":"https:\/\/www.siestagarden.com\/en\/product\/2881\/","og_locale":"en_GB","og_type":"article","og_title":"Rozk\u0142adana sofa ogrodowa Arki - Siesta Garden","og_description":"Rozk\u0142adana sofa ogrodowa ARKI \u2013 Twoja strefa relaksu w jednym meblu Sofa ogrodowa ARKI to doskona\u0142e po\u0142\u0105czenie designu i funkcji. Jej najwi\u0119kszym atutem s\u0105 ruchome pod\u0142okietniki, kt\u00f3re po roz\u0142o\u017ceniu przekszta\u0142caj\u0105 sof\u0119 w wygodne \u0142\u00f3\u017cko \u2013 idealne na drzemk\u0119 w cieniu, czytanie ksi\u0105\u017cki lub spokojny wiecz\u00f3r pod chmurk\u0105. Konstrukcja wykonana jest z litego drewna skandynawskiego z [&hellip;]","og_url":"https:\/\/www.siestagarden.com\/en\/product\/2881\/","og_site_name":"Siesta Garden","article_modified_time":"2026-02-12T08:09:51+00:00","og_image":[{"width":1024,"height":740,"url":"https:\/\/www.siestagarden.com\/wp-content\/uploads\/2025\/04\/8776434-e1770883774536-1024x740.png","type":"image\/png"}],"twitter_card":"summary_large_image","twitter_misc":{"Estimated reading time":"2 minutes"},"schema":{"@context":"https:\/\/schema.org","@graph":[{"@type":"WebPage","@id":"https:\/\/www.siestagarden.com\/produkt\/2881\/","url":"https:\/\/www.siestagarden.com\/produkt\/2881\/","name":"Rozk\u0142adana sofa ogrodowa Arki - Siesta Garden","isPartOf":{"@id":"https:\/\/www.siestagarden.com\/#website"},"primaryImageOfPage":{"@id":"https:\/\/www.siestagarden.com\/produkt\/2881\/#primaryimage"},"image":{"@id":"https:\/\/www.siestagarden.com\/produkt\/2881\/#primaryimage"},"thumbnailUrl":"https:\/\/www.siestagarden.com\/wp-content\/uploads\/2025\/04\/8776434-e1770883774536.png","datePublished":"2025-04-23T12:57:40+00:00","dateModified":"2026-02-12T08:09:51+00:00","breadcrumb":{"@id":"https:\/\/www.siestagarden.com\/produkt\/2881\/#breadcrumb"},"inLanguage":"en-GB","potentialAction":[{"@type":"ReadAction","target":["https:\/\/www.siestagarden.com\/produkt\/2881\/"]}]},{"@type":"ImageObject","inLanguage":"en-GB","@id":"https:\/\/www.siestagarden.com\/produkt\/2881\/#primaryimage","url":"https:\/\/www.siestagarden.com\/wp-content\/uploads\/2025\/04\/8776434-e1770883774536.png","contentUrl":"https:\/\/www.siestagarden.com\/wp-content\/uploads\/2025\/04\/8776434-e1770883774536.png","width":1523,"height":1100},{"@type":"BreadcrumbList","@id":"https:\/\/www.siestagarden.com\/produkt\/2881\/#breadcrumb","itemListElement":[{"@type":"ListItem","position":1,"name":"Strona g\u0142\u00f3wna","item":"https:\/\/www.siestagarden.com\/"},{"@type":"ListItem","position":2,"name":"Sklep","item":"https:\/\/www.siestagarden.com\/sklep\/"},{"@type":"ListItem","position":3,"name":"Rozk\u0142adana sofa ogrodowa Arki"}]},{"@type":"WebSite","@id":"https:\/\/www.siestagarden.com\/#website","url":"https:\/\/www.siestagarden.com\/","name":"Siesta Garden","description":"Furniture for your garden. Polish manufacturer of wooden furniture of the highest quality.","potentialAction":[{"@type":"SearchAction","target":{"@type":"EntryPoint","urlTemplate":"https:\/\/www.siestagarden.com\/?s={search_term_string}"},"query-input":{"@type":"PropertyValueSpecification","valueRequired":true,"valueName":"search_term_string"}}],"inLanguage":"en-GB"}]}},"_links":{"self":[{"href":"https:\/\/www.siestagarden.com\/en\/wp-json\/wp\/v2\/product\/2881","targetHints":{"allow":["GET"]}}],"collection":[{"href":"https:\/\/www.siestagarden.com\/en\/wp-json\/wp\/v2\/product"}],"about":[{"href":"https:\/\/www.siestagarden.com\/en\/wp-json\/wp\/v2\/types\/product"}],"wp:featuredmedia":[{"embeddable":true,"href":"https:\/\/www.siestagarden.com\/en\/wp-json\/wp\/v2\/media\/4183"}],"wp:attachment":[{"href":"https:\/\/www.siestagarden.com\/en\/wp-json\/wp\/v2\/media?parent=2881"}],"wp:term":[{"taxonomy":"product_brand","embeddable":true,"href":"https:\/\/www.siestagarden.com\/en\/wp-json\/wp\/v2\/product_brand?post=2881"},{"taxonomy":"product_cat","embeddable":true,"href":"https:\/\/www.siestagarden.com\/en\/wp-json\/wp\/v2\/product_cat?post=2881"},{"taxonomy":"product_tag","embeddable":true,"href":"https:\/\/www.siestagarden.com\/en\/wp-json\/wp\/v2\/product_tag?post=2881"}],"curies":[{"name":"wp","href":"https:\/\/api.w.org\/{rel}","templated":true}]}}