{"id":2955,"date":"2025-05-20T13:07:51","date_gmt":"2025-05-20T11:07:51","guid":{"rendered":"https:\/\/www.siestagarden.com\/?post_type=product&#038;p=2955"},"modified":"2026-02-04T16:48:10","modified_gmt":"2026-02-04T15:48:10","slug":"ryby-z-lasu-grubson","status":"publish","type":"product","link":"https:\/\/www.siestagarden.com\/en\/product\/ryby-z-lasu-grubson\/","title":{"rendered":"Fish out of the woods - Grubson"},"content":{"rendered":"<p>Enjoy your fish say goodbye to boredom and welcome a fun adventure to brighten up your time at home!<\/p>\n<p>Discover our kit <strong>two adorable fish figurines<\/strong> made of certified <strong>FSC pine wood<\/strong>, each waiting to be transformed into a <strong>unique work of art<\/strong>. Designed to bring an atmosphere to your home <strong>joy, creativity and peace<\/strong>, this charming set invites guests to indulge themselves<strong> the intuitive experience of painting<\/strong>that they have not known before.<\/p>\n<p>Enjoy your holiday <strong>creatively<\/strong> and involve your child in something fun <strong>provide guests of all ages with a relaxing and enjoyable activity.<\/strong> Whatever your experience, our kit gives you everything you need to create a <strong>works of art in a relaxed atmosphere<\/strong>.<\/p>\n<p>In our <strong>a fantastic package<\/strong> you will find everything you need to unleash your inner artist: <strong>two jolly fish, paints, brush and protective pad<\/strong> with easy instructions.<\/p>\n<p>Here's how to immerse yourself in the fun:<\/p>\n<p>Sit comfortably in your<strong> hotel room<\/strong> or a restaurant stall, spread out your <strong>utensils<\/strong> and be prepared to <strong>creation of spells<\/strong>. Choose your fish and<strong> immerse yourself in paint<\/strong> - There are no rules here, just go ahead and <strong>paint as you wish<\/strong>. Go ahead and mix <strong>colours<\/strong>, add <strong>glitter<\/strong> or even <strong>stickers<\/strong> for added effect. Once you have created your masterpiece, take a photo and <strong>share it with the world<\/strong>! Whether you are an experienced artist or just looking for a good time, our Z<strong>Forest Fish Painting Set<\/strong> is a great way to relax and be creative. <strong>So grab a paintbrush and let's paint the fish colourfully<\/strong><\/p>\n<p><strong><a href=\"https:\/\/www.siestagarden.com\/wp-content\/uploads\/2025\/05\/video-output-DA3FF488-8EA3-4E03-92D2-F6AF6420AD12.mov\">Watch the video and see what can be done with our fish<\/a><\/strong><\/p>\n<p>Why is it nice to have fish from the forest?<\/p>\n<ul>\n<li><strong>you support the European economy<\/strong><\/li>\n<li><strong>Take an active part in the circular economy<\/strong><\/li>\n<li><strong>You minimise your carbon footprint<\/strong><\/li>\n<li><strong>You create your unique works of art from high-quality, eco-friendly wood<\/strong><\/li>\n<li><strong>You make an informed choice and get the fun out of it!<\/strong><\/li>\n<\/ul>\n<p>&nbsp;<\/p>","protected":false},"excerpt":{"rendered":"<p>Ciesz si\u0119 swoj\u0105 ryb\u0105 po\u017cegnaj si\u0119 z nud\u0105 i powitaj zabawn\u0105 przygod\u0119, kt\u00f3ra rozja\u015bni czas sp\u0119dzony w twoim domu! Odkryj nasz zestaw dw\u00f3ch uroczych figurek ryb wykonanych z certyfikowanego drewna sosnowego FSC, ka\u017cda czekaj\u0105ca, by zosta\u0107 przekszta\u0142con\u0105 w unikatowe dzie\u0142o sztuki. Zaprojektowane, by wnie\u015b\u0107 do twojego domu atmosfer\u0119 rado\u015bci, kreatywno\u015bci i spokoju, ten czaruj\u0105cy zestaw [&hellip;]<\/p>\n","protected":false},"featured_media":2956,"template":"","meta":{"_acf_changed":false},"product_brand":[],"product_cat":[76,114,87],"product_tag":[],"class_list":{"0":"post-2955","1":"product","2":"type-product","3":"status-publish","4":"has-post-thumbnail","6":"product_cat-akcesoria-ogrodowe","7":"product_cat-dla-dzieci","8":"product_cat-promocje","9":"product_shipping_class-podstawowa","11":"first","12":"instock","13":"sale","14":"taxable","15":"shipping-taxable","16":"purchasable","17":"product-type-simple","18":"add-to-wishlist-after_add_to_cart"},"acf":[],"yoast_head":"<!-- This site is optimized with the Yoast SEO plugin v26.6 - https:\/\/yoast.com\/wordpress\/plugins\/seo\/ -->\n<title>Ryby z lasu - Grubson - Siesta Garden<\/title>\n<meta name=\"robots\" content=\"index, follow, max-snippet:-1, max-image-preview:large, max-video-preview:-1\" \/>\n<link rel=\"canonical\" href=\"https:\/\/www.siestagarden.com\/en\/product\/ryby-z-lasu-grubson\/\" \/>\n<meta property=\"og:locale\" content=\"en_GB\" \/>\n<meta property=\"og:type\" content=\"article\" \/>\n<meta property=\"og:title\" content=\"Ryby z lasu - Grubson - Siesta Garden\" \/>\n<meta property=\"og:description\" content=\"Ciesz si\u0119 swoj\u0105 ryb\u0105 po\u017cegnaj si\u0119 z nud\u0105 i powitaj zabawn\u0105 przygod\u0119, kt\u00f3ra rozja\u015bni czas sp\u0119dzony w twoim domu! Odkryj nasz zestaw dw\u00f3ch uroczych figurek ryb wykonanych z certyfikowanego drewna sosnowego FSC, ka\u017cda czekaj\u0105ca, by zosta\u0107 przekszta\u0142con\u0105 w unikatowe dzie\u0142o sztuki. Zaprojektowane, by wnie\u015b\u0107 do twojego domu atmosfer\u0119 rado\u015bci, kreatywno\u015bci i spokoju, ten czaruj\u0105cy zestaw [&hellip;]\" \/>\n<meta property=\"og:url\" content=\"https:\/\/www.siestagarden.com\/en\/product\/ryby-z-lasu-grubson\/\" \/>\n<meta property=\"og:site_name\" content=\"Siesta Garden\" \/>\n<meta property=\"article:modified_time\" content=\"2026-02-04T15:48:10+00:00\" \/>\n<meta property=\"og:image\" content=\"https:\/\/www.siestagarden.com\/wp-content\/uploads\/2025\/05\/5I3A8140-scaled.jpg\" \/>\n\t<meta property=\"og:image:width\" content=\"1707\" \/>\n\t<meta property=\"og:image:height\" content=\"2560\" \/>\n\t<meta property=\"og:image:type\" content=\"image\/jpeg\" \/>\n<meta name=\"twitter:card\" content=\"summary_large_image\" \/>\n<meta name=\"twitter:label1\" content=\"Estimated reading time\" \/>\n\t<meta name=\"twitter:data1\" content=\"2 minutes\" \/>\n<script type=\"application\/ld+json\" class=\"yoast-schema-graph\">{\"@context\":\"https:\/\/schema.org\",\"@graph\":[{\"@type\":\"WebPage\",\"@id\":\"https:\/\/www.siestagarden.com\/produkt\/ryby-z-lasu-grubson\/\",\"url\":\"https:\/\/www.siestagarden.com\/produkt\/ryby-z-lasu-grubson\/\",\"name\":\"Ryby z lasu - Grubson - Siesta Garden\",\"isPartOf\":{\"@id\":\"https:\/\/www.siestagarden.com\/#website\"},\"primaryImageOfPage\":{\"@id\":\"https:\/\/www.siestagarden.com\/produkt\/ryby-z-lasu-grubson\/#primaryimage\"},\"image\":{\"@id\":\"https:\/\/www.siestagarden.com\/produkt\/ryby-z-lasu-grubson\/#primaryimage\"},\"thumbnailUrl\":\"https:\/\/www.siestagarden.com\/wp-content\/uploads\/2025\/05\/5I3A8140-scaled.jpg\",\"datePublished\":\"2025-05-20T11:07:51+00:00\",\"dateModified\":\"2026-02-04T15:48:10+00:00\",\"breadcrumb\":{\"@id\":\"https:\/\/www.siestagarden.com\/produkt\/ryby-z-lasu-grubson\/#breadcrumb\"},\"inLanguage\":\"en-GB\",\"potentialAction\":[{\"@type\":\"ReadAction\",\"target\":[\"https:\/\/www.siestagarden.com\/produkt\/ryby-z-lasu-grubson\/\"]}]},{\"@type\":\"ImageObject\",\"inLanguage\":\"en-GB\",\"@id\":\"https:\/\/www.siestagarden.com\/produkt\/ryby-z-lasu-grubson\/#primaryimage\",\"url\":\"https:\/\/www.siestagarden.com\/wp-content\/uploads\/2025\/05\/5I3A8140-scaled.jpg\",\"contentUrl\":\"https:\/\/www.siestagarden.com\/wp-content\/uploads\/2025\/05\/5I3A8140-scaled.jpg\",\"width\":1707,\"height\":2560},{\"@type\":\"BreadcrumbList\",\"@id\":\"https:\/\/www.siestagarden.com\/produkt\/ryby-z-lasu-grubson\/#breadcrumb\",\"itemListElement\":[{\"@type\":\"ListItem\",\"position\":1,\"name\":\"Strona g\u0142\u00f3wna\",\"item\":\"https:\/\/www.siestagarden.com\/\"},{\"@type\":\"ListItem\",\"position\":2,\"name\":\"Sklep\",\"item\":\"https:\/\/www.siestagarden.com\/sklep\/\"},{\"@type\":\"ListItem\",\"position\":3,\"name\":\"Ryby z lasu &#8211; Grubson\"}]},{\"@type\":\"WebSite\",\"@id\":\"https:\/\/www.siestagarden.com\/#website\",\"url\":\"https:\/\/www.siestagarden.com\/\",\"name\":\"Siesta Garden\",\"description\":\"Meble do Twojego ogrodu. Polski producent drewnianych mebli najwy\u017cszej jako\u015bci.\",\"potentialAction\":[{\"@type\":\"SearchAction\",\"target\":{\"@type\":\"EntryPoint\",\"urlTemplate\":\"https:\/\/www.siestagarden.com\/?s={search_term_string}\"},\"query-input\":{\"@type\":\"PropertyValueSpecification\",\"valueRequired\":true,\"valueName\":\"search_term_string\"}}],\"inLanguage\":\"en-GB\"}]}<\/script>\n<!-- \/ Yoast SEO plugin. -->","yoast_head_json":{"title":"Ryby z lasu - Grubson - Siesta Garden","robots":{"index":"index","follow":"follow","max-snippet":"max-snippet:-1","max-image-preview":"max-image-preview:large","max-video-preview":"max-video-preview:-1"},"canonical":"https:\/\/www.siestagarden.com\/en\/product\/ryby-z-lasu-grubson\/","og_locale":"en_GB","og_type":"article","og_title":"Ryby z lasu - Grubson - Siesta Garden","og_description":"Ciesz si\u0119 swoj\u0105 ryb\u0105 po\u017cegnaj si\u0119 z nud\u0105 i powitaj zabawn\u0105 przygod\u0119, kt\u00f3ra rozja\u015bni czas sp\u0119dzony w twoim domu! Odkryj nasz zestaw dw\u00f3ch uroczych figurek ryb wykonanych z certyfikowanego drewna sosnowego FSC, ka\u017cda czekaj\u0105ca, by zosta\u0107 przekszta\u0142con\u0105 w unikatowe dzie\u0142o sztuki. Zaprojektowane, by wnie\u015b\u0107 do twojego domu atmosfer\u0119 rado\u015bci, kreatywno\u015bci i spokoju, ten czaruj\u0105cy zestaw [&hellip;]","og_url":"https:\/\/www.siestagarden.com\/en\/product\/ryby-z-lasu-grubson\/","og_site_name":"Siesta Garden","article_modified_time":"2026-02-04T15:48:10+00:00","og_image":[{"width":1707,"height":2560,"url":"https:\/\/www.siestagarden.com\/wp-content\/uploads\/2025\/05\/5I3A8140-scaled.jpg","type":"image\/jpeg"}],"twitter_card":"summary_large_image","twitter_misc":{"Estimated reading time":"2 minutes"},"schema":{"@context":"https:\/\/schema.org","@graph":[{"@type":"WebPage","@id":"https:\/\/www.siestagarden.com\/produkt\/ryby-z-lasu-grubson\/","url":"https:\/\/www.siestagarden.com\/produkt\/ryby-z-lasu-grubson\/","name":"Ryby z lasu - Grubson - Siesta Garden","isPartOf":{"@id":"https:\/\/www.siestagarden.com\/#website"},"primaryImageOfPage":{"@id":"https:\/\/www.siestagarden.com\/produkt\/ryby-z-lasu-grubson\/#primaryimage"},"image":{"@id":"https:\/\/www.siestagarden.com\/produkt\/ryby-z-lasu-grubson\/#primaryimage"},"thumbnailUrl":"https:\/\/www.siestagarden.com\/wp-content\/uploads\/2025\/05\/5I3A8140-scaled.jpg","datePublished":"2025-05-20T11:07:51+00:00","dateModified":"2026-02-04T15:48:10+00:00","breadcrumb":{"@id":"https:\/\/www.siestagarden.com\/produkt\/ryby-z-lasu-grubson\/#breadcrumb"},"inLanguage":"en-GB","potentialAction":[{"@type":"ReadAction","target":["https:\/\/www.siestagarden.com\/produkt\/ryby-z-lasu-grubson\/"]}]},{"@type":"ImageObject","inLanguage":"en-GB","@id":"https:\/\/www.siestagarden.com\/produkt\/ryby-z-lasu-grubson\/#primaryimage","url":"https:\/\/www.siestagarden.com\/wp-content\/uploads\/2025\/05\/5I3A8140-scaled.jpg","contentUrl":"https:\/\/www.siestagarden.com\/wp-content\/uploads\/2025\/05\/5I3A8140-scaled.jpg","width":1707,"height":2560},{"@type":"BreadcrumbList","@id":"https:\/\/www.siestagarden.com\/produkt\/ryby-z-lasu-grubson\/#breadcrumb","itemListElement":[{"@type":"ListItem","position":1,"name":"Strona g\u0142\u00f3wna","item":"https:\/\/www.siestagarden.com\/"},{"@type":"ListItem","position":2,"name":"Sklep","item":"https:\/\/www.siestagarden.com\/sklep\/"},{"@type":"ListItem","position":3,"name":"Ryby z lasu &#8211; Grubson"}]},{"@type":"WebSite","@id":"https:\/\/www.siestagarden.com\/#website","url":"https:\/\/www.siestagarden.com\/","name":"Siesta Garden","description":"Furniture for your garden. Polish manufacturer of wooden furniture of the highest quality.","potentialAction":[{"@type":"SearchAction","target":{"@type":"EntryPoint","urlTemplate":"https:\/\/www.siestagarden.com\/?s={search_term_string}"},"query-input":{"@type":"PropertyValueSpecification","valueRequired":true,"valueName":"search_term_string"}}],"inLanguage":"en-GB"}]}},"_links":{"self":[{"href":"https:\/\/www.siestagarden.com\/en\/wp-json\/wp\/v2\/product\/2955","targetHints":{"allow":["GET"]}}],"collection":[{"href":"https:\/\/www.siestagarden.com\/en\/wp-json\/wp\/v2\/product"}],"about":[{"href":"https:\/\/www.siestagarden.com\/en\/wp-json\/wp\/v2\/types\/product"}],"wp:featuredmedia":[{"embeddable":true,"href":"https:\/\/www.siestagarden.com\/en\/wp-json\/wp\/v2\/media\/2956"}],"wp:attachment":[{"href":"https:\/\/www.siestagarden.com\/en\/wp-json\/wp\/v2\/media?parent=2955"}],"wp:term":[{"taxonomy":"product_brand","embeddable":true,"href":"https:\/\/www.siestagarden.com\/en\/wp-json\/wp\/v2\/product_brand?post=2955"},{"taxonomy":"product_cat","embeddable":true,"href":"https:\/\/www.siestagarden.com\/en\/wp-json\/wp\/v2\/product_cat?post=2955"},{"taxonomy":"product_tag","embeddable":true,"href":"https:\/\/www.siestagarden.com\/en\/wp-json\/wp\/v2\/product_tag?post=2955"}],"curies":[{"name":"wp","href":"https:\/\/api.w.org\/{rel}","templated":true}]}}