{"id":3409,"date":"2025-10-20T12:08:47","date_gmt":"2025-10-20T10:08:47","guid":{"rendered":"https:\/\/www.siestagarden.com\/?post_type=product&#038;p=3409"},"modified":"2026-04-22T09:02:16","modified_gmt":"2026-04-22T07:02:16","slug":"paczkobox-ze-schowkiem","status":"publish","type":"product","link":"https:\/\/www.siestagarden.com\/en\/product\/paczkobox-ze-schowkiem\/","title":{"rendered":"PaczkoBox Loft with storage compartment"},"content":{"rendered":"<div id=\"model-response-message-contentr_31ed2c9359142cf3\" class=\"markdown markdown-main-panel stronger enable-updated-hr-color\" dir=\"ltr\" aria-live=\"polite\" aria-busy=\"false\">\n<p data-path-to-node=\"2\"><strong>Parcel box with storage compartment - Wooden box for parcels and packages<\/strong><\/p>\n<p id=\"p-rc_5d927ff0be89bceb-353\" data-path-to-node=\"3\"><span data-path-to-node=\"3,0\">Wyobra\u017a sobie dzie\u0144, w kt\u00f3rym nie musisz dostosowywa\u0107 swoich plan\u00f3w do godzin wizyty kuriera. <\/span><span data-path-to-node=\"3,2\"><span class=\"citation-602\">Twoje przesy\u0142ki czekaj\u0105 na Ciebie w bezpiecznym miejscu, gotowe do odbioru w dowolnym momencie. <\/span><\/span><\/p>\n<div class=\"source-inline-chip-container ng-star-inserted\"><\/div>\n<p>&nbsp;<\/p>\n<p id=\"p-rc_5d927ff0be89bceb-354\" data-path-to-node=\"4\"><span data-path-to-node=\"4,1\"><span class=\"citation-601\">Problem w tym, \u017ce paczki cz\u0119sto zostawiane s\u0105 na deszczu, \u015bniegu lub w przypadkowych, niepewnych miejscach, co nara\u017ca je na zniszczenie lub wzrok os\u00f3b trzecich. <\/span><\/span><span data-path-to-node=\"4,4\"><span class=\"citation-600\">Brakuje w nich przestrzeni, kt\u00f3ra w elegancki spos\u00f3b \u0142\u0105czy funkcj\u0119 ochronn\u0105 z praktycznym przechowywaniem. <\/span><\/span><\/p>\n<div class=\"source-inline-chip-container ng-star-inserted\"><\/div>\n<p>&nbsp;<\/p>\n<p data-path-to-node=\"5\"><b data-path-to-node=\"5\" data-index-in-node=\"0\">Rozwi\u0105zanie: Paczkobox Loft ze schowkiem<\/b><\/p>\n<p id=\"p-rc_5d927ff0be89bceb-355\" data-path-to-node=\"6\"><span data-path-to-node=\"6,1\"><span class=\"citation-599\">Paczkobox zosta\u0142 zaprojektowany po to, aby stworzy\u0107 sp\u00f3jn\u0105 i bezpieczn\u0105 stref\u0119 odbioru \u2013 miejsce, kt\u00f3re gwarantuje, \u017ce Twoje paczki zawsze b\u0119d\u0105 suche i bezpieczne. <\/span><\/span><span data-path-to-node=\"6,3\"> To gotowe rozwi\u0105zanie dla:<\/span><\/p>\n<ul data-path-to-node=\"7\">\n<li>\n<p data-path-to-node=\"7,0,0\">os\u00f3b ceni\u0105cych odbi\u00f3r przesy\u0142ek 24\/7 \u2013 nawet podczas nieobecno\u015bci domownik\u00f3w,<\/p>\n<\/li>\n<li>\n<p data-path-to-node=\"7,1,0\">ochrony zakup\u00f3w przed deszczem, \u015bniegiem i wilgoci\u0105,<\/p>\n<\/li>\n<li>\n<p id=\"p-rc_5d927ff0be89bceb-356\" data-path-to-node=\"7,2,0\"><span data-path-to-node=\"7,2,0,1\"><span class=\"citation-598\">estetycznego i porz\u0105dnego wyko\u0144czenia wej\u015bcia do domu. <\/span><\/span><\/p>\n<div class=\"source-inline-chip-container ng-star-inserted\"><\/div>\n<p>&nbsp;<\/li>\n<\/ul>\n<h3 data-path-to-node=\"9\">Co zyskujesz \u2013 realne korzy\u015bci<\/h3>\n<ul data-path-to-node=\"10\">\n<li>\n<p id=\"p-rc_5d927ff0be89bceb-357\" data-path-to-node=\"10,0,1\"><span data-path-to-node=\"10,0,1,0\"><b data-path-to-node=\"10,0,1,0\" data-index-in-node=\"0\"><span class=\"citation-597\">Pe\u0142n\u0105 swobod\u0119 odbioru:<\/span><\/b><span class=\"citation-597\"> Odbierasz paczki bez stresu i po\u015bpiechu, niezale\u017cnie od swojej obecno\u015bci w domu. <\/span><\/span><\/p>\n<\/li>\n<li>\n<p id=\"p-rc_5d927ff0be89bceb-358\" data-path-to-node=\"10,1,1\"><span data-path-to-node=\"10,1,1,0\"><b data-path-to-node=\"10,1,1,0\" data-index-in-node=\"0\"><span class=\"citation-596\">Trwa\u0142o\u015b\u0107 i solidno\u015b\u0107:<\/span><\/b><span class=\"citation-596\"> Wykonanie z naturalnego drewna sosnowego gwarantuje stabilno\u015b\u0107 oraz odporno\u015b\u0107 na codzienne u\u017cytkowanie. <\/span><\/span><\/p>\n<\/li>\n<li>\n<p id=\"p-rc_5d927ff0be89bceb-359\" data-path-to-node=\"10,2,1\"><span data-path-to-node=\"10,2,1,0\"><b data-path-to-node=\"10,2,1,0\" data-index-in-node=\"0\"><span class=\"citation-595\">Dodatkow\u0105 przestrze\u0144:<\/span><\/b><span class=\"citation-595\"> Praktyczny schowek pozwala na wygodne przechowywanie podr\u0119cznych akcesori\u00f3w ogrodowych, takich jak r\u0119kawice czy sekatory. <\/span><\/span><\/p>\n<\/li>\n<li>\n<p id=\"p-rc_5d927ff0be89bceb-360\" data-path-to-node=\"10,3,1\"><span data-path-to-node=\"10,3,1,0\"><b data-path-to-node=\"10,3,1,0\" data-index-in-node=\"0\"><span class=\"citation-594\">Bezpiecze\u0144stwo przesy\u0142ek:<\/span><\/b><span class=\"citation-594\"> Konstrukcja umo\u017cliwia zamkni\u0119cie na k\u0142\u00f3dk\u0119, dzi\u0119ki czemu dost\u0119p do zawarto\u015bci ma tylko w\u0142a\u015bciciel. <\/span><\/span><\/p>\n<\/li>\n<li>\n<p id=\"p-rc_5d927ff0be89bceb-361\" data-path-to-node=\"10,4,1\"><span data-path-to-node=\"10,4,1,0\"><b data-path-to-node=\"10,4,1,0\" data-index-in-node=\"0\"><span class=\"citation-593\">Naturaln\u0105 estetyk\u0119:<\/span><\/b><span class=\"citation-593\"> Drewno wprowadza ciep\u0142o i harmoni\u0119, doskonale komponuj\u0105c si\u0119 z tarasem, ogrodem lub wej\u015bciem do domu. <\/span><\/span><\/p>\n<div class=\"source-inline-chip-container ng-star-inserted\"><\/div>\n<p>&nbsp;<\/li>\n<\/ul>\n<p data-path-to-node=\"11\"><strong>To wi\u0119cej ni\u017c mebel \u2013 to spos\u00f3b na lepsz\u0105 organizacj\u0119 dnia. To miejsce, w kt\u00f3rym:<\/strong><\/p>\n<ul data-path-to-node=\"12\">\n<li>\n<p id=\"p-rc_5d927ff0be89bceb-362\" data-path-to-node=\"12,0,0\"><span data-path-to-node=\"12,0,0,1\"><span class=\"citation-592\">ko\u0144czysz dzie\u0144 bez sprawdzania, czy przesy\u0142ka nie przemok\u0142a na deszczu, <\/span><\/span><\/p>\n<\/li>\n<li>\n<p id=\"p-rc_5d927ff0be89bceb-363\" data-path-to-node=\"12,1,0\"><span data-path-to-node=\"12,1,0,1\"><span class=\"citation-591\">masz wszystko pod r\u0119k\u0105 dzi\u0119ki zintegrowanemu schowkowi, <\/span><\/span><\/p>\n<\/li>\n<li>\n<p id=\"p-rc_5d927ff0be89bceb-364\" data-path-to-node=\"12,2,0\"><span data-path-to-node=\"12,2,0,1\"><span class=\"citation-590\">dbasz o porz\u0105dek i estetyk\u0119 swojej posesji. <\/span><\/span><\/p>\n<div class=\"source-inline-chip-container ng-star-inserted\"><\/div>\n<p>&nbsp;<\/li>\n<\/ul>\n<p data-path-to-node=\"14\"><strong>Opis produktu<\/strong><\/p>\n<p id=\"p-rc_5d927ff0be89bceb-365\" data-path-to-node=\"15\"><span data-path-to-node=\"15,1\"><span class=\"citation-589\">Paczkobox wykonany jest z litego drewna sosnowego, co zapewnia trwa\u0142o\u015b\u0107, stabilno\u015b\u0107 oraz naturalny wygl\u0105d. <\/span><\/span><span data-path-to-node=\"15,4\"><span class=\"citation-588\">Przemy\u015blana konstrukcja pozwala kurierowi \u0142atwo umie\u015bci\u0107 paczk\u0119 w \u015brodku, zapewniaj\u0105c jej pe\u0142n\u0105 ochron\u0119. <\/span><\/span><\/p>\n<div class=\"source-inline-chip-container ng-star-inserted\"><\/div>\n<p>&nbsp;<\/p>\n<p data-path-to-node=\"16\"><b data-path-to-node=\"16\" data-index-in-node=\"0\">W sk\u0142ad produktu wchodz\u0105:<\/b><\/p>\n<ul data-path-to-node=\"17\">\n<li>\n<p id=\"p-rc_5d927ff0be89bceb-366\" data-path-to-node=\"17,0,0\"><span data-path-to-node=\"17,0,0,1\"><span class=\"citation-587\">g\u0142\u00f3wna komora na paczki i mniejsze przesy\u0142ki, <\/span><\/span><\/p>\n<\/li>\n<li>\n<p data-path-to-node=\"17,1,0\">zamykana klapa frontowa zapewniaj\u0105ca bezpieczny dost\u0119p dla w\u0142a\u015bciciela,<\/p>\n<\/li>\n<li>\n<p id=\"p-rc_5d927ff0be89bceb-367\" data-path-to-node=\"17,2,0\"><span data-path-to-node=\"17,2,0,1\"><span class=\"citation-586\">dodatkowy, praktyczny schowek na narz\u0119dzia i akcesoria ogrodowe. <\/span><\/span><\/p>\n<div class=\"source-inline-chip-container ng-star-inserted\"><\/div>\n<p>&nbsp;<\/li>\n<\/ul>\n<p id=\"p-rc_5d927ff0be89bceb-368\" data-path-to-node=\"18\"><span data-path-to-node=\"18,1\"><span class=\"citation-585\">Drewno u\u017cyte do produkcji posiada certyfikaty <\/span><b data-path-to-node=\"18,1\" data-index-in-node=\"46\"><span class=\"citation-585\">FSC<\/span><\/b><span class=\"citation-585\"> lub <\/span><b data-path-to-node=\"18,1\" data-index-in-node=\"54\"><span class=\"citation-585\">PEFC<\/span><\/b><span class=\"citation-585\"> potwierdzaj\u0105ce pochodzenie surowca. <\/span><\/span><\/p>\n<div class=\"source-inline-chip-container ng-star-inserted\"><\/div>\n<p>&nbsp;<\/p>\n<p data-path-to-node=\"19\"><b data-path-to-node=\"19\" data-index-in-node=\"0\">Co to oznacza w praktyce?<\/b><\/p>\n<ul data-path-to-node=\"20\">\n<li>\n<p id=\"p-rc_5d927ff0be89bceb-369\" data-path-to-node=\"20,0,1\"><span data-path-to-node=\"20,0,1,0\"><b data-path-to-node=\"20,0,1,0\" data-index-in-node=\"0\"><span class=\"citation-584\">Gwarancja pochodzenia:<\/span><\/b><span class=\"citation-584\"> Masz pewno\u015b\u0107, \u017ce surowiec pochodzi z las\u00f3w zarz\u0105dzanych w spos\u00f3b zr\u00f3wnowa\u017cony. <\/span><\/span><\/p>\n<\/li>\n<li>\n<p id=\"p-rc_5d927ff0be89bceb-370\" data-path-to-node=\"20,1,1\"><span data-path-to-node=\"20,1,1,0\"><b data-path-to-node=\"20,1,1,0\" data-index-in-node=\"0\"><span class=\"citation-583\">Ochrona przyrody:<\/span><\/b><span class=\"citation-583\"> Gospodarka le\u015bna prowadzona zgodnie z tymi standardami dba o odnawianie zasob\u00f3w le\u015bnych. <\/span><\/span><\/p>\n<\/li>\n<li>\n<p id=\"p-rc_5d927ff0be89bceb-371\" data-path-to-node=\"20,2,1\"><span data-path-to-node=\"20,2,1,0\"><b data-path-to-node=\"20,2,1,0\" data-index-in-node=\"0\"><span class=\"citation-582\">Wsparcie etyki:<\/span><\/b><span class=\"citation-582\"> Certyfikaty te potwierdzaj\u0105, \u017ce drewno pochodzi z legalnych i sprawdzonych \u017ar\u00f3de\u0142. <\/span><\/span><\/p>\n<div class=\"source-inline-chip-container ng-star-inserted\"><\/div>\n<p>&nbsp;<\/li>\n<\/ul>\n<p data-path-to-node=\"22\"><strong>Dlaczego warto wybra\u0107 Paczkobox ze schowkiem?<\/strong><\/p>\n<ul data-path-to-node=\"23\">\n<li>\n<p id=\"p-rc_5d927ff0be89bceb-372\" data-path-to-node=\"23,0,0\"><span data-path-to-node=\"23,0,0,1\"><span class=\"citation-581\">Inwestujesz w trwa\u0142o\u015b\u0107 \u2013 lite drewno zamiast tymczasowych rozwi\u0105za\u0144. <\/span><\/span><\/p>\n<\/li>\n<li>\n<p id=\"p-rc_5d927ff0be89bceb-373\" data-path-to-node=\"23,1,0\"><span data-path-to-node=\"23,1,0,1\"><span class=\"citation-580\">Zyskujesz produkt 2w1 \u2013 bezpieczny punkt odbioru i schowek na narz\u0119dzia. <\/span><\/span><\/p>\n<\/li>\n<li>\n<p id=\"p-rc_5d927ff0be89bceb-374\" data-path-to-node=\"23,2,0\"><span data-path-to-node=\"23,2,0,1\"><span class=\"citation-579\">Gwarantujesz sobie komfort i spok\u00f3j o ka\u017cd\u0105 zam\u00f3wion\u0105 przesy\u0142k\u0119. <\/span><\/span><\/p>\n<\/li>\n<li>\n<p id=\"p-rc_5d927ff0be89bceb-375\" data-path-to-node=\"23,3,0\"><span data-path-to-node=\"23,3,0,1\"><span class=\"citation-578\">Wybierasz uniwersalne zastosowanie \u2013 idealne do dom\u00f3w, biur czy nieruchomo\u015bci na wynajem. <\/span><\/span><\/p>\n<\/li>\n<li>\n<p id=\"p-rc_5d927ff0be89bceb-376\" data-path-to-node=\"23,4,0\"><span data-path-to-node=\"23,4,0,1\"><span class=\"citation-577\">Stawiasz na naturalny materia\u0142, kt\u00f3ry doskonale komponuje si\u0119 z otoczeniem. <\/span><\/span><\/p>\n<div class=\"source-inline-chip-container ng-star-inserted\"><\/div>\n<p>&nbsp;<\/li>\n<\/ul>\n<h3 data-path-to-node=\"25\">Technical data:<\/h3>\n<ul data-path-to-node=\"26\">\n<li>\n<p id=\"p-rc_5d927ff0be89bceb-377\" data-path-to-node=\"26,0,1\"><span data-path-to-node=\"26,0,1,0\"><b data-path-to-node=\"26,0,1,0\" data-index-in-node=\"0\"><span class=\"citation-576\">Material:<\/span><\/b><span class=\"citation-576\"> konstrukcja wykonana z drewna skandynawskiego (PEFC lub FSC). <\/span><\/span><\/p>\n<\/li>\n<li>\n<p id=\"p-rc_5d927ff0be89bceb-378\" data-path-to-node=\"26,1,1\"><span data-path-to-node=\"26,1,1,0\"><b data-path-to-node=\"26,1,1,0\" data-index-in-node=\"0\"><span class=\"citation-575\">Impregnacja:<\/span><\/b><span class=\"citation-575\"> na bazie bezpiecznych dla \u015brodowiska impregnat\u00f3w wodnych. <\/span><\/span><\/p>\n<\/li>\n<li>\n<p id=\"p-rc_5d927ff0be89bceb-379\" data-path-to-node=\"26,2,1\"><span data-path-to-node=\"26,2,1,0\"><b data-path-to-node=\"26,2,1,0\" data-index-in-node=\"0\"><span class=\"citation-574\">Zabezpieczenie:<\/span><\/b><span class=\"citation-574\"> bezpieczna konstrukcja z mo\u017cliwo\u015bci\u0105 zamkni\u0119cia na k\u0142\u00f3dk\u0119. <\/span><\/span><\/p>\n<\/li>\n<li>\n<p id=\"p-rc_5d927ff0be89bceb-380\" data-path-to-node=\"26,3,1\"><span data-path-to-node=\"26,3,1,0\"><b data-path-to-node=\"26,3,1,0\" data-index-in-node=\"0\"><span class=\"citation-573\">Monta\u017c:<\/span><\/b><span class=\"citation-573\"> produkt przeznaczony do monta\u017cu zgodnie z do\u0142\u0105czon\u0105 instrukcj\u0105. <\/span><\/span><\/p>\n<\/li>\n<li>\n<p id=\"p-rc_5d927ff0be89bceb-381\" data-path-to-node=\"26,4,1\"><span data-path-to-node=\"26,4,1,0\"><b data-path-to-node=\"26,4,1,0\" data-index-in-node=\"0\"><span class=\"citation-572\">Gwarancja:<\/span><\/b><span class=\"citation-572\"> pe\u0142na gwarancja producenta (24 miesi\u0105ce). <\/span><\/span><\/p>\n<div class=\"source-inline-chip-container ng-star-inserted\"><\/div>\n<p>&nbsp;<\/li>\n<\/ul>\n<\/div>\n<p data-start=\"1488\" data-end=\"1721\">","protected":false},"excerpt":{"rendered":"<p>Paczkobox ze schowkiem \u2013 Drewniana skrzynia na paczki i przesy\u0142ki Wyobra\u017a sobie dzie\u0144, w kt\u00f3rym nie musisz dostosowywa\u0107 swoich plan\u00f3w do godzin wizyty kuriera. Twoje przesy\u0142ki czekaj\u0105 na Ciebie w bezpiecznym miejscu, gotowe do odbioru w dowolnym momencie. &nbsp; Problem w tym, \u017ce paczki cz\u0119sto zostawiane s\u0105 na deszczu, \u015bniegu lub w przypadkowych, niepewnych miejscach, [&hellip;]<\/p>\n","protected":false},"featured_media":3410,"template":"","meta":{"_acf_changed":false},"product_brand":[],"product_cat":[98],"product_tag":[104],"class_list":{"0":"post-3409","1":"product","2":"type-product","3":"status-publish","4":"has-post-thumbnail","6":"product_cat-paczkobox","7":"product_tag-na-zamowienie","9":"first","10":"instock","11":"taxable","12":"shipping-taxable","13":"purchasable","14":"product-type-simple","15":"add-to-wishlist-after_add_to_cart"},"acf":[],"yoast_head":"<!-- This site is optimized with the Yoast SEO plugin v26.6 - https:\/\/yoast.com\/wordpress\/plugins\/seo\/ -->\n<title>PaczkoBox Loft ze schowkiem - Siesta Garden<\/title>\n<meta name=\"robots\" content=\"index, follow, max-snippet:-1, max-image-preview:large, max-video-preview:-1\" \/>\n<link rel=\"canonical\" href=\"https:\/\/www.siestagarden.com\/en\/product\/paczkobox-ze-schowkiem\/\" \/>\n<meta property=\"og:locale\" content=\"en_GB\" \/>\n<meta property=\"og:type\" content=\"article\" \/>\n<meta property=\"og:title\" content=\"PaczkoBox Loft ze schowkiem - Siesta Garden\" \/>\n<meta property=\"og:description\" content=\"Paczkobox ze schowkiem \u2013 Drewniana skrzynia na paczki i przesy\u0142ki Wyobra\u017a sobie dzie\u0144, w kt\u00f3rym nie musisz dostosowywa\u0107 swoich plan\u00f3w do godzin wizyty kuriera. Twoje przesy\u0142ki czekaj\u0105 na Ciebie w bezpiecznym miejscu, gotowe do odbioru w dowolnym momencie. &nbsp; Problem w tym, \u017ce paczki cz\u0119sto zostawiane s\u0105 na deszczu, \u015bniegu lub w przypadkowych, niepewnych miejscach, [&hellip;]\" \/>\n<meta property=\"og:url\" content=\"https:\/\/www.siestagarden.com\/en\/product\/paczkobox-ze-schowkiem\/\" \/>\n<meta property=\"og:site_name\" content=\"Siesta Garden\" \/>\n<meta property=\"article:modified_time\" content=\"2026-04-22T07:02:16+00:00\" \/>\n<meta property=\"og:image\" content=\"https:\/\/www.siestagarden.com\/wp-content\/uploads\/2025\/10\/IMG_0053-scaled-e1770628535202.jpg\" \/>\n\t<meta property=\"og:image:width\" content=\"1707\" \/>\n\t<meta property=\"og:image:height\" content=\"2560\" \/>\n\t<meta property=\"og:image:type\" content=\"image\/jpeg\" \/>\n<meta name=\"twitter:card\" content=\"summary_large_image\" \/>\n<meta name=\"twitter:label1\" content=\"Estimated reading time\" \/>\n\t<meta name=\"twitter:data1\" content=\"3 minutes\" \/>\n<script type=\"application\/ld+json\" class=\"yoast-schema-graph\">{\"@context\":\"https:\/\/schema.org\",\"@graph\":[{\"@type\":\"WebPage\",\"@id\":\"https:\/\/www.siestagarden.com\/produkt\/paczkobox-ze-schowkiem\/\",\"url\":\"https:\/\/www.siestagarden.com\/produkt\/paczkobox-ze-schowkiem\/\",\"name\":\"PaczkoBox Loft ze schowkiem - Siesta Garden\",\"isPartOf\":{\"@id\":\"https:\/\/www.siestagarden.com\/#website\"},\"primaryImageOfPage\":{\"@id\":\"https:\/\/www.siestagarden.com\/produkt\/paczkobox-ze-schowkiem\/#primaryimage\"},\"image\":{\"@id\":\"https:\/\/www.siestagarden.com\/produkt\/paczkobox-ze-schowkiem\/#primaryimage\"},\"thumbnailUrl\":\"https:\/\/www.siestagarden.com\/wp-content\/uploads\/2025\/10\/IMG_0053-scaled-e1770628535202.jpg\",\"datePublished\":\"2025-10-20T10:08:47+00:00\",\"dateModified\":\"2026-04-22T07:02:16+00:00\",\"breadcrumb\":{\"@id\":\"https:\/\/www.siestagarden.com\/produkt\/paczkobox-ze-schowkiem\/#breadcrumb\"},\"inLanguage\":\"en-GB\",\"potentialAction\":[{\"@type\":\"ReadAction\",\"target\":[\"https:\/\/www.siestagarden.com\/produkt\/paczkobox-ze-schowkiem\/\"]}]},{\"@type\":\"ImageObject\",\"inLanguage\":\"en-GB\",\"@id\":\"https:\/\/www.siestagarden.com\/produkt\/paczkobox-ze-schowkiem\/#primaryimage\",\"url\":\"https:\/\/www.siestagarden.com\/wp-content\/uploads\/2025\/10\/IMG_0053-scaled-e1770628535202.jpg\",\"contentUrl\":\"https:\/\/www.siestagarden.com\/wp-content\/uploads\/2025\/10\/IMG_0053-scaled-e1770628535202.jpg\",\"width\":1707,\"height\":2560},{\"@type\":\"BreadcrumbList\",\"@id\":\"https:\/\/www.siestagarden.com\/produkt\/paczkobox-ze-schowkiem\/#breadcrumb\",\"itemListElement\":[{\"@type\":\"ListItem\",\"position\":1,\"name\":\"Strona g\u0142\u00f3wna\",\"item\":\"https:\/\/www.siestagarden.com\/\"},{\"@type\":\"ListItem\",\"position\":2,\"name\":\"Sklep\",\"item\":\"https:\/\/www.siestagarden.com\/sklep\/\"},{\"@type\":\"ListItem\",\"position\":3,\"name\":\"PaczkoBox Loft ze schowkiem\"}]},{\"@type\":\"WebSite\",\"@id\":\"https:\/\/www.siestagarden.com\/#website\",\"url\":\"https:\/\/www.siestagarden.com\/\",\"name\":\"Siesta Garden\",\"description\":\"Meble do Twojego ogrodu. Polski producent drewnianych mebli najwy\u017cszej jako\u015bci.\",\"potentialAction\":[{\"@type\":\"SearchAction\",\"target\":{\"@type\":\"EntryPoint\",\"urlTemplate\":\"https:\/\/www.siestagarden.com\/?s={search_term_string}\"},\"query-input\":{\"@type\":\"PropertyValueSpecification\",\"valueRequired\":true,\"valueName\":\"search_term_string\"}}],\"inLanguage\":\"en-GB\"}]}<\/script>\n<!-- \/ Yoast SEO plugin. -->","yoast_head_json":{"title":"PaczkoBox Loft ze schowkiem - Siesta Garden","robots":{"index":"index","follow":"follow","max-snippet":"max-snippet:-1","max-image-preview":"max-image-preview:large","max-video-preview":"max-video-preview:-1"},"canonical":"https:\/\/www.siestagarden.com\/en\/product\/paczkobox-ze-schowkiem\/","og_locale":"en_GB","og_type":"article","og_title":"PaczkoBox Loft ze schowkiem - Siesta Garden","og_description":"Paczkobox ze schowkiem \u2013 Drewniana skrzynia na paczki i przesy\u0142ki Wyobra\u017a sobie dzie\u0144, w kt\u00f3rym nie musisz dostosowywa\u0107 swoich plan\u00f3w do godzin wizyty kuriera. Twoje przesy\u0142ki czekaj\u0105 na Ciebie w bezpiecznym miejscu, gotowe do odbioru w dowolnym momencie. &nbsp; Problem w tym, \u017ce paczki cz\u0119sto zostawiane s\u0105 na deszczu, \u015bniegu lub w przypadkowych, niepewnych miejscach, [&hellip;]","og_url":"https:\/\/www.siestagarden.com\/en\/product\/paczkobox-ze-schowkiem\/","og_site_name":"Siesta Garden","article_modified_time":"2026-04-22T07:02:16+00:00","og_image":[{"width":1707,"height":2560,"url":"https:\/\/www.siestagarden.com\/wp-content\/uploads\/2025\/10\/IMG_0053-scaled-e1770628535202.jpg","type":"image\/jpeg"}],"twitter_card":"summary_large_image","twitter_misc":{"Estimated reading time":"3 minutes"},"schema":{"@context":"https:\/\/schema.org","@graph":[{"@type":"WebPage","@id":"https:\/\/www.siestagarden.com\/produkt\/paczkobox-ze-schowkiem\/","url":"https:\/\/www.siestagarden.com\/produkt\/paczkobox-ze-schowkiem\/","name":"PaczkoBox Loft ze schowkiem - Siesta Garden","isPartOf":{"@id":"https:\/\/www.siestagarden.com\/#website"},"primaryImageOfPage":{"@id":"https:\/\/www.siestagarden.com\/produkt\/paczkobox-ze-schowkiem\/#primaryimage"},"image":{"@id":"https:\/\/www.siestagarden.com\/produkt\/paczkobox-ze-schowkiem\/#primaryimage"},"thumbnailUrl":"https:\/\/www.siestagarden.com\/wp-content\/uploads\/2025\/10\/IMG_0053-scaled-e1770628535202.jpg","datePublished":"2025-10-20T10:08:47+00:00","dateModified":"2026-04-22T07:02:16+00:00","breadcrumb":{"@id":"https:\/\/www.siestagarden.com\/produkt\/paczkobox-ze-schowkiem\/#breadcrumb"},"inLanguage":"en-GB","potentialAction":[{"@type":"ReadAction","target":["https:\/\/www.siestagarden.com\/produkt\/paczkobox-ze-schowkiem\/"]}]},{"@type":"ImageObject","inLanguage":"en-GB","@id":"https:\/\/www.siestagarden.com\/produkt\/paczkobox-ze-schowkiem\/#primaryimage","url":"https:\/\/www.siestagarden.com\/wp-content\/uploads\/2025\/10\/IMG_0053-scaled-e1770628535202.jpg","contentUrl":"https:\/\/www.siestagarden.com\/wp-content\/uploads\/2025\/10\/IMG_0053-scaled-e1770628535202.jpg","width":1707,"height":2560},{"@type":"BreadcrumbList","@id":"https:\/\/www.siestagarden.com\/produkt\/paczkobox-ze-schowkiem\/#breadcrumb","itemListElement":[{"@type":"ListItem","position":1,"name":"Strona g\u0142\u00f3wna","item":"https:\/\/www.siestagarden.com\/"},{"@type":"ListItem","position":2,"name":"Sklep","item":"https:\/\/www.siestagarden.com\/sklep\/"},{"@type":"ListItem","position":3,"name":"PaczkoBox Loft ze schowkiem"}]},{"@type":"WebSite","@id":"https:\/\/www.siestagarden.com\/#website","url":"https:\/\/www.siestagarden.com\/","name":"Siesta Garden","description":"Furniture for your garden. Polish manufacturer of wooden furniture of the highest quality.","potentialAction":[{"@type":"SearchAction","target":{"@type":"EntryPoint","urlTemplate":"https:\/\/www.siestagarden.com\/?s={search_term_string}"},"query-input":{"@type":"PropertyValueSpecification","valueRequired":true,"valueName":"search_term_string"}}],"inLanguage":"en-GB"}]}},"_links":{"self":[{"href":"https:\/\/www.siestagarden.com\/en\/wp-json\/wp\/v2\/product\/3409","targetHints":{"allow":["GET"]}}],"collection":[{"href":"https:\/\/www.siestagarden.com\/en\/wp-json\/wp\/v2\/product"}],"about":[{"href":"https:\/\/www.siestagarden.com\/en\/wp-json\/wp\/v2\/types\/product"}],"wp:featuredmedia":[{"embeddable":true,"href":"https:\/\/www.siestagarden.com\/en\/wp-json\/wp\/v2\/media\/3410"}],"wp:attachment":[{"href":"https:\/\/www.siestagarden.com\/en\/wp-json\/wp\/v2\/media?parent=3409"}],"wp:term":[{"taxonomy":"product_brand","embeddable":true,"href":"https:\/\/www.siestagarden.com\/en\/wp-json\/wp\/v2\/product_brand?post=3409"},{"taxonomy":"product_cat","embeddable":true,"href":"https:\/\/www.siestagarden.com\/en\/wp-json\/wp\/v2\/product_cat?post=3409"},{"taxonomy":"product_tag","embeddable":true,"href":"https:\/\/www.siestagarden.com\/en\/wp-json\/wp\/v2\/product_tag?post=3409"}],"curies":[{"name":"wp","href":"https:\/\/api.w.org\/{rel}","templated":true}]}}