{"id":1295,"date":"2025-02-25T12:22:18","date_gmt":"2025-02-25T11:22:18","guid":{"rendered":"https:\/\/www.siestagarden.com\/?post_type=product&#038;p=1295"},"modified":"2026-04-23T09:50:09","modified_gmt":"2026-04-23T07:50:09","slug":"darwin-15m","status":"publish","type":"product","link":"https:\/\/www.siestagarden.com\/hu\/termek\/darwin-15m\/","title":{"rendered":"Darwin 1.5m-es fa kerti pad h\u00e1tt\u00e1ml\u00e1val \u00e9s karf\u00e1val"},"content":{"rendered":"<div id=\"model-response-message-contentr_059598163ab67524\" class=\"markdown markdown-main-panel stronger enable-updated-hr-color\" dir=\"ltr\" aria-live=\"polite\" aria-busy=\"false\">\n<p data-path-to-node=\"2\"><strong>\u0141awka ogrodowa Darwin 1,5 m z litego drewna \u2013 solidna i trwa\u0142a \u0142awka do ogrodu i przestrzeni publicznych<\/strong><\/p>\n<p id=\"p-rc_93affe8f1bbace2d-124\" data-path-to-node=\"3\"><span data-path-to-node=\"3,1\"><span class=\"citation-306\">Wyobra\u017a sobie przestrze\u0144, kt\u00f3ra zaprasza do odpoczynku swoj\u0105 solidno\u015bci\u0105 i naturalnym pi\u0119knem<\/span><\/span><span data-path-to-node=\"3,3\">. <\/span><span data-path-to-node=\"3,5\"><span class=\"citation-305\">Cz\u0119sto miejsca publiczne i ogrody oferuj\u0105 meble przypadkowe lub nietrwa\u0142e, kt\u00f3re nie tworz\u0105 strefy, do kt\u00f3rej chce si\u0119 wraca\u0107<\/span><\/span><span data-path-to-node=\"3,7\">.<\/span><\/p>\n<div class=\"source-inline-chip-container ng-star-inserted\"><\/div>\n<p>&nbsp;<\/p>\n<p data-path-to-node=\"4\">\n<p id=\"p-rc_93affe8f1bbace2d-125\" data-path-to-node=\"5\"><span data-path-to-node=\"5,0\"><b data-path-to-node=\"5,0\" data-index-in-node=\"0\"><span class=\"citation-304\">Rozwi\u0105zanie: Solidna \u0142awka Darwin 1,5 m<\/span><\/b> <\/span><\/p>\n<p id=\"p-rc_93affe8f1bbace2d-126\" data-path-to-node=\"6\"><span data-path-to-node=\"6,1\"><span class=\"citation-303\">\u0141awka Darwin zosta\u0142a zaprojektowana, aby stworzy\u0107 sp\u00f3jn\u0105 i niezwykle wytrzyma\u0142\u0105 stref\u0119 wypoczynku \u2013 miejsce, w kt\u00f3rym naprawd\u0119 odpoczniesz, bez obaw o trwa\u0142o\u015b\u0107 konstrukcji<\/span><\/span><span data-path-to-node=\"6,3\">. To idealna przestrze\u0144 do:<\/span><\/p>\n<ul data-path-to-node=\"7\">\n<li>\n<p id=\"p-rc_93affe8f1bbace2d-127\" data-path-to-node=\"7,0,0\"><span data-path-to-node=\"7,0,0,1\"><span class=\"citation-302\">spokojnych chwil w ogrodzie lub na tarasie<\/span><\/span><span data-path-to-node=\"7,0,0,3\">,<\/span><\/p>\n<\/li>\n<li>\n<p id=\"p-rc_93affe8f1bbace2d-128\" data-path-to-node=\"7,1,0\"><span data-path-to-node=\"7,1,0,1\"><span class=\"citation-301\">odpoczynku w parkach miejskich i alejkach<\/span><\/span><span data-path-to-node=\"7,1,0,3\">,<\/span><\/p>\n<\/li>\n<li>\n<p id=\"p-rc_93affe8f1bbace2d-129\" data-path-to-node=\"7,2,0\"><span data-path-to-node=\"7,2,0,1\"><span class=\"citation-300\">bezpiecznego u\u017cytkowania w szko\u0142ach i szpitalach<\/span><\/span><span data-path-to-node=\"7,2,0,3\">.<\/span><\/p>\n<div class=\"source-inline-chip-container ng-star-inserted\"><\/div>\n<p>&nbsp;<\/li>\n<\/ul>\n<p data-path-to-node=\"9\"><strong>Mit nyersz \u2013 re\u00e1lis el\u0151ny\u00f6k<\/strong><\/p>\n<ul data-path-to-node=\"10\">\n<li>\n<p id=\"p-rc_93affe8f1bbace2d-130\" data-path-to-node=\"10,0,1\"><span data-path-to-node=\"10,0,1,0\"><b data-path-to-node=\"10,0,1,0\" data-index-in-node=\"0\"><span class=\"citation-299\">Prawdziwy komfort i stabilno\u015b\u0107:<\/span><\/b><span class=\"citation-299\"> Masywne nogi i wytrzyma\u0142a konstrukcja pozwalaj\u0105 Ci si\u0119 w pe\u0142ni zrelaksowa\u0107<\/span><\/span><span data-path-to-node=\"10,0,1,2\">.<\/span><\/p>\n<\/li>\n<li>\n<p id=\"p-rc_93affe8f1bbace2d-131\" data-path-to-node=\"10,1,1\"><span data-path-to-node=\"10,1,1,0\"><b data-path-to-node=\"10,1,1,0\" data-index-in-node=\"0\"><span class=\"citation-298\">Trwa\u0142o\u015b\u0107 na lata:<\/span><\/b><span class=\"citation-298\"> Wykonanie z suszonego komorowo drewna skandynawskiego gwarantuje solidno\u015b\u0107 i odporno\u015b\u0107 na codzienne, intensywne u\u017cytkowanie<\/span><\/span><span data-path-to-node=\"10,1,1,2\">.<\/span><\/p>\n<\/li>\n<li>\n<p id=\"p-rc_93affe8f1bbace2d-132\" data-path-to-node=\"10,2,1\"><span data-path-to-node=\"10,2,1,0\"><b data-path-to-node=\"10,2,1,0\" data-index-in-node=\"0\"><span class=\"citation-297\">Gotow\u0105 i estetyczn\u0105 aran\u017cacj\u0119:<\/span><\/b><span class=\"citation-297\"> Elegancki kolor Dark Grey sprawia, \u017ce \u0142awka pasuje do nowoczesnych i klasycznych przestrzeni<\/span><\/span><span data-path-to-node=\"10,2,1,2\">.<\/span><\/p>\n<\/li>\n<li>\n<p id=\"p-rc_93affe8f1bbace2d-133\" data-path-to-node=\"10,3,1\"><span data-path-to-node=\"10,3,1,0\"><b data-path-to-node=\"10,3,1,0\" data-index-in-node=\"0\"><span class=\"citation-296\">Bezpiecze\u0144stwo i ekologi\u0119:<\/span><\/b><span class=\"citation-296\"> Ekologiczna impregnacja bez szkodliwych substancji chroni zar\u00f3wno drewno, jak i \u015brodowisko<\/span><\/span><span data-path-to-node=\"10,3,1,2\">.<\/span><\/p>\n<\/li>\n<li>\n<p id=\"p-rc_93affe8f1bbace2d-134\" data-path-to-node=\"10,4,1\"><span data-path-to-node=\"10,4,1,0\"><b data-path-to-node=\"10,4,1,0\" data-index-in-node=\"0\"><span class=\"citation-295\">Odporno\u015b\u0107 na warunki pogodowe:<\/span><\/b><span class=\"citation-295\"> Materia\u0142 przygotowany do u\u017cytku zewn\u0119trznego zachowuje swoje w\u0142a\u015bciwo\u015bci przez d\u0142ugi czas<\/span><\/span><span data-path-to-node=\"10,4,1,2\">.<\/span><\/p>\n<div class=\"source-inline-chip-container ng-star-inserted\"><\/div>\n<p>&nbsp;<\/li>\n<\/ul>\n<p data-path-to-node=\"12\"><strong>To wi\u0119cej ni\u017c \u0142awka \u2013 to spos\u00f3b sp\u0119dzania czasu. To miejsce, w kt\u00f3rym:<\/strong><\/p>\n<ul data-path-to-node=\"13\">\n<li>\n<p id=\"p-rc_93affe8f1bbace2d-135\" data-path-to-node=\"13,0,0\"><span data-path-to-node=\"13,0,0,1\"><span class=\"citation-294\">zaczynasz dzie\u0144 od spokojnego oddechu na \u015bwie\u017cym powietrzu<\/span><\/span><span data-path-to-node=\"13,0,0,3\">,<\/span><\/p>\n<\/li>\n<li>\n<p id=\"p-rc_93affe8f1bbace2d-136\" data-path-to-node=\"13,1,0\"><span data-path-to-node=\"13,1,0,1\"><span class=\"citation-293\">zapewniasz trwa\u0142e i estetyczne miejsce spotka\u0144 dla innych<\/span><\/span><span data-path-to-node=\"13,1,0,3\">,<\/span><\/p>\n<\/li>\n<li>\n<p id=\"p-rc_93affe8f1bbace2d-137\" data-path-to-node=\"13,2,0\"><span data-path-to-node=\"13,2,0,1\"><span class=\"citation-292\">cieszysz si\u0119 naturalnym materia\u0142em, kt\u00f3ry szlachetnie si\u0119 starzeje<\/span><\/span><span data-path-to-node=\"13,2,0,3\">.<\/span><\/p>\n<div class=\"source-inline-chip-container ng-star-inserted\"><\/div>\n<p>&nbsp;<\/li>\n<\/ul>\n<p data-path-to-node=\"15\"><strong>Term\u00e9kle\u00edr\u00e1s<\/strong><\/p>\n<p id=\"p-rc_93affe8f1bbace2d-138\" data-path-to-node=\"16\"><span data-path-to-node=\"16,1\"><span class=\"citation-291\">\u0141awka ogrodowa Darwin 1,5 m wykonana jest z wysokiej jako\u015bci litego drewna skandynawskiego, co zapewnia jej maksymaln\u0105 stabilno\u015b\u0107 oraz naturalny wygl\u0105d<\/span><\/span><span data-path-to-node=\"16,3\">. <\/span><span data-path-to-node=\"16,5\"><span class=\"citation-290\">Konstrukcja opiera si\u0119 na masywnych nogach, dzi\u0119ki czemu produkt doskonale znosi du\u017ce nat\u0119\u017cenie u\u017cytkowania w miejscach publicznych oraz prywatnych<\/span><\/span><span data-path-to-node=\"16,7\">. <\/span><span data-path-to-node=\"16,9\"><span class=\"citation-289\">Ca\u0142o\u015b\u0107 zosta\u0142a fabrycznie zaimpregnowana ekologicznym preparatem ochronnym w nowoczesnym kolorze Dark Grey<\/span><\/span><span data-path-to-node=\"16,11\">. <\/span><span data-path-to-node=\"16,13\"><span class=\"citation-288\">Warto pami\u0119ta\u0107, \u017ce pojawiaj\u0105ce si\u0119 z czasem naturalne p\u0119kni\u0119cia drewna s\u0105 efektem procesu starzenia i nie wp\u0142ywaj\u0105 negatywnie na stabilno\u015b\u0107 ani funkcjonalno\u015b\u0107 \u0142awki<\/span><\/span><span data-path-to-node=\"16,15\">.<\/span><\/p>\n<div class=\"source-inline-chip-container ng-star-inserted\"><\/div>\n<p>&nbsp;<\/p>\n<p data-path-to-node=\"18\"><strong>Dlaczego warto wybra\u0107 \u0142awk\u0119 Darwin 1,5 m?<\/strong><\/p>\n<ul data-path-to-node=\"19\">\n<li>\n<p id=\"p-rc_93affe8f1bbace2d-139\" data-path-to-node=\"19,0,1\"><span data-path-to-node=\"19,0,1,0\"><b data-path-to-node=\"19,0,1,0\" data-index-in-node=\"0\"><span class=\"citation-287\">Tworzysz realn\u0105 stref\u0119 relaksu<\/span><\/b><span class=\"citation-287\">, kt\u00f3ra przetrwa pr\u00f3b\u0119 czasu<\/span><\/span><span data-path-to-node=\"19,0,1,2\">.<\/span><\/p>\n<\/li>\n<li>\n<p id=\"p-rc_93affe8f1bbace2d-140\" data-path-to-node=\"19,1,1\"><span data-path-to-node=\"19,1,1,0\"><b data-path-to-node=\"19,1,1,0\" data-index-in-node=\"0\"><span class=\"citation-286\">Inwestujesz w jako\u015b\u0107<\/span><\/b><span class=\"citation-286\"> \u2013 suszone komorowo drewno zamiast p\u00f3\u0142\u015brodk\u00f3w<\/span><\/span><span data-path-to-node=\"19,1,1,2\">.<\/span><\/p>\n<\/li>\n<li>\n<p id=\"p-rc_93affe8f1bbace2d-141\" data-path-to-node=\"19,2,1\"><span data-path-to-node=\"19,2,1,0\"><b data-path-to-node=\"19,2,1,0\" data-index-in-node=\"0\"><span class=\"citation-285\">Wybierasz produkt uniwersalny<\/span><\/b><span class=\"citation-285\">, idealny do szk\u00f3\u0142, park\u00f3w i na prywatne posesje<\/span><\/span><span data-path-to-node=\"19,2,1,2\">.<\/span><\/p>\n<\/li>\n<li>\n<p id=\"p-rc_93affe8f1bbace2d-142\" data-path-to-node=\"19,3,1\"><span data-path-to-node=\"19,3,1,0\"><b data-path-to-node=\"19,3,1,0\" data-index-in-node=\"0\"><span class=\"citation-284\">Zyskujesz naturalny materia\u0142<\/span><\/b><span class=\"citation-284\">, kt\u00f3ry przy corocznej konserwacji odwdzi\u0119czy si\u0119 d\u0142ugowieczno\u015bci\u0105<\/span><\/span><span data-path-to-node=\"19,3,1,2\">.<\/span><\/p>\n<div class=\"source-inline-chip-container ng-star-inserted\"><\/div>\n<\/li>\n<\/ul>\n<p data-path-to-node=\"21\"><strong>M\u0171szaki adatok<\/strong><\/p>\n<ul data-path-to-node=\"22\">\n<li>\n<p id=\"p-rc_93affe8f1bbace2d-143\" data-path-to-node=\"22,0,1\"><span data-path-to-node=\"22,0,1,0\"><b data-path-to-node=\"22,0,1,0\" data-index-in-node=\"0\"><span class=\"citation-283\">Anyag:<\/span><\/b><span class=\"citation-283\"> lite drewno skandynawskie, suszone komorowo<\/span><\/span><span data-path-to-node=\"22,0,1,2\">.<\/span><\/p>\n<\/li>\n<li>\n<p id=\"p-rc_93affe8f1bbace2d-144\" data-path-to-node=\"22,1,1\"><span data-path-to-node=\"22,1,1,0\"><b data-path-to-node=\"22,1,1,0\" data-index-in-node=\"0\"><span class=\"citation-282\">Impregnacja:<\/span><\/b><span class=\"citation-282\"> ekologiczna, bez szkodliwych substancji (kolor Dark Grey)<\/span><\/span><span data-path-to-node=\"22,1,1,2\">.<\/span><\/p>\n<\/li>\n<li>\n<p id=\"p-rc_93affe8f1bbace2d-145\" data-path-to-node=\"22,2,1\"><span data-path-to-node=\"22,2,1,0\"><b data-path-to-node=\"22,2,1,0\" data-index-in-node=\"0\"><span class=\"citation-281\">Alkalmaz\u00e1s<\/span><\/b><span class=\"citation-281\"> ogrody, tarasy, parki, plac\u00f3wki publiczne<\/span><\/span><span data-path-to-node=\"22,2,1,2\">.<\/span><\/p>\n<\/li>\n<li>\n<p id=\"p-rc_93affe8f1bbace2d-146\" data-path-to-node=\"22,3,1\"><span data-path-to-node=\"22,3,1,0\"><b data-path-to-node=\"22,3,1,0\" data-index-in-node=\"0\"><span class=\"citation-280\">Karbantart\u00e1s<\/span><\/b><span class=\"citation-280\"> dla wyd\u0142u\u017cenia \u017cywotno\u015bci zalecane coroczne olejowanie lub impregnacja<\/span><\/span><span data-path-to-node=\"22,3,1,2\">.<\/span><\/p>\n<\/li>\n<li>\n<p id=\"p-rc_93affe8f1bbace2d-147\" data-path-to-node=\"22,4,1\"><span data-path-to-node=\"22,4,1,0\"><b data-path-to-node=\"22,4,1,0\" data-index-in-node=\"0\"><span class=\"citation-279\">Gwarancja:<\/span><\/b><span class=\"citation-279\"> 24 miesi\u0105ce gwarancji producenta<\/span><\/span><span data-path-to-node=\"22,4,1,2\">.<\/span><\/p>\n<div class=\"source-inline-chip-container ng-star-inserted\"><\/div>\n<p>&nbsp;<\/li>\n<\/ul>\n<\/div>","protected":false},"excerpt":{"rendered":"<p>\u0141awka ogrodowa Darwin 1,5 m z litego drewna \u2013 solidna i trwa\u0142a \u0142awka do ogrodu i przestrzeni publicznych Wyobra\u017a sobie przestrze\u0144, kt\u00f3ra zaprasza do odpoczynku swoj\u0105 solidno\u015bci\u0105 i naturalnym pi\u0119knem. Cz\u0119sto miejsca publiczne i ogrody oferuj\u0105 meble przypadkowe lub nietrwa\u0142e, kt\u00f3re nie tworz\u0105 strefy, do kt\u00f3rej chce si\u0119 wraca\u0107. &nbsp; Rozwi\u0105zanie: Solidna \u0142awka Darwin 1,5 [&hellip;]<\/p>\n","protected":false},"featured_media":678,"template":"","meta":{"_acf_changed":false},"product_brand":[],"product_cat":[67],"product_tag":[82],"class_list":{"0":"post-1295","1":"product","2":"type-product","3":"status-publish","4":"has-post-thumbnail","6":"product_cat-sofy-i-lawki","7":"product_tag-kolekcja-darwin","8":"product_shipping_class-podstawowa","10":"first","11":"instock","12":"taxable","13":"shipping-taxable","14":"purchasable","15":"product-type-simple","16":"add-to-wishlist-after_add_to_cart"},"acf":[],"yoast_head":"<!-- This site is optimized with the Yoast SEO plugin v26.6 - https:\/\/yoast.com\/wordpress\/plugins\/seo\/ -->\n<title>Drewniana \u0142awka ogrodowa Darwin 1,5m z oparciem i pod\u0142okietnikami - Siesta Garden<\/title>\n<meta name=\"robots\" content=\"index, follow, max-snippet:-1, max-image-preview:large, max-video-preview:-1\" \/>\n<link rel=\"canonical\" href=\"https:\/\/www.siestagarden.com\/hu\/termek\/darwin-15m\/\" \/>\n<meta property=\"og:locale\" content=\"hu_HU\" \/>\n<meta property=\"og:type\" content=\"article\" \/>\n<meta property=\"og:title\" content=\"Drewniana \u0142awka ogrodowa Darwin 1,5m z oparciem i pod\u0142okietnikami - Siesta Garden\" \/>\n<meta property=\"og:description\" content=\"\u0141awka ogrodowa Darwin 1,5 m z litego drewna \u2013 solidna i trwa\u0142a \u0142awka do ogrodu i przestrzeni publicznych Wyobra\u017a sobie przestrze\u0144, kt\u00f3ra zaprasza do odpoczynku swoj\u0105 solidno\u015bci\u0105 i naturalnym pi\u0119knem. Cz\u0119sto miejsca publiczne i ogrody oferuj\u0105 meble przypadkowe lub nietrwa\u0142e, kt\u00f3re nie tworz\u0105 strefy, do kt\u00f3rej chce si\u0119 wraca\u0107. &nbsp; Rozwi\u0105zanie: Solidna \u0142awka Darwin 1,5 [&hellip;]\" \/>\n<meta property=\"og:url\" content=\"https:\/\/www.siestagarden.com\/hu\/termek\/darwin-15m\/\" \/>\n<meta property=\"og:site_name\" content=\"Siesta Garden\" \/>\n<meta property=\"article:modified_time\" content=\"2026-04-23T07:50:09+00:00\" \/>\n<meta property=\"og:image\" content=\"https:\/\/www.siestagarden.com\/wp-content\/uploads\/2024\/09\/78b24af19a88b6b93d4e13d3642a7c0e.jpg\" \/>\n\t<meta property=\"og:image:width\" content=\"672\" \/>\n\t<meta property=\"og:image:height\" content=\"448\" \/>\n\t<meta property=\"og:image:type\" content=\"image\/jpeg\" \/>\n<meta name=\"twitter:card\" content=\"summary_large_image\" \/>\n<meta name=\"twitter:label1\" content=\"Becs\u00fclt olvas\u00e1si id\u0151\" \/>\n\t<meta name=\"twitter:data1\" content=\"3 perc\" \/>\n<script type=\"application\/ld+json\" class=\"yoast-schema-graph\">{\"@context\":\"https:\/\/schema.org\",\"@graph\":[{\"@type\":\"WebPage\",\"@id\":\"https:\/\/www.siestagarden.com\/produkt\/darwin-15m\/\",\"url\":\"https:\/\/www.siestagarden.com\/produkt\/darwin-15m\/\",\"name\":\"Drewniana \u0142awka ogrodowa Darwin 1,5m z oparciem i pod\u0142okietnikami - Siesta Garden\",\"isPartOf\":{\"@id\":\"https:\/\/www.siestagarden.com\/#website\"},\"primaryImageOfPage\":{\"@id\":\"https:\/\/www.siestagarden.com\/produkt\/darwin-15m\/#primaryimage\"},\"image\":{\"@id\":\"https:\/\/www.siestagarden.com\/produkt\/darwin-15m\/#primaryimage\"},\"thumbnailUrl\":\"https:\/\/www.siestagarden.com\/wp-content\/uploads\/2024\/09\/78b24af19a88b6b93d4e13d3642a7c0e.jpg\",\"datePublished\":\"2025-02-25T11:22:18+00:00\",\"dateModified\":\"2026-04-23T07:50:09+00:00\",\"breadcrumb\":{\"@id\":\"https:\/\/www.siestagarden.com\/produkt\/darwin-15m\/#breadcrumb\"},\"inLanguage\":\"hu\",\"potentialAction\":[{\"@type\":\"ReadAction\",\"target\":[\"https:\/\/www.siestagarden.com\/produkt\/darwin-15m\/\"]}]},{\"@type\":\"ImageObject\",\"inLanguage\":\"hu\",\"@id\":\"https:\/\/www.siestagarden.com\/produkt\/darwin-15m\/#primaryimage\",\"url\":\"https:\/\/www.siestagarden.com\/wp-content\/uploads\/2024\/09\/78b24af19a88b6b93d4e13d3642a7c0e.jpg\",\"contentUrl\":\"https:\/\/www.siestagarden.com\/wp-content\/uploads\/2024\/09\/78b24af19a88b6b93d4e13d3642a7c0e.jpg\",\"width\":672,\"height\":448},{\"@type\":\"BreadcrumbList\",\"@id\":\"https:\/\/www.siestagarden.com\/produkt\/darwin-15m\/#breadcrumb\",\"itemListElement\":[{\"@type\":\"ListItem\",\"position\":1,\"name\":\"Strona g\u0142\u00f3wna\",\"item\":\"https:\/\/www.siestagarden.com\/\"},{\"@type\":\"ListItem\",\"position\":2,\"name\":\"Sklep\",\"item\":\"https:\/\/www.siestagarden.com\/sklep\/\"},{\"@type\":\"ListItem\",\"position\":3,\"name\":\"Drewniana \u0142awka ogrodowa Darwin 1,5m z oparciem i pod\u0142okietnikami\"}]},{\"@type\":\"WebSite\",\"@id\":\"https:\/\/www.siestagarden.com\/#website\",\"url\":\"https:\/\/www.siestagarden.com\/\",\"name\":\"Siesta Garden\",\"description\":\"Meble do Twojego ogrodu. Polski producent drewnianych mebli najwy\u017cszej jako\u015bci.\",\"potentialAction\":[{\"@type\":\"SearchAction\",\"target\":{\"@type\":\"EntryPoint\",\"urlTemplate\":\"https:\/\/www.siestagarden.com\/?s={search_term_string}\"},\"query-input\":{\"@type\":\"PropertyValueSpecification\",\"valueRequired\":true,\"valueName\":\"search_term_string\"}}],\"inLanguage\":\"hu\"}]}<\/script>\n<!-- \/ Yoast SEO plugin. -->","yoast_head_json":{"title":"Drewniana \u0142awka ogrodowa Darwin 1,5m z oparciem i pod\u0142okietnikami - Siesta Garden","robots":{"index":"index","follow":"follow","max-snippet":"max-snippet:-1","max-image-preview":"max-image-preview:large","max-video-preview":"max-video-preview:-1"},"canonical":"https:\/\/www.siestagarden.com\/hu\/termek\/darwin-15m\/","og_locale":"hu_HU","og_type":"article","og_title":"Drewniana \u0142awka ogrodowa Darwin 1,5m z oparciem i pod\u0142okietnikami - Siesta Garden","og_description":"\u0141awka ogrodowa Darwin 1,5 m z litego drewna \u2013 solidna i trwa\u0142a \u0142awka do ogrodu i przestrzeni publicznych Wyobra\u017a sobie przestrze\u0144, kt\u00f3ra zaprasza do odpoczynku swoj\u0105 solidno\u015bci\u0105 i naturalnym pi\u0119knem. Cz\u0119sto miejsca publiczne i ogrody oferuj\u0105 meble przypadkowe lub nietrwa\u0142e, kt\u00f3re nie tworz\u0105 strefy, do kt\u00f3rej chce si\u0119 wraca\u0107. &nbsp; Rozwi\u0105zanie: Solidna \u0142awka Darwin 1,5 [&hellip;]","og_url":"https:\/\/www.siestagarden.com\/hu\/termek\/darwin-15m\/","og_site_name":"Siesta Garden","article_modified_time":"2026-04-23T07:50:09+00:00","og_image":[{"width":672,"height":448,"url":"https:\/\/www.siestagarden.com\/wp-content\/uploads\/2024\/09\/78b24af19a88b6b93d4e13d3642a7c0e.jpg","type":"image\/jpeg"}],"twitter_card":"summary_large_image","twitter_misc":{"Becs\u00fclt olvas\u00e1si id\u0151":"3 perc"},"schema":{"@context":"https:\/\/schema.org","@graph":[{"@type":"WebPage","@id":"https:\/\/www.siestagarden.com\/produkt\/darwin-15m\/","url":"https:\/\/www.siestagarden.com\/produkt\/darwin-15m\/","name":"Drewniana \u0142awka ogrodowa Darwin 1,5m z oparciem i pod\u0142okietnikami - Siesta Garden","isPartOf":{"@id":"https:\/\/www.siestagarden.com\/#website"},"primaryImageOfPage":{"@id":"https:\/\/www.siestagarden.com\/produkt\/darwin-15m\/#primaryimage"},"image":{"@id":"https:\/\/www.siestagarden.com\/produkt\/darwin-15m\/#primaryimage"},"thumbnailUrl":"https:\/\/www.siestagarden.com\/wp-content\/uploads\/2024\/09\/78b24af19a88b6b93d4e13d3642a7c0e.jpg","datePublished":"2025-02-25T11:22:18+00:00","dateModified":"2026-04-23T07:50:09+00:00","breadcrumb":{"@id":"https:\/\/www.siestagarden.com\/produkt\/darwin-15m\/#breadcrumb"},"inLanguage":"hu","potentialAction":[{"@type":"ReadAction","target":["https:\/\/www.siestagarden.com\/produkt\/darwin-15m\/"]}]},{"@type":"ImageObject","inLanguage":"hu","@id":"https:\/\/www.siestagarden.com\/produkt\/darwin-15m\/#primaryimage","url":"https:\/\/www.siestagarden.com\/wp-content\/uploads\/2024\/09\/78b24af19a88b6b93d4e13d3642a7c0e.jpg","contentUrl":"https:\/\/www.siestagarden.com\/wp-content\/uploads\/2024\/09\/78b24af19a88b6b93d4e13d3642a7c0e.jpg","width":672,"height":448},{"@type":"BreadcrumbList","@id":"https:\/\/www.siestagarden.com\/produkt\/darwin-15m\/#breadcrumb","itemListElement":[{"@type":"ListItem","position":1,"name":"Strona g\u0142\u00f3wna","item":"https:\/\/www.siestagarden.com\/"},{"@type":"ListItem","position":2,"name":"Sklep","item":"https:\/\/www.siestagarden.com\/sklep\/"},{"@type":"ListItem","position":3,"name":"Drewniana \u0142awka ogrodowa Darwin 1,5m z oparciem i pod\u0142okietnikami"}]},{"@type":"WebSite","@id":"https:\/\/www.siestagarden.com\/#website","url":"https:\/\/www.siestagarden.com\/","name":"Siesta Garden","description":"Kerti b\u00fatorok. Magas min\u0151s\u00e9g\u0171 fa kerti b\u00fatorok lengyel gy\u00e1rt\u00f3ja.","potentialAction":[{"@type":"SearchAction","target":{"@type":"EntryPoint","urlTemplate":"https:\/\/www.siestagarden.com\/?s={search_term_string}"},"query-input":{"@type":"PropertyValueSpecification","valueRequired":true,"valueName":"search_term_string"}}],"inLanguage":"hu"}]}},"_links":{"self":[{"href":"https:\/\/www.siestagarden.com\/hu\/wp-json\/wp\/v2\/product\/1295","targetHints":{"allow":["GET"]}}],"collection":[{"href":"https:\/\/www.siestagarden.com\/hu\/wp-json\/wp\/v2\/product"}],"about":[{"href":"https:\/\/www.siestagarden.com\/hu\/wp-json\/wp\/v2\/types\/product"}],"wp:featuredmedia":[{"embeddable":true,"href":"https:\/\/www.siestagarden.com\/hu\/wp-json\/wp\/v2\/media\/678"}],"wp:attachment":[{"href":"https:\/\/www.siestagarden.com\/hu\/wp-json\/wp\/v2\/media?parent=1295"}],"wp:term":[{"taxonomy":"product_brand","embeddable":true,"href":"https:\/\/www.siestagarden.com\/hu\/wp-json\/wp\/v2\/product_brand?post=1295"},{"taxonomy":"product_cat","embeddable":true,"href":"https:\/\/www.siestagarden.com\/hu\/wp-json\/wp\/v2\/product_cat?post=1295"},{"taxonomy":"product_tag","embeddable":true,"href":"https:\/\/www.siestagarden.com\/hu\/wp-json\/wp\/v2\/product_tag?post=1295"}],"curies":[{"name":"wp","href":"https:\/\/api.w.org\/{rel}","templated":true}]}}