{"id":1298,"date":"2025-02-25T12:22:19","date_gmt":"2025-02-25T11:22:19","guid":{"rendered":"https:\/\/www.siestagarden.com\/?post_type=product&#038;p=1298"},"modified":"2026-03-04T10:39:44","modified_gmt":"2026-03-04T09:39:44","slug":"lilly-15m","status":"publish","type":"product","link":"https:\/\/www.siestagarden.com\/hu\/termek\/lilly-15m\/","title":{"rendered":"Lilly 1.5m f\u00e1b\u00f3l k\u00e9sz\u00fclt kerti pad, park pad, park pad"},"content":{"rendered":"<p><strong>LILLY 1,5 m t\u00f6m\u00f6rfa kerti pad | FSC\u00ae tan\u00fas\u00edtv\u00e1nnyal rendelkez\u0151 fa \u2013 h\u00e1romszem\u00e9lyes<\/strong>, st\u00edlusos \u00e9s tart\u00f3s k\u00fclt\u00e9ri pad<\/p>\n<p><strong>LILLY 1,5 m kerti pad<\/strong> Ez egy eleg\u00e1ns \u00e9s k\u00f6rnyezettudatos \u00fcl\u0151megold\u00e1s, amely egyes\u00edti a k\u00e9nyelmet, az eszt\u00e9tik\u00e1t \u00e9s a hossz\u00fa \u00e9lettartamot. Foly\u00e9konyan form\u00e1zott alakja \u2013 az \u00fcl\u0151fel\u00fclet \u00e9s a h\u00e1tt\u00e1mla egyetlen egys\u00e9gben \u2013 harmonikus, modern diz\u00e1jnt hoz l\u00e9tre, amely t\u00f6k\u00e9letesen illeszkedik a legk\u00fcl\u00f6nf\u00e9l\u00e9bb k\u00fclt\u00e9ri terekbe.<\/p>\n<p>K\u00e9sz\u00fclt <strong>FSC\u00ae tan\u00fas\u00edtott feny\u0151f\u00e1b\u00f3l<\/strong>, felel\u0151s forr\u00e1sb\u00f3l sz\u00e1rmaz\u00f3 padot kamr\u00e1ban sz\u00e1r\u00edtott\u00e1k, majd 3. kateg\u00f3ri\u00e1j\u00fa v\u00e9delemmel impregn\u00e1lt\u00e1k \u2013 ez a kerti b\u00fatorokon alkalmazott legmagasabb v\u00e9detts\u00e9gi fokozat. Ez biztos\u00edtja a t\u00f6bb mint 10 \u00e9ves \u00e1tlagos \u00e9lettartamot. A teljes v\u00e9delem fenntart\u00e1sa \u00e9rdek\u00e9ben \u00e9vente javasolt impregn\u00e1l\u00f3szer vagy v\u00e9d\u0151anyag haszn\u00e1lata.<\/p>\n<p>A massz\u00edv szerkezet, lekerek\u00edtett \u00e9lekkel \u00e9s l\u00e1gy vonalakkal kialak\u00edtva, nemcsak stabilit\u00e1st, hanem magas haszn\u00e1lati k\u00e9nyelmet \u00e9s vizu\u00e1lis k\u00f6nnyeds\u00e9get is biztos\u00edt.<\/p>\n<p>\u2714\ufe0f FSC\u00ae tan\u00fas\u00edtv\u00e1nnyal rendelkez\u0151, kiv\u00e1l\u00f3 min\u0151s\u00e9g\u0171 feny\u0151fa<\/p>\n<p>\u2714\ufe0f Modern, egys\u00e9ges \u00fcl\u00e9s- \u00e9s h\u00e1tt\u00e1mlaforma<\/p>\n<p>\u2714\ufe0f Kamar\u00e1ban sz\u00e1r\u00edtott \u00e9s 3. kateg\u00f3ri\u00e1ba impregn\u00e1lt \u2013 tart\u00f3ss\u00e1g t\u00f6bb mint 10 \u00e9vig<\/p>\n<p>\u2714\ufe0f N\u00e9gy szem\u00e9lyes \u2013 ide\u00e1lis nagyobb kertekbe, parkokba, gy\u00fcm\u00f6lcs\u00f6s\u00f6kbe \u00e9s k\u00f6zter\u00fcletekre<\/p>\n<p>Sz\u00e1ll\u00edtva csomagban \u2013 gyors, 10 perces \u00f6sszeszerel\u00e9s, minden szersz\u00e1m mell\u00e9kelve<\/p>\n<p>\u2714\ufe0f Kiv\u00e1l\u00f3an mutat sz\u00f3l\u00f3ban vagy csoportban, kereskedelmi terekben is<\/p>\n<p><strong>LILLY 1,5m<\/strong> t\u00f6k\u00e9letesen illeszkedik a h\u00e1z k\u00f6r\u00fcli z\u00f6ld k\u00f6rnyezetbe \u2013 teraszokra, kertekbe vagy k\u00f6zter\u00fcletekre.<\/p>\n<p>Gondosan elk\u00e9sz\u00edtett, k\u00f6rnyezetbar\u00e1t h\u00e1rom\u00fcl\u00e9ses pad \u2013 a st\u00edlus, a tart\u00f3ss\u00e1g \u00e9s a funkcionalit\u00e1s egyed\u00fcl\u00e1ll\u00f3 \u00f6tv\u00f6zete.<\/p>","protected":false},"excerpt":{"rendered":"<p>\u0141awka ogrodowa LILLY 1,5m z litego drewna | Certyfikowane drewno FSC\u00ae \u2013 trzyosobowa, stylowa i trwa\u0142a \u0142awka zewn\u0119trzna \u0141awka ogrodowa LILLY 1,5m to eleganckie i ekologiczne rozwi\u0105zanie do siedzenia, kt\u00f3re \u0142\u0105czy komfort, estetyk\u0119 oraz d\u0142ugowieczno\u015b\u0107. Jej p\u0142ynnie wyprofilowany kszta\u0142t \u2013 siedzisko i oparcie w jednej formie \u2013 tworzy harmonijny, nowoczesny design idealnie wpisuj\u0105cy si\u0119 w [&hellip;]<\/p>\n","protected":false},"featured_media":2919,"template":"","meta":{"_acf_changed":false},"product_brand":[],"product_cat":[67],"product_tag":[83],"class_list":{"0":"post-1298","1":"product","2":"type-product","3":"status-publish","4":"has-post-thumbnail","6":"product_cat-sofy-i-lawki","7":"product_tag-kolekcja-lilly","8":"product_shipping_class-podstawowa","10":"first","11":"instock","12":"taxable","13":"shipping-taxable","14":"purchasable","15":"product-type-simple","16":"add-to-wishlist-after_add_to_cart"},"acf":[],"yoast_head":"<!-- This site is optimized with the Yoast SEO plugin v26.6 - https:\/\/yoast.com\/wordpress\/plugins\/seo\/ -->\n<title>Drewniana \u0142awka ogrodowa Lilly 1,5m ogrodowa, parkowa - Siesta Garden<\/title>\n<meta name=\"robots\" content=\"index, follow, max-snippet:-1, max-image-preview:large, max-video-preview:-1\" \/>\n<link rel=\"canonical\" href=\"https:\/\/www.siestagarden.com\/hu\/termek\/lilly-15m\/\" \/>\n<meta property=\"og:locale\" content=\"hu_HU\" \/>\n<meta property=\"og:type\" content=\"article\" \/>\n<meta property=\"og:title\" content=\"Drewniana \u0142awka ogrodowa Lilly 1,5m ogrodowa, parkowa - Siesta Garden\" \/>\n<meta property=\"og:description\" content=\"\u0141awka ogrodowa LILLY 1,5m z litego drewna | Certyfikowane drewno FSC\u00ae \u2013 trzyosobowa, stylowa i trwa\u0142a \u0142awka zewn\u0119trzna \u0141awka ogrodowa LILLY 1,5m to eleganckie i ekologiczne rozwi\u0105zanie do siedzenia, kt\u00f3re \u0142\u0105czy komfort, estetyk\u0119 oraz d\u0142ugowieczno\u015b\u0107. Jej p\u0142ynnie wyprofilowany kszta\u0142t \u2013 siedzisko i oparcie w jednej formie \u2013 tworzy harmonijny, nowoczesny design idealnie wpisuj\u0105cy si\u0119 w [&hellip;]\" \/>\n<meta property=\"og:url\" content=\"https:\/\/www.siestagarden.com\/hu\/termek\/lilly-15m\/\" \/>\n<meta property=\"og:site_name\" content=\"Siesta Garden\" \/>\n<meta property=\"article:modified_time\" content=\"2026-03-04T09:39:44+00:00\" \/>\n<meta property=\"og:image\" content=\"https:\/\/www.siestagarden.com\/wp-content\/uploads\/2025\/02\/IMG_3568.jpg\" \/>\n\t<meta property=\"og:image:width\" content=\"1275\" \/>\n\t<meta property=\"og:image:height\" content=\"850\" \/>\n\t<meta property=\"og:image:type\" content=\"image\/jpeg\" \/>\n<meta name=\"twitter:card\" content=\"summary_large_image\" \/>\n<meta name=\"twitter:label1\" content=\"Becs\u00fclt olvas\u00e1si id\u0151\" \/>\n\t<meta name=\"twitter:data1\" content=\"2 perc\" \/>\n<script type=\"application\/ld+json\" class=\"yoast-schema-graph\">{\"@context\":\"https:\/\/schema.org\",\"@graph\":[{\"@type\":\"WebPage\",\"@id\":\"https:\/\/www.siestagarden.com\/produkt\/lilly-15m\/\",\"url\":\"https:\/\/www.siestagarden.com\/produkt\/lilly-15m\/\",\"name\":\"Drewniana \u0142awka ogrodowa Lilly 1,5m ogrodowa, parkowa - Siesta Garden\",\"isPartOf\":{\"@id\":\"https:\/\/www.siestagarden.com\/#website\"},\"primaryImageOfPage\":{\"@id\":\"https:\/\/www.siestagarden.com\/produkt\/lilly-15m\/#primaryimage\"},\"image\":{\"@id\":\"https:\/\/www.siestagarden.com\/produkt\/lilly-15m\/#primaryimage\"},\"thumbnailUrl\":\"https:\/\/www.siestagarden.com\/wp-content\/uploads\/2025\/02\/IMG_3568.jpg\",\"datePublished\":\"2025-02-25T11:22:19+00:00\",\"dateModified\":\"2026-03-04T09:39:44+00:00\",\"breadcrumb\":{\"@id\":\"https:\/\/www.siestagarden.com\/produkt\/lilly-15m\/#breadcrumb\"},\"inLanguage\":\"hu\",\"potentialAction\":[{\"@type\":\"ReadAction\",\"target\":[\"https:\/\/www.siestagarden.com\/produkt\/lilly-15m\/\"]}]},{\"@type\":\"ImageObject\",\"inLanguage\":\"hu\",\"@id\":\"https:\/\/www.siestagarden.com\/produkt\/lilly-15m\/#primaryimage\",\"url\":\"https:\/\/www.siestagarden.com\/wp-content\/uploads\/2025\/02\/IMG_3568.jpg\",\"contentUrl\":\"https:\/\/www.siestagarden.com\/wp-content\/uploads\/2025\/02\/IMG_3568.jpg\",\"width\":1275,\"height\":850},{\"@type\":\"BreadcrumbList\",\"@id\":\"https:\/\/www.siestagarden.com\/produkt\/lilly-15m\/#breadcrumb\",\"itemListElement\":[{\"@type\":\"ListItem\",\"position\":1,\"name\":\"Strona g\u0142\u00f3wna\",\"item\":\"https:\/\/www.siestagarden.com\/\"},{\"@type\":\"ListItem\",\"position\":2,\"name\":\"Sklep\",\"item\":\"https:\/\/www.siestagarden.com\/sklep\/\"},{\"@type\":\"ListItem\",\"position\":3,\"name\":\"Drewniana \u0142awka ogrodowa Lilly 1,5m ogrodowa, parkowa\"}]},{\"@type\":\"WebSite\",\"@id\":\"https:\/\/www.siestagarden.com\/#website\",\"url\":\"https:\/\/www.siestagarden.com\/\",\"name\":\"Siesta Garden\",\"description\":\"Meble do Twojego ogrodu. Polski producent drewnianych mebli najwy\u017cszej jako\u015bci.\",\"potentialAction\":[{\"@type\":\"SearchAction\",\"target\":{\"@type\":\"EntryPoint\",\"urlTemplate\":\"https:\/\/www.siestagarden.com\/?s={search_term_string}\"},\"query-input\":{\"@type\":\"PropertyValueSpecification\",\"valueRequired\":true,\"valueName\":\"search_term_string\"}}],\"inLanguage\":\"hu\"}]}<\/script>\n<!-- \/ Yoast SEO plugin. -->","yoast_head_json":{"title":"Drewniana \u0142awka ogrodowa Lilly 1,5m ogrodowa, parkowa - Siesta Garden","robots":{"index":"index","follow":"follow","max-snippet":"max-snippet:-1","max-image-preview":"max-image-preview:large","max-video-preview":"max-video-preview:-1"},"canonical":"https:\/\/www.siestagarden.com\/hu\/termek\/lilly-15m\/","og_locale":"hu_HU","og_type":"article","og_title":"Drewniana \u0142awka ogrodowa Lilly 1,5m ogrodowa, parkowa - Siesta Garden","og_description":"\u0141awka ogrodowa LILLY 1,5m z litego drewna | Certyfikowane drewno FSC\u00ae \u2013 trzyosobowa, stylowa i trwa\u0142a \u0142awka zewn\u0119trzna \u0141awka ogrodowa LILLY 1,5m to eleganckie i ekologiczne rozwi\u0105zanie do siedzenia, kt\u00f3re \u0142\u0105czy komfort, estetyk\u0119 oraz d\u0142ugowieczno\u015b\u0107. Jej p\u0142ynnie wyprofilowany kszta\u0142t \u2013 siedzisko i oparcie w jednej formie \u2013 tworzy harmonijny, nowoczesny design idealnie wpisuj\u0105cy si\u0119 w [&hellip;]","og_url":"https:\/\/www.siestagarden.com\/hu\/termek\/lilly-15m\/","og_site_name":"Siesta Garden","article_modified_time":"2026-03-04T09:39:44+00:00","og_image":[{"width":1275,"height":850,"url":"https:\/\/www.siestagarden.com\/wp-content\/uploads\/2025\/02\/IMG_3568.jpg","type":"image\/jpeg"}],"twitter_card":"summary_large_image","twitter_misc":{"Becs\u00fclt olvas\u00e1si id\u0151":"2 perc"},"schema":{"@context":"https:\/\/schema.org","@graph":[{"@type":"WebPage","@id":"https:\/\/www.siestagarden.com\/produkt\/lilly-15m\/","url":"https:\/\/www.siestagarden.com\/produkt\/lilly-15m\/","name":"Drewniana \u0142awka ogrodowa Lilly 1,5m ogrodowa, parkowa - Siesta Garden","isPartOf":{"@id":"https:\/\/www.siestagarden.com\/#website"},"primaryImageOfPage":{"@id":"https:\/\/www.siestagarden.com\/produkt\/lilly-15m\/#primaryimage"},"image":{"@id":"https:\/\/www.siestagarden.com\/produkt\/lilly-15m\/#primaryimage"},"thumbnailUrl":"https:\/\/www.siestagarden.com\/wp-content\/uploads\/2025\/02\/IMG_3568.jpg","datePublished":"2025-02-25T11:22:19+00:00","dateModified":"2026-03-04T09:39:44+00:00","breadcrumb":{"@id":"https:\/\/www.siestagarden.com\/produkt\/lilly-15m\/#breadcrumb"},"inLanguage":"hu","potentialAction":[{"@type":"ReadAction","target":["https:\/\/www.siestagarden.com\/produkt\/lilly-15m\/"]}]},{"@type":"ImageObject","inLanguage":"hu","@id":"https:\/\/www.siestagarden.com\/produkt\/lilly-15m\/#primaryimage","url":"https:\/\/www.siestagarden.com\/wp-content\/uploads\/2025\/02\/IMG_3568.jpg","contentUrl":"https:\/\/www.siestagarden.com\/wp-content\/uploads\/2025\/02\/IMG_3568.jpg","width":1275,"height":850},{"@type":"BreadcrumbList","@id":"https:\/\/www.siestagarden.com\/produkt\/lilly-15m\/#breadcrumb","itemListElement":[{"@type":"ListItem","position":1,"name":"Strona g\u0142\u00f3wna","item":"https:\/\/www.siestagarden.com\/"},{"@type":"ListItem","position":2,"name":"Sklep","item":"https:\/\/www.siestagarden.com\/sklep\/"},{"@type":"ListItem","position":3,"name":"Drewniana \u0142awka ogrodowa Lilly 1,5m ogrodowa, parkowa"}]},{"@type":"WebSite","@id":"https:\/\/www.siestagarden.com\/#website","url":"https:\/\/www.siestagarden.com\/","name":"Siesta Garden","description":"Kerti b\u00fatorok. Magas min\u0151s\u00e9g\u0171 fa kerti b\u00fatorok lengyel gy\u00e1rt\u00f3ja.","potentialAction":[{"@type":"SearchAction","target":{"@type":"EntryPoint","urlTemplate":"https:\/\/www.siestagarden.com\/?s={search_term_string}"},"query-input":{"@type":"PropertyValueSpecification","valueRequired":true,"valueName":"search_term_string"}}],"inLanguage":"hu"}]}},"_links":{"self":[{"href":"https:\/\/www.siestagarden.com\/hu\/wp-json\/wp\/v2\/product\/1298","targetHints":{"allow":["GET"]}}],"collection":[{"href":"https:\/\/www.siestagarden.com\/hu\/wp-json\/wp\/v2\/product"}],"about":[{"href":"https:\/\/www.siestagarden.com\/hu\/wp-json\/wp\/v2\/types\/product"}],"wp:featuredmedia":[{"embeddable":true,"href":"https:\/\/www.siestagarden.com\/hu\/wp-json\/wp\/v2\/media\/2919"}],"wp:attachment":[{"href":"https:\/\/www.siestagarden.com\/hu\/wp-json\/wp\/v2\/media?parent=1298"}],"wp:term":[{"taxonomy":"product_brand","embeddable":true,"href":"https:\/\/www.siestagarden.com\/hu\/wp-json\/wp\/v2\/product_brand?post=1298"},{"taxonomy":"product_cat","embeddable":true,"href":"https:\/\/www.siestagarden.com\/hu\/wp-json\/wp\/v2\/product_cat?post=1298"},{"taxonomy":"product_tag","embeddable":true,"href":"https:\/\/www.siestagarden.com\/hu\/wp-json\/wp\/v2\/product_tag?post=1298"}],"curies":[{"name":"wp","href":"https:\/\/api.w.org\/{rel}","templated":true}]}}