{"id":1301,"date":"2025-02-25T12:22:19","date_gmt":"2025-02-25T11:22:19","guid":{"rendered":"https:\/\/www.siestagarden.com\/?post_type=product&#038;p=1301"},"modified":"2026-02-06T12:31:56","modified_gmt":"2026-02-06T11:31:56","slug":"insta-beach-12m","status":"publish","type":"product","link":"https:\/\/www.siestagarden.com\/hu\/termek\/insta-beach-12m\/","title":{"rendered":"Insta Beach pad 2m"},"content":{"rendered":"<p><strong>Insta pad<\/strong> \u2013 diz\u00e1jnos kil\u00e1t\u00f3pados pad 2M | FSC\u00ae fa | Feh\u00e9r-fekete<\/p>\n<p><strong>Insta Pad<\/strong> ez t\u00f6bb mint egy pad \u2013 ez <strong>kil\u00e1t\u00f3pont, a t\u00e1j\u00e9p\u00edt\u00e9szet eleme \u00e9s igazi l\u00e1tv\u00e1nyoss\u00e1g (\u00e9s f\u00e9nyk\u00e9pez\u0151g\u00e9p-m\u00e1gnes!)<\/strong>. Ak\u00e1r 2 m\u00e9ter magas, vonzza a figyelmet <strong>k\u00fcl\u00f6nleges diz\u00e1jnnal<\/strong> \u00e9s \u00faj lehet\u0151s\u00e9geket nyit a k\u00f6zter\u00fcleti \u00e9s kereskedelmi felhaszn\u00e1l\u00e1sban.<\/p>\n<p>Ez a k\u00fcl\u00f6nleges konstrukci\u00f3 k\u00e9sz\u00fclt <strong>Sz\u00e1llod\u00e1k, \u00fcd\u00fcl\u0151k, vend\u00e9gh\u00e1zak \u00e9s \u00e9ttermek sz\u00e1m\u00e1ra<\/strong>, ahol egy l\u00e1tv\u00e1nyos, Instagramra val\u00f3 \u00fcl\u0151alkalmatoss\u00e1gk\u00e9nt szolg\u00e1lhat h\u00e1tt\u00e9rben elter\u00fcl\u0151 panor\u00e1m\u00e1val. T\u00f6k\u00e9letes helysz\u00edn fot\u00f3zkod\u00e1shoz a kil\u00e1t\u00e1ssal \u2013 <strong>A vend\u00e9gek az els\u0151 pillant\u00e1sra im\u00e1dni fogj\u00e1k \u0151ket.<\/strong><\/p>\n<p>Remek\u00fcl m\u0171k\u00f6dik mint <strong>megfigyel\u0151\u00e1ll\u00e1s a sportp\u00e1ly\u00e1kon,<\/strong> lehet\u0151v\u00e9 t\u00e9ve a j\u00e1t\u00e9kmenet k\u00f6vet\u00e9s\u00e9t egy teljesen m\u00e1s n\u00e9z\u0151pontb\u00f3l.<\/p>\n<p>De ez m\u00e9g nem minden \u2013 az Insta Bench kiv\u00e1l\u00f3an fogja mag\u00e1t \u00e9rezni <strong>bemutat\u00f3 kertekben, szabadt\u00e9ri m\u00fazeumokban, kil\u00e1t\u00f3teraszokon vagy v\u00e1rosi tereken<\/strong>, ahol funkcion\u00e1lis m\u0171alkot\u00e1ss\u00e1 v\u00e1lhat.<\/p>\n<p>\u2714\ufe0f<strong> Leny\u0171g\u00f6z\u0151 magass\u00e1g<\/strong> \u2013 ak\u00e1r 2 m\u00e9ter<\/p>\n<p>\u2714\ufe0f <strong>FSC\u00ae tan\u00fas\u00edtv\u00e1nnyal rendelkez\u0151 f\u00e1b\u00f3l k\u00e9sz\u00fclt<\/strong><\/p>\n<p>\u2714\ufe0f <strong>Feh\u00e9r-fekete sz\u00ednben kaphat\u00f3<\/strong> \u2013 kiv\u00e1l\u00f3 min\u0151s\u00e9g\u0171 laz\u00farozott impregn\u00e1l\u00e1ssal fedve, amely v\u00e9di a f\u00e1t \u00e9s kiemeli annak szerkezet\u00e9t<\/p>\n<p>\u2714\ufe0f <strong>Ide\u00e1lis kil\u00e1t\u00f3padnak, fot\u00f3pontnak, sport\u00fcl\u00e9snek vagy v\u00e1rosi t\u00e1j\u00e9p\u00edt\u00e9szeti elemnek<\/strong><\/p>\n<p>\u2714\ufe0f<strong> Lekker, figyelemfelkelt\u0151 \u00e9s interakt\u00edv formatervez\u00e9s<\/strong><\/p>\n<p>\u2714\ufe0f<strong> Stabilny, trwa\u0142y i odporny na warunki zewn\u0119trzne<\/strong><\/p>\n<p>Az Insta Bench egy leny\u0171g\u00f6z\u0151 pad \u2013 egyes\u00edti a haszn\u00e1lati funkci\u00f3t a l\u00e1tv\u00e1nyos form\u00e1val, r\u00e1ad\u00e1sul \u00f3ri\u00e1si elrendez\u00e9si lehet\u0151s\u00e9geket k\u00edn\u00e1l. B\u00e1rhol is jelenik meg, a t\u00e9r k\u00f6zponti elem\u00e9v\u00e9 v\u00e1lik, \u00e9s\u2026 rengeteg nagyszer\u0171 fot\u00f3 h\u00e1tter\u00e9v\u00e9.<\/p>\n<p>Eszt\u00e9tik\u00e1ra, kil\u00e1t\u00e1sra \u00e9s \u00e9lm\u00e9nyre tervezve \u2013<strong>Az Insta Bench a modern, k\u00fclt\u00e9ri haszn\u00e1lati cikkek elengedhetetlen darabja.<\/strong><\/p>","protected":false},"excerpt":{"rendered":"<p>\u0141awka Insta &#8211; designerska \u0142awka widokowa 2M | FSC\u00ae Drewno | Bia\u0142o-czarna Insta Bench to co\u015b wi\u0119cej ni\u017c \u0142awka \u2013 to punkt widokowy, element architektury krajobrazu i prawdziwy magnes dla wzroku (i aparatu!). Wysoka na a\u017c 2 metry, przyci\u0105ga uwag\u0119 nietuzinkowym designem i otwiera zupe\u0142nie nowe mo\u017cliwo\u015bci wykorzystania w przestrzeni publicznej i komercyjnej. Ta wyj\u0105tkowa [&hellip;]<\/p>\n","protected":false},"featured_media":2326,"template":"","meta":{"_acf_changed":false},"product_brand":[],"product_cat":[67],"product_tag":[],"class_list":{"0":"post-1301","1":"product","2":"type-product","3":"status-publish","4":"has-post-thumbnail","6":"product_cat-sofy-i-lawki","7":"product_shipping_class-podstawowa","9":"first","10":"instock","11":"taxable","12":"shipping-taxable","13":"purchasable","14":"product-type-simple","15":"add-to-wishlist-after_add_to_cart"},"acf":[],"yoast_head":"<!-- This site is optimized with the Yoast SEO plugin v26.6 - https:\/\/yoast.com\/wordpress\/plugins\/seo\/ -->\n<title>\u0141awka Insta Beach 2m - Siesta Garden<\/title>\n<meta name=\"robots\" content=\"index, follow, max-snippet:-1, max-image-preview:large, max-video-preview:-1\" \/>\n<link rel=\"canonical\" href=\"https:\/\/www.siestagarden.com\/hu\/termek\/insta-beach-12m\/\" \/>\n<meta property=\"og:locale\" content=\"hu_HU\" \/>\n<meta property=\"og:type\" content=\"article\" \/>\n<meta property=\"og:title\" content=\"\u0141awka Insta Beach 2m - Siesta Garden\" \/>\n<meta property=\"og:description\" content=\"\u0141awka Insta &#8211; designerska \u0142awka widokowa 2M | FSC\u00ae Drewno | Bia\u0142o-czarna Insta Bench to co\u015b wi\u0119cej ni\u017c \u0142awka \u2013 to punkt widokowy, element architektury krajobrazu i prawdziwy magnes dla wzroku (i aparatu!). Wysoka na a\u017c 2 metry, przyci\u0105ga uwag\u0119 nietuzinkowym designem i otwiera zupe\u0142nie nowe mo\u017cliwo\u015bci wykorzystania w przestrzeni publicznej i komercyjnej. Ta wyj\u0105tkowa [&hellip;]\" \/>\n<meta property=\"og:url\" content=\"https:\/\/www.siestagarden.com\/hu\/termek\/insta-beach-12m\/\" \/>\n<meta property=\"og:site_name\" content=\"Siesta Garden\" \/>\n<meta property=\"article:modified_time\" content=\"2026-02-06T11:31:56+00:00\" \/>\n<meta property=\"og:image\" content=\"https:\/\/www.siestagarden.com\/wp-content\/uploads\/2025\/02\/IMG_9534-scaled-e1769084862622.jpg\" \/>\n\t<meta property=\"og:image:width\" content=\"1430\" \/>\n\t<meta property=\"og:image:height\" content=\"1707\" \/>\n\t<meta property=\"og:image:type\" content=\"image\/jpeg\" \/>\n<meta name=\"twitter:card\" content=\"summary_large_image\" \/>\n<meta name=\"twitter:label1\" content=\"Becs\u00fclt olvas\u00e1si id\u0151\" \/>\n\t<meta name=\"twitter:data1\" content=\"2 perc\" \/>\n<script type=\"application\/ld+json\" class=\"yoast-schema-graph\">{\"@context\":\"https:\/\/schema.org\",\"@graph\":[{\"@type\":\"WebPage\",\"@id\":\"https:\/\/www.siestagarden.com\/produkt\/insta-beach-12m\/\",\"url\":\"https:\/\/www.siestagarden.com\/produkt\/insta-beach-12m\/\",\"name\":\"\u0141awka Insta Beach 2m - Siesta Garden\",\"isPartOf\":{\"@id\":\"https:\/\/www.siestagarden.com\/#website\"},\"primaryImageOfPage\":{\"@id\":\"https:\/\/www.siestagarden.com\/produkt\/insta-beach-12m\/#primaryimage\"},\"image\":{\"@id\":\"https:\/\/www.siestagarden.com\/produkt\/insta-beach-12m\/#primaryimage\"},\"thumbnailUrl\":\"https:\/\/www.siestagarden.com\/wp-content\/uploads\/2025\/02\/IMG_9534-scaled-e1769084862622.jpg\",\"datePublished\":\"2025-02-25T11:22:19+00:00\",\"dateModified\":\"2026-02-06T11:31:56+00:00\",\"breadcrumb\":{\"@id\":\"https:\/\/www.siestagarden.com\/produkt\/insta-beach-12m\/#breadcrumb\"},\"inLanguage\":\"hu\",\"potentialAction\":[{\"@type\":\"ReadAction\",\"target\":[\"https:\/\/www.siestagarden.com\/produkt\/insta-beach-12m\/\"]}]},{\"@type\":\"ImageObject\",\"inLanguage\":\"hu\",\"@id\":\"https:\/\/www.siestagarden.com\/produkt\/insta-beach-12m\/#primaryimage\",\"url\":\"https:\/\/www.siestagarden.com\/wp-content\/uploads\/2025\/02\/IMG_9534-scaled-e1769084862622.jpg\",\"contentUrl\":\"https:\/\/www.siestagarden.com\/wp-content\/uploads\/2025\/02\/IMG_9534-scaled-e1769084862622.jpg\",\"width\":1430,\"height\":1707},{\"@type\":\"BreadcrumbList\",\"@id\":\"https:\/\/www.siestagarden.com\/produkt\/insta-beach-12m\/#breadcrumb\",\"itemListElement\":[{\"@type\":\"ListItem\",\"position\":1,\"name\":\"Strona g\u0142\u00f3wna\",\"item\":\"https:\/\/www.siestagarden.com\/\"},{\"@type\":\"ListItem\",\"position\":2,\"name\":\"Sklep\",\"item\":\"https:\/\/www.siestagarden.com\/sklep\/\"},{\"@type\":\"ListItem\",\"position\":3,\"name\":\"\u0141awka Insta Beach 2m\"}]},{\"@type\":\"WebSite\",\"@id\":\"https:\/\/www.siestagarden.com\/#website\",\"url\":\"https:\/\/www.siestagarden.com\/\",\"name\":\"Siesta Garden\",\"description\":\"Meble do Twojego ogrodu. Polski producent drewnianych mebli najwy\u017cszej jako\u015bci.\",\"potentialAction\":[{\"@type\":\"SearchAction\",\"target\":{\"@type\":\"EntryPoint\",\"urlTemplate\":\"https:\/\/www.siestagarden.com\/?s={search_term_string}\"},\"query-input\":{\"@type\":\"PropertyValueSpecification\",\"valueRequired\":true,\"valueName\":\"search_term_string\"}}],\"inLanguage\":\"hu\"}]}<\/script>\n<!-- \/ Yoast SEO plugin. -->","yoast_head_json":{"title":"\u0141awka Insta Beach 2m - Siesta Garden","robots":{"index":"index","follow":"follow","max-snippet":"max-snippet:-1","max-image-preview":"max-image-preview:large","max-video-preview":"max-video-preview:-1"},"canonical":"https:\/\/www.siestagarden.com\/hu\/termek\/insta-beach-12m\/","og_locale":"hu_HU","og_type":"article","og_title":"\u0141awka Insta Beach 2m - Siesta Garden","og_description":"\u0141awka Insta &#8211; designerska \u0142awka widokowa 2M | FSC\u00ae Drewno | Bia\u0142o-czarna Insta Bench to co\u015b wi\u0119cej ni\u017c \u0142awka \u2013 to punkt widokowy, element architektury krajobrazu i prawdziwy magnes dla wzroku (i aparatu!). Wysoka na a\u017c 2 metry, przyci\u0105ga uwag\u0119 nietuzinkowym designem i otwiera zupe\u0142nie nowe mo\u017cliwo\u015bci wykorzystania w przestrzeni publicznej i komercyjnej. Ta wyj\u0105tkowa [&hellip;]","og_url":"https:\/\/www.siestagarden.com\/hu\/termek\/insta-beach-12m\/","og_site_name":"Siesta Garden","article_modified_time":"2026-02-06T11:31:56+00:00","og_image":[{"width":1430,"height":1707,"url":"https:\/\/www.siestagarden.com\/wp-content\/uploads\/2025\/02\/IMG_9534-scaled-e1769084862622.jpg","type":"image\/jpeg"}],"twitter_card":"summary_large_image","twitter_misc":{"Becs\u00fclt olvas\u00e1si id\u0151":"2 perc"},"schema":{"@context":"https:\/\/schema.org","@graph":[{"@type":"WebPage","@id":"https:\/\/www.siestagarden.com\/produkt\/insta-beach-12m\/","url":"https:\/\/www.siestagarden.com\/produkt\/insta-beach-12m\/","name":"\u0141awka Insta Beach 2m - Siesta Garden","isPartOf":{"@id":"https:\/\/www.siestagarden.com\/#website"},"primaryImageOfPage":{"@id":"https:\/\/www.siestagarden.com\/produkt\/insta-beach-12m\/#primaryimage"},"image":{"@id":"https:\/\/www.siestagarden.com\/produkt\/insta-beach-12m\/#primaryimage"},"thumbnailUrl":"https:\/\/www.siestagarden.com\/wp-content\/uploads\/2025\/02\/IMG_9534-scaled-e1769084862622.jpg","datePublished":"2025-02-25T11:22:19+00:00","dateModified":"2026-02-06T11:31:56+00:00","breadcrumb":{"@id":"https:\/\/www.siestagarden.com\/produkt\/insta-beach-12m\/#breadcrumb"},"inLanguage":"hu","potentialAction":[{"@type":"ReadAction","target":["https:\/\/www.siestagarden.com\/produkt\/insta-beach-12m\/"]}]},{"@type":"ImageObject","inLanguage":"hu","@id":"https:\/\/www.siestagarden.com\/produkt\/insta-beach-12m\/#primaryimage","url":"https:\/\/www.siestagarden.com\/wp-content\/uploads\/2025\/02\/IMG_9534-scaled-e1769084862622.jpg","contentUrl":"https:\/\/www.siestagarden.com\/wp-content\/uploads\/2025\/02\/IMG_9534-scaled-e1769084862622.jpg","width":1430,"height":1707},{"@type":"BreadcrumbList","@id":"https:\/\/www.siestagarden.com\/produkt\/insta-beach-12m\/#breadcrumb","itemListElement":[{"@type":"ListItem","position":1,"name":"Strona g\u0142\u00f3wna","item":"https:\/\/www.siestagarden.com\/"},{"@type":"ListItem","position":2,"name":"Sklep","item":"https:\/\/www.siestagarden.com\/sklep\/"},{"@type":"ListItem","position":3,"name":"\u0141awka Insta Beach 2m"}]},{"@type":"WebSite","@id":"https:\/\/www.siestagarden.com\/#website","url":"https:\/\/www.siestagarden.com\/","name":"Siesta Garden","description":"Kerti b\u00fatorok. Magas min\u0151s\u00e9g\u0171 fa kerti b\u00fatorok lengyel gy\u00e1rt\u00f3ja.","potentialAction":[{"@type":"SearchAction","target":{"@type":"EntryPoint","urlTemplate":"https:\/\/www.siestagarden.com\/?s={search_term_string}"},"query-input":{"@type":"PropertyValueSpecification","valueRequired":true,"valueName":"search_term_string"}}],"inLanguage":"hu"}]}},"_links":{"self":[{"href":"https:\/\/www.siestagarden.com\/hu\/wp-json\/wp\/v2\/product\/1301","targetHints":{"allow":["GET"]}}],"collection":[{"href":"https:\/\/www.siestagarden.com\/hu\/wp-json\/wp\/v2\/product"}],"about":[{"href":"https:\/\/www.siestagarden.com\/hu\/wp-json\/wp\/v2\/types\/product"}],"wp:featuredmedia":[{"embeddable":true,"href":"https:\/\/www.siestagarden.com\/hu\/wp-json\/wp\/v2\/media\/2326"}],"wp:attachment":[{"href":"https:\/\/www.siestagarden.com\/hu\/wp-json\/wp\/v2\/media?parent=1301"}],"wp:term":[{"taxonomy":"product_brand","embeddable":true,"href":"https:\/\/www.siestagarden.com\/hu\/wp-json\/wp\/v2\/product_brand?post=1301"},{"taxonomy":"product_cat","embeddable":true,"href":"https:\/\/www.siestagarden.com\/hu\/wp-json\/wp\/v2\/product_cat?post=1301"},{"taxonomy":"product_tag","embeddable":true,"href":"https:\/\/www.siestagarden.com\/hu\/wp-json\/wp\/v2\/product_tag?post=1301"}],"curies":[{"name":"wp","href":"https:\/\/api.w.org\/{rel}","templated":true}]}}