{"id":1306,"date":"2025-02-25T12:22:20","date_gmt":"2025-02-25T11:22:20","guid":{"rendered":"https:\/\/www.siestagarden.com\/?post_type=product&#038;p=1306"},"modified":"2026-03-24T09:39:13","modified_gmt":"2026-03-24T08:39:13","slug":"swing-chair","status":"publish","type":"product","link":"https:\/\/www.siestagarden.com\/hu\/termek\/swing-chair\/","title":{"rendered":"Hinta Simi Hintasz\u00e9k"},"content":{"rendered":"<p class=\"p1\">Hinta <span class=\"s1\"><b>Hinta sz\u00e9k<\/b><\/span> sz\u00ednben <span class=\"s1\"><b>narancss\u00e1rg\u00e1n<\/b><\/span>, modell <span class=\"s1\"><b>SG591188<\/b><\/span>, k\u00e9sz\u00fclt, ebb\u0151l <span class=\"s1\"><b>v\u00f6r\u00f6sfeny\u0151<\/b><\/span> \u00e9s fedett <span class=\"s1\"><b>v\u00edzb\u00e1zis\u00fa impregn\u00e1l\u00f3<\/b><\/span>. M\u00e9retek: <span class=\"s1\"><b>50 cm sz\u00e9les, 54 cm m\u00e9ly, 37 cm magas<\/b><\/span>, waga <span class=\"s1\"><b>9 kg<\/b><\/span>.<\/p>","protected":false},"excerpt":{"rendered":"<p>Hu\u015btawka Swing Chair w kolorze pomara\u0144czowym, model SG591188, wykonana z Redwood i pokryta impregnatem na bazie wody. Wymiary: 50 cm szeroko\u015bci, 54 cm g\u0142\u0119boko\u015bci, 37 cm wysoko\u015bci, waga 9 kg.<\/p>","protected":false},"featured_media":843,"template":"","meta":{"_acf_changed":false},"product_brand":[],"product_cat":[72],"product_tag":[],"class_list":{"0":"post-1306","1":"product","2":"type-product","3":"status-publish","4":"has-post-thumbnail","6":"product_cat-hustawki-i-hamaki","7":"product_shipping_class-podstawowa","9":"first","10":"onbackorder","11":"taxable","12":"shipping-taxable","13":"purchasable","14":"product-type-simple","15":"add-to-wishlist-after_add_to_cart"},"acf":[],"yoast_head":"<!-- This site is optimized with the Yoast SEO plugin v26.6 - https:\/\/yoast.com\/wordpress\/plugins\/seo\/ -->\n<title>Hu\u015btawka Simi Swing Chair - Siesta Garden<\/title>\n<meta name=\"robots\" content=\"index, follow, max-snippet:-1, max-image-preview:large, max-video-preview:-1\" \/>\n<link rel=\"canonical\" href=\"https:\/\/www.siestagarden.com\/hu\/termek\/swing-chair\/\" \/>\n<meta property=\"og:locale\" content=\"hu_HU\" \/>\n<meta property=\"og:type\" content=\"article\" \/>\n<meta property=\"og:title\" content=\"Hu\u015btawka Simi Swing Chair - Siesta Garden\" \/>\n<meta property=\"og:description\" content=\"Hu\u015btawka Swing Chair w kolorze pomara\u0144czowym, model SG591188, wykonana z Redwood i pokryta impregnatem na bazie wody. Wymiary: 50 cm szeroko\u015bci, 54 cm g\u0142\u0119boko\u015bci, 37 cm wysoko\u015bci, waga 9 kg.\" \/>\n<meta property=\"og:url\" content=\"https:\/\/www.siestagarden.com\/hu\/termek\/swing-chair\/\" \/>\n<meta property=\"og:site_name\" content=\"Siesta Garden\" \/>\n<meta property=\"article:modified_time\" content=\"2026-03-24T08:39:13+00:00\" \/>\n<meta property=\"og:image\" content=\"https:\/\/www.siestagarden.com\/wp-content\/uploads\/2024\/09\/755cbc47ce1e350f5f1f12379f58e85c.jpg\" \/>\n\t<meta property=\"og:image:width\" content=\"1200\" \/>\n\t<meta property=\"og:image:height\" content=\"1800\" \/>\n\t<meta property=\"og:image:type\" content=\"image\/jpeg\" \/>\n<meta name=\"twitter:card\" content=\"summary_large_image\" \/>\n<meta name=\"twitter:label1\" content=\"Becs\u00fclt olvas\u00e1si id\u0151\" \/>\n\t<meta name=\"twitter:data1\" content=\"1 perc\" \/>\n<script type=\"application\/ld+json\" class=\"yoast-schema-graph\">{\"@context\":\"https:\/\/schema.org\",\"@graph\":[{\"@type\":\"WebPage\",\"@id\":\"https:\/\/www.siestagarden.com\/produkt\/swing-chair\/\",\"url\":\"https:\/\/www.siestagarden.com\/produkt\/swing-chair\/\",\"name\":\"Hu\u015btawka Simi Swing Chair - Siesta Garden\",\"isPartOf\":{\"@id\":\"https:\/\/www.siestagarden.com\/#website\"},\"primaryImageOfPage\":{\"@id\":\"https:\/\/www.siestagarden.com\/produkt\/swing-chair\/#primaryimage\"},\"image\":{\"@id\":\"https:\/\/www.siestagarden.com\/produkt\/swing-chair\/#primaryimage\"},\"thumbnailUrl\":\"https:\/\/www.siestagarden.com\/wp-content\/uploads\/2024\/09\/755cbc47ce1e350f5f1f12379f58e85c.jpg\",\"datePublished\":\"2025-02-25T11:22:20+00:00\",\"dateModified\":\"2026-03-24T08:39:13+00:00\",\"breadcrumb\":{\"@id\":\"https:\/\/www.siestagarden.com\/produkt\/swing-chair\/#breadcrumb\"},\"inLanguage\":\"hu\",\"potentialAction\":[{\"@type\":\"ReadAction\",\"target\":[\"https:\/\/www.siestagarden.com\/produkt\/swing-chair\/\"]}]},{\"@type\":\"ImageObject\",\"inLanguage\":\"hu\",\"@id\":\"https:\/\/www.siestagarden.com\/produkt\/swing-chair\/#primaryimage\",\"url\":\"https:\/\/www.siestagarden.com\/wp-content\/uploads\/2024\/09\/755cbc47ce1e350f5f1f12379f58e85c.jpg\",\"contentUrl\":\"https:\/\/www.siestagarden.com\/wp-content\/uploads\/2024\/09\/755cbc47ce1e350f5f1f12379f58e85c.jpg\",\"width\":1200,\"height\":1800},{\"@type\":\"BreadcrumbList\",\"@id\":\"https:\/\/www.siestagarden.com\/produkt\/swing-chair\/#breadcrumb\",\"itemListElement\":[{\"@type\":\"ListItem\",\"position\":1,\"name\":\"Strona g\u0142\u00f3wna\",\"item\":\"https:\/\/www.siestagarden.com\/\"},{\"@type\":\"ListItem\",\"position\":2,\"name\":\"Sklep\",\"item\":\"https:\/\/www.siestagarden.com\/sklep\/\"},{\"@type\":\"ListItem\",\"position\":3,\"name\":\"Hu\u015btawka Simi Swing Chair\"}]},{\"@type\":\"WebSite\",\"@id\":\"https:\/\/www.siestagarden.com\/#website\",\"url\":\"https:\/\/www.siestagarden.com\/\",\"name\":\"Siesta Garden\",\"description\":\"Meble do Twojego ogrodu. Polski producent drewnianych mebli najwy\u017cszej jako\u015bci.\",\"potentialAction\":[{\"@type\":\"SearchAction\",\"target\":{\"@type\":\"EntryPoint\",\"urlTemplate\":\"https:\/\/www.siestagarden.com\/?s={search_term_string}\"},\"query-input\":{\"@type\":\"PropertyValueSpecification\",\"valueRequired\":true,\"valueName\":\"search_term_string\"}}],\"inLanguage\":\"hu\"}]}<\/script>\n<!-- \/ Yoast SEO plugin. -->","yoast_head_json":{"title":"Hu\u015btawka Simi Swing Chair - Siesta Garden","robots":{"index":"index","follow":"follow","max-snippet":"max-snippet:-1","max-image-preview":"max-image-preview:large","max-video-preview":"max-video-preview:-1"},"canonical":"https:\/\/www.siestagarden.com\/hu\/termek\/swing-chair\/","og_locale":"hu_HU","og_type":"article","og_title":"Hu\u015btawka Simi Swing Chair - Siesta Garden","og_description":"Hu\u015btawka Swing Chair w kolorze pomara\u0144czowym, model SG591188, wykonana z Redwood i pokryta impregnatem na bazie wody. Wymiary: 50 cm szeroko\u015bci, 54 cm g\u0142\u0119boko\u015bci, 37 cm wysoko\u015bci, waga 9 kg.","og_url":"https:\/\/www.siestagarden.com\/hu\/termek\/swing-chair\/","og_site_name":"Siesta Garden","article_modified_time":"2026-03-24T08:39:13+00:00","og_image":[{"width":1200,"height":1800,"url":"https:\/\/www.siestagarden.com\/wp-content\/uploads\/2024\/09\/755cbc47ce1e350f5f1f12379f58e85c.jpg","type":"image\/jpeg"}],"twitter_card":"summary_large_image","twitter_misc":{"Becs\u00fclt olvas\u00e1si id\u0151":"1 perc"},"schema":{"@context":"https:\/\/schema.org","@graph":[{"@type":"WebPage","@id":"https:\/\/www.siestagarden.com\/produkt\/swing-chair\/","url":"https:\/\/www.siestagarden.com\/produkt\/swing-chair\/","name":"Hu\u015btawka Simi Swing Chair - Siesta Garden","isPartOf":{"@id":"https:\/\/www.siestagarden.com\/#website"},"primaryImageOfPage":{"@id":"https:\/\/www.siestagarden.com\/produkt\/swing-chair\/#primaryimage"},"image":{"@id":"https:\/\/www.siestagarden.com\/produkt\/swing-chair\/#primaryimage"},"thumbnailUrl":"https:\/\/www.siestagarden.com\/wp-content\/uploads\/2024\/09\/755cbc47ce1e350f5f1f12379f58e85c.jpg","datePublished":"2025-02-25T11:22:20+00:00","dateModified":"2026-03-24T08:39:13+00:00","breadcrumb":{"@id":"https:\/\/www.siestagarden.com\/produkt\/swing-chair\/#breadcrumb"},"inLanguage":"hu","potentialAction":[{"@type":"ReadAction","target":["https:\/\/www.siestagarden.com\/produkt\/swing-chair\/"]}]},{"@type":"ImageObject","inLanguage":"hu","@id":"https:\/\/www.siestagarden.com\/produkt\/swing-chair\/#primaryimage","url":"https:\/\/www.siestagarden.com\/wp-content\/uploads\/2024\/09\/755cbc47ce1e350f5f1f12379f58e85c.jpg","contentUrl":"https:\/\/www.siestagarden.com\/wp-content\/uploads\/2024\/09\/755cbc47ce1e350f5f1f12379f58e85c.jpg","width":1200,"height":1800},{"@type":"BreadcrumbList","@id":"https:\/\/www.siestagarden.com\/produkt\/swing-chair\/#breadcrumb","itemListElement":[{"@type":"ListItem","position":1,"name":"Strona g\u0142\u00f3wna","item":"https:\/\/www.siestagarden.com\/"},{"@type":"ListItem","position":2,"name":"Sklep","item":"https:\/\/www.siestagarden.com\/sklep\/"},{"@type":"ListItem","position":3,"name":"Hu\u015btawka Simi Swing Chair"}]},{"@type":"WebSite","@id":"https:\/\/www.siestagarden.com\/#website","url":"https:\/\/www.siestagarden.com\/","name":"Siesta Garden","description":"Kerti b\u00fatorok. Magas min\u0151s\u00e9g\u0171 fa kerti b\u00fatorok lengyel gy\u00e1rt\u00f3ja.","potentialAction":[{"@type":"SearchAction","target":{"@type":"EntryPoint","urlTemplate":"https:\/\/www.siestagarden.com\/?s={search_term_string}"},"query-input":{"@type":"PropertyValueSpecification","valueRequired":true,"valueName":"search_term_string"}}],"inLanguage":"hu"}]}},"_links":{"self":[{"href":"https:\/\/www.siestagarden.com\/hu\/wp-json\/wp\/v2\/product\/1306","targetHints":{"allow":["GET"]}}],"collection":[{"href":"https:\/\/www.siestagarden.com\/hu\/wp-json\/wp\/v2\/product"}],"about":[{"href":"https:\/\/www.siestagarden.com\/hu\/wp-json\/wp\/v2\/types\/product"}],"wp:featuredmedia":[{"embeddable":true,"href":"https:\/\/www.siestagarden.com\/hu\/wp-json\/wp\/v2\/media\/843"}],"wp:attachment":[{"href":"https:\/\/www.siestagarden.com\/hu\/wp-json\/wp\/v2\/media?parent=1306"}],"wp:term":[{"taxonomy":"product_brand","embeddable":true,"href":"https:\/\/www.siestagarden.com\/hu\/wp-json\/wp\/v2\/product_brand?post=1306"},{"taxonomy":"product_cat","embeddable":true,"href":"https:\/\/www.siestagarden.com\/hu\/wp-json\/wp\/v2\/product_cat?post=1306"},{"taxonomy":"product_tag","embeddable":true,"href":"https:\/\/www.siestagarden.com\/hu\/wp-json\/wp\/v2\/product_tag?post=1306"}],"curies":[{"name":"wp","href":"https:\/\/api.w.org\/{rel}","templated":true}]}}