{"id":1505,"date":"2025-03-12T11:33:04","date_gmt":"2025-03-12T10:33:04","guid":{"rendered":"https:\/\/www.siestagarden.com\/?post_type=product&#038;p=1505"},"modified":"2026-03-03T08:00:11","modified_gmt":"2026-03-03T07:00:11","slug":"lawka-walk-in-14m-z-baldachimem","status":"publish","type":"product","link":"https:\/\/www.siestagarden.com\/hu\/termek\/lawka-walk-in-14m-z-baldachimem\/","title":{"rendered":"1,4 m-es bej\u00e1r\u00f3s pad baldachinnal"},"content":{"rendered":"<p><strong>Zestaw piknikowy 1,4 m z baldachimem<\/strong> \u2013 kerti szett \u00e1rny\u00e9kol\u00e1si lehet\u0151s\u00e9ggel<\/p>\n<p><strong>S\u00e9t\u00e1l\u00f3 piknikasztal 1,4 m<\/strong> Ez egy funkcion\u00e1lis kerti garnit\u00fara, melyben az asztal \u00e9s a k\u00e9t pad egys\u00e9ges, integr\u00e1lt eg\u00e9szet alkot. A nyitott, \"walk-in\" oldals\u00f3 bej\u00e1ratoknak k\u00f6sz\u00f6nhet\u0151en an\u00e9lk\u00fcl \u00fclhet le, hogy \u00e1t kellene m\u00e1sznia az \u00fcl\u0151fel\u00fcleteken \u2013 ez a megold\u00e1s k\u00e9nyelmes \u00e9s biztons\u00e1gos, k\u00fcl\u00f6n\u00f6sen gyermekek, id\u0151sek \u00e9s csal\u00e1dok sz\u00e1m\u00e1ra.<\/p>\n<p>A k\u00e9szlet k\u00f6nny\u0171vel van felszerelve <strong>baldachin<\/strong> ekr\u00fc sz\u00edn\u0171, amely napos napokon kellemes \u00e1rny\u00e9kot biztos\u00edt, ugyanakkor elt\u00e1vol\u00edthat\u00f3, ha teljes f\u00e9nyt szeretn\u00e9nk. Ez egy olyan b\u00fatordarab, amely alkalmazkodik az id\u0151j\u00e1r\u00e1shoz \u00e9s a felhaszn\u00e1l\u00f3 ig\u00e9nyeihez.<\/p>\n<p>Az eg\u00e9sz szerkezet t\u00f6m\u00f6r f\u00e1b\u00f3l k\u00e9sz\u00fclt <strong>FSC\u00ae fa<\/strong>, A felt\u0171n\u0151 narancss\u00e1rga fel\u00fclet energi\u00e1t, frissess\u00e9get \u00e9s modern megjelen\u00e9st k\u00f6lcs\u00f6n\u00f6z neki \u2013 ide\u00e1lis oktat\u00e1si, rekre\u00e1ci\u00f3s \u00e9s kerti helyis\u00e9gekbe.<\/p>\n<p>\u2714\ufe0f integr\u00e1lt k\u00e9szlet: asztal + 2 pad<\/p>\n<p>\u2714\ufe0f \"\"walk-in\"\" bej\u00e1ratok \u2013 k\u00e9nyelem \u00e9s hozz\u00e1f\u00e9rhet\u0151s\u00e9g<\/p>\n<p>\u2714\ufe0f kr\u00e9msz\u00edn\u0171 baldachin \u2013 napv\u00e9delem, opcion\u00e1lis<\/p>\n<p>\u2714\ufe0f narancss\u00e1rga konstrukci\u00f3 \u2013 \u00e9l\u00e9nk \u00e9s vid\u00e1m<\/p>\n<p>\u2714\ufe0f FSC\u00ae fa \u2013 tart\u00f3ss\u00e1g \u00e9s k\u00f6rnyezetv\u00e9delem<\/p>\n<p>\u2714\ufe0f hossz: 1,4 m\u00e9ter \u2013 ide\u00e1lis kertbe, iskol\u00e1ba, \u00f3vod\u00e1ba, teraszra<\/p>\n<p><strong>Baldachinos Piknik Hordoz\u00f3t\u00e1ska<\/strong> ez egy praktikus, k\u00e9nyelmes \u00e9s sz\u00ednes megold\u00e1s a k\u00f6z\u00f6s szabadban t\u00f6lt\u00f6tt id\u0151 elt\u00f6lt\u00e9s\u00e9re.<\/p>","protected":false},"excerpt":{"rendered":"<p>Walk In St\u00f3\u0142 Piknikowy 1,4 m z Baldachimem \u2013 zestaw do ogrodu z mo\u017cliwo\u015bci\u0105 wyboru cienia Walk In St\u00f3\u0142 Piknikowy 1,4 m to funkcjonalny zestaw ogrodowy, w kt\u00f3rym st\u00f3\u0142 i dwie \u0142awki tworz\u0105 sp\u00f3jn\u0105, zintegrowan\u0105 ca\u0142o\u015b\u0107. Dzi\u0119ki otwartym wej\u015bciom bocznym (walk-in) mo\u017cna usi\u0105\u015b\u0107 bez konieczno\u015bci przeskakiwania przez siedziska \u2013 to rozwi\u0105zanie wygodne i bezpieczne, szczeg\u00f3lnie [&hellip;]<\/p>\n","protected":false},"featured_media":4181,"template":"","meta":{"_acf_changed":false},"product_brand":[],"product_cat":[67],"product_tag":[],"class_list":{"0":"post-1505","1":"product","2":"type-product","3":"status-publish","4":"has-post-thumbnail","6":"product_cat-sofy-i-lawki","7":"product_shipping_class-podstawowa","9":"first","10":"onbackorder","11":"taxable","12":"shipping-taxable","13":"purchasable","14":"product-type-simple","15":"add-to-wishlist-after_add_to_cart"},"acf":[],"yoast_head":"<!-- This site is optimized with the Yoast SEO plugin v26.6 - https:\/\/yoast.com\/wordpress\/plugins\/seo\/ -->\n<title>\u0141awka Walk In 1,4m z Baldachimem - Siesta Garden<\/title>\n<meta name=\"robots\" content=\"index, follow, max-snippet:-1, max-image-preview:large, max-video-preview:-1\" \/>\n<link rel=\"canonical\" href=\"https:\/\/www.siestagarden.com\/hu\/termek\/lawka-walk-in-14m-z-baldachimem\/\" \/>\n<meta property=\"og:locale\" content=\"hu_HU\" \/>\n<meta property=\"og:type\" content=\"article\" \/>\n<meta property=\"og:title\" content=\"\u0141awka Walk In 1,4m z Baldachimem - Siesta Garden\" \/>\n<meta property=\"og:description\" content=\"Walk In St\u00f3\u0142 Piknikowy 1,4 m z Baldachimem \u2013 zestaw do ogrodu z mo\u017cliwo\u015bci\u0105 wyboru cienia Walk In St\u00f3\u0142 Piknikowy 1,4 m to funkcjonalny zestaw ogrodowy, w kt\u00f3rym st\u00f3\u0142 i dwie \u0142awki tworz\u0105 sp\u00f3jn\u0105, zintegrowan\u0105 ca\u0142o\u015b\u0107. Dzi\u0119ki otwartym wej\u015bciom bocznym (walk-in) mo\u017cna usi\u0105\u015b\u0107 bez konieczno\u015bci przeskakiwania przez siedziska \u2013 to rozwi\u0105zanie wygodne i bezpieczne, szczeg\u00f3lnie [&hellip;]\" \/>\n<meta property=\"og:url\" content=\"https:\/\/www.siestagarden.com\/hu\/termek\/lawka-walk-in-14m-z-baldachimem\/\" \/>\n<meta property=\"og:site_name\" content=\"Siesta Garden\" \/>\n<meta property=\"article:modified_time\" content=\"2026-03-03T07:00:11+00:00\" \/>\n<meta property=\"og:image\" content=\"https:\/\/www.siestagarden.com\/wp-content\/uploads\/2025\/03\/walk-in-orange-e1770882039980-1024x733.png\" \/>\n\t<meta property=\"og:image:width\" content=\"1024\" \/>\n\t<meta property=\"og:image:height\" content=\"733\" \/>\n\t<meta property=\"og:image:type\" content=\"image\/png\" \/>\n<meta name=\"twitter:card\" content=\"summary_large_image\" \/>\n<meta name=\"twitter:label1\" content=\"Becs\u00fclt olvas\u00e1si id\u0151\" \/>\n\t<meta name=\"twitter:data1\" content=\"2 perc\" \/>\n<script type=\"application\/ld+json\" class=\"yoast-schema-graph\">{\"@context\":\"https:\/\/schema.org\",\"@graph\":[{\"@type\":\"WebPage\",\"@id\":\"https:\/\/www.siestagarden.com\/produkt\/lawka-walk-in-14m-z-baldachimem\/\",\"url\":\"https:\/\/www.siestagarden.com\/produkt\/lawka-walk-in-14m-z-baldachimem\/\",\"name\":\"\u0141awka Walk In 1,4m z Baldachimem - Siesta Garden\",\"isPartOf\":{\"@id\":\"https:\/\/www.siestagarden.com\/#website\"},\"primaryImageOfPage\":{\"@id\":\"https:\/\/www.siestagarden.com\/produkt\/lawka-walk-in-14m-z-baldachimem\/#primaryimage\"},\"image\":{\"@id\":\"https:\/\/www.siestagarden.com\/produkt\/lawka-walk-in-14m-z-baldachimem\/#primaryimage\"},\"thumbnailUrl\":\"https:\/\/www.siestagarden.com\/wp-content\/uploads\/2025\/03\/walk-in-orange-e1770882110318.png\",\"datePublished\":\"2025-03-12T10:33:04+00:00\",\"dateModified\":\"2026-03-03T07:00:11+00:00\",\"breadcrumb\":{\"@id\":\"https:\/\/www.siestagarden.com\/produkt\/lawka-walk-in-14m-z-baldachimem\/#breadcrumb\"},\"inLanguage\":\"hu\",\"potentialAction\":[{\"@type\":\"ReadAction\",\"target\":[\"https:\/\/www.siestagarden.com\/produkt\/lawka-walk-in-14m-z-baldachimem\/\"]}]},{\"@type\":\"ImageObject\",\"inLanguage\":\"hu\",\"@id\":\"https:\/\/www.siestagarden.com\/produkt\/lawka-walk-in-14m-z-baldachimem\/#primaryimage\",\"url\":\"https:\/\/www.siestagarden.com\/wp-content\/uploads\/2025\/03\/walk-in-orange-e1770882110318.png\",\"contentUrl\":\"https:\/\/www.siestagarden.com\/wp-content\/uploads\/2025\/03\/walk-in-orange-e1770882110318.png\",\"width\":1024,\"height\":973},{\"@type\":\"BreadcrumbList\",\"@id\":\"https:\/\/www.siestagarden.com\/produkt\/lawka-walk-in-14m-z-baldachimem\/#breadcrumb\",\"itemListElement\":[{\"@type\":\"ListItem\",\"position\":1,\"name\":\"Strona g\u0142\u00f3wna\",\"item\":\"https:\/\/www.siestagarden.com\/\"},{\"@type\":\"ListItem\",\"position\":2,\"name\":\"Sklep\",\"item\":\"https:\/\/www.siestagarden.com\/sklep\/\"},{\"@type\":\"ListItem\",\"position\":3,\"name\":\"\u0141awka Walk In 1,4m z Baldachimem\"}]},{\"@type\":\"WebSite\",\"@id\":\"https:\/\/www.siestagarden.com\/#website\",\"url\":\"https:\/\/www.siestagarden.com\/\",\"name\":\"Siesta Garden\",\"description\":\"Meble do Twojego ogrodu. Polski producent drewnianych mebli najwy\u017cszej jako\u015bci.\",\"potentialAction\":[{\"@type\":\"SearchAction\",\"target\":{\"@type\":\"EntryPoint\",\"urlTemplate\":\"https:\/\/www.siestagarden.com\/?s={search_term_string}\"},\"query-input\":{\"@type\":\"PropertyValueSpecification\",\"valueRequired\":true,\"valueName\":\"search_term_string\"}}],\"inLanguage\":\"hu\"}]}<\/script>\n<!-- \/ Yoast SEO plugin. -->","yoast_head_json":{"title":"\u0141awka Walk In 1,4m z Baldachimem - Siesta Garden","robots":{"index":"index","follow":"follow","max-snippet":"max-snippet:-1","max-image-preview":"max-image-preview:large","max-video-preview":"max-video-preview:-1"},"canonical":"https:\/\/www.siestagarden.com\/hu\/termek\/lawka-walk-in-14m-z-baldachimem\/","og_locale":"hu_HU","og_type":"article","og_title":"\u0141awka Walk In 1,4m z Baldachimem - Siesta Garden","og_description":"Walk In St\u00f3\u0142 Piknikowy 1,4 m z Baldachimem \u2013 zestaw do ogrodu z mo\u017cliwo\u015bci\u0105 wyboru cienia Walk In St\u00f3\u0142 Piknikowy 1,4 m to funkcjonalny zestaw ogrodowy, w kt\u00f3rym st\u00f3\u0142 i dwie \u0142awki tworz\u0105 sp\u00f3jn\u0105, zintegrowan\u0105 ca\u0142o\u015b\u0107. Dzi\u0119ki otwartym wej\u015bciom bocznym (walk-in) mo\u017cna usi\u0105\u015b\u0107 bez konieczno\u015bci przeskakiwania przez siedziska \u2013 to rozwi\u0105zanie wygodne i bezpieczne, szczeg\u00f3lnie [&hellip;]","og_url":"https:\/\/www.siestagarden.com\/hu\/termek\/lawka-walk-in-14m-z-baldachimem\/","og_site_name":"Siesta Garden","article_modified_time":"2026-03-03T07:00:11+00:00","og_image":[{"width":1024,"height":733,"url":"https:\/\/www.siestagarden.com\/wp-content\/uploads\/2025\/03\/walk-in-orange-e1770882039980-1024x733.png","type":"image\/png"}],"twitter_card":"summary_large_image","twitter_misc":{"Becs\u00fclt olvas\u00e1si id\u0151":"2 perc"},"schema":{"@context":"https:\/\/schema.org","@graph":[{"@type":"WebPage","@id":"https:\/\/www.siestagarden.com\/produkt\/lawka-walk-in-14m-z-baldachimem\/","url":"https:\/\/www.siestagarden.com\/produkt\/lawka-walk-in-14m-z-baldachimem\/","name":"\u0141awka Walk In 1,4m z Baldachimem - Siesta Garden","isPartOf":{"@id":"https:\/\/www.siestagarden.com\/#website"},"primaryImageOfPage":{"@id":"https:\/\/www.siestagarden.com\/produkt\/lawka-walk-in-14m-z-baldachimem\/#primaryimage"},"image":{"@id":"https:\/\/www.siestagarden.com\/produkt\/lawka-walk-in-14m-z-baldachimem\/#primaryimage"},"thumbnailUrl":"https:\/\/www.siestagarden.com\/wp-content\/uploads\/2025\/03\/walk-in-orange-e1770882110318.png","datePublished":"2025-03-12T10:33:04+00:00","dateModified":"2026-03-03T07:00:11+00:00","breadcrumb":{"@id":"https:\/\/www.siestagarden.com\/produkt\/lawka-walk-in-14m-z-baldachimem\/#breadcrumb"},"inLanguage":"hu","potentialAction":[{"@type":"ReadAction","target":["https:\/\/www.siestagarden.com\/produkt\/lawka-walk-in-14m-z-baldachimem\/"]}]},{"@type":"ImageObject","inLanguage":"hu","@id":"https:\/\/www.siestagarden.com\/produkt\/lawka-walk-in-14m-z-baldachimem\/#primaryimage","url":"https:\/\/www.siestagarden.com\/wp-content\/uploads\/2025\/03\/walk-in-orange-e1770882110318.png","contentUrl":"https:\/\/www.siestagarden.com\/wp-content\/uploads\/2025\/03\/walk-in-orange-e1770882110318.png","width":1024,"height":973},{"@type":"BreadcrumbList","@id":"https:\/\/www.siestagarden.com\/produkt\/lawka-walk-in-14m-z-baldachimem\/#breadcrumb","itemListElement":[{"@type":"ListItem","position":1,"name":"Strona g\u0142\u00f3wna","item":"https:\/\/www.siestagarden.com\/"},{"@type":"ListItem","position":2,"name":"Sklep","item":"https:\/\/www.siestagarden.com\/sklep\/"},{"@type":"ListItem","position":3,"name":"\u0141awka Walk In 1,4m z Baldachimem"}]},{"@type":"WebSite","@id":"https:\/\/www.siestagarden.com\/#website","url":"https:\/\/www.siestagarden.com\/","name":"Siesta Garden","description":"Kerti b\u00fatorok. Magas min\u0151s\u00e9g\u0171 fa kerti b\u00fatorok lengyel gy\u00e1rt\u00f3ja.","potentialAction":[{"@type":"SearchAction","target":{"@type":"EntryPoint","urlTemplate":"https:\/\/www.siestagarden.com\/?s={search_term_string}"},"query-input":{"@type":"PropertyValueSpecification","valueRequired":true,"valueName":"search_term_string"}}],"inLanguage":"hu"}]}},"_links":{"self":[{"href":"https:\/\/www.siestagarden.com\/hu\/wp-json\/wp\/v2\/product\/1505","targetHints":{"allow":["GET"]}}],"collection":[{"href":"https:\/\/www.siestagarden.com\/hu\/wp-json\/wp\/v2\/product"}],"about":[{"href":"https:\/\/www.siestagarden.com\/hu\/wp-json\/wp\/v2\/types\/product"}],"wp:featuredmedia":[{"embeddable":true,"href":"https:\/\/www.siestagarden.com\/hu\/wp-json\/wp\/v2\/media\/4181"}],"wp:attachment":[{"href":"https:\/\/www.siestagarden.com\/hu\/wp-json\/wp\/v2\/media?parent=1505"}],"wp:term":[{"taxonomy":"product_brand","embeddable":true,"href":"https:\/\/www.siestagarden.com\/hu\/wp-json\/wp\/v2\/product_brand?post=1505"},{"taxonomy":"product_cat","embeddable":true,"href":"https:\/\/www.siestagarden.com\/hu\/wp-json\/wp\/v2\/product_cat?post=1505"},{"taxonomy":"product_tag","embeddable":true,"href":"https:\/\/www.siestagarden.com\/hu\/wp-json\/wp\/v2\/product_tag?post=1505"}],"curies":[{"name":"wp","href":"https:\/\/api.w.org\/{rel}","templated":true}]}}