{"id":1515,"date":"2025-03-12T11:33:06","date_gmt":"2025-03-12T10:33:06","guid":{"rendered":"https:\/\/www.siestagarden.com\/?post_type=product&#038;p=1515"},"modified":"2026-02-06T12:09:03","modified_gmt":"2026-02-06T11:09:03","slug":"manarola-stol-16m","status":"publish","type":"product","link":"https:\/\/www.siestagarden.com\/hu\/termek\/manarola-stol-16m\/","title":{"rendered":"Manarola 1,6m-es faasztal"},"content":{"rendered":"<p><strong>Manarola asztal 1,6 m<\/strong> \u2013 F\u00f6ldk\u00f6zi-tengeri egyszer\u0171s\u00e9g, k\u00f6z\u00f6s asztal form\u00e1j\u00e1ban<\/p>\n<p><strong>Manarola asztal 1,6 m<\/strong> Ez a kollekci\u00f3 lelke \u2013 term\u00e9szetes, egyszer\u0171 \u00e9s funkcion\u00e1lis. Az olasz tengerpart hangulata \u00e9s az asztaln\u00e1l tartott kerti vagy teraszos \u00f6sszej\u00f6vetelek ihlett\u00e9k, p\u00e1lcale\u00e9p\u00edt\u00e9s\u00e9vel \u00e9s k\u00f6nnyed form\u00e1j\u00e1val ny\u0171g\u00f6z le, amely t\u00f6k\u00e9letesen illeszkedik mind mag\u00e1n-, mind kereskedelmi terekbe.<\/p>\n<p>T\u00f6m\u00f6r skandin\u00e1v f\u00e1b\u00f3l k\u00e9sz\u00fclt <strong>FSC\u00ae tan\u00fas\u00edtv\u00e1nnyal<\/strong>, az asztallap sz\u00fcrke koptatott dekorat\u00edv impregn\u00e1l\u00e1ssal k\u00e9sz\u00fclt, amely kiemeli a fa strukt\u00far\u00e1j\u00e1t \u00e9s nyugodt, neutr\u00e1lis jelleget k\u00f6lcs\u00f6n\u00f6z neki \u2013 illik a z\u00f6ldh\u00f6z, k\u0151h\u00f6z, betonhoz \u00e9s vil\u00e1gos kerti sz\u00f6vetekhez.<\/p>\n<p>Az 1,6 m-es hossz\u00fas\u00e1g k\u00e9nyelmes helyet biztos\u00edt 4-6 szem\u00e9lynek, a letisztult vonalvezet\u00e9snek k\u00f6sz\u00f6nhet\u0151en pedig k\u00f6nnyen p\u00e1ros\u00edthat\u00f3 padokkal, sz\u00e9kekkel vagy egy k\u00e9tszem\u00e9lyes fotellel. <strong>Manarola<\/strong>, \u00edgy hozva l\u00e9tre egy egys\u00e9ges \u00e9s funkcion\u00e1lis k\u00fclt\u00e9ri \u00e9tkez\u0151t.<\/p>\n<p>\u2714\ufe0f olasz kert \u00e9s form\u00e1k egyszer\u0171s\u00e9ge \u00e1ltal inspir\u00e1lt st\u00edlus<\/p>\n<p>\u2714\ufe0f raklapos kialak\u00edt\u00e1s \u2013 stabil, term\u00e9szetes, modern<\/p>\n<p>\u2714\ufe0f FSC\u00ae t\u00f6m\u00f6r f\u00e1b\u00f3l k\u00e9sz\u00fclt<\/p>\n<p>\u2714\ufe0f dekorat\u00edv Grey Wash fel\u00fclet \u2013 st\u00edlusos \u00e9s univerz\u00e1lis<\/p>\n<p>\u2714\ufe0f 1,6 m hossz\u00fa \u2013 4-6 f\u0151 r\u00e9sz\u00e9re ide\u00e1lis<\/p>\n<p>\u2714\ufe0f Kompanibilis a Manarola kollekci\u00f3 t\u00f6bbi elem\u00e9vel<\/p>\n<p><strong>Manarola asztal 1,6 m<\/strong> Ez egy megh\u00edv\u00e1s k\u00f6z\u00f6s id\u0151t\u00f6lt\u00e9sre az asztaln\u00e1l \u2013 tele f\u00e9nnyel, term\u00e9szettel \u00e9s egyszer\u0171s\u00e9ggel.<\/p>","protected":false},"excerpt":{"rendered":"<p>St\u00f3\u0142 Manarola 1,6 m \u2013 \u015br\u00f3dziemnomorska prostota w formie wsp\u00f3lnego sto\u0142u St\u00f3\u0142 Manarola 1,6 m to serce kolekcji \u2013 naturalny, prosty i funkcjonalny. Inspirowany klimatem w\u0142oskiego wybrze\u017ca i spotkaniami przy stole w ogrodzie lub na tarasie, zachwyca paletow\u0105 konstrukcj\u0105 i lekk\u0105 form\u0105, kt\u00f3ra doskonale wpisuje si\u0119 zar\u00f3wno w przestrzenie prywatne, jak i komercyjne. Wykonany z [&hellip;]<\/p>\n","protected":false},"featured_media":1843,"template":"","meta":{"_acf_changed":false},"product_brand":[],"product_cat":[71],"product_tag":[78,84],"class_list":{"0":"post-1515","1":"product","2":"type-product","3":"status-publish","4":"has-post-thumbnail","6":"product_cat-stoly-i-stoliki","7":"product_tag-horeca","8":"product_tag-kolekcja-manarola","9":"product_shipping_class-podstawowa","11":"first","12":"instock","13":"taxable","14":"shipping-taxable","15":"purchasable","16":"product-type-simple","17":"add-to-wishlist-after_add_to_cart"},"acf":[],"yoast_head":"<!-- This site is optimized with the Yoast SEO plugin v26.6 - https:\/\/yoast.com\/wordpress\/plugins\/seo\/ -->\n<title>St\u00f3\u0142 drewniany Manarola 1,6m - Siesta Garden<\/title>\n<meta name=\"robots\" content=\"index, follow, max-snippet:-1, max-image-preview:large, max-video-preview:-1\" \/>\n<link rel=\"canonical\" href=\"https:\/\/www.siestagarden.com\/hu\/termek\/manarola-stol-16m\/\" \/>\n<meta property=\"og:locale\" content=\"hu_HU\" \/>\n<meta property=\"og:type\" content=\"article\" \/>\n<meta property=\"og:title\" content=\"St\u00f3\u0142 drewniany Manarola 1,6m - Siesta Garden\" \/>\n<meta property=\"og:description\" content=\"St\u00f3\u0142 Manarola 1,6 m \u2013 \u015br\u00f3dziemnomorska prostota w formie wsp\u00f3lnego sto\u0142u St\u00f3\u0142 Manarola 1,6 m to serce kolekcji \u2013 naturalny, prosty i funkcjonalny. Inspirowany klimatem w\u0142oskiego wybrze\u017ca i spotkaniami przy stole w ogrodzie lub na tarasie, zachwyca paletow\u0105 konstrukcj\u0105 i lekk\u0105 form\u0105, kt\u00f3ra doskonale wpisuje si\u0119 zar\u00f3wno w przestrzenie prywatne, jak i komercyjne. Wykonany z [&hellip;]\" \/>\n<meta property=\"og:url\" content=\"https:\/\/www.siestagarden.com\/hu\/termek\/manarola-stol-16m\/\" \/>\n<meta property=\"og:site_name\" content=\"Siesta Garden\" \/>\n<meta property=\"article:modified_time\" content=\"2026-02-06T11:09:03+00:00\" \/>\n<meta property=\"og:image\" content=\"https:\/\/www.siestagarden.com\/wp-content\/uploads\/2025\/03\/IMG_8932.jpg\" \/>\n\t<meta property=\"og:image:width\" content=\"1600\" \/>\n\t<meta property=\"og:image:height\" content=\"1303\" \/>\n\t<meta property=\"og:image:type\" content=\"image\/jpeg\" \/>\n<meta name=\"twitter:card\" content=\"summary_large_image\" \/>\n<meta name=\"twitter:label1\" content=\"Becs\u00fclt olvas\u00e1si id\u0151\" \/>\n\t<meta name=\"twitter:data1\" content=\"2 perc\" \/>\n<script type=\"application\/ld+json\" class=\"yoast-schema-graph\">{\"@context\":\"https:\/\/schema.org\",\"@graph\":[{\"@type\":\"WebPage\",\"@id\":\"https:\/\/www.siestagarden.com\/produkt\/manarola-stol-16m\/\",\"url\":\"https:\/\/www.siestagarden.com\/produkt\/manarola-stol-16m\/\",\"name\":\"St\u00f3\u0142 drewniany Manarola 1,6m - Siesta Garden\",\"isPartOf\":{\"@id\":\"https:\/\/www.siestagarden.com\/#website\"},\"primaryImageOfPage\":{\"@id\":\"https:\/\/www.siestagarden.com\/produkt\/manarola-stol-16m\/#primaryimage\"},\"image\":{\"@id\":\"https:\/\/www.siestagarden.com\/produkt\/manarola-stol-16m\/#primaryimage\"},\"thumbnailUrl\":\"https:\/\/www.siestagarden.com\/wp-content\/uploads\/2025\/03\/IMG_8932.jpg\",\"datePublished\":\"2025-03-12T10:33:06+00:00\",\"dateModified\":\"2026-02-06T11:09:03+00:00\",\"breadcrumb\":{\"@id\":\"https:\/\/www.siestagarden.com\/produkt\/manarola-stol-16m\/#breadcrumb\"},\"inLanguage\":\"hu\",\"potentialAction\":[{\"@type\":\"ReadAction\",\"target\":[\"https:\/\/www.siestagarden.com\/produkt\/manarola-stol-16m\/\"]}]},{\"@type\":\"ImageObject\",\"inLanguage\":\"hu\",\"@id\":\"https:\/\/www.siestagarden.com\/produkt\/manarola-stol-16m\/#primaryimage\",\"url\":\"https:\/\/www.siestagarden.com\/wp-content\/uploads\/2025\/03\/IMG_8932.jpg\",\"contentUrl\":\"https:\/\/www.siestagarden.com\/wp-content\/uploads\/2025\/03\/IMG_8932.jpg\",\"width\":1600,\"height\":1303},{\"@type\":\"BreadcrumbList\",\"@id\":\"https:\/\/www.siestagarden.com\/produkt\/manarola-stol-16m\/#breadcrumb\",\"itemListElement\":[{\"@type\":\"ListItem\",\"position\":1,\"name\":\"Strona g\u0142\u00f3wna\",\"item\":\"https:\/\/www.siestagarden.com\/\"},{\"@type\":\"ListItem\",\"position\":2,\"name\":\"Sklep\",\"item\":\"https:\/\/www.siestagarden.com\/sklep\/\"},{\"@type\":\"ListItem\",\"position\":3,\"name\":\"St\u00f3\u0142 drewniany Manarola 1,6m\"}]},{\"@type\":\"WebSite\",\"@id\":\"https:\/\/www.siestagarden.com\/#website\",\"url\":\"https:\/\/www.siestagarden.com\/\",\"name\":\"Siesta Garden\",\"description\":\"Meble do Twojego ogrodu. Polski producent drewnianych mebli najwy\u017cszej jako\u015bci.\",\"potentialAction\":[{\"@type\":\"SearchAction\",\"target\":{\"@type\":\"EntryPoint\",\"urlTemplate\":\"https:\/\/www.siestagarden.com\/?s={search_term_string}\"},\"query-input\":{\"@type\":\"PropertyValueSpecification\",\"valueRequired\":true,\"valueName\":\"search_term_string\"}}],\"inLanguage\":\"hu\"}]}<\/script>\n<!-- \/ Yoast SEO plugin. -->","yoast_head_json":{"title":"St\u00f3\u0142 drewniany Manarola 1,6m - Siesta Garden","robots":{"index":"index","follow":"follow","max-snippet":"max-snippet:-1","max-image-preview":"max-image-preview:large","max-video-preview":"max-video-preview:-1"},"canonical":"https:\/\/www.siestagarden.com\/hu\/termek\/manarola-stol-16m\/","og_locale":"hu_HU","og_type":"article","og_title":"St\u00f3\u0142 drewniany Manarola 1,6m - Siesta Garden","og_description":"St\u00f3\u0142 Manarola 1,6 m \u2013 \u015br\u00f3dziemnomorska prostota w formie wsp\u00f3lnego sto\u0142u St\u00f3\u0142 Manarola 1,6 m to serce kolekcji \u2013 naturalny, prosty i funkcjonalny. Inspirowany klimatem w\u0142oskiego wybrze\u017ca i spotkaniami przy stole w ogrodzie lub na tarasie, zachwyca paletow\u0105 konstrukcj\u0105 i lekk\u0105 form\u0105, kt\u00f3ra doskonale wpisuje si\u0119 zar\u00f3wno w przestrzenie prywatne, jak i komercyjne. Wykonany z [&hellip;]","og_url":"https:\/\/www.siestagarden.com\/hu\/termek\/manarola-stol-16m\/","og_site_name":"Siesta Garden","article_modified_time":"2026-02-06T11:09:03+00:00","og_image":[{"width":1600,"height":1303,"url":"https:\/\/www.siestagarden.com\/wp-content\/uploads\/2025\/03\/IMG_8932.jpg","type":"image\/jpeg"}],"twitter_card":"summary_large_image","twitter_misc":{"Becs\u00fclt olvas\u00e1si id\u0151":"2 perc"},"schema":{"@context":"https:\/\/schema.org","@graph":[{"@type":"WebPage","@id":"https:\/\/www.siestagarden.com\/produkt\/manarola-stol-16m\/","url":"https:\/\/www.siestagarden.com\/produkt\/manarola-stol-16m\/","name":"St\u00f3\u0142 drewniany Manarola 1,6m - Siesta Garden","isPartOf":{"@id":"https:\/\/www.siestagarden.com\/#website"},"primaryImageOfPage":{"@id":"https:\/\/www.siestagarden.com\/produkt\/manarola-stol-16m\/#primaryimage"},"image":{"@id":"https:\/\/www.siestagarden.com\/produkt\/manarola-stol-16m\/#primaryimage"},"thumbnailUrl":"https:\/\/www.siestagarden.com\/wp-content\/uploads\/2025\/03\/IMG_8932.jpg","datePublished":"2025-03-12T10:33:06+00:00","dateModified":"2026-02-06T11:09:03+00:00","breadcrumb":{"@id":"https:\/\/www.siestagarden.com\/produkt\/manarola-stol-16m\/#breadcrumb"},"inLanguage":"hu","potentialAction":[{"@type":"ReadAction","target":["https:\/\/www.siestagarden.com\/produkt\/manarola-stol-16m\/"]}]},{"@type":"ImageObject","inLanguage":"hu","@id":"https:\/\/www.siestagarden.com\/produkt\/manarola-stol-16m\/#primaryimage","url":"https:\/\/www.siestagarden.com\/wp-content\/uploads\/2025\/03\/IMG_8932.jpg","contentUrl":"https:\/\/www.siestagarden.com\/wp-content\/uploads\/2025\/03\/IMG_8932.jpg","width":1600,"height":1303},{"@type":"BreadcrumbList","@id":"https:\/\/www.siestagarden.com\/produkt\/manarola-stol-16m\/#breadcrumb","itemListElement":[{"@type":"ListItem","position":1,"name":"Strona g\u0142\u00f3wna","item":"https:\/\/www.siestagarden.com\/"},{"@type":"ListItem","position":2,"name":"Sklep","item":"https:\/\/www.siestagarden.com\/sklep\/"},{"@type":"ListItem","position":3,"name":"St\u00f3\u0142 drewniany Manarola 1,6m"}]},{"@type":"WebSite","@id":"https:\/\/www.siestagarden.com\/#website","url":"https:\/\/www.siestagarden.com\/","name":"Siesta Garden","description":"Kerti b\u00fatorok. Magas min\u0151s\u00e9g\u0171 fa kerti b\u00fatorok lengyel gy\u00e1rt\u00f3ja.","potentialAction":[{"@type":"SearchAction","target":{"@type":"EntryPoint","urlTemplate":"https:\/\/www.siestagarden.com\/?s={search_term_string}"},"query-input":{"@type":"PropertyValueSpecification","valueRequired":true,"valueName":"search_term_string"}}],"inLanguage":"hu"}]}},"_links":{"self":[{"href":"https:\/\/www.siestagarden.com\/hu\/wp-json\/wp\/v2\/product\/1515","targetHints":{"allow":["GET"]}}],"collection":[{"href":"https:\/\/www.siestagarden.com\/hu\/wp-json\/wp\/v2\/product"}],"about":[{"href":"https:\/\/www.siestagarden.com\/hu\/wp-json\/wp\/v2\/types\/product"}],"wp:featuredmedia":[{"embeddable":true,"href":"https:\/\/www.siestagarden.com\/hu\/wp-json\/wp\/v2\/media\/1843"}],"wp:attachment":[{"href":"https:\/\/www.siestagarden.com\/hu\/wp-json\/wp\/v2\/media?parent=1515"}],"wp:term":[{"taxonomy":"product_brand","embeddable":true,"href":"https:\/\/www.siestagarden.com\/hu\/wp-json\/wp\/v2\/product_brand?post=1515"},{"taxonomy":"product_cat","embeddable":true,"href":"https:\/\/www.siestagarden.com\/hu\/wp-json\/wp\/v2\/product_cat?post=1515"},{"taxonomy":"product_tag","embeddable":true,"href":"https:\/\/www.siestagarden.com\/hu\/wp-json\/wp\/v2\/product_tag?post=1515"}],"curies":[{"name":"wp","href":"https:\/\/api.w.org\/{rel}","templated":true}]}}