{"id":1539,"date":"2025-03-12T11:48:25","date_gmt":"2025-03-12T10:48:25","guid":{"rendered":"https:\/\/www.siestagarden.com\/?post_type=product&#038;p=1539"},"modified":"2026-04-10T11:25:04","modified_gmt":"2026-04-10T09:25:04","slug":"krzeslo-plazowe","status":"publish","type":"product","link":"https:\/\/www.siestagarden.com\/hu\/termek\/krzeslo-plazowe\/","title":{"rendered":"Patmos sz\u00f6rf\u00f6s sz\u00e9k k\u00e9k"},"content":{"rendered":"<p><strong>PATMOS<\/strong> \u2013 sz\u00f6rf\u00f6z\u0151 sz\u00e9k \u00f3ce\u00e1ni jelleggel<\/p>\n<p><strong>A Patmos egy sz\u00e9k<\/strong>, amelyr\u0151l egyszer\u0171, sz\u00f6rfdeszka ihlet\u00e9s\u0171, karcs\u00fa sziluettje vonzza a tekintetet. Profilozott form\u00e1ja a tengerpart szellem\u00e9t \u00e9s a hull\u00e1mok ritmus\u00e1ban \u00e9l\u0151 gondtalan \u00e9let\u00e9rz\u00e9st id\u00e9zi, ugyanakkor k\u00f6nnyeds\u00e9get \u00e9s eredetis\u00e9get visz b\u00e1rmely k\u00fclt\u00e9ri t\u00e9rbe.<\/p>\n<p>A sz\u00e9k jellegzetes eleme a dekorat\u00edv kard \u2013 finom utal\u00e1s a deszka uszony\u00e1ra, amely nemcsak eszt\u00e9tikai, hanem els\u0151sorban gyakorlati funkci\u00f3t is bet\u00f6lt: kalap, t\u00f6r\u00f6lk\u00f6z\u0151 vagy strandt\u00e1ska akaszt\u00f3jak\u00e9nt is szolg\u00e1lhat.<\/p>\n<p>A szerkezet FSC\u00ae tan\u00fas\u00edtv\u00e1nnyal rendelkez\u0151 t\u00f6m\u00f6r f\u00e1b\u00f3l k\u00e9sz\u00fclt, az eg\u00e9szet pedig \u00f3ce\u00e1nk\u00e9k sz\u00edn\u0171 impregn\u00e1l\u00f3val kezeltek, amely v\u00e9di a fel\u00fcletet \u00e9s selymesen sima \u00e9rzetet k\u00f6lcs\u00f6n\u00f6z neki.<\/p>\n<p>Ez ide\u00e1lis v\u00e1laszt\u00e1s olyan jachtkik\u00f6t\u0151k, kik\u00f6t\u0151k, tengerparti sz\u00e1llod\u00e1k \u00e9s \u00fcd\u00fcl\u0151helyek sz\u00e1m\u00e1ra, amelyek egyedi form\u00e1kat \u00e9s r\u00e9szleteket keresnek, hogy kiemelj\u00e9k k\u00fcl\u00f6nleges st\u00edlusukat.<\/p>\n<p>\u2714\ufe0f sz\u00f6rfdeszka ihlette \u2013 egyszer\u0171, hat\u00e1sos forma<\/p>\n<p>\u2714\ufe0f dekorat\u00edv \u00e9s funkcion\u00e1lis \u201ekard\u201d elem<\/p>\n<p>\u2714\ufe0f FSC\u00ae t\u00f6m\u00f6r f\u00e1b\u00f3l k\u00e9sz\u00fclt<\/p>\n<p>\u2714\ufe0f k\u00e9k sz\u00edn\u0171, fel\u00fcletsim\u00edt\u00f3 impregn\u00e1l\u00f3val kezelve<\/p>\n<p>\u2714\ufe0f ide\u00e1lis kik\u00f6t\u0151kbe, m\u00f3l\u00f3khoz, sz\u00e1llod\u00e1kba, strand- \u00e9s \u00fcd\u00fcl\u0151ter\u00fcletekre<\/p>\n<p><strong>Patmosz<\/strong> ez nem csup\u00e1n \u00fcl\u0151hely \u2013 ez a t\u00e9r st\u00edlusos f\u00f3kuszpontja, amely hangulatot teremt \u00e9s t\u00f6rt\u00e9netet mes\u00e9l.<\/p>","protected":false},"excerpt":{"rendered":"<p>PATMOS \u2013 surfingowe krzes\u0142o z charakterem oceanu Patmos to krzes\u0142o, kt\u00f3re przyci\u0105ga spojrzenia swoj\u0105 prost\u0105, smuk\u0142\u0105 sylwetk\u0105 inspirowan\u0105 desk\u0105 surfingow\u0105. Jego wyprofilowana forma oddaje ducha wybrze\u017ca i beztroskiego \u017cycia w rytmie fal, a przy tym wnosi lekko\u015b\u0107 i oryginalno\u015b\u0107 do ka\u017cdej przestrzeni zewn\u0119trznej. Charakterystycznym elementem krzes\u0142a jest dekoracyjny miecz \u2013 subtelne nawi\u0105zanie do statecznika deski, [&hellip;]<\/p>\n","protected":false},"featured_media":1650,"template":"","meta":{"_acf_changed":false},"product_brand":[],"product_cat":[68],"product_tag":[79],"class_list":{"0":"post-1539","1":"product","2":"type-product","3":"status-publish","4":"has-post-thumbnail","6":"product_cat-fotele-i-krzesla","7":"product_tag-public","8":"product_shipping_class-podstawowa","10":"first","11":"instock","12":"taxable","13":"shipping-taxable","14":"purchasable","15":"product-type-simple","16":"add-to-wishlist-after_add_to_cart"},"acf":[],"yoast_head":"<!-- This site is optimized with the Yoast SEO plugin v26.6 - https:\/\/yoast.com\/wordpress\/plugins\/seo\/ -->\n<title>Krzes\u0142o surfingowe Patmos niebieskie - Siesta Garden<\/title>\n<meta name=\"robots\" content=\"index, follow, max-snippet:-1, max-image-preview:large, max-video-preview:-1\" \/>\n<link rel=\"canonical\" href=\"https:\/\/www.siestagarden.com\/hu\/termek\/krzeslo-plazowe\/\" \/>\n<meta property=\"og:locale\" content=\"hu_HU\" \/>\n<meta property=\"og:type\" content=\"article\" \/>\n<meta property=\"og:title\" content=\"Krzes\u0142o surfingowe Patmos niebieskie - Siesta Garden\" \/>\n<meta property=\"og:description\" content=\"PATMOS \u2013 surfingowe krzes\u0142o z charakterem oceanu Patmos to krzes\u0142o, kt\u00f3re przyci\u0105ga spojrzenia swoj\u0105 prost\u0105, smuk\u0142\u0105 sylwetk\u0105 inspirowan\u0105 desk\u0105 surfingow\u0105. Jego wyprofilowana forma oddaje ducha wybrze\u017ca i beztroskiego \u017cycia w rytmie fal, a przy tym wnosi lekko\u015b\u0107 i oryginalno\u015b\u0107 do ka\u017cdej przestrzeni zewn\u0119trznej. Charakterystycznym elementem krzes\u0142a jest dekoracyjny miecz \u2013 subtelne nawi\u0105zanie do statecznika deski, [&hellip;]\" \/>\n<meta property=\"og:url\" content=\"https:\/\/www.siestagarden.com\/hu\/termek\/krzeslo-plazowe\/\" \/>\n<meta property=\"og:site_name\" content=\"Siesta Garden\" \/>\n<meta property=\"article:modified_time\" content=\"2026-04-10T09:25:04+00:00\" \/>\n<meta property=\"og:image\" content=\"https:\/\/www.siestagarden.com\/wp-content\/uploads\/2025\/03\/IMG_8314-scaled-e1770629123245.jpg\" \/>\n\t<meta property=\"og:image:width\" content=\"1707\" \/>\n\t<meta property=\"og:image:height\" content=\"2560\" \/>\n\t<meta property=\"og:image:type\" content=\"image\/jpeg\" \/>\n<meta name=\"twitter:card\" content=\"summary_large_image\" \/>\n<meta name=\"twitter:label1\" content=\"Becs\u00fclt olvas\u00e1si id\u0151\" \/>\n\t<meta name=\"twitter:data1\" content=\"2 perc\" \/>\n<script type=\"application\/ld+json\" class=\"yoast-schema-graph\">{\"@context\":\"https:\/\/schema.org\",\"@graph\":[{\"@type\":\"WebPage\",\"@id\":\"https:\/\/www.siestagarden.com\/produkt\/krzeslo-plazowe\/\",\"url\":\"https:\/\/www.siestagarden.com\/produkt\/krzeslo-plazowe\/\",\"name\":\"Krzes\u0142o surfingowe Patmos niebieskie - Siesta Garden\",\"isPartOf\":{\"@id\":\"https:\/\/www.siestagarden.com\/#website\"},\"primaryImageOfPage\":{\"@id\":\"https:\/\/www.siestagarden.com\/produkt\/krzeslo-plazowe\/#primaryimage\"},\"image\":{\"@id\":\"https:\/\/www.siestagarden.com\/produkt\/krzeslo-plazowe\/#primaryimage\"},\"thumbnailUrl\":\"https:\/\/www.siestagarden.com\/wp-content\/uploads\/2025\/03\/IMG_8314-scaled-e1770629123245.jpg\",\"datePublished\":\"2025-03-12T10:48:25+00:00\",\"dateModified\":\"2026-04-10T09:25:04+00:00\",\"breadcrumb\":{\"@id\":\"https:\/\/www.siestagarden.com\/produkt\/krzeslo-plazowe\/#breadcrumb\"},\"inLanguage\":\"hu\",\"potentialAction\":[{\"@type\":\"ReadAction\",\"target\":[\"https:\/\/www.siestagarden.com\/produkt\/krzeslo-plazowe\/\"]}]},{\"@type\":\"ImageObject\",\"inLanguage\":\"hu\",\"@id\":\"https:\/\/www.siestagarden.com\/produkt\/krzeslo-plazowe\/#primaryimage\",\"url\":\"https:\/\/www.siestagarden.com\/wp-content\/uploads\/2025\/03\/IMG_8314-scaled-e1770629123245.jpg\",\"contentUrl\":\"https:\/\/www.siestagarden.com\/wp-content\/uploads\/2025\/03\/IMG_8314-scaled-e1770629123245.jpg\",\"width\":1707,\"height\":2560},{\"@type\":\"BreadcrumbList\",\"@id\":\"https:\/\/www.siestagarden.com\/produkt\/krzeslo-plazowe\/#breadcrumb\",\"itemListElement\":[{\"@type\":\"ListItem\",\"position\":1,\"name\":\"Strona g\u0142\u00f3wna\",\"item\":\"https:\/\/www.siestagarden.com\/\"},{\"@type\":\"ListItem\",\"position\":2,\"name\":\"Sklep\",\"item\":\"https:\/\/www.siestagarden.com\/sklep\/\"},{\"@type\":\"ListItem\",\"position\":3,\"name\":\"Krzes\u0142o surfingowe Patmos niebieskie\"}]},{\"@type\":\"WebSite\",\"@id\":\"https:\/\/www.siestagarden.com\/#website\",\"url\":\"https:\/\/www.siestagarden.com\/\",\"name\":\"Siesta Garden\",\"description\":\"Meble do Twojego ogrodu. Polski producent drewnianych mebli najwy\u017cszej jako\u015bci.\",\"potentialAction\":[{\"@type\":\"SearchAction\",\"target\":{\"@type\":\"EntryPoint\",\"urlTemplate\":\"https:\/\/www.siestagarden.com\/?s={search_term_string}\"},\"query-input\":{\"@type\":\"PropertyValueSpecification\",\"valueRequired\":true,\"valueName\":\"search_term_string\"}}],\"inLanguage\":\"hu\"}]}<\/script>\n<!-- \/ Yoast SEO plugin. -->","yoast_head_json":{"title":"Krzes\u0142o surfingowe Patmos niebieskie - Siesta Garden","robots":{"index":"index","follow":"follow","max-snippet":"max-snippet:-1","max-image-preview":"max-image-preview:large","max-video-preview":"max-video-preview:-1"},"canonical":"https:\/\/www.siestagarden.com\/hu\/termek\/krzeslo-plazowe\/","og_locale":"hu_HU","og_type":"article","og_title":"Krzes\u0142o surfingowe Patmos niebieskie - Siesta Garden","og_description":"PATMOS \u2013 surfingowe krzes\u0142o z charakterem oceanu Patmos to krzes\u0142o, kt\u00f3re przyci\u0105ga spojrzenia swoj\u0105 prost\u0105, smuk\u0142\u0105 sylwetk\u0105 inspirowan\u0105 desk\u0105 surfingow\u0105. Jego wyprofilowana forma oddaje ducha wybrze\u017ca i beztroskiego \u017cycia w rytmie fal, a przy tym wnosi lekko\u015b\u0107 i oryginalno\u015b\u0107 do ka\u017cdej przestrzeni zewn\u0119trznej. Charakterystycznym elementem krzes\u0142a jest dekoracyjny miecz \u2013 subtelne nawi\u0105zanie do statecznika deski, [&hellip;]","og_url":"https:\/\/www.siestagarden.com\/hu\/termek\/krzeslo-plazowe\/","og_site_name":"Siesta Garden","article_modified_time":"2026-04-10T09:25:04+00:00","og_image":[{"width":1707,"height":2560,"url":"https:\/\/www.siestagarden.com\/wp-content\/uploads\/2025\/03\/IMG_8314-scaled-e1770629123245.jpg","type":"image\/jpeg"}],"twitter_card":"summary_large_image","twitter_misc":{"Becs\u00fclt olvas\u00e1si id\u0151":"2 perc"},"schema":{"@context":"https:\/\/schema.org","@graph":[{"@type":"WebPage","@id":"https:\/\/www.siestagarden.com\/produkt\/krzeslo-plazowe\/","url":"https:\/\/www.siestagarden.com\/produkt\/krzeslo-plazowe\/","name":"Krzes\u0142o surfingowe Patmos niebieskie - Siesta Garden","isPartOf":{"@id":"https:\/\/www.siestagarden.com\/#website"},"primaryImageOfPage":{"@id":"https:\/\/www.siestagarden.com\/produkt\/krzeslo-plazowe\/#primaryimage"},"image":{"@id":"https:\/\/www.siestagarden.com\/produkt\/krzeslo-plazowe\/#primaryimage"},"thumbnailUrl":"https:\/\/www.siestagarden.com\/wp-content\/uploads\/2025\/03\/IMG_8314-scaled-e1770629123245.jpg","datePublished":"2025-03-12T10:48:25+00:00","dateModified":"2026-04-10T09:25:04+00:00","breadcrumb":{"@id":"https:\/\/www.siestagarden.com\/produkt\/krzeslo-plazowe\/#breadcrumb"},"inLanguage":"hu","potentialAction":[{"@type":"ReadAction","target":["https:\/\/www.siestagarden.com\/produkt\/krzeslo-plazowe\/"]}]},{"@type":"ImageObject","inLanguage":"hu","@id":"https:\/\/www.siestagarden.com\/produkt\/krzeslo-plazowe\/#primaryimage","url":"https:\/\/www.siestagarden.com\/wp-content\/uploads\/2025\/03\/IMG_8314-scaled-e1770629123245.jpg","contentUrl":"https:\/\/www.siestagarden.com\/wp-content\/uploads\/2025\/03\/IMG_8314-scaled-e1770629123245.jpg","width":1707,"height":2560},{"@type":"BreadcrumbList","@id":"https:\/\/www.siestagarden.com\/produkt\/krzeslo-plazowe\/#breadcrumb","itemListElement":[{"@type":"ListItem","position":1,"name":"Strona g\u0142\u00f3wna","item":"https:\/\/www.siestagarden.com\/"},{"@type":"ListItem","position":2,"name":"Sklep","item":"https:\/\/www.siestagarden.com\/sklep\/"},{"@type":"ListItem","position":3,"name":"Krzes\u0142o surfingowe Patmos niebieskie"}]},{"@type":"WebSite","@id":"https:\/\/www.siestagarden.com\/#website","url":"https:\/\/www.siestagarden.com\/","name":"Siesta Garden","description":"Kerti b\u00fatorok. Magas min\u0151s\u00e9g\u0171 fa kerti b\u00fatorok lengyel gy\u00e1rt\u00f3ja.","potentialAction":[{"@type":"SearchAction","target":{"@type":"EntryPoint","urlTemplate":"https:\/\/www.siestagarden.com\/?s={search_term_string}"},"query-input":{"@type":"PropertyValueSpecification","valueRequired":true,"valueName":"search_term_string"}}],"inLanguage":"hu"}]}},"_links":{"self":[{"href":"https:\/\/www.siestagarden.com\/hu\/wp-json\/wp\/v2\/product\/1539","targetHints":{"allow":["GET"]}}],"collection":[{"href":"https:\/\/www.siestagarden.com\/hu\/wp-json\/wp\/v2\/product"}],"about":[{"href":"https:\/\/www.siestagarden.com\/hu\/wp-json\/wp\/v2\/types\/product"}],"wp:featuredmedia":[{"embeddable":true,"href":"https:\/\/www.siestagarden.com\/hu\/wp-json\/wp\/v2\/media\/1650"}],"wp:attachment":[{"href":"https:\/\/www.siestagarden.com\/hu\/wp-json\/wp\/v2\/media?parent=1539"}],"wp:term":[{"taxonomy":"product_brand","embeddable":true,"href":"https:\/\/www.siestagarden.com\/hu\/wp-json\/wp\/v2\/product_brand?post=1539"},{"taxonomy":"product_cat","embeddable":true,"href":"https:\/\/www.siestagarden.com\/hu\/wp-json\/wp\/v2\/product_cat?post=1539"},{"taxonomy":"product_tag","embeddable":true,"href":"https:\/\/www.siestagarden.com\/hu\/wp-json\/wp\/v2\/product_tag?post=1539"}],"curies":[{"name":"wp","href":"https:\/\/api.w.org\/{rel}","templated":true}]}}