{"id":1545,"date":"2025-03-12T11:48:26","date_gmt":"2025-03-12T10:48:26","guid":{"rendered":"https:\/\/www.siestagarden.com\/?post_type=product&#038;p=1545"},"modified":"2026-02-12T10:15:13","modified_gmt":"2026-02-12T09:15:13","slug":"lezak-lukka-2","status":"publish","type":"product","link":"https:\/\/www.siestagarden.com\/hu\/termek\/lezak-lukka-2\/","title":{"rendered":"Lucca fa napoz\u00f3\u00e1gy kerekekkel"},"content":{"rendered":"<p><strong>Napoz\u00f3\u00e1gy LUKKA<\/strong> \u2013 k\u00e9nyelem \u00e9s mobilit\u00e1s term\u00e9szetes st\u00edlusban<\/p>\n<p><strong>LUKKA kerti nyug\u00e1gy<\/strong> ez a k\u00e9nyelem, a tart\u00f3ss\u00e1g \u00e9s a funkcion\u00e1lis kialak\u00edt\u00e1s \u00f6tv\u00f6zete. T\u00f6m\u00f6r f\u00e1b\u00f3l k\u00e9sz\u00fclt <strong>FSC\u00ae tan\u00fas\u00edtv\u00e1nnyal<\/strong>, impregn\u00e1lt\u00e1k, hogy <strong>3 v\u00e9delmi kateg\u00f3ria<\/strong> \u2013 a legmagasabb min\u0151s\u00e9g\u0171, amelyet kerti b\u00fatorokhoz haszn\u00e1lnak. Ez\u00e1ltal ellen\u00e1ll az id\u0151j\u00e1r\u00e1s viszontags\u00e1gainak, \u00e9s t\u00f6k\u00e9letesen alkalmas teraszra, kertbe vagy medence mell\u00e9.<\/p>\n<p><strong>A nyug\u00e1gy h\u00e1tt\u00e1ml\u00e1ja \u00e1ll\u00edthat\u00f3<\/strong>, amely lehet\u0151v\u00e9 teszi a poz\u00edci\u00f3 szem\u00e9lyes preferenci\u00e1khoz val\u00f3 igaz\u00edt\u00e1s\u00e1t \u2013 \u00fcl\u0151 poz\u00edci\u00f3t\u00f3l a k\u00e9nyelmes fekv\u00e9sig. Tov\u00e1bbi el\u0151ny a <strong>kerekek<\/strong> a szerkezet h\u00e1tulj\u00e1ra helyezve, amely lehet\u0151v\u00e9 teszi a napoz\u00f3\u00e1gy k\u00f6nny\u0171 \u00e1thelyez\u00e9s\u00e9t b\u00e1rhov\u00e1 \u2013 oda, ahol \u00e9ppen a legjobban s\u00fct a nap.<\/p>\n<p>Az extra k\u00e9nyelem \u00e9rdek\u00e9ben n\u00e1lunk v\u00e1s\u00e1rolhat egyfakul\u00e1s\u00e1ll\u00f3 k\u00fclt\u00e9ri anyagb\u00f3l k\u00e9sz\u00fclt matracot, amely t\u00f6k\u00e9letesen illeszkedik a napoz\u00f3\u00e1gy form\u00e1j\u00e1hoz.<\/p>\n<p>\u2714\ufe0f FSC\u00ae k\u00f6nny\u0171 fa \u2013 tart\u00f3ss\u00e1g \u00e9s fenntarthat\u00f3 termel\u00e9s<\/p>\n<p>\u2714\ufe0f impregn\u00e1ci\u00f3 a 3. kateg\u00f3ri\u00e1s v\u00e9delemig \u2013 magas fok\u00fa v\u00e9delem kerti b\u00fatoroknak<\/p>\n<p>\u2714\ufe0f \u00e1ll\u00edthat\u00f3 h\u00e1tt\u00e1mla \u2013 t\u00f6bb k\u00e9nyelmes poz\u00edci\u00f3<\/p>\n<p>\u2714\ufe0f kerekek a k\u00f6nny\u0171 \u00e1thelyez\u00e9shez<\/p>\n<p>\u2714\ufe0f lehet\u0151s\u00e9g kieg\u00e9sz\u00edt\u0151 matrac v\u00e1s\u00e1rl\u00e1s\u00e1ra nem fakul\u00f3 anyagb\u00f3l<\/p>\n<p><strong>LUKKA<\/strong> ide\u00e1lis v\u00e1laszt\u00e1s azoknak, akik \u00e9rt\u00e9kelik a k\u00e9nyelmet, a term\u00e9szetes anyagokat \u00e9s a mozg\u00e1sszabads\u00e1got kerti k\u00f6rnyezetben.<\/p>","protected":false},"excerpt":{"rendered":"<p>Le\u017cak s\u0142oneczny LUKKA \u2013 komfort i mobilno\u015b\u0107 w naturalnym stylu Le\u017cak ogrodowy LUKKA to po\u0142\u0105czenie wygody, trwa\u0142o\u015bci i funkcjonalnego designu. Wykonany z litego drewna z certyfikatem FSC\u00ae, zosta\u0142 zaimpregnowany do 3 kategorii ochrony \u2013 najwy\u017cszej stosowanej w meblach ogrodowych. Dzi\u0119ki temu jest odporny na dzia\u0142anie warunk\u00f3w atmosferycznych i idealnie sprawdzi si\u0119 na tarasie, w ogrodzie [&hellip;]<\/p>\n","protected":false},"featured_media":1872,"template":"","meta":{"_acf_changed":false},"product_brand":[],"product_cat":[69],"product_tag":[79],"class_list":{"0":"post-1545","1":"product","2":"type-product","3":"status-publish","4":"has-post-thumbnail","6":"product_cat-lezaki-i-lezanki","7":"product_tag-public","8":"product_shipping_class-podstawowa","10":"first","11":"instock","12":"taxable","13":"shipping-taxable","14":"purchasable","15":"product-type-simple","16":"add-to-wishlist-after_add_to_cart"},"acf":[],"yoast_head":"<!-- This site is optimized with the Yoast SEO plugin v26.6 - https:\/\/yoast.com\/wordpress\/plugins\/seo\/ -->\n<title>Le\u017cak s\u0142oneczny drewniany Lukka z k\u00f3\u0142kami - Siesta Garden<\/title>\n<meta name=\"robots\" content=\"index, follow, max-snippet:-1, max-image-preview:large, max-video-preview:-1\" \/>\n<link rel=\"canonical\" href=\"https:\/\/www.siestagarden.com\/hu\/termek\/lezak-lukka-2\/\" \/>\n<meta property=\"og:locale\" content=\"hu_HU\" \/>\n<meta property=\"og:type\" content=\"article\" \/>\n<meta property=\"og:title\" content=\"Le\u017cak s\u0142oneczny drewniany Lukka z k\u00f3\u0142kami - Siesta Garden\" \/>\n<meta property=\"og:description\" content=\"Le\u017cak s\u0142oneczny LUKKA \u2013 komfort i mobilno\u015b\u0107 w naturalnym stylu Le\u017cak ogrodowy LUKKA to po\u0142\u0105czenie wygody, trwa\u0142o\u015bci i funkcjonalnego designu. Wykonany z litego drewna z certyfikatem FSC\u00ae, zosta\u0142 zaimpregnowany do 3 kategorii ochrony \u2013 najwy\u017cszej stosowanej w meblach ogrodowych. Dzi\u0119ki temu jest odporny na dzia\u0142anie warunk\u00f3w atmosferycznych i idealnie sprawdzi si\u0119 na tarasie, w ogrodzie [&hellip;]\" \/>\n<meta property=\"og:url\" content=\"https:\/\/www.siestagarden.com\/hu\/termek\/lezak-lukka-2\/\" \/>\n<meta property=\"og:site_name\" content=\"Siesta Garden\" \/>\n<meta property=\"article:modified_time\" content=\"2026-02-12T09:15:13+00:00\" \/>\n<meta property=\"og:image\" content=\"https:\/\/www.siestagarden.com\/wp-content\/uploads\/2025\/03\/IMG_2905-e1770887696581.jpg\" \/>\n\t<meta property=\"og:image:width\" content=\"1600\" \/>\n\t<meta property=\"og:image:height\" content=\"1067\" \/>\n\t<meta property=\"og:image:type\" content=\"image\/jpeg\" \/>\n<meta name=\"twitter:card\" content=\"summary_large_image\" \/>\n<meta name=\"twitter:label1\" content=\"Becs\u00fclt olvas\u00e1si id\u0151\" \/>\n\t<meta name=\"twitter:data1\" content=\"2 perc\" \/>\n<script type=\"application\/ld+json\" class=\"yoast-schema-graph\">{\"@context\":\"https:\/\/schema.org\",\"@graph\":[{\"@type\":\"WebPage\",\"@id\":\"https:\/\/www.siestagarden.com\/produkt\/lezak-lukka-2\/\",\"url\":\"https:\/\/www.siestagarden.com\/produkt\/lezak-lukka-2\/\",\"name\":\"Le\u017cak s\u0142oneczny drewniany Lukka z k\u00f3\u0142kami - Siesta Garden\",\"isPartOf\":{\"@id\":\"https:\/\/www.siestagarden.com\/#website\"},\"primaryImageOfPage\":{\"@id\":\"https:\/\/www.siestagarden.com\/produkt\/lezak-lukka-2\/#primaryimage\"},\"image\":{\"@id\":\"https:\/\/www.siestagarden.com\/produkt\/lezak-lukka-2\/#primaryimage\"},\"thumbnailUrl\":\"https:\/\/www.siestagarden.com\/wp-content\/uploads\/2025\/03\/IMG_2905-e1770887696581.jpg\",\"datePublished\":\"2025-03-12T10:48:26+00:00\",\"dateModified\":\"2026-02-12T09:15:13+00:00\",\"breadcrumb\":{\"@id\":\"https:\/\/www.siestagarden.com\/produkt\/lezak-lukka-2\/#breadcrumb\"},\"inLanguage\":\"hu\",\"potentialAction\":[{\"@type\":\"ReadAction\",\"target\":[\"https:\/\/www.siestagarden.com\/produkt\/lezak-lukka-2\/\"]}]},{\"@type\":\"ImageObject\",\"inLanguage\":\"hu\",\"@id\":\"https:\/\/www.siestagarden.com\/produkt\/lezak-lukka-2\/#primaryimage\",\"url\":\"https:\/\/www.siestagarden.com\/wp-content\/uploads\/2025\/03\/IMG_2905-e1770887696581.jpg\",\"contentUrl\":\"https:\/\/www.siestagarden.com\/wp-content\/uploads\/2025\/03\/IMG_2905-e1770887696581.jpg\",\"width\":1600,\"height\":1067},{\"@type\":\"BreadcrumbList\",\"@id\":\"https:\/\/www.siestagarden.com\/produkt\/lezak-lukka-2\/#breadcrumb\",\"itemListElement\":[{\"@type\":\"ListItem\",\"position\":1,\"name\":\"Strona g\u0142\u00f3wna\",\"item\":\"https:\/\/www.siestagarden.com\/\"},{\"@type\":\"ListItem\",\"position\":2,\"name\":\"Sklep\",\"item\":\"https:\/\/www.siestagarden.com\/sklep\/\"},{\"@type\":\"ListItem\",\"position\":3,\"name\":\"Le\u017cak s\u0142oneczny drewniany Lukka z k\u00f3\u0142kami\"}]},{\"@type\":\"WebSite\",\"@id\":\"https:\/\/www.siestagarden.com\/#website\",\"url\":\"https:\/\/www.siestagarden.com\/\",\"name\":\"Siesta Garden\",\"description\":\"Meble do Twojego ogrodu. Polski producent drewnianych mebli najwy\u017cszej jako\u015bci.\",\"potentialAction\":[{\"@type\":\"SearchAction\",\"target\":{\"@type\":\"EntryPoint\",\"urlTemplate\":\"https:\/\/www.siestagarden.com\/?s={search_term_string}\"},\"query-input\":{\"@type\":\"PropertyValueSpecification\",\"valueRequired\":true,\"valueName\":\"search_term_string\"}}],\"inLanguage\":\"hu\"}]}<\/script>\n<!-- \/ Yoast SEO plugin. -->","yoast_head_json":{"title":"Le\u017cak s\u0142oneczny drewniany Lukka z k\u00f3\u0142kami - Siesta Garden","robots":{"index":"index","follow":"follow","max-snippet":"max-snippet:-1","max-image-preview":"max-image-preview:large","max-video-preview":"max-video-preview:-1"},"canonical":"https:\/\/www.siestagarden.com\/hu\/termek\/lezak-lukka-2\/","og_locale":"hu_HU","og_type":"article","og_title":"Le\u017cak s\u0142oneczny drewniany Lukka z k\u00f3\u0142kami - Siesta Garden","og_description":"Le\u017cak s\u0142oneczny LUKKA \u2013 komfort i mobilno\u015b\u0107 w naturalnym stylu Le\u017cak ogrodowy LUKKA to po\u0142\u0105czenie wygody, trwa\u0142o\u015bci i funkcjonalnego designu. Wykonany z litego drewna z certyfikatem FSC\u00ae, zosta\u0142 zaimpregnowany do 3 kategorii ochrony \u2013 najwy\u017cszej stosowanej w meblach ogrodowych. Dzi\u0119ki temu jest odporny na dzia\u0142anie warunk\u00f3w atmosferycznych i idealnie sprawdzi si\u0119 na tarasie, w ogrodzie [&hellip;]","og_url":"https:\/\/www.siestagarden.com\/hu\/termek\/lezak-lukka-2\/","og_site_name":"Siesta Garden","article_modified_time":"2026-02-12T09:15:13+00:00","og_image":[{"width":1600,"height":1067,"url":"https:\/\/www.siestagarden.com\/wp-content\/uploads\/2025\/03\/IMG_2905-e1770887696581.jpg","type":"image\/jpeg"}],"twitter_card":"summary_large_image","twitter_misc":{"Becs\u00fclt olvas\u00e1si id\u0151":"2 perc"},"schema":{"@context":"https:\/\/schema.org","@graph":[{"@type":"WebPage","@id":"https:\/\/www.siestagarden.com\/produkt\/lezak-lukka-2\/","url":"https:\/\/www.siestagarden.com\/produkt\/lezak-lukka-2\/","name":"Le\u017cak s\u0142oneczny drewniany Lukka z k\u00f3\u0142kami - Siesta Garden","isPartOf":{"@id":"https:\/\/www.siestagarden.com\/#website"},"primaryImageOfPage":{"@id":"https:\/\/www.siestagarden.com\/produkt\/lezak-lukka-2\/#primaryimage"},"image":{"@id":"https:\/\/www.siestagarden.com\/produkt\/lezak-lukka-2\/#primaryimage"},"thumbnailUrl":"https:\/\/www.siestagarden.com\/wp-content\/uploads\/2025\/03\/IMG_2905-e1770887696581.jpg","datePublished":"2025-03-12T10:48:26+00:00","dateModified":"2026-02-12T09:15:13+00:00","breadcrumb":{"@id":"https:\/\/www.siestagarden.com\/produkt\/lezak-lukka-2\/#breadcrumb"},"inLanguage":"hu","potentialAction":[{"@type":"ReadAction","target":["https:\/\/www.siestagarden.com\/produkt\/lezak-lukka-2\/"]}]},{"@type":"ImageObject","inLanguage":"hu","@id":"https:\/\/www.siestagarden.com\/produkt\/lezak-lukka-2\/#primaryimage","url":"https:\/\/www.siestagarden.com\/wp-content\/uploads\/2025\/03\/IMG_2905-e1770887696581.jpg","contentUrl":"https:\/\/www.siestagarden.com\/wp-content\/uploads\/2025\/03\/IMG_2905-e1770887696581.jpg","width":1600,"height":1067},{"@type":"BreadcrumbList","@id":"https:\/\/www.siestagarden.com\/produkt\/lezak-lukka-2\/#breadcrumb","itemListElement":[{"@type":"ListItem","position":1,"name":"Strona g\u0142\u00f3wna","item":"https:\/\/www.siestagarden.com\/"},{"@type":"ListItem","position":2,"name":"Sklep","item":"https:\/\/www.siestagarden.com\/sklep\/"},{"@type":"ListItem","position":3,"name":"Le\u017cak s\u0142oneczny drewniany Lukka z k\u00f3\u0142kami"}]},{"@type":"WebSite","@id":"https:\/\/www.siestagarden.com\/#website","url":"https:\/\/www.siestagarden.com\/","name":"Siesta Garden","description":"Kerti b\u00fatorok. Magas min\u0151s\u00e9g\u0171 fa kerti b\u00fatorok lengyel gy\u00e1rt\u00f3ja.","potentialAction":[{"@type":"SearchAction","target":{"@type":"EntryPoint","urlTemplate":"https:\/\/www.siestagarden.com\/?s={search_term_string}"},"query-input":{"@type":"PropertyValueSpecification","valueRequired":true,"valueName":"search_term_string"}}],"inLanguage":"hu"}]}},"_links":{"self":[{"href":"https:\/\/www.siestagarden.com\/hu\/wp-json\/wp\/v2\/product\/1545","targetHints":{"allow":["GET"]}}],"collection":[{"href":"https:\/\/www.siestagarden.com\/hu\/wp-json\/wp\/v2\/product"}],"about":[{"href":"https:\/\/www.siestagarden.com\/hu\/wp-json\/wp\/v2\/types\/product"}],"wp:featuredmedia":[{"embeddable":true,"href":"https:\/\/www.siestagarden.com\/hu\/wp-json\/wp\/v2\/media\/1872"}],"wp:attachment":[{"href":"https:\/\/www.siestagarden.com\/hu\/wp-json\/wp\/v2\/media?parent=1545"}],"wp:term":[{"taxonomy":"product_brand","embeddable":true,"href":"https:\/\/www.siestagarden.com\/hu\/wp-json\/wp\/v2\/product_brand?post=1545"},{"taxonomy":"product_cat","embeddable":true,"href":"https:\/\/www.siestagarden.com\/hu\/wp-json\/wp\/v2\/product_cat?post=1545"},{"taxonomy":"product_tag","embeddable":true,"href":"https:\/\/www.siestagarden.com\/hu\/wp-json\/wp\/v2\/product_tag?post=1545"}],"curies":[{"name":"wp","href":"https:\/\/api.w.org\/{rel}","templated":true}]}}