{"id":2451,"date":"2025-04-11T14:30:48","date_gmt":"2025-04-11T12:30:48","guid":{"rendered":"https:\/\/www.siestagarden.com\/?post_type=product&#038;p=2451"},"modified":"2026-02-26T07:22:30","modified_gmt":"2026-02-26T06:22:30","slug":"stol-ogrodowy-rustic-solidna-podstawa-wspolnych-chwil","status":"publish","type":"product","link":"https:\/\/www.siestagarden.com\/hu\/termek\/stol-ogrodowy-rustic-solidna-podstawa-wspolnych-chwil\/","title":{"rendered":"Falusi kerti asztal, 1,9 m\u00e9teres, f\u00e1b\u00f3l, 8-10 szem\u00e9lyes"},"content":{"rendered":"<p><strong>Rusztikus<\/strong> ez egy asztal, ami term\u00e9szetes lesz <strong>kert k\u00f6zpontja<\/strong> \u2013 <strong>massz\u00edv, eleg\u00e1ns<\/strong> \u00e9s arra sz\u00fcletett<strong> k\u00f6z\u00f6s id\u0151t\u00f6lt\u00e9s<\/strong>. A nagym\u00e9ret\u0171, 1,9 x 1 m\u00e9teres asztallapnak k\u00f6sz\u00f6nhet\u0151en k\u00f6nnyed\u00e9n elf\u00e9r rajta <strong>Csal\u00e1di eb\u00e9d, ny\u00e1ri reggeli vagy esti \u00f6sszej\u00f6vetel<\/strong> bar\u00e1tokkal.<\/p>\n<p>A lap egy kett\u0151s kereszt alapra t\u00e1maszkodik, amely nem csak biztos\u00edtja <strong>kiv\u00e1l\u00f3 stabilit\u00e1s<\/strong>, hanem rendelkezik is <strong>k\u00f6zponti gerenda<\/strong>, mint szolg\u00e1l\u00f3 <strong>k\u00e9nyelmes l\u00e1btart\u00f3<\/strong>. nak <strong>a r\u00e9szletek, amelyek sz\u00e1m\u00edtanak<\/strong> \u2013 a k\u00e9nyelem szempontj\u00e1b\u00f3l is.<\/p>\n<p>Ami azt illeti, az asztal minden l\u00e1ba alatt tal\u00e1lhat\u00f3 <strong>\u00e1ll\u00edthat\u00f3 l\u00e1bak<\/strong>, amelyek lehet\u0151v\u00e9 teszik a b\u00fator t\u00f6k\u00e9letes v\u00edzszintes be\u00e1ll\u00edt\u00e1s\u00e1t m\u00e9g terasz, gyep vagy t\u00e9rk\u0151 egyenetlen fel\u00fclet\u00e9n is.<\/p>\n<p>Az asztal t\u00f6m\u00f6r feny\u0151f\u00e1b\u00f3l k\u00e9sz\u00fclt <strong>FSC\u00ae tan\u00fas\u00edtv\u00e1nnyal<\/strong>, amelyb\u0151l nyerik <strong>felel\u0151sen kezelt erd\u0151k<\/strong>. A fa impregn\u00e1lt, ami n\u00f6veli az id\u0151j\u00e1r\u00e1s viszontags\u00e1gaival szembeni ellen\u00e1ll\u00e1s\u00e1t. Id\u0151vel az asztal st\u00edlusos, ez\u00fcstsz\u00fcrke patin\u00e1t kap, amely kiemeli rusztikus jelleg\u00e9t.<\/p>\n<p>A teljes garnit\u00fara elk\u00e9sz\u00edt\u00e9s\u00e9hez csup\u00e1n a Rustic padokat kell a Rustic asztalhoz v\u00e1lasztani \u2013 egyet vagy mindk\u00e9t oldalon \u2013 \u00e9s k\u00e9sz is! St\u00edlusos, praktikus garnit\u00fara az elk\u00f6vetkez\u0151 \u00e9vekre.<\/p>\n<p>\u2714\ufe0f <strong>Tet\u0151ablak 190 \u00d7 100 cm<\/strong> \u2013 t\u00e1gas, ide\u00e1lis k\u00f6z\u00f6s \u00e9tkez\u00e9sekhez<\/p>\n<p>\u2714\ufe0f<strong> Dupla X-talp k\u00f6z\u00e9ps\u0151 gerend\u00e1val<\/strong> \u2013 k\u00e9nyelem \u00e9s stabilit\u00e1s<\/p>\n<p>\u2714\ufe0f <strong>\u00c1ll\u00edthat\u00f3 l\u00e1bak minden l\u00e1bn\u00e1l<\/strong> \u2013 t\u00f6k\u00e9letes illeszked\u00e9s az aljzathoz<\/p>\n<p>\u2714\ufe0f <strong>FSC\u00ae fa<\/strong> \u2013 fenntarthat\u00f3 forr\u00e1sb\u00f3l sz\u00e1rmaz\u00f3 tan\u00fas\u00edtv\u00e1nnyal<\/p>\n<p>\u2714\ufe0f <strong>Impregn\u00e1lt<\/strong> \u2013 k\u00fclt\u00e9ri haszn\u00e1latra k\u00e9sz<\/p>\n<p>\u2714\ufe0f <strong>Term\u00e9szetes sz\u00ednv\u00e1ltoz\u00e1s<\/strong> \u2013 eleg\u00e1ns patina sz\u00fcrke \u00e1rnyalatban<\/p>\n<p>\u2714\ufe0f <strong>Csomagban sz\u00e1ll\u00edtva<\/strong> \u2013 \u00f6sszeszerel\u00e9shez<\/p>\n<p>A Rustic asztal t\u00f6bb, mint b\u00fatordarab \u2013 ez az a hely, ahol eml\u00e9kek sz\u00fcletnek, a term\u00e9szet egyes\u00fcl a mindennapokkal, \u00e9s a k\u00f6z\u00f6s pillanatok k\u00fcl\u00f6nleges \u00edzt kapnak.<\/p>","protected":false},"excerpt":{"rendered":"<p>Rustic to st\u00f3\u0142, kt\u00f3ry staje si\u0119 naturalnym centrum ogrodu \u2013 masywny, elegancki i stworzony do wsp\u00f3lnego sp\u0119dzania czasu. Dzi\u0119ki du\u017cemu blatowi o wymiarach 1,9\u00d71 m, bez trudu pomie\u015bci rodzinny obiad, letnie \u015bniadanie lub wieczorne spotkanie z przyjaci\u00f3\u0142mi. Blat opiera si\u0119 na podw\u00f3jnej podstawie krzy\u017cowej, kt\u00f3ra nie tylko zapewnia znakomit\u0105 stabilno\u015b\u0107, ale r\u00f3wnie\u017c posiada centraln\u0105 belk\u0119, [&hellip;]<\/p>\n","protected":false},"featured_media":2452,"template":"","meta":{"_acf_changed":false},"product_brand":[],"product_cat":[71],"product_tag":[85],"class_list":{"0":"post-2451","1":"product","2":"type-product","3":"status-publish","4":"has-post-thumbnail","6":"product_cat-stoly-i-stoliki","7":"product_tag-kolekcja-rustic","8":"product_shipping_class-podstawowa","10":"first","11":"onbackorder","12":"taxable","13":"shipping-taxable","14":"purchasable","15":"product-type-simple","16":"add-to-wishlist-after_add_to_cart"},"acf":[],"yoast_head":"<!-- This site is optimized with the Yoast SEO plugin v26.6 - https:\/\/yoast.com\/wordpress\/plugins\/seo\/ -->\n<title>St\u00f3\u0142 ogrodowy Rustic 1,9m z drewna dla 8-10 os\u00f3b - Siesta Garden<\/title>\n<meta name=\"robots\" content=\"index, follow, max-snippet:-1, max-image-preview:large, max-video-preview:-1\" \/>\n<link rel=\"canonical\" href=\"https:\/\/www.siestagarden.com\/hu\/termek\/stol-ogrodowy-rustic-solidna-podstawa-wspolnych-chwil\/\" \/>\n<meta property=\"og:locale\" content=\"hu_HU\" \/>\n<meta property=\"og:type\" content=\"article\" \/>\n<meta property=\"og:title\" content=\"St\u00f3\u0142 ogrodowy Rustic 1,9m z drewna dla 8-10 os\u00f3b - Siesta Garden\" \/>\n<meta property=\"og:description\" content=\"Rustic to st\u00f3\u0142, kt\u00f3ry staje si\u0119 naturalnym centrum ogrodu \u2013 masywny, elegancki i stworzony do wsp\u00f3lnego sp\u0119dzania czasu. Dzi\u0119ki du\u017cemu blatowi o wymiarach 1,9\u00d71 m, bez trudu pomie\u015bci rodzinny obiad, letnie \u015bniadanie lub wieczorne spotkanie z przyjaci\u00f3\u0142mi. Blat opiera si\u0119 na podw\u00f3jnej podstawie krzy\u017cowej, kt\u00f3ra nie tylko zapewnia znakomit\u0105 stabilno\u015b\u0107, ale r\u00f3wnie\u017c posiada centraln\u0105 belk\u0119, [&hellip;]\" \/>\n<meta property=\"og:url\" content=\"https:\/\/www.siestagarden.com\/hu\/termek\/stol-ogrodowy-rustic-solidna-podstawa-wspolnych-chwil\/\" \/>\n<meta property=\"og:site_name\" content=\"Siesta Garden\" \/>\n<meta property=\"article:modified_time\" content=\"2026-02-26T06:22:30+00:00\" \/>\n<meta property=\"og:image\" content=\"https:\/\/www.siestagarden.com\/wp-content\/uploads\/2025\/04\/IMG_3517.jpg\" \/>\n\t<meta property=\"og:image:width\" content=\"1275\" \/>\n\t<meta property=\"og:image:height\" content=\"850\" \/>\n\t<meta property=\"og:image:type\" content=\"image\/jpeg\" \/>\n<meta name=\"twitter:card\" content=\"summary_large_image\" \/>\n<meta name=\"twitter:label1\" content=\"Becs\u00fclt olvas\u00e1si id\u0151\" \/>\n\t<meta name=\"twitter:data1\" content=\"2 perc\" \/>\n<script type=\"application\/ld+json\" class=\"yoast-schema-graph\">{\"@context\":\"https:\/\/schema.org\",\"@graph\":[{\"@type\":\"WebPage\",\"@id\":\"https:\/\/www.siestagarden.com\/produkt\/stol-ogrodowy-rustic-solidna-podstawa-wspolnych-chwil\/\",\"url\":\"https:\/\/www.siestagarden.com\/produkt\/stol-ogrodowy-rustic-solidna-podstawa-wspolnych-chwil\/\",\"name\":\"St\u00f3\u0142 ogrodowy Rustic 1,9m z drewna dla 8-10 os\u00f3b - Siesta Garden\",\"isPartOf\":{\"@id\":\"https:\/\/www.siestagarden.com\/#website\"},\"primaryImageOfPage\":{\"@id\":\"https:\/\/www.siestagarden.com\/produkt\/stol-ogrodowy-rustic-solidna-podstawa-wspolnych-chwil\/#primaryimage\"},\"image\":{\"@id\":\"https:\/\/www.siestagarden.com\/produkt\/stol-ogrodowy-rustic-solidna-podstawa-wspolnych-chwil\/#primaryimage\"},\"thumbnailUrl\":\"https:\/\/www.siestagarden.com\/wp-content\/uploads\/2025\/04\/IMG_3517.jpg\",\"datePublished\":\"2025-04-11T12:30:48+00:00\",\"dateModified\":\"2026-02-26T06:22:30+00:00\",\"breadcrumb\":{\"@id\":\"https:\/\/www.siestagarden.com\/produkt\/stol-ogrodowy-rustic-solidna-podstawa-wspolnych-chwil\/#breadcrumb\"},\"inLanguage\":\"hu\",\"potentialAction\":[{\"@type\":\"ReadAction\",\"target\":[\"https:\/\/www.siestagarden.com\/produkt\/stol-ogrodowy-rustic-solidna-podstawa-wspolnych-chwil\/\"]}]},{\"@type\":\"ImageObject\",\"inLanguage\":\"hu\",\"@id\":\"https:\/\/www.siestagarden.com\/produkt\/stol-ogrodowy-rustic-solidna-podstawa-wspolnych-chwil\/#primaryimage\",\"url\":\"https:\/\/www.siestagarden.com\/wp-content\/uploads\/2025\/04\/IMG_3517.jpg\",\"contentUrl\":\"https:\/\/www.siestagarden.com\/wp-content\/uploads\/2025\/04\/IMG_3517.jpg\",\"width\":1275,\"height\":850},{\"@type\":\"BreadcrumbList\",\"@id\":\"https:\/\/www.siestagarden.com\/produkt\/stol-ogrodowy-rustic-solidna-podstawa-wspolnych-chwil\/#breadcrumb\",\"itemListElement\":[{\"@type\":\"ListItem\",\"position\":1,\"name\":\"Strona g\u0142\u00f3wna\",\"item\":\"https:\/\/www.siestagarden.com\/\"},{\"@type\":\"ListItem\",\"position\":2,\"name\":\"Sklep\",\"item\":\"https:\/\/www.siestagarden.com\/sklep\/\"},{\"@type\":\"ListItem\",\"position\":3,\"name\":\"St\u00f3\u0142 ogrodowy Rustic 1,9m z drewna dla 8-10 os\u00f3b\"}]},{\"@type\":\"WebSite\",\"@id\":\"https:\/\/www.siestagarden.com\/#website\",\"url\":\"https:\/\/www.siestagarden.com\/\",\"name\":\"Siesta Garden\",\"description\":\"Meble do Twojego ogrodu. Polski producent drewnianych mebli najwy\u017cszej jako\u015bci.\",\"potentialAction\":[{\"@type\":\"SearchAction\",\"target\":{\"@type\":\"EntryPoint\",\"urlTemplate\":\"https:\/\/www.siestagarden.com\/?s={search_term_string}\"},\"query-input\":{\"@type\":\"PropertyValueSpecification\",\"valueRequired\":true,\"valueName\":\"search_term_string\"}}],\"inLanguage\":\"hu\"}]}<\/script>\n<!-- \/ Yoast SEO plugin. -->","yoast_head_json":{"title":"St\u00f3\u0142 ogrodowy Rustic 1,9m z drewna dla 8-10 os\u00f3b - Siesta Garden","robots":{"index":"index","follow":"follow","max-snippet":"max-snippet:-1","max-image-preview":"max-image-preview:large","max-video-preview":"max-video-preview:-1"},"canonical":"https:\/\/www.siestagarden.com\/hu\/termek\/stol-ogrodowy-rustic-solidna-podstawa-wspolnych-chwil\/","og_locale":"hu_HU","og_type":"article","og_title":"St\u00f3\u0142 ogrodowy Rustic 1,9m z drewna dla 8-10 os\u00f3b - Siesta Garden","og_description":"Rustic to st\u00f3\u0142, kt\u00f3ry staje si\u0119 naturalnym centrum ogrodu \u2013 masywny, elegancki i stworzony do wsp\u00f3lnego sp\u0119dzania czasu. Dzi\u0119ki du\u017cemu blatowi o wymiarach 1,9\u00d71 m, bez trudu pomie\u015bci rodzinny obiad, letnie \u015bniadanie lub wieczorne spotkanie z przyjaci\u00f3\u0142mi. Blat opiera si\u0119 na podw\u00f3jnej podstawie krzy\u017cowej, kt\u00f3ra nie tylko zapewnia znakomit\u0105 stabilno\u015b\u0107, ale r\u00f3wnie\u017c posiada centraln\u0105 belk\u0119, [&hellip;]","og_url":"https:\/\/www.siestagarden.com\/hu\/termek\/stol-ogrodowy-rustic-solidna-podstawa-wspolnych-chwil\/","og_site_name":"Siesta Garden","article_modified_time":"2026-02-26T06:22:30+00:00","og_image":[{"width":1275,"height":850,"url":"https:\/\/www.siestagarden.com\/wp-content\/uploads\/2025\/04\/IMG_3517.jpg","type":"image\/jpeg"}],"twitter_card":"summary_large_image","twitter_misc":{"Becs\u00fclt olvas\u00e1si id\u0151":"2 perc"},"schema":{"@context":"https:\/\/schema.org","@graph":[{"@type":"WebPage","@id":"https:\/\/www.siestagarden.com\/produkt\/stol-ogrodowy-rustic-solidna-podstawa-wspolnych-chwil\/","url":"https:\/\/www.siestagarden.com\/produkt\/stol-ogrodowy-rustic-solidna-podstawa-wspolnych-chwil\/","name":"St\u00f3\u0142 ogrodowy Rustic 1,9m z drewna dla 8-10 os\u00f3b - Siesta Garden","isPartOf":{"@id":"https:\/\/www.siestagarden.com\/#website"},"primaryImageOfPage":{"@id":"https:\/\/www.siestagarden.com\/produkt\/stol-ogrodowy-rustic-solidna-podstawa-wspolnych-chwil\/#primaryimage"},"image":{"@id":"https:\/\/www.siestagarden.com\/produkt\/stol-ogrodowy-rustic-solidna-podstawa-wspolnych-chwil\/#primaryimage"},"thumbnailUrl":"https:\/\/www.siestagarden.com\/wp-content\/uploads\/2025\/04\/IMG_3517.jpg","datePublished":"2025-04-11T12:30:48+00:00","dateModified":"2026-02-26T06:22:30+00:00","breadcrumb":{"@id":"https:\/\/www.siestagarden.com\/produkt\/stol-ogrodowy-rustic-solidna-podstawa-wspolnych-chwil\/#breadcrumb"},"inLanguage":"hu","potentialAction":[{"@type":"ReadAction","target":["https:\/\/www.siestagarden.com\/produkt\/stol-ogrodowy-rustic-solidna-podstawa-wspolnych-chwil\/"]}]},{"@type":"ImageObject","inLanguage":"hu","@id":"https:\/\/www.siestagarden.com\/produkt\/stol-ogrodowy-rustic-solidna-podstawa-wspolnych-chwil\/#primaryimage","url":"https:\/\/www.siestagarden.com\/wp-content\/uploads\/2025\/04\/IMG_3517.jpg","contentUrl":"https:\/\/www.siestagarden.com\/wp-content\/uploads\/2025\/04\/IMG_3517.jpg","width":1275,"height":850},{"@type":"BreadcrumbList","@id":"https:\/\/www.siestagarden.com\/produkt\/stol-ogrodowy-rustic-solidna-podstawa-wspolnych-chwil\/#breadcrumb","itemListElement":[{"@type":"ListItem","position":1,"name":"Strona g\u0142\u00f3wna","item":"https:\/\/www.siestagarden.com\/"},{"@type":"ListItem","position":2,"name":"Sklep","item":"https:\/\/www.siestagarden.com\/sklep\/"},{"@type":"ListItem","position":3,"name":"St\u00f3\u0142 ogrodowy Rustic 1,9m z drewna dla 8-10 os\u00f3b"}]},{"@type":"WebSite","@id":"https:\/\/www.siestagarden.com\/#website","url":"https:\/\/www.siestagarden.com\/","name":"Siesta Garden","description":"Kerti b\u00fatorok. Magas min\u0151s\u00e9g\u0171 fa kerti b\u00fatorok lengyel gy\u00e1rt\u00f3ja.","potentialAction":[{"@type":"SearchAction","target":{"@type":"EntryPoint","urlTemplate":"https:\/\/www.siestagarden.com\/?s={search_term_string}"},"query-input":{"@type":"PropertyValueSpecification","valueRequired":true,"valueName":"search_term_string"}}],"inLanguage":"hu"}]}},"_links":{"self":[{"href":"https:\/\/www.siestagarden.com\/hu\/wp-json\/wp\/v2\/product\/2451","targetHints":{"allow":["GET"]}}],"collection":[{"href":"https:\/\/www.siestagarden.com\/hu\/wp-json\/wp\/v2\/product"}],"about":[{"href":"https:\/\/www.siestagarden.com\/hu\/wp-json\/wp\/v2\/types\/product"}],"wp:featuredmedia":[{"embeddable":true,"href":"https:\/\/www.siestagarden.com\/hu\/wp-json\/wp\/v2\/media\/2452"}],"wp:attachment":[{"href":"https:\/\/www.siestagarden.com\/hu\/wp-json\/wp\/v2\/media?parent=2451"}],"wp:term":[{"taxonomy":"product_brand","embeddable":true,"href":"https:\/\/www.siestagarden.com\/hu\/wp-json\/wp\/v2\/product_brand?post=2451"},{"taxonomy":"product_cat","embeddable":true,"href":"https:\/\/www.siestagarden.com\/hu\/wp-json\/wp\/v2\/product_cat?post=2451"},{"taxonomy":"product_tag","embeddable":true,"href":"https:\/\/www.siestagarden.com\/hu\/wp-json\/wp\/v2\/product_tag?post=2451"}],"curies":[{"name":"wp","href":"https:\/\/api.w.org\/{rel}","templated":true}]}}