{"id":2465,"date":"2025-04-11T14:49:37","date_gmt":"2025-04-11T12:49:37","guid":{"rendered":"https:\/\/www.siestagarden.com\/?post_type=product&#038;p=2465"},"modified":"2026-02-26T07:22:10","modified_gmt":"2026-02-26T06:22:10","slug":"lawka-ogrodowa-rustic-bez-oparcia-klasyka-w-rustykalnym-stylu","status":"publish","type":"product","link":"https:\/\/www.siestagarden.com\/hu\/termek\/lawka-ogrodowa-rustic-bez-oparcia-klasyka-w-rustykalnym-stylu\/","title":{"rendered":"Rustic 1,8m kerti pad t\u00e1mla n\u00e9lk\u00fcl \u2013 Klasszikus a rusztikus st\u00edlusban"},"content":{"rendered":"<p>Pad <strong>Rusztikus t\u00e1mla n\u00e9lk\u00fcli<\/strong> egy eleg\u00e1ns, term\u00e9szetes forma, amely bevisz a kertbe <strong>hagyom\u00e1nyos, vid\u00e9ki jelleg<\/strong>. Je <strong>egyszer\u0171 fel\u00e9p\u00edt\u00e9s \u00e9s kiegyens\u00falyozott ar\u00e1nyok<\/strong> amelyek r\u00e9v\u00e9n k\u00f6nnyen eligazodik b\u00e1rmilyen t\u00e9rben \u2013 a <strong>rendezett teraszr\u00f3l vad szegletbe a z\u00f6ldben<\/strong>.<\/p>\n<p>Ez a modell k\u00e9nyelmesen elf\u00e9r benne <strong>n\u00e9gy szem\u00e9ly<\/strong>, klasszikus, h\u00e1tt\u00e1mla n\u00e9lk\u00fcli sziluettje k\u00f6nnyeds\u00e9get \u00e9s sokoldal\u00fas\u00e1got k\u00f6lcs\u00f6n\u00f6z neki. T\u00f6k\u00e9letes lesz, mint<strong> \u00e9tk\u00e9szlet-elem,<\/strong> de mint <strong>\u00d6n\u00e1ll\u00f3 \u00fcl\u0151hely a h\u00e1z fal\u00e1n\u00e1l, falazatn\u00e1l, vir\u00e1g\u00e1gy\u00e1sn\u00e1l vagy t\u0171zrak\u00f3n\u00e1l<\/strong>.<\/p>\n<p>A pad teljes eg\u00e9sz\u00e9ben t\u00f6m\u00f6r, FSC\u00ae tan\u00fas\u00edtv\u00e1nnyal rendelkez\u0151 feny\u0151f\u00e1b\u00f3l k\u00e9sz\u00fclt, amely meger\u0151s\u00edti, hogy felel\u0151sen kezelt erd\u0151kb\u0151l sz\u00e1rmazik. Impregn\u00e1lva van, \u00edgy k\u00fclt\u00e9ri haszn\u00e1latra alkalmas \u00e9s ellen\u00e1ll a v\u00e1ltoz\u00f3 id\u0151j\u00e1r\u00e1si viszonyoknak. Id\u0151vel term\u00e9szetes sz\u00edne nemes, ez\u00fcstsz\u00fcrke patin\u00e1t kap, amely m\u00e9g jobban kiemeli rusztikus b\u00e1j\u00e1t.<\/p>\n<p>\u2714\ufe0f <strong>Hagyom\u00e1nyos t\u00e1mla n\u00e9lk\u00fcli forma<\/strong> \u2013 finom \u00e9s funkcion\u00e1lis<\/p>\n<p>\u2714\ufe0f <strong>K\u00e9nyelmes \u00fcl\u0151hely 4 szem\u00e9lyre<\/strong><\/p>\n<p>\u2714\ufe0f <strong>FSC\u00ae f\u00e1b\u00f3l k\u00e9sz\u00fclt<\/strong> \u2013 fenntarthat\u00f3 \u00e9s felel\u0151s forr\u00e1s<\/p>\n<p>\u2714\ufe0f <strong>Impregn\u00e1lt<\/strong> \u2013 id\u0151j\u00e1r\u00e1s\u00e1ll\u00f3<\/p>\n<p>\u2714\ufe0f<strong> Id\u0151vel term\u00e9szetes, ez\u00fcstsz\u00fcrke patin\u00e1t kap.<\/strong><\/p>\n<p>\u2714\ufe0f<strong> Illeszkedik a Rustic kollekci\u00f3 t\u00f6bbi b\u00fator\u00e1hoz<\/strong><\/p>\n<p>\u2714\ufe0f Lapra szerelt csomagban \u00e9rkezik, melyet \u00d6nnek kell \u00f6sszeszerelnie<\/p>\n<p>A rusztikus, h\u00e1tt\u00e1mla n\u00e9lk\u00fcli pad id\u0151tlen v\u00e1laszt\u00e1s \u2013 <strong>egyszer\u0171, massz\u00edv \u00e9s tele b\u00e1jjal.<\/strong> Kiv\u00e1l\u00f3an kieg\u00e9sz\u00edt minden elrendez\u00e9st, az otthoni kertt\u0151l az angol st\u00edlus\u00fa teraszig.<\/p>","protected":false},"excerpt":{"rendered":"<p>\u0141awka Rustic bez oparcia to elegancka, naturalna forma, kt\u00f3ra wnosi do ogrodu tradycyjny, wiejski charakter. Jej prosta konstrukcja i wywa\u017cone proporcje sprawiaj\u0105, \u017ce z \u0142atwo\u015bci\u0105 odnajduje si\u0119 w ka\u017cdej przestrzeni \u2013 od uporz\u0105dkowanego tarasu po dziki zak\u0105tek w\u015br\u00f3d zieleni. Ten model pomie\u015bci wygodnie nawet cztery osoby, a jego klasyczna, pozbawiona oparcia sylwetka nadaje mu lekko\u015bci [&hellip;]<\/p>\n","protected":false},"featured_media":2466,"template":"","meta":{"_acf_changed":false},"product_brand":[],"product_cat":[67],"product_tag":[85],"class_list":{"0":"post-2465","1":"product","2":"type-product","3":"status-publish","4":"has-post-thumbnail","6":"product_cat-sofy-i-lawki","7":"product_tag-kolekcja-rustic","8":"product_shipping_class-podstawowa","10":"first","11":"onbackorder","12":"taxable","13":"shipping-taxable","14":"purchasable","15":"product-type-simple","16":"add-to-wishlist-after_add_to_cart"},"acf":[],"yoast_head":"<!-- This site is optimized with the Yoast SEO plugin v26.6 - https:\/\/yoast.com\/wordpress\/plugins\/seo\/ -->\n<title>\u0141awka ogrodowa Rustic 1,8m bez oparcia \u2013 Klasyka w rustykalnym stylu - Siesta Garden<\/title>\n<meta name=\"robots\" content=\"index, follow, max-snippet:-1, max-image-preview:large, max-video-preview:-1\" \/>\n<link rel=\"canonical\" href=\"https:\/\/www.siestagarden.com\/hu\/termek\/lawka-ogrodowa-rustic-bez-oparcia-klasyka-w-rustykalnym-stylu\/\" \/>\n<meta property=\"og:locale\" content=\"hu_HU\" \/>\n<meta property=\"og:type\" content=\"article\" \/>\n<meta property=\"og:title\" content=\"\u0141awka ogrodowa Rustic 1,8m bez oparcia \u2013 Klasyka w rustykalnym stylu - Siesta Garden\" \/>\n<meta property=\"og:description\" content=\"\u0141awka Rustic bez oparcia to elegancka, naturalna forma, kt\u00f3ra wnosi do ogrodu tradycyjny, wiejski charakter. Jej prosta konstrukcja i wywa\u017cone proporcje sprawiaj\u0105, \u017ce z \u0142atwo\u015bci\u0105 odnajduje si\u0119 w ka\u017cdej przestrzeni \u2013 od uporz\u0105dkowanego tarasu po dziki zak\u0105tek w\u015br\u00f3d zieleni. Ten model pomie\u015bci wygodnie nawet cztery osoby, a jego klasyczna, pozbawiona oparcia sylwetka nadaje mu lekko\u015bci [&hellip;]\" \/>\n<meta property=\"og:url\" content=\"https:\/\/www.siestagarden.com\/hu\/termek\/lawka-ogrodowa-rustic-bez-oparcia-klasyka-w-rustykalnym-stylu\/\" \/>\n<meta property=\"og:site_name\" content=\"Siesta Garden\" \/>\n<meta property=\"article:modified_time\" content=\"2026-02-26T06:22:10+00:00\" \/>\n<meta property=\"og:image\" content=\"https:\/\/www.siestagarden.com\/wp-content\/uploads\/2025\/04\/IMG_3509.jpg\" \/>\n\t<meta property=\"og:image:width\" content=\"1275\" \/>\n\t<meta property=\"og:image:height\" content=\"850\" \/>\n\t<meta property=\"og:image:type\" content=\"image\/jpeg\" \/>\n<meta name=\"twitter:card\" content=\"summary_large_image\" \/>\n<meta name=\"twitter:label1\" content=\"Becs\u00fclt olvas\u00e1si id\u0151\" \/>\n\t<meta name=\"twitter:data1\" content=\"2 perc\" \/>\n<script type=\"application\/ld+json\" class=\"yoast-schema-graph\">{\"@context\":\"https:\/\/schema.org\",\"@graph\":[{\"@type\":\"WebPage\",\"@id\":\"https:\/\/www.siestagarden.com\/produkt\/lawka-ogrodowa-rustic-bez-oparcia-klasyka-w-rustykalnym-stylu\/\",\"url\":\"https:\/\/www.siestagarden.com\/produkt\/lawka-ogrodowa-rustic-bez-oparcia-klasyka-w-rustykalnym-stylu\/\",\"name\":\"\u0141awka ogrodowa Rustic 1,8m bez oparcia \u2013 Klasyka w rustykalnym stylu - Siesta Garden\",\"isPartOf\":{\"@id\":\"https:\/\/www.siestagarden.com\/#website\"},\"primaryImageOfPage\":{\"@id\":\"https:\/\/www.siestagarden.com\/produkt\/lawka-ogrodowa-rustic-bez-oparcia-klasyka-w-rustykalnym-stylu\/#primaryimage\"},\"image\":{\"@id\":\"https:\/\/www.siestagarden.com\/produkt\/lawka-ogrodowa-rustic-bez-oparcia-klasyka-w-rustykalnym-stylu\/#primaryimage\"},\"thumbnailUrl\":\"https:\/\/www.siestagarden.com\/wp-content\/uploads\/2025\/04\/IMG_3509.jpg\",\"datePublished\":\"2025-04-11T12:49:37+00:00\",\"dateModified\":\"2026-02-26T06:22:10+00:00\",\"breadcrumb\":{\"@id\":\"https:\/\/www.siestagarden.com\/produkt\/lawka-ogrodowa-rustic-bez-oparcia-klasyka-w-rustykalnym-stylu\/#breadcrumb\"},\"inLanguage\":\"hu\",\"potentialAction\":[{\"@type\":\"ReadAction\",\"target\":[\"https:\/\/www.siestagarden.com\/produkt\/lawka-ogrodowa-rustic-bez-oparcia-klasyka-w-rustykalnym-stylu\/\"]}]},{\"@type\":\"ImageObject\",\"inLanguage\":\"hu\",\"@id\":\"https:\/\/www.siestagarden.com\/produkt\/lawka-ogrodowa-rustic-bez-oparcia-klasyka-w-rustykalnym-stylu\/#primaryimage\",\"url\":\"https:\/\/www.siestagarden.com\/wp-content\/uploads\/2025\/04\/IMG_3509.jpg\",\"contentUrl\":\"https:\/\/www.siestagarden.com\/wp-content\/uploads\/2025\/04\/IMG_3509.jpg\",\"width\":1275,\"height\":850},{\"@type\":\"BreadcrumbList\",\"@id\":\"https:\/\/www.siestagarden.com\/produkt\/lawka-ogrodowa-rustic-bez-oparcia-klasyka-w-rustykalnym-stylu\/#breadcrumb\",\"itemListElement\":[{\"@type\":\"ListItem\",\"position\":1,\"name\":\"Strona g\u0142\u00f3wna\",\"item\":\"https:\/\/www.siestagarden.com\/\"},{\"@type\":\"ListItem\",\"position\":2,\"name\":\"Sklep\",\"item\":\"https:\/\/www.siestagarden.com\/sklep\/\"},{\"@type\":\"ListItem\",\"position\":3,\"name\":\"\u0141awka ogrodowa Rustic 1,8m bez oparcia \u2013 Klasyka w rustykalnym stylu\"}]},{\"@type\":\"WebSite\",\"@id\":\"https:\/\/www.siestagarden.com\/#website\",\"url\":\"https:\/\/www.siestagarden.com\/\",\"name\":\"Siesta Garden\",\"description\":\"Meble do Twojego ogrodu. Polski producent drewnianych mebli najwy\u017cszej jako\u015bci.\",\"potentialAction\":[{\"@type\":\"SearchAction\",\"target\":{\"@type\":\"EntryPoint\",\"urlTemplate\":\"https:\/\/www.siestagarden.com\/?s={search_term_string}\"},\"query-input\":{\"@type\":\"PropertyValueSpecification\",\"valueRequired\":true,\"valueName\":\"search_term_string\"}}],\"inLanguage\":\"hu\"}]}<\/script>\n<!-- \/ Yoast SEO plugin. -->","yoast_head_json":{"title":"\u0141awka ogrodowa Rustic 1,8m bez oparcia \u2013 Klasyka w rustykalnym stylu - Siesta Garden","robots":{"index":"index","follow":"follow","max-snippet":"max-snippet:-1","max-image-preview":"max-image-preview:large","max-video-preview":"max-video-preview:-1"},"canonical":"https:\/\/www.siestagarden.com\/hu\/termek\/lawka-ogrodowa-rustic-bez-oparcia-klasyka-w-rustykalnym-stylu\/","og_locale":"hu_HU","og_type":"article","og_title":"\u0141awka ogrodowa Rustic 1,8m bez oparcia \u2013 Klasyka w rustykalnym stylu - Siesta Garden","og_description":"\u0141awka Rustic bez oparcia to elegancka, naturalna forma, kt\u00f3ra wnosi do ogrodu tradycyjny, wiejski charakter. Jej prosta konstrukcja i wywa\u017cone proporcje sprawiaj\u0105, \u017ce z \u0142atwo\u015bci\u0105 odnajduje si\u0119 w ka\u017cdej przestrzeni \u2013 od uporz\u0105dkowanego tarasu po dziki zak\u0105tek w\u015br\u00f3d zieleni. Ten model pomie\u015bci wygodnie nawet cztery osoby, a jego klasyczna, pozbawiona oparcia sylwetka nadaje mu lekko\u015bci [&hellip;]","og_url":"https:\/\/www.siestagarden.com\/hu\/termek\/lawka-ogrodowa-rustic-bez-oparcia-klasyka-w-rustykalnym-stylu\/","og_site_name":"Siesta Garden","article_modified_time":"2026-02-26T06:22:10+00:00","og_image":[{"width":1275,"height":850,"url":"https:\/\/www.siestagarden.com\/wp-content\/uploads\/2025\/04\/IMG_3509.jpg","type":"image\/jpeg"}],"twitter_card":"summary_large_image","twitter_misc":{"Becs\u00fclt olvas\u00e1si id\u0151":"2 perc"},"schema":{"@context":"https:\/\/schema.org","@graph":[{"@type":"WebPage","@id":"https:\/\/www.siestagarden.com\/produkt\/lawka-ogrodowa-rustic-bez-oparcia-klasyka-w-rustykalnym-stylu\/","url":"https:\/\/www.siestagarden.com\/produkt\/lawka-ogrodowa-rustic-bez-oparcia-klasyka-w-rustykalnym-stylu\/","name":"\u0141awka ogrodowa Rustic 1,8m bez oparcia \u2013 Klasyka w rustykalnym stylu - Siesta Garden","isPartOf":{"@id":"https:\/\/www.siestagarden.com\/#website"},"primaryImageOfPage":{"@id":"https:\/\/www.siestagarden.com\/produkt\/lawka-ogrodowa-rustic-bez-oparcia-klasyka-w-rustykalnym-stylu\/#primaryimage"},"image":{"@id":"https:\/\/www.siestagarden.com\/produkt\/lawka-ogrodowa-rustic-bez-oparcia-klasyka-w-rustykalnym-stylu\/#primaryimage"},"thumbnailUrl":"https:\/\/www.siestagarden.com\/wp-content\/uploads\/2025\/04\/IMG_3509.jpg","datePublished":"2025-04-11T12:49:37+00:00","dateModified":"2026-02-26T06:22:10+00:00","breadcrumb":{"@id":"https:\/\/www.siestagarden.com\/produkt\/lawka-ogrodowa-rustic-bez-oparcia-klasyka-w-rustykalnym-stylu\/#breadcrumb"},"inLanguage":"hu","potentialAction":[{"@type":"ReadAction","target":["https:\/\/www.siestagarden.com\/produkt\/lawka-ogrodowa-rustic-bez-oparcia-klasyka-w-rustykalnym-stylu\/"]}]},{"@type":"ImageObject","inLanguage":"hu","@id":"https:\/\/www.siestagarden.com\/produkt\/lawka-ogrodowa-rustic-bez-oparcia-klasyka-w-rustykalnym-stylu\/#primaryimage","url":"https:\/\/www.siestagarden.com\/wp-content\/uploads\/2025\/04\/IMG_3509.jpg","contentUrl":"https:\/\/www.siestagarden.com\/wp-content\/uploads\/2025\/04\/IMG_3509.jpg","width":1275,"height":850},{"@type":"BreadcrumbList","@id":"https:\/\/www.siestagarden.com\/produkt\/lawka-ogrodowa-rustic-bez-oparcia-klasyka-w-rustykalnym-stylu\/#breadcrumb","itemListElement":[{"@type":"ListItem","position":1,"name":"Strona g\u0142\u00f3wna","item":"https:\/\/www.siestagarden.com\/"},{"@type":"ListItem","position":2,"name":"Sklep","item":"https:\/\/www.siestagarden.com\/sklep\/"},{"@type":"ListItem","position":3,"name":"\u0141awka ogrodowa Rustic 1,8m bez oparcia \u2013 Klasyka w rustykalnym stylu"}]},{"@type":"WebSite","@id":"https:\/\/www.siestagarden.com\/#website","url":"https:\/\/www.siestagarden.com\/","name":"Siesta Garden","description":"Kerti b\u00fatorok. Magas min\u0151s\u00e9g\u0171 fa kerti b\u00fatorok lengyel gy\u00e1rt\u00f3ja.","potentialAction":[{"@type":"SearchAction","target":{"@type":"EntryPoint","urlTemplate":"https:\/\/www.siestagarden.com\/?s={search_term_string}"},"query-input":{"@type":"PropertyValueSpecification","valueRequired":true,"valueName":"search_term_string"}}],"inLanguage":"hu"}]}},"_links":{"self":[{"href":"https:\/\/www.siestagarden.com\/hu\/wp-json\/wp\/v2\/product\/2465","targetHints":{"allow":["GET"]}}],"collection":[{"href":"https:\/\/www.siestagarden.com\/hu\/wp-json\/wp\/v2\/product"}],"about":[{"href":"https:\/\/www.siestagarden.com\/hu\/wp-json\/wp\/v2\/types\/product"}],"wp:featuredmedia":[{"embeddable":true,"href":"https:\/\/www.siestagarden.com\/hu\/wp-json\/wp\/v2\/media\/2466"}],"wp:attachment":[{"href":"https:\/\/www.siestagarden.com\/hu\/wp-json\/wp\/v2\/media?parent=2465"}],"wp:term":[{"taxonomy":"product_brand","embeddable":true,"href":"https:\/\/www.siestagarden.com\/hu\/wp-json\/wp\/v2\/product_brand?post=2465"},{"taxonomy":"product_cat","embeddable":true,"href":"https:\/\/www.siestagarden.com\/hu\/wp-json\/wp\/v2\/product_cat?post=2465"},{"taxonomy":"product_tag","embeddable":true,"href":"https:\/\/www.siestagarden.com\/hu\/wp-json\/wp\/v2\/product_tag?post=2465"}],"curies":[{"name":"wp","href":"https:\/\/api.w.org\/{rel}","templated":true}]}}