{"id":2507,"date":"2025-04-15T10:20:58","date_gmt":"2025-04-15T08:20:58","guid":{"rendered":"https:\/\/www.siestagarden.com\/?post_type=product&#038;p=2507"},"modified":"2026-03-23T15:15:09","modified_gmt":"2026-03-23T14:15:09","slug":"podest-panel-rustic-15x15m-z-drewna","status":"publish","type":"product","link":"https:\/\/www.siestagarden.com\/hu\/termek\/podest-panel-rustic-15x15m-z-drewna\/","title":{"rendered":"Podest Panel Rustik 1,5\u00d71,5m f\u00e1b\u00f3l"},"content":{"rendered":"<div class=\"elementor-element elementor-element-0f16219 elementor-widget__width-initial elementor-widget elementor-widget-woocommerce-product-content\" data-id=\"0f16219\" data-element_type=\"widget\" data-widget_type=\"woocommerce-product-content.default\">\n<div class=\"elementor-widget-container\">\n<p><strong>Rustic teraszburkolat \u2013 K\u00e9sz terasz, ami veled egy\u00fctt n\u00f6vekszik<\/strong><\/p>\n<p><strong>Rusztikus \u00e1llv\u00e1nyok<\/strong> hogy <strong>modul\u00e1ris teraszrendszer<\/strong>, amely egyes\u00edti <strong>tart\u00f3ss\u00e1g, eszt\u00e9tikum \u00e9s haszn\u00e1lati k\u00e9nyelem<\/strong>. Az \u00e1tgondolt kialak\u00edt\u00e1snak k\u00f6sz\u00f6nhet\u0151en saj\u00e1t kez\u0171leg hozhatsz l\u00e9tre egy pihen\u0151teret, amely t\u00f6k\u00e9letesen megfelel az ig\u00e9nyeidnek \u2013 <strong>kicsi teraszt\u00f3l a nagy kerti teraszig<\/strong>.<\/p>\n<p>A kulcs a modularit\u00e1s \u2013 minden elem alapm\u00e9rete 1,5 \u00d7 1,5 m, ami lehet\u0151v\u00e9 teszi a k\u00f6nny\u0171 \u00f6sszekapcsol\u00e1st, b\u0151v\u00edt\u00e9st \u00e9s a helyhez val\u00f3 igaz\u00edt\u00e1st.<\/p>\n<p>El\u00e9rhet\u0151 modulok:<\/p>\n<p><img decoding=\"async\" class=\"emoji\" role=\"img\" draggable=\"false\" src=\"https:\/\/s.w.org\/images\/core\/emoji\/15.0.3\/svg\/1f532.svg\" alt=\"\ud83d\udd32\" \/> Podium Mini 1,5 \u00d7 1,5 m\u00e9ter korl\u00e1ttal k\u00e9t oldalr\u00f3l \u2013 kiv\u00e1l\u00f3 sarok- vagy bej\u00e1rati modulnak,<\/p>\n<p><img decoding=\"async\" class=\"emoji\" role=\"img\" draggable=\"false\" src=\"https:\/\/s.w.org\/images\/core\/emoji\/15.0.3\/svg\/1f532.svg\" alt=\"\ud83d\udd32\" \/> 1,5 \u00d7 1,5 m-es fell\u00e9p\u0151 panel korl\u00e1t n\u00e9lk\u00fcl \u2013 ide\u00e1lis nagyobb fel\u00fcletek \u00f6sszekapcsol\u00e1s\u00e1hoz,<\/p>\n<p><img decoding=\"async\" class=\"emoji\" role=\"img\" draggable=\"false\" src=\"https:\/\/s.w.org\/images\/core\/emoji\/15.0.3\/svg\/1f533.svg\" alt=\"\ud83d\udd33\" \/> Podest Maxi 3 \u00d7 3 m balusztr\u00e1dokkal k\u00e9t oldalon \u2013 minden terasz leny\u0171g\u00f6z\u0151 k\u00f6zponti eleme.<\/p>\n<p>Az \u00f6sszes modul\u00e1ris teraszt szabadon kombin\u00e1lhatod \u00e9s b\u0151v\u00edtheted, \u00edgy funkcion\u00e1lis, st\u00edlusegys\u00e9ges teret hozhatsz l\u00e9tre \u2013 mind mag\u00e1n-, mind kereskedelmi haszn\u00e1latra (pl. \u00e9ttermek k\u00fclt\u00e9ri r\u00e9szei, pihen\u0151terek, ki\u00e1ll\u00edt\u00f3teraszok).<\/p>\n<p>Szil\u00e1rd, id\u0151j\u00e1r\u00e1s\u00e1ll\u00f3 anyagok:<\/p>\n<p>A padozatok k\u00e9sz\u00fclnek<strong> FSC\u00ae tan\u00fas\u00edtv\u00e1nnyal rendelkez\u0151 feny\u0151fa<\/strong>, amely <strong>impregn\u00e1lt a 3. kateg\u00f3ri\u00e1j\u00fa v\u00e9delemhez<\/strong> \u2013 nak\/nek <strong>legmagasabb sz\u00ednvonal<\/strong> a k\u00fclt\u00e9ri haszn\u00e1latra sz\u00e1nt fa v\u00e9delme. Ennek k\u00f6sz\u00f6nhet\u0151en a szerkezet <strong>nedvess\u00e9g-, UV-sug\u00e1rz\u00e1s- \u00e9s napi haszn\u00e1lat-\u00e1ll\u00f3<\/strong> t\u00f6bb szezonon \u00e1t.<\/p>\n<p><strong>Hull\u00e1mz\u00f3 fel\u00fclet<\/strong> \u2013 st\u00edlus \u00e9s biztons\u00e1g:<\/p>\n<p>Minden modul bord\u00e1zott teraszdeszk\u00e1val van befejezve, amely:<\/p>\n<p>jobb tapad\u00e1st biztos\u00edt (m\u00e9g es\u0151ben is),<\/p>\n<p>n\u00f6veli a haszn\u00e1lat biztons\u00e1g\u00e1t,<\/p>\n<p>seg\u00edt a v\u00edz elvezet\u00e9s\u00e9ben,<\/p>\n<p>\u00e9s hangs\u00falyozza az eg\u00e9sz klasszikus, id\u0151tlen megjelen\u00e9s\u00e9t.<\/p>\n<p><img decoding=\"async\" class=\"emoji\" role=\"img\" draggable=\"false\" src=\"https:\/\/s.w.org\/images\/core\/emoji\/15.0.3\/svg\/2714.svg\" alt=\"\u2714\ufe0f\" \/> Legnagyobb el\u0151ny? Szinte azonnal haszn\u00e1latra k\u00e9sz<\/p>\n<p>Ellent\u00e9tben sok teraszrendszerrel, a Rustic teraszlapok szinte k\u00e9sz form\u00e1ban \u00e9rkeznek \u2013 a padl\u00f3 modulok el\u0151re \u00f6ssze vannak szerelve, \u00e9s csak a korl\u00e1tok r\u00f6gz\u00edt\u00e9se marad h\u00e1tra. Ez \u00f3ri\u00e1si megk\u00f6nnyebb\u00fcl\u00e9st \u00e9s id\u0151megtakar\u00edt\u00e1st jelent \u2013 mind\u00f6ssze fel kell \u00e1ll\u00edtani \u00e9s \u00f6ssze kell kapcsolni \u0151ket, hogy \u00e9lvezhess\u00fck a k\u00e9sz pihen\u0151ter\u00fcletet.<\/p>\n<p><img decoding=\"async\" class=\"emoji\" role=\"img\" draggable=\"false\" src=\"https:\/\/s.w.org\/images\/core\/emoji\/15.0.3\/svg\/2714.svg\" alt=\"\u2714\ufe0f\" \/> <strong>Modul\u00e1ris b\u0151v\u00edt\u00e9s<\/strong> \u2013 l\u00e9p\u00e9sr\u0151l l\u00e9p\u00e9sre teraszt \u00e9p\u00edtasz<\/p>\n<p><img decoding=\"async\" class=\"emoji\" role=\"img\" draggable=\"false\" src=\"https:\/\/s.w.org\/images\/core\/emoji\/15.0.3\/svg\/2714.svg\" alt=\"\u2714\ufe0f\" \/> <strong>3 t\u00edpus\u00fa k\u00e9sz modulok<\/strong> \u2013 Mini, Panel \u00e9s Maxi<\/p>\n<p><img decoding=\"async\" class=\"emoji\" role=\"img\" draggable=\"false\" src=\"https:\/\/s.w.org\/images\/core\/emoji\/15.0.3\/svg\/2714.svg\" alt=\"\u2714\ufe0f\" \/><strong> FSC\u00ae feny\u0151fa<\/strong> - felel\u0151s forr\u00e1sokb\u00f3l<\/p>\n<p><img decoding=\"async\" class=\"emoji\" role=\"img\" draggable=\"false\" src=\"https:\/\/s.w.org\/images\/core\/emoji\/15.0.3\/svg\/2714.svg\" alt=\"\u2714\ufe0f\" \/> <strong>3. kateg\u00f3ri\u00e1j\u00fa impregn\u00e1l\u00e1s<\/strong> \u2013 legmagasabb fok\u00fa v\u00e9delem az id\u0151j\u00e1r\u00e1s ellen<\/p>\n<p><img decoding=\"async\" class=\"emoji\" role=\"img\" draggable=\"false\" src=\"https:\/\/s.w.org\/images\/core\/emoji\/15.0.3\/svg\/2714.svg\" alt=\"\u2714\ufe0f\" \/> <strong>Sima fel\u00fclet\u0171 deszk\u00e1k<\/strong> \u2013 st\u00edlus \u00e9s cs\u00fasz\u00e1sg\u00e1tl\u00f3 fel\u00fclet<\/p>\n<p><img decoding=\"async\" class=\"emoji\" role=\"img\" draggable=\"false\" src=\"https:\/\/s.w.org\/images\/core\/emoji\/15.0.3\/svg\/2714.svg\" alt=\"\u2714\ufe0f\" \/> <strong>Gyors \u00f6sszeszerel\u00e9s<\/strong> \u2013 k\u00e9sz padl\u00f3egys\u00e9gek, csak a korl\u00e1tokat kell becsavarozni<\/p>\n<p><img decoding=\"async\" class=\"emoji\" role=\"img\" draggable=\"false\" src=\"https:\/\/s.w.org\/images\/core\/emoji\/15.0.3\/svg\/2714.svg\" alt=\"\u2714\ufe0f\" \/> Ide\u00e1lis kertbe, telekre, k\u00e1v\u00e9z\u00f3ba vagy pihen\u0151z\u00f3nak\u00e9nt<\/p>\n<p>A Rustic teraszokkal nem kell \u00e9vekig tervezni \u2013 egy gyakorlatilag haszn\u00e1latra k\u00e9sz teraszt v\u00e1s\u00e1rol.<strong> Csup\u00e1n n\u00e9h\u00e1ny l\u00e9p\u00e9sre van sz\u00fcks\u00e9g ahhoz, hogy tered st\u00edlust, funkcionalit\u00e1st \u00e9s a fa term\u00e9szetes sz\u00e9ps\u00e9g\u00e9t kapja.<\/strong><\/p>\n<\/div>\n<\/div>","protected":false},"excerpt":{"rendered":"<p>Podesty tarasowe Rustic \u2013 Gotowy taras, kt\u00f3ry ro\u015bnie razem z Tob\u0105 Podesty Rustic to modu\u0142owy system tarasowy, kt\u00f3ry \u0142\u0105czy w sobie trwa\u0142o\u015b\u0107, estetyk\u0119 i wygod\u0119 u\u017cytkowania. Dzi\u0119ki przemy\u015blanej konstrukcji mo\u017cesz samodzielnie stworzy\u0107 przestrze\u0144 wypoczynkow\u0105, kt\u00f3ra idealnie odpowiada Twoim potrzebom \u2013 od ma\u0142ego patio po rozbudowany taras ogrodowy. Kluczem jest modularno\u015b\u0107 \u2013 ka\u017cdy element ma bazowy [&hellip;]<\/p>\n","protected":false},"featured_media":2501,"template":"","meta":{"_acf_changed":false},"product_brand":[],"product_cat":[76],"product_tag":[85],"class_list":{"0":"post-2507","1":"product","2":"type-product","3":"status-publish","4":"has-post-thumbnail","6":"product_cat-akcesoria-ogrodowe","7":"product_tag-kolekcja-rustic","8":"product_shipping_class-podstawowa","10":"first","11":"instock","12":"taxable","13":"shipping-taxable","14":"purchasable","15":"product-type-simple","16":"add-to-wishlist-after_add_to_cart"},"acf":[],"yoast_head":"<!-- This site is optimized with the Yoast SEO plugin v26.6 - https:\/\/yoast.com\/wordpress\/plugins\/seo\/ -->\n<title>Podest Panel Rustic 1,5x1,5m z drewna - Siesta Garden<\/title>\n<meta name=\"robots\" content=\"index, follow, max-snippet:-1, max-image-preview:large, max-video-preview:-1\" \/>\n<link rel=\"canonical\" href=\"https:\/\/www.siestagarden.com\/hu\/termek\/podest-panel-rustic-15x15m-z-drewna\/\" \/>\n<meta property=\"og:locale\" content=\"hu_HU\" \/>\n<meta property=\"og:type\" content=\"article\" \/>\n<meta property=\"og:title\" content=\"Podest Panel Rustic 1,5x1,5m z drewna - Siesta Garden\" \/>\n<meta property=\"og:description\" content=\"Podesty tarasowe Rustic \u2013 Gotowy taras, kt\u00f3ry ro\u015bnie razem z Tob\u0105 Podesty Rustic to modu\u0142owy system tarasowy, kt\u00f3ry \u0142\u0105czy w sobie trwa\u0142o\u015b\u0107, estetyk\u0119 i wygod\u0119 u\u017cytkowania. Dzi\u0119ki przemy\u015blanej konstrukcji mo\u017cesz samodzielnie stworzy\u0107 przestrze\u0144 wypoczynkow\u0105, kt\u00f3ra idealnie odpowiada Twoim potrzebom \u2013 od ma\u0142ego patio po rozbudowany taras ogrodowy. Kluczem jest modularno\u015b\u0107 \u2013 ka\u017cdy element ma bazowy [&hellip;]\" \/>\n<meta property=\"og:url\" content=\"https:\/\/www.siestagarden.com\/hu\/termek\/podest-panel-rustic-15x15m-z-drewna\/\" \/>\n<meta property=\"og:site_name\" content=\"Siesta Garden\" \/>\n<meta property=\"article:modified_time\" content=\"2026-03-23T14:15:09+00:00\" \/>\n<meta property=\"og:image\" content=\"https:\/\/www.siestagarden.com\/wp-content\/uploads\/2025\/04\/IMG_3435.jpg\" \/>\n\t<meta property=\"og:image:width\" content=\"1275\" \/>\n\t<meta property=\"og:image:height\" content=\"850\" \/>\n\t<meta property=\"og:image:type\" content=\"image\/jpeg\" \/>\n<meta name=\"twitter:card\" content=\"summary_large_image\" \/>\n<meta name=\"twitter:label1\" content=\"Becs\u00fclt olvas\u00e1si id\u0151\" \/>\n\t<meta name=\"twitter:data1\" content=\"5 perc\" \/>\n<script type=\"application\/ld+json\" class=\"yoast-schema-graph\">{\"@context\":\"https:\/\/schema.org\",\"@graph\":[{\"@type\":\"WebPage\",\"@id\":\"https:\/\/www.siestagarden.com\/produkt\/podest-panel-rustic-15x15m-z-drewna\/\",\"url\":\"https:\/\/www.siestagarden.com\/produkt\/podest-panel-rustic-15x15m-z-drewna\/\",\"name\":\"Podest Panel Rustic 1,5x1,5m z drewna - Siesta Garden\",\"isPartOf\":{\"@id\":\"https:\/\/www.siestagarden.com\/#website\"},\"primaryImageOfPage\":{\"@id\":\"https:\/\/www.siestagarden.com\/produkt\/podest-panel-rustic-15x15m-z-drewna\/#primaryimage\"},\"image\":{\"@id\":\"https:\/\/www.siestagarden.com\/produkt\/podest-panel-rustic-15x15m-z-drewna\/#primaryimage\"},\"thumbnailUrl\":\"https:\/\/www.siestagarden.com\/wp-content\/uploads\/2025\/04\/IMG_3435.jpg\",\"datePublished\":\"2025-04-15T08:20:58+00:00\",\"dateModified\":\"2026-03-23T14:15:09+00:00\",\"breadcrumb\":{\"@id\":\"https:\/\/www.siestagarden.com\/produkt\/podest-panel-rustic-15x15m-z-drewna\/#breadcrumb\"},\"inLanguage\":\"hu\",\"potentialAction\":[{\"@type\":\"ReadAction\",\"target\":[\"https:\/\/www.siestagarden.com\/produkt\/podest-panel-rustic-15x15m-z-drewna\/\"]}]},{\"@type\":\"ImageObject\",\"inLanguage\":\"hu\",\"@id\":\"https:\/\/www.siestagarden.com\/produkt\/podest-panel-rustic-15x15m-z-drewna\/#primaryimage\",\"url\":\"https:\/\/www.siestagarden.com\/wp-content\/uploads\/2025\/04\/IMG_3435.jpg\",\"contentUrl\":\"https:\/\/www.siestagarden.com\/wp-content\/uploads\/2025\/04\/IMG_3435.jpg\",\"width\":1275,\"height\":850},{\"@type\":\"BreadcrumbList\",\"@id\":\"https:\/\/www.siestagarden.com\/produkt\/podest-panel-rustic-15x15m-z-drewna\/#breadcrumb\",\"itemListElement\":[{\"@type\":\"ListItem\",\"position\":1,\"name\":\"Strona g\u0142\u00f3wna\",\"item\":\"https:\/\/www.siestagarden.com\/\"},{\"@type\":\"ListItem\",\"position\":2,\"name\":\"Sklep\",\"item\":\"https:\/\/www.siestagarden.com\/sklep\/\"},{\"@type\":\"ListItem\",\"position\":3,\"name\":\"Podest Panel Rustic 1,5&#215;1,5m z drewna\"}]},{\"@type\":\"WebSite\",\"@id\":\"https:\/\/www.siestagarden.com\/#website\",\"url\":\"https:\/\/www.siestagarden.com\/\",\"name\":\"Siesta Garden\",\"description\":\"Meble do Twojego ogrodu. Polski producent drewnianych mebli najwy\u017cszej jako\u015bci.\",\"potentialAction\":[{\"@type\":\"SearchAction\",\"target\":{\"@type\":\"EntryPoint\",\"urlTemplate\":\"https:\/\/www.siestagarden.com\/?s={search_term_string}\"},\"query-input\":{\"@type\":\"PropertyValueSpecification\",\"valueRequired\":true,\"valueName\":\"search_term_string\"}}],\"inLanguage\":\"hu\"}]}<\/script>\n<!-- \/ Yoast SEO plugin. -->","yoast_head_json":{"title":"Podest Panel Rustic 1,5x1,5m z drewna - Siesta Garden","robots":{"index":"index","follow":"follow","max-snippet":"max-snippet:-1","max-image-preview":"max-image-preview:large","max-video-preview":"max-video-preview:-1"},"canonical":"https:\/\/www.siestagarden.com\/hu\/termek\/podest-panel-rustic-15x15m-z-drewna\/","og_locale":"hu_HU","og_type":"article","og_title":"Podest Panel Rustic 1,5x1,5m z drewna - Siesta Garden","og_description":"Podesty tarasowe Rustic \u2013 Gotowy taras, kt\u00f3ry ro\u015bnie razem z Tob\u0105 Podesty Rustic to modu\u0142owy system tarasowy, kt\u00f3ry \u0142\u0105czy w sobie trwa\u0142o\u015b\u0107, estetyk\u0119 i wygod\u0119 u\u017cytkowania. Dzi\u0119ki przemy\u015blanej konstrukcji mo\u017cesz samodzielnie stworzy\u0107 przestrze\u0144 wypoczynkow\u0105, kt\u00f3ra idealnie odpowiada Twoim potrzebom \u2013 od ma\u0142ego patio po rozbudowany taras ogrodowy. Kluczem jest modularno\u015b\u0107 \u2013 ka\u017cdy element ma bazowy [&hellip;]","og_url":"https:\/\/www.siestagarden.com\/hu\/termek\/podest-panel-rustic-15x15m-z-drewna\/","og_site_name":"Siesta Garden","article_modified_time":"2026-03-23T14:15:09+00:00","og_image":[{"width":1275,"height":850,"url":"https:\/\/www.siestagarden.com\/wp-content\/uploads\/2025\/04\/IMG_3435.jpg","type":"image\/jpeg"}],"twitter_card":"summary_large_image","twitter_misc":{"Becs\u00fclt olvas\u00e1si id\u0151":"5 perc"},"schema":{"@context":"https:\/\/schema.org","@graph":[{"@type":"WebPage","@id":"https:\/\/www.siestagarden.com\/produkt\/podest-panel-rustic-15x15m-z-drewna\/","url":"https:\/\/www.siestagarden.com\/produkt\/podest-panel-rustic-15x15m-z-drewna\/","name":"Podest Panel Rustic 1,5x1,5m z drewna - Siesta Garden","isPartOf":{"@id":"https:\/\/www.siestagarden.com\/#website"},"primaryImageOfPage":{"@id":"https:\/\/www.siestagarden.com\/produkt\/podest-panel-rustic-15x15m-z-drewna\/#primaryimage"},"image":{"@id":"https:\/\/www.siestagarden.com\/produkt\/podest-panel-rustic-15x15m-z-drewna\/#primaryimage"},"thumbnailUrl":"https:\/\/www.siestagarden.com\/wp-content\/uploads\/2025\/04\/IMG_3435.jpg","datePublished":"2025-04-15T08:20:58+00:00","dateModified":"2026-03-23T14:15:09+00:00","breadcrumb":{"@id":"https:\/\/www.siestagarden.com\/produkt\/podest-panel-rustic-15x15m-z-drewna\/#breadcrumb"},"inLanguage":"hu","potentialAction":[{"@type":"ReadAction","target":["https:\/\/www.siestagarden.com\/produkt\/podest-panel-rustic-15x15m-z-drewna\/"]}]},{"@type":"ImageObject","inLanguage":"hu","@id":"https:\/\/www.siestagarden.com\/produkt\/podest-panel-rustic-15x15m-z-drewna\/#primaryimage","url":"https:\/\/www.siestagarden.com\/wp-content\/uploads\/2025\/04\/IMG_3435.jpg","contentUrl":"https:\/\/www.siestagarden.com\/wp-content\/uploads\/2025\/04\/IMG_3435.jpg","width":1275,"height":850},{"@type":"BreadcrumbList","@id":"https:\/\/www.siestagarden.com\/produkt\/podest-panel-rustic-15x15m-z-drewna\/#breadcrumb","itemListElement":[{"@type":"ListItem","position":1,"name":"Strona g\u0142\u00f3wna","item":"https:\/\/www.siestagarden.com\/"},{"@type":"ListItem","position":2,"name":"Sklep","item":"https:\/\/www.siestagarden.com\/sklep\/"},{"@type":"ListItem","position":3,"name":"Podest Panel Rustic 1,5&#215;1,5m z drewna"}]},{"@type":"WebSite","@id":"https:\/\/www.siestagarden.com\/#website","url":"https:\/\/www.siestagarden.com\/","name":"Siesta Garden","description":"Kerti b\u00fatorok. Magas min\u0151s\u00e9g\u0171 fa kerti b\u00fatorok lengyel gy\u00e1rt\u00f3ja.","potentialAction":[{"@type":"SearchAction","target":{"@type":"EntryPoint","urlTemplate":"https:\/\/www.siestagarden.com\/?s={search_term_string}"},"query-input":{"@type":"PropertyValueSpecification","valueRequired":true,"valueName":"search_term_string"}}],"inLanguage":"hu"}]}},"_links":{"self":[{"href":"https:\/\/www.siestagarden.com\/hu\/wp-json\/wp\/v2\/product\/2507","targetHints":{"allow":["GET"]}}],"collection":[{"href":"https:\/\/www.siestagarden.com\/hu\/wp-json\/wp\/v2\/product"}],"about":[{"href":"https:\/\/www.siestagarden.com\/hu\/wp-json\/wp\/v2\/types\/product"}],"wp:featuredmedia":[{"embeddable":true,"href":"https:\/\/www.siestagarden.com\/hu\/wp-json\/wp\/v2\/media\/2501"}],"wp:attachment":[{"href":"https:\/\/www.siestagarden.com\/hu\/wp-json\/wp\/v2\/media?parent=2507"}],"wp:term":[{"taxonomy":"product_brand","embeddable":true,"href":"https:\/\/www.siestagarden.com\/hu\/wp-json\/wp\/v2\/product_brand?post=2507"},{"taxonomy":"product_cat","embeddable":true,"href":"https:\/\/www.siestagarden.com\/hu\/wp-json\/wp\/v2\/product_cat?post=2507"},{"taxonomy":"product_tag","embeddable":true,"href":"https:\/\/www.siestagarden.com\/hu\/wp-json\/wp\/v2\/product_tag?post=2507"}],"curies":[{"name":"wp","href":"https:\/\/api.w.org\/{rel}","templated":true}]}}