{"id":2598,"date":"2025-04-15T14:49:42","date_gmt":"2025-04-15T12:49:42","guid":{"rendered":"https:\/\/www.siestagarden.com\/?post_type=product&#038;p=2598"},"modified":"2026-03-03T07:56:37","modified_gmt":"2026-03-03T06:56:37","slug":"stol-trojkatny-z-oparciami-picnic-6os-z-drewna","status":"publish","type":"product","link":"https:\/\/www.siestagarden.com\/hu\/termek\/stol-trojkatny-z-oparciami-picnic-6os-z-drewna\/","title":{"rendered":"H\u00e1romsz\u00f6g alak\u00fa piknikasztal 6 f\u0151 r\u00e9sz\u00e9re, t\u00e1ml\u00e1kkal, f\u00e1b\u00f3l"},"content":{"rendered":"<p><strong>H\u00e1romsz\u00f6glet\u00e1zas piknikasztal t\u00e1ml\u00e1val<\/strong> \u2013 6 f\u0151s k\u00e9nyelem \u00faj form\u00e1ban<\/p>\n<p>Ha az ember a klasszikus piknikasztalt\u00f3l elt\u00e9r\u0151 valamit keres, de m\u00e9gis <strong>tart\u00f3ss\u00e1gra, funkcionalit\u00e1sra \u00e9s k\u00e9nyelemre sz\u00e1m\u00edtasz<\/strong> \u2013 h\u00e1romsz\u00f6glet\u0171 piknikasztal h\u00e1tt\u00e1ml\u00e1kkal<strong> Piknik kollekci\u00f3<\/strong> t\u00f6k\u00e9letes v\u00e1laszt\u00e1s lesz. Szokatlan forma, hely<strong> 6 szem\u00e9lyre, integr\u00e1lt h\u00e1tt\u00e1ml\u00e1kkal<\/strong> k\u00fcl\u00f6n\u00f6sen k\u00e9nyelmes \u00e9s st\u00edlusos elemet alkot b\u00e1rmely t\u00e9rben.<\/p>\n<p>Az asztal szerkezete t\u00f6m\u00f6r f\u00e1b\u00f3l k\u00e9sz\u00fclt<strong> FSC\u00ae feny\u0151fa<\/strong> a 41 mm-es deszk\u00e1k leny\u0171g\u00f6z\u0151 vastags\u00e1ga r\u00e9v\u00e9n, ami p\u00e1ratlan tart\u00f3ss\u00e1got biztos\u00edt m\u00e9g intenz\u00edv haszn\u00e1lat mellett is \u2013 mindezt <strong>mag\u00e1nkertekben, valamint kereskedelmi helyeken: kocsm\u00e1kban, \u00e9ttermekben, parkokban vagy \u00fcd\u00fcl\u0151kben.<\/strong><\/p>\n<p>A minden h\u00e1rom oldalon elhelyezett t\u00e1maszt\u00e9knak k\u00f6sz\u00f6nhet\u0151en a felhaszn\u00e1l\u00f3k tov\u00e1bbi k\u00e9nyelmet \u00e9lvezhetnek, maga a b\u00fator pedig ellaz\u00edt\u00f3bb jelleget \u00f6lt.<\/p>\n<p>Minden biztos\u00edtva lett <strong>impregn\u00e1l\u00e1s a 3. v\u00e9detts\u00e9gi kateg\u00f3ri\u00e1hoz<\/strong>, ami maxim\u00e1lis id\u0151j\u00e1r\u00e1s\u00e1ll\u00f3s\u00e1got jelent \u2013 <strong>ezt eg\u00e9sz \u00e9vben kint hagyhatod<\/strong>, an\u00e9lk\u00fcl, hogy agg\u00f3dni kellene a szerkezet tart\u00f3ss\u00e1ga miatt.<\/p>\n<p>A k\u00e9szlet ac\u00e9lcsavarokat \u00e9s f\u00e9mh\u00fcvelyeket tartalmaz, amelyek lehet\u0151v\u00e9 teszik az id\u0151szakos megh\u00faz\u00e1st \u2013 ami fontos, amikor a fa term\u00e9szetesen \u201emozog\u201d a h\u0151m\u00e9rs\u00e9klet \u00e9s a p\u00e1ratartalom v\u00e1ltoz\u00e1sai hat\u00e1s\u00e1ra.<\/p>\n<p>Az asztal lapraszerelt csomagol\u00e1sban \u00e9rkezik, szerelv\u00e9nyekkel \u00e9s egyszer\u0171 \u00f6sszeszerel\u00e9si \u00fatmutat\u00f3val.<\/p>\n<p>\u2714\ufe0f <strong>6 \u00fcl\u0151hely<\/strong> \u2013 ergonomikus elrendez\u00e9s 3 oldallal<\/p>\n<p>\u2714\ufe0f<strong> Integr\u00e1lt h\u00e1tt\u00e1ml\u00e1k<\/strong> \u2013 k\u00e9nyelem \u00e9s jobb der\u00e9kt\u00e1masz<\/p>\n<p>\u2714\ufe0f <strong>41 mm vastag t\u00e1bl\u00e1k<\/strong> \u2013 kiv\u00e9teles szil\u00e1rds\u00e1g \u00e9s tart\u00f3ss\u00e1g<\/p>\n<p>\u2714\ufe0f <strong>FSC\u00ae feny\u0151fa<\/strong> \u2013 felel\u0151s v\u00e1laszt\u00e1s<\/p>\n<p>\u2714\ufe0f <strong>Impregn\u00e1l\u00e1s a 3. v\u00e9delmi kateg\u00f3ri\u00e1ig<\/strong> \u2013 teljes id\u0151j\u00e1r\u00e1s\u00e1ll\u00f3s\u00e1g<\/p>\n<p>\u2714\ufe0f <strong>Ac\u00e9l t\u00e1rcs\u00e1k \u00e9s csavarok<\/strong> \u2013 hossz\u00fa \u00e9vekre k\u00e9sz szerkezet<\/p>\n<p>\u2714\ufe0f<strong> Csomagban sz\u00e1ll\u00edtva<\/strong> k\u00f6nny\u0171 \u00f6sszeszerel\u00e9s<\/p>\n<p>A h\u00e1tt\u00e1ml\u00e1kkal ell\u00e1tott h\u00e1romsz\u00f6glet\u0171 piknikasztal nem csup\u00e1n egy haszn\u00e1lati t\u00e1rgy \u2013 ez egy m\u00f3dja annak, hogy kit\u0171nj\u00f6n a t\u00e9r, \u00e9s vend\u00e9gei sz\u00e1m\u00e1ra maxim\u00e1lis k\u00e9nyelmet biztos\u00edtson egyedi form\u00e1ban.<\/p>","protected":false},"excerpt":{"rendered":"<p>Tr\u00f3jk\u0105tny st\u00f3\u0142 piknikowy z oparciami \u2013 6-osobowy komfort w nowej formie Je\u015bli szukasz czego\u015b innego ni\u017c klasyczny st\u00f3\u0142 piknikowy, ale nadal oczekujesz trwa\u0142o\u015bci, funkcjonalno\u015bci i wygody \u2013 tr\u00f3jk\u0105tny st\u00f3\u0142 piknikowy z oparciami z kolekcji Picnic b\u0119dzie idealnym wyborem. Nietuzinkowy kszta\u0142t, miejsce dla 6 os\u00f3b oraz zintegrowane oparcia czyni\u0105 go wyj\u0105tkowo komfortowym i stylowym elementem ka\u017cdej [&hellip;]<\/p>\n","protected":false},"featured_media":2599,"template":"","meta":{"_acf_changed":false},"product_brand":[],"product_cat":[66],"product_tag":[88],"class_list":{"0":"post-2598","1":"product","2":"type-product","3":"status-publish","4":"has-post-thumbnail","6":"product_cat-stoly-piknikowe","7":"product_tag-kolekcja-picnic","8":"product_shipping_class-podstawowa","10":"first","11":"onbackorder","12":"taxable","13":"shipping-taxable","14":"purchasable","15":"product-type-simple","16":"add-to-wishlist-after_add_to_cart"},"acf":[],"yoast_head":"<!-- This site is optimized with the Yoast SEO plugin v26.6 - https:\/\/yoast.com\/wordpress\/plugins\/seo\/ -->\n<title>St\u00f3\u0142 tr\u00f3jk\u0105tny z oparciami Picnic 6os. z drewna - Siesta Garden<\/title>\n<meta name=\"robots\" content=\"index, follow, max-snippet:-1, max-image-preview:large, max-video-preview:-1\" \/>\n<link rel=\"canonical\" href=\"https:\/\/www.siestagarden.com\/hu\/termek\/stol-trojkatny-z-oparciami-picnic-6os-z-drewna\/\" \/>\n<meta property=\"og:locale\" content=\"hu_HU\" \/>\n<meta property=\"og:type\" content=\"article\" \/>\n<meta property=\"og:title\" content=\"St\u00f3\u0142 tr\u00f3jk\u0105tny z oparciami Picnic 6os. z drewna - Siesta Garden\" \/>\n<meta property=\"og:description\" content=\"Tr\u00f3jk\u0105tny st\u00f3\u0142 piknikowy z oparciami \u2013 6-osobowy komfort w nowej formie Je\u015bli szukasz czego\u015b innego ni\u017c klasyczny st\u00f3\u0142 piknikowy, ale nadal oczekujesz trwa\u0142o\u015bci, funkcjonalno\u015bci i wygody \u2013 tr\u00f3jk\u0105tny st\u00f3\u0142 piknikowy z oparciami z kolekcji Picnic b\u0119dzie idealnym wyborem. Nietuzinkowy kszta\u0142t, miejsce dla 6 os\u00f3b oraz zintegrowane oparcia czyni\u0105 go wyj\u0105tkowo komfortowym i stylowym elementem ka\u017cdej [&hellip;]\" \/>\n<meta property=\"og:url\" content=\"https:\/\/www.siestagarden.com\/hu\/termek\/stol-trojkatny-z-oparciami-picnic-6os-z-drewna\/\" \/>\n<meta property=\"og:site_name\" content=\"Siesta Garden\" \/>\n<meta property=\"article:modified_time\" content=\"2026-03-03T06:56:37+00:00\" \/>\n<meta property=\"og:image\" content=\"https:\/\/www.siestagarden.com\/wp-content\/uploads\/2025\/04\/IMG_3130.jpg\" \/>\n\t<meta property=\"og:image:width\" content=\"1275\" \/>\n\t<meta property=\"og:image:height\" content=\"850\" \/>\n\t<meta property=\"og:image:type\" content=\"image\/jpeg\" \/>\n<meta name=\"twitter:card\" content=\"summary_large_image\" \/>\n<meta name=\"twitter:label1\" content=\"Becs\u00fclt olvas\u00e1si id\u0151\" \/>\n\t<meta name=\"twitter:data1\" content=\"2 perc\" \/>\n<script type=\"application\/ld+json\" class=\"yoast-schema-graph\">{\"@context\":\"https:\/\/schema.org\",\"@graph\":[{\"@type\":\"WebPage\",\"@id\":\"https:\/\/www.siestagarden.com\/produkt\/stol-trojkatny-z-oparciami-picnic-6os-z-drewna\/\",\"url\":\"https:\/\/www.siestagarden.com\/produkt\/stol-trojkatny-z-oparciami-picnic-6os-z-drewna\/\",\"name\":\"St\u00f3\u0142 tr\u00f3jk\u0105tny z oparciami Picnic 6os. z drewna - Siesta Garden\",\"isPartOf\":{\"@id\":\"https:\/\/www.siestagarden.com\/#website\"},\"primaryImageOfPage\":{\"@id\":\"https:\/\/www.siestagarden.com\/produkt\/stol-trojkatny-z-oparciami-picnic-6os-z-drewna\/#primaryimage\"},\"image\":{\"@id\":\"https:\/\/www.siestagarden.com\/produkt\/stol-trojkatny-z-oparciami-picnic-6os-z-drewna\/#primaryimage\"},\"thumbnailUrl\":\"https:\/\/www.siestagarden.com\/wp-content\/uploads\/2025\/04\/IMG_3130.jpg\",\"datePublished\":\"2025-04-15T12:49:42+00:00\",\"dateModified\":\"2026-03-03T06:56:37+00:00\",\"breadcrumb\":{\"@id\":\"https:\/\/www.siestagarden.com\/produkt\/stol-trojkatny-z-oparciami-picnic-6os-z-drewna\/#breadcrumb\"},\"inLanguage\":\"hu\",\"potentialAction\":[{\"@type\":\"ReadAction\",\"target\":[\"https:\/\/www.siestagarden.com\/produkt\/stol-trojkatny-z-oparciami-picnic-6os-z-drewna\/\"]}]},{\"@type\":\"ImageObject\",\"inLanguage\":\"hu\",\"@id\":\"https:\/\/www.siestagarden.com\/produkt\/stol-trojkatny-z-oparciami-picnic-6os-z-drewna\/#primaryimage\",\"url\":\"https:\/\/www.siestagarden.com\/wp-content\/uploads\/2025\/04\/IMG_3130.jpg\",\"contentUrl\":\"https:\/\/www.siestagarden.com\/wp-content\/uploads\/2025\/04\/IMG_3130.jpg\",\"width\":1275,\"height\":850},{\"@type\":\"BreadcrumbList\",\"@id\":\"https:\/\/www.siestagarden.com\/produkt\/stol-trojkatny-z-oparciami-picnic-6os-z-drewna\/#breadcrumb\",\"itemListElement\":[{\"@type\":\"ListItem\",\"position\":1,\"name\":\"Strona g\u0142\u00f3wna\",\"item\":\"https:\/\/www.siestagarden.com\/\"},{\"@type\":\"ListItem\",\"position\":2,\"name\":\"Sklep\",\"item\":\"https:\/\/www.siestagarden.com\/sklep\/\"},{\"@type\":\"ListItem\",\"position\":3,\"name\":\"St\u00f3\u0142 tr\u00f3jk\u0105tny z oparciami Picnic 6os. z drewna\"}]},{\"@type\":\"WebSite\",\"@id\":\"https:\/\/www.siestagarden.com\/#website\",\"url\":\"https:\/\/www.siestagarden.com\/\",\"name\":\"Siesta Garden\",\"description\":\"Meble do Twojego ogrodu. Polski producent drewnianych mebli najwy\u017cszej jako\u015bci.\",\"potentialAction\":[{\"@type\":\"SearchAction\",\"target\":{\"@type\":\"EntryPoint\",\"urlTemplate\":\"https:\/\/www.siestagarden.com\/?s={search_term_string}\"},\"query-input\":{\"@type\":\"PropertyValueSpecification\",\"valueRequired\":true,\"valueName\":\"search_term_string\"}}],\"inLanguage\":\"hu\"}]}<\/script>\n<!-- \/ Yoast SEO plugin. -->","yoast_head_json":{"title":"St\u00f3\u0142 tr\u00f3jk\u0105tny z oparciami Picnic 6os. z drewna - Siesta Garden","robots":{"index":"index","follow":"follow","max-snippet":"max-snippet:-1","max-image-preview":"max-image-preview:large","max-video-preview":"max-video-preview:-1"},"canonical":"https:\/\/www.siestagarden.com\/hu\/termek\/stol-trojkatny-z-oparciami-picnic-6os-z-drewna\/","og_locale":"hu_HU","og_type":"article","og_title":"St\u00f3\u0142 tr\u00f3jk\u0105tny z oparciami Picnic 6os. z drewna - Siesta Garden","og_description":"Tr\u00f3jk\u0105tny st\u00f3\u0142 piknikowy z oparciami \u2013 6-osobowy komfort w nowej formie Je\u015bli szukasz czego\u015b innego ni\u017c klasyczny st\u00f3\u0142 piknikowy, ale nadal oczekujesz trwa\u0142o\u015bci, funkcjonalno\u015bci i wygody \u2013 tr\u00f3jk\u0105tny st\u00f3\u0142 piknikowy z oparciami z kolekcji Picnic b\u0119dzie idealnym wyborem. Nietuzinkowy kszta\u0142t, miejsce dla 6 os\u00f3b oraz zintegrowane oparcia czyni\u0105 go wyj\u0105tkowo komfortowym i stylowym elementem ka\u017cdej [&hellip;]","og_url":"https:\/\/www.siestagarden.com\/hu\/termek\/stol-trojkatny-z-oparciami-picnic-6os-z-drewna\/","og_site_name":"Siesta Garden","article_modified_time":"2026-03-03T06:56:37+00:00","og_image":[{"width":1275,"height":850,"url":"https:\/\/www.siestagarden.com\/wp-content\/uploads\/2025\/04\/IMG_3130.jpg","type":"image\/jpeg"}],"twitter_card":"summary_large_image","twitter_misc":{"Becs\u00fclt olvas\u00e1si id\u0151":"2 perc"},"schema":{"@context":"https:\/\/schema.org","@graph":[{"@type":"WebPage","@id":"https:\/\/www.siestagarden.com\/produkt\/stol-trojkatny-z-oparciami-picnic-6os-z-drewna\/","url":"https:\/\/www.siestagarden.com\/produkt\/stol-trojkatny-z-oparciami-picnic-6os-z-drewna\/","name":"St\u00f3\u0142 tr\u00f3jk\u0105tny z oparciami Picnic 6os. z drewna - Siesta Garden","isPartOf":{"@id":"https:\/\/www.siestagarden.com\/#website"},"primaryImageOfPage":{"@id":"https:\/\/www.siestagarden.com\/produkt\/stol-trojkatny-z-oparciami-picnic-6os-z-drewna\/#primaryimage"},"image":{"@id":"https:\/\/www.siestagarden.com\/produkt\/stol-trojkatny-z-oparciami-picnic-6os-z-drewna\/#primaryimage"},"thumbnailUrl":"https:\/\/www.siestagarden.com\/wp-content\/uploads\/2025\/04\/IMG_3130.jpg","datePublished":"2025-04-15T12:49:42+00:00","dateModified":"2026-03-03T06:56:37+00:00","breadcrumb":{"@id":"https:\/\/www.siestagarden.com\/produkt\/stol-trojkatny-z-oparciami-picnic-6os-z-drewna\/#breadcrumb"},"inLanguage":"hu","potentialAction":[{"@type":"ReadAction","target":["https:\/\/www.siestagarden.com\/produkt\/stol-trojkatny-z-oparciami-picnic-6os-z-drewna\/"]}]},{"@type":"ImageObject","inLanguage":"hu","@id":"https:\/\/www.siestagarden.com\/produkt\/stol-trojkatny-z-oparciami-picnic-6os-z-drewna\/#primaryimage","url":"https:\/\/www.siestagarden.com\/wp-content\/uploads\/2025\/04\/IMG_3130.jpg","contentUrl":"https:\/\/www.siestagarden.com\/wp-content\/uploads\/2025\/04\/IMG_3130.jpg","width":1275,"height":850},{"@type":"BreadcrumbList","@id":"https:\/\/www.siestagarden.com\/produkt\/stol-trojkatny-z-oparciami-picnic-6os-z-drewna\/#breadcrumb","itemListElement":[{"@type":"ListItem","position":1,"name":"Strona g\u0142\u00f3wna","item":"https:\/\/www.siestagarden.com\/"},{"@type":"ListItem","position":2,"name":"Sklep","item":"https:\/\/www.siestagarden.com\/sklep\/"},{"@type":"ListItem","position":3,"name":"St\u00f3\u0142 tr\u00f3jk\u0105tny z oparciami Picnic 6os. z drewna"}]},{"@type":"WebSite","@id":"https:\/\/www.siestagarden.com\/#website","url":"https:\/\/www.siestagarden.com\/","name":"Siesta Garden","description":"Kerti b\u00fatorok. Magas min\u0151s\u00e9g\u0171 fa kerti b\u00fatorok lengyel gy\u00e1rt\u00f3ja.","potentialAction":[{"@type":"SearchAction","target":{"@type":"EntryPoint","urlTemplate":"https:\/\/www.siestagarden.com\/?s={search_term_string}"},"query-input":{"@type":"PropertyValueSpecification","valueRequired":true,"valueName":"search_term_string"}}],"inLanguage":"hu"}]}},"_links":{"self":[{"href":"https:\/\/www.siestagarden.com\/hu\/wp-json\/wp\/v2\/product\/2598","targetHints":{"allow":["GET"]}}],"collection":[{"href":"https:\/\/www.siestagarden.com\/hu\/wp-json\/wp\/v2\/product"}],"about":[{"href":"https:\/\/www.siestagarden.com\/hu\/wp-json\/wp\/v2\/types\/product"}],"wp:featuredmedia":[{"embeddable":true,"href":"https:\/\/www.siestagarden.com\/hu\/wp-json\/wp\/v2\/media\/2599"}],"wp:attachment":[{"href":"https:\/\/www.siestagarden.com\/hu\/wp-json\/wp\/v2\/media?parent=2598"}],"wp:term":[{"taxonomy":"product_brand","embeddable":true,"href":"https:\/\/www.siestagarden.com\/hu\/wp-json\/wp\/v2\/product_brand?post=2598"},{"taxonomy":"product_cat","embeddable":true,"href":"https:\/\/www.siestagarden.com\/hu\/wp-json\/wp\/v2\/product_cat?post=2598"},{"taxonomy":"product_tag","embeddable":true,"href":"https:\/\/www.siestagarden.com\/hu\/wp-json\/wp\/v2\/product_tag?post=2598"}],"curies":[{"name":"wp","href":"https:\/\/api.w.org\/{rel}","templated":true}]}}