{"id":2767,"date":"2025-04-16T09:23:13","date_gmt":"2025-04-16T07:23:13","guid":{"rendered":"https:\/\/www.siestagarden.com\/?post_type=product&#038;p=2767"},"modified":"2026-03-03T07:55:10","modified_gmt":"2026-03-03T06:55:10","slug":"stol-trojkatny-picnic-6os-z-drewna","status":"publish","type":"product","link":"https:\/\/www.siestagarden.com\/hu\/termek\/stol-trojkatny-picnic-6os-z-drewna\/","title":{"rendered":"H\u00e1romsz\u00f6g alak\u00fa piknikasztal 6 szem\u00e9lyes fa"},"content":{"rendered":"<p><strong>H\u00e1romsz\u00f6g alak\u00fa piknikasztal \u00d8 2,1 m<\/strong> \u00c1tgondolt forma 6 f\u0151 r\u00e9sz\u00e9re<\/p>\n<p>H\u00e1romsz\u00f6g alak\u00fa piknikasztal <strong>Piknik kollekci\u00f3<\/strong> hogy ez egy olyan javaslat, amely \u00f6tv\u00f6zi <strong>maxim\u00e1lis funkcionalit\u00e1s<\/strong> szokatlan,<strong> vonz\u00f3 form\u00e1ja<\/strong>. A t\u00e1gas munkalapnak k\u00f6sz\u00f6nhet\u0151en <strong>170 cm \u00e1tm\u00e9r\u0151j\u0171<\/strong> valamint a szerkezet teljes \u00e1tm\u00e9r\u0151je \u00d8 210 cm, ez a modell <strong>k\u00f6nnyed\u00e9n elf\u00e9r benne 6 ember<\/strong> \u2013 k\u00e9nyelmes \u00e9s eszt\u00e9tikus k\u00fclt\u00e9ri tal\u00e1lkoz\u00f3helyet teremtve.<\/p>\n<p>Ez az ide\u00e1lis megold\u00e1s:<\/p>\n<p>pubokhoz \u00e9s vend\u00e9gl\u00e1t\u00f3helyekhez,<\/p>\n<p>iskol\u00e1k, parkok \u00e9s rekre\u00e1ci\u00f3s ter\u00fcletek,<\/p>\n<p>panzi\u00f3k \u00e9s \u00fcd\u00fcl\u0151k,<\/p>\n<p>valamint az egyedi diz\u00e1jnt \u00e9s a tart\u00f3ss\u00e1got \u00e9rt\u00e9kel\u0151 mag\u00e1nszem\u00e9lyek sz\u00e1m\u00e1ra.<\/p>\n<p>T\u00f6m\u00f6r feny\u0151f\u00e1b\u00f3l k\u00e9sz\u00fclt<strong> FSC\u00ae tan\u00fas\u00edtv\u00e1nnyal<\/strong>, asztal vastag,<strong> 41 millim\u00e9teres t\u00e1bl\u00e1k<\/strong>, amely biztos\u00edt <strong>stabilit\u00e1s<\/strong> m\u00e9g intenz\u00edv, mindennapi haszn\u00e1lat mellett is. A f\u00e1t impregn\u00e1lt\u00e1k<strong> impregn\u00e1l\u00e1s a 3. v\u00e9detts\u00e9gi kateg\u00f3ri\u00e1hoz<\/strong>, \u00edgy a szerkezet id\u0151j\u00e1r\u00e1s\u00e1ll\u00f3v\u00e1 v\u00e1lik \u2013 <strong>nap, es\u0151, v\u00e1ltoz\u00f3 h\u0151m\u00e9rs\u00e9kletek<\/strong>.<\/p>\n<p>H\u00e1romsz\u00f6g alak\u00fa \u00fcl\u00e9srend <strong>el\u0151seg\u00edti az integr\u00e1ci\u00f3t \u00e9s a kommunik\u00e1ci\u00f3t<\/strong> \u2013 mindenki, aki jelen van a tal\u00e1lkoz\u00f3n, mag\u00e1val hozza <strong>Szemkontakt \u00e9s szabad hozz\u00e1f\u00e9r\u00e9s<\/strong> k\u00f6z\u00f6s munkalapra.<\/p>\n<p>Horganyozott csavarok \u00e9s f\u00e9mh\u00fcvelyek haszn\u00e1lat\u00e1val a szerkezet id\u0151szakosan megh\u00fazhat\u00f3, ami \u00e9vekig tart\u00f3 tart\u00f3ss\u00e1got \u00e9s stabilit\u00e1st biztos\u00edt.<\/p>\n<p>Lapos csomagol\u00e1sban sz\u00e1ll\u00edtva (\u00f6nt\u00f6m\u00e9shez) \u2013 szerelv\u00e9nyekkel \u00e9s \u00fatmutat\u00f3val.<\/p>\n<p>\u2714\ufe0f <strong>6 \u00fcl\u0151hely<\/strong> \u2013 t\u00e9r \u00e9s k\u00e9nyelem<\/p>\n<p>\u2714\ufe0f<strong> Teljes \u00e1tm\u00e9r\u0151: \u00d8 2100 mm | Asztallap: \u00d8 1700 mm | Magass\u00e1g: 800 mm<\/strong><\/p>\n<p>\u2714\ufe0f <strong>41 mm vastag t\u00e1bl\u00e1k<\/strong> \u2013 massz\u00edv szerkezet az elk\u00f6vetkez\u0151 \u00e9vekre<\/p>\n<p>\u2714\ufe0f <strong>FSC\u00ae fa<\/strong> \u2013 felel\u0151s \u00e9s fenntarthat\u00f3<\/p>\n<p>\u2714\ufe0f <strong>Impregn\u00e1l\u00e1s a 3. v\u00e9delmi kateg\u00f3ri\u00e1ig<\/strong> \u2013 eg\u00e9sz \u00e9ves immunit\u00e1s<\/p>\n<p>\u2714\ufe0f <strong>Horganyzott csavarok \u00e9s f\u00e9mh\u00fcvelyek<\/strong> \u2013 korr\u00f3zi\u00f3\u00e1ll\u00f3s\u00e1g \u00e9s stabilit\u00e1s<\/p>\n<p>\u2714\ufe0f <strong>Csomagban sz\u00e1ll\u00edtva<\/strong> \u2013 gyors \u00f6sszeszerel\u00e9s, egyszer\u0171 \u00fatmutat\u00f3<\/p>\n<p>\u2714\ufe0f <strong>Ide\u00e1lis:<\/strong> gasztron\u00f3mia, iskol\u00e1k, nyilv\u00e1nos \u00e9s mag\u00e1nkertek<\/p>","protected":false},"excerpt":{"rendered":"<p>St\u00f3\u0142 piknikowy tr\u00f3jk\u0105tny \u00d8 2,1 m \u2013 Przemy\u015blana forma dla 6 os\u00f3b St\u00f3\u0142 piknikowy tr\u00f3jk\u0105tny z kolekcji Picnic to propozycja, kt\u00f3ra \u0142\u0105czy maksymaln\u0105 funkcjonalno\u015b\u0107 z nietypow\u0105, atrakcyjn\u0105 form\u0105. Dzi\u0119ki przestronnemu blatowi o \u015brednicy a\u017c 170 cm oraz ca\u0142kowitej \u015brednicy konstrukcji \u00d8 210 cm, ten model bez trudu pomie\u015bci 6 os\u00f3b \u2013 tworz\u0105c wygodn\u0105 i estetyczn\u0105 [&hellip;]<\/p>\n","protected":false},"featured_media":2768,"template":"","meta":{"_acf_changed":false},"product_brand":[],"product_cat":[66],"product_tag":[88],"class_list":{"0":"post-2767","1":"product","2":"type-product","3":"status-publish","4":"has-post-thumbnail","6":"product_cat-stoly-piknikowe","7":"product_tag-kolekcja-picnic","8":"product_shipping_class-podstawowa","10":"first","11":"onbackorder","12":"taxable","13":"shipping-taxable","14":"purchasable","15":"product-type-simple","16":"add-to-wishlist-after_add_to_cart"},"acf":[],"yoast_head":"<!-- This site is optimized with the Yoast SEO plugin v26.6 - https:\/\/yoast.com\/wordpress\/plugins\/seo\/ -->\n<title>St\u00f3\u0142 tr\u00f3jk\u0105tny Picnic 6os. z drewna - Siesta Garden<\/title>\n<meta name=\"robots\" content=\"index, follow, max-snippet:-1, max-image-preview:large, max-video-preview:-1\" \/>\n<link rel=\"canonical\" href=\"https:\/\/www.siestagarden.com\/hu\/termek\/stol-trojkatny-picnic-6os-z-drewna\/\" \/>\n<meta property=\"og:locale\" content=\"hu_HU\" \/>\n<meta property=\"og:type\" content=\"article\" \/>\n<meta property=\"og:title\" content=\"St\u00f3\u0142 tr\u00f3jk\u0105tny Picnic 6os. z drewna - Siesta Garden\" \/>\n<meta property=\"og:description\" content=\"St\u00f3\u0142 piknikowy tr\u00f3jk\u0105tny \u00d8 2,1 m \u2013 Przemy\u015blana forma dla 6 os\u00f3b St\u00f3\u0142 piknikowy tr\u00f3jk\u0105tny z kolekcji Picnic to propozycja, kt\u00f3ra \u0142\u0105czy maksymaln\u0105 funkcjonalno\u015b\u0107 z nietypow\u0105, atrakcyjn\u0105 form\u0105. Dzi\u0119ki przestronnemu blatowi o \u015brednicy a\u017c 170 cm oraz ca\u0142kowitej \u015brednicy konstrukcji \u00d8 210 cm, ten model bez trudu pomie\u015bci 6 os\u00f3b \u2013 tworz\u0105c wygodn\u0105 i estetyczn\u0105 [&hellip;]\" \/>\n<meta property=\"og:url\" content=\"https:\/\/www.siestagarden.com\/hu\/termek\/stol-trojkatny-picnic-6os-z-drewna\/\" \/>\n<meta property=\"og:site_name\" content=\"Siesta Garden\" \/>\n<meta property=\"article:modified_time\" content=\"2026-03-03T06:55:10+00:00\" \/>\n<meta property=\"og:image\" content=\"https:\/\/www.siestagarden.com\/wp-content\/uploads\/2025\/04\/407-mini-kadr.jpg\" \/>\n\t<meta property=\"og:image:width\" content=\"537\" \/>\n\t<meta property=\"og:image:height\" content=\"442\" \/>\n\t<meta property=\"og:image:type\" content=\"image\/jpeg\" \/>\n<meta name=\"twitter:card\" content=\"summary_large_image\" \/>\n<meta name=\"twitter:label1\" content=\"Becs\u00fclt olvas\u00e1si id\u0151\" \/>\n\t<meta name=\"twitter:data1\" content=\"2 perc\" \/>\n<script type=\"application\/ld+json\" class=\"yoast-schema-graph\">{\"@context\":\"https:\/\/schema.org\",\"@graph\":[{\"@type\":\"WebPage\",\"@id\":\"https:\/\/www.siestagarden.com\/produkt\/stol-trojkatny-picnic-6os-z-drewna\/\",\"url\":\"https:\/\/www.siestagarden.com\/produkt\/stol-trojkatny-picnic-6os-z-drewna\/\",\"name\":\"St\u00f3\u0142 tr\u00f3jk\u0105tny Picnic 6os. z drewna - Siesta Garden\",\"isPartOf\":{\"@id\":\"https:\/\/www.siestagarden.com\/#website\"},\"primaryImageOfPage\":{\"@id\":\"https:\/\/www.siestagarden.com\/produkt\/stol-trojkatny-picnic-6os-z-drewna\/#primaryimage\"},\"image\":{\"@id\":\"https:\/\/www.siestagarden.com\/produkt\/stol-trojkatny-picnic-6os-z-drewna\/#primaryimage\"},\"thumbnailUrl\":\"https:\/\/www.siestagarden.com\/wp-content\/uploads\/2025\/04\/407-mini-kadr.jpg\",\"datePublished\":\"2025-04-16T07:23:13+00:00\",\"dateModified\":\"2026-03-03T06:55:10+00:00\",\"breadcrumb\":{\"@id\":\"https:\/\/www.siestagarden.com\/produkt\/stol-trojkatny-picnic-6os-z-drewna\/#breadcrumb\"},\"inLanguage\":\"hu\",\"potentialAction\":[{\"@type\":\"ReadAction\",\"target\":[\"https:\/\/www.siestagarden.com\/produkt\/stol-trojkatny-picnic-6os-z-drewna\/\"]}]},{\"@type\":\"ImageObject\",\"inLanguage\":\"hu\",\"@id\":\"https:\/\/www.siestagarden.com\/produkt\/stol-trojkatny-picnic-6os-z-drewna\/#primaryimage\",\"url\":\"https:\/\/www.siestagarden.com\/wp-content\/uploads\/2025\/04\/407-mini-kadr.jpg\",\"contentUrl\":\"https:\/\/www.siestagarden.com\/wp-content\/uploads\/2025\/04\/407-mini-kadr.jpg\",\"width\":537,\"height\":442},{\"@type\":\"BreadcrumbList\",\"@id\":\"https:\/\/www.siestagarden.com\/produkt\/stol-trojkatny-picnic-6os-z-drewna\/#breadcrumb\",\"itemListElement\":[{\"@type\":\"ListItem\",\"position\":1,\"name\":\"Strona g\u0142\u00f3wna\",\"item\":\"https:\/\/www.siestagarden.com\/\"},{\"@type\":\"ListItem\",\"position\":2,\"name\":\"Sklep\",\"item\":\"https:\/\/www.siestagarden.com\/sklep\/\"},{\"@type\":\"ListItem\",\"position\":3,\"name\":\"St\u00f3\u0142 tr\u00f3jk\u0105tny Picnic 6os. z drewna\"}]},{\"@type\":\"WebSite\",\"@id\":\"https:\/\/www.siestagarden.com\/#website\",\"url\":\"https:\/\/www.siestagarden.com\/\",\"name\":\"Siesta Garden\",\"description\":\"Meble do Twojego ogrodu. Polski producent drewnianych mebli najwy\u017cszej jako\u015bci.\",\"potentialAction\":[{\"@type\":\"SearchAction\",\"target\":{\"@type\":\"EntryPoint\",\"urlTemplate\":\"https:\/\/www.siestagarden.com\/?s={search_term_string}\"},\"query-input\":{\"@type\":\"PropertyValueSpecification\",\"valueRequired\":true,\"valueName\":\"search_term_string\"}}],\"inLanguage\":\"hu\"}]}<\/script>\n<!-- \/ Yoast SEO plugin. -->","yoast_head_json":{"title":"St\u00f3\u0142 tr\u00f3jk\u0105tny Picnic 6os. z drewna - Siesta Garden","robots":{"index":"index","follow":"follow","max-snippet":"max-snippet:-1","max-image-preview":"max-image-preview:large","max-video-preview":"max-video-preview:-1"},"canonical":"https:\/\/www.siestagarden.com\/hu\/termek\/stol-trojkatny-picnic-6os-z-drewna\/","og_locale":"hu_HU","og_type":"article","og_title":"St\u00f3\u0142 tr\u00f3jk\u0105tny Picnic 6os. z drewna - Siesta Garden","og_description":"St\u00f3\u0142 piknikowy tr\u00f3jk\u0105tny \u00d8 2,1 m \u2013 Przemy\u015blana forma dla 6 os\u00f3b St\u00f3\u0142 piknikowy tr\u00f3jk\u0105tny z kolekcji Picnic to propozycja, kt\u00f3ra \u0142\u0105czy maksymaln\u0105 funkcjonalno\u015b\u0107 z nietypow\u0105, atrakcyjn\u0105 form\u0105. Dzi\u0119ki przestronnemu blatowi o \u015brednicy a\u017c 170 cm oraz ca\u0142kowitej \u015brednicy konstrukcji \u00d8 210 cm, ten model bez trudu pomie\u015bci 6 os\u00f3b \u2013 tworz\u0105c wygodn\u0105 i estetyczn\u0105 [&hellip;]","og_url":"https:\/\/www.siestagarden.com\/hu\/termek\/stol-trojkatny-picnic-6os-z-drewna\/","og_site_name":"Siesta Garden","article_modified_time":"2026-03-03T06:55:10+00:00","og_image":[{"width":537,"height":442,"url":"https:\/\/www.siestagarden.com\/wp-content\/uploads\/2025\/04\/407-mini-kadr.jpg","type":"image\/jpeg"}],"twitter_card":"summary_large_image","twitter_misc":{"Becs\u00fclt olvas\u00e1si id\u0151":"2 perc"},"schema":{"@context":"https:\/\/schema.org","@graph":[{"@type":"WebPage","@id":"https:\/\/www.siestagarden.com\/produkt\/stol-trojkatny-picnic-6os-z-drewna\/","url":"https:\/\/www.siestagarden.com\/produkt\/stol-trojkatny-picnic-6os-z-drewna\/","name":"St\u00f3\u0142 tr\u00f3jk\u0105tny Picnic 6os. z drewna - Siesta Garden","isPartOf":{"@id":"https:\/\/www.siestagarden.com\/#website"},"primaryImageOfPage":{"@id":"https:\/\/www.siestagarden.com\/produkt\/stol-trojkatny-picnic-6os-z-drewna\/#primaryimage"},"image":{"@id":"https:\/\/www.siestagarden.com\/produkt\/stol-trojkatny-picnic-6os-z-drewna\/#primaryimage"},"thumbnailUrl":"https:\/\/www.siestagarden.com\/wp-content\/uploads\/2025\/04\/407-mini-kadr.jpg","datePublished":"2025-04-16T07:23:13+00:00","dateModified":"2026-03-03T06:55:10+00:00","breadcrumb":{"@id":"https:\/\/www.siestagarden.com\/produkt\/stol-trojkatny-picnic-6os-z-drewna\/#breadcrumb"},"inLanguage":"hu","potentialAction":[{"@type":"ReadAction","target":["https:\/\/www.siestagarden.com\/produkt\/stol-trojkatny-picnic-6os-z-drewna\/"]}]},{"@type":"ImageObject","inLanguage":"hu","@id":"https:\/\/www.siestagarden.com\/produkt\/stol-trojkatny-picnic-6os-z-drewna\/#primaryimage","url":"https:\/\/www.siestagarden.com\/wp-content\/uploads\/2025\/04\/407-mini-kadr.jpg","contentUrl":"https:\/\/www.siestagarden.com\/wp-content\/uploads\/2025\/04\/407-mini-kadr.jpg","width":537,"height":442},{"@type":"BreadcrumbList","@id":"https:\/\/www.siestagarden.com\/produkt\/stol-trojkatny-picnic-6os-z-drewna\/#breadcrumb","itemListElement":[{"@type":"ListItem","position":1,"name":"Strona g\u0142\u00f3wna","item":"https:\/\/www.siestagarden.com\/"},{"@type":"ListItem","position":2,"name":"Sklep","item":"https:\/\/www.siestagarden.com\/sklep\/"},{"@type":"ListItem","position":3,"name":"St\u00f3\u0142 tr\u00f3jk\u0105tny Picnic 6os. z drewna"}]},{"@type":"WebSite","@id":"https:\/\/www.siestagarden.com\/#website","url":"https:\/\/www.siestagarden.com\/","name":"Siesta Garden","description":"Kerti b\u00fatorok. Magas min\u0151s\u00e9g\u0171 fa kerti b\u00fatorok lengyel gy\u00e1rt\u00f3ja.","potentialAction":[{"@type":"SearchAction","target":{"@type":"EntryPoint","urlTemplate":"https:\/\/www.siestagarden.com\/?s={search_term_string}"},"query-input":{"@type":"PropertyValueSpecification","valueRequired":true,"valueName":"search_term_string"}}],"inLanguage":"hu"}]}},"_links":{"self":[{"href":"https:\/\/www.siestagarden.com\/hu\/wp-json\/wp\/v2\/product\/2767","targetHints":{"allow":["GET"]}}],"collection":[{"href":"https:\/\/www.siestagarden.com\/hu\/wp-json\/wp\/v2\/product"}],"about":[{"href":"https:\/\/www.siestagarden.com\/hu\/wp-json\/wp\/v2\/types\/product"}],"wp:featuredmedia":[{"embeddable":true,"href":"https:\/\/www.siestagarden.com\/hu\/wp-json\/wp\/v2\/media\/2768"}],"wp:attachment":[{"href":"https:\/\/www.siestagarden.com\/hu\/wp-json\/wp\/v2\/media?parent=2767"}],"wp:term":[{"taxonomy":"product_brand","embeddable":true,"href":"https:\/\/www.siestagarden.com\/hu\/wp-json\/wp\/v2\/product_brand?post=2767"},{"taxonomy":"product_cat","embeddable":true,"href":"https:\/\/www.siestagarden.com\/hu\/wp-json\/wp\/v2\/product_cat?post=2767"},{"taxonomy":"product_tag","embeddable":true,"href":"https:\/\/www.siestagarden.com\/hu\/wp-json\/wp\/v2\/product_tag?post=2767"}],"curies":[{"name":"wp","href":"https:\/\/api.w.org\/{rel}","templated":true}]}}