{"id":2822,"date":"2025-04-17T08:05:59","date_gmt":"2025-04-17T06:05:59","guid":{"rendered":"https:\/\/www.siestagarden.com\/?post_type=product&#038;p=2822"},"modified":"2026-02-06T11:44:42","modified_gmt":"2026-02-06T10:44:42","slug":"stol-okragly-o-09-m-brent-6os-picnic-z-drewna","status":"publish","type":"product","link":"https:\/\/www.siestagarden.com\/hu\/termek\/stol-okragly-o-09-m-brent-6os-picnic-z-drewna\/","title":{"rendered":"Kerek asztal \u00d8 0,9 m Brent 6 szem\u00e9lyes piknik fa"},"content":{"rendered":"<p><strong>Brent kerek asztal \u00d8 0,9 m \u2013 6 szem\u00e9lyes fa piknik garnit\u00fara (31 mm)<\/strong><br \/>\n<strong>Kompakt, funkcion\u00e1lis \u00e9s k\u00e9szen \u00e1ll a mindennapi haszn\u00e1latra<\/strong> \u2013 Brent \u00d8 0,9 m asztal a Picnic kollekci\u00f3b\u00f3l kiv\u00e1l\u00f3 megold\u00e1s kis helyis\u00e9gekbe, mint p\u00e9ld\u00e1ul kis <strong>kerti \u00fcl\u0151helyek, teraszok, \u00f3vod\u00e1k, t\u00e1rsalg\u00f3k \u00e9s szabadt\u00e9ri k\u00e1v\u00e9z\u00f3k<\/strong>. A be\u00e9p\u00edtett, k\u00f6r alak\u00fa \u00fcl\u00e9sekkel, \u00edgy <strong>k\u00e9nyelmesen elf\u00e9r 6 f\u0151<\/strong>, helytakar\u00e9koss\u00e1got \u00e9s k\u00e9nyelmes haszn\u00e1latot biztos\u00edtva.<\/p>\n<p><strong>90 cm \u00e1tm\u00e9r\u0151j\u0171 k\u00e1v\u00e9f\u0151z\u0151<\/strong> elegend\u0151 helyet biztos\u00edt <strong>k\u00f6z\u00f6s \u00e9tkez\u00e9s, t\u00e1rsasj\u00e1t\u00e9kok vagy d\u00e9lut\u00e1ni tea<\/strong>. A teljes \u00fcl\u0151fel\u00fclet k\u00f6rbe\u00f6lel\u0151 kialak\u00edt\u00e1s\u00e1nak k\u00f6sz\u00f6nhet\u0151en ez a modell a csal\u00e1di terekbe is t\u00f6k\u00e9letesen illeszkedik \u2013 a gyerekek k\u00e9nyelmesen elf\u00e9rnek a feln\u0151ttek k\u00f6z\u00f6tt.<\/p>\n<p>T\u00f6m\u00f6r <strong>FSC\u00ae feny\u0151fa<\/strong> <strong>31 mm vastag<\/strong>, A Brent asztal a stabilit\u00e1st \u00e9s az eszt\u00e9tik\u00e1t \u00f6tv\u00f6zi a praktikus k\u00f6nnyeds\u00e9ggel, ami megk\u00f6nny\u00edti a b\u00fator szezon\u00e1lis \u00e1trendez\u00e9s\u00e9t.<\/p>\n<p>A f\u00e1t biztons\u00e1gba helyezt\u00e9k <strong>impregn\u00e1l\u00e1s a 3. v\u00e9detts\u00e9gi kateg\u00f3ri\u00e1hoz<\/strong>, mit jelent <strong>es\u0151-, nap- \u00e9s id\u0151j\u00e1r\u00e1s\u00e1ll\u00f3s\u00e1g<\/strong> eg\u00e9sz \u00e9vben.<\/p>\n<p>A modell lapra szerelten (\u00f6ntesztel\u00e9shez) \u00e9rkezik \u2013 minden sz\u00fcks\u00e9ges r\u00f6gz\u00edt\u0151elemet \u00e9s \u00fatmutat\u00f3t tartalmaz.<\/p>\n<p>Legfontosabb jellemz\u0151k:<\/p>\n<p>\u2714\ufe0f <strong>6 szem\u00e9lyre<\/strong> \u2013 k\u00e9nyelmes, kompakt k\u00f6rrendszer<br \/>\n\u2714\ufe0f <strong>Fels\u0151 \u00e1tm\u00e9r\u0151:<\/strong> 90 cm \u00e1tm\u00e9r\u0151<br \/>\n\u2714\ufe0f <strong>31 mm vastag t\u00e1bl\u00e1k<\/strong> \u2013 tart\u00f3ss\u00e1g k\u00f6nny\u0171 szerkezet mellett<br \/>\n\u2714\ufe0f <strong>FSC\u00ae feny\u0151fa<\/strong> \u2013 tan\u00fas\u00edtott, felel\u0151s forr\u00e1sokb\u00f3l<br \/>\n\u2714\ufe0f<strong> Impregn\u00e1l\u00e1s a 3. v\u00e9delmi kateg\u00f3ri\u00e1ig<\/strong> \u2013 eg\u00e9sz \u00e9ves haszn\u00e1lat<br \/>\n\u2714\ufe0f<strong> Horganyzott csavarok \u00e9s foglalatok<\/strong> \u2013 korr\u00f3zi\u00f3\u00e1ll\u00f3s\u00e1g \u00e9s megh\u00fazhat\u00f3s\u00e1g<br \/>\n\u2714\ufe0f <strong>Flat-pack<\/strong> \u2013 k\u00e9nyelmes sz\u00e1ll\u00edt\u00e1s, gyors \u00f6sszeszerel\u00e9s<br \/>\n\u2714\ufe0f <strong>Ide\u00e1lis: kertek, iskol\u00e1k, ny\u00e1ri kerthelyis\u00e9gek, \u00f3vod\u00e1k, teraszok sz\u00e1m\u00e1ra<\/strong><br \/>\nA Brent \u00d8 0,9 m asztal kompakt, ugyanakkor teljesen funkcion\u00e1lis megold\u00e1s, amely ott is meg\u00e1llja a hely\u00e9t, ahol a k\u00f6z\u00f6ss\u00e9gi t\u00e9r \u00e9s a tart\u00f3ss\u00e1g sz\u00e1m\u00edt \u2013 gy\u00f6ny\u00f6r\u0171, term\u00e9szetes megval\u00f3s\u00edt\u00e1sban.<\/p>","protected":false},"excerpt":{"rendered":"<p>St\u00f3\u0142 okr\u0105g\u0142y \u00d8 0,9 m Brent \u2013 6-osobowy zestaw piknikowy z drewna (31 mm) Kompaktowy, funkcjonalny i gotowy do codziennego u\u017cytku \u2013 st\u00f3\u0142 Brent \u00d8 0,9 m z kolekcji Picnic to doskona\u0142e rozwi\u0105zanie do niewielkich przestrzeni, takich jak ma\u0142e ogrody, tarasy, przedszkola, \u015bwietlice czy kawiarnie plenerowe. Dzi\u0119ki zintegrowanym siedziskom w uk\u0142adzie okr\u0119gu, mo\u017ce wygodnie pomie\u015bci\u0107 [&hellip;]<\/p>\n","protected":false},"featured_media":2823,"template":"","meta":{"_acf_changed":false},"product_brand":[],"product_cat":[66],"product_tag":[88],"class_list":{"0":"post-2822","1":"product","2":"type-product","3":"status-publish","4":"has-post-thumbnail","6":"product_cat-stoly-piknikowe","7":"product_tag-kolekcja-picnic","8":"product_shipping_class-podstawowa","10":"first","11":"instock","12":"taxable","13":"shipping-taxable","14":"purchasable","15":"product-type-simple","16":"add-to-wishlist-after_add_to_cart"},"acf":[],"yoast_head":"<!-- This site is optimized with the Yoast SEO plugin v26.6 - https:\/\/yoast.com\/wordpress\/plugins\/seo\/ -->\n<title>St\u00f3\u0142 okr\u0105g\u0142y \u00d8 0,9 m Brent 6os. Picnic z drewna - Siesta Garden<\/title>\n<meta name=\"robots\" content=\"index, follow, max-snippet:-1, max-image-preview:large, max-video-preview:-1\" \/>\n<link rel=\"canonical\" href=\"https:\/\/www.siestagarden.com\/hu\/termek\/stol-okragly-o-09-m-brent-6os-picnic-z-drewna\/\" \/>\n<meta property=\"og:locale\" content=\"hu_HU\" \/>\n<meta property=\"og:type\" content=\"article\" \/>\n<meta property=\"og:title\" content=\"St\u00f3\u0142 okr\u0105g\u0142y \u00d8 0,9 m Brent 6os. Picnic z drewna - Siesta Garden\" \/>\n<meta property=\"og:description\" content=\"St\u00f3\u0142 okr\u0105g\u0142y \u00d8 0,9 m Brent \u2013 6-osobowy zestaw piknikowy z drewna (31 mm) Kompaktowy, funkcjonalny i gotowy do codziennego u\u017cytku \u2013 st\u00f3\u0142 Brent \u00d8 0,9 m z kolekcji Picnic to doskona\u0142e rozwi\u0105zanie do niewielkich przestrzeni, takich jak ma\u0142e ogrody, tarasy, przedszkola, \u015bwietlice czy kawiarnie plenerowe. Dzi\u0119ki zintegrowanym siedziskom w uk\u0142adzie okr\u0119gu, mo\u017ce wygodnie pomie\u015bci\u0107 [&hellip;]\" \/>\n<meta property=\"og:url\" content=\"https:\/\/www.siestagarden.com\/hu\/termek\/stol-okragly-o-09-m-brent-6os-picnic-z-drewna\/\" \/>\n<meta property=\"og:site_name\" content=\"Siesta Garden\" \/>\n<meta property=\"article:modified_time\" content=\"2026-02-06T10:44:42+00:00\" \/>\n<meta property=\"og:image\" content=\"https:\/\/www.siestagarden.com\/wp-content\/uploads\/2025\/04\/IMG_1642.jpg\" \/>\n\t<meta property=\"og:image:width\" content=\"1600\" \/>\n\t<meta property=\"og:image:height\" content=\"1067\" \/>\n\t<meta property=\"og:image:type\" content=\"image\/jpeg\" \/>\n<meta name=\"twitter:card\" content=\"summary_large_image\" \/>\n<meta name=\"twitter:label1\" content=\"Becs\u00fclt olvas\u00e1si id\u0151\" \/>\n\t<meta name=\"twitter:data1\" content=\"2 perc\" \/>\n<script type=\"application\/ld+json\" class=\"yoast-schema-graph\">{\"@context\":\"https:\/\/schema.org\",\"@graph\":[{\"@type\":\"WebPage\",\"@id\":\"https:\/\/www.siestagarden.com\/produkt\/stol-okragly-o-09-m-brent-6os-picnic-z-drewna\/\",\"url\":\"https:\/\/www.siestagarden.com\/produkt\/stol-okragly-o-09-m-brent-6os-picnic-z-drewna\/\",\"name\":\"St\u00f3\u0142 okr\u0105g\u0142y \u00d8 0,9 m Brent 6os. Picnic z drewna - Siesta Garden\",\"isPartOf\":{\"@id\":\"https:\/\/www.siestagarden.com\/#website\"},\"primaryImageOfPage\":{\"@id\":\"https:\/\/www.siestagarden.com\/produkt\/stol-okragly-o-09-m-brent-6os-picnic-z-drewna\/#primaryimage\"},\"image\":{\"@id\":\"https:\/\/www.siestagarden.com\/produkt\/stol-okragly-o-09-m-brent-6os-picnic-z-drewna\/#primaryimage\"},\"thumbnailUrl\":\"https:\/\/www.siestagarden.com\/wp-content\/uploads\/2025\/04\/IMG_1642.jpg\",\"datePublished\":\"2025-04-17T06:05:59+00:00\",\"dateModified\":\"2026-02-06T10:44:42+00:00\",\"breadcrumb\":{\"@id\":\"https:\/\/www.siestagarden.com\/produkt\/stol-okragly-o-09-m-brent-6os-picnic-z-drewna\/#breadcrumb\"},\"inLanguage\":\"hu\",\"potentialAction\":[{\"@type\":\"ReadAction\",\"target\":[\"https:\/\/www.siestagarden.com\/produkt\/stol-okragly-o-09-m-brent-6os-picnic-z-drewna\/\"]}]},{\"@type\":\"ImageObject\",\"inLanguage\":\"hu\",\"@id\":\"https:\/\/www.siestagarden.com\/produkt\/stol-okragly-o-09-m-brent-6os-picnic-z-drewna\/#primaryimage\",\"url\":\"https:\/\/www.siestagarden.com\/wp-content\/uploads\/2025\/04\/IMG_1642.jpg\",\"contentUrl\":\"https:\/\/www.siestagarden.com\/wp-content\/uploads\/2025\/04\/IMG_1642.jpg\",\"width\":1600,\"height\":1067},{\"@type\":\"BreadcrumbList\",\"@id\":\"https:\/\/www.siestagarden.com\/produkt\/stol-okragly-o-09-m-brent-6os-picnic-z-drewna\/#breadcrumb\",\"itemListElement\":[{\"@type\":\"ListItem\",\"position\":1,\"name\":\"Strona g\u0142\u00f3wna\",\"item\":\"https:\/\/www.siestagarden.com\/\"},{\"@type\":\"ListItem\",\"position\":2,\"name\":\"Sklep\",\"item\":\"https:\/\/www.siestagarden.com\/sklep\/\"},{\"@type\":\"ListItem\",\"position\":3,\"name\":\"St\u00f3\u0142 okr\u0105g\u0142y \u00d8 0,9 m Brent 6os. Picnic z drewna\"}]},{\"@type\":\"WebSite\",\"@id\":\"https:\/\/www.siestagarden.com\/#website\",\"url\":\"https:\/\/www.siestagarden.com\/\",\"name\":\"Siesta Garden\",\"description\":\"Meble do Twojego ogrodu. Polski producent drewnianych mebli najwy\u017cszej jako\u015bci.\",\"potentialAction\":[{\"@type\":\"SearchAction\",\"target\":{\"@type\":\"EntryPoint\",\"urlTemplate\":\"https:\/\/www.siestagarden.com\/?s={search_term_string}\"},\"query-input\":{\"@type\":\"PropertyValueSpecification\",\"valueRequired\":true,\"valueName\":\"search_term_string\"}}],\"inLanguage\":\"hu\"}]}<\/script>\n<!-- \/ Yoast SEO plugin. -->","yoast_head_json":{"title":"St\u00f3\u0142 okr\u0105g\u0142y \u00d8 0,9 m Brent 6os. Picnic z drewna - Siesta Garden","robots":{"index":"index","follow":"follow","max-snippet":"max-snippet:-1","max-image-preview":"max-image-preview:large","max-video-preview":"max-video-preview:-1"},"canonical":"https:\/\/www.siestagarden.com\/hu\/termek\/stol-okragly-o-09-m-brent-6os-picnic-z-drewna\/","og_locale":"hu_HU","og_type":"article","og_title":"St\u00f3\u0142 okr\u0105g\u0142y \u00d8 0,9 m Brent 6os. Picnic z drewna - Siesta Garden","og_description":"St\u00f3\u0142 okr\u0105g\u0142y \u00d8 0,9 m Brent \u2013 6-osobowy zestaw piknikowy z drewna (31 mm) Kompaktowy, funkcjonalny i gotowy do codziennego u\u017cytku \u2013 st\u00f3\u0142 Brent \u00d8 0,9 m z kolekcji Picnic to doskona\u0142e rozwi\u0105zanie do niewielkich przestrzeni, takich jak ma\u0142e ogrody, tarasy, przedszkola, \u015bwietlice czy kawiarnie plenerowe. Dzi\u0119ki zintegrowanym siedziskom w uk\u0142adzie okr\u0119gu, mo\u017ce wygodnie pomie\u015bci\u0107 [&hellip;]","og_url":"https:\/\/www.siestagarden.com\/hu\/termek\/stol-okragly-o-09-m-brent-6os-picnic-z-drewna\/","og_site_name":"Siesta Garden","article_modified_time":"2026-02-06T10:44:42+00:00","og_image":[{"width":1600,"height":1067,"url":"https:\/\/www.siestagarden.com\/wp-content\/uploads\/2025\/04\/IMG_1642.jpg","type":"image\/jpeg"}],"twitter_card":"summary_large_image","twitter_misc":{"Becs\u00fclt olvas\u00e1si id\u0151":"2 perc"},"schema":{"@context":"https:\/\/schema.org","@graph":[{"@type":"WebPage","@id":"https:\/\/www.siestagarden.com\/produkt\/stol-okragly-o-09-m-brent-6os-picnic-z-drewna\/","url":"https:\/\/www.siestagarden.com\/produkt\/stol-okragly-o-09-m-brent-6os-picnic-z-drewna\/","name":"St\u00f3\u0142 okr\u0105g\u0142y \u00d8 0,9 m Brent 6os. Picnic z drewna - Siesta Garden","isPartOf":{"@id":"https:\/\/www.siestagarden.com\/#website"},"primaryImageOfPage":{"@id":"https:\/\/www.siestagarden.com\/produkt\/stol-okragly-o-09-m-brent-6os-picnic-z-drewna\/#primaryimage"},"image":{"@id":"https:\/\/www.siestagarden.com\/produkt\/stol-okragly-o-09-m-brent-6os-picnic-z-drewna\/#primaryimage"},"thumbnailUrl":"https:\/\/www.siestagarden.com\/wp-content\/uploads\/2025\/04\/IMG_1642.jpg","datePublished":"2025-04-17T06:05:59+00:00","dateModified":"2026-02-06T10:44:42+00:00","breadcrumb":{"@id":"https:\/\/www.siestagarden.com\/produkt\/stol-okragly-o-09-m-brent-6os-picnic-z-drewna\/#breadcrumb"},"inLanguage":"hu","potentialAction":[{"@type":"ReadAction","target":["https:\/\/www.siestagarden.com\/produkt\/stol-okragly-o-09-m-brent-6os-picnic-z-drewna\/"]}]},{"@type":"ImageObject","inLanguage":"hu","@id":"https:\/\/www.siestagarden.com\/produkt\/stol-okragly-o-09-m-brent-6os-picnic-z-drewna\/#primaryimage","url":"https:\/\/www.siestagarden.com\/wp-content\/uploads\/2025\/04\/IMG_1642.jpg","contentUrl":"https:\/\/www.siestagarden.com\/wp-content\/uploads\/2025\/04\/IMG_1642.jpg","width":1600,"height":1067},{"@type":"BreadcrumbList","@id":"https:\/\/www.siestagarden.com\/produkt\/stol-okragly-o-09-m-brent-6os-picnic-z-drewna\/#breadcrumb","itemListElement":[{"@type":"ListItem","position":1,"name":"Strona g\u0142\u00f3wna","item":"https:\/\/www.siestagarden.com\/"},{"@type":"ListItem","position":2,"name":"Sklep","item":"https:\/\/www.siestagarden.com\/sklep\/"},{"@type":"ListItem","position":3,"name":"St\u00f3\u0142 okr\u0105g\u0142y \u00d8 0,9 m Brent 6os. Picnic z drewna"}]},{"@type":"WebSite","@id":"https:\/\/www.siestagarden.com\/#website","url":"https:\/\/www.siestagarden.com\/","name":"Siesta Garden","description":"Kerti b\u00fatorok. Magas min\u0151s\u00e9g\u0171 fa kerti b\u00fatorok lengyel gy\u00e1rt\u00f3ja.","potentialAction":[{"@type":"SearchAction","target":{"@type":"EntryPoint","urlTemplate":"https:\/\/www.siestagarden.com\/?s={search_term_string}"},"query-input":{"@type":"PropertyValueSpecification","valueRequired":true,"valueName":"search_term_string"}}],"inLanguage":"hu"}]}},"_links":{"self":[{"href":"https:\/\/www.siestagarden.com\/hu\/wp-json\/wp\/v2\/product\/2822","targetHints":{"allow":["GET"]}}],"collection":[{"href":"https:\/\/www.siestagarden.com\/hu\/wp-json\/wp\/v2\/product"}],"about":[{"href":"https:\/\/www.siestagarden.com\/hu\/wp-json\/wp\/v2\/types\/product"}],"wp:featuredmedia":[{"embeddable":true,"href":"https:\/\/www.siestagarden.com\/hu\/wp-json\/wp\/v2\/media\/2823"}],"wp:attachment":[{"href":"https:\/\/www.siestagarden.com\/hu\/wp-json\/wp\/v2\/media?parent=2822"}],"wp:term":[{"taxonomy":"product_brand","embeddable":true,"href":"https:\/\/www.siestagarden.com\/hu\/wp-json\/wp\/v2\/product_brand?post=2822"},{"taxonomy":"product_cat","embeddable":true,"href":"https:\/\/www.siestagarden.com\/hu\/wp-json\/wp\/v2\/product_cat?post=2822"},{"taxonomy":"product_tag","embeddable":true,"href":"https:\/\/www.siestagarden.com\/hu\/wp-json\/wp\/v2\/product_tag?post=2822"}],"curies":[{"name":"wp","href":"https:\/\/api.w.org\/{rel}","templated":true}]}}