{"id":2859,"date":"2025-04-17T12:01:56","date_gmt":"2025-04-17T10:01:56","guid":{"rendered":"https:\/\/www.siestagarden.com\/?post_type=product&#038;p=2859"},"modified":"2026-03-03T07:54:17","modified_gmt":"2026-03-03T06:54:17","slug":"stol-osmiokatny-picnic","status":"publish","type":"product","link":"https:\/\/www.siestagarden.com\/hu\/termek\/stol-osmiokatny-picnic\/","title":{"rendered":"Nyolcsz\u00f6glet\u0171 \"Picnic\" faasztal"},"content":{"rendered":"<p><strong>Nyolcsz\u00f6glet\u0171 Picnic asztal \u2013 K\u00f6z\u00f6s j\u00e1t\u00e9k \u00e9s tanul\u00e1s tere a gyerekeknek<\/strong><br \/>\n<strong>Nyolcsz\u00f6glet\u0171 piknikasztal<\/strong> ez egy praktikus \u00e9s eszt\u00e9tikus megold\u00e1s, amelyet a legkisebb felhaszn\u00e1l\u00f3k szem el\u0151tt tart\u00e1s\u00e1val hoztak l\u00e9tre. A be\u00e9p\u00edtett \u00fcl\u00e9sekkel k\u00f6r\u00fclvett, hatsz\u00f6glet\u0171 asztallapnak k\u00f6sz\u00f6nhet\u0151en, <strong>Az asztal 8 gyermek sz\u00e1m\u00e1ra alkalmas.<\/strong>, biztos\u00edtva nekik<strong> k\u00e9nyelmes \u00e9s biztons\u00e1gos hely<\/strong> k\u00f6z\u00f6s tev\u00e9kenys\u00e9gekre - <strong>rajzol\u00e1s, j\u00e1t\u00e9k, ev\u00e9s vagy a szabadban val\u00f3 besz\u00e9lget\u00e9s.<\/strong><\/p>\n<p>Ez a t\u00f6k\u00e9letes v\u00e1laszt\u00e1s <strong>kert, \u00f3voda, j\u00e1tsz\u00f3t\u00e9r vagy nyaral\u00f3<\/strong>. A stabil szerkezet \u00e9s az \u00e1tgondolt forma kedvez a <strong>integr\u00e1ci\u00f3 \u00e9s szoci\u00e1lis k\u00e9szs\u00e9gek fejleszt\u00e9se<\/strong>.<\/p>\n<p>T\u00f6m\u00f6r feny\u0151f\u00e1b\u00f3l k\u00e9sz\u00fclt <strong>FSC\u00ae tan\u00fas\u00edtv\u00e1nnyal<\/strong>, a b\u00fatort lefoglalt\u00e1k <strong>impregn\u00e1l\u00e1s a 3. v\u00e9detts\u00e9gi kateg\u00f3ri\u00e1hoz<\/strong> \u2013 ami biztos\u00edtja sz\u00e1m\u00e1ra <strong>Id\u0151j\u00e1r\u00e1s\u00e1ll\u00f3 \u00e9s eg\u00e9sz \u00e9ves k\u00fclt\u00e9ri haszn\u00e1latot tesz lehet\u0151v\u00e9.<\/strong><\/p>\n<p>Legfontosabb jellemz\u0151k:<\/p>\n<p>\u2714\ufe0f <strong>Nyolcsz\u00f6glet\u0171 asztallap<\/strong> \u2013 ergonomikus \u00e9s ide\u00e1lis k\u00f6z\u00f6s j\u00e1t\u00e9khoz<br \/>\n\u2714\ufe0f<strong> Integr\u00e1lt \u00fcl\u00e9sek<\/strong> \u2013 biztons\u00e1gos \u00e9s k\u00e9nyelmes gyermekek sz\u00e1m\u00e1ra<br \/>\n\u2714\ufe0f <strong>8 gyermek sz\u00e1ll\u00edt\u00e1s\u00e1ra alkalmas<\/strong> \u2013 ide\u00e1lis kis csoportoknak<br \/>\n\u2714\ufe0f<strong> FSC\u00ae feny\u0151fa<\/strong> \u2013 tart\u00f3ss\u00e1g \u00e9s felel\u0151s eredet\u0171 nyersanyag<br \/>\n\u2714\ufe0f <strong>Impregn\u00e1l\u00e1s a 3. v\u00e9delmi kateg\u00f3ri\u00e1ig<\/strong> \u2013 nap ellen\u00e1ll\u00f3s\u00e1g, es\u0151 \u00e9s p\u00e1ra<br \/>\n\u2714\ufe0f<strong> Kertbe, j\u00e1tsz\u00f3t\u00e9rre, teraszra vagy oktat\u00e1si c\u00e9l\u00fa terekre<\/strong><br \/>\n\u2714\ufe0f <strong>Stabil, alacsony fel\u00e9p\u00edt\u00e9s<\/strong> \u2013 haszn\u00e1lati k\u00e9nyelem \u00e9s biztons\u00e1g<br \/>\nA Piknik nyolcsz\u00f6glet\u0171 asztal a gyermekek kreativit\u00e1s\u00e1nak \u00e9s integr\u00e1ci\u00f3j\u00e1nak k\u00f6zpontja \u2013 praktikus, tart\u00f3s \u00e9s biztons\u00e1gos j\u00e1t\u00e9kra tervezett, b\u00e1rmilyen k\u00fclt\u00e9ri t\u00e9rben.<\/p>","protected":false},"excerpt":{"rendered":"<p>St\u00f3\u0142 o\u015bmiok\u0105tny Picnic \u2013 Przestrze\u0144 do wsp\u00f3lnej zabawy i nauki dla dzieci St\u00f3\u0142 o\u015bmiok\u0105tny Picnic to praktyczne i estetyczne rozwi\u0105zanie stworzone z my\u015bl\u0105 o najm\u0142odszych u\u017cytkownikach. Dzi\u0119ki o\u015bmiok\u0105tnemu blatowi otoczonemu zintegrowanymi siedziskami, st\u00f3\u0142 mo\u017ce pomie\u015bci\u0107 do 8 dzieci, zapewniaj\u0105c im wygodne i bezpieczne miejsce do wsp\u00f3lnych aktywno\u015bci \u2013 rysowania, zabawy, jedzenia czy rozm\u00f3w na \u015bwie\u017cym [&hellip;]<\/p>\n","protected":false},"featured_media":2860,"template":"","meta":{"_acf_changed":false},"product_brand":[],"product_cat":[66],"product_tag":[88],"class_list":{"0":"post-2859","1":"product","2":"type-product","3":"status-publish","4":"has-post-thumbnail","6":"product_cat-stoly-piknikowe","7":"product_tag-kolekcja-picnic","8":"product_shipping_class-podstawowa","10":"first","11":"onbackorder","12":"taxable","13":"shipping-taxable","14":"purchasable","15":"product-type-simple","16":"add-to-wishlist-after_add_to_cart"},"acf":[],"yoast_head":"<!-- This site is optimized with the Yoast SEO plugin v26.6 - https:\/\/yoast.com\/wordpress\/plugins\/seo\/ -->\n<title>St\u00f3\u0142 o\u015bmiok\u0105tny Picnic z drewna - Siesta Garden<\/title>\n<meta name=\"robots\" content=\"index, follow, max-snippet:-1, max-image-preview:large, max-video-preview:-1\" \/>\n<link rel=\"canonical\" href=\"https:\/\/www.siestagarden.com\/hu\/termek\/stol-osmiokatny-picnic\/\" \/>\n<meta property=\"og:locale\" content=\"hu_HU\" \/>\n<meta property=\"og:type\" content=\"article\" \/>\n<meta property=\"og:title\" content=\"St\u00f3\u0142 o\u015bmiok\u0105tny Picnic z drewna - Siesta Garden\" \/>\n<meta property=\"og:description\" content=\"St\u00f3\u0142 o\u015bmiok\u0105tny Picnic \u2013 Przestrze\u0144 do wsp\u00f3lnej zabawy i nauki dla dzieci St\u00f3\u0142 o\u015bmiok\u0105tny Picnic to praktyczne i estetyczne rozwi\u0105zanie stworzone z my\u015bl\u0105 o najm\u0142odszych u\u017cytkownikach. Dzi\u0119ki o\u015bmiok\u0105tnemu blatowi otoczonemu zintegrowanymi siedziskami, st\u00f3\u0142 mo\u017ce pomie\u015bci\u0107 do 8 dzieci, zapewniaj\u0105c im wygodne i bezpieczne miejsce do wsp\u00f3lnych aktywno\u015bci \u2013 rysowania, zabawy, jedzenia czy rozm\u00f3w na \u015bwie\u017cym [&hellip;]\" \/>\n<meta property=\"og:url\" content=\"https:\/\/www.siestagarden.com\/hu\/termek\/stol-osmiokatny-picnic\/\" \/>\n<meta property=\"og:site_name\" content=\"Siesta Garden\" \/>\n<meta property=\"article:modified_time\" content=\"2026-03-03T06:54:17+00:00\" \/>\n<meta property=\"og:image\" content=\"https:\/\/www.siestagarden.com\/wp-content\/uploads\/2025\/04\/IMG_1279-scaled.jpg\" \/>\n\t<meta property=\"og:image:width\" content=\"2560\" \/>\n\t<meta property=\"og:image:height\" content=\"1707\" \/>\n\t<meta property=\"og:image:type\" content=\"image\/jpeg\" \/>\n<meta name=\"twitter:card\" content=\"summary_large_image\" \/>\n<meta name=\"twitter:label1\" content=\"Becs\u00fclt olvas\u00e1si id\u0151\" \/>\n\t<meta name=\"twitter:data1\" content=\"2 perc\" \/>\n<script type=\"application\/ld+json\" class=\"yoast-schema-graph\">{\"@context\":\"https:\/\/schema.org\",\"@graph\":[{\"@type\":\"WebPage\",\"@id\":\"https:\/\/www.siestagarden.com\/produkt\/stol-osmiokatny-picnic\/\",\"url\":\"https:\/\/www.siestagarden.com\/produkt\/stol-osmiokatny-picnic\/\",\"name\":\"St\u00f3\u0142 o\u015bmiok\u0105tny Picnic z drewna - Siesta Garden\",\"isPartOf\":{\"@id\":\"https:\/\/www.siestagarden.com\/#website\"},\"primaryImageOfPage\":{\"@id\":\"https:\/\/www.siestagarden.com\/produkt\/stol-osmiokatny-picnic\/#primaryimage\"},\"image\":{\"@id\":\"https:\/\/www.siestagarden.com\/produkt\/stol-osmiokatny-picnic\/#primaryimage\"},\"thumbnailUrl\":\"https:\/\/www.siestagarden.com\/wp-content\/uploads\/2025\/04\/IMG_1279-scaled.jpg\",\"datePublished\":\"2025-04-17T10:01:56+00:00\",\"dateModified\":\"2026-03-03T06:54:17+00:00\",\"breadcrumb\":{\"@id\":\"https:\/\/www.siestagarden.com\/produkt\/stol-osmiokatny-picnic\/#breadcrumb\"},\"inLanguage\":\"hu\",\"potentialAction\":[{\"@type\":\"ReadAction\",\"target\":[\"https:\/\/www.siestagarden.com\/produkt\/stol-osmiokatny-picnic\/\"]}]},{\"@type\":\"ImageObject\",\"inLanguage\":\"hu\",\"@id\":\"https:\/\/www.siestagarden.com\/produkt\/stol-osmiokatny-picnic\/#primaryimage\",\"url\":\"https:\/\/www.siestagarden.com\/wp-content\/uploads\/2025\/04\/IMG_1279-scaled.jpg\",\"contentUrl\":\"https:\/\/www.siestagarden.com\/wp-content\/uploads\/2025\/04\/IMG_1279-scaled.jpg\",\"width\":2560,\"height\":1707},{\"@type\":\"BreadcrumbList\",\"@id\":\"https:\/\/www.siestagarden.com\/produkt\/stol-osmiokatny-picnic\/#breadcrumb\",\"itemListElement\":[{\"@type\":\"ListItem\",\"position\":1,\"name\":\"Strona g\u0142\u00f3wna\",\"item\":\"https:\/\/www.siestagarden.com\/\"},{\"@type\":\"ListItem\",\"position\":2,\"name\":\"Sklep\",\"item\":\"https:\/\/www.siestagarden.com\/sklep\/\"},{\"@type\":\"ListItem\",\"position\":3,\"name\":\"St\u00f3\u0142 o\u015bmiok\u0105tny Picnic z drewna\"}]},{\"@type\":\"WebSite\",\"@id\":\"https:\/\/www.siestagarden.com\/#website\",\"url\":\"https:\/\/www.siestagarden.com\/\",\"name\":\"Siesta Garden\",\"description\":\"Meble do Twojego ogrodu. Polski producent drewnianych mebli najwy\u017cszej jako\u015bci.\",\"potentialAction\":[{\"@type\":\"SearchAction\",\"target\":{\"@type\":\"EntryPoint\",\"urlTemplate\":\"https:\/\/www.siestagarden.com\/?s={search_term_string}\"},\"query-input\":{\"@type\":\"PropertyValueSpecification\",\"valueRequired\":true,\"valueName\":\"search_term_string\"}}],\"inLanguage\":\"hu\"}]}<\/script>\n<!-- \/ Yoast SEO plugin. -->","yoast_head_json":{"title":"St\u00f3\u0142 o\u015bmiok\u0105tny Picnic z drewna - Siesta Garden","robots":{"index":"index","follow":"follow","max-snippet":"max-snippet:-1","max-image-preview":"max-image-preview:large","max-video-preview":"max-video-preview:-1"},"canonical":"https:\/\/www.siestagarden.com\/hu\/termek\/stol-osmiokatny-picnic\/","og_locale":"hu_HU","og_type":"article","og_title":"St\u00f3\u0142 o\u015bmiok\u0105tny Picnic z drewna - Siesta Garden","og_description":"St\u00f3\u0142 o\u015bmiok\u0105tny Picnic \u2013 Przestrze\u0144 do wsp\u00f3lnej zabawy i nauki dla dzieci St\u00f3\u0142 o\u015bmiok\u0105tny Picnic to praktyczne i estetyczne rozwi\u0105zanie stworzone z my\u015bl\u0105 o najm\u0142odszych u\u017cytkownikach. Dzi\u0119ki o\u015bmiok\u0105tnemu blatowi otoczonemu zintegrowanymi siedziskami, st\u00f3\u0142 mo\u017ce pomie\u015bci\u0107 do 8 dzieci, zapewniaj\u0105c im wygodne i bezpieczne miejsce do wsp\u00f3lnych aktywno\u015bci \u2013 rysowania, zabawy, jedzenia czy rozm\u00f3w na \u015bwie\u017cym [&hellip;]","og_url":"https:\/\/www.siestagarden.com\/hu\/termek\/stol-osmiokatny-picnic\/","og_site_name":"Siesta Garden","article_modified_time":"2026-03-03T06:54:17+00:00","og_image":[{"width":2560,"height":1707,"url":"https:\/\/www.siestagarden.com\/wp-content\/uploads\/2025\/04\/IMG_1279-scaled.jpg","type":"image\/jpeg"}],"twitter_card":"summary_large_image","twitter_misc":{"Becs\u00fclt olvas\u00e1si id\u0151":"2 perc"},"schema":{"@context":"https:\/\/schema.org","@graph":[{"@type":"WebPage","@id":"https:\/\/www.siestagarden.com\/produkt\/stol-osmiokatny-picnic\/","url":"https:\/\/www.siestagarden.com\/produkt\/stol-osmiokatny-picnic\/","name":"St\u00f3\u0142 o\u015bmiok\u0105tny Picnic z drewna - Siesta Garden","isPartOf":{"@id":"https:\/\/www.siestagarden.com\/#website"},"primaryImageOfPage":{"@id":"https:\/\/www.siestagarden.com\/produkt\/stol-osmiokatny-picnic\/#primaryimage"},"image":{"@id":"https:\/\/www.siestagarden.com\/produkt\/stol-osmiokatny-picnic\/#primaryimage"},"thumbnailUrl":"https:\/\/www.siestagarden.com\/wp-content\/uploads\/2025\/04\/IMG_1279-scaled.jpg","datePublished":"2025-04-17T10:01:56+00:00","dateModified":"2026-03-03T06:54:17+00:00","breadcrumb":{"@id":"https:\/\/www.siestagarden.com\/produkt\/stol-osmiokatny-picnic\/#breadcrumb"},"inLanguage":"hu","potentialAction":[{"@type":"ReadAction","target":["https:\/\/www.siestagarden.com\/produkt\/stol-osmiokatny-picnic\/"]}]},{"@type":"ImageObject","inLanguage":"hu","@id":"https:\/\/www.siestagarden.com\/produkt\/stol-osmiokatny-picnic\/#primaryimage","url":"https:\/\/www.siestagarden.com\/wp-content\/uploads\/2025\/04\/IMG_1279-scaled.jpg","contentUrl":"https:\/\/www.siestagarden.com\/wp-content\/uploads\/2025\/04\/IMG_1279-scaled.jpg","width":2560,"height":1707},{"@type":"BreadcrumbList","@id":"https:\/\/www.siestagarden.com\/produkt\/stol-osmiokatny-picnic\/#breadcrumb","itemListElement":[{"@type":"ListItem","position":1,"name":"Strona g\u0142\u00f3wna","item":"https:\/\/www.siestagarden.com\/"},{"@type":"ListItem","position":2,"name":"Sklep","item":"https:\/\/www.siestagarden.com\/sklep\/"},{"@type":"ListItem","position":3,"name":"St\u00f3\u0142 o\u015bmiok\u0105tny Picnic z drewna"}]},{"@type":"WebSite","@id":"https:\/\/www.siestagarden.com\/#website","url":"https:\/\/www.siestagarden.com\/","name":"Siesta Garden","description":"Kerti b\u00fatorok. Magas min\u0151s\u00e9g\u0171 fa kerti b\u00fatorok lengyel gy\u00e1rt\u00f3ja.","potentialAction":[{"@type":"SearchAction","target":{"@type":"EntryPoint","urlTemplate":"https:\/\/www.siestagarden.com\/?s={search_term_string}"},"query-input":{"@type":"PropertyValueSpecification","valueRequired":true,"valueName":"search_term_string"}}],"inLanguage":"hu"}]}},"_links":{"self":[{"href":"https:\/\/www.siestagarden.com\/hu\/wp-json\/wp\/v2\/product\/2859","targetHints":{"allow":["GET"]}}],"collection":[{"href":"https:\/\/www.siestagarden.com\/hu\/wp-json\/wp\/v2\/product"}],"about":[{"href":"https:\/\/www.siestagarden.com\/hu\/wp-json\/wp\/v2\/types\/product"}],"wp:featuredmedia":[{"embeddable":true,"href":"https:\/\/www.siestagarden.com\/hu\/wp-json\/wp\/v2\/media\/2860"}],"wp:attachment":[{"href":"https:\/\/www.siestagarden.com\/hu\/wp-json\/wp\/v2\/media?parent=2859"}],"wp:term":[{"taxonomy":"product_brand","embeddable":true,"href":"https:\/\/www.siestagarden.com\/hu\/wp-json\/wp\/v2\/product_brand?post=2859"},{"taxonomy":"product_cat","embeddable":true,"href":"https:\/\/www.siestagarden.com\/hu\/wp-json\/wp\/v2\/product_cat?post=2859"},{"taxonomy":"product_tag","embeddable":true,"href":"https:\/\/www.siestagarden.com\/hu\/wp-json\/wp\/v2\/product_tag?post=2859"}],"curies":[{"name":"wp","href":"https:\/\/api.w.org\/{rel}","templated":true}]}}