{"id":2874,"date":"2025-04-18T10:28:39","date_gmt":"2025-04-18T08:28:39","guid":{"rendered":"https:\/\/www.siestagarden.com\/?post_type=product&#038;p=2874"},"modified":"2026-01-27T12:33:01","modified_gmt":"2026-01-27T11:33:01","slug":"zestaw-ogrodowy-18m-skandynawska-weranda-z-drewna","status":"publish","type":"product","link":"https:\/\/www.siestagarden.com\/hu\/termek\/zestaw-ogrodowy-18m-skandynawska-weranda-z-drewna\/","title":{"rendered":"1,8m Skandin\u00e1v Veranda kerti garnit\u00fara f\u00e1b\u00f3l"},"content":{"rendered":"<p class=\"\" data-start=\"248\" data-end=\"323\"><strong data-start=\"248\" data-end=\"323\">Skandin\u00e1v Veranda \u2013 szett: nyugalom, f\u00e9ny \u00e9s funkcion\u00e1lis elegancia<\/strong><\/p>\n<p class=\"\" data-start=\"325\" data-end=\"563\">N\u00e9ha el\u00e9g <strong>terasz \u00e9s teljes b\u00fatorzat, hogy olyan helyet teremts, ahov\u00e1 mindig vissza akarsz t\u00e9rni<\/strong>. A Skandin\u00e1v Veranda szett azoknak sz\u00f3l, akik \u00e9rt\u00e9kelik <strong>tiszta forma, term\u00e9szetes anyagok \u00e9s a mindennapi k\u00e9nyelem a legjobb min\u0151s\u00e9gben.<\/strong><\/p>\n<p class=\"\" data-start=\"565\" data-end=\"589\">A k\u00e9szlet tartalma:<\/p>\n<ul data-start=\"590\" data-end=\"666\">\n<li class=\"\" data-start=\"590\" data-end=\"615\">\n<p class=\"\" data-start=\"592\" data-end=\"615\"><strong>1,8 m hossz\u00fa asztal<\/strong><\/p>\n<\/li>\n<li class=\"\" data-start=\"616\" data-end=\"666\">\n<p class=\"\" data-start=\"618\" data-end=\"666\"><strong>K\u00e9t t\u00e1mla n\u00e9lk\u00fcli pad, szint\u00e9n 1,8 m hossz\u00fa<\/strong><\/p>\n<\/li>\n<\/ul>\n<p class=\"\" data-start=\"668\" data-end=\"981\">A k\u00e9szlet a kollekci\u00f3 jellegzetes kivitel\u00e9ben k\u00e9sz\u00fclt \u2013 vil\u00e1gossz\u00fcrke laz\u00far \u00e1rnyalatban, ami<strong> finoman vil\u00e1gos\u00edtja a f\u00e1t,<\/strong> hangs\u00falyozva az \u0151 <strong>term\u00e9szetes strukt\u00far\u00e1t \u00e9s szat\u00e9nf\u00e9nyt k\u00f6lcs\u00f6n\u00f6z neki<\/strong>. Ez a sz\u00edn a szabadt\u00e9ri \u00e9letre sz\u00fcletett \u2013 t\u00f6k\u00e9letesen <strong>term\u00e9szettel, f\u00e9nnyel \u00e9s modern \u00e9p\u00edt\u00e9szettel \u00f6sszhangban<\/strong>.<\/p>\n<p class=\"\" data-start=\"983\" data-end=\"1174\">Minden elem k\u00e9sz\u00fclt<strong> FSC\u00ae tan\u00fas\u00edtv\u00e1nnyal rendelkez\u0151 k\u00f6nny\u0171 fa<\/strong> \u00e9s dekorat\u00edv impregn\u00e1l\u00e1ssal vannak ell\u00e1tva, amelyek \u00f6tv\u00f6zik az eszt\u00e9tikai \u00e9rt\u00e9keket a tart\u00f3s id\u0151j\u00e1r\u00e1s elleni v\u00e9delemmel.<\/p>\n<p class=\"\" data-start=\"1176\" data-end=\"1528\">\u2714\ufe0f <strong>K\u00e9szlet: asztal + 2 pad<\/strong> \u2013 k\u00e9sz megold\u00e1s teraszra vagy kertbe<br data-start=\"1246\" data-end=\"1249\" \/>\u2714\ufe0f <strong>Kivitel: vil\u00e1gossz\u00fcrke laz\u00far<\/strong> \u2013 frissess\u00e9g \u00e9s elegancia<br data-start=\"1304\" data-end=\"1307\" \/>\u2714\ufe0f <strong>Hossz: 1,8 m<\/strong> \u2013 ide\u00e1lis csal\u00e1di \u00e9tkez\u00e9sekhez \u00e9s nagyobb \u00f6sszej\u00f6vetelekhez<br data-start=\"1384\" data-end=\"1387\" \/>\u2714\ufe0f <strong>Egyszer\u0171 forma<\/strong> \u2013 id\u0151tlen st\u00edlus, skandin\u00e1v diz\u00e1jn ihlet\u00e9s\u00e9vel<br data-start=\"1457\" data-end=\"1460\" \/>\u2714\ufe0f <strong>FSC\u00ae fa<\/strong> \u2013 tart\u00f3ss\u00e1g \u00e9s felel\u0151s hozz\u00e1\u00e1ll\u00e1s a k\u00f6rnyezethez<\/p>\n<p class=\"\" data-start=\"1530\" data-end=\"1652\">A \u201eSkandin\u00e1v Veranda\u201d k\u00e9szlet egy olyan teret hoz l\u00e9tre, ahol a term\u00e9szet, a f\u00e9ny \u00e9s a mindennapi \u00e9let t\u00f6k\u00e9letes harm\u00f3ni\u00e1ban tal\u00e1lkozik.<\/p>","protected":false},"excerpt":{"rendered":"<p>Skandynawska Weranda \u2013 zestaw: spok\u00f3j, \u015bwiat\u0142o i funkcjonalna elegancja Czasem wystarczy taras i komplet mebli, by stworzy\u0107 miejsce, do kt\u00f3rego zawsze chcesz wraca\u0107. Zestaw Skandynawska Weranda to propozycja dla tych, kt\u00f3rzy ceni\u0105 czysto\u015b\u0107 formy, naturalne materia\u0142y i codzienny komfort w najlepszym wydaniu. W sk\u0142ad zestawu wchodz\u0105: St\u00f3\u0142 o d\u0142ugo\u015bci 1,8 m Dwie \u0142awki bez oparcia, [&hellip;]<\/p>\n","protected":false},"featured_media":1700,"template":"","meta":{"_acf_changed":false},"product_brand":[],"product_cat":[80],"product_tag":[89],"class_list":{"0":"post-2874","1":"product","2":"type-product","3":"status-publish","4":"has-post-thumbnail","6":"product_cat-zestawy","7":"product_tag-kolekcja-skandynawska-weranda","8":"product_shipping_class-podstawowa","10":"first","11":"instock","12":"taxable","13":"shipping-taxable","14":"purchasable","15":"product-type-simple","16":"add-to-wishlist-after_add_to_cart"},"acf":[],"yoast_head":"<!-- This site is optimized with the Yoast SEO plugin v26.6 - https:\/\/yoast.com\/wordpress\/plugins\/seo\/ -->\n<title>Zestaw ogrodowy 1,8m Skandynawska Weranda z drewna - Siesta Garden<\/title>\n<meta name=\"robots\" content=\"index, follow, max-snippet:-1, max-image-preview:large, max-video-preview:-1\" \/>\n<link rel=\"canonical\" href=\"https:\/\/www.siestagarden.com\/hu\/termek\/zestaw-ogrodowy-18m-skandynawska-weranda-z-drewna\/\" \/>\n<meta property=\"og:locale\" content=\"hu_HU\" \/>\n<meta property=\"og:type\" content=\"article\" \/>\n<meta property=\"og:title\" content=\"Zestaw ogrodowy 1,8m Skandynawska Weranda z drewna - Siesta Garden\" \/>\n<meta property=\"og:description\" content=\"Skandynawska Weranda \u2013 zestaw: spok\u00f3j, \u015bwiat\u0142o i funkcjonalna elegancja Czasem wystarczy taras i komplet mebli, by stworzy\u0107 miejsce, do kt\u00f3rego zawsze chcesz wraca\u0107. Zestaw Skandynawska Weranda to propozycja dla tych, kt\u00f3rzy ceni\u0105 czysto\u015b\u0107 formy, naturalne materia\u0142y i codzienny komfort w najlepszym wydaniu. W sk\u0142ad zestawu wchodz\u0105: St\u00f3\u0142 o d\u0142ugo\u015bci 1,8 m Dwie \u0142awki bez oparcia, [&hellip;]\" \/>\n<meta property=\"og:url\" content=\"https:\/\/www.siestagarden.com\/hu\/termek\/zestaw-ogrodowy-18m-skandynawska-weranda-z-drewna\/\" \/>\n<meta property=\"og:site_name\" content=\"Siesta Garden\" \/>\n<meta property=\"article:modified_time\" content=\"2026-01-27T11:33:01+00:00\" \/>\n<meta property=\"og:image\" content=\"https:\/\/www.siestagarden.com\/wp-content\/uploads\/2025\/03\/11-rotated.jpeg\" \/>\n\t<meta property=\"og:image:width\" content=\"960\" \/>\n\t<meta property=\"og:image:height\" content=\"1280\" \/>\n\t<meta property=\"og:image:type\" content=\"image\/jpeg\" \/>\n<meta name=\"twitter:card\" content=\"summary_large_image\" \/>\n<meta name=\"twitter:label1\" content=\"Becs\u00fclt olvas\u00e1si id\u0151\" \/>\n\t<meta name=\"twitter:data1\" content=\"2 perc\" \/>\n<script type=\"application\/ld+json\" class=\"yoast-schema-graph\">{\"@context\":\"https:\/\/schema.org\",\"@graph\":[{\"@type\":\"WebPage\",\"@id\":\"https:\/\/www.siestagarden.com\/produkt\/zestaw-ogrodowy-18m-skandynawska-weranda-z-drewna\/\",\"url\":\"https:\/\/www.siestagarden.com\/produkt\/zestaw-ogrodowy-18m-skandynawska-weranda-z-drewna\/\",\"name\":\"Zestaw ogrodowy 1,8m Skandynawska Weranda z drewna - Siesta Garden\",\"isPartOf\":{\"@id\":\"https:\/\/www.siestagarden.com\/#website\"},\"primaryImageOfPage\":{\"@id\":\"https:\/\/www.siestagarden.com\/produkt\/zestaw-ogrodowy-18m-skandynawska-weranda-z-drewna\/#primaryimage\"},\"image\":{\"@id\":\"https:\/\/www.siestagarden.com\/produkt\/zestaw-ogrodowy-18m-skandynawska-weranda-z-drewna\/#primaryimage\"},\"thumbnailUrl\":\"https:\/\/www.siestagarden.com\/wp-content\/uploads\/2025\/03\/11-rotated-e1770881281508.jpeg\",\"datePublished\":\"2025-04-18T08:28:39+00:00\",\"dateModified\":\"2026-01-27T11:33:01+00:00\",\"breadcrumb\":{\"@id\":\"https:\/\/www.siestagarden.com\/produkt\/zestaw-ogrodowy-18m-skandynawska-weranda-z-drewna\/#breadcrumb\"},\"inLanguage\":\"hu\",\"potentialAction\":[{\"@type\":\"ReadAction\",\"target\":[\"https:\/\/www.siestagarden.com\/produkt\/zestaw-ogrodowy-18m-skandynawska-weranda-z-drewna\/\"]}]},{\"@type\":\"ImageObject\",\"inLanguage\":\"hu\",\"@id\":\"https:\/\/www.siestagarden.com\/produkt\/zestaw-ogrodowy-18m-skandynawska-weranda-z-drewna\/#primaryimage\",\"url\":\"https:\/\/www.siestagarden.com\/wp-content\/uploads\/2025\/03\/11-rotated-e1770881281508.jpeg\",\"contentUrl\":\"https:\/\/www.siestagarden.com\/wp-content\/uploads\/2025\/03\/11-rotated-e1770881281508.jpeg\",\"width\":960,\"height\":806},{\"@type\":\"BreadcrumbList\",\"@id\":\"https:\/\/www.siestagarden.com\/produkt\/zestaw-ogrodowy-18m-skandynawska-weranda-z-drewna\/#breadcrumb\",\"itemListElement\":[{\"@type\":\"ListItem\",\"position\":1,\"name\":\"Strona g\u0142\u00f3wna\",\"item\":\"https:\/\/www.siestagarden.com\/\"},{\"@type\":\"ListItem\",\"position\":2,\"name\":\"Sklep\",\"item\":\"https:\/\/www.siestagarden.com\/sklep\/\"},{\"@type\":\"ListItem\",\"position\":3,\"name\":\"Zestaw ogrodowy 1,8m Skandynawska Weranda z drewna\"}]},{\"@type\":\"WebSite\",\"@id\":\"https:\/\/www.siestagarden.com\/#website\",\"url\":\"https:\/\/www.siestagarden.com\/\",\"name\":\"Siesta Garden\",\"description\":\"Meble do Twojego ogrodu. Polski producent drewnianych mebli najwy\u017cszej jako\u015bci.\",\"potentialAction\":[{\"@type\":\"SearchAction\",\"target\":{\"@type\":\"EntryPoint\",\"urlTemplate\":\"https:\/\/www.siestagarden.com\/?s={search_term_string}\"},\"query-input\":{\"@type\":\"PropertyValueSpecification\",\"valueRequired\":true,\"valueName\":\"search_term_string\"}}],\"inLanguage\":\"hu\"}]}<\/script>\n<!-- \/ Yoast SEO plugin. -->","yoast_head_json":{"title":"Zestaw ogrodowy 1,8m Skandynawska Weranda z drewna - Siesta Garden","robots":{"index":"index","follow":"follow","max-snippet":"max-snippet:-1","max-image-preview":"max-image-preview:large","max-video-preview":"max-video-preview:-1"},"canonical":"https:\/\/www.siestagarden.com\/hu\/termek\/zestaw-ogrodowy-18m-skandynawska-weranda-z-drewna\/","og_locale":"hu_HU","og_type":"article","og_title":"Zestaw ogrodowy 1,8m Skandynawska Weranda z drewna - Siesta Garden","og_description":"Skandynawska Weranda \u2013 zestaw: spok\u00f3j, \u015bwiat\u0142o i funkcjonalna elegancja Czasem wystarczy taras i komplet mebli, by stworzy\u0107 miejsce, do kt\u00f3rego zawsze chcesz wraca\u0107. Zestaw Skandynawska Weranda to propozycja dla tych, kt\u00f3rzy ceni\u0105 czysto\u015b\u0107 formy, naturalne materia\u0142y i codzienny komfort w najlepszym wydaniu. W sk\u0142ad zestawu wchodz\u0105: St\u00f3\u0142 o d\u0142ugo\u015bci 1,8 m Dwie \u0142awki bez oparcia, [&hellip;]","og_url":"https:\/\/www.siestagarden.com\/hu\/termek\/zestaw-ogrodowy-18m-skandynawska-weranda-z-drewna\/","og_site_name":"Siesta Garden","article_modified_time":"2026-01-27T11:33:01+00:00","og_image":[{"width":960,"height":1280,"url":"https:\/\/www.siestagarden.com\/wp-content\/uploads\/2025\/03\/11-rotated.jpeg","type":"image\/jpeg"}],"twitter_card":"summary_large_image","twitter_misc":{"Becs\u00fclt olvas\u00e1si id\u0151":"2 perc"},"schema":{"@context":"https:\/\/schema.org","@graph":[{"@type":"WebPage","@id":"https:\/\/www.siestagarden.com\/produkt\/zestaw-ogrodowy-18m-skandynawska-weranda-z-drewna\/","url":"https:\/\/www.siestagarden.com\/produkt\/zestaw-ogrodowy-18m-skandynawska-weranda-z-drewna\/","name":"Zestaw ogrodowy 1,8m Skandynawska Weranda z drewna - Siesta Garden","isPartOf":{"@id":"https:\/\/www.siestagarden.com\/#website"},"primaryImageOfPage":{"@id":"https:\/\/www.siestagarden.com\/produkt\/zestaw-ogrodowy-18m-skandynawska-weranda-z-drewna\/#primaryimage"},"image":{"@id":"https:\/\/www.siestagarden.com\/produkt\/zestaw-ogrodowy-18m-skandynawska-weranda-z-drewna\/#primaryimage"},"thumbnailUrl":"https:\/\/www.siestagarden.com\/wp-content\/uploads\/2025\/03\/11-rotated-e1770881281508.jpeg","datePublished":"2025-04-18T08:28:39+00:00","dateModified":"2026-01-27T11:33:01+00:00","breadcrumb":{"@id":"https:\/\/www.siestagarden.com\/produkt\/zestaw-ogrodowy-18m-skandynawska-weranda-z-drewna\/#breadcrumb"},"inLanguage":"hu","potentialAction":[{"@type":"ReadAction","target":["https:\/\/www.siestagarden.com\/produkt\/zestaw-ogrodowy-18m-skandynawska-weranda-z-drewna\/"]}]},{"@type":"ImageObject","inLanguage":"hu","@id":"https:\/\/www.siestagarden.com\/produkt\/zestaw-ogrodowy-18m-skandynawska-weranda-z-drewna\/#primaryimage","url":"https:\/\/www.siestagarden.com\/wp-content\/uploads\/2025\/03\/11-rotated-e1770881281508.jpeg","contentUrl":"https:\/\/www.siestagarden.com\/wp-content\/uploads\/2025\/03\/11-rotated-e1770881281508.jpeg","width":960,"height":806},{"@type":"BreadcrumbList","@id":"https:\/\/www.siestagarden.com\/produkt\/zestaw-ogrodowy-18m-skandynawska-weranda-z-drewna\/#breadcrumb","itemListElement":[{"@type":"ListItem","position":1,"name":"Strona g\u0142\u00f3wna","item":"https:\/\/www.siestagarden.com\/"},{"@type":"ListItem","position":2,"name":"Sklep","item":"https:\/\/www.siestagarden.com\/sklep\/"},{"@type":"ListItem","position":3,"name":"Zestaw ogrodowy 1,8m Skandynawska Weranda z drewna"}]},{"@type":"WebSite","@id":"https:\/\/www.siestagarden.com\/#website","url":"https:\/\/www.siestagarden.com\/","name":"Siesta Garden","description":"Kerti b\u00fatorok. Magas min\u0151s\u00e9g\u0171 fa kerti b\u00fatorok lengyel gy\u00e1rt\u00f3ja.","potentialAction":[{"@type":"SearchAction","target":{"@type":"EntryPoint","urlTemplate":"https:\/\/www.siestagarden.com\/?s={search_term_string}"},"query-input":{"@type":"PropertyValueSpecification","valueRequired":true,"valueName":"search_term_string"}}],"inLanguage":"hu"}]}},"_links":{"self":[{"href":"https:\/\/www.siestagarden.com\/hu\/wp-json\/wp\/v2\/product\/2874","targetHints":{"allow":["GET"]}}],"collection":[{"href":"https:\/\/www.siestagarden.com\/hu\/wp-json\/wp\/v2\/product"}],"about":[{"href":"https:\/\/www.siestagarden.com\/hu\/wp-json\/wp\/v2\/types\/product"}],"wp:featuredmedia":[{"embeddable":true,"href":"https:\/\/www.siestagarden.com\/hu\/wp-json\/wp\/v2\/media\/1700"}],"wp:attachment":[{"href":"https:\/\/www.siestagarden.com\/hu\/wp-json\/wp\/v2\/media?parent=2874"}],"wp:term":[{"taxonomy":"product_brand","embeddable":true,"href":"https:\/\/www.siestagarden.com\/hu\/wp-json\/wp\/v2\/product_brand?post=2874"},{"taxonomy":"product_cat","embeddable":true,"href":"https:\/\/www.siestagarden.com\/hu\/wp-json\/wp\/v2\/product_cat?post=2874"},{"taxonomy":"product_tag","embeddable":true,"href":"https:\/\/www.siestagarden.com\/hu\/wp-json\/wp\/v2\/product_tag?post=2874"}],"curies":[{"name":"wp","href":"https:\/\/api.w.org\/{rel}","templated":true}]}}