{"id":2877,"date":"2025-04-18T11:26:07","date_gmt":"2025-04-18T09:26:07","guid":{"rendered":"https:\/\/www.siestagarden.com\/?post_type=product&#038;p=2877"},"modified":"2026-01-27T12:32:00","modified_gmt":"2026-01-27T11:32:00","slug":"zestaw-ogrodowy-elegancki-taras-z-drewna","status":"publish","type":"product","link":"https:\/\/www.siestagarden.com\/hu\/termek\/zestaw-ogrodowy-elegancki-taras-z-drewna\/","title":{"rendered":"Eleg\u00e1ns terasz kerti garnit\u00fara f\u00e1b\u00f3l"},"content":{"rendered":"<p class=\"\" data-start=\"148\" data-end=\"225\"><strong data-start=\"148\" data-end=\"225\">Eleg\u00e1ns terasz szett \u2013 asztal \u00e9s k\u00e9t pad feh\u00e9r laz\u00farral p\u00e1colva<\/strong><\/p>\n<p class=\"\" data-start=\"227\" data-end=\"574\">Az Eleg\u00e1ns Terasz szett k\u00e9szen \u00e1ll\u00f3 megold\u00e1st k\u00edn\u00e1l azoknak, akik egys\u00e9ges, vil\u00e1gos \u00e9s harmonikus pihen\u0151teret szeretn\u00e9nek kialak\u00edtani. Egy t\u00e9glalap alak\u00fa asztalb\u00f3l \u00e9s k\u00e9t t\u00e1mla n\u00e9lk\u00fcli padb\u00f3l \u00e1ll \u2013 minden elem FSC\u00ae t\u00f6m\u00f6r f\u00e1b\u00f3l k\u00e9sz\u00fclt, \u00e9s feh\u00e9r laz\u00faros impregn\u00e1l\u00e1ssal van ell\u00e1tva, amely kiemeli a fa term\u00e9szetes szerkezet\u00e9t \u00e9s feldobja a k\u00f6rnyezetet.<\/p>\n<p class=\"\" data-start=\"576\" data-end=\"802\">A b\u00fatorok egyszer\u0171 form\u00e1ja illeszkedik a modern, mediterr\u00e1n \u00e9s skandin\u00e1v st\u00edlus\u00fa enteri\u0151r\u00f6k eszt\u00e9tik\u00e1j\u00e1ba. A k\u00e9t el\u00e9rhet\u0151 hossz\u00fas\u00e1gnak \u2013 1,2 m \u00e9s 2,0 m \u2013 k\u00f6sz\u00f6nhet\u0151en a szett m\u00e9ret\u00e9t t\u00f6k\u00e9letesen az \u00d6n ter\u00e9hez igaz\u00edthatja.<\/p>\n<p class=\"\" data-start=\"804\" data-end=\"1062\">\u2705 k\u00e9szlet: asztal + 2 pad Eleg\u00e1ns Terasz kollekci\u00f3b\u00f3l<br data-start=\"856\" data-end=\"859\" \/>\u2714\ufe0f feh\u00e9r, az\u00fark\u00e9k kivitel \u2013 vil\u00e1gos \u00e9s eleg\u00e1ns hat\u00e1s<br data-start=\"915\" data-end=\"918\" \/>\u2714\ufe0f FSC\u00ae faanyag \u2013 tart\u00f3ss\u00e1g \u00e9s term\u00e9szetes jelleg<br data-start=\"965\" data-end=\"968\" \/>\u2714\ufe0f geometriai forma \u2013 a st\u00edlus egyszer\u0171s\u00e9ge \u00e9s k\u00f6nnyeds\u00e9ge<br data-start=\"1016\" data-end=\"1019\" \/>\u2714\ufe0f k\u00e9t m\u00e9retben kaphat\u00f3: 1,2 m vagy 2,0 m<\/p>","protected":false},"excerpt":{"rendered":"<p>Zestaw Elegancki Taras \u2013 st\u00f3\u0142 i dwie \u0142awki w bia\u0142ym lazurowym wyko\u0144czeniu Zestaw Elegancki Taras to gotowe rozwi\u0105zanie dla tych, kt\u00f3rzy chc\u0105 stworzy\u0107 sp\u00f3jn\u0105, jasn\u0105 i harmonijn\u0105 przestrze\u0144 do wypoczynku. Sk\u0142ada si\u0119 z prostok\u0105tnego sto\u0142u i dw\u00f3ch \u0142awek bez oparcia \u2013 wszystkie elementy wykonane z FSC\u00ae drewna litego i wyko\u0144czone bia\u0142ym impregnatem lazurowym, kt\u00f3ry podkre\u015bla [&hellip;]<\/p>\n","protected":false},"featured_media":2408,"template":"","meta":{"_acf_changed":false},"product_brand":[],"product_cat":[80],"product_tag":[92],"class_list":{"0":"post-2877","1":"product","2":"type-product","3":"status-publish","4":"has-post-thumbnail","6":"product_cat-zestawy","7":"product_tag-kolekcja-elegancki-taras","8":"product_shipping_class-podstawowa","10":"first","11":"instock","12":"taxable","13":"shipping-taxable","14":"purchasable","15":"product-type-simple","16":"add-to-wishlist-after_add_to_cart"},"acf":[],"yoast_head":"<!-- This site is optimized with the Yoast SEO plugin v26.6 - https:\/\/yoast.com\/wordpress\/plugins\/seo\/ -->\n<title>Zestaw ogrodowy Elegancki Taras z drewna - Siesta Garden<\/title>\n<meta name=\"robots\" content=\"index, follow, max-snippet:-1, max-image-preview:large, max-video-preview:-1\" \/>\n<link rel=\"canonical\" href=\"https:\/\/www.siestagarden.com\/hu\/termek\/zestaw-ogrodowy-elegancki-taras-z-drewna\/\" \/>\n<meta property=\"og:locale\" content=\"hu_HU\" \/>\n<meta property=\"og:type\" content=\"article\" \/>\n<meta property=\"og:title\" content=\"Zestaw ogrodowy Elegancki Taras z drewna - Siesta Garden\" \/>\n<meta property=\"og:description\" content=\"Zestaw Elegancki Taras \u2013 st\u00f3\u0142 i dwie \u0142awki w bia\u0142ym lazurowym wyko\u0144czeniu Zestaw Elegancki Taras to gotowe rozwi\u0105zanie dla tych, kt\u00f3rzy chc\u0105 stworzy\u0107 sp\u00f3jn\u0105, jasn\u0105 i harmonijn\u0105 przestrze\u0144 do wypoczynku. Sk\u0142ada si\u0119 z prostok\u0105tnego sto\u0142u i dw\u00f3ch \u0142awek bez oparcia \u2013 wszystkie elementy wykonane z FSC\u00ae drewna litego i wyko\u0144czone bia\u0142ym impregnatem lazurowym, kt\u00f3ry podkre\u015bla [&hellip;]\" \/>\n<meta property=\"og:url\" content=\"https:\/\/www.siestagarden.com\/hu\/termek\/zestaw-ogrodowy-elegancki-taras-z-drewna\/\" \/>\n<meta property=\"og:site_name\" content=\"Siesta Garden\" \/>\n<meta property=\"article:modified_time\" content=\"2026-01-27T11:32:00+00:00\" \/>\n<meta property=\"og:image\" content=\"https:\/\/www.siestagarden.com\/wp-content\/uploads\/2025\/03\/IMG_0452-2-scaled.jpg\" \/>\n\t<meta property=\"og:image:width\" content=\"1707\" \/>\n\t<meta property=\"og:image:height\" content=\"2560\" \/>\n\t<meta property=\"og:image:type\" content=\"image\/jpeg\" \/>\n<meta name=\"twitter:card\" content=\"summary_large_image\" \/>\n<meta name=\"twitter:label1\" content=\"Becs\u00fclt olvas\u00e1si id\u0151\" \/>\n\t<meta name=\"twitter:data1\" content=\"1 perc\" \/>\n<script type=\"application\/ld+json\" class=\"yoast-schema-graph\">{\"@context\":\"https:\/\/schema.org\",\"@graph\":[{\"@type\":\"WebPage\",\"@id\":\"https:\/\/www.siestagarden.com\/produkt\/zestaw-ogrodowy-elegancki-taras-z-drewna\/\",\"url\":\"https:\/\/www.siestagarden.com\/produkt\/zestaw-ogrodowy-elegancki-taras-z-drewna\/\",\"name\":\"Zestaw ogrodowy Elegancki Taras z drewna - Siesta Garden\",\"isPartOf\":{\"@id\":\"https:\/\/www.siestagarden.com\/#website\"},\"primaryImageOfPage\":{\"@id\":\"https:\/\/www.siestagarden.com\/produkt\/zestaw-ogrodowy-elegancki-taras-z-drewna\/#primaryimage\"},\"image\":{\"@id\":\"https:\/\/www.siestagarden.com\/produkt\/zestaw-ogrodowy-elegancki-taras-z-drewna\/#primaryimage\"},\"thumbnailUrl\":\"https:\/\/www.siestagarden.com\/wp-content\/uploads\/2025\/03\/IMG_0452-2-scaled-e1770881395587.jpg\",\"datePublished\":\"2025-04-18T09:26:07+00:00\",\"dateModified\":\"2026-01-27T11:32:00+00:00\",\"breadcrumb\":{\"@id\":\"https:\/\/www.siestagarden.com\/produkt\/zestaw-ogrodowy-elegancki-taras-z-drewna\/#breadcrumb\"},\"inLanguage\":\"hu\",\"potentialAction\":[{\"@type\":\"ReadAction\",\"target\":[\"https:\/\/www.siestagarden.com\/produkt\/zestaw-ogrodowy-elegancki-taras-z-drewna\/\"]}]},{\"@type\":\"ImageObject\",\"inLanguage\":\"hu\",\"@id\":\"https:\/\/www.siestagarden.com\/produkt\/zestaw-ogrodowy-elegancki-taras-z-drewna\/#primaryimage\",\"url\":\"https:\/\/www.siestagarden.com\/wp-content\/uploads\/2025\/03\/IMG_0452-2-scaled-e1770881395587.jpg\",\"contentUrl\":\"https:\/\/www.siestagarden.com\/wp-content\/uploads\/2025\/03\/IMG_0452-2-scaled-e1770881395587.jpg\",\"width\":1707,\"height\":1668},{\"@type\":\"BreadcrumbList\",\"@id\":\"https:\/\/www.siestagarden.com\/produkt\/zestaw-ogrodowy-elegancki-taras-z-drewna\/#breadcrumb\",\"itemListElement\":[{\"@type\":\"ListItem\",\"position\":1,\"name\":\"Strona g\u0142\u00f3wna\",\"item\":\"https:\/\/www.siestagarden.com\/\"},{\"@type\":\"ListItem\",\"position\":2,\"name\":\"Sklep\",\"item\":\"https:\/\/www.siestagarden.com\/sklep\/\"},{\"@type\":\"ListItem\",\"position\":3,\"name\":\"Zestaw ogrodowy Elegancki Taras z drewna\"}]},{\"@type\":\"WebSite\",\"@id\":\"https:\/\/www.siestagarden.com\/#website\",\"url\":\"https:\/\/www.siestagarden.com\/\",\"name\":\"Siesta Garden\",\"description\":\"Meble do Twojego ogrodu. Polski producent drewnianych mebli najwy\u017cszej jako\u015bci.\",\"potentialAction\":[{\"@type\":\"SearchAction\",\"target\":{\"@type\":\"EntryPoint\",\"urlTemplate\":\"https:\/\/www.siestagarden.com\/?s={search_term_string}\"},\"query-input\":{\"@type\":\"PropertyValueSpecification\",\"valueRequired\":true,\"valueName\":\"search_term_string\"}}],\"inLanguage\":\"hu\"}]}<\/script>\n<!-- \/ Yoast SEO plugin. -->","yoast_head_json":{"title":"Zestaw ogrodowy Elegancki Taras z drewna - Siesta Garden","robots":{"index":"index","follow":"follow","max-snippet":"max-snippet:-1","max-image-preview":"max-image-preview:large","max-video-preview":"max-video-preview:-1"},"canonical":"https:\/\/www.siestagarden.com\/hu\/termek\/zestaw-ogrodowy-elegancki-taras-z-drewna\/","og_locale":"hu_HU","og_type":"article","og_title":"Zestaw ogrodowy Elegancki Taras z drewna - Siesta Garden","og_description":"Zestaw Elegancki Taras \u2013 st\u00f3\u0142 i dwie \u0142awki w bia\u0142ym lazurowym wyko\u0144czeniu Zestaw Elegancki Taras to gotowe rozwi\u0105zanie dla tych, kt\u00f3rzy chc\u0105 stworzy\u0107 sp\u00f3jn\u0105, jasn\u0105 i harmonijn\u0105 przestrze\u0144 do wypoczynku. Sk\u0142ada si\u0119 z prostok\u0105tnego sto\u0142u i dw\u00f3ch \u0142awek bez oparcia \u2013 wszystkie elementy wykonane z FSC\u00ae drewna litego i wyko\u0144czone bia\u0142ym impregnatem lazurowym, kt\u00f3ry podkre\u015bla [&hellip;]","og_url":"https:\/\/www.siestagarden.com\/hu\/termek\/zestaw-ogrodowy-elegancki-taras-z-drewna\/","og_site_name":"Siesta Garden","article_modified_time":"2026-01-27T11:32:00+00:00","og_image":[{"width":1707,"height":2560,"url":"https:\/\/www.siestagarden.com\/wp-content\/uploads\/2025\/03\/IMG_0452-2-scaled.jpg","type":"image\/jpeg"}],"twitter_card":"summary_large_image","twitter_misc":{"Becs\u00fclt olvas\u00e1si id\u0151":"1 perc"},"schema":{"@context":"https:\/\/schema.org","@graph":[{"@type":"WebPage","@id":"https:\/\/www.siestagarden.com\/produkt\/zestaw-ogrodowy-elegancki-taras-z-drewna\/","url":"https:\/\/www.siestagarden.com\/produkt\/zestaw-ogrodowy-elegancki-taras-z-drewna\/","name":"Zestaw ogrodowy Elegancki Taras z drewna - Siesta Garden","isPartOf":{"@id":"https:\/\/www.siestagarden.com\/#website"},"primaryImageOfPage":{"@id":"https:\/\/www.siestagarden.com\/produkt\/zestaw-ogrodowy-elegancki-taras-z-drewna\/#primaryimage"},"image":{"@id":"https:\/\/www.siestagarden.com\/produkt\/zestaw-ogrodowy-elegancki-taras-z-drewna\/#primaryimage"},"thumbnailUrl":"https:\/\/www.siestagarden.com\/wp-content\/uploads\/2025\/03\/IMG_0452-2-scaled-e1770881395587.jpg","datePublished":"2025-04-18T09:26:07+00:00","dateModified":"2026-01-27T11:32:00+00:00","breadcrumb":{"@id":"https:\/\/www.siestagarden.com\/produkt\/zestaw-ogrodowy-elegancki-taras-z-drewna\/#breadcrumb"},"inLanguage":"hu","potentialAction":[{"@type":"ReadAction","target":["https:\/\/www.siestagarden.com\/produkt\/zestaw-ogrodowy-elegancki-taras-z-drewna\/"]}]},{"@type":"ImageObject","inLanguage":"hu","@id":"https:\/\/www.siestagarden.com\/produkt\/zestaw-ogrodowy-elegancki-taras-z-drewna\/#primaryimage","url":"https:\/\/www.siestagarden.com\/wp-content\/uploads\/2025\/03\/IMG_0452-2-scaled-e1770881395587.jpg","contentUrl":"https:\/\/www.siestagarden.com\/wp-content\/uploads\/2025\/03\/IMG_0452-2-scaled-e1770881395587.jpg","width":1707,"height":1668},{"@type":"BreadcrumbList","@id":"https:\/\/www.siestagarden.com\/produkt\/zestaw-ogrodowy-elegancki-taras-z-drewna\/#breadcrumb","itemListElement":[{"@type":"ListItem","position":1,"name":"Strona g\u0142\u00f3wna","item":"https:\/\/www.siestagarden.com\/"},{"@type":"ListItem","position":2,"name":"Sklep","item":"https:\/\/www.siestagarden.com\/sklep\/"},{"@type":"ListItem","position":3,"name":"Zestaw ogrodowy Elegancki Taras z drewna"}]},{"@type":"WebSite","@id":"https:\/\/www.siestagarden.com\/#website","url":"https:\/\/www.siestagarden.com\/","name":"Siesta Garden","description":"Kerti b\u00fatorok. Magas min\u0151s\u00e9g\u0171 fa kerti b\u00fatorok lengyel gy\u00e1rt\u00f3ja.","potentialAction":[{"@type":"SearchAction","target":{"@type":"EntryPoint","urlTemplate":"https:\/\/www.siestagarden.com\/?s={search_term_string}"},"query-input":{"@type":"PropertyValueSpecification","valueRequired":true,"valueName":"search_term_string"}}],"inLanguage":"hu"}]}},"_links":{"self":[{"href":"https:\/\/www.siestagarden.com\/hu\/wp-json\/wp\/v2\/product\/2877","targetHints":{"allow":["GET"]}}],"collection":[{"href":"https:\/\/www.siestagarden.com\/hu\/wp-json\/wp\/v2\/product"}],"about":[{"href":"https:\/\/www.siestagarden.com\/hu\/wp-json\/wp\/v2\/types\/product"}],"wp:featuredmedia":[{"embeddable":true,"href":"https:\/\/www.siestagarden.com\/hu\/wp-json\/wp\/v2\/media\/2408"}],"wp:attachment":[{"href":"https:\/\/www.siestagarden.com\/hu\/wp-json\/wp\/v2\/media?parent=2877"}],"wp:term":[{"taxonomy":"product_brand","embeddable":true,"href":"https:\/\/www.siestagarden.com\/hu\/wp-json\/wp\/v2\/product_brand?post=2877"},{"taxonomy":"product_cat","embeddable":true,"href":"https:\/\/www.siestagarden.com\/hu\/wp-json\/wp\/v2\/product_cat?post=2877"},{"taxonomy":"product_tag","embeddable":true,"href":"https:\/\/www.siestagarden.com\/hu\/wp-json\/wp\/v2\/product_tag?post=2877"}],"curies":[{"name":"wp","href":"https:\/\/api.w.org\/{rel}","templated":true}]}}