{"id":2881,"date":"2025-04-23T14:57:40","date_gmt":"2025-04-23T12:57:40","guid":{"rendered":"https:\/\/www.siestagarden.com\/?post_type=product&#038;p=2881"},"modified":"2026-02-12T09:09:51","modified_gmt":"2026-02-12T08:09:51","slug":"2881","status":"publish","type":"product","link":"https:\/\/www.siestagarden.com\/hu\/termek\/2881\/","title":{"rendered":"Arki kerti kih\u00fazhat\u00f3 kanap\u00e9"},"content":{"rendered":"<p><strong>ARKI kerti kih\u00fazhat\u00f3 kanap\u00e9<\/strong> \u2013 A te pihen\u0151z\u00f3n\u00e1d egyetlen b\u00fatordarabban<\/p>\n<p>Kerti kanap\u00e9 <strong>ARKI<\/strong> ez a diz\u00e1jn \u00e9s a funkcionalit\u00e1s t\u00f6k\u00e9letes \u00f6tv\u00f6zete. Legnagyobb el\u0151nye <strong>mozgathat\u00f3 karf\u00e1k<\/strong>, amelyek kinyitva d\u00edv\u00e1nyt alak\u00edtanak \u00e1t <strong>k\u00e9nyelmes \u00e1gy<\/strong> \u2013 ide\u00e1lis a <strong>szundik\u00e1l\u00e1s \u00e1rny\u00e9kban, k\u00f6nyvolvas\u00e1s vagy egy b\u00e9k\u00e9s este a szabad \u00e9g alatt<\/strong>. A szerkezet t\u00f6m\u00f6r skandin\u00e1v f\u00e1b\u00f3l k\u00e9sz\u00fclt<strong> FSC\u00ae tan\u00fas\u00edtv\u00e1nnyal<\/strong>, ami, ami garant\u00e1lja az anyag tart\u00f3ss\u00e1g\u00e1t \u00e9s felel\u0151s eredet\u00e9t. A f\u00e1t p\u00e1colt\u00e1k <strong>t\u00fcrkiz, ny\u00e1ri \u00e1rnyalat<\/strong> impregn\u00e1l\u00f3szerrel, amely nem csak<strong> kr\u00f3ni<\/strong>, de kellemes tapint\u00e1st is k\u00f6lcs\u00f6n\u00f6z a fel\u00fcletnek <strong>simas\u00e1g \u00e9s jellegzetes f\u00e9nyess\u00e9g.<\/strong><\/p>\n<p>Ez nagyszer\u0171 megold\u00e1s kis erk\u00e9lyekre \u00e9s nagyobb kertekre egyar\u00e1nt \u2013<strong> ARKI kanap\u00e9<\/strong> Minden t\u00e9rben otthonra lel, st\u00edlusos m\u00f3don k\u00edn\u00e1lva pihen\u00e9st \u00e9s funkcionalit\u00e1st.<\/p>\n<p>A maxim\u00e1lis k\u00e9nyelem \u00e9rdek\u00e9ben a kanap\u00e9hoz egy vastag, nem kip\u00e1rn\u00e1sod\u00f3 k\u00fclt\u00e9ri sz\u00f6vetb\u0151l k\u00e9sz\u00fclt futon matrac \u00e9s hozz\u00e1ill\u0151 p\u00e1rn\u00e1k tartoznak.<\/p>\n<p>\u2714\ufe0f <strong>\u00d6sszecsukhat\u00f3 karf\u00e1k<\/strong> \u2013 az \u00e1gy \u00e9s a kanap\u00e9 funkci\u00f3ja egyben<br \/>\n\u2714\ufe0f <strong>K\u00f6nny\u0171 fa FSC\u00ae<\/strong> \u2013 tart\u00f3ss\u00e1g \u00e9s k\u00f6rnyezettudatoss\u00e1g<br \/>\n\u2714\ufe0f <strong>T\u00fcrkiz impregn\u00e1l\u00f3<\/strong> \u2013 ny\u00e1ri sz\u00edn \u00e9s sima fel\u00fclet<br \/>\n\u2714\ufe0f<strong> Kompakt forma, ide\u00e1lis kis \u00e9s nagy terekbe<\/strong><br \/>\n\u2714\ufe0f<strong> Matrac \u00e9s p\u00e1rn\u00e1k mell\u00e9kelve<\/strong><br \/>\nKanap\u00e9 <strong>ARKI<\/strong> \u2013 telepedj le, ny\u00fajt\u00f3zz el, \u00e9s pihenj \u00fagy, ahogyan neked tetszik.<\/p>\n<p>&nbsp;<\/p>\n<p>&nbsp;<\/p>","protected":false},"excerpt":{"rendered":"<p>Rozk\u0142adana sofa ogrodowa ARKI \u2013 Twoja strefa relaksu w jednym meblu Sofa ogrodowa ARKI to doskona\u0142e po\u0142\u0105czenie designu i funkcji. Jej najwi\u0119kszym atutem s\u0105 ruchome pod\u0142okietniki, kt\u00f3re po roz\u0142o\u017ceniu przekszta\u0142caj\u0105 sof\u0119 w wygodne \u0142\u00f3\u017cko \u2013 idealne na drzemk\u0119 w cieniu, czytanie ksi\u0105\u017cki lub spokojny wiecz\u00f3r pod chmurk\u0105. Konstrukcja wykonana jest z litego drewna skandynawskiego z [&hellip;]<\/p>\n","protected":false},"featured_media":4183,"template":"","meta":{"_acf_changed":false},"product_brand":[],"product_cat":[69,67],"product_tag":[],"class_list":{"0":"post-2881","1":"product","2":"type-product","3":"status-publish","4":"has-post-thumbnail","6":"product_cat-lezaki-i-lezanki","7":"product_cat-sofy-i-lawki","8":"product_shipping_class-podstawowa","10":"first","11":"instock","12":"taxable","13":"shipping-taxable","14":"purchasable","15":"product-type-simple","16":"add-to-wishlist-after_add_to_cart"},"acf":[],"yoast_head":"<!-- This site is optimized with the Yoast SEO plugin v26.6 - https:\/\/yoast.com\/wordpress\/plugins\/seo\/ -->\n<title>Rozk\u0142adana sofa ogrodowa Arki - Siesta Garden<\/title>\n<meta name=\"robots\" content=\"index, follow, max-snippet:-1, max-image-preview:large, max-video-preview:-1\" \/>\n<link rel=\"canonical\" href=\"https:\/\/www.siestagarden.com\/hu\/termek\/2881\/\" \/>\n<meta property=\"og:locale\" content=\"hu_HU\" \/>\n<meta property=\"og:type\" content=\"article\" \/>\n<meta property=\"og:title\" content=\"Rozk\u0142adana sofa ogrodowa Arki - Siesta Garden\" \/>\n<meta property=\"og:description\" content=\"Rozk\u0142adana sofa ogrodowa ARKI \u2013 Twoja strefa relaksu w jednym meblu Sofa ogrodowa ARKI to doskona\u0142e po\u0142\u0105czenie designu i funkcji. Jej najwi\u0119kszym atutem s\u0105 ruchome pod\u0142okietniki, kt\u00f3re po roz\u0142o\u017ceniu przekszta\u0142caj\u0105 sof\u0119 w wygodne \u0142\u00f3\u017cko \u2013 idealne na drzemk\u0119 w cieniu, czytanie ksi\u0105\u017cki lub spokojny wiecz\u00f3r pod chmurk\u0105. Konstrukcja wykonana jest z litego drewna skandynawskiego z [&hellip;]\" \/>\n<meta property=\"og:url\" content=\"https:\/\/www.siestagarden.com\/hu\/termek\/2881\/\" \/>\n<meta property=\"og:site_name\" content=\"Siesta Garden\" \/>\n<meta property=\"article:modified_time\" content=\"2026-02-12T08:09:51+00:00\" \/>\n<meta property=\"og:image\" content=\"https:\/\/www.siestagarden.com\/wp-content\/uploads\/2025\/04\/8776434-e1770883774536-1024x740.png\" \/>\n\t<meta property=\"og:image:width\" content=\"1024\" \/>\n\t<meta property=\"og:image:height\" content=\"740\" \/>\n\t<meta property=\"og:image:type\" content=\"image\/png\" \/>\n<meta name=\"twitter:card\" content=\"summary_large_image\" \/>\n<meta name=\"twitter:label1\" content=\"Becs\u00fclt olvas\u00e1si id\u0151\" \/>\n\t<meta name=\"twitter:data1\" content=\"2 perc\" \/>\n<script type=\"application\/ld+json\" class=\"yoast-schema-graph\">{\"@context\":\"https:\/\/schema.org\",\"@graph\":[{\"@type\":\"WebPage\",\"@id\":\"https:\/\/www.siestagarden.com\/produkt\/2881\/\",\"url\":\"https:\/\/www.siestagarden.com\/produkt\/2881\/\",\"name\":\"Rozk\u0142adana sofa ogrodowa Arki - Siesta Garden\",\"isPartOf\":{\"@id\":\"https:\/\/www.siestagarden.com\/#website\"},\"primaryImageOfPage\":{\"@id\":\"https:\/\/www.siestagarden.com\/produkt\/2881\/#primaryimage\"},\"image\":{\"@id\":\"https:\/\/www.siestagarden.com\/produkt\/2881\/#primaryimage\"},\"thumbnailUrl\":\"https:\/\/www.siestagarden.com\/wp-content\/uploads\/2025\/04\/8776434-e1770883774536.png\",\"datePublished\":\"2025-04-23T12:57:40+00:00\",\"dateModified\":\"2026-02-12T08:09:51+00:00\",\"breadcrumb\":{\"@id\":\"https:\/\/www.siestagarden.com\/produkt\/2881\/#breadcrumb\"},\"inLanguage\":\"hu\",\"potentialAction\":[{\"@type\":\"ReadAction\",\"target\":[\"https:\/\/www.siestagarden.com\/produkt\/2881\/\"]}]},{\"@type\":\"ImageObject\",\"inLanguage\":\"hu\",\"@id\":\"https:\/\/www.siestagarden.com\/produkt\/2881\/#primaryimage\",\"url\":\"https:\/\/www.siestagarden.com\/wp-content\/uploads\/2025\/04\/8776434-e1770883774536.png\",\"contentUrl\":\"https:\/\/www.siestagarden.com\/wp-content\/uploads\/2025\/04\/8776434-e1770883774536.png\",\"width\":1523,\"height\":1100},{\"@type\":\"BreadcrumbList\",\"@id\":\"https:\/\/www.siestagarden.com\/produkt\/2881\/#breadcrumb\",\"itemListElement\":[{\"@type\":\"ListItem\",\"position\":1,\"name\":\"Strona g\u0142\u00f3wna\",\"item\":\"https:\/\/www.siestagarden.com\/\"},{\"@type\":\"ListItem\",\"position\":2,\"name\":\"Sklep\",\"item\":\"https:\/\/www.siestagarden.com\/sklep\/\"},{\"@type\":\"ListItem\",\"position\":3,\"name\":\"Rozk\u0142adana sofa ogrodowa Arki\"}]},{\"@type\":\"WebSite\",\"@id\":\"https:\/\/www.siestagarden.com\/#website\",\"url\":\"https:\/\/www.siestagarden.com\/\",\"name\":\"Siesta Garden\",\"description\":\"Meble do Twojego ogrodu. Polski producent drewnianych mebli najwy\u017cszej jako\u015bci.\",\"potentialAction\":[{\"@type\":\"SearchAction\",\"target\":{\"@type\":\"EntryPoint\",\"urlTemplate\":\"https:\/\/www.siestagarden.com\/?s={search_term_string}\"},\"query-input\":{\"@type\":\"PropertyValueSpecification\",\"valueRequired\":true,\"valueName\":\"search_term_string\"}}],\"inLanguage\":\"hu\"}]}<\/script>\n<!-- \/ Yoast SEO plugin. -->","yoast_head_json":{"title":"Rozk\u0142adana sofa ogrodowa Arki - Siesta Garden","robots":{"index":"index","follow":"follow","max-snippet":"max-snippet:-1","max-image-preview":"max-image-preview:large","max-video-preview":"max-video-preview:-1"},"canonical":"https:\/\/www.siestagarden.com\/hu\/termek\/2881\/","og_locale":"hu_HU","og_type":"article","og_title":"Rozk\u0142adana sofa ogrodowa Arki - Siesta Garden","og_description":"Rozk\u0142adana sofa ogrodowa ARKI \u2013 Twoja strefa relaksu w jednym meblu Sofa ogrodowa ARKI to doskona\u0142e po\u0142\u0105czenie designu i funkcji. Jej najwi\u0119kszym atutem s\u0105 ruchome pod\u0142okietniki, kt\u00f3re po roz\u0142o\u017ceniu przekszta\u0142caj\u0105 sof\u0119 w wygodne \u0142\u00f3\u017cko \u2013 idealne na drzemk\u0119 w cieniu, czytanie ksi\u0105\u017cki lub spokojny wiecz\u00f3r pod chmurk\u0105. Konstrukcja wykonana jest z litego drewna skandynawskiego z [&hellip;]","og_url":"https:\/\/www.siestagarden.com\/hu\/termek\/2881\/","og_site_name":"Siesta Garden","article_modified_time":"2026-02-12T08:09:51+00:00","og_image":[{"width":1024,"height":740,"url":"https:\/\/www.siestagarden.com\/wp-content\/uploads\/2025\/04\/8776434-e1770883774536-1024x740.png","type":"image\/png"}],"twitter_card":"summary_large_image","twitter_misc":{"Becs\u00fclt olvas\u00e1si id\u0151":"2 perc"},"schema":{"@context":"https:\/\/schema.org","@graph":[{"@type":"WebPage","@id":"https:\/\/www.siestagarden.com\/produkt\/2881\/","url":"https:\/\/www.siestagarden.com\/produkt\/2881\/","name":"Rozk\u0142adana sofa ogrodowa Arki - Siesta Garden","isPartOf":{"@id":"https:\/\/www.siestagarden.com\/#website"},"primaryImageOfPage":{"@id":"https:\/\/www.siestagarden.com\/produkt\/2881\/#primaryimage"},"image":{"@id":"https:\/\/www.siestagarden.com\/produkt\/2881\/#primaryimage"},"thumbnailUrl":"https:\/\/www.siestagarden.com\/wp-content\/uploads\/2025\/04\/8776434-e1770883774536.png","datePublished":"2025-04-23T12:57:40+00:00","dateModified":"2026-02-12T08:09:51+00:00","breadcrumb":{"@id":"https:\/\/www.siestagarden.com\/produkt\/2881\/#breadcrumb"},"inLanguage":"hu","potentialAction":[{"@type":"ReadAction","target":["https:\/\/www.siestagarden.com\/produkt\/2881\/"]}]},{"@type":"ImageObject","inLanguage":"hu","@id":"https:\/\/www.siestagarden.com\/produkt\/2881\/#primaryimage","url":"https:\/\/www.siestagarden.com\/wp-content\/uploads\/2025\/04\/8776434-e1770883774536.png","contentUrl":"https:\/\/www.siestagarden.com\/wp-content\/uploads\/2025\/04\/8776434-e1770883774536.png","width":1523,"height":1100},{"@type":"BreadcrumbList","@id":"https:\/\/www.siestagarden.com\/produkt\/2881\/#breadcrumb","itemListElement":[{"@type":"ListItem","position":1,"name":"Strona g\u0142\u00f3wna","item":"https:\/\/www.siestagarden.com\/"},{"@type":"ListItem","position":2,"name":"Sklep","item":"https:\/\/www.siestagarden.com\/sklep\/"},{"@type":"ListItem","position":3,"name":"Rozk\u0142adana sofa ogrodowa Arki"}]},{"@type":"WebSite","@id":"https:\/\/www.siestagarden.com\/#website","url":"https:\/\/www.siestagarden.com\/","name":"Siesta Garden","description":"Kerti b\u00fatorok. Magas min\u0151s\u00e9g\u0171 fa kerti b\u00fatorok lengyel gy\u00e1rt\u00f3ja.","potentialAction":[{"@type":"SearchAction","target":{"@type":"EntryPoint","urlTemplate":"https:\/\/www.siestagarden.com\/?s={search_term_string}"},"query-input":{"@type":"PropertyValueSpecification","valueRequired":true,"valueName":"search_term_string"}}],"inLanguage":"hu"}]}},"_links":{"self":[{"href":"https:\/\/www.siestagarden.com\/hu\/wp-json\/wp\/v2\/product\/2881","targetHints":{"allow":["GET"]}}],"collection":[{"href":"https:\/\/www.siestagarden.com\/hu\/wp-json\/wp\/v2\/product"}],"about":[{"href":"https:\/\/www.siestagarden.com\/hu\/wp-json\/wp\/v2\/types\/product"}],"wp:featuredmedia":[{"embeddable":true,"href":"https:\/\/www.siestagarden.com\/hu\/wp-json\/wp\/v2\/media\/4183"}],"wp:attachment":[{"href":"https:\/\/www.siestagarden.com\/hu\/wp-json\/wp\/v2\/media?parent=2881"}],"wp:term":[{"taxonomy":"product_brand","embeddable":true,"href":"https:\/\/www.siestagarden.com\/hu\/wp-json\/wp\/v2\/product_brand?post=2881"},{"taxonomy":"product_cat","embeddable":true,"href":"https:\/\/www.siestagarden.com\/hu\/wp-json\/wp\/v2\/product_cat?post=2881"},{"taxonomy":"product_tag","embeddable":true,"href":"https:\/\/www.siestagarden.com\/hu\/wp-json\/wp\/v2\/product_tag?post=2881"}],"curies":[{"name":"wp","href":"https:\/\/api.w.org\/{rel}","templated":true}]}}