{"id":2924,"date":"2025-05-06T08:02:18","date_gmt":"2025-05-06T06:02:18","guid":{"rendered":"https:\/\/www.siestagarden.com\/?post_type=product&#038;p=2924"},"modified":"2026-01-27T12:30:41","modified_gmt":"2026-01-27T11:30:41","slug":"donica-1m-domowy-ogrod-podwyzszany-warzywniak-drewniany","status":"publish","type":"product","link":"https:\/\/www.siestagarden.com\/hu\/termek\/donica-1m-domowy-ogrod-podwyzszany-warzywniak-drewniany\/","title":{"rendered":"Magas\u00edtott fa vir\u00e1gl\u00e1da 1m H\u00e1zi Kert"},"content":{"rendered":"<h2 class=\"\" data-start=\"194\" data-end=\"264\">SiestaGarden Kerti n\u00f6v\u00e9nytart\u00f3 \u2013 Jav\u00edtott vetem\u00e9nyes \u00e9s f\u0171szerkert<\/h2>\n<p class=\"\" data-start=\"266\" data-end=\"567\">\u00c1lmodsz saj\u00e1t z\u00f6lds\u00e9g- \u00e9s f\u0171szern\u00f6v\u00e9nytermeszt\u00e9sr\u0151l, m\u00e9g akkor is, ha csak egy erk\u00e9lyed vagy kis teraszod van? A megemelt SiestaGarden vetem\u00e9nyes praktikus \u00e9s eszt\u00e9tikus megold\u00e1s, amely lehet\u0151v\u00e9 teszi, hogy z\u00f6ld zugot alak\u00edts ki b\u00e1rmilyen helyen \u2013 a kertben, a teraszon, vagy ak\u00e1r egy v\u00e1rosi erk\u00e9lyen.<\/p>\n<h3 class=\"\" data-start=\"569\" data-end=\"598\">A term\u00e9k kulcsfontoss\u00e1g\u00fa el\u0151nyei:<\/h3>\n<ul data-start=\"600\" data-end=\"1614\">\n<li class=\"\" data-start=\"600\" data-end=\"780\">\n<p class=\"\" data-start=\"602\" data-end=\"780\"><strong data-start=\"602\" data-end=\"637\">Term\u00e9szetes, tan\u00fas\u00edtott fa<\/strong><br data-start=\"637\" data-end=\"640\" \/>Magyarorsz\u00e1gr\u00f3l sz\u00e1rmaz\u00f3, leg\u00e1lis forr\u00e1sb\u00f3l sz\u00e1rmaz\u00f3 f\u00e1b\u00f3l k\u00e9sz\u00fclt szerkezet. Er\u0151s \u00e9s tart\u00f3s anyag, ide\u00e1lis ehet\u0151 n\u00f6v\u00e9nyek termeszt\u00e9s\u00e9re.<\/p>\n<\/li>\n<li class=\"\" data-start=\"782\" data-end=\"906\">\n<p class=\"\" data-start=\"784\" data-end=\"906\"><strong data-start=\"784\" data-end=\"808\">Biztons\u00e1gos a n\u00f6v\u00e9nyek sz\u00e1m\u00e1ra<\/strong><br data-start=\"808\" data-end=\"811\" \/>A f\u00e1t k\u00f6rnyezetbar\u00e1t impregn\u00e1l\u00f3szerrel kezelt\u00e9k, amely nem k\u00e1ros\u00edtja a z\u00f6lds\u00e9geket vagy a f\u0171szern\u00f6v\u00e9nyeket.<\/p>\n<\/li>\n<li class=\"\" data-start=\"908\" data-end=\"1080\">\n<p class=\"\" data-start=\"910\" data-end=\"1080\"><strong data-start=\"910\" data-end=\"932\">K\u00e9nyelmes haszn\u00e1lat<\/strong><br data-start=\"932\" data-end=\"935\" \/>A megfelel\u0151 magass\u00e1g\u00fa l\u00e1da kik\u00fcsz\u00f6b\u00f6li a hajolgat\u00e1s sz\u00fcks\u00e9gess\u00e9g\u00e9t \u2013 ide\u00e1lis megold\u00e1s id\u0151sek vagy mozg\u00e1sukban korl\u00e1tozott szem\u00e9lyek sz\u00e1m\u00e1ra is.<\/p>\n<\/li>\n<li class=\"\" data-start=\"1082\" data-end=\"1221\">\n<p class=\"\" data-start=\"1084\" data-end=\"1221\"><strong data-start=\"1084\" data-end=\"1116\">\u00c1tgondolt V-alak<\/strong><br data-start=\"1116\" data-end=\"1119\" \/>Lehet\u0151v\u00e9 teszi a hely hat\u00e9kony kihaszn\u00e1l\u00e1s\u00e1t \u00e9s k\u00fcl\u00f6nf\u00e9le n\u00f6v\u00e9nyfajok \u00fcltet\u00e9s\u00e9t egyetlen ed\u00e9nybe.<\/p>\n<\/li>\n<li class=\"\" data-start=\"1223\" data-end=\"1350\">\n<p class=\"\" data-start=\"1225\" data-end=\"1350\"><strong data-start=\"1225\" data-end=\"1258\">V\u00e9d\u0151f\u00f3lia mell\u00e9kelve<\/strong><br data-start=\"1258\" data-end=\"1261\" \/>Megakad\u00e1lyozza a talaj \u00e9rintkez\u00e9s\u00e9t a f\u00e1val, \u00e9s seg\u00edt fenntartani a megfelel\u0151 p\u00e1ratartalmat.<\/p>\n<\/li>\n<li class=\"\" data-start=\"1352\" data-end=\"1484\">\n<p class=\"\" data-start=\"1354\" data-end=\"1484\"><strong data-start=\"1354\" data-end=\"1377\">Nedvsz\u00edv\u00f3<\/strong><br data-start=\"1377\" data-end=\"1380\" \/>A m\u0171anyag l\u00e1bak korl\u00e1tozz\u00e1k a fa v\u00edzfelv\u00e9tel\u00e9t, meghosszabb\u00edtva az eg\u00e9sz szerkezet \u00e9lettartam\u00e1t.<\/p>\n<\/li>\n<li class=\"\" data-start=\"1486\" data-end=\"1614\">\n<p class=\"\" data-start=\"1488\" data-end=\"1614\"><strong data-start=\"1488\" data-end=\"1505\">Egyszer\u0171 \u00f6sszeszerel\u00e9s<\/strong><br data-start=\"1505\" data-end=\"1508\" \/>A term\u00e9k lapos csomagol\u00e1sban \u00e9rkezik, \u00f6sszeszerel\u00e9shez nem sz\u00fcks\u00e9ges speci\u00e1lis szersz\u00e1m.<\/p>\n<\/li>\n<\/ul>\n<h3 class=\"\" data-start=\"1616\" data-end=\"1650\">Alak\u00edtsa saj\u00e1t ter\u00e9hez<\/h3>\n<p class=\"\" data-start=\"1652\" data-end=\"1860\">Az ed\u00e9ny k\u00e9tf\u00e9le hossz\u00fas\u00e1gban (100 cm \u00e9s 150 cm) kaphat\u00f3, \u00edgy k\u00f6nnyen hozz\u00e1igaz\u00edthat\u00f3 a rendelkez\u00e9sre \u00e1ll\u00f3 helyhez. Term\u00e9szetes fel\u00fclete klasszikus \u00e9s modern kerti elrendez\u00e9sekhez is illeszkedik.<\/p>\n<p class=\"\" data-start=\"1862\" data-end=\"2019\">\ud83d\udcfd\ufe0f <strong data-start=\"1866\" data-end=\"1897\">N\u00e9zd, milyen k\u00f6nny\u0171 \u00f6sszeszerelni<\/strong><br data-start=\"1897\" data-end=\"1900\" \/>Haszn\u00e1lati \u00fatmutat\u00f3nk l\u00e9p\u00e9sr\u0151l l\u00e9p\u00e9sre minden sz\u00fcks\u00e9ges inform\u00e1ci\u00f3t tartalmaz. <a class=\"\" href=\"https:\/\/www.youtube.com\/watch?v=b3UTwPBc6vk\" target=\"_new\" rel=\"noopener\" data-start=\"1957\" data-end=\"2018\">YouTube csatorna<\/a>.<\/p>\n<h3 class=\"\" data-start=\"2021\" data-end=\"2070\">Mi\u00e9rt \u00e9rdemes a SiestaGarden z\u00f6lds\u00e9g\u00e1gy\u00e1st v\u00e1lasztani?<\/h3>\n<ul data-start=\"2072\" data-end=\"2333\">\n<li class=\"\" data-start=\"2072\" data-end=\"2125\">\n<p class=\"\" data-start=\"2074\" data-end=\"2125\">Bio gazd\u00e1lkodsz \u2013 pontosan tudod, mit eszel<\/p>\n<\/li>\n<li class=\"\" data-start=\"2126\" data-end=\"2201\">\n<p class=\"\" data-start=\"2128\" data-end=\"2201\">Helytakar\u00e9kos, teljes \u00e9rt\u00e9k\u0171 kertet hozhatsz l\u00e9tre m\u00e9g a balkonon is<\/p>\n<\/li>\n<li class=\"\" data-start=\"2202\" data-end=\"2262\">\n<p class=\"\" data-start=\"2204\" data-end=\"2262\">V\u00e9di a n\u00f6v\u00e9nyeket a k\u00e1rtev\u0151k \u00e9s a kedvez\u0151tlen id\u0151j\u00e1r\u00e1s ellen<\/p>\n<\/li>\n<li class=\"\" data-start=\"2263\" data-end=\"2333\">\n<p class=\"\" data-start=\"2265\" data-end=\"2333\">Tart\u00f3ss\u00e1got \u00e9lvezhet a massz\u00edv, impregn\u00e1lt szerkezetnek k\u00f6sz\u00f6nhet\u0151en<\/p>\n<\/li>\n<\/ul>\n<hr class=\"\" data-start=\"2335\" data-end=\"2338\" \/>\n<p class=\"\" data-start=\"2340\" data-end=\"2555\">Alak\u00edtsd ki saj\u00e1t, k\u00f6rnyezetbar\u00e1t kertedet \u2013 b\u00e1rhol is vagy. A D<strong>omowym Ogrodem<\/strong> a SiestaGarden k\u00edn\u00e1lat\u00e1val nem csak <strong>funkcion\u00e1lis vetem\u00e9nyeskert<\/strong>, de sz\u00e9p is <strong>t\u00e9rbeli elem<\/strong>, Ami inspir\u00e1l<strong> eg\u00e9szs\u00e9ges \u00e9letm\u00f3d<\/strong>.<\/p>","protected":false},"excerpt":{"rendered":"<p>Domowy Ogr\u00f3d SiestaGarden \u2013 Podwy\u017cszona Skrzynia na Warzywa i Zio\u0142a Marzysz o w\u0142asnej uprawie warzyw i zi\u00f3\u0142, nawet je\u015bli dysponujesz jedynie balkonem lub niewielkim tarasem? Podwy\u017cszony warzywnik SiestaGarden to praktyczne i estetyczne rozwi\u0105zanie, kt\u00f3re pozwoli Ci stworzy\u0107 zielony zak\u0105tek w dowolnej przestrzeni \u2013 w ogrodzie, na tarasie, a nawet na miejskim balkonie. Kluczowe zalety produktu: [&hellip;]<\/p>\n","protected":false},"featured_media":2925,"template":"","meta":{"_acf_changed":false},"product_brand":[],"product_cat":[75],"product_tag":[],"class_list":{"0":"post-2924","1":"product","2":"type-product","3":"status-publish","4":"has-post-thumbnail","6":"product_cat-donice-i-warzywniki","7":"product_shipping_class-podstawowa","9":"first","10":"instock","11":"taxable","12":"shipping-taxable","13":"purchasable","14":"product-type-simple","15":"add-to-wishlist-after_add_to_cart"},"acf":[],"yoast_head":"<!-- This site is optimized with the Yoast SEO plugin v26.6 - https:\/\/yoast.com\/wordpress\/plugins\/seo\/ -->\n<title>Podwy\u017cszany warzywniak drewniany donica 1m Domowy Ogr\u00f3d - Siesta Garden<\/title>\n<meta name=\"robots\" content=\"index, follow, max-snippet:-1, max-image-preview:large, max-video-preview:-1\" \/>\n<link rel=\"canonical\" href=\"https:\/\/www.siestagarden.com\/hu\/termek\/donica-1m-domowy-ogrod-podwyzszany-warzywniak-drewniany\/\" \/>\n<meta property=\"og:locale\" content=\"hu_HU\" \/>\n<meta property=\"og:type\" content=\"article\" \/>\n<meta property=\"og:title\" content=\"Podwy\u017cszany warzywniak drewniany donica 1m Domowy Ogr\u00f3d - Siesta Garden\" \/>\n<meta property=\"og:description\" content=\"Domowy Ogr\u00f3d SiestaGarden \u2013 Podwy\u017cszona Skrzynia na Warzywa i Zio\u0142a Marzysz o w\u0142asnej uprawie warzyw i zi\u00f3\u0142, nawet je\u015bli dysponujesz jedynie balkonem lub niewielkim tarasem? Podwy\u017cszony warzywnik SiestaGarden to praktyczne i estetyczne rozwi\u0105zanie, kt\u00f3re pozwoli Ci stworzy\u0107 zielony zak\u0105tek w dowolnej przestrzeni \u2013 w ogrodzie, na tarasie, a nawet na miejskim balkonie. Kluczowe zalety produktu: [&hellip;]\" \/>\n<meta property=\"og:url\" content=\"https:\/\/www.siestagarden.com\/hu\/termek\/donica-1m-domowy-ogrod-podwyzszany-warzywniak-drewniany\/\" \/>\n<meta property=\"og:site_name\" content=\"Siesta Garden\" \/>\n<meta property=\"article:modified_time\" content=\"2026-01-27T11:30:41+00:00\" \/>\n<meta property=\"og:image\" content=\"https:\/\/www.siestagarden.com\/wp-content\/uploads\/2025\/05\/IMG_8966-scaled.jpg\" \/>\n\t<meta property=\"og:image:width\" content=\"2560\" \/>\n\t<meta property=\"og:image:height\" content=\"1707\" \/>\n\t<meta property=\"og:image:type\" content=\"image\/jpeg\" \/>\n<meta name=\"twitter:card\" content=\"summary_large_image\" \/>\n<meta name=\"twitter:label1\" content=\"Becs\u00fclt olvas\u00e1si id\u0151\" \/>\n\t<meta name=\"twitter:data1\" content=\"2 perc\" \/>\n<script type=\"application\/ld+json\" class=\"yoast-schema-graph\">{\"@context\":\"https:\/\/schema.org\",\"@graph\":[{\"@type\":\"WebPage\",\"@id\":\"https:\/\/www.siestagarden.com\/produkt\/donica-1m-domowy-ogrod-podwyzszany-warzywniak-drewniany\/\",\"url\":\"https:\/\/www.siestagarden.com\/produkt\/donica-1m-domowy-ogrod-podwyzszany-warzywniak-drewniany\/\",\"name\":\"Podwy\u017cszany warzywniak drewniany donica 1m Domowy Ogr\u00f3d - Siesta Garden\",\"isPartOf\":{\"@id\":\"https:\/\/www.siestagarden.com\/#website\"},\"primaryImageOfPage\":{\"@id\":\"https:\/\/www.siestagarden.com\/produkt\/donica-1m-domowy-ogrod-podwyzszany-warzywniak-drewniany\/#primaryimage\"},\"image\":{\"@id\":\"https:\/\/www.siestagarden.com\/produkt\/donica-1m-domowy-ogrod-podwyzszany-warzywniak-drewniany\/#primaryimage\"},\"thumbnailUrl\":\"https:\/\/www.siestagarden.com\/wp-content\/uploads\/2025\/05\/IMG_8966-scaled.jpg\",\"datePublished\":\"2025-05-06T06:02:18+00:00\",\"dateModified\":\"2026-01-27T11:30:41+00:00\",\"breadcrumb\":{\"@id\":\"https:\/\/www.siestagarden.com\/produkt\/donica-1m-domowy-ogrod-podwyzszany-warzywniak-drewniany\/#breadcrumb\"},\"inLanguage\":\"hu\",\"potentialAction\":[{\"@type\":\"ReadAction\",\"target\":[\"https:\/\/www.siestagarden.com\/produkt\/donica-1m-domowy-ogrod-podwyzszany-warzywniak-drewniany\/\"]}]},{\"@type\":\"ImageObject\",\"inLanguage\":\"hu\",\"@id\":\"https:\/\/www.siestagarden.com\/produkt\/donica-1m-domowy-ogrod-podwyzszany-warzywniak-drewniany\/#primaryimage\",\"url\":\"https:\/\/www.siestagarden.com\/wp-content\/uploads\/2025\/05\/IMG_8966-scaled.jpg\",\"contentUrl\":\"https:\/\/www.siestagarden.com\/wp-content\/uploads\/2025\/05\/IMG_8966-scaled.jpg\",\"width\":2560,\"height\":1707},{\"@type\":\"BreadcrumbList\",\"@id\":\"https:\/\/www.siestagarden.com\/produkt\/donica-1m-domowy-ogrod-podwyzszany-warzywniak-drewniany\/#breadcrumb\",\"itemListElement\":[{\"@type\":\"ListItem\",\"position\":1,\"name\":\"Strona g\u0142\u00f3wna\",\"item\":\"https:\/\/www.siestagarden.com\/\"},{\"@type\":\"ListItem\",\"position\":2,\"name\":\"Sklep\",\"item\":\"https:\/\/www.siestagarden.com\/sklep\/\"},{\"@type\":\"ListItem\",\"position\":3,\"name\":\"Podwy\u017cszany warzywniak drewniany donica 1m Domowy Ogr\u00f3d\"}]},{\"@type\":\"WebSite\",\"@id\":\"https:\/\/www.siestagarden.com\/#website\",\"url\":\"https:\/\/www.siestagarden.com\/\",\"name\":\"Siesta Garden\",\"description\":\"Meble do Twojego ogrodu. Polski producent drewnianych mebli najwy\u017cszej jako\u015bci.\",\"potentialAction\":[{\"@type\":\"SearchAction\",\"target\":{\"@type\":\"EntryPoint\",\"urlTemplate\":\"https:\/\/www.siestagarden.com\/?s={search_term_string}\"},\"query-input\":{\"@type\":\"PropertyValueSpecification\",\"valueRequired\":true,\"valueName\":\"search_term_string\"}}],\"inLanguage\":\"hu\"}]}<\/script>\n<!-- \/ Yoast SEO plugin. -->","yoast_head_json":{"title":"Podwy\u017cszany warzywniak drewniany donica 1m Domowy Ogr\u00f3d - Siesta Garden","robots":{"index":"index","follow":"follow","max-snippet":"max-snippet:-1","max-image-preview":"max-image-preview:large","max-video-preview":"max-video-preview:-1"},"canonical":"https:\/\/www.siestagarden.com\/hu\/termek\/donica-1m-domowy-ogrod-podwyzszany-warzywniak-drewniany\/","og_locale":"hu_HU","og_type":"article","og_title":"Podwy\u017cszany warzywniak drewniany donica 1m Domowy Ogr\u00f3d - Siesta Garden","og_description":"Domowy Ogr\u00f3d SiestaGarden \u2013 Podwy\u017cszona Skrzynia na Warzywa i Zio\u0142a Marzysz o w\u0142asnej uprawie warzyw i zi\u00f3\u0142, nawet je\u015bli dysponujesz jedynie balkonem lub niewielkim tarasem? Podwy\u017cszony warzywnik SiestaGarden to praktyczne i estetyczne rozwi\u0105zanie, kt\u00f3re pozwoli Ci stworzy\u0107 zielony zak\u0105tek w dowolnej przestrzeni \u2013 w ogrodzie, na tarasie, a nawet na miejskim balkonie. Kluczowe zalety produktu: [&hellip;]","og_url":"https:\/\/www.siestagarden.com\/hu\/termek\/donica-1m-domowy-ogrod-podwyzszany-warzywniak-drewniany\/","og_site_name":"Siesta Garden","article_modified_time":"2026-01-27T11:30:41+00:00","og_image":[{"width":2560,"height":1707,"url":"https:\/\/www.siestagarden.com\/wp-content\/uploads\/2025\/05\/IMG_8966-scaled.jpg","type":"image\/jpeg"}],"twitter_card":"summary_large_image","twitter_misc":{"Becs\u00fclt olvas\u00e1si id\u0151":"2 perc"},"schema":{"@context":"https:\/\/schema.org","@graph":[{"@type":"WebPage","@id":"https:\/\/www.siestagarden.com\/produkt\/donica-1m-domowy-ogrod-podwyzszany-warzywniak-drewniany\/","url":"https:\/\/www.siestagarden.com\/produkt\/donica-1m-domowy-ogrod-podwyzszany-warzywniak-drewniany\/","name":"Podwy\u017cszany warzywniak drewniany donica 1m Domowy Ogr\u00f3d - Siesta Garden","isPartOf":{"@id":"https:\/\/www.siestagarden.com\/#website"},"primaryImageOfPage":{"@id":"https:\/\/www.siestagarden.com\/produkt\/donica-1m-domowy-ogrod-podwyzszany-warzywniak-drewniany\/#primaryimage"},"image":{"@id":"https:\/\/www.siestagarden.com\/produkt\/donica-1m-domowy-ogrod-podwyzszany-warzywniak-drewniany\/#primaryimage"},"thumbnailUrl":"https:\/\/www.siestagarden.com\/wp-content\/uploads\/2025\/05\/IMG_8966-scaled.jpg","datePublished":"2025-05-06T06:02:18+00:00","dateModified":"2026-01-27T11:30:41+00:00","breadcrumb":{"@id":"https:\/\/www.siestagarden.com\/produkt\/donica-1m-domowy-ogrod-podwyzszany-warzywniak-drewniany\/#breadcrumb"},"inLanguage":"hu","potentialAction":[{"@type":"ReadAction","target":["https:\/\/www.siestagarden.com\/produkt\/donica-1m-domowy-ogrod-podwyzszany-warzywniak-drewniany\/"]}]},{"@type":"ImageObject","inLanguage":"hu","@id":"https:\/\/www.siestagarden.com\/produkt\/donica-1m-domowy-ogrod-podwyzszany-warzywniak-drewniany\/#primaryimage","url":"https:\/\/www.siestagarden.com\/wp-content\/uploads\/2025\/05\/IMG_8966-scaled.jpg","contentUrl":"https:\/\/www.siestagarden.com\/wp-content\/uploads\/2025\/05\/IMG_8966-scaled.jpg","width":2560,"height":1707},{"@type":"BreadcrumbList","@id":"https:\/\/www.siestagarden.com\/produkt\/donica-1m-domowy-ogrod-podwyzszany-warzywniak-drewniany\/#breadcrumb","itemListElement":[{"@type":"ListItem","position":1,"name":"Strona g\u0142\u00f3wna","item":"https:\/\/www.siestagarden.com\/"},{"@type":"ListItem","position":2,"name":"Sklep","item":"https:\/\/www.siestagarden.com\/sklep\/"},{"@type":"ListItem","position":3,"name":"Podwy\u017cszany warzywniak drewniany donica 1m Domowy Ogr\u00f3d"}]},{"@type":"WebSite","@id":"https:\/\/www.siestagarden.com\/#website","url":"https:\/\/www.siestagarden.com\/","name":"Siesta Garden","description":"Kerti b\u00fatorok. Magas min\u0151s\u00e9g\u0171 fa kerti b\u00fatorok lengyel gy\u00e1rt\u00f3ja.","potentialAction":[{"@type":"SearchAction","target":{"@type":"EntryPoint","urlTemplate":"https:\/\/www.siestagarden.com\/?s={search_term_string}"},"query-input":{"@type":"PropertyValueSpecification","valueRequired":true,"valueName":"search_term_string"}}],"inLanguage":"hu"}]}},"_links":{"self":[{"href":"https:\/\/www.siestagarden.com\/hu\/wp-json\/wp\/v2\/product\/2924","targetHints":{"allow":["GET"]}}],"collection":[{"href":"https:\/\/www.siestagarden.com\/hu\/wp-json\/wp\/v2\/product"}],"about":[{"href":"https:\/\/www.siestagarden.com\/hu\/wp-json\/wp\/v2\/types\/product"}],"wp:featuredmedia":[{"embeddable":true,"href":"https:\/\/www.siestagarden.com\/hu\/wp-json\/wp\/v2\/media\/2925"}],"wp:attachment":[{"href":"https:\/\/www.siestagarden.com\/hu\/wp-json\/wp\/v2\/media?parent=2924"}],"wp:term":[{"taxonomy":"product_brand","embeddable":true,"href":"https:\/\/www.siestagarden.com\/hu\/wp-json\/wp\/v2\/product_brand?post=2924"},{"taxonomy":"product_cat","embeddable":true,"href":"https:\/\/www.siestagarden.com\/hu\/wp-json\/wp\/v2\/product_cat?post=2924"},{"taxonomy":"product_tag","embeddable":true,"href":"https:\/\/www.siestagarden.com\/hu\/wp-json\/wp\/v2\/product_tag?post=2924"}],"curies":[{"name":"wp","href":"https:\/\/api.w.org\/{rel}","templated":true}]}}