{"id":2955,"date":"2025-05-20T13:07:51","date_gmt":"2025-05-20T11:07:51","guid":{"rendered":"https:\/\/www.siestagarden.com\/?post_type=product&#038;p=2955"},"modified":"2026-02-04T16:48:10","modified_gmt":"2026-02-04T15:48:10","slug":"ryby-z-lasu-grubson","status":"publish","type":"product","link":"https:\/\/www.siestagarden.com\/hu\/termek\/ryby-z-lasu-grubson\/","title":{"rendered":"Halak az erd\u0151b\u0151l \u2013 Grubson"},"content":{"rendered":"<p>\u00c9lvezd a halodat, b\u00facs\u00fazz el az unalomt\u00f3l, \u00e9s k\u00f6sz\u00f6ntsd a sz\u00f3rakoztat\u00f3 kalandot, amely feldobja az otthon t\u00f6lt\u00f6tt id\u0151det!<\/p>\n<p>Fedezd fel a csomagunkat <strong>k\u00e9t b\u00e1jos hal figura<\/strong> min\u0151s\u00edtett anyagb\u00f3l k\u00e9sz\u00fclt <strong>fsc-puhafa<\/strong>, minden egyes v\u00e1rja, hogy \u00e1talak\u00edts\u00e1k <strong>egyedi m\u0171alkot\u00e1s<\/strong>. \u00dagy tervezt\u00e9k, hogy hangulatot vigyen otthon\u00e1ba <strong>\u00f6r\u00f6m\u00f6t, kreativit\u00e1st \u00e9s b\u00e9k\u00e9t<\/strong>, ez a b\u00e1jos k\u00e9szlet arra cs\u00e1b\u00edtja a vend\u00e9geket, hogy belemer\u00fcljenek<strong> intuit\u00edv fest\u00e9si \u00e9lm\u00e9ny<\/strong>, amit eddig nem ismert.<\/p>\n<p>T\u00f6lts el kikapcsol\u00f3d\u00e1si id\u0151t <strong>kreat\u00edvan<\/strong> \u00e9s vond be gyermeked valami sz\u00f3rakoztat\u00f3ba <strong>biztos\u00edtson minden koroszt\u00e1ly sz\u00e1m\u00e1ra pihentet\u0151 \u00e9s kellemes kikapcsol\u00f3d\u00e1si lehet\u0151s\u00e9get.<\/strong> F\u00fcggetlen\u00fcl a tapasztalatodt\u00f3l, a k\u00e9szlet\u00fcnk mindent megad ahhoz, hogy l\u00e9trehozz <strong>m\u0171alkot\u00e1sok laza l\u00e9gk\u00f6rben<\/strong>.<\/p>\n<p>A mi\u00e9nkben <strong>fantaszikus csomagban<\/strong> megtal\u00e1l mindent, amire sz\u00fcks\u00e9ged van ahhoz, hogy felszabad\u00edtsd bels\u0151 m\u0171v\u00e9szed: <strong>k\u00e9t vid\u00e1m hal, fest\u00e9kek, ecset \u00e9s v\u00e9d\u0151al\u00e1t\u00e9t<\/strong> egyszer\u0171 utas\u00edt\u00e1sokkal.<\/p>\n<p>\u00cdgy mer\u00fclhetsz el a sz\u00f3rakoz\u00e1sban:<\/p>\n<p>\u00dclj k\u00e9nyelembe a<strong> hotel szob\u00e1ban<\/strong> lub bud\u017cet restauracji, roz\u0142\u00f3\u017c swoje <strong>eszk\u00f6z\u00f6k<\/strong> \u00e9s k\u00e9sz\u00fclj fel a <strong>var\u00e1zslatok l\u00e9trehoz\u00e1sa<\/strong>. V\u00e1laszd ki a halat \u00e9s<strong> mer\u00fclj el a sz\u00ednekben<\/strong> \u2013 nincsenek itt szab\u00e1lyok, csak sodr\u00f3dj az \u00e1rral \u00e9s <strong>Fesd, ahogy akarsz<\/strong>. B\u00e1tran keverd <strong>sz\u00ednek<\/strong>, hozz\u00e1 <strong>t\u00f6r\u00f6tt<\/strong> lub nawet <strong>matric\u00e1k<\/strong> tov\u00e1bbi hat\u00e1s kedv\u00e9\u00e9rt. Miut\u00e1n elk\u00e9sz\u00edtette remekm\u0171v\u00e9t, k\u00e9sz\u00edtsen egy fot\u00f3t, \u00e9s <strong>Ossza meg a vil\u00e1ggal<\/strong>Ak\u00e1r tapasztalt m\u0171v\u00e9sz vagy, ak\u00e1r csak sz\u00f3rakozni v\u00e1gysz, a mi Z<strong>Horg\u00e1sz fest\u00e9k k\u00e9szlet<\/strong> Ez egy nagyszer\u0171 m\u00f3dja a kikapcsol\u00f3d\u00e1snak \u00e9s a kreat\u00edvkod\u00e1snak. <strong>Teh\u00e1t fogd az ecsetet, \u00e9s fess\u00fcnk sz\u00ednes halakat<\/strong><\/p>\n<p><strong><a href=\"https:\/\/www.siestagarden.com\/wp-content\/uploads\/2025\/05\/video-output-DA3FF488-8EA3-4E03-92D2-F6AF6420AD12.mov\">Megn\u00e9zed a filmet \u00e9s megn\u00e9zed, mit lehet kezdeni a halunkkal<\/a><\/strong><\/p>\n<p>Mi\u00e9rt j\u00f3 halakat fogni az erd\u0151ben?<\/p>\n<ul>\n<li><strong>t\u00e1mogatod az eur\u00f3pai gazdas\u00e1got<\/strong><\/li>\n<li><strong>R\u00e9szt veszel a k\u00f6rforg\u00e1sos gazdas\u00e1gban<\/strong><\/li>\n<li><strong>Cs\u00f6kkenti a sz\u00e9nl\u00e1bnyom\u00e1t<\/strong><\/li>\n<li><strong>Kiv\u00e1l\u00f3 min\u0151s\u00e9g\u0171, k\u00f6rnyezetbar\u00e1t f\u00e1b\u00f3l k\u00e9sz\u00edted egyedi m\u0171alkot\u00e1saidat<\/strong><\/li>\n<li><strong>Tudatosan d\u00f6ntesz, \u00e9s \u00e9lvezed!<\/strong><\/li>\n<\/ul>\n<p>&nbsp;<\/p>","protected":false},"excerpt":{"rendered":"<p>Ciesz si\u0119 swoj\u0105 ryb\u0105 po\u017cegnaj si\u0119 z nud\u0105 i powitaj zabawn\u0105 przygod\u0119, kt\u00f3ra rozja\u015bni czas sp\u0119dzony w twoim domu! Odkryj nasz zestaw dw\u00f3ch uroczych figurek ryb wykonanych z certyfikowanego drewna sosnowego FSC, ka\u017cda czekaj\u0105ca, by zosta\u0107 przekszta\u0142con\u0105 w unikatowe dzie\u0142o sztuki. Zaprojektowane, by wnie\u015b\u0107 do twojego domu atmosfer\u0119 rado\u015bci, kreatywno\u015bci i spokoju, ten czaruj\u0105cy zestaw [&hellip;]<\/p>\n","protected":false},"featured_media":2956,"template":"","meta":{"_acf_changed":false},"product_brand":[],"product_cat":[76,114,87],"product_tag":[],"class_list":{"0":"post-2955","1":"product","2":"type-product","3":"status-publish","4":"has-post-thumbnail","6":"product_cat-akcesoria-ogrodowe","7":"product_cat-dla-dzieci","8":"product_cat-promocje","9":"product_shipping_class-podstawowa","11":"first","12":"instock","13":"sale","14":"taxable","15":"shipping-taxable","16":"purchasable","17":"product-type-simple","18":"add-to-wishlist-after_add_to_cart"},"acf":[],"yoast_head":"<!-- This site is optimized with the Yoast SEO plugin v26.6 - https:\/\/yoast.com\/wordpress\/plugins\/seo\/ -->\n<title>Ryby z lasu - Grubson - Siesta Garden<\/title>\n<meta name=\"robots\" content=\"index, follow, max-snippet:-1, max-image-preview:large, max-video-preview:-1\" \/>\n<link rel=\"canonical\" href=\"https:\/\/www.siestagarden.com\/hu\/termek\/ryby-z-lasu-grubson\/\" \/>\n<meta property=\"og:locale\" content=\"hu_HU\" \/>\n<meta property=\"og:type\" content=\"article\" \/>\n<meta property=\"og:title\" content=\"Ryby z lasu - Grubson - Siesta Garden\" \/>\n<meta property=\"og:description\" content=\"Ciesz si\u0119 swoj\u0105 ryb\u0105 po\u017cegnaj si\u0119 z nud\u0105 i powitaj zabawn\u0105 przygod\u0119, kt\u00f3ra rozja\u015bni czas sp\u0119dzony w twoim domu! Odkryj nasz zestaw dw\u00f3ch uroczych figurek ryb wykonanych z certyfikowanego drewna sosnowego FSC, ka\u017cda czekaj\u0105ca, by zosta\u0107 przekszta\u0142con\u0105 w unikatowe dzie\u0142o sztuki. Zaprojektowane, by wnie\u015b\u0107 do twojego domu atmosfer\u0119 rado\u015bci, kreatywno\u015bci i spokoju, ten czaruj\u0105cy zestaw [&hellip;]\" \/>\n<meta property=\"og:url\" content=\"https:\/\/www.siestagarden.com\/hu\/termek\/ryby-z-lasu-grubson\/\" \/>\n<meta property=\"og:site_name\" content=\"Siesta Garden\" \/>\n<meta property=\"article:modified_time\" content=\"2026-02-04T15:48:10+00:00\" \/>\n<meta property=\"og:image\" content=\"https:\/\/www.siestagarden.com\/wp-content\/uploads\/2025\/05\/5I3A8140-scaled.jpg\" \/>\n\t<meta property=\"og:image:width\" content=\"1707\" \/>\n\t<meta property=\"og:image:height\" content=\"2560\" \/>\n\t<meta property=\"og:image:type\" content=\"image\/jpeg\" \/>\n<meta name=\"twitter:card\" content=\"summary_large_image\" \/>\n<meta name=\"twitter:label1\" content=\"Becs\u00fclt olvas\u00e1si id\u0151\" \/>\n\t<meta name=\"twitter:data1\" content=\"2 perc\" \/>\n<script type=\"application\/ld+json\" class=\"yoast-schema-graph\">{\"@context\":\"https:\/\/schema.org\",\"@graph\":[{\"@type\":\"WebPage\",\"@id\":\"https:\/\/www.siestagarden.com\/produkt\/ryby-z-lasu-grubson\/\",\"url\":\"https:\/\/www.siestagarden.com\/produkt\/ryby-z-lasu-grubson\/\",\"name\":\"Ryby z lasu - Grubson - Siesta Garden\",\"isPartOf\":{\"@id\":\"https:\/\/www.siestagarden.com\/#website\"},\"primaryImageOfPage\":{\"@id\":\"https:\/\/www.siestagarden.com\/produkt\/ryby-z-lasu-grubson\/#primaryimage\"},\"image\":{\"@id\":\"https:\/\/www.siestagarden.com\/produkt\/ryby-z-lasu-grubson\/#primaryimage\"},\"thumbnailUrl\":\"https:\/\/www.siestagarden.com\/wp-content\/uploads\/2025\/05\/5I3A8140-scaled.jpg\",\"datePublished\":\"2025-05-20T11:07:51+00:00\",\"dateModified\":\"2026-02-04T15:48:10+00:00\",\"breadcrumb\":{\"@id\":\"https:\/\/www.siestagarden.com\/produkt\/ryby-z-lasu-grubson\/#breadcrumb\"},\"inLanguage\":\"hu\",\"potentialAction\":[{\"@type\":\"ReadAction\",\"target\":[\"https:\/\/www.siestagarden.com\/produkt\/ryby-z-lasu-grubson\/\"]}]},{\"@type\":\"ImageObject\",\"inLanguage\":\"hu\",\"@id\":\"https:\/\/www.siestagarden.com\/produkt\/ryby-z-lasu-grubson\/#primaryimage\",\"url\":\"https:\/\/www.siestagarden.com\/wp-content\/uploads\/2025\/05\/5I3A8140-scaled.jpg\",\"contentUrl\":\"https:\/\/www.siestagarden.com\/wp-content\/uploads\/2025\/05\/5I3A8140-scaled.jpg\",\"width\":1707,\"height\":2560},{\"@type\":\"BreadcrumbList\",\"@id\":\"https:\/\/www.siestagarden.com\/produkt\/ryby-z-lasu-grubson\/#breadcrumb\",\"itemListElement\":[{\"@type\":\"ListItem\",\"position\":1,\"name\":\"Strona g\u0142\u00f3wna\",\"item\":\"https:\/\/www.siestagarden.com\/\"},{\"@type\":\"ListItem\",\"position\":2,\"name\":\"Sklep\",\"item\":\"https:\/\/www.siestagarden.com\/sklep\/\"},{\"@type\":\"ListItem\",\"position\":3,\"name\":\"Ryby z lasu &#8211; Grubson\"}]},{\"@type\":\"WebSite\",\"@id\":\"https:\/\/www.siestagarden.com\/#website\",\"url\":\"https:\/\/www.siestagarden.com\/\",\"name\":\"Siesta Garden\",\"description\":\"Meble do Twojego ogrodu. Polski producent drewnianych mebli najwy\u017cszej jako\u015bci.\",\"potentialAction\":[{\"@type\":\"SearchAction\",\"target\":{\"@type\":\"EntryPoint\",\"urlTemplate\":\"https:\/\/www.siestagarden.com\/?s={search_term_string}\"},\"query-input\":{\"@type\":\"PropertyValueSpecification\",\"valueRequired\":true,\"valueName\":\"search_term_string\"}}],\"inLanguage\":\"hu\"}]}<\/script>\n<!-- \/ Yoast SEO plugin. -->","yoast_head_json":{"title":"Ryby z lasu - Grubson - Siesta Garden","robots":{"index":"index","follow":"follow","max-snippet":"max-snippet:-1","max-image-preview":"max-image-preview:large","max-video-preview":"max-video-preview:-1"},"canonical":"https:\/\/www.siestagarden.com\/hu\/termek\/ryby-z-lasu-grubson\/","og_locale":"hu_HU","og_type":"article","og_title":"Ryby z lasu - Grubson - Siesta Garden","og_description":"Ciesz si\u0119 swoj\u0105 ryb\u0105 po\u017cegnaj si\u0119 z nud\u0105 i powitaj zabawn\u0105 przygod\u0119, kt\u00f3ra rozja\u015bni czas sp\u0119dzony w twoim domu! Odkryj nasz zestaw dw\u00f3ch uroczych figurek ryb wykonanych z certyfikowanego drewna sosnowego FSC, ka\u017cda czekaj\u0105ca, by zosta\u0107 przekszta\u0142con\u0105 w unikatowe dzie\u0142o sztuki. Zaprojektowane, by wnie\u015b\u0107 do twojego domu atmosfer\u0119 rado\u015bci, kreatywno\u015bci i spokoju, ten czaruj\u0105cy zestaw [&hellip;]","og_url":"https:\/\/www.siestagarden.com\/hu\/termek\/ryby-z-lasu-grubson\/","og_site_name":"Siesta Garden","article_modified_time":"2026-02-04T15:48:10+00:00","og_image":[{"width":1707,"height":2560,"url":"https:\/\/www.siestagarden.com\/wp-content\/uploads\/2025\/05\/5I3A8140-scaled.jpg","type":"image\/jpeg"}],"twitter_card":"summary_large_image","twitter_misc":{"Becs\u00fclt olvas\u00e1si id\u0151":"2 perc"},"schema":{"@context":"https:\/\/schema.org","@graph":[{"@type":"WebPage","@id":"https:\/\/www.siestagarden.com\/produkt\/ryby-z-lasu-grubson\/","url":"https:\/\/www.siestagarden.com\/produkt\/ryby-z-lasu-grubson\/","name":"Ryby z lasu - Grubson - Siesta Garden","isPartOf":{"@id":"https:\/\/www.siestagarden.com\/#website"},"primaryImageOfPage":{"@id":"https:\/\/www.siestagarden.com\/produkt\/ryby-z-lasu-grubson\/#primaryimage"},"image":{"@id":"https:\/\/www.siestagarden.com\/produkt\/ryby-z-lasu-grubson\/#primaryimage"},"thumbnailUrl":"https:\/\/www.siestagarden.com\/wp-content\/uploads\/2025\/05\/5I3A8140-scaled.jpg","datePublished":"2025-05-20T11:07:51+00:00","dateModified":"2026-02-04T15:48:10+00:00","breadcrumb":{"@id":"https:\/\/www.siestagarden.com\/produkt\/ryby-z-lasu-grubson\/#breadcrumb"},"inLanguage":"hu","potentialAction":[{"@type":"ReadAction","target":["https:\/\/www.siestagarden.com\/produkt\/ryby-z-lasu-grubson\/"]}]},{"@type":"ImageObject","inLanguage":"hu","@id":"https:\/\/www.siestagarden.com\/produkt\/ryby-z-lasu-grubson\/#primaryimage","url":"https:\/\/www.siestagarden.com\/wp-content\/uploads\/2025\/05\/5I3A8140-scaled.jpg","contentUrl":"https:\/\/www.siestagarden.com\/wp-content\/uploads\/2025\/05\/5I3A8140-scaled.jpg","width":1707,"height":2560},{"@type":"BreadcrumbList","@id":"https:\/\/www.siestagarden.com\/produkt\/ryby-z-lasu-grubson\/#breadcrumb","itemListElement":[{"@type":"ListItem","position":1,"name":"Strona g\u0142\u00f3wna","item":"https:\/\/www.siestagarden.com\/"},{"@type":"ListItem","position":2,"name":"Sklep","item":"https:\/\/www.siestagarden.com\/sklep\/"},{"@type":"ListItem","position":3,"name":"Ryby z lasu &#8211; Grubson"}]},{"@type":"WebSite","@id":"https:\/\/www.siestagarden.com\/#website","url":"https:\/\/www.siestagarden.com\/","name":"Siesta Garden","description":"Kerti b\u00fatorok. Magas min\u0151s\u00e9g\u0171 fa kerti b\u00fatorok lengyel gy\u00e1rt\u00f3ja.","potentialAction":[{"@type":"SearchAction","target":{"@type":"EntryPoint","urlTemplate":"https:\/\/www.siestagarden.com\/?s={search_term_string}"},"query-input":{"@type":"PropertyValueSpecification","valueRequired":true,"valueName":"search_term_string"}}],"inLanguage":"hu"}]}},"_links":{"self":[{"href":"https:\/\/www.siestagarden.com\/hu\/wp-json\/wp\/v2\/product\/2955","targetHints":{"allow":["GET"]}}],"collection":[{"href":"https:\/\/www.siestagarden.com\/hu\/wp-json\/wp\/v2\/product"}],"about":[{"href":"https:\/\/www.siestagarden.com\/hu\/wp-json\/wp\/v2\/types\/product"}],"wp:featuredmedia":[{"embeddable":true,"href":"https:\/\/www.siestagarden.com\/hu\/wp-json\/wp\/v2\/media\/2956"}],"wp:attachment":[{"href":"https:\/\/www.siestagarden.com\/hu\/wp-json\/wp\/v2\/media?parent=2955"}],"wp:term":[{"taxonomy":"product_brand","embeddable":true,"href":"https:\/\/www.siestagarden.com\/hu\/wp-json\/wp\/v2\/product_brand?post=2955"},{"taxonomy":"product_cat","embeddable":true,"href":"https:\/\/www.siestagarden.com\/hu\/wp-json\/wp\/v2\/product_cat?post=2955"},{"taxonomy":"product_tag","embeddable":true,"href":"https:\/\/www.siestagarden.com\/hu\/wp-json\/wp\/v2\/product_tag?post=2955"}],"curies":[{"name":"wp","href":"https:\/\/api.w.org\/{rel}","templated":true}]}}