{"id":3281,"date":"2025-08-06T11:09:35","date_gmt":"2025-08-06T09:09:35","guid":{"rendered":"https:\/\/www.siestagarden.com\/?post_type=product&#038;p=3281"},"modified":"2026-03-25T08:54:03","modified_gmt":"2026-03-25T07:54:03","slug":"podwojna-oslona-na-kosze-na-smieci","status":"publish","type":"product","link":"https:\/\/www.siestagarden.com\/hu\/termek\/podwojna-oslona-na-kosze-na-smieci\/","title":{"rendered":"Szemetes kuka fed\u00e9l | dupla | 120L 240L | term\u00e9szetes feny\u0151"},"content":{"rendered":"<div class=\"mpof_ki myre_zn myre_8v_l m389_6m_l\">\n<div class=\"mp4t_16_s mryx_16_s mr3m_1 mli2_1 mh85_56 mh85_0_l\">\n<div class=\"mgn2_16 _0d3bd_am0a-\">\n<p><b>Fabby kemping fa kukapall\u00f3 2x240L \u2013 feny\u0151fa kemping szemetes t\u00e1rol\u00f3<\/b><\/p>\n<p>St\u00edlusos m\u00f3dot keresel a cs\u00fanya kuk\u00e1k elrejt\u00e9s\u00e9re? Ez <b>f\u00e1b\u00f3l k\u00e9sz\u00fclt kuka fedele<\/b> k\u00e9sz\u00fclt <b>FSC\u00ae tan\u00fas\u00edtv\u00e1nnyal rendelkez\u0151 feny\u0151fa<\/b> ez egy olyan megold\u00e1s, amely \u00f6sszekapcsol <b>eszt\u00e9tik\u00e1t, tart\u00f3ss\u00e1got \u00e9s k\u00f6rnyezettudatoss\u00e1got<\/b>.<\/p>\n<p>Ide\u00e1lis mint:<\/p>\n<p>\u2013 <b>kuk\u00e1\u00e9rt\u00e1rol\u00f3 2x240L vagy 2x120L<\/b><\/p>\n<p>\u2013 <b>szemetes kont\u00e9ner h\u00e1z<\/b><\/p>\n<p>\u2013 <b>kommun\u00e1lis hullad\u00e9kgy\u0171jt\u0151 ed\u00e9nyek fedele<\/b><\/p>\n<\/div>\n<\/div>\n<\/div>\n<div class=\"mpof_ki myre_zn myre_8v_l m389_6m_l\">\n<div class=\"mp4t_16_s mryx_16_s mr3m_1 mli2_1 mh85_56 mh85_0_l\">\n<div class=\"mg9e_8 mj7a_8 mg9e_0_s mvrt_0_s mj7a_0_s mh36_0_s mzmg_6m munh_16_l m3h2_16_l\">\n<div class=\"mp4t_0 mryx_0 munh_56 m3h2_56\">\n<div class=\"mp7g_oh\"><\/div>\n<\/div>\n<\/div>\n<\/div>\n<\/div>\n<div class=\"mpof_ki myre_zn myre_8v_l m389_6m_l\">\n<div class=\"mp4t_16_s mryx_16_s mr3m_1 mli2_1 mh85_56 mh85_0_l\">\n<div class=\"mgn2_16 _0d3bd_am0a-\">\n<p><b>A term\u00e9k legfontosabb jellemz\u0151i:<\/b><\/p>\n<ul>\n<li><b>Teljes m\u00e9retek:<\/b> 148 cm (sz\u00e9less\u00e9g) x 92 cm (m\u00e9lys\u00e9g) x 120 cm (magass\u00e1g)<\/li>\n<li><b>K\u00e9t tart\u00e1ly 120 vagy 240 literes<\/b><\/li>\n<li><b>Anyag:<\/b> tart\u00f3s feny\u0151fa <b>FSC\u00ae \u2013 fenntarthat\u00f3 forr\u00e1sb\u00f3l<\/b><\/li>\n<li><b>Sz\u00edn<\/b> barna<\/li>\n<li><b>K\u00fcl\u00f6n nyithat\u00f3 fedelek<\/b><\/li>\n<li><b>Kont\u00e9ner fed\u00e9l emel\u0151 l\u00e1nc<\/b><\/li>\n<li><b>El\u00fcls\u0151 ajt\u00f3 reteszel\u0151vel \u2013 k\u00e9nyelmes hozz\u00e1f\u00e9r\u00e9s \u00e9s tiszt\u00edt\u00e1s<\/b><\/li>\n<\/ul>\n<\/div>\n<\/div>\n<\/div>\n<div class=\"mpof_ki myre_zn myre_8v_l m389_6m_l\">\n<div class=\"mp4t_16_s mryx_16_s mr3m_1 mli2_1 mh85_56 mh85_0_l\">\n<div class=\"mgn2_16 _0d3bd_am0a-\">\n<p><b>A kos\u00e1rtakar\u00f3 el\u0151nyei:<\/b><\/p>\n<ul>\n<li>Jav\u00edtja a kert \u00e9s az ingatlan eszt\u00e9tik\u00e1j\u00e1t<\/li>\n<li>Term\u00e9szetes, tart\u00f3s alapanyagb\u00f3l k\u00e9sz\u00fclt<\/li>\n<li>Nedvess\u00e9g- \u00e9s UV-\u00e1ll\u00f3 impregn\u00e1l\u00e1s r\u00e9v\u00e9n<\/li>\n<li>Kompatibilis 240 literes tart\u00e1lyokkal<\/li>\n<li>K\u00f6nny\u0171 hozz\u00e1f\u00e9r\u00e9s az ajt\u00f3k \u00e9s a felnyithat\u00f3 fedelek r\u00e9v\u00e9n<\/li>\n<li><b>Tudatos v\u00e1laszt\u00e1s \u2013 FSC\u00ae fa<\/b><\/li>\n<\/ul>\n<p><b>Ide\u00e1lis felhaszn\u00e1l\u00e1sokhoz:<\/b><\/p>\n<ul>\n<li>A h\u00e1z el\u0151tt \u2013 eleg\u00e1nsk\u00e9nt <b>szemetes t\u00e1rol\u00f3<\/b><\/li>\n<li>A kertben, a telken, a nyaral\u00f3k mellett<\/li>\n<li>Panzi\u00f3k, vend\u00e9gl\u00e1t\u00f3helyek, kiad\u00f3 apartmanok sz\u00e1m\u00e1ra<\/li>\n<\/ul>\n<\/div>\n<\/div>\n<\/div>\n<div class=\"mpof_ki myre_zn myre_8v_l m389_6m_l\">\n<div class=\"mp4t_16_s mryx_16_s mr3m_1 mli2_1 mh85_56 mh85_0_l\">\n<div class=\"mgn2_16 _0d3bd_am0a-\">\n<p><b>FSC\u00ae faanyag \u2013 mit jelent, \u00e9s mi\u00e9rt \u00e9rdemes?<\/b><\/p>\n<p>Bizony\u00edtv\u00e1ny <b>FSC\u00ae (Forest Stewardship Council)<\/b> azt jelenti, hogy a fa innen sz\u00e1rmazik <b>felel\u0151sen kezelt erd\u0151k<\/b>, amelyekben:<\/p>\n<ul>\n<li>V\u00e9dj\u00fck a k\u00f6rnyezetet \u00e9s a biol\u00f3giai sokf\u00e9les\u00e9get<\/li>\n<li>Betartj\u00e1k a munkav\u00e1llal\u00f3k \u00e9s a helyi k\u00f6z\u00f6ss\u00e9gek jogait<\/li>\n<li>Az erdei er\u0151forr\u00e1sok meg\u00fajul\u00f3ak \u00e9s fenntarthat\u00f3 m\u00f3don haszn\u00e1lhat\u00f3k fel.<\/li>\n<\/ul>\n<p>Term\u00e9kek kiv\u00e1laszt\u00e1sa <b>FSC<\/b>, t\u00e1mogatod a term\u00e9szetv\u00e9delmet \u00e9s a tudatos erd\u0151gazd\u00e1lkod\u00e1st \u2013 kompromisszumok n\u00e9lk\u00fcl a min\u0151s\u00e9g ter\u00e9n.<\/p>\n<\/div>\n<\/div>\n<\/div>\n<div class=\"mpof_ki myre_zn myre_8v_l m389_6m_l\">\n<div class=\"mp4t_16_s mryx_16_s mr3m_1 mli2_1 mh85_56 mh85_0_l\">\n<div class=\"mgn2_16 _0d3bd_am0a-\">\n<p><b>Tov\u00e1bbi inform\u00e1ci\u00f3k:<\/b><\/p>\n<ul>\n<li>A term\u00e9ket \u00f6sszeszerel\u0151 k\u00e9szletk\u00e9nt sz\u00e1ll\u00edtjuk<\/li>\n<li>Tartalmazza: haszn\u00e1lati \u00fatmutat\u00f3, zsan\u00e9rok, csavarok, l\u00e1ncok<\/li>\n<li>Er\u0151s csomagol\u00e1s \u00e9s fut\u00e1rszolg\u00e1lat eg\u00e9sz Lengyelorsz\u00e1g ter\u00fclet\u00e9n<\/li>\n<\/ul>\n<p>Gondoskodjon ingatlan\u00e1nak megjelen\u00e9s\u00e9r\u0151l a term\u00e9szet tiszteletben tart\u00e1s\u00e1val.<\/p>\n<p><b>FSC\u00ae tan\u00fas\u00edtv\u00e1nnyal rendelkez\u0151 fa t\u00e1rol\u00f3 kosarak fedele<\/b> ez tart\u00f3ss\u00e1g, funkcionalit\u00e1s \u00e9s felel\u0151s v\u00e1laszt\u00e1s \u2013 otthona \u00e9s bolyg\u00f3nk ir\u00e1nti gondoskod\u00e1sb\u00f3l.<\/p>\n<\/div>\n<\/div>\n<\/div>","protected":false},"excerpt":{"rendered":"<p>Drewniana os\u0142ona na kosze na \u015bmieci 2x240L \u2013 zabudowa na \u015bmietnik z drewna sosnowego FSC Szukasz stylowego sposobu na ukrycie nieestetycznych pojemnik\u00f3w na odpady? Ta drewniana os\u0142ona na kosze na \u015bmieci wykonana z drewna sosnowego z certyfikatem FSC\u00ae to rozwi\u0105zanie, kt\u00f3re \u0142\u0105czy estetyk\u0119, trwa\u0142o\u015b\u0107 i dba\u0142o\u015b\u0107 o \u015brodowisko. Idealna jako: &#8211; zabudowa na \u015bmietnik 2x240L [&hellip;]<\/p>\n","protected":false},"featured_media":3830,"template":"","meta":{"_acf_changed":false},"product_brand":[],"product_cat":[87,74],"product_tag":[],"class_list":{"0":"post-3281","1":"product","2":"type-product","3":"status-publish","4":"has-post-thumbnail","6":"product_cat-promocje","7":"product_cat-przechowywanie","8":"product_shipping_class-podstawowa","10":"first","11":"instock","12":"sale","13":"taxable","14":"shipping-taxable","15":"purchasable","16":"product-type-simple","17":"add-to-wishlist-after_add_to_cart"},"acf":[],"yoast_head":"<!-- This site is optimized with the Yoast SEO plugin v26.6 - https:\/\/yoast.com\/wordpress\/plugins\/seo\/ -->\n<title>Os\u0142ona na kosze na \u015bmieci | podw\u00f3jna | 120L 240L | naturalna sosna - Siesta Garden<\/title>\n<meta name=\"robots\" content=\"index, follow, max-snippet:-1, max-image-preview:large, max-video-preview:-1\" \/>\n<link rel=\"canonical\" href=\"https:\/\/www.siestagarden.com\/hu\/termek\/podwojna-oslona-na-kosze-na-smieci\/\" \/>\n<meta property=\"og:locale\" content=\"hu_HU\" \/>\n<meta property=\"og:type\" content=\"article\" \/>\n<meta property=\"og:title\" content=\"Os\u0142ona na kosze na \u015bmieci | podw\u00f3jna | 120L 240L | naturalna sosna - Siesta Garden\" \/>\n<meta property=\"og:description\" content=\"Drewniana os\u0142ona na kosze na \u015bmieci 2x240L \u2013 zabudowa na \u015bmietnik z drewna sosnowego FSC Szukasz stylowego sposobu na ukrycie nieestetycznych pojemnik\u00f3w na odpady? Ta drewniana os\u0142ona na kosze na \u015bmieci wykonana z drewna sosnowego z certyfikatem FSC\u00ae to rozwi\u0105zanie, kt\u00f3re \u0142\u0105czy estetyk\u0119, trwa\u0142o\u015b\u0107 i dba\u0142o\u015b\u0107 o \u015brodowisko. Idealna jako: &#8211; zabudowa na \u015bmietnik 2x240L [&hellip;]\" \/>\n<meta property=\"og:url\" content=\"https:\/\/www.siestagarden.com\/hu\/termek\/podwojna-oslona-na-kosze-na-smieci\/\" \/>\n<meta property=\"og:site_name\" content=\"Siesta Garden\" \/>\n<meta property=\"article:modified_time\" content=\"2026-03-25T07:54:03+00:00\" \/>\n<meta property=\"og:image\" content=\"https:\/\/www.siestagarden.com\/wp-content\/uploads\/2025\/08\/oslona-na-kosze-e1770628671493-1024x1024.png\" \/>\n\t<meta property=\"og:image:width\" content=\"1024\" \/>\n\t<meta property=\"og:image:height\" content=\"1024\" \/>\n\t<meta property=\"og:image:type\" content=\"image\/png\" \/>\n<meta name=\"twitter:card\" content=\"summary_large_image\" \/>\n<meta name=\"twitter:label1\" content=\"Becs\u00fclt olvas\u00e1si id\u0151\" \/>\n\t<meta name=\"twitter:data1\" content=\"2 perc\" \/>\n<script type=\"application\/ld+json\" class=\"yoast-schema-graph\">{\"@context\":\"https:\/\/schema.org\",\"@graph\":[{\"@type\":\"WebPage\",\"@id\":\"https:\/\/www.siestagarden.com\/produkt\/podwojna-oslona-na-kosze-na-smieci\/\",\"url\":\"https:\/\/www.siestagarden.com\/produkt\/podwojna-oslona-na-kosze-na-smieci\/\",\"name\":\"Os\u0142ona na kosze na \u015bmieci | podw\u00f3jna | 120L 240L | naturalna sosna - Siesta Garden\",\"isPartOf\":{\"@id\":\"https:\/\/www.siestagarden.com\/#website\"},\"primaryImageOfPage\":{\"@id\":\"https:\/\/www.siestagarden.com\/produkt\/podwojna-oslona-na-kosze-na-smieci\/#primaryimage\"},\"image\":{\"@id\":\"https:\/\/www.siestagarden.com\/produkt\/podwojna-oslona-na-kosze-na-smieci\/#primaryimage\"},\"thumbnailUrl\":\"https:\/\/www.siestagarden.com\/wp-content\/uploads\/2025\/08\/oslona-na-kosze-e1770628671493.png\",\"datePublished\":\"2025-08-06T09:09:35+00:00\",\"dateModified\":\"2026-03-25T07:54:03+00:00\",\"breadcrumb\":{\"@id\":\"https:\/\/www.siestagarden.com\/produkt\/podwojna-oslona-na-kosze-na-smieci\/#breadcrumb\"},\"inLanguage\":\"hu\",\"potentialAction\":[{\"@type\":\"ReadAction\",\"target\":[\"https:\/\/www.siestagarden.com\/produkt\/podwojna-oslona-na-kosze-na-smieci\/\"]}]},{\"@type\":\"ImageObject\",\"inLanguage\":\"hu\",\"@id\":\"https:\/\/www.siestagarden.com\/produkt\/podwojna-oslona-na-kosze-na-smieci\/#primaryimage\",\"url\":\"https:\/\/www.siestagarden.com\/wp-content\/uploads\/2025\/08\/oslona-na-kosze-e1770628671493.png\",\"contentUrl\":\"https:\/\/www.siestagarden.com\/wp-content\/uploads\/2025\/08\/oslona-na-kosze-e1770628671493.png\",\"width\":1500,\"height\":1500},{\"@type\":\"BreadcrumbList\",\"@id\":\"https:\/\/www.siestagarden.com\/produkt\/podwojna-oslona-na-kosze-na-smieci\/#breadcrumb\",\"itemListElement\":[{\"@type\":\"ListItem\",\"position\":1,\"name\":\"Strona g\u0142\u00f3wna\",\"item\":\"https:\/\/www.siestagarden.com\/\"},{\"@type\":\"ListItem\",\"position\":2,\"name\":\"Sklep\",\"item\":\"https:\/\/www.siestagarden.com\/sklep\/\"},{\"@type\":\"ListItem\",\"position\":3,\"name\":\"Os\u0142ona na kosze na \u015bmieci | podw\u00f3jna | 120L 240L | naturalna sosna\"}]},{\"@type\":\"WebSite\",\"@id\":\"https:\/\/www.siestagarden.com\/#website\",\"url\":\"https:\/\/www.siestagarden.com\/\",\"name\":\"Siesta Garden\",\"description\":\"Meble do Twojego ogrodu. Polski producent drewnianych mebli najwy\u017cszej jako\u015bci.\",\"potentialAction\":[{\"@type\":\"SearchAction\",\"target\":{\"@type\":\"EntryPoint\",\"urlTemplate\":\"https:\/\/www.siestagarden.com\/?s={search_term_string}\"},\"query-input\":{\"@type\":\"PropertyValueSpecification\",\"valueRequired\":true,\"valueName\":\"search_term_string\"}}],\"inLanguage\":\"hu\"}]}<\/script>\n<!-- \/ Yoast SEO plugin. -->","yoast_head_json":{"title":"Os\u0142ona na kosze na \u015bmieci | podw\u00f3jna | 120L 240L | naturalna sosna - Siesta Garden","robots":{"index":"index","follow":"follow","max-snippet":"max-snippet:-1","max-image-preview":"max-image-preview:large","max-video-preview":"max-video-preview:-1"},"canonical":"https:\/\/www.siestagarden.com\/hu\/termek\/podwojna-oslona-na-kosze-na-smieci\/","og_locale":"hu_HU","og_type":"article","og_title":"Os\u0142ona na kosze na \u015bmieci | podw\u00f3jna | 120L 240L | naturalna sosna - Siesta Garden","og_description":"Drewniana os\u0142ona na kosze na \u015bmieci 2x240L \u2013 zabudowa na \u015bmietnik z drewna sosnowego FSC Szukasz stylowego sposobu na ukrycie nieestetycznych pojemnik\u00f3w na odpady? Ta drewniana os\u0142ona na kosze na \u015bmieci wykonana z drewna sosnowego z certyfikatem FSC\u00ae to rozwi\u0105zanie, kt\u00f3re \u0142\u0105czy estetyk\u0119, trwa\u0142o\u015b\u0107 i dba\u0142o\u015b\u0107 o \u015brodowisko. Idealna jako: &#8211; zabudowa na \u015bmietnik 2x240L [&hellip;]","og_url":"https:\/\/www.siestagarden.com\/hu\/termek\/podwojna-oslona-na-kosze-na-smieci\/","og_site_name":"Siesta Garden","article_modified_time":"2026-03-25T07:54:03+00:00","og_image":[{"width":1024,"height":1024,"url":"https:\/\/www.siestagarden.com\/wp-content\/uploads\/2025\/08\/oslona-na-kosze-e1770628671493-1024x1024.png","type":"image\/png"}],"twitter_card":"summary_large_image","twitter_misc":{"Becs\u00fclt olvas\u00e1si id\u0151":"2 perc"},"schema":{"@context":"https:\/\/schema.org","@graph":[{"@type":"WebPage","@id":"https:\/\/www.siestagarden.com\/produkt\/podwojna-oslona-na-kosze-na-smieci\/","url":"https:\/\/www.siestagarden.com\/produkt\/podwojna-oslona-na-kosze-na-smieci\/","name":"Os\u0142ona na kosze na \u015bmieci | podw\u00f3jna | 120L 240L | naturalna sosna - Siesta Garden","isPartOf":{"@id":"https:\/\/www.siestagarden.com\/#website"},"primaryImageOfPage":{"@id":"https:\/\/www.siestagarden.com\/produkt\/podwojna-oslona-na-kosze-na-smieci\/#primaryimage"},"image":{"@id":"https:\/\/www.siestagarden.com\/produkt\/podwojna-oslona-na-kosze-na-smieci\/#primaryimage"},"thumbnailUrl":"https:\/\/www.siestagarden.com\/wp-content\/uploads\/2025\/08\/oslona-na-kosze-e1770628671493.png","datePublished":"2025-08-06T09:09:35+00:00","dateModified":"2026-03-25T07:54:03+00:00","breadcrumb":{"@id":"https:\/\/www.siestagarden.com\/produkt\/podwojna-oslona-na-kosze-na-smieci\/#breadcrumb"},"inLanguage":"hu","potentialAction":[{"@type":"ReadAction","target":["https:\/\/www.siestagarden.com\/produkt\/podwojna-oslona-na-kosze-na-smieci\/"]}]},{"@type":"ImageObject","inLanguage":"hu","@id":"https:\/\/www.siestagarden.com\/produkt\/podwojna-oslona-na-kosze-na-smieci\/#primaryimage","url":"https:\/\/www.siestagarden.com\/wp-content\/uploads\/2025\/08\/oslona-na-kosze-e1770628671493.png","contentUrl":"https:\/\/www.siestagarden.com\/wp-content\/uploads\/2025\/08\/oslona-na-kosze-e1770628671493.png","width":1500,"height":1500},{"@type":"BreadcrumbList","@id":"https:\/\/www.siestagarden.com\/produkt\/podwojna-oslona-na-kosze-na-smieci\/#breadcrumb","itemListElement":[{"@type":"ListItem","position":1,"name":"Strona g\u0142\u00f3wna","item":"https:\/\/www.siestagarden.com\/"},{"@type":"ListItem","position":2,"name":"Sklep","item":"https:\/\/www.siestagarden.com\/sklep\/"},{"@type":"ListItem","position":3,"name":"Os\u0142ona na kosze na \u015bmieci | podw\u00f3jna | 120L 240L | naturalna sosna"}]},{"@type":"WebSite","@id":"https:\/\/www.siestagarden.com\/#website","url":"https:\/\/www.siestagarden.com\/","name":"Siesta Garden","description":"Kerti b\u00fatorok. Magas min\u0151s\u00e9g\u0171 fa kerti b\u00fatorok lengyel gy\u00e1rt\u00f3ja.","potentialAction":[{"@type":"SearchAction","target":{"@type":"EntryPoint","urlTemplate":"https:\/\/www.siestagarden.com\/?s={search_term_string}"},"query-input":{"@type":"PropertyValueSpecification","valueRequired":true,"valueName":"search_term_string"}}],"inLanguage":"hu"}]}},"_links":{"self":[{"href":"https:\/\/www.siestagarden.com\/hu\/wp-json\/wp\/v2\/product\/3281","targetHints":{"allow":["GET"]}}],"collection":[{"href":"https:\/\/www.siestagarden.com\/hu\/wp-json\/wp\/v2\/product"}],"about":[{"href":"https:\/\/www.siestagarden.com\/hu\/wp-json\/wp\/v2\/types\/product"}],"wp:featuredmedia":[{"embeddable":true,"href":"https:\/\/www.siestagarden.com\/hu\/wp-json\/wp\/v2\/media\/3830"}],"wp:attachment":[{"href":"https:\/\/www.siestagarden.com\/hu\/wp-json\/wp\/v2\/media?parent=3281"}],"wp:term":[{"taxonomy":"product_brand","embeddable":true,"href":"https:\/\/www.siestagarden.com\/hu\/wp-json\/wp\/v2\/product_brand?post=3281"},{"taxonomy":"product_cat","embeddable":true,"href":"https:\/\/www.siestagarden.com\/hu\/wp-json\/wp\/v2\/product_cat?post=3281"},{"taxonomy":"product_tag","embeddable":true,"href":"https:\/\/www.siestagarden.com\/hu\/wp-json\/wp\/v2\/product_tag?post=3281"}],"curies":[{"name":"wp","href":"https:\/\/api.w.org\/{rel}","templated":true}]}}