{"id":3409,"date":"2025-10-20T12:08:47","date_gmt":"2025-10-20T10:08:47","guid":{"rendered":"https:\/\/www.siestagarden.com\/?post_type=product&#038;p=3409"},"modified":"2026-02-26T07:18:20","modified_gmt":"2026-02-26T06:18:20","slug":"paczkobox-ze-schowkiem","status":"publish","type":"product","link":"https:\/\/www.siestagarden.com\/hu\/termek\/paczkobox-ze-schowkiem\/","title":{"rendered":"PaczkoBox Loft t\u00e1rol\u00f3fi\u00f3kkal"},"content":{"rendered":"<p data-start=\"91\" data-end=\"162\"><strong data-start=\"91\" data-end=\"162\">Csomagok t\u00e1rol\u00f3 rekeszes l\u00e1da \u2013 Fa postai l\u00e1da \u00e9s csomagok t\u00e1rol\u00e1s\u00e1ra<\/strong><\/p>\n<p data-start=\"164\" data-end=\"222\">Gyakran \u00e9rkezik a fut\u00e1r akkor, amikor nincs otthon?<\/p>\n<p data-start=\"224\" data-end=\"310\">Vagy tal\u00e1n eleged van abb\u00f3l, hogy a csomagokat az es\u0151ben vagy bizonytalan helyeken hagyj\u00e1k?<\/p>\n<p data-start=\"312\" data-end=\"606\">A Paczkobox egy praktikus \u00e9s eleg\u00e1ns megold\u00e1s, amellyel stresszmentesen veheted \u00e1t csomagjaidat \u2013 az id\u0151j\u00e1r\u00e1st\u00f3l \u00e9s otthoni jelenl\u00e9tedt\u0151l f\u00fcggetlen\u00fcl.<br data-start=\"458\" data-end=\"461\" \/>Az \u00e1tgondolt kialak\u00edt\u00e1snak k\u00f6sz\u00f6nhet\u0151en a fut\u00e1r k\u00f6nnyen elhelyezheti a csomagot benne, \u00e9s csak a tulajdonos f\u00e9rhet hozz\u00e1 a z\u00e1rhat\u00f3 el\u0151lapon kereszt\u00fcl.<\/p>\n<p data-start=\"608\" data-end=\"908\">A paczkobox nat\u00far feny\u0151f\u00e1b\u00f3l k\u00e9sz\u00fclt, \u00e9s t\u00f6k\u00e9letesen illeszkedik a bej\u00e1rathoz, teraszhoz vagy kerthez.<br data-start=\"718\" data-end=\"721\" \/><strong data-start=\"721\" data-end=\"908\">Tov\u00e1bb\u00e1 rendelkezik egy praktikus t\u00e1rol\u00f3val, amelyben elf\u00e9rnek a k\u00e9zn\u00e9l l\u00e9v\u0151 kerti kell\u00e9kek \u2013 mint p\u00e9ld\u00e1ul keszty\u0171, metsz\u0151oll\u00f3 vagy n\u00f6v\u00e9ny\u00e1pol\u00e1si szersz\u00e1mok.<\/strong><\/p>\n<p data-start=\"608\" data-end=\"908\"><strong data-start=\"721\" data-end=\"908\">El\u0151ny\u00f6k:<\/strong><\/p>\n<p data-start=\"928\" data-end=\"1305\"><img decoding=\"async\" class=\"emoji\" role=\"img\" draggable=\"false\" src=\"https:\/\/s.w.org\/images\/core\/emoji\/16.0.1\/svg\/2714.svg\" alt=\"\u2714\ufe0f\" \/>\u00a0Csomag\u00e1tv\u00e9tel non-stop \u2013 akkor is, ha nem tart\u00f3zkodik otthon<br data-start=\"988\" data-end=\"991\" \/><img decoding=\"async\" class=\"emoji\" role=\"img\" draggable=\"false\" src=\"https:\/\/s.w.org\/images\/core\/emoji\/16.0.1\/svg\/2714.svg\" alt=\"\u2714\ufe0f\" \/>\u00a0Id\u0151j\u00e1r\u00e1s\u00e1ll\u00f3 \u2013 v\u00e9delmet ny\u00fajt es\u0151, h\u00f3 \u00e9s p\u00e1ra ellen<br data-start=\"1065\" data-end=\"1068\" \/><img decoding=\"async\" class=\"emoji\" role=\"img\" draggable=\"false\" src=\"https:\/\/s.w.org\/images\/core\/emoji\/16.0.1\/svg\/2714.svg\" alt=\"\u2714\ufe0f\" \/>\u00a0Biztons\u00e1gos konstrukci\u00f3 \u2013 lakattal z\u00e1rhat\u00f3<br data-start=\"1125\" data-end=\"1128\" \/><img decoding=\"async\" class=\"emoji\" role=\"img\" draggable=\"false\" src=\"https:\/\/s.w.org\/images\/core\/emoji\/16.0.1\/svg\/2714.svg\" alt=\"\u2714\ufe0f\" \/>\u00a0Term\u00e9szetes megjelen\u00e9s \u2013 eszt\u00e9tikus elem a h\u00e1zban \u00e9s a kertben<br data-start=\"1181\" data-end=\"1184\" \/><img decoding=\"async\" class=\"emoji\" role=\"img\" draggable=\"false\" src=\"https:\/\/s.w.org\/images\/core\/emoji\/16.0.1\/svg\/2714.svg\" alt=\"\u2714\ufe0f\" \/>\u00a0Tov\u00e1bbi t\u00e1rol\u00f3hely a sz\u00fcks\u00e9ges kerti felszerel\u00e9seknek<br data-start=\"1235\" data-end=\"1238\" \/><img decoding=\"async\" class=\"emoji\" role=\"img\" draggable=\"false\" src=\"https:\/\/s.w.org\/images\/core\/emoji\/16.0.1\/svg\/2714.svg\" alt=\"\u2714\ufe0f\" \/>\u00a0Univerz\u00e1lis felhaszn\u00e1l\u00e1s \u2013 ide\u00e1lis csomagokhoz \u00e9s kisebb k\u00fcldem\u00e9nyekhez<\/p>\n<p data-start=\"1312\" data-end=\"1329\"><strong data-start=\"1312\" data-end=\"1329\">Alkalmaz\u00e1s<\/strong><\/p>\n<p data-start=\"1331\" data-end=\"1481\">\u2022 A bej\u00e1ratn\u00e1l, a h\u00e1zban vagy a teraszon<br data-start=\"1368\" data-end=\"1371\" \/>\u2022 Fedett helyen, gar\u00e1zsban vagy a felhajt\u00f3n<br data-start=\"1410\" data-end=\"1413\" \/>Nyaral\u00f3k, kiad\u00f3 ingatlanok vagy irod\u00e1k mellett<\/p>\n<p data-start=\"1488\" data-end=\"1721\">A rekeszes csomagl\u00e1da garant\u00e1lja, hogy csomagjai mindig sz\u00e1razak, biztons\u00e1gosak \u00e9s pontosan ott legyenek t\u00e1rolva, ahol a hely\u00fck van.<br data-start=\"1600\" data-end=\"1603\" \/>Ez egy praktikus, tart\u00f3s \u00e9s st\u00edlusos megold\u00e1s azok sz\u00e1m\u00e1ra, akik \u00e9rt\u00e9kelik a rendet, a k\u00e9nyelmet <strong data-start=\"1686\" data-end=\"1720\">Szeretik, ha minden k\u00e9zn\u00e9l van.<\/strong>.<\/p>","protected":false},"excerpt":{"rendered":"<p>Paczkobox ze schowkiem \u2013 Drewniana skrzynia na paczki i przesy\u0142ki Czy kurier cz\u0119sto przychodzi wtedy, gdy nie ma Ci\u0119 w domu? A mo\u017ce masz do\u015b\u0107 tego, \u017ce paczki zostawiane s\u0105 na deszczu albo w niepewnych miejscach? Paczkobox to praktyczne i eleganckie rozwi\u0105zanie, dzi\u0119ki kt\u00f3remu odbierzesz przesy\u0142ki bez stresu \u2013 niezale\u017cnie od pogody i swojej obecno\u015bci [&hellip;]<\/p>\n","protected":false},"featured_media":3410,"template":"","meta":{"_acf_changed":false},"product_brand":[],"product_cat":[98],"product_tag":[104],"class_list":{"0":"post-3409","1":"product","2":"type-product","3":"status-publish","4":"has-post-thumbnail","6":"product_cat-paczkobox","7":"product_tag-na-zamowienie","9":"first","10":"instock","11":"taxable","12":"shipping-taxable","13":"purchasable","14":"product-type-simple","15":"add-to-wishlist-after_add_to_cart"},"acf":[],"yoast_head":"<!-- This site is optimized with the Yoast SEO plugin v26.6 - https:\/\/yoast.com\/wordpress\/plugins\/seo\/ -->\n<title>PaczkoBox Loft ze schowkiem - Siesta Garden<\/title>\n<meta name=\"robots\" content=\"index, follow, max-snippet:-1, max-image-preview:large, max-video-preview:-1\" \/>\n<link rel=\"canonical\" href=\"https:\/\/www.siestagarden.com\/hu\/termek\/paczkobox-ze-schowkiem\/\" \/>\n<meta property=\"og:locale\" content=\"hu_HU\" \/>\n<meta property=\"og:type\" content=\"article\" \/>\n<meta property=\"og:title\" content=\"PaczkoBox Loft ze schowkiem - Siesta Garden\" \/>\n<meta property=\"og:description\" content=\"Paczkobox ze schowkiem \u2013 Drewniana skrzynia na paczki i przesy\u0142ki Czy kurier cz\u0119sto przychodzi wtedy, gdy nie ma Ci\u0119 w domu? A mo\u017ce masz do\u015b\u0107 tego, \u017ce paczki zostawiane s\u0105 na deszczu albo w niepewnych miejscach? Paczkobox to praktyczne i eleganckie rozwi\u0105zanie, dzi\u0119ki kt\u00f3remu odbierzesz przesy\u0142ki bez stresu \u2013 niezale\u017cnie od pogody i swojej obecno\u015bci [&hellip;]\" \/>\n<meta property=\"og:url\" content=\"https:\/\/www.siestagarden.com\/hu\/termek\/paczkobox-ze-schowkiem\/\" \/>\n<meta property=\"og:site_name\" content=\"Siesta Garden\" \/>\n<meta property=\"article:modified_time\" content=\"2026-02-26T06:18:20+00:00\" \/>\n<meta property=\"og:image\" content=\"https:\/\/www.siestagarden.com\/wp-content\/uploads\/2025\/10\/IMG_0053-scaled-e1770628535202.jpg\" \/>\n\t<meta property=\"og:image:width\" content=\"1707\" \/>\n\t<meta property=\"og:image:height\" content=\"2560\" \/>\n\t<meta property=\"og:image:type\" content=\"image\/jpeg\" \/>\n<meta name=\"twitter:card\" content=\"summary_large_image\" \/>\n<meta name=\"twitter:label1\" content=\"Becs\u00fclt olvas\u00e1si id\u0151\" \/>\n\t<meta name=\"twitter:data1\" content=\"3 perc\" \/>\n<script type=\"application\/ld+json\" class=\"yoast-schema-graph\">{\"@context\":\"https:\/\/schema.org\",\"@graph\":[{\"@type\":\"WebPage\",\"@id\":\"https:\/\/www.siestagarden.com\/produkt\/paczkobox-ze-schowkiem\/\",\"url\":\"https:\/\/www.siestagarden.com\/produkt\/paczkobox-ze-schowkiem\/\",\"name\":\"PaczkoBox Loft ze schowkiem - Siesta Garden\",\"isPartOf\":{\"@id\":\"https:\/\/www.siestagarden.com\/#website\"},\"primaryImageOfPage\":{\"@id\":\"https:\/\/www.siestagarden.com\/produkt\/paczkobox-ze-schowkiem\/#primaryimage\"},\"image\":{\"@id\":\"https:\/\/www.siestagarden.com\/produkt\/paczkobox-ze-schowkiem\/#primaryimage\"},\"thumbnailUrl\":\"https:\/\/www.siestagarden.com\/wp-content\/uploads\/2025\/10\/IMG_0053-scaled-e1770628535202.jpg\",\"datePublished\":\"2025-10-20T10:08:47+00:00\",\"dateModified\":\"2026-02-26T06:18:20+00:00\",\"breadcrumb\":{\"@id\":\"https:\/\/www.siestagarden.com\/produkt\/paczkobox-ze-schowkiem\/#breadcrumb\"},\"inLanguage\":\"hu\",\"potentialAction\":[{\"@type\":\"ReadAction\",\"target\":[\"https:\/\/www.siestagarden.com\/produkt\/paczkobox-ze-schowkiem\/\"]}]},{\"@type\":\"ImageObject\",\"inLanguage\":\"hu\",\"@id\":\"https:\/\/www.siestagarden.com\/produkt\/paczkobox-ze-schowkiem\/#primaryimage\",\"url\":\"https:\/\/www.siestagarden.com\/wp-content\/uploads\/2025\/10\/IMG_0053-scaled-e1770628535202.jpg\",\"contentUrl\":\"https:\/\/www.siestagarden.com\/wp-content\/uploads\/2025\/10\/IMG_0053-scaled-e1770628535202.jpg\",\"width\":1707,\"height\":2560},{\"@type\":\"BreadcrumbList\",\"@id\":\"https:\/\/www.siestagarden.com\/produkt\/paczkobox-ze-schowkiem\/#breadcrumb\",\"itemListElement\":[{\"@type\":\"ListItem\",\"position\":1,\"name\":\"Strona g\u0142\u00f3wna\",\"item\":\"https:\/\/www.siestagarden.com\/\"},{\"@type\":\"ListItem\",\"position\":2,\"name\":\"Sklep\",\"item\":\"https:\/\/www.siestagarden.com\/sklep\/\"},{\"@type\":\"ListItem\",\"position\":3,\"name\":\"PaczkoBox Loft ze schowkiem\"}]},{\"@type\":\"WebSite\",\"@id\":\"https:\/\/www.siestagarden.com\/#website\",\"url\":\"https:\/\/www.siestagarden.com\/\",\"name\":\"Siesta Garden\",\"description\":\"Meble do Twojego ogrodu. Polski producent drewnianych mebli najwy\u017cszej jako\u015bci.\",\"potentialAction\":[{\"@type\":\"SearchAction\",\"target\":{\"@type\":\"EntryPoint\",\"urlTemplate\":\"https:\/\/www.siestagarden.com\/?s={search_term_string}\"},\"query-input\":{\"@type\":\"PropertyValueSpecification\",\"valueRequired\":true,\"valueName\":\"search_term_string\"}}],\"inLanguage\":\"hu\"}]}<\/script>\n<!-- \/ Yoast SEO plugin. -->","yoast_head_json":{"title":"PaczkoBox Loft ze schowkiem - Siesta Garden","robots":{"index":"index","follow":"follow","max-snippet":"max-snippet:-1","max-image-preview":"max-image-preview:large","max-video-preview":"max-video-preview:-1"},"canonical":"https:\/\/www.siestagarden.com\/hu\/termek\/paczkobox-ze-schowkiem\/","og_locale":"hu_HU","og_type":"article","og_title":"PaczkoBox Loft ze schowkiem - Siesta Garden","og_description":"Paczkobox ze schowkiem \u2013 Drewniana skrzynia na paczki i przesy\u0142ki Czy kurier cz\u0119sto przychodzi wtedy, gdy nie ma Ci\u0119 w domu? A mo\u017ce masz do\u015b\u0107 tego, \u017ce paczki zostawiane s\u0105 na deszczu albo w niepewnych miejscach? Paczkobox to praktyczne i eleganckie rozwi\u0105zanie, dzi\u0119ki kt\u00f3remu odbierzesz przesy\u0142ki bez stresu \u2013 niezale\u017cnie od pogody i swojej obecno\u015bci [&hellip;]","og_url":"https:\/\/www.siestagarden.com\/hu\/termek\/paczkobox-ze-schowkiem\/","og_site_name":"Siesta Garden","article_modified_time":"2026-02-26T06:18:20+00:00","og_image":[{"width":1707,"height":2560,"url":"https:\/\/www.siestagarden.com\/wp-content\/uploads\/2025\/10\/IMG_0053-scaled-e1770628535202.jpg","type":"image\/jpeg"}],"twitter_card":"summary_large_image","twitter_misc":{"Becs\u00fclt olvas\u00e1si id\u0151":"3 perc"},"schema":{"@context":"https:\/\/schema.org","@graph":[{"@type":"WebPage","@id":"https:\/\/www.siestagarden.com\/produkt\/paczkobox-ze-schowkiem\/","url":"https:\/\/www.siestagarden.com\/produkt\/paczkobox-ze-schowkiem\/","name":"PaczkoBox Loft ze schowkiem - Siesta Garden","isPartOf":{"@id":"https:\/\/www.siestagarden.com\/#website"},"primaryImageOfPage":{"@id":"https:\/\/www.siestagarden.com\/produkt\/paczkobox-ze-schowkiem\/#primaryimage"},"image":{"@id":"https:\/\/www.siestagarden.com\/produkt\/paczkobox-ze-schowkiem\/#primaryimage"},"thumbnailUrl":"https:\/\/www.siestagarden.com\/wp-content\/uploads\/2025\/10\/IMG_0053-scaled-e1770628535202.jpg","datePublished":"2025-10-20T10:08:47+00:00","dateModified":"2026-02-26T06:18:20+00:00","breadcrumb":{"@id":"https:\/\/www.siestagarden.com\/produkt\/paczkobox-ze-schowkiem\/#breadcrumb"},"inLanguage":"hu","potentialAction":[{"@type":"ReadAction","target":["https:\/\/www.siestagarden.com\/produkt\/paczkobox-ze-schowkiem\/"]}]},{"@type":"ImageObject","inLanguage":"hu","@id":"https:\/\/www.siestagarden.com\/produkt\/paczkobox-ze-schowkiem\/#primaryimage","url":"https:\/\/www.siestagarden.com\/wp-content\/uploads\/2025\/10\/IMG_0053-scaled-e1770628535202.jpg","contentUrl":"https:\/\/www.siestagarden.com\/wp-content\/uploads\/2025\/10\/IMG_0053-scaled-e1770628535202.jpg","width":1707,"height":2560},{"@type":"BreadcrumbList","@id":"https:\/\/www.siestagarden.com\/produkt\/paczkobox-ze-schowkiem\/#breadcrumb","itemListElement":[{"@type":"ListItem","position":1,"name":"Strona g\u0142\u00f3wna","item":"https:\/\/www.siestagarden.com\/"},{"@type":"ListItem","position":2,"name":"Sklep","item":"https:\/\/www.siestagarden.com\/sklep\/"},{"@type":"ListItem","position":3,"name":"PaczkoBox Loft ze schowkiem"}]},{"@type":"WebSite","@id":"https:\/\/www.siestagarden.com\/#website","url":"https:\/\/www.siestagarden.com\/","name":"Siesta Garden","description":"Kerti b\u00fatorok. Magas min\u0151s\u00e9g\u0171 fa kerti b\u00fatorok lengyel gy\u00e1rt\u00f3ja.","potentialAction":[{"@type":"SearchAction","target":{"@type":"EntryPoint","urlTemplate":"https:\/\/www.siestagarden.com\/?s={search_term_string}"},"query-input":{"@type":"PropertyValueSpecification","valueRequired":true,"valueName":"search_term_string"}}],"inLanguage":"hu"}]}},"_links":{"self":[{"href":"https:\/\/www.siestagarden.com\/hu\/wp-json\/wp\/v2\/product\/3409","targetHints":{"allow":["GET"]}}],"collection":[{"href":"https:\/\/www.siestagarden.com\/hu\/wp-json\/wp\/v2\/product"}],"about":[{"href":"https:\/\/www.siestagarden.com\/hu\/wp-json\/wp\/v2\/types\/product"}],"wp:featuredmedia":[{"embeddable":true,"href":"https:\/\/www.siestagarden.com\/hu\/wp-json\/wp\/v2\/media\/3410"}],"wp:attachment":[{"href":"https:\/\/www.siestagarden.com\/hu\/wp-json\/wp\/v2\/media?parent=3409"}],"wp:term":[{"taxonomy":"product_brand","embeddable":true,"href":"https:\/\/www.siestagarden.com\/hu\/wp-json\/wp\/v2\/product_brand?post=3409"},{"taxonomy":"product_cat","embeddable":true,"href":"https:\/\/www.siestagarden.com\/hu\/wp-json\/wp\/v2\/product_cat?post=3409"},{"taxonomy":"product_tag","embeddable":true,"href":"https:\/\/www.siestagarden.com\/hu\/wp-json\/wp\/v2\/product_tag?post=3409"}],"curies":[{"name":"wp","href":"https:\/\/api.w.org\/{rel}","templated":true}]}}