{"id":3420,"date":"2025-10-23T14:17:09","date_gmt":"2025-10-23T12:17:09","guid":{"rendered":"https:\/\/www.siestagarden.com\/?post_type=product&#038;p=3420"},"modified":"2026-02-11T11:18:10","modified_gmt":"2026-02-11T10:18:10","slug":"paczkobox-z-donica-jasnoszary","status":"publish","type":"product","link":"https:\/\/www.siestagarden.com\/hu\/termek\/paczkobox-z-donica-jasnoszary\/","title":{"rendered":"PaczkoBox Scandi vil\u00e1gossz\u00fcrke vir\u00e1gtart\u00f3val"},"content":{"rendered":"<h3 data-start=\"119\" data-end=\"201\"><strong data-start=\"123\" data-end=\"201\">Paczkobox Scandi cser\u00e9ppel \u2013 st\u00edlusos csomagmeg\u0151rz\u0151 n\u00f6v\u00e9nytart\u00f3val<\/strong><\/h3>\n<p data-start=\"203\" data-end=\"521\">Eleged van a becsenget\u00e9st k\u00f6vet\u0151en az ajt\u00f3 el\u0151tt hagyott, es\u0151ben \u00e1t\u00e1zott vagy mire haza\u00e9rsz elt\u0171nt csomagokb\u00f3l?<br data-start=\"320\" data-end=\"323\" \/>Nasz <strong data-start=\"328\" data-end=\"376\">Paczkobox Scandi cser\u00e9ppel <\/strong>ez egy praktikus \u00e9s eleg\u00e1ns megold\u00e1s, amely mindk\u00e9t probl\u00e9m\u00e1t orvosolja \u2013 r\u00e1ad\u00e1sul remek\u00fcl mutat minden kertben vagy teraszon.<\/p>\n<p data-start=\"203\" data-end=\"521\">N\u00e9zd meg, milyen egyszer\u0171<\/p>\n<p data-start=\"523\" data-end=\"826\">Az als\u00f3 r\u00e9szben van egy t\u00e1gas <strong data-start=\"560\" data-end=\"572\">vir\u00e1gtart\u00f3<\/strong>, amelyben el\u00fcltetheted kedvenc n\u00f6v\u00e9nyeidet, \u00e9s felette tal\u00e1lhat\u00f3<strong data-start=\"650\" data-end=\"680\">\u00a0csomag\u00e1tad\u00f3 pont<\/strong>. Ennek k\u00f6sz\u00f6nhet\u0151en a fut\u00e1r biztons\u00e1gosan otthagyhatja a csomagot az \u00d6n t\u00e1voll\u00e9t\u00e9ben, \u00e9s a csomag sz\u00e1razon, illetve harmadik szem\u00e9lyek el\u0151l elrejtve marad.<\/p>\n<p data-start=\"828\" data-end=\"1031\">A paczkobox k\u00e9sz\u00fclt <strong data-start=\"854\" data-end=\"871\">k\u00f6nny\u0171fa<\/strong>, ami garant\u00e1lja a tart\u00f3ss\u00e1got, stabilit\u00e1st \u00e9s term\u00e9szetes megjelen\u00e9st. Az eg\u00e9szet a csomagok funkcionalit\u00e1s\u00e1t, eszt\u00e9tik\u00e1j\u00e1t \u00e9s biztons\u00e1g\u00e1t szem el\u0151tt tartva tervezt\u00e9k.<\/p>\n<p data-start=\"1033\" data-end=\"1158\">Ide\u00e1lis csal\u00e1di h\u00e1zakba, panzi\u00f3kba vagy kisv\u00e1llalkoz\u00e1sokhoz \u2013 egyes\u00edti <strong data-start=\"1103\" data-end=\"1157\">gyakorlati felhaszn\u00e1l\u00e1s dekorat\u00edv jelleggel<\/strong>.<\/p>","protected":false},"excerpt":{"rendered":"<p>Paczkobox Scandi z doniczk\u0105 \u2013 stylowe przechowywanie paczek z miejscem na ro\u015bliny Masz do\u015b\u0107 paczek zostawianych przed drzwiami, przemakaj\u0105cych na deszczu lub znikaj\u0105cych przed Twoim powrotem do domu?Nasz Paczkobox Scandi z doniczk\u0105 to praktyczne i eleganckie rozwi\u0105zanie, kt\u00f3re rozwi\u0105zuje oba te problemy \u2013 a do tego \u015bwietnie prezentuje si\u0119 w ka\u017cdym ogrodzie lub na tarasie. [&hellip;]<\/p>\n","protected":false},"featured_media":3380,"template":"","meta":{"_acf_changed":false},"product_brand":[],"product_cat":[98],"product_tag":[],"class_list":{"0":"post-3420","1":"product","2":"type-product","3":"status-publish","4":"has-post-thumbnail","6":"product_cat-paczkobox","8":"first","9":"instock","10":"taxable","11":"shipping-taxable","12":"purchasable","13":"product-type-simple","14":"add-to-wishlist-after_add_to_cart"},"acf":[],"yoast_head":"<!-- This site is optimized with the Yoast SEO plugin v26.6 - https:\/\/yoast.com\/wordpress\/plugins\/seo\/ -->\n<title>PaczkoBox Scandi z donic\u0105 jasnoszary - Siesta Garden<\/title>\n<meta name=\"robots\" content=\"index, follow, max-snippet:-1, max-image-preview:large, max-video-preview:-1\" \/>\n<link rel=\"canonical\" href=\"https:\/\/www.siestagarden.com\/hu\/termek\/paczkobox-z-donica-jasnoszary\/\" \/>\n<meta property=\"og:locale\" content=\"hu_HU\" \/>\n<meta property=\"og:type\" content=\"article\" \/>\n<meta property=\"og:title\" content=\"PaczkoBox Scandi z donic\u0105 jasnoszary - Siesta Garden\" \/>\n<meta property=\"og:description\" content=\"Paczkobox Scandi z doniczk\u0105 \u2013 stylowe przechowywanie paczek z miejscem na ro\u015bliny Masz do\u015b\u0107 paczek zostawianych przed drzwiami, przemakaj\u0105cych na deszczu lub znikaj\u0105cych przed Twoim powrotem do domu?Nasz Paczkobox Scandi z doniczk\u0105 to praktyczne i eleganckie rozwi\u0105zanie, kt\u00f3re rozwi\u0105zuje oba te problemy \u2013 a do tego \u015bwietnie prezentuje si\u0119 w ka\u017cdym ogrodzie lub na tarasie. [&hellip;]\" \/>\n<meta property=\"og:url\" content=\"https:\/\/www.siestagarden.com\/hu\/termek\/paczkobox-z-donica-jasnoszary\/\" \/>\n<meta property=\"og:site_name\" content=\"Siesta Garden\" \/>\n<meta property=\"article:modified_time\" content=\"2026-02-11T10:18:10+00:00\" \/>\n<meta property=\"og:image\" content=\"https:\/\/www.siestagarden.com\/wp-content\/uploads\/2025\/09\/IMG_9192-scaled-e1770805079781.jpg\" \/>\n\t<meta property=\"og:image:width\" content=\"1647\" \/>\n\t<meta property=\"og:image:height\" content=\"1707\" \/>\n\t<meta property=\"og:image:type\" content=\"image\/jpeg\" \/>\n<meta name=\"twitter:card\" content=\"summary_large_image\" \/>\n<meta name=\"twitter:label1\" content=\"Becs\u00fclt olvas\u00e1si id\u0151\" \/>\n\t<meta name=\"twitter:data1\" content=\"2 perc\" \/>\n<script type=\"application\/ld+json\" class=\"yoast-schema-graph\">{\"@context\":\"https:\/\/schema.org\",\"@graph\":[{\"@type\":\"WebPage\",\"@id\":\"https:\/\/www.siestagarden.com\/produkt\/paczkobox-z-donica-jasnoszary\/\",\"url\":\"https:\/\/www.siestagarden.com\/produkt\/paczkobox-z-donica-jasnoszary\/\",\"name\":\"PaczkoBox Scandi z donic\u0105 jasnoszary - Siesta Garden\",\"isPartOf\":{\"@id\":\"https:\/\/www.siestagarden.com\/#website\"},\"primaryImageOfPage\":{\"@id\":\"https:\/\/www.siestagarden.com\/produkt\/paczkobox-z-donica-jasnoszary\/#primaryimage\"},\"image\":{\"@id\":\"https:\/\/www.siestagarden.com\/produkt\/paczkobox-z-donica-jasnoszary\/#primaryimage\"},\"thumbnailUrl\":\"https:\/\/www.siestagarden.com\/wp-content\/uploads\/2025\/09\/IMG_9192-scaled-e1770805079781.jpg\",\"datePublished\":\"2025-10-23T12:17:09+00:00\",\"dateModified\":\"2026-02-11T10:18:10+00:00\",\"breadcrumb\":{\"@id\":\"https:\/\/www.siestagarden.com\/produkt\/paczkobox-z-donica-jasnoszary\/#breadcrumb\"},\"inLanguage\":\"hu\",\"potentialAction\":[{\"@type\":\"ReadAction\",\"target\":[\"https:\/\/www.siestagarden.com\/produkt\/paczkobox-z-donica-jasnoszary\/\"]}]},{\"@type\":\"ImageObject\",\"inLanguage\":\"hu\",\"@id\":\"https:\/\/www.siestagarden.com\/produkt\/paczkobox-z-donica-jasnoszary\/#primaryimage\",\"url\":\"https:\/\/www.siestagarden.com\/wp-content\/uploads\/2025\/09\/IMG_9192-scaled-e1770805079781.jpg\",\"contentUrl\":\"https:\/\/www.siestagarden.com\/wp-content\/uploads\/2025\/09\/IMG_9192-scaled-e1770805079781.jpg\",\"width\":1647,\"height\":1707},{\"@type\":\"BreadcrumbList\",\"@id\":\"https:\/\/www.siestagarden.com\/produkt\/paczkobox-z-donica-jasnoszary\/#breadcrumb\",\"itemListElement\":[{\"@type\":\"ListItem\",\"position\":1,\"name\":\"Strona g\u0142\u00f3wna\",\"item\":\"https:\/\/www.siestagarden.com\/\"},{\"@type\":\"ListItem\",\"position\":2,\"name\":\"Sklep\",\"item\":\"https:\/\/www.siestagarden.com\/sklep\/\"},{\"@type\":\"ListItem\",\"position\":3,\"name\":\"PaczkoBox Scandi z donic\u0105 jasnoszary\"}]},{\"@type\":\"WebSite\",\"@id\":\"https:\/\/www.siestagarden.com\/#website\",\"url\":\"https:\/\/www.siestagarden.com\/\",\"name\":\"Siesta Garden\",\"description\":\"Meble do Twojego ogrodu. Polski producent drewnianych mebli najwy\u017cszej jako\u015bci.\",\"potentialAction\":[{\"@type\":\"SearchAction\",\"target\":{\"@type\":\"EntryPoint\",\"urlTemplate\":\"https:\/\/www.siestagarden.com\/?s={search_term_string}\"},\"query-input\":{\"@type\":\"PropertyValueSpecification\",\"valueRequired\":true,\"valueName\":\"search_term_string\"}}],\"inLanguage\":\"hu\"}]}<\/script>\n<!-- \/ Yoast SEO plugin. -->","yoast_head_json":{"title":"PaczkoBox Scandi z donic\u0105 jasnoszary - Siesta Garden","robots":{"index":"index","follow":"follow","max-snippet":"max-snippet:-1","max-image-preview":"max-image-preview:large","max-video-preview":"max-video-preview:-1"},"canonical":"https:\/\/www.siestagarden.com\/hu\/termek\/paczkobox-z-donica-jasnoszary\/","og_locale":"hu_HU","og_type":"article","og_title":"PaczkoBox Scandi z donic\u0105 jasnoszary - Siesta Garden","og_description":"Paczkobox Scandi z doniczk\u0105 \u2013 stylowe przechowywanie paczek z miejscem na ro\u015bliny Masz do\u015b\u0107 paczek zostawianych przed drzwiami, przemakaj\u0105cych na deszczu lub znikaj\u0105cych przed Twoim powrotem do domu?Nasz Paczkobox Scandi z doniczk\u0105 to praktyczne i eleganckie rozwi\u0105zanie, kt\u00f3re rozwi\u0105zuje oba te problemy \u2013 a do tego \u015bwietnie prezentuje si\u0119 w ka\u017cdym ogrodzie lub na tarasie. [&hellip;]","og_url":"https:\/\/www.siestagarden.com\/hu\/termek\/paczkobox-z-donica-jasnoszary\/","og_site_name":"Siesta Garden","article_modified_time":"2026-02-11T10:18:10+00:00","og_image":[{"width":1647,"height":1707,"url":"https:\/\/www.siestagarden.com\/wp-content\/uploads\/2025\/09\/IMG_9192-scaled-e1770805079781.jpg","type":"image\/jpeg"}],"twitter_card":"summary_large_image","twitter_misc":{"Becs\u00fclt olvas\u00e1si id\u0151":"2 perc"},"schema":{"@context":"https:\/\/schema.org","@graph":[{"@type":"WebPage","@id":"https:\/\/www.siestagarden.com\/produkt\/paczkobox-z-donica-jasnoszary\/","url":"https:\/\/www.siestagarden.com\/produkt\/paczkobox-z-donica-jasnoszary\/","name":"PaczkoBox Scandi z donic\u0105 jasnoszary - Siesta Garden","isPartOf":{"@id":"https:\/\/www.siestagarden.com\/#website"},"primaryImageOfPage":{"@id":"https:\/\/www.siestagarden.com\/produkt\/paczkobox-z-donica-jasnoszary\/#primaryimage"},"image":{"@id":"https:\/\/www.siestagarden.com\/produkt\/paczkobox-z-donica-jasnoszary\/#primaryimage"},"thumbnailUrl":"https:\/\/www.siestagarden.com\/wp-content\/uploads\/2025\/09\/IMG_9192-scaled-e1770805079781.jpg","datePublished":"2025-10-23T12:17:09+00:00","dateModified":"2026-02-11T10:18:10+00:00","breadcrumb":{"@id":"https:\/\/www.siestagarden.com\/produkt\/paczkobox-z-donica-jasnoszary\/#breadcrumb"},"inLanguage":"hu","potentialAction":[{"@type":"ReadAction","target":["https:\/\/www.siestagarden.com\/produkt\/paczkobox-z-donica-jasnoszary\/"]}]},{"@type":"ImageObject","inLanguage":"hu","@id":"https:\/\/www.siestagarden.com\/produkt\/paczkobox-z-donica-jasnoszary\/#primaryimage","url":"https:\/\/www.siestagarden.com\/wp-content\/uploads\/2025\/09\/IMG_9192-scaled-e1770805079781.jpg","contentUrl":"https:\/\/www.siestagarden.com\/wp-content\/uploads\/2025\/09\/IMG_9192-scaled-e1770805079781.jpg","width":1647,"height":1707},{"@type":"BreadcrumbList","@id":"https:\/\/www.siestagarden.com\/produkt\/paczkobox-z-donica-jasnoszary\/#breadcrumb","itemListElement":[{"@type":"ListItem","position":1,"name":"Strona g\u0142\u00f3wna","item":"https:\/\/www.siestagarden.com\/"},{"@type":"ListItem","position":2,"name":"Sklep","item":"https:\/\/www.siestagarden.com\/sklep\/"},{"@type":"ListItem","position":3,"name":"PaczkoBox Scandi z donic\u0105 jasnoszary"}]},{"@type":"WebSite","@id":"https:\/\/www.siestagarden.com\/#website","url":"https:\/\/www.siestagarden.com\/","name":"Siesta Garden","description":"Kerti b\u00fatorok. Magas min\u0151s\u00e9g\u0171 fa kerti b\u00fatorok lengyel gy\u00e1rt\u00f3ja.","potentialAction":[{"@type":"SearchAction","target":{"@type":"EntryPoint","urlTemplate":"https:\/\/www.siestagarden.com\/?s={search_term_string}"},"query-input":{"@type":"PropertyValueSpecification","valueRequired":true,"valueName":"search_term_string"}}],"inLanguage":"hu"}]}},"_links":{"self":[{"href":"https:\/\/www.siestagarden.com\/hu\/wp-json\/wp\/v2\/product\/3420","targetHints":{"allow":["GET"]}}],"collection":[{"href":"https:\/\/www.siestagarden.com\/hu\/wp-json\/wp\/v2\/product"}],"about":[{"href":"https:\/\/www.siestagarden.com\/hu\/wp-json\/wp\/v2\/types\/product"}],"wp:featuredmedia":[{"embeddable":true,"href":"https:\/\/www.siestagarden.com\/hu\/wp-json\/wp\/v2\/media\/3380"}],"wp:attachment":[{"href":"https:\/\/www.siestagarden.com\/hu\/wp-json\/wp\/v2\/media?parent=3420"}],"wp:term":[{"taxonomy":"product_brand","embeddable":true,"href":"https:\/\/www.siestagarden.com\/hu\/wp-json\/wp\/v2\/product_brand?post=3420"},{"taxonomy":"product_cat","embeddable":true,"href":"https:\/\/www.siestagarden.com\/hu\/wp-json\/wp\/v2\/product_cat?post=3420"},{"taxonomy":"product_tag","embeddable":true,"href":"https:\/\/www.siestagarden.com\/hu\/wp-json\/wp\/v2\/product_tag?post=3420"}],"curies":[{"name":"wp","href":"https:\/\/api.w.org\/{rel}","templated":true}]}}