{"id":3876,"date":"2026-02-04T07:56:34","date_gmt":"2026-02-04T06:56:34","guid":{"rendered":"https:\/\/www.siestagarden.com\/?post_type=product&#038;p=3876"},"modified":"2026-04-08T07:52:15","modified_gmt":"2026-04-08T05:52:15","slug":"lawka-nicea-17m","status":"publish","type":"product","link":"https:\/\/www.siestagarden.com\/hu\/termek\/lawka-nicea-17m\/","title":{"rendered":"Drewniana \u0142awka ogrodowa Nicea 1,7m z oparciem i pod\u0142okietnikami"},"content":{"rendered":"<p data-start=\"210\" data-end=\"272\">Kerti fa pad h\u00e1tt\u00e1ml\u00e1val \u00e9s karf\u00e1kkal \u2013 1,7 m<\/p>\n<p data-start=\"274\" data-end=\"655\">A t\u00f6m\u00f6r skandin\u00e1v feny\u0151f\u00e1b\u00f3l k\u00e9sz\u00fclt, massz\u00edv, klasszikus fa pad univerz\u00e1lis megold\u00e1s b\u00e1rmilyen helyre \u2013 a kertb\u0151l \u00e9s teraszr\u00f3l, az erk\u00e9lyen \u00e1t, eg\u00e9szen a k\u00f6zter\u00fcletekig, \u00e9ttermekig vagy hotelekig. A meleg, barna sz\u00edn\u0171 term\u00e9szetes fa id\u0151tlen jelleget k\u00f6lcs\u00f6n\u00f6z a padnak, amely t\u00f6k\u00e9letesen illeszkedik mind a kerti z\u00f6ldekhez, mind a modern \u00e9p\u00edt\u00e9szethez.<\/p>\n<p data-start=\"657\" data-end=\"1009\">A pad kialak\u00edt\u00e1s\u00e1t a mindennapi haszn\u00e1lat k\u00e9nyelm\u00e9nek szem el\u0151tt tart\u00e1s\u00e1val tervezt\u00e9k. A profilos h\u00e1tt\u00e1mla \u00e9s a praktikus kart\u00e1ml\u00e1k hosszabb \u00fcl\u00e9s k\u00f6zben is k\u00e9nyelmet biztos\u00edtanak, a sz\u00e9les \u00fcl\u0151fel\u00fclet pedig lehet\u0151v\u00e9 teszi, hogy egyszerre t\u00f6bb ember is k\u00e9nyelmesen elf\u00e9rjen. A 167 cm-es hossz\u00fas\u00e1g ide\u00e1liss\u00e1 teszi a padot a pihen\u0151sarok k\u00f6zponti elemek\u00e9nt.<\/p>\n<p data-start=\"1011\" data-end=\"1376\">A gy\u00e1rt\u00e1shoz skandin\u00e1v feny\u0151 t\u00f6m\u00f6rf\u00e1t haszn\u00e1ltak, amelyet tart\u00f3ss\u00e1g\u00e1\u00e9rt, stabilit\u00e1s\u00e1\u00e9rt \u00e9s a k\u00fcls\u0151 k\u00f6r\u00fclm\u00e9nyekkel szembeni ellen\u00e1ll\u00f3s\u00e1g\u00e1\u00e9rt \u00e9rt\u00e9kelnek. A fa j\u00f3l l\u00e1that\u00f3 szerkezete \u00e9s term\u00e9szetes erezete kiemeli a term\u00e9k autentikus jelleg\u00e9t, \u00e9s minden egyes pad kiss\u00e9 egyedi megjelen\u00e9st k\u00f6lcs\u00f6n\u00f6z. A barna fel\u00fcletkezel\u00e9s nemcsak v\u00e9di a f\u00e1t, hanem eleg\u00e1ns, meleg \u00e1rnyalatot is k\u00f6lcs\u00f6n\u00f6z neki.<\/p>\n<p data-start=\"1378\" data-end=\"1680\">A pad egy csomagban \u00e9rkezik, ami megk\u00f6nny\u00edti a sz\u00e1ll\u00edt\u00e1st \u00e9s a t\u00e1rol\u00e1st. Az \u00f6sszeszerel\u00e9s egyszer\u0171 \u00e9s intuit\u00edv \u2013 az eg\u00e9sz k\u00f6r\u00fclbel\u00fcl 30 perc alatt \u00f6ssze\u00e1ll\u00edthat\u00f3, speci\u00e1lis szersz\u00e1mok n\u00e9lk\u00fcl. Ide\u00e1lis megold\u00e1s azok sz\u00e1m\u00e1ra, akik \u00e9rt\u00e9kelik a b\u00fator gyors \u00e9s probl\u00e9mamentes haszn\u00e1latra val\u00f3 el\u0151k\u00e9sz\u00edt\u00e9s\u00e9t.<\/p>\n<p data-start=\"1682\" data-end=\"1767\">Pad m\u00e9retei:<br \/>\n\u2013 hossza: 167 cm<br data-start=\"1714\" data-end=\"1717\" \/>\u2013 m\u00e9lys\u00e9g: 63 cm<br data-start=\"1735\" data-end=\"1738\" \/>\u2013 teljes magass\u00e1g: 93 cm<\/p>\n<p data-start=\"1769\" data-end=\"2074\">Legfontosabb el\u0151nyei:<br \/>\n\u2013 t\u00f6m\u00f6r skandin\u00e1v feny\u0151b\u0151l k\u00e9sz\u00fclt<br data-start=\"1831\" data-end=\"1834\" \/>\u2013 massz\u00edv \u00e9s stabil szerkezet<br data-start=\"1866\" data-end=\"1869\" \/>\u2013 k\u00e9nyelmes h\u00e1tt\u00e1mla \u00e9s karf\u00e1k<br data-start=\"1902\" data-end=\"1905\" \/>\u2013 univerz\u00e1lis felhaszn\u00e1l\u00e1s: kert, terasz, erk\u00e9ly, nyilv\u00e1nos terek<br data-start=\"1977\" data-end=\"1980\" \/>\u2013 klasszikus diz\u00e1jn, amely illeszkedik a k\u00fcl\u00f6nf\u00e9le elrendez\u00e9sekhez<br data-start=\"2028\" data-end=\"2031\" \/>\u2013 gyors \u00f6sszeszerel\u00e9s \u00e9s sz\u00e1ll\u00edt\u00e1s egy csomagban<\/p>","protected":false},"excerpt":{"rendered":"<p>\u0141awka drewniana ogrodowa z oparciem i pod\u0142okietnikami \u2013 1,7m Solidna, klasyczna \u0142awka drewniana wykonana z litej sosny skandynawskiej to uniwersalne rozwi\u0105zanie do ka\u017cdej przestrzeni \u2013 od ogrodu i tarasu, przez balkon, a\u017c po przestrzenie publiczne, restauracje czy hotele. Naturalne drewno w ciep\u0142ym, br\u0105zowym kolorze nadaje \u0142awce ponadczasowy charakter, kt\u00f3ry doskonale komponuje si\u0119 zar\u00f3wno z zieleni\u0105 [&hellip;]<\/p>\n","protected":false},"featured_media":4384,"template":"","meta":{"_acf_changed":false},"product_brand":[],"product_cat":[67],"product_tag":[],"class_list":{"0":"post-3876","1":"product","2":"type-product","3":"status-publish","4":"has-post-thumbnail","6":"product_cat-sofy-i-lawki","8":"first","9":"instock","10":"taxable","11":"shipping-taxable","12":"purchasable","13":"product-type-simple","14":"add-to-wishlist-after_add_to_cart"},"acf":[],"yoast_head":"<!-- This site is optimized with the Yoast SEO plugin v26.6 - https:\/\/yoast.com\/wordpress\/plugins\/seo\/ -->\n<title>Drewniana \u0142awka ogrodowa Nicea 1,7m z oparciem i pod\u0142okietnikami - Siesta Garden<\/title>\n<meta name=\"robots\" content=\"index, follow, max-snippet:-1, max-image-preview:large, max-video-preview:-1\" \/>\n<link rel=\"canonical\" href=\"https:\/\/www.siestagarden.com\/hu\/termek\/lawka-nicea-17m\/\" \/>\n<meta property=\"og:locale\" content=\"hu_HU\" \/>\n<meta property=\"og:type\" content=\"article\" \/>\n<meta property=\"og:title\" content=\"Drewniana \u0142awka ogrodowa Nicea 1,7m z oparciem i pod\u0142okietnikami - Siesta Garden\" \/>\n<meta property=\"og:description\" content=\"\u0141awka drewniana ogrodowa z oparciem i pod\u0142okietnikami \u2013 1,7m Solidna, klasyczna \u0142awka drewniana wykonana z litej sosny skandynawskiej to uniwersalne rozwi\u0105zanie do ka\u017cdej przestrzeni \u2013 od ogrodu i tarasu, przez balkon, a\u017c po przestrzenie publiczne, restauracje czy hotele. Naturalne drewno w ciep\u0142ym, br\u0105zowym kolorze nadaje \u0142awce ponadczasowy charakter, kt\u00f3ry doskonale komponuje si\u0119 zar\u00f3wno z zieleni\u0105 [&hellip;]\" \/>\n<meta property=\"og:url\" content=\"https:\/\/www.siestagarden.com\/hu\/termek\/lawka-nicea-17m\/\" \/>\n<meta property=\"og:site_name\" content=\"Siesta Garden\" \/>\n<meta property=\"article:modified_time\" content=\"2026-04-08T05:52:15+00:00\" \/>\n<meta property=\"og:image\" content=\"https:\/\/www.siestagarden.com\/wp-content\/uploads\/2026\/02\/Nicea-Bench-3-e1773747035671-1024x820.png\" \/>\n\t<meta property=\"og:image:width\" content=\"1024\" \/>\n\t<meta property=\"og:image:height\" content=\"820\" \/>\n\t<meta property=\"og:image:type\" content=\"image\/png\" \/>\n<meta name=\"twitter:card\" content=\"summary_large_image\" \/>\n<meta name=\"twitter:label1\" content=\"Becs\u00fclt olvas\u00e1si id\u0151\" \/>\n\t<meta name=\"twitter:data1\" content=\"2 perc\" \/>\n<script type=\"application\/ld+json\" class=\"yoast-schema-graph\">{\"@context\":\"https:\/\/schema.org\",\"@graph\":[{\"@type\":\"WebPage\",\"@id\":\"https:\/\/www.siestagarden.com\/produkt\/lawka-nicea-17m\/\",\"url\":\"https:\/\/www.siestagarden.com\/produkt\/lawka-nicea-17m\/\",\"name\":\"Drewniana \u0142awka ogrodowa Nicea 1,7m z oparciem i pod\u0142okietnikami - Siesta Garden\",\"isPartOf\":{\"@id\":\"https:\/\/www.siestagarden.com\/#website\"},\"primaryImageOfPage\":{\"@id\":\"https:\/\/www.siestagarden.com\/produkt\/lawka-nicea-17m\/#primaryimage\"},\"image\":{\"@id\":\"https:\/\/www.siestagarden.com\/produkt\/lawka-nicea-17m\/#primaryimage\"},\"thumbnailUrl\":\"https:\/\/www.siestagarden.com\/wp-content\/uploads\/2026\/02\/Nicea-Bench-3-e1773747035671.png\",\"datePublished\":\"2026-02-04T06:56:34+00:00\",\"dateModified\":\"2026-04-08T05:52:15+00:00\",\"breadcrumb\":{\"@id\":\"https:\/\/www.siestagarden.com\/produkt\/lawka-nicea-17m\/#breadcrumb\"},\"inLanguage\":\"hu\",\"potentialAction\":[{\"@type\":\"ReadAction\",\"target\":[\"https:\/\/www.siestagarden.com\/produkt\/lawka-nicea-17m\/\"]}]},{\"@type\":\"ImageObject\",\"inLanguage\":\"hu\",\"@id\":\"https:\/\/www.siestagarden.com\/produkt\/lawka-nicea-17m\/#primaryimage\",\"url\":\"https:\/\/www.siestagarden.com\/wp-content\/uploads\/2026\/02\/Nicea-Bench-3-e1773747035671.png\",\"contentUrl\":\"https:\/\/www.siestagarden.com\/wp-content\/uploads\/2026\/02\/Nicea-Bench-3-e1773747035671.png\",\"width\":2304,\"height\":1846},{\"@type\":\"BreadcrumbList\",\"@id\":\"https:\/\/www.siestagarden.com\/produkt\/lawka-nicea-17m\/#breadcrumb\",\"itemListElement\":[{\"@type\":\"ListItem\",\"position\":1,\"name\":\"Strona g\u0142\u00f3wna\",\"item\":\"https:\/\/www.siestagarden.com\/\"},{\"@type\":\"ListItem\",\"position\":2,\"name\":\"Sklep\",\"item\":\"https:\/\/www.siestagarden.com\/sklep\/\"},{\"@type\":\"ListItem\",\"position\":3,\"name\":\"Drewniana \u0142awka ogrodowa Nicea 1,7m z oparciem i pod\u0142okietnikami\"}]},{\"@type\":\"WebSite\",\"@id\":\"https:\/\/www.siestagarden.com\/#website\",\"url\":\"https:\/\/www.siestagarden.com\/\",\"name\":\"Siesta Garden\",\"description\":\"Meble do Twojego ogrodu. Polski producent drewnianych mebli najwy\u017cszej jako\u015bci.\",\"potentialAction\":[{\"@type\":\"SearchAction\",\"target\":{\"@type\":\"EntryPoint\",\"urlTemplate\":\"https:\/\/www.siestagarden.com\/?s={search_term_string}\"},\"query-input\":{\"@type\":\"PropertyValueSpecification\",\"valueRequired\":true,\"valueName\":\"search_term_string\"}}],\"inLanguage\":\"hu\"}]}<\/script>\n<!-- \/ Yoast SEO plugin. -->","yoast_head_json":{"title":"Drewniana \u0142awka ogrodowa Nicea 1,7m z oparciem i pod\u0142okietnikami - Siesta Garden","robots":{"index":"index","follow":"follow","max-snippet":"max-snippet:-1","max-image-preview":"max-image-preview:large","max-video-preview":"max-video-preview:-1"},"canonical":"https:\/\/www.siestagarden.com\/hu\/termek\/lawka-nicea-17m\/","og_locale":"hu_HU","og_type":"article","og_title":"Drewniana \u0142awka ogrodowa Nicea 1,7m z oparciem i pod\u0142okietnikami - Siesta Garden","og_description":"\u0141awka drewniana ogrodowa z oparciem i pod\u0142okietnikami \u2013 1,7m Solidna, klasyczna \u0142awka drewniana wykonana z litej sosny skandynawskiej to uniwersalne rozwi\u0105zanie do ka\u017cdej przestrzeni \u2013 od ogrodu i tarasu, przez balkon, a\u017c po przestrzenie publiczne, restauracje czy hotele. Naturalne drewno w ciep\u0142ym, br\u0105zowym kolorze nadaje \u0142awce ponadczasowy charakter, kt\u00f3ry doskonale komponuje si\u0119 zar\u00f3wno z zieleni\u0105 [&hellip;]","og_url":"https:\/\/www.siestagarden.com\/hu\/termek\/lawka-nicea-17m\/","og_site_name":"Siesta Garden","article_modified_time":"2026-04-08T05:52:15+00:00","og_image":[{"width":1024,"height":820,"url":"https:\/\/www.siestagarden.com\/wp-content\/uploads\/2026\/02\/Nicea-Bench-3-e1773747035671-1024x820.png","type":"image\/png"}],"twitter_card":"summary_large_image","twitter_misc":{"Becs\u00fclt olvas\u00e1si id\u0151":"2 perc"},"schema":{"@context":"https:\/\/schema.org","@graph":[{"@type":"WebPage","@id":"https:\/\/www.siestagarden.com\/produkt\/lawka-nicea-17m\/","url":"https:\/\/www.siestagarden.com\/produkt\/lawka-nicea-17m\/","name":"Drewniana \u0142awka ogrodowa Nicea 1,7m z oparciem i pod\u0142okietnikami - Siesta Garden","isPartOf":{"@id":"https:\/\/www.siestagarden.com\/#website"},"primaryImageOfPage":{"@id":"https:\/\/www.siestagarden.com\/produkt\/lawka-nicea-17m\/#primaryimage"},"image":{"@id":"https:\/\/www.siestagarden.com\/produkt\/lawka-nicea-17m\/#primaryimage"},"thumbnailUrl":"https:\/\/www.siestagarden.com\/wp-content\/uploads\/2026\/02\/Nicea-Bench-3-e1773747035671.png","datePublished":"2026-02-04T06:56:34+00:00","dateModified":"2026-04-08T05:52:15+00:00","breadcrumb":{"@id":"https:\/\/www.siestagarden.com\/produkt\/lawka-nicea-17m\/#breadcrumb"},"inLanguage":"hu","potentialAction":[{"@type":"ReadAction","target":["https:\/\/www.siestagarden.com\/produkt\/lawka-nicea-17m\/"]}]},{"@type":"ImageObject","inLanguage":"hu","@id":"https:\/\/www.siestagarden.com\/produkt\/lawka-nicea-17m\/#primaryimage","url":"https:\/\/www.siestagarden.com\/wp-content\/uploads\/2026\/02\/Nicea-Bench-3-e1773747035671.png","contentUrl":"https:\/\/www.siestagarden.com\/wp-content\/uploads\/2026\/02\/Nicea-Bench-3-e1773747035671.png","width":2304,"height":1846},{"@type":"BreadcrumbList","@id":"https:\/\/www.siestagarden.com\/produkt\/lawka-nicea-17m\/#breadcrumb","itemListElement":[{"@type":"ListItem","position":1,"name":"Strona g\u0142\u00f3wna","item":"https:\/\/www.siestagarden.com\/"},{"@type":"ListItem","position":2,"name":"Sklep","item":"https:\/\/www.siestagarden.com\/sklep\/"},{"@type":"ListItem","position":3,"name":"Drewniana \u0142awka ogrodowa Nicea 1,7m z oparciem i pod\u0142okietnikami"}]},{"@type":"WebSite","@id":"https:\/\/www.siestagarden.com\/#website","url":"https:\/\/www.siestagarden.com\/","name":"Siesta Garden","description":"Kerti b\u00fatorok. Magas min\u0151s\u00e9g\u0171 fa kerti b\u00fatorok lengyel gy\u00e1rt\u00f3ja.","potentialAction":[{"@type":"SearchAction","target":{"@type":"EntryPoint","urlTemplate":"https:\/\/www.siestagarden.com\/?s={search_term_string}"},"query-input":{"@type":"PropertyValueSpecification","valueRequired":true,"valueName":"search_term_string"}}],"inLanguage":"hu"}]}},"_links":{"self":[{"href":"https:\/\/www.siestagarden.com\/hu\/wp-json\/wp\/v2\/product\/3876","targetHints":{"allow":["GET"]}}],"collection":[{"href":"https:\/\/www.siestagarden.com\/hu\/wp-json\/wp\/v2\/product"}],"about":[{"href":"https:\/\/www.siestagarden.com\/hu\/wp-json\/wp\/v2\/types\/product"}],"wp:featuredmedia":[{"embeddable":true,"href":"https:\/\/www.siestagarden.com\/hu\/wp-json\/wp\/v2\/media\/4384"}],"wp:attachment":[{"href":"https:\/\/www.siestagarden.com\/hu\/wp-json\/wp\/v2\/media?parent=3876"}],"wp:term":[{"taxonomy":"product_brand","embeddable":true,"href":"https:\/\/www.siestagarden.com\/hu\/wp-json\/wp\/v2\/product_brand?post=3876"},{"taxonomy":"product_cat","embeddable":true,"href":"https:\/\/www.siestagarden.com\/hu\/wp-json\/wp\/v2\/product_cat?post=3876"},{"taxonomy":"product_tag","embeddable":true,"href":"https:\/\/www.siestagarden.com\/hu\/wp-json\/wp\/v2\/product_tag?post=3876"}],"curies":[{"name":"wp","href":"https:\/\/api.w.org\/{rel}","templated":true}]}}