{"id":5068,"date":"2026-05-12T09:43:54","date_gmt":"2026-05-12T07:43:54","guid":{"rendered":"https:\/\/www.siestagarden.com\/?post_type=product&#038;p=5068"},"modified":"2026-05-12T09:51:01","modified_gmt":"2026-05-12T07:51:01","slug":"oslona-na-kosze-na-smieci-pojedyncza-120l-240l-naturalna-sosna","status":"publish","type":"product","link":"https:\/\/www.siestagarden.com\/hu\/termek\/oslona-na-kosze-na-smieci-pojedyncza-120l-240l-naturalna-sosna\/","title":{"rendered":"Os\u0142ona na kosze na \u015bmieci | pojedyncza | 120L 240L | naturalna sosna"},"content":{"rendered":"<div class=\"mpof_ki myre_zn myre_8v_l m389_6m_l\">\n<div class=\"mp4t_16_s mryx_16_s mr3m_1 mli2_1 mh85_56 mh85_0_l\">\n<div class=\"mgn2_16 _0d3bd_am0a-\">\n<p><b>Drewniana os\u0142ona na kosze na \u015bmieci 240L \u2013 zabudowa na \u015bmietnik z drewna sosnowego FSC\u00ae<\/b><\/p>\n<p>Eleg\u00e1ns \u00e9s tart\u00f3s megold\u00e1st keres, amellyel elrejtheti a h\u00e1rom hullad\u00e9kgy\u0171jt\u0151t? Ez a FSC\u00ae tan\u00fas\u00edtott feny\u0151f\u00e1b\u00f3l k\u00e9sz\u00fclt fa takar\u00f3 a funkcionalit\u00e1s, a st\u00edlus \u00e9s a k\u00f6rnyezettudatoss\u00e1g \u00f6tv\u00f6zete.<\/p>\n<p>Ide\u00e1lis mint:<\/p>\n<ul>\n<li>zabudowa na \u015bmietnik 120 lub 240L<\/li>\n<li>skrzynia na dwa kub\u0142y na \u015bmieci<\/li>\n<li>kommun\u00e1lis hullad\u00e9kgy\u0171jt\u0151 ed\u00e9nyek fedele<\/li>\n<\/ul>\n<\/div>\n<\/div>\n<\/div>\n<div class=\"mpof_ki myre_zn myre_8v_l m389_6m_l\">\n<div class=\"mp4t_16_s mryx_16_s mr3m_1 mli2_1 mh85_56 mh85_0_l\">\n<div class=\"mgn2_16 _0d3bd_am0a-\">\n<p>Fed\u00e9l kuk\u00e1knak h\u00e1rmas 120L 240L t\u00f6m\u00f6r feny\u0151fa h\u00e1z fed\u00e9l<\/p>\n<p>A term\u00e9k legfontosabb jellemz\u0151i:<\/p>\n<ul>\n<li>Wymiary ca\u0142kowite: 145x86x132<\/li>\n<li>Na jeden pojemnik 120 lub 240L<\/li>\n<li>Anyag: tart\u00f3s, fenntarthat\u00f3 forr\u00e1sb\u00f3l sz\u00e1rmaz\u00f3 FSC\u00ae-min\u0151s\u00edt\u00e9s\u0171 feny\u0151fa<\/li>\n<li>Kolor: zielony \u2013 ekologiczny impregnat wodny<\/li>\n<li>K\u00fcl\u00f6n nyithat\u00f3 fedelek<\/li>\n<li>Kont\u00e9nertart\u00f3 zsan\u00e9r emel\u0151 l\u00e1ncok<\/li>\n<li>Els\u0151 ajt\u00f3 reteszekkel \u2013 k\u00f6nny\u0171 hozz\u00e1f\u00e9r\u00e9s \u00e9s tiszt\u00edt\u00e1s<\/li>\n<\/ul>\n<\/div>\n<\/div>\n<div class=\"mp4t_16_s mryx_16_s mr3m_1 mli2_1 mh85_56 mh85_0_l\">\n<div class=\"mg9e_8 mj7a_8 mg9e_0_s mvrt_0_s mj7a_0_s mh36_0_s mzmg_6m munh_16_l m3h2_16_l\">\n<div class=\"mp4t_0 mryx_0 munh_56 m3h2_56\">\n<div class=\"mp7g_oh\"><\/div>\n<\/div>\n<\/div>\n<\/div>\n<\/div>\n<div class=\"mp4t_16_s mryx_16_s mr3m_1 mli2_1 mh85_56 mh85_0_l\">\n<div class=\"mg9e_8 mj7a_8 mg9e_0_s mvrt_0_s mj7a_0_s mh36_0_s mzmg_6m munh_16_l m3h2_16_l\">\n<div class=\"mp4t_0 mryx_0 munh_56 m3h2_56\">\n<div class=\"mp7g_oh\"><\/div>\n<\/div>\n<\/div>\n<\/div>\n<div class=\"mpof_ki myre_zn myre_8v_l m389_6m_l\">\n<div class=\"mp4t_16_s mryx_16_s mr3m_1 mli2_1 mh85_56 mh85_0_l\">\n<div class=\"mgn2_16 _0d3bd_am0a-\">\n<p>A kos\u00e1rtakar\u00f3 el\u0151nyei:<\/p>\n<ul>\n<li>Eszt\u00e9tikus megjelen\u00e9s a h\u00e1z k\u00f6r\u00fcli t\u00e9rben<\/li>\n<li>Term\u00e9szetes, tart\u00f3s alapanyag<\/li>\n<li>Nedvess\u00e9g- \u00e9s UV-sug\u00e1rz\u00e1s-\u00e1ll\u00f3s\u00e1g impregn\u00e1l\u00e1ssal<\/li>\n<li>Kompatybilno\u015b\u0107 z koszami 240L<\/li>\n<li>K\u00e9nyelmes hozz\u00e1f\u00e9r\u00e9s az ajt\u00f3kon \u00e9s fedeleken kereszt\u00fcl<\/li>\n<li>\u00d6kologikus v\u00e1laszt\u00e1s \u2013 FSC\u00ae fa<\/li>\n<\/ul>\n<\/div>\n<\/div>\n<\/div>\n<div class=\"mpof_ki myre_zn myre_8v_l m389_6m_l\">\n<div class=\"mp4t_16_s mryx_16_s mr3m_1 mli2_1 mh85_56 mh85_0_l\">\n<div class=\"mgn2_16 _0d3bd_am0a-\">\n<p>Alkalmaz\u00e1s<\/p>\n<ul>\n<li>A h\u00e1z el\u0151tt \u2013 eleg\u00e1ns \u00e9s funkcion\u00e1lis szem\u00e9tt\u00e1rol\u00f3-\u00e9p\u00edtm\u00e9ny<\/li>\n<li>Telken, kertben, nyaral\u00f3k mellett<\/li>\n<li>Sz\u00e1llod\u00e1k, panzi\u00f3k, \u00e9ttermek, kiad\u00f3 apartmanok r\u00e9sz\u00e9re<\/li>\n<\/ul>\n<p>Mi\u00e9rt \u00e9ri meg az FSC\u00ae fa?<\/p>\n<p>Az FSC\u00ae (Forest Stewardship Council) tan\u00fas\u00edtv\u00e1ny garant\u00e1lja, hogy a faanyag felel\u0151sen kezelt erd\u0151kb\u0151l sz\u00e1rmazik, ahol:<\/p>\n<ul>\n<li>V\u00e9dj\u00fck meg a k\u00f6rnyezetet<\/li>\n<li>Tiszteletben tartja a munkav\u00e1llal\u00f3k \u00e9s a helyi k\u00f6z\u00f6ss\u00e9gek jogait<\/li>\n<li>Az erd\u0151gazd\u00e1lkod\u00e1s fenntarthat\u00f3 m\u00f3don t\u00f6rt\u00e9nik<\/li>\n<\/ul>\n<p>Az FSC\u00ae tan\u00fas\u00edtv\u00e1nnyal rendelkez\u0151 term\u00e9kek v\u00e1s\u00e1rl\u00e1s\u00e1val a tudatos erd\u0151gazd\u00e1lkod\u00e1st \u00e9s bolyg\u00f3nk meg\u00f3v\u00e1s\u00e1t t\u00e1mogatja \u2013 kompromisszumok n\u00e9lk\u00fcli min\u0151s\u00e9gben.<\/p>\n<\/div>\n<\/div>\n<div class=\"mp4t_16_s mryx_16_s mr3m_1 mli2_1 mh85_56 mh85_0_l\">\n<div class=\"mg9e_8 mj7a_8 mg9e_0_s mvrt_0_s mj7a_0_s mh36_0_s mzmg_6m munh_16_l m3h2_16_l\">\n<div class=\"mp4t_0 mryx_0 munh_56 m3h2_56\">\n<div class=\"mp7g_oh\"><\/div>\n<\/div>\n<\/div>\n<\/div>\n<\/div>\n<div class=\"mpof_ki myre_zn myre_8v_l m389_6m_l\">\n<div class=\"mp4t_16_s mryx_16_s mr3m_1 mli2_1 mh85_56 mh85_0_l\">\n<div class=\"mgn2_16 _0d3bd_am0a-\">\n<ul>\n<li>A term\u00e9ket \u00f6sszeszerel\u0151 k\u00e9szletk\u00e9nt sz\u00e1ll\u00edtjuk<\/li>\n<li>Tartalmazza: haszn\u00e1lati \u00fatmutat\u00f3, zsan\u00e9rok, csavarok, l\u00e1ncok<\/li>\n<li>Gondosan becsomagolva \u00e9s orsz\u00e1gosan fut\u00e1rral sz\u00e1ll\u00edtva<\/li>\n<\/ul>\n<p><b>Gondoskodjon ingatlan\u00e1nak rendj\u00e9r\u0151l \u00e9s eszt\u00e9tik\u00e1j\u00e1r\u00f3l \u2013 tart\u00f3s, praktikus \u00e9s k\u00f6rnyezetbar\u00e1t m\u00f3don.<\/b><\/p>\n<\/div>\n<\/div>\n<\/div>","protected":false},"excerpt":{"rendered":"<p>Drewniana os\u0142ona na kosze na \u015bmieci 240L \u2013 zabudowa na \u015bmietnik z drewna sosnowego FSC\u00ae Szukasz estetycznego i trwa\u0142ego rozwi\u0105zania, kt\u00f3re pozwoli ukry\u0107 trzy kosze na odpady? Ta drewniana os\u0142ona wykonana z certyfikowanego drewna sosnowego FSC\u00ae to po\u0142\u0105czenie funkcjonalno\u015bci, stylu i troski o \u015brodowisko. Idealna jako: zabudowa na \u015bmietnik 120 lub 240L skrzynia na dwa [&hellip;]<\/p>\n","protected":false},"featured_media":3285,"template":"","meta":{"_acf_changed":false},"product_brand":[],"product_cat":[16],"product_tag":[],"class_list":{"0":"post-5068","1":"product","2":"type-product","3":"status-publish","4":"has-post-thumbnail","6":"product_cat-bez-kategorii","8":"first","9":"instock","10":"taxable","11":"shipping-taxable","12":"purchasable","13":"product-type-simple","14":"add-to-wishlist-after_add_to_cart"},"acf":[],"yoast_head":"<!-- This site is optimized with the Yoast SEO plugin v26.6 - https:\/\/yoast.com\/wordpress\/plugins\/seo\/ -->\n<title>Os\u0142ona na kosze na \u015bmieci | pojedyncza | 120L 240L | naturalna sosna - Siesta Garden<\/title>\n<meta name=\"robots\" content=\"index, follow, max-snippet:-1, max-image-preview:large, max-video-preview:-1\" \/>\n<link rel=\"canonical\" href=\"https:\/\/www.siestagarden.com\/hu\/termek\/oslona-na-kosze-na-smieci-pojedyncza-120l-240l-naturalna-sosna\/\" \/>\n<meta property=\"og:locale\" content=\"hu_HU\" \/>\n<meta property=\"og:type\" content=\"article\" \/>\n<meta property=\"og:title\" content=\"Os\u0142ona na kosze na \u015bmieci | pojedyncza | 120L 240L | naturalna sosna - Siesta Garden\" \/>\n<meta property=\"og:description\" content=\"Drewniana os\u0142ona na kosze na \u015bmieci 240L \u2013 zabudowa na \u015bmietnik z drewna sosnowego FSC\u00ae Szukasz estetycznego i trwa\u0142ego rozwi\u0105zania, kt\u00f3re pozwoli ukry\u0107 trzy kosze na odpady? Ta drewniana os\u0142ona wykonana z certyfikowanego drewna sosnowego FSC\u00ae to po\u0142\u0105czenie funkcjonalno\u015bci, stylu i troski o \u015brodowisko. Idealna jako: zabudowa na \u015bmietnik 120 lub 240L skrzynia na dwa [&hellip;]\" \/>\n<meta property=\"og:url\" content=\"https:\/\/www.siestagarden.com\/hu\/termek\/oslona-na-kosze-na-smieci-pojedyncza-120l-240l-naturalna-sosna\/\" \/>\n<meta property=\"og:site_name\" content=\"Siesta Garden\" \/>\n<meta property=\"article:modified_time\" content=\"2026-05-12T07:51:01+00:00\" \/>\n<meta property=\"og:image\" content=\"https:\/\/www.siestagarden.com\/wp-content\/uploads\/2025\/08\/IMG_0642_CMYK_300dpi.jpg\" \/>\n\t<meta property=\"og:image:width\" content=\"585\" \/>\n\t<meta property=\"og:image:height\" content=\"800\" \/>\n\t<meta property=\"og:image:type\" content=\"image\/jpeg\" \/>\n<meta name=\"twitter:card\" content=\"summary_large_image\" \/>\n<meta name=\"twitter:label1\" content=\"Becs\u00fclt olvas\u00e1si id\u0151\" \/>\n\t<meta name=\"twitter:data1\" content=\"2 perc\" \/>\n<script type=\"application\/ld+json\" class=\"yoast-schema-graph\">{\"@context\":\"https:\/\/schema.org\",\"@graph\":[{\"@type\":\"WebPage\",\"@id\":\"https:\/\/www.siestagarden.com\/produkt\/oslona-na-kosze-na-smieci-pojedyncza-120l-240l-naturalna-sosna\/\",\"url\":\"https:\/\/www.siestagarden.com\/produkt\/oslona-na-kosze-na-smieci-pojedyncza-120l-240l-naturalna-sosna\/\",\"name\":\"Os\u0142ona na kosze na \u015bmieci | pojedyncza | 120L 240L | naturalna sosna - Siesta Garden\",\"isPartOf\":{\"@id\":\"https:\/\/www.siestagarden.com\/#website\"},\"primaryImageOfPage\":{\"@id\":\"https:\/\/www.siestagarden.com\/produkt\/oslona-na-kosze-na-smieci-pojedyncza-120l-240l-naturalna-sosna\/#primaryimage\"},\"image\":{\"@id\":\"https:\/\/www.siestagarden.com\/produkt\/oslona-na-kosze-na-smieci-pojedyncza-120l-240l-naturalna-sosna\/#primaryimage\"},\"thumbnailUrl\":\"https:\/\/www.siestagarden.com\/wp-content\/uploads\/2025\/08\/IMG_0642_CMYK_300dpi.jpg\",\"datePublished\":\"2026-05-12T07:43:54+00:00\",\"dateModified\":\"2026-05-12T07:51:01+00:00\",\"breadcrumb\":{\"@id\":\"https:\/\/www.siestagarden.com\/produkt\/oslona-na-kosze-na-smieci-pojedyncza-120l-240l-naturalna-sosna\/#breadcrumb\"},\"inLanguage\":\"hu\",\"potentialAction\":[{\"@type\":\"ReadAction\",\"target\":[\"https:\/\/www.siestagarden.com\/produkt\/oslona-na-kosze-na-smieci-pojedyncza-120l-240l-naturalna-sosna\/\"]}]},{\"@type\":\"ImageObject\",\"inLanguage\":\"hu\",\"@id\":\"https:\/\/www.siestagarden.com\/produkt\/oslona-na-kosze-na-smieci-pojedyncza-120l-240l-naturalna-sosna\/#primaryimage\",\"url\":\"https:\/\/www.siestagarden.com\/wp-content\/uploads\/2025\/08\/IMG_0642_CMYK_300dpi.jpg\",\"contentUrl\":\"https:\/\/www.siestagarden.com\/wp-content\/uploads\/2025\/08\/IMG_0642_CMYK_300dpi.jpg\",\"width\":585,\"height\":800},{\"@type\":\"BreadcrumbList\",\"@id\":\"https:\/\/www.siestagarden.com\/produkt\/oslona-na-kosze-na-smieci-pojedyncza-120l-240l-naturalna-sosna\/#breadcrumb\",\"itemListElement\":[{\"@type\":\"ListItem\",\"position\":1,\"name\":\"Strona g\u0142\u00f3wna\",\"item\":\"https:\/\/www.siestagarden.com\/\"},{\"@type\":\"ListItem\",\"position\":2,\"name\":\"Sklep\",\"item\":\"https:\/\/www.siestagarden.com\/sklep\/\"},{\"@type\":\"ListItem\",\"position\":3,\"name\":\"Os\u0142ona na kosze na \u015bmieci | pojedyncza | 120L 240L | naturalna sosna\"}]},{\"@type\":\"WebSite\",\"@id\":\"https:\/\/www.siestagarden.com\/#website\",\"url\":\"https:\/\/www.siestagarden.com\/\",\"name\":\"Siesta Garden\",\"description\":\"Meble do Twojego ogrodu. Polski producent drewnianych mebli najwy\u017cszej jako\u015bci.\",\"potentialAction\":[{\"@type\":\"SearchAction\",\"target\":{\"@type\":\"EntryPoint\",\"urlTemplate\":\"https:\/\/www.siestagarden.com\/?s={search_term_string}\"},\"query-input\":{\"@type\":\"PropertyValueSpecification\",\"valueRequired\":true,\"valueName\":\"search_term_string\"}}],\"inLanguage\":\"hu\"}]}<\/script>\n<!-- \/ Yoast SEO plugin. -->","yoast_head_json":{"title":"Os\u0142ona na kosze na \u015bmieci | pojedyncza | 120L 240L | naturalna sosna - Siesta Garden","robots":{"index":"index","follow":"follow","max-snippet":"max-snippet:-1","max-image-preview":"max-image-preview:large","max-video-preview":"max-video-preview:-1"},"canonical":"https:\/\/www.siestagarden.com\/hu\/termek\/oslona-na-kosze-na-smieci-pojedyncza-120l-240l-naturalna-sosna\/","og_locale":"hu_HU","og_type":"article","og_title":"Os\u0142ona na kosze na \u015bmieci | pojedyncza | 120L 240L | naturalna sosna - Siesta Garden","og_description":"Drewniana os\u0142ona na kosze na \u015bmieci 240L \u2013 zabudowa na \u015bmietnik z drewna sosnowego FSC\u00ae Szukasz estetycznego i trwa\u0142ego rozwi\u0105zania, kt\u00f3re pozwoli ukry\u0107 trzy kosze na odpady? Ta drewniana os\u0142ona wykonana z certyfikowanego drewna sosnowego FSC\u00ae to po\u0142\u0105czenie funkcjonalno\u015bci, stylu i troski o \u015brodowisko. Idealna jako: zabudowa na \u015bmietnik 120 lub 240L skrzynia na dwa [&hellip;]","og_url":"https:\/\/www.siestagarden.com\/hu\/termek\/oslona-na-kosze-na-smieci-pojedyncza-120l-240l-naturalna-sosna\/","og_site_name":"Siesta Garden","article_modified_time":"2026-05-12T07:51:01+00:00","og_image":[{"width":585,"height":800,"url":"https:\/\/www.siestagarden.com\/wp-content\/uploads\/2025\/08\/IMG_0642_CMYK_300dpi.jpg","type":"image\/jpeg"}],"twitter_card":"summary_large_image","twitter_misc":{"Becs\u00fclt olvas\u00e1si id\u0151":"2 perc"},"schema":{"@context":"https:\/\/schema.org","@graph":[{"@type":"WebPage","@id":"https:\/\/www.siestagarden.com\/produkt\/oslona-na-kosze-na-smieci-pojedyncza-120l-240l-naturalna-sosna\/","url":"https:\/\/www.siestagarden.com\/produkt\/oslona-na-kosze-na-smieci-pojedyncza-120l-240l-naturalna-sosna\/","name":"Os\u0142ona na kosze na \u015bmieci | pojedyncza | 120L 240L | naturalna sosna - Siesta Garden","isPartOf":{"@id":"https:\/\/www.siestagarden.com\/#website"},"primaryImageOfPage":{"@id":"https:\/\/www.siestagarden.com\/produkt\/oslona-na-kosze-na-smieci-pojedyncza-120l-240l-naturalna-sosna\/#primaryimage"},"image":{"@id":"https:\/\/www.siestagarden.com\/produkt\/oslona-na-kosze-na-smieci-pojedyncza-120l-240l-naturalna-sosna\/#primaryimage"},"thumbnailUrl":"https:\/\/www.siestagarden.com\/wp-content\/uploads\/2025\/08\/IMG_0642_CMYK_300dpi.jpg","datePublished":"2026-05-12T07:43:54+00:00","dateModified":"2026-05-12T07:51:01+00:00","breadcrumb":{"@id":"https:\/\/www.siestagarden.com\/produkt\/oslona-na-kosze-na-smieci-pojedyncza-120l-240l-naturalna-sosna\/#breadcrumb"},"inLanguage":"hu","potentialAction":[{"@type":"ReadAction","target":["https:\/\/www.siestagarden.com\/produkt\/oslona-na-kosze-na-smieci-pojedyncza-120l-240l-naturalna-sosna\/"]}]},{"@type":"ImageObject","inLanguage":"hu","@id":"https:\/\/www.siestagarden.com\/produkt\/oslona-na-kosze-na-smieci-pojedyncza-120l-240l-naturalna-sosna\/#primaryimage","url":"https:\/\/www.siestagarden.com\/wp-content\/uploads\/2025\/08\/IMG_0642_CMYK_300dpi.jpg","contentUrl":"https:\/\/www.siestagarden.com\/wp-content\/uploads\/2025\/08\/IMG_0642_CMYK_300dpi.jpg","width":585,"height":800},{"@type":"BreadcrumbList","@id":"https:\/\/www.siestagarden.com\/produkt\/oslona-na-kosze-na-smieci-pojedyncza-120l-240l-naturalna-sosna\/#breadcrumb","itemListElement":[{"@type":"ListItem","position":1,"name":"Strona g\u0142\u00f3wna","item":"https:\/\/www.siestagarden.com\/"},{"@type":"ListItem","position":2,"name":"Sklep","item":"https:\/\/www.siestagarden.com\/sklep\/"},{"@type":"ListItem","position":3,"name":"Os\u0142ona na kosze na \u015bmieci | pojedyncza | 120L 240L | naturalna sosna"}]},{"@type":"WebSite","@id":"https:\/\/www.siestagarden.com\/#website","url":"https:\/\/www.siestagarden.com\/","name":"Siesta Garden","description":"Kerti b\u00fatorok. Magas min\u0151s\u00e9g\u0171 fa kerti b\u00fatorok lengyel gy\u00e1rt\u00f3ja.","potentialAction":[{"@type":"SearchAction","target":{"@type":"EntryPoint","urlTemplate":"https:\/\/www.siestagarden.com\/?s={search_term_string}"},"query-input":{"@type":"PropertyValueSpecification","valueRequired":true,"valueName":"search_term_string"}}],"inLanguage":"hu"}]}},"_links":{"self":[{"href":"https:\/\/www.siestagarden.com\/hu\/wp-json\/wp\/v2\/product\/5068","targetHints":{"allow":["GET"]}}],"collection":[{"href":"https:\/\/www.siestagarden.com\/hu\/wp-json\/wp\/v2\/product"}],"about":[{"href":"https:\/\/www.siestagarden.com\/hu\/wp-json\/wp\/v2\/types\/product"}],"wp:featuredmedia":[{"embeddable":true,"href":"https:\/\/www.siestagarden.com\/hu\/wp-json\/wp\/v2\/media\/3285"}],"wp:attachment":[{"href":"https:\/\/www.siestagarden.com\/hu\/wp-json\/wp\/v2\/media?parent=5068"}],"wp:term":[{"taxonomy":"product_brand","embeddable":true,"href":"https:\/\/www.siestagarden.com\/hu\/wp-json\/wp\/v2\/product_brand?post=5068"},{"taxonomy":"product_cat","embeddable":true,"href":"https:\/\/www.siestagarden.com\/hu\/wp-json\/wp\/v2\/product_cat?post=5068"},{"taxonomy":"product_tag","embeddable":true,"href":"https:\/\/www.siestagarden.com\/hu\/wp-json\/wp\/v2\/product_tag?post=5068"}],"curies":[{"name":"wp","href":"https:\/\/api.w.org\/{rel}","templated":true}]}}